{"id":5410,"date":"2023-02-06T18:03:36","date_gmt":"2023-02-06T17:03:36","guid":{"rendered":"https:\/\/www.credimex.ch\/danke-fuer-die-kontaktaufnahme-uns\/"},"modified":"2023-07-25T11:38:41","modified_gmt":"2023-07-25T09:38:41","slug":"danke-fuer-die-kontaktaufnahme-uns","status":"publish","type":"page","link":"https:\/\/www.credimex.ch\/de\/danke-fuer-die-kontaktaufnahme-uns\/","title":{"rendered":"Vielen Dank, dass Sie uns kontaktiert haben!"},"content":{"rendered":"\t\t<div data-elementor-type=\"wp-page\" data-elementor-id=\"5410\" class=\"elementor elementor-5410 elementor-5399\" data-elementor-post-type=\"page\">\n\t\t\t\t\t\t<section class=\"elementor-section elementor-top-section elementor-element elementor-element-04648ee elementor-section-height-min-height elementor-section-boxed elementor-section-height-default elementor-section-items-middle\" data-id=\"04648ee\" data-element_type=\"section\" data-e-type=\"section\">\n\t\t\t\t\t\t<div class=\"elementor-container elementor-column-gap-default\">\n\t\t\t\t\t<div class=\"elementor-column elementor-col-100 elementor-top-column elementor-element elementor-element-09f2e17\" data-id=\"09f2e17\" data-element_type=\"column\" data-e-type=\"column\">\n\t\t\t<div class=\"elementor-widget-wrap elementor-element-populated\">\n\t\t\t\t\t\t<div class=\"elementor-element elementor-element-83ddbbe elementor-widget elementor-widget-text-editor\" data-id=\"83ddbbe\" data-element_type=\"widget\" data-e-type=\"widget\" data-widget_type=\"text-editor.default\">\n\t\t\t\t<div class=\"elementor-widget-container\">\n\t\t\t\t\t\t\t\t\t<p>Ein Mitglied des Teams wird sich innerhalb von 24-48 Stunden mit Ihnen in Verbindung setzen. Unsere B\u00fcrozeiten sind von Montag bis Freitag zwischen 8 und 17 Uhr. Wenn Sie uns au\u00dferhalb dieser Zeiten oder an Feiertagen kontaktieren, beachten Sie bitte, dass die Antwortzeit l\u00e4nger sein kann.<\/p>\n\t\t\t\t\t\t\t\t<\/div>\n\t\t\t\t<\/div>\n\t\t\t\t\t<\/div>\n\t\t<\/div>\n\t\t\t\t\t<\/div>\n\t\t<\/section>\n\t\t\t\t<\/div>\n\t\t","protected":false},"excerpt":{"rendered":"<p>Ein Mitglied des Teams wird sich innerhalb von 24-48 Stunden mit Ihnen in Verbindung setzen. Unsere B\u00fcrozeiten sind von Montag bis Freitag zwischen 8 und 17 Uhr. Wenn Sie uns ausserhalb dieser Zeiten oder an Feiertagen kontaktieren, beachten Sie bitte, dass die Antwortzeit l\u00e4nger sein kann.<\/p>\n","protected":false},"author":8,"featured_media":0,"parent":0,"menu_order":0,"comment_status":"closed","ping_status":"closed","template":"elementor_header_footer","meta":{"_acf_changed":false,"footnotes":""},"class_list":["post-5410","page","type-page","status-publish","hentry"],"acf":[],"_yoast_wpseo_focuskw":null,"_yoast_wpseo_metadesc":"Ein Mitglied des Teams wird sich innerhalb von 24-48 Stunden mit Ihnen in Verbindung setzen.","yoast_head":"<!-- This site is optimized with the Yoast SEO Premium plugin v21.6 (Yoast SEO v27.4) - https:\/\/yoast.com\/product\/yoast-seo-premium-wordpress\/ -->\n<title>Vielen Dank, dass Sie uns kontaktiert haben! - CREDIMEX<\/title>\n<meta name=\"description\" content=\"Ein Mitglied des Teams wird sich innerhalb von 24-48 Stunden mit Ihnen in Verbindung setzen.\" \/>\n<meta name=\"robots\" content=\"noindex, nofollow\" \/>\n<meta property=\"og:locale\" content=\"de_DE\" \/>\n<meta property=\"og:type\" content=\"article\" \/>\n<meta property=\"og:title\" content=\"Vielen Dank, dass Sie uns kontaktiert haben!\" \/>\n<meta property=\"og:description\" content=\"Ein Mitglied des Teams wird sich innerhalb von 24-48 Stunden mit Ihnen in Verbindung setzen.\" \/>\n<meta property=\"og:url\" content=\"https:\/\/www.credimex.ch\/de\/danke-fuer-die-kontaktaufnahme-uns\/\" \/>\n<meta property=\"og:site_name\" content=\"CREDIMEX\" \/>\n<meta property=\"article:publisher\" content=\"https:\/\/www.facebook.com\/credimex.alpnach\/\" \/>\n<meta property=\"article:modified_time\" content=\"2023-07-25T09:38:41+00:00\" \/>\n<meta property=\"og:image\" content=\"https:\/\/www.credimex.ch\/wp-content\/uploads\/2023\/02\/credimex.jpg\" \/>\n\t<meta property=\"og:image:width\" content=\"1331\" \/>\n\t<meta property=\"og:image:height\" content=\"886\" \/>\n\t<meta property=\"og:image:type\" content=\"image\/jpeg\" \/>\n<meta name=\"twitter:card\" content=\"summary_large_image\" \/>\n<script type=\"application\/ld+json\" class=\"yoast-schema-graph\">{\"@context\":\"https:\\\/\\\/schema.org\",\"@graph\":[{\"@type\":\"WebPage\",\"@id\":\"https:\\\/\\\/www.credimex.ch\\\/de\\\/danke-fuer-die-kontaktaufnahme-uns\\\/\",\"url\":\"https:\\\/\\\/www.credimex.ch\\\/de\\\/danke-fuer-die-kontaktaufnahme-uns\\\/\",\"name\":\"Vielen Dank, dass Sie uns kontaktiert haben! - CREDIMEX\",\"isPartOf\":{\"@id\":\"https:\\\/\\\/www.credimex.ch\\\/de\\\/#website\"},\"datePublished\":\"2023-02-06T17:03:36+00:00\",\"dateModified\":\"2023-07-25T09:38:41+00:00\",\"description\":\"Ein Mitglied des Teams wird sich innerhalb von 24-48 Stunden mit Ihnen in Verbindung setzen.\",\"breadcrumb\":{\"@id\":\"https:\\\/\\\/www.credimex.ch\\\/de\\\/danke-fuer-die-kontaktaufnahme-uns\\\/#breadcrumb\"},\"inLanguage\":\"de\",\"potentialAction\":[{\"@type\":\"ReadAction\",\"target\":[\"https:\\\/\\\/www.credimex.ch\\\/de\\\/danke-fuer-die-kontaktaufnahme-uns\\\/\"]}]},{\"@type\":\"BreadcrumbList\",\"@id\":\"https:\\\/\\\/www.credimex.ch\\\/de\\\/danke-fuer-die-kontaktaufnahme-uns\\\/#breadcrumb\",\"itemListElement\":[{\"@type\":\"ListItem\",\"position\":1,\"name\":\"Home\",\"item\":\"https:\\\/\\\/www.credimex.ch\\\/de\\\/\"},{\"@type\":\"ListItem\",\"position\":2,\"name\":\"Vielen Dank, dass Sie uns kontaktiert haben!\"}]},{\"@type\":\"WebSite\",\"@id\":\"https:\\\/\\\/www.credimex.ch\\\/de\\\/#website\",\"url\":\"https:\\\/\\\/www.credimex.ch\\\/de\\\/\",\"name\":\"CREDIMEX\",\"description\":\"Partner of Swiss Industrial Market\",\"publisher\":{\"@id\":\"https:\\\/\\\/www.credimex.ch\\\/de\\\/#organization\"},\"potentialAction\":[{\"@type\":\"SearchAction\",\"target\":{\"@type\":\"EntryPoint\",\"urlTemplate\":\"https:\\\/\\\/www.credimex.ch\\\/de\\\/?s={search_term_string}\"},\"query-input\":{\"@type\":\"PropertyValueSpecification\",\"valueRequired\":true,\"valueName\":\"search_term_string\"}}],\"inLanguage\":\"de\"},{\"@type\":\"Organization\",\"@id\":\"https:\\\/\\\/www.credimex.ch\\\/de\\\/#organization\",\"name\":\"credimex\",\"url\":\"https:\\\/\\\/www.credimex.ch\\\/de\\\/\",\"logo\":{\"@type\":\"ImageObject\",\"inLanguage\":\"de\",\"@id\":\"https:\\\/\\\/www.credimex.ch\\\/de\\\/#\\\/schema\\\/logo\\\/image\\\/\",\"url\":\"https:\\\/\\\/www.credimex.ch\\\/wp-content\\\/uploads\\\/2022\\\/03\\\/cropped-logo-credimex.png\",\"contentUrl\":\"https:\\\/\\\/www.credimex.ch\\\/wp-content\\\/uploads\\\/2022\\\/03\\\/cropped-logo-credimex.png\",\"width\":512,\"height\":512,\"caption\":\"credimex\"},\"image\":{\"@id\":\"https:\\\/\\\/www.credimex.ch\\\/de\\\/#\\\/schema\\\/logo\\\/image\\\/\"},\"sameAs\":[\"https:\\\/\\\/www.facebook.com\\\/credimex.alpnach\\\/\",\"https:\\\/\\\/www.linkedin.com\\\/company\\\/credimex\\\/\",\"https:\\\/\\\/www.youtube.com\\\/@CREDIMEX?sub_confirmation=1\"]}]}<\/script>\n<!-- \/ Yoast SEO Premium plugin. -->","yoast_head_json":{"title":"Vielen Dank, dass Sie uns kontaktiert haben! - CREDIMEX","description":"Ein Mitglied des Teams wird sich innerhalb von 24-48 Stunden mit Ihnen in Verbindung setzen.","robots":{"index":"noindex","follow":"nofollow"},"og_locale":"de_DE","og_type":"article","og_title":"Vielen Dank, dass Sie uns kontaktiert haben!","og_description":"Ein Mitglied des Teams wird sich innerhalb von 24-48 Stunden mit Ihnen in Verbindung setzen.","og_url":"https:\/\/www.credimex.ch\/de\/danke-fuer-die-kontaktaufnahme-uns\/","og_site_name":"CREDIMEX","article_publisher":"https:\/\/www.facebook.com\/credimex.alpnach\/","article_modified_time":"2023-07-25T09:38:41+00:00","og_image":[{"width":1331,"height":886,"url":"https:\/\/www.credimex.ch\/wp-content\/uploads\/2023\/02\/credimex.jpg","type":"image\/jpeg"}],"twitter_card":"summary_large_image","schema":{"@context":"https:\/\/schema.org","@graph":[{"@type":"WebPage","@id":"https:\/\/www.credimex.ch\/de\/danke-fuer-die-kontaktaufnahme-uns\/","url":"https:\/\/www.credimex.ch\/de\/danke-fuer-die-kontaktaufnahme-uns\/","name":"Vielen Dank, dass Sie uns kontaktiert haben! - CREDIMEX","isPartOf":{"@id":"https:\/\/www.credimex.ch\/de\/#website"},"datePublished":"2023-02-06T17:03:36+00:00","dateModified":"2023-07-25T09:38:41+00:00","description":"Ein Mitglied des Teams wird sich innerhalb von 24-48 Stunden mit Ihnen in Verbindung setzen.","breadcrumb":{"@id":"https:\/\/www.credimex.ch\/de\/danke-fuer-die-kontaktaufnahme-uns\/#breadcrumb"},"inLanguage":"de","potentialAction":[{"@type":"ReadAction","target":["https:\/\/www.credimex.ch\/de\/danke-fuer-die-kontaktaufnahme-uns\/"]}]},{"@type":"BreadcrumbList","@id":"https:\/\/www.credimex.ch\/de\/danke-fuer-die-kontaktaufnahme-uns\/#breadcrumb","itemListElement":[{"@type":"ListItem","position":1,"name":"Home","item":"https:\/\/www.credimex.ch\/de\/"},{"@type":"ListItem","position":2,"name":"Vielen Dank, dass Sie uns kontaktiert haben!"}]},{"@type":"WebSite","@id":"https:\/\/www.credimex.ch\/de\/#website","url":"https:\/\/www.credimex.ch\/de\/","name":"CREDIMEX","description":"Partner of Swiss Industrial Market","publisher":{"@id":"https:\/\/www.credimex.ch\/de\/#organization"},"potentialAction":[{"@type":"SearchAction","target":{"@type":"EntryPoint","urlTemplate":"https:\/\/www.credimex.ch\/de\/?s={search_term_string}"},"query-input":{"@type":"PropertyValueSpecification","valueRequired":true,"valueName":"search_term_string"}}],"inLanguage":"de"},{"@type":"Organization","@id":"https:\/\/www.credimex.ch\/de\/#organization","name":"credimex","url":"https:\/\/www.credimex.ch\/de\/","logo":{"@type":"ImageObject","inLanguage":"de","@id":"https:\/\/www.credimex.ch\/de\/#\/schema\/logo\/image\/","url":"https:\/\/www.credimex.ch\/wp-content\/uploads\/2022\/03\/cropped-logo-credimex.png","contentUrl":"https:\/\/www.credimex.ch\/wp-content\/uploads\/2022\/03\/cropped-logo-credimex.png","width":512,"height":512,"caption":"credimex"},"image":{"@id":"https:\/\/www.credimex.ch\/de\/#\/schema\/logo\/image\/"},"sameAs":["https:\/\/www.facebook.com\/credimex.alpnach\/","https:\/\/www.linkedin.com\/company\/credimex\/","https:\/\/www.youtube.com\/@CREDIMEX?sub_confirmation=1"]}]}},"_links":{"self":[{"href":"https:\/\/www.credimex.ch\/de\/wp-json\/wp\/v2\/pages\/5410","targetHints":{"allow":["GET"]}}],"collection":[{"href":"https:\/\/www.credimex.ch\/de\/wp-json\/wp\/v2\/pages"}],"about":[{"href":"https:\/\/www.credimex.ch\/de\/wp-json\/wp\/v2\/types\/page"}],"author":[{"embeddable":true,"href":"https:\/\/www.credimex.ch\/de\/wp-json\/wp\/v2\/users\/8"}],"replies":[{"embeddable":true,"href":"https:\/\/www.credimex.ch\/de\/wp-json\/wp\/v2\/comments?post=5410"}],"version-history":[{"count":7,"href":"https:\/\/www.credimex.ch\/de\/wp-json\/wp\/v2\/pages\/5410\/revisions"}],"predecessor-version":[{"id":7864,"href":"https:\/\/www.credimex.ch\/de\/wp-json\/wp\/v2\/pages\/5410\/revisions\/7864"}],"wp:attachment":[{"href":"https:\/\/www.credimex.ch\/de\/wp-json\/wp\/v2\/media?parent=5410"}],"curies":[{"name":"wp","href":"https:\/\/api.w.org\/{rel}","templated":true}]}}