{"id":7332,"date":"2022-03-15T07:19:16","date_gmt":"2022-03-15T06:19:16","guid":{"rendered":"https:\/\/www.credimex.ch\/datenschutzbestimmungen\/"},"modified":"2023-05-24T17:51:30","modified_gmt":"2023-05-24T15:51:30","slug":"datenschutzbestimmungen","status":"publish","type":"page","link":"https:\/\/www.credimex.ch\/de\/datenschutzbestimmungen\/","title":{"rendered":"Datenschutzbestimmungen"},"content":{"rendered":"\r\n<p>Credimex verpflichtet sich, alle Informationen zu sch\u00fctzen, die Sie bei der Nutzung unserer Website, mobilen Website oder Dienstleistungen angeben.<br \/><br \/>Diese Datenschutzrichtlinie regelt unsere Praktiken der Datenerfassung, -verarbeitung und -nutzung.<br \/><br \/>Alle personenbezogenen Daten, die Sie uns zur Verf\u00fcgung stellen, werden in \u00dcbereinstimmung mit dieser Datenschutzrichtlinie behandelt.<br \/><br \/>Wir werden Ihre Daten nicht verwenden oder an andere Organisationen weitergeben, ausser wie in dieser Datenschutzerkl\u00e4rung beschrieben.\u00a0 Ihre Daten werden von allen Dienstleistern, die die Daten in unserem Auftrag verarbeiten, vertraulich behandelt.<\/p>\r\n<p>Wir k\u00f6nnen diese Datenschutzrichtlinie von Zeit zu Zeit aktualisieren. Alle \u00c4nderungen an der Datenschutzerkl\u00e4rung werden auf dieser Seite ver\u00f6ffentlicht und treten sofort in Kraft.\u00a0 Sie sollten diese Seite \u00fcberpr\u00fcfen, um alle \u00c4nderungen zu sehen.<\/p>\r\n<h2 class=\"wp-block-heading\"><span style=\"font-weight: 400;\">Welche pers\u00f6nlichen Informationen sammeln wir?<\/span><\/h2>\r\n<p>Wir k\u00f6nnen bestimmte personenbezogene Daten sammeln, die dazu verwendet werden k\u00f6nnen, Sie zu kontaktieren oder Sie auf verschiedene Weise zu identifizieren:<br \/><br \/>Einige personenbezogene Daten werden erfasst und gesammelt, wenn Sie ein Formular auf unserer Website ausf\u00fcllen oder \u00fcbermitteln. Zu diesen Formularen geh\u00f6ren unser Kontaktformular, das Anfordern eines Angebots, das Verfassen eines Kommentars zu einem Artikel, das Formular f\u00fcr Unstimmigkeiten und das Abonnieren unserer Beitr\u00e4ge oder unseres Newsletters. Zu den pers\u00f6nlichen Daten geh\u00f6ren Ihr Name, Ihre Berufsbezeichnung, Ihre E-Mail-Adresse, Ihre Telefonnummer, Ihre Postleitzahl, Ihre Vorlieben und Interessen sowie alle anderen Informationen \u00fcber Sie oder Ihr Unternehmen. Wir k\u00f6nnen Kopien der Informationen, die Sie in den Formularen eingegeben haben, zu Kontrollzwecken aufbewahren.<br \/><br \/>Einige personenbezogene Daten k\u00f6nnen erfasst werden, wenn Sie eine Kundenumfrage ausf\u00fcllen.<br \/><br \/>Wir erfassen Browser- und Ger\u00e4tedaten wie die Internetprotokolladresse (IP) Ihres Computers, den geografischen Standort, den Browsertyp, die Browserversion, die Verweisquelle, die besuchten Seiten, die Uhrzeit und das Datum Ihres Besuchs, die auf diesen Seiten verbrachte Zeit und andere Statistiken.<br \/><br \/>Wir sammeln Daten \u00fcber die \u00d6ffnungsrate von E-Mails und Klicks auf unseren monatlichen Newsletter. Dies hilft uns bei der \u00dcberwachung und Verbesserung unseres E-Newsletters.<\/p>\r\n<h2><span style=\"font-weight: 400;\">Wie verwenden wir diese Informationen?<\/span><\/h2>\r\n<p>Wir k\u00f6nnen Ihre pers\u00f6nlichen Daten verwenden, um Ihre Bed\u00fcrfnisse zu verstehen und um die von uns angebotenen Produkte und Dienstleistungen zu \u00fcberpr\u00fcfen, zu entwickeln und zu verbessern. Ausserdem aus den folgenden Gr\u00fcnden:<\/p>\r\n<ul>\r\n<li style=\"font-weight: 400;\" aria-level=\"1\">Zum Zweck der Auftragsabwicklung<\/li>\r\n<li style=\"font-weight: 400;\" aria-level=\"1\">Zur Beantwortung von Anfragen und zur Bereitstellung von Kundensupport<\/li>\r\n<li style=\"font-weight: 400;\" aria-level=\"1\">Zur \u00dcbermittlung von Service- oder Produktmitteilungen, die Sie betreffen k\u00f6nnten<\/li>\r\n<li style=\"font-weight: 400;\" aria-level=\"1\">Um Marketingmitteilungen wie Newsletter und andere Informationen zu versenden, die f\u00fcr Sie von Interesse sein k\u00f6nnten. Wenn Sie diese Mitteilungen von uns nicht erhalten m\u00f6chten, k\u00f6nnen Sie sich abmelden, indem Sie auf den Abmeldelink am Ende der E-Mails klicken oder uns unter marketing@Credimex.co.uk kontaktieren.<\/li>\r\n<li style=\"font-weight: 400;\" aria-level=\"1\">F\u00fcr Marktforschungszwecke. Wir k\u00f6nnen Sie per E-Mail, Telefon oder Post kontaktieren.<\/li>\r\n<li style=\"font-weight: 400;\" aria-level=\"1\">Um die Wirksamkeit von Marketingkampagnen zu bewerten.<\/li>\r\n<li style=\"font-weight: 400;\" aria-level=\"1\">Zur Verbesserung des Designs und der Benutzerfreundlichkeit unserer Website.<\/li>\r\n<\/ul>\r\n<h2><span style=\"font-weight: 400;\">Mit wem teilen wir diese Informationen?<\/span><\/h2>\r\n<p><span style=\"font-weight: 400;\">Credimex Ltd ist ein Mitglied der DGE-Gruppe, einem Netzwerk von spezialisierten Chemieunternehmen in ganz Europa. Wir k\u00f6nnen Informationen, die wir \u00fcber Sie auf dieser Website gesammelt haben, mit anderen Mitgliedern dieser Gruppe teilen. Die Mitglieder dieser Gruppe verkaufen, vermieten oder geben niemals Informationen, die Kunden pers\u00f6nlich identifizieren, an Dritte weiter, es sei denn, Teile des Gesch\u00e4fts wurden ausgelagert und die Bereitstellung solcher Informationen ist f\u00fcr die Erbringung der Dienstleistung f\u00fcr Sie erforderlich. Ausf\u00fchrliche Informationen \u00fcber die DGE-Gruppe finden Sie unter <\/span><a href=\"http:\/\/www.dge-europe.com\/\"><span style=\"font-weight: 400;\">www.dge-europe.com\/<\/span><\/a><\/p>\r\n<p>Ihre pers\u00f6nlichen Daten k\u00f6nnen auch an Dritte wie Lieferanten und H\u00e4ndler weitergegeben werden, um die Lieferung von Produkten sicherzustellen und L\u00f6sungen f\u00fcr Ihre Anfragen zu finden.<br \/><br \/>In diesem Fall sind die Sicherheit und Vertraulichkeit der personenbezogenen Daten Teil der rechtlichen Vereinbarung zwischen uns und dem Lieferanten. Von Zeit zu Zeit k\u00f6nnen wir aggregierte und anonymisierte Marketingstatistiken an Gesch\u00e4ftspartner weitergeben oder diese in Pressemitteilungen, Werbung oder ver\u00f6ffentlichten Berichten verwenden. Wir w\u00fcrden Sie oder andere Kunden in solchen Pressemitteilungen, Werbungen oder Berichten nur mit Ihrer vorherigen Zustimmung pers\u00f6nlich identifizieren.<\/p>\r\n<h2><span style=\"font-weight: 400;\">Anbieter von Dienstleistungen <\/span><\/h2>\r\n<p>Wir k\u00f6nnen Drittunternehmen und Einzelpersonen damit beauftragen, unsere Dienste zu erleichtern und in unserem Namen zu erbringen, dienstleistungsbezogene Dienstleistungen zu erbringen oder uns bei der Analyse der Nutzung unserer Dienste zu unterst\u00fctzen.<br \/><br \/>Diese Dritten haben nur Zugang zu Ihren pers\u00f6nlichen Daten, um diese Aufgaben in unserem Namen zu erf\u00fcllen, und sind verpflichtet, diese nicht weiterzugeben oder f\u00fcr andere Zwecke zu verwenden.<br \/><br \/>Unsere Website\u00a0<a href=\"https:\/\/www.credimex.ch\/\">www.credimex.ch<\/a> wird von einem Drittunternehmen gehostet; Asazalorea sl mit Sitz in Spanien.<\/p>\r\n<h2><span style=\"font-weight: 400;\">Einhaltung von Gesetzen<\/span><\/h2>\r\n<p>Wir behalten uns das Recht vor, personenbezogene Daten zu verwenden oder offenzulegen, wenn dies gesetzlich vorgeschrieben ist oder wenn wir vern\u00fcnftigerweise davon ausgehen, dass die Verwendung oder Offenlegung notwendig ist, um unsere Rechte zu sch\u00fctzen, Ihre Sicherheit oder die Sicherheit anderer zu sch\u00fctzen, Betrug zu untersuchen oder einem Gesetz, einem Gerichtsbeschluss oder einem rechtlichen Verfahren nachzukommen.<\/p>\r\n<h2><span style=\"font-weight: 400;\">Wie sch\u00fctzen wir diese Informationen?<\/span><\/h2>\r\n<p>Wir sind bestrebt, die Sicherheit Ihrer Daten zu gew\u00e4hrleisten. Um einen unbefugten Zugriff oder eine unbefugte Offenlegung zu verhindern, haben wir geeignete physische, elektronische und verwaltungstechnische Verfahren zum Schutz und zur Sicherung der von uns online erfassten Daten eingerichtet. Im Falle einer Datenschutzverletzung, die wahrscheinlich zu einem hohen Risiko f\u00fcr die Rechte und die Freiheit der Person f\u00fchrt, werden wir die Person unverz\u00fcglich benachrichtigen. Ausserdem benachrichtigen wir das Information Commissioner&#8217;s Office (ICO) innerhalb von 72 Stunden nach Bekanntwerden des Verstosses.<\/p>\r\n","protected":false},"excerpt":{"rendered":"<p>Credimex verpflichtet sich, alle Informationen zu sch\u00fctzen, die Sie bei der Nutzung unserer Website, mobilen Website oder Dienstleistungen angeben. Diese Datenschutzrichtlinie regelt unsere Praktiken der Datenerfassung, -verarbeitung und -nutzung. Alle personenbezogenen Daten, die Sie uns zur Verf\u00fcgung stellen, werden in \u00dcbereinstimmung mit dieser Datenschutzrichtlinie behandelt. Wir werden Ihre Daten nicht verwenden oder an andere Organisationen [&hellip;]<\/p>\n","protected":false},"author":8,"featured_media":0,"parent":0,"menu_order":0,"comment_status":"closed","ping_status":"open","template":"","meta":{"_acf_changed":false,"footnotes":""},"class_list":["post-7332","page","type-page","status-publish","hentry"],"acf":[],"_yoast_wpseo_focuskw":"Datenschutzbestimmungen","_yoast_wpseo_metadesc":"Credimex verpflichtet sich, alle Informationen zu sch\u00fctzen, die Sie bei der Nutzung unserer Website, mobilen Website oder Dienstleistungen angeben.","yoast_head":"<!-- This site is optimized with the Yoast SEO Premium plugin v21.6 (Yoast SEO v27.4) - https:\/\/yoast.com\/product\/yoast-seo-premium-wordpress\/ -->\n<title>Datenschutzbestimmungen - CREDIMEX<\/title>\n<meta name=\"description\" content=\"Credimex verpflichtet sich, alle Informationen zu sch\u00fctzen, die Sie bei der Nutzung unserer Website, mobilen Website oder Dienstleistungen angeben.\" \/>\n<meta name=\"robots\" content=\"index, follow, max-snippet:-1, max-image-preview:large, max-video-preview:-1\" \/>\n<link rel=\"canonical\" href=\"https:\/\/www.credimex.ch\/de\/datenschutzbestimmungen\/\" \/>\n<meta property=\"og:locale\" content=\"de_DE\" \/>\n<meta property=\"og:type\" content=\"article\" \/>\n<meta property=\"og:title\" content=\"Datenschutzbestimmungen\" \/>\n<meta property=\"og:description\" content=\"Credimex verpflichtet sich, alle Informationen zu sch\u00fctzen, die Sie bei der Nutzung unserer Website, mobilen Website oder Dienstleistungen angeben.\" \/>\n<meta property=\"og:url\" content=\"https:\/\/www.credimex.ch\/de\/datenschutzbestimmungen\/\" \/>\n<meta property=\"og:site_name\" content=\"CREDIMEX\" \/>\n<meta property=\"article:publisher\" content=\"https:\/\/www.facebook.com\/credimex.alpnach\/\" \/>\n<meta property=\"article:modified_time\" content=\"2023-05-24T15:51:30+00:00\" \/>\n<meta property=\"og:image\" content=\"https:\/\/www.credimex.ch\/wp-content\/uploads\/2023\/02\/credimex.jpg\" \/>\n\t<meta property=\"og:image:width\" content=\"1331\" \/>\n\t<meta property=\"og:image:height\" content=\"886\" \/>\n\t<meta property=\"og:image:type\" content=\"image\/jpeg\" \/>\n<meta name=\"twitter:card\" content=\"summary_large_image\" \/>\n<meta name=\"twitter:label1\" content=\"Gesch\u00e4tzte Lesezeit\" \/>\n\t<meta name=\"twitter:data1\" content=\"4\u00a0Minuten\" \/>\n<script type=\"application\/ld+json\" class=\"yoast-schema-graph\">{\"@context\":\"https:\\\/\\\/schema.org\",\"@graph\":[{\"@type\":\"WebPage\",\"@id\":\"https:\\\/\\\/www.credimex.ch\\\/de\\\/datenschutzbestimmungen\\\/\",\"url\":\"https:\\\/\\\/www.credimex.ch\\\/de\\\/datenschutzbestimmungen\\\/\",\"name\":\"Datenschutzbestimmungen - CREDIMEX\",\"isPartOf\":{\"@id\":\"https:\\\/\\\/www.credimex.ch\\\/de\\\/#website\"},\"datePublished\":\"2022-03-15T06:19:16+00:00\",\"dateModified\":\"2023-05-24T15:51:30+00:00\",\"description\":\"Credimex verpflichtet sich, alle Informationen zu sch\u00fctzen, die Sie bei der Nutzung unserer Website, mobilen Website oder Dienstleistungen angeben.\",\"breadcrumb\":{\"@id\":\"https:\\\/\\\/www.credimex.ch\\\/de\\\/datenschutzbestimmungen\\\/#breadcrumb\"},\"inLanguage\":\"de\",\"potentialAction\":[{\"@type\":\"ReadAction\",\"target\":[\"https:\\\/\\\/www.credimex.ch\\\/de\\\/datenschutzbestimmungen\\\/\"]}]},{\"@type\":\"BreadcrumbList\",\"@id\":\"https:\\\/\\\/www.credimex.ch\\\/de\\\/datenschutzbestimmungen\\\/#breadcrumb\",\"itemListElement\":[{\"@type\":\"ListItem\",\"position\":1,\"name\":\"Home\",\"item\":\"https:\\\/\\\/www.credimex.ch\\\/de\\\/\"},{\"@type\":\"ListItem\",\"position\":2,\"name\":\"Datenschutzbestimmungen\"}]},{\"@type\":\"WebSite\",\"@id\":\"https:\\\/\\\/www.credimex.ch\\\/de\\\/#website\",\"url\":\"https:\\\/\\\/www.credimex.ch\\\/de\\\/\",\"name\":\"CREDIMEX\",\"description\":\"Partner of Swiss Industrial Market\",\"publisher\":{\"@id\":\"https:\\\/\\\/www.credimex.ch\\\/de\\\/#organization\"},\"potentialAction\":[{\"@type\":\"SearchAction\",\"target\":{\"@type\":\"EntryPoint\",\"urlTemplate\":\"https:\\\/\\\/www.credimex.ch\\\/de\\\/?s={search_term_string}\"},\"query-input\":{\"@type\":\"PropertyValueSpecification\",\"valueRequired\":true,\"valueName\":\"search_term_string\"}}],\"inLanguage\":\"de\"},{\"@type\":\"Organization\",\"@id\":\"https:\\\/\\\/www.credimex.ch\\\/de\\\/#organization\",\"name\":\"credimex\",\"url\":\"https:\\\/\\\/www.credimex.ch\\\/de\\\/\",\"logo\":{\"@type\":\"ImageObject\",\"inLanguage\":\"de\",\"@id\":\"https:\\\/\\\/www.credimex.ch\\\/de\\\/#\\\/schema\\\/logo\\\/image\\\/\",\"url\":\"https:\\\/\\\/www.credimex.ch\\\/wp-content\\\/uploads\\\/2022\\\/03\\\/cropped-logo-credimex.png\",\"contentUrl\":\"https:\\\/\\\/www.credimex.ch\\\/wp-content\\\/uploads\\\/2022\\\/03\\\/cropped-logo-credimex.png\",\"width\":512,\"height\":512,\"caption\":\"credimex\"},\"image\":{\"@id\":\"https:\\\/\\\/www.credimex.ch\\\/de\\\/#\\\/schema\\\/logo\\\/image\\\/\"},\"sameAs\":[\"https:\\\/\\\/www.facebook.com\\\/credimex.alpnach\\\/\",\"https:\\\/\\\/www.linkedin.com\\\/company\\\/credimex\\\/\",\"https:\\\/\\\/www.youtube.com\\\/@CREDIMEX?sub_confirmation=1\"]}]}<\/script>\n<!-- \/ Yoast SEO Premium plugin. -->","yoast_head_json":{"title":"Datenschutzbestimmungen - CREDIMEX","description":"Credimex verpflichtet sich, alle Informationen zu sch\u00fctzen, die Sie bei der Nutzung unserer Website, mobilen Website oder Dienstleistungen angeben.","robots":{"index":"index","follow":"follow","max-snippet":"max-snippet:-1","max-image-preview":"max-image-preview:large","max-video-preview":"max-video-preview:-1"},"canonical":"https:\/\/www.credimex.ch\/de\/datenschutzbestimmungen\/","og_locale":"de_DE","og_type":"article","og_title":"Datenschutzbestimmungen","og_description":"Credimex verpflichtet sich, alle Informationen zu sch\u00fctzen, die Sie bei der Nutzung unserer Website, mobilen Website oder Dienstleistungen angeben.","og_url":"https:\/\/www.credimex.ch\/de\/datenschutzbestimmungen\/","og_site_name":"CREDIMEX","article_publisher":"https:\/\/www.facebook.com\/credimex.alpnach\/","article_modified_time":"2023-05-24T15:51:30+00:00","og_image":[{"width":1331,"height":886,"url":"https:\/\/www.credimex.ch\/wp-content\/uploads\/2023\/02\/credimex.jpg","type":"image\/jpeg"}],"twitter_card":"summary_large_image","twitter_misc":{"Gesch\u00e4tzte Lesezeit":"4\u00a0Minuten"},"schema":{"@context":"https:\/\/schema.org","@graph":[{"@type":"WebPage","@id":"https:\/\/www.credimex.ch\/de\/datenschutzbestimmungen\/","url":"https:\/\/www.credimex.ch\/de\/datenschutzbestimmungen\/","name":"Datenschutzbestimmungen - CREDIMEX","isPartOf":{"@id":"https:\/\/www.credimex.ch\/de\/#website"},"datePublished":"2022-03-15T06:19:16+00:00","dateModified":"2023-05-24T15:51:30+00:00","description":"Credimex verpflichtet sich, alle Informationen zu sch\u00fctzen, die Sie bei der Nutzung unserer Website, mobilen Website oder Dienstleistungen angeben.","breadcrumb":{"@id":"https:\/\/www.credimex.ch\/de\/datenschutzbestimmungen\/#breadcrumb"},"inLanguage":"de","potentialAction":[{"@type":"ReadAction","target":["https:\/\/www.credimex.ch\/de\/datenschutzbestimmungen\/"]}]},{"@type":"BreadcrumbList","@id":"https:\/\/www.credimex.ch\/de\/datenschutzbestimmungen\/#breadcrumb","itemListElement":[{"@type":"ListItem","position":1,"name":"Home","item":"https:\/\/www.credimex.ch\/de\/"},{"@type":"ListItem","position":2,"name":"Datenschutzbestimmungen"}]},{"@type":"WebSite","@id":"https:\/\/www.credimex.ch\/de\/#website","url":"https:\/\/www.credimex.ch\/de\/","name":"CREDIMEX","description":"Partner of Swiss Industrial Market","publisher":{"@id":"https:\/\/www.credimex.ch\/de\/#organization"},"potentialAction":[{"@type":"SearchAction","target":{"@type":"EntryPoint","urlTemplate":"https:\/\/www.credimex.ch\/de\/?s={search_term_string}"},"query-input":{"@type":"PropertyValueSpecification","valueRequired":true,"valueName":"search_term_string"}}],"inLanguage":"de"},{"@type":"Organization","@id":"https:\/\/www.credimex.ch\/de\/#organization","name":"credimex","url":"https:\/\/www.credimex.ch\/de\/","logo":{"@type":"ImageObject","inLanguage":"de","@id":"https:\/\/www.credimex.ch\/de\/#\/schema\/logo\/image\/","url":"https:\/\/www.credimex.ch\/wp-content\/uploads\/2022\/03\/cropped-logo-credimex.png","contentUrl":"https:\/\/www.credimex.ch\/wp-content\/uploads\/2022\/03\/cropped-logo-credimex.png","width":512,"height":512,"caption":"credimex"},"image":{"@id":"https:\/\/www.credimex.ch\/de\/#\/schema\/logo\/image\/"},"sameAs":["https:\/\/www.facebook.com\/credimex.alpnach\/","https:\/\/www.linkedin.com\/company\/credimex\/","https:\/\/www.youtube.com\/@CREDIMEX?sub_confirmation=1"]}]}},"_links":{"self":[{"href":"https:\/\/www.credimex.ch\/de\/wp-json\/wp\/v2\/pages\/7332","targetHints":{"allow":["GET"]}}],"collection":[{"href":"https:\/\/www.credimex.ch\/de\/wp-json\/wp\/v2\/pages"}],"about":[{"href":"https:\/\/www.credimex.ch\/de\/wp-json\/wp\/v2\/types\/page"}],"author":[{"embeddable":true,"href":"https:\/\/www.credimex.ch\/de\/wp-json\/wp\/v2\/users\/8"}],"replies":[{"embeddable":true,"href":"https:\/\/www.credimex.ch\/de\/wp-json\/wp\/v2\/comments?post=7332"}],"version-history":[{"count":4,"href":"https:\/\/www.credimex.ch\/de\/wp-json\/wp\/v2\/pages\/7332\/revisions"}],"predecessor-version":[{"id":7387,"href":"https:\/\/www.credimex.ch\/de\/wp-json\/wp\/v2\/pages\/7332\/revisions\/7387"}],"wp:attachment":[{"href":"https:\/\/www.credimex.ch\/de\/wp-json\/wp\/v2\/media?parent=7332"}],"curies":[{"name":"wp","href":"https:\/\/api.w.org\/{rel}","templated":true}]}}