{"id":7334,"date":"2022-05-12T17:48:12","date_gmt":"2022-05-12T15:48:12","guid":{"rendered":"https:\/\/www.credimex.ch\/bedingungen-und-konditionen\/"},"modified":"2025-10-07T17:23:43","modified_gmt":"2025-10-07T15:23:43","slug":"bedingungen-und-konditionen","status":"publish","type":"page","link":"https:\/\/www.credimex.ch\/de\/bedingungen-und-konditionen\/","title":{"rendered":"Bedingungen und Konditionen"},"content":{"rendered":"\t\t<div data-elementor-type=\"wp-page\" data-elementor-id=\"7334\" class=\"elementor elementor-7334 elementor-519\" data-elementor-post-type=\"page\">\n\t\t\t\t\t\t<section class=\"elementor-section elementor-top-section elementor-element elementor-element-44ee8394 elementor-section-boxed elementor-section-height-default elementor-section-height-default\" data-id=\"44ee8394\" data-element_type=\"section\" data-e-type=\"section\">\n\t\t\t\t\t\t<div class=\"elementor-container elementor-column-gap-default\">\n\t\t\t\t\t<div class=\"elementor-column elementor-col-100 elementor-top-column elementor-element elementor-element-2caa6a7d\" data-id=\"2caa6a7d\" data-element_type=\"column\" data-e-type=\"column\">\n\t\t\t<div class=\"elementor-widget-wrap elementor-element-populated\">\n\t\t\t\t\t\t<div class=\"elementor-element elementor-element-78d7bee2 elementor-widget elementor-widget-text-editor\" data-id=\"78d7bee2\" data-element_type=\"widget\" data-e-type=\"widget\" data-widget_type=\"text-editor.default\">\n\t\t\t\t<div class=\"elementor-widget-container\">\n\t\t\t\t\t\t\t\t\t<p><strong>1. Allgemeines<\/strong><br \/>Die folgenden Gesch\u00e4ftsbedingungen gelten f\u00fcr alle Angebote und Lieferungen der CREDIMEX. Mit deren Bestellung gelten deren Lieferund Zahlungsbedingungen als akzeptiert. Abweichungen und besondere Vereinbarungen bed\u00fcrfen der Schriftform. Insbesondere gelten andere Allgemeine Gesch\u00e4ftsbedingungen nur, wenn sie von der CREDIMEX schriftlich anerkannt worden sind. Sollte sich eine Bestimmung dieser Lieferbedingungen als ganz oder teilweise unwirksam erweisen, werden die Vertragsparteien diese Bestimmung durch eine neue, der unwirksamen in ihrem rechtlichen und wirtschaftlichen Erfolg m\u00f6glichst weitgehend entsprechende ersetzen. Die G\u00fcltigkeit des Vertrages wird davon nicht betroffen.<\/p><p><strong>2. Technische Unterlagen, Know-how, Geheimhaltung<\/strong><br \/>Alle technischen Unterlagen bleiben im Eigentum von CREDIMEX und d\u00fcrfen ohne schriftliches Einverst\u00e4ndnis weder kopiert noch vervielf\u00e4ltigt noch an Dritte weitergegeben werden. Allf\u00e4llige \u00c4nderungen bleiben vorbehalten. Technische Unterlagen, Prospekte und Kataloge sind nicht verbindlich. Etwas anderes gilt nur bei ausdr\u00fccklicher Zusicherung.<\/p><p><strong>3. Lieferumfang<\/strong><br \/>F\u00fcr den Umfang der Lieferung ist die Auftragsbest\u00e4tigung von CREDIMEX massgebend. Weitere Leistungen, die darin nicht enthalten sind, werden gesondert verrechnet.<\/p><p><strong>4. Preise<\/strong><br \/>Die Verkaufspreise verstehen sich, soweit nicht anders vereinbart, netto exkl. MwSt. ab Alpnach ohne Nebenkosten wie z.B. Verpackung, Transportkosten allf\u00e4llige andere Spesen und Montage. Werden spezielle Zertifikate, Ursprungszeugnisse usw. verlangt, ist eine entsprechende Verrechnung vorbehalten. Transportkosten und Verpackung werden separat in Rechnung gestellt. Verpackungen werden ohne besondere Abmachung nicht zur\u00fcckgenommen. Die Preise sind f\u00fcr Nachbestellungen unverbindlich.<\/p><p><strong>5. Zahlungsbedingungen<\/strong><br \/>Zahlung: innert 30 Tagen ab Rechnungsdatum rein netto ohne Skonto oder sonstige Abz\u00fcge. Andere Zahlungsbedingungen m\u00fcssen schriftlich vereinbart werden..Zahlungen k\u00f6nnen wegen Beanstandungen, Anspr\u00fcchen oder von uns nicht anerkannten Gegenforderungen des Bestellers nicht gek\u00fcrzt oder zur\u00fcckbehalten werden. Verz\u00f6gert sich die Auslieferung der versandbereiten Ware aus Gr\u00fcnden, die nicht CREDIMEX zu vertreten hat, kann trotzdem fakturiert werden.<\/p><p><strong>6. Eigentumsvorbehalt<\/strong><br \/>CREDIMEX beh\u00e4lt sich das Eigentum an der Lieferung bis zu deren vollumf\u00e4nglichen Bezahlung vor. Der Besteller erm\u00e4chtigt CREDIMEX mit Abschluss des Vertrages, die Eintragung des Eigentumsvorbehalts im amtlichen Register vorzunehmen und alle diesbez\u00fcglichen Formalit\u00e4ten zu erf\u00fcllen.<\/p><p><strong>7. Engineering, Montage, Inbetriebsetzung, Wartung<\/strong><br \/>Es kommen die im Zeitpunkt des Aufwandes g\u00fcltigen Ans\u00e4tze gem\u00e4ss Swissmen zur Verrechnung.<\/p><p><strong>8. Versand<\/strong><br \/>Mit der \u00dcbergabe der Ware an die Versandstation bzw. an den Spediteur gilt die Lieferung als vollzogen. Der Transport erfolgt \u2013 auch wenn Frankolieferung vereinbart wurde \u2013 auf Gefahr des Empf\u00e4ngers. F\u00fcr Besch\u00e4digungen auf dem Transport sind die Transport &#8211; Unternehmen haftbar. Beanstandungen sind uns umgehend mitzuteilen.<\/p><p><strong>9. Abrufauftr\u00e4ge<\/strong><br \/>Nach Ablauf der vereinbarten Lieferfristen ist CREDIMEX berechtigt, die Ware auszuliefern und zu verrechnen. Fehlen besondere Vereinbarungen, sind Waren aus Abrufauftr\u00e4gen innerhalb eines Jahres nach Bestellung zu beziehen.<\/p><p><strong>10. Garantiebestimmungen<\/strong><br \/>Allf\u00e4llige Garantieanspr\u00fcche k\u00f6nnen nur bei Einhaltung der Montage- und Betriebsvorschriften geltend gemacht werden. Die Garantiefrist betr\u00e4gt bei einschichtigem Normalbetrieb 12 Monate ab Lieferdatum. F\u00fcr Reparatur- und Austauscheinheiten betr\u00e4gt die Garantiefrist 6<br \/>Monate.<br \/>Wird der Versand aus Gr\u00fcnden verz\u00f6gert, die nicht CREDIMEX zu vertreten hat, endet die Gew\u00e4hrleistungsfrist sp\u00e4testens 18 Monate nach Meldung der Versandbereitschaft. CREDIMEX erf\u00fcllt die Verpflichtungen bei M\u00e4ngeln der gelieferten Waren nach eigener Wahl wie folgt:<\/p><ol><li>Durch Nachbesserung der mangelhaften Ware<\/li><li>Durch Ersatz der mangelhaften Ware in der urspr\u00fcnglich vereinbarten Form und Ausf\u00fchrung<\/li><\/ol><p>\u00a0<\/p><p>Von dieser Regelung ausgenommen sind chemisch technische Produkte. Bei diesen Produkten gelten die entsprechenden Ablaufdaten auf der Verpackung. Ein Ersatz der Produkte ist nur m\u00f6glich wenn die Produkte zum Zeitpunkt des Erhalts beim Besteller ausserhalb des Ablaufdatums sind.<\/p><p><br \/><strong>Jede weitergehende Haftung \u2013 gleichg\u00fcltig aus welchem Rechtsgrund \u2013 insbesondere f\u00fcr direkte und indirekte Sch\u00e4den sowie <\/strong><strong>f\u00fcr Unkosten und Montagekosten, wird wegbedungen.<\/strong><\/p><p>CREDIMEX AG verpflichtet sich, alle Teile, die w\u00e4hrend genannter Frist nachweisbar zufolge schlechten Materials, fehlerhafter Konstruktion oder mangelhafter Ausf\u00fchrung schadhaft oder unbrauchbar werden, so rasch als m\u00f6glich und nach eigener Wahl zu reparieren oder zu ersetzen. Die Kosten f\u00fcr Hin- oder R\u00fccktransport gehen zu Lasten des Bestellers. CREDIMEX AG steht ein Anspruch auf R\u00fcckgabe der ersetzten Teile zu. Die nat\u00fcrliche Abn\u00fctzung von Teilen ist von der Garantie ausgeschlossen. Gleiches gilt f\u00fcr Sch\u00e4den infolge ungen\u00fcgender Wartung. Nichteinhaltung von Betriebsvorschriften, ungeeigneter Betriebsmittel, unsachgem\u00e4sser Montage und h\u00f6herer Gewalt. Die Garantie erlischt, wenn der Besteller selbst oder durch Dritte und ohne unsere Zustimmung \u00c4nderungen oder Reparaturen vornimmt. Garantieanspr\u00fcche m\u00fcssen vom Besteller innerhalb der Garantiezeit schriftlich geltend gemacht werden. Garantieleistungen sind in jedem Fall nur dann geschuldet, wenn der Besteller seinerseits seinen Vertragspflichten \u2013 insbesondere bez\u00fcglich der vereinba-<br \/>rungsm\u00e4ssen Bezahlung \u2013 nachgekommen ist.<\/p><p><strong>11. Reklamationen<\/strong><br \/>M\u00e4ngel sind uns innerhalb einer Frist von 14 Tagen umgehend schriftlich mitzuteilen.<\/p><p><strong>12. Lieferfristen<\/strong><br \/>Der vereinbarte Liefertermin beruht auf den Verh\u00e4ltnissen zur Zeit der Bestellung. Alle Entsch\u00e4digungsanspr\u00fcche f\u00fcr direkte oder indirekte Sch\u00e4den, die aus versp\u00e4teter Lieferung entstehen, sind ausdr\u00fccklich wegbedungen. Wegbedungen ist weiter das Recht des Bestellers, bei \u00dcberschreiten der Lieferfrist \u2013 auch wenn ein bestimmter Termin vereinbart sein sollte \u2013 ohne angemessene Nachfrist vom Vertrage<br \/>zur\u00fcckzutreten.<\/p><p><strong>13. Umtausch<\/strong><br \/>Umtausch- und R\u00fccknahme Sendungen werden nur nach vorg\u00e4ngiger Absprache akzeptiert. S\u00e4mtliche daraus resultierenden Kosten gehen zu Lasten des Bestellers.<\/p><p><strong>14. Erf\u00fcllungsort<\/strong><br \/>Erf\u00fcllungsort f\u00fcr Lieferung und Zahlung ist unser Gesch\u00e4ftssitz an der Untere Gr\u00fcndlistrasse 7, 6055 Alpnach. Das Rechtsverh\u00e4ltnis untersteht schweizerischem Recht.<\/p><p><strong>15. Anwendbares Recht und Gerichtsstand<\/strong><br \/>Alle Vertr\u00e4ge unterstehen dem materiellen schweizerischen Recht. Die Anwendbarkeit des \u00dcbereinkommens der Vereinten Nationen \u00fcber Vertr\u00e4ge \u00fcber den internationalen Warenkauf v. 11.4.1980 wird ausgeschlossen. Zust\u00e4ndig sind die ordentlichen Gerichte am Sitze der Gesellschaft, Sarnen, Kanton Obwalden.<\/p><p>CREDIMEX AG, September 2015<\/p>\t\t\t\t\t\t\t\t<\/div>\n\t\t\t\t<\/div>\n\t\t\t\t\t<\/div>\n\t\t<\/div>\n\t\t\t\t\t<\/div>\n\t\t<\/section>\n\t\t\t\t<\/div>\n\t\t","protected":false},"excerpt":{"rendered":"<p>1. AllgemeinesDie folgenden Gesch\u00e4ftsbedingungen gelten f\u00fcr alle Angebote und Lieferungen der CREDIMEX. Mit deren Bestellung gelten deren Lieferund Zahlungsbedingungen als akzeptiert. Abweichungen und besondere Vereinbarungen bed\u00fcrfen der Schriftform. Insbesondere gelten andere Allgemeine Gesch\u00e4ftsbedingungen nur, wenn sie von der CREDIMEX schriftlich anerkannt worden sind. Sollte sich eine Bestimmung dieser Lieferbedingungen als ganz oder teilweise unwirksam erweisen, [&hellip;]<\/p>\n","protected":false},"author":8,"featured_media":0,"parent":0,"menu_order":0,"comment_status":"closed","ping_status":"closed","template":"elementor_header_footer","meta":{"_acf_changed":false,"footnotes":""},"class_list":["post-7334","page","type-page","status-publish","hentry"],"acf":[],"_yoast_wpseo_focuskw":null,"_yoast_wpseo_metadesc":null,"yoast_head":"<!-- This site is optimized with the Yoast SEO Premium plugin v21.6 (Yoast SEO v27.4) - https:\/\/yoast.com\/product\/yoast-seo-premium-wordpress\/ -->\n<title>Bedingungen und Konditionen - CREDIMEX<\/title>\n<meta name=\"robots\" content=\"index, follow, max-snippet:-1, max-image-preview:large, max-video-preview:-1\" \/>\n<link rel=\"canonical\" href=\"https:\/\/www.credimex.ch\/de\/bedingungen-und-konditionen\/\" \/>\n<meta property=\"og:locale\" content=\"de_DE\" \/>\n<meta property=\"og:type\" content=\"article\" \/>\n<meta property=\"og:title\" content=\"Bedingungen und Konditionen\" \/>\n<meta property=\"og:description\" content=\"1. AllgemeinesDie folgenden Gesch\u00e4ftsbedingungen gelten f\u00fcr alle Angebote und Lieferungen der CREDIMEX. Mit deren Bestellung gelten deren Lieferund Zahlungsbedingungen als akzeptiert. Abweichungen und besondere Vereinbarungen bed\u00fcrfen der Schriftform. Insbesondere gelten andere Allgemeine Gesch\u00e4ftsbedingungen nur, wenn sie von der CREDIMEX schriftlich anerkannt worden sind. Sollte sich eine Bestimmung dieser Lieferbedingungen als ganz oder teilweise unwirksam erweisen, [&hellip;]\" \/>\n<meta property=\"og:url\" content=\"https:\/\/www.credimex.ch\/de\/bedingungen-und-konditionen\/\" \/>\n<meta property=\"og:site_name\" content=\"CREDIMEX\" \/>\n<meta property=\"article:publisher\" content=\"https:\/\/www.facebook.com\/credimex.alpnach\/\" \/>\n<meta property=\"article:modified_time\" content=\"2025-10-07T15:23:43+00:00\" \/>\n<meta property=\"og:image\" content=\"https:\/\/www.credimex.ch\/wp-content\/uploads\/2023\/02\/credimex.jpg\" \/>\n\t<meta property=\"og:image:width\" content=\"1331\" \/>\n\t<meta property=\"og:image:height\" content=\"886\" \/>\n\t<meta property=\"og:image:type\" content=\"image\/jpeg\" \/>\n<meta name=\"twitter:card\" content=\"summary_large_image\" \/>\n<meta name=\"twitter:label1\" content=\"Gesch\u00e4tzte Lesezeit\" \/>\n\t<meta name=\"twitter:data1\" content=\"5\u00a0Minuten\" \/>\n<script type=\"application\/ld+json\" class=\"yoast-schema-graph\">{\"@context\":\"https:\\\/\\\/schema.org\",\"@graph\":[{\"@type\":\"WebPage\",\"@id\":\"https:\\\/\\\/www.credimex.ch\\\/de\\\/bedingungen-und-konditionen\\\/\",\"url\":\"https:\\\/\\\/www.credimex.ch\\\/de\\\/bedingungen-und-konditionen\\\/\",\"name\":\"Bedingungen und Konditionen - CREDIMEX\",\"isPartOf\":{\"@id\":\"https:\\\/\\\/www.credimex.ch\\\/de\\\/#website\"},\"datePublished\":\"2022-05-12T15:48:12+00:00\",\"dateModified\":\"2025-10-07T15:23:43+00:00\",\"breadcrumb\":{\"@id\":\"https:\\\/\\\/www.credimex.ch\\\/de\\\/bedingungen-und-konditionen\\\/#breadcrumb\"},\"inLanguage\":\"de\",\"potentialAction\":[{\"@type\":\"ReadAction\",\"target\":[\"https:\\\/\\\/www.credimex.ch\\\/de\\\/bedingungen-und-konditionen\\\/\"]}]},{\"@type\":\"BreadcrumbList\",\"@id\":\"https:\\\/\\\/www.credimex.ch\\\/de\\\/bedingungen-und-konditionen\\\/#breadcrumb\",\"itemListElement\":[{\"@type\":\"ListItem\",\"position\":1,\"name\":\"Home\",\"item\":\"https:\\\/\\\/www.credimex.ch\\\/de\\\/\"},{\"@type\":\"ListItem\",\"position\":2,\"name\":\"Bedingungen und Konditionen\"}]},{\"@type\":\"WebSite\",\"@id\":\"https:\\\/\\\/www.credimex.ch\\\/de\\\/#website\",\"url\":\"https:\\\/\\\/www.credimex.ch\\\/de\\\/\",\"name\":\"CREDIMEX\",\"description\":\"Partner of Swiss Industrial Market\",\"publisher\":{\"@id\":\"https:\\\/\\\/www.credimex.ch\\\/de\\\/#organization\"},\"potentialAction\":[{\"@type\":\"SearchAction\",\"target\":{\"@type\":\"EntryPoint\",\"urlTemplate\":\"https:\\\/\\\/www.credimex.ch\\\/de\\\/?s={search_term_string}\"},\"query-input\":{\"@type\":\"PropertyValueSpecification\",\"valueRequired\":true,\"valueName\":\"search_term_string\"}}],\"inLanguage\":\"de\"},{\"@type\":\"Organization\",\"@id\":\"https:\\\/\\\/www.credimex.ch\\\/de\\\/#organization\",\"name\":\"credimex\",\"url\":\"https:\\\/\\\/www.credimex.ch\\\/de\\\/\",\"logo\":{\"@type\":\"ImageObject\",\"inLanguage\":\"de\",\"@id\":\"https:\\\/\\\/www.credimex.ch\\\/de\\\/#\\\/schema\\\/logo\\\/image\\\/\",\"url\":\"https:\\\/\\\/www.credimex.ch\\\/wp-content\\\/uploads\\\/2022\\\/03\\\/cropped-logo-credimex.png\",\"contentUrl\":\"https:\\\/\\\/www.credimex.ch\\\/wp-content\\\/uploads\\\/2022\\\/03\\\/cropped-logo-credimex.png\",\"width\":512,\"height\":512,\"caption\":\"credimex\"},\"image\":{\"@id\":\"https:\\\/\\\/www.credimex.ch\\\/de\\\/#\\\/schema\\\/logo\\\/image\\\/\"},\"sameAs\":[\"https:\\\/\\\/www.facebook.com\\\/credimex.alpnach\\\/\",\"https:\\\/\\\/www.linkedin.com\\\/company\\\/credimex\\\/\",\"https:\\\/\\\/www.youtube.com\\\/@CREDIMEX?sub_confirmation=1\"]}]}<\/script>\n<!-- \/ Yoast SEO Premium plugin. -->","yoast_head_json":{"title":"Bedingungen und Konditionen - CREDIMEX","robots":{"index":"index","follow":"follow","max-snippet":"max-snippet:-1","max-image-preview":"max-image-preview:large","max-video-preview":"max-video-preview:-1"},"canonical":"https:\/\/www.credimex.ch\/de\/bedingungen-und-konditionen\/","og_locale":"de_DE","og_type":"article","og_title":"Bedingungen und Konditionen","og_description":"1. AllgemeinesDie folgenden Gesch\u00e4ftsbedingungen gelten f\u00fcr alle Angebote und Lieferungen der CREDIMEX. Mit deren Bestellung gelten deren Lieferund Zahlungsbedingungen als akzeptiert. Abweichungen und besondere Vereinbarungen bed\u00fcrfen der Schriftform. Insbesondere gelten andere Allgemeine Gesch\u00e4ftsbedingungen nur, wenn sie von der CREDIMEX schriftlich anerkannt worden sind. Sollte sich eine Bestimmung dieser Lieferbedingungen als ganz oder teilweise unwirksam erweisen, [&hellip;]","og_url":"https:\/\/www.credimex.ch\/de\/bedingungen-und-konditionen\/","og_site_name":"CREDIMEX","article_publisher":"https:\/\/www.facebook.com\/credimex.alpnach\/","article_modified_time":"2025-10-07T15:23:43+00:00","og_image":[{"width":1331,"height":886,"url":"https:\/\/www.credimex.ch\/wp-content\/uploads\/2023\/02\/credimex.jpg","type":"image\/jpeg"}],"twitter_card":"summary_large_image","twitter_misc":{"Gesch\u00e4tzte Lesezeit":"5\u00a0Minuten"},"schema":{"@context":"https:\/\/schema.org","@graph":[{"@type":"WebPage","@id":"https:\/\/www.credimex.ch\/de\/bedingungen-und-konditionen\/","url":"https:\/\/www.credimex.ch\/de\/bedingungen-und-konditionen\/","name":"Bedingungen und Konditionen - CREDIMEX","isPartOf":{"@id":"https:\/\/www.credimex.ch\/de\/#website"},"datePublished":"2022-05-12T15:48:12+00:00","dateModified":"2025-10-07T15:23:43+00:00","breadcrumb":{"@id":"https:\/\/www.credimex.ch\/de\/bedingungen-und-konditionen\/#breadcrumb"},"inLanguage":"de","potentialAction":[{"@type":"ReadAction","target":["https:\/\/www.credimex.ch\/de\/bedingungen-und-konditionen\/"]}]},{"@type":"BreadcrumbList","@id":"https:\/\/www.credimex.ch\/de\/bedingungen-und-konditionen\/#breadcrumb","itemListElement":[{"@type":"ListItem","position":1,"name":"Home","item":"https:\/\/www.credimex.ch\/de\/"},{"@type":"ListItem","position":2,"name":"Bedingungen und Konditionen"}]},{"@type":"WebSite","@id":"https:\/\/www.credimex.ch\/de\/#website","url":"https:\/\/www.credimex.ch\/de\/","name":"CREDIMEX","description":"Partner of Swiss Industrial Market","publisher":{"@id":"https:\/\/www.credimex.ch\/de\/#organization"},"potentialAction":[{"@type":"SearchAction","target":{"@type":"EntryPoint","urlTemplate":"https:\/\/www.credimex.ch\/de\/?s={search_term_string}"},"query-input":{"@type":"PropertyValueSpecification","valueRequired":true,"valueName":"search_term_string"}}],"inLanguage":"de"},{"@type":"Organization","@id":"https:\/\/www.credimex.ch\/de\/#organization","name":"credimex","url":"https:\/\/www.credimex.ch\/de\/","logo":{"@type":"ImageObject","inLanguage":"de","@id":"https:\/\/www.credimex.ch\/de\/#\/schema\/logo\/image\/","url":"https:\/\/www.credimex.ch\/wp-content\/uploads\/2022\/03\/cropped-logo-credimex.png","contentUrl":"https:\/\/www.credimex.ch\/wp-content\/uploads\/2022\/03\/cropped-logo-credimex.png","width":512,"height":512,"caption":"credimex"},"image":{"@id":"https:\/\/www.credimex.ch\/de\/#\/schema\/logo\/image\/"},"sameAs":["https:\/\/www.facebook.com\/credimex.alpnach\/","https:\/\/www.linkedin.com\/company\/credimex\/","https:\/\/www.youtube.com\/@CREDIMEX?sub_confirmation=1"]}]}},"_links":{"self":[{"href":"https:\/\/www.credimex.ch\/de\/wp-json\/wp\/v2\/pages\/7334","targetHints":{"allow":["GET"]}}],"collection":[{"href":"https:\/\/www.credimex.ch\/de\/wp-json\/wp\/v2\/pages"}],"about":[{"href":"https:\/\/www.credimex.ch\/de\/wp-json\/wp\/v2\/types\/page"}],"author":[{"embeddable":true,"href":"https:\/\/www.credimex.ch\/de\/wp-json\/wp\/v2\/users\/8"}],"replies":[{"embeddable":true,"href":"https:\/\/www.credimex.ch\/de\/wp-json\/wp\/v2\/comments?post=7334"}],"version-history":[{"count":5,"href":"https:\/\/www.credimex.ch\/de\/wp-json\/wp\/v2\/pages\/7334\/revisions"}],"predecessor-version":[{"id":9471,"href":"https:\/\/www.credimex.ch\/de\/wp-json\/wp\/v2\/pages\/7334\/revisions\/9471"}],"wp:attachment":[{"href":"https:\/\/www.credimex.ch\/de\/wp-json\/wp\/v2\/media?parent=7334"}],"curies":[{"name":"wp","href":"https:\/\/api.w.org\/{rel}","templated":true}]}}