{"id":7394,"date":"2023-05-25T09:43:49","date_gmt":"2023-05-25T07:43:49","guid":{"rendered":"https:\/\/www.credimex.ch\/cookies-policy\/"},"modified":"2023-05-25T10:10:36","modified_gmt":"2023-05-25T08:10:36","slug":"cookies-politik","status":"publish","type":"page","link":"https:\/\/www.credimex.ch\/de\/cookies-politik\/","title":{"rendered":"Cookies-Politik"},"content":{"rendered":"<h2><span style=\"font-weight: 400;\">Was sind Cookies und wie verwenden wir sie?<\/span><\/h2>\n<p>Unsere Website und unsere mobile Website verwenden Cookies, um Informationen \u00fcber Ihren Besuch und Ihre Nutzung unserer Website zu sammeln. Dies hilft uns, den Datenverkehr auf unserer Website zu analysieren und die Website f\u00fcr Sie zu verbessern.<\/p>\n<p>Ein Cookie ist eine kleine Datei, die von einem Webserver auf der Festplatte Ihres Computers gespeichert wird.<\/p>\n<p>Sie haben die Wahl, Cookies zu akzeptieren oder abzulehnen. Standardm\u00e4ssig akzeptieren die meisten Website-Browser Cookies automatisch, aber Sie k\u00f6nnen Ihre Browser-Einstellung \u00e4ndern, um Cookies zu deaktivieren.<\/p>\n<p>Einige der von uns verwendeten Cookies stammen von Drittanbietern wie Google Analytics, Mailjet, Mailpoet und Hubspot, die wir nutzen, um Website-Analysen und Informationen \u00fcber unsere Website zu erhalten. Diese Unternehmen verwenden Programmiercode, um Informationen \u00fcber Ihre Interaktion mit unseren Websites zu sammeln, z. B. die Seiten, die Sie besuchen, die Links, auf die Sie klicken, und wie lange Sie auf unseren Websites bleiben, sowie andere Informationen. Diese Drittanbieter haben ihre eigenen Datenschutz- und Sicherheitsrichtlinien, die regeln, wie sie Ihre Daten verwenden und sch\u00fctzen. Wir empfehlen Ihnen, deren Datenschutzrichtlinien zu lesen, da Credimex keine Kontrolle oder Verantwortung \u00fcber diese Websites hat und sie nicht durch diese Datenschutzerkl\u00e4rung geregelt sind.<\/p>\n<p>&nbsp;<\/p>\n<table>\n<tbody>\n<tr>\n<td><strong>Keks<\/strong><\/td>\n<td><strong>Bereich<\/strong><\/td>\n<td><b>Typ<\/b><\/td>\n<td><strong>Beschreibung<\/strong><\/td>\n<td><strong>Dauer<\/strong><\/td>\n<\/tr>\n<tr>\n<td><span style=\"font-weight: 400;\">test_cookie<\/span><\/td>\n<td><span style=\"font-weight: 400;\">.doubleclick.net<\/span><\/td>\n<td>Anzeige<\/td>\n<td><span style=\"font-weight: 400;\">Der test_cookie wird von doubleclick.net gesetzt und dient dazu, festzustellen, ob der Browser des Benutzers Cookies unterst\u00fctzt.<\/span><\/td>\n<td><span style=\"font-weight: 400;\">15 Minuten<\/span><\/td>\n<\/tr>\n<tr>\n<td><span style=\"font-weight: 400;\">IDE<\/span><\/td>\n<td><span style=\"font-weight: 400;\">.doubleclick.net<\/span><\/td>\n<td>Anzeige<\/td>\n<td>Google DoubleClick IDE-Cookies werden verwendet, um Informationen dar\u00fcber zu speichern, wie der Nutzer die Website nutzt, um ihm relevante Werbung entsprechend seinem Profil zu pr\u00e4sentieren.<\/td>\n<td><span style=\"font-weight: 400;\">1 Jahr 24 Tage<\/span><\/td>\n<\/tr>\n<tr>\n<td><span style=\"font-weight: 400;\">_gcl_au<\/span><\/td>\n<td><span style=\"font-weight: 400;\">.credimex.ch<\/span><\/td>\n<td>Analytik<\/td>\n<td>Wird von Google Tag Manager zur Verf\u00fcgung gestellt, um die Werbeeffizienz von Websites zu testen, die deren Dienste nutzen.<\/td>\n<td><span style=\"font-weight: 400;\">3 Monate<\/span><\/td>\n<\/tr>\n<tr>\n<td><span style=\"font-weight: 400;\">_ga<\/span><\/td>\n<td><span style=\"font-weight: 400;\">.credimex.ch<\/span><\/td>\n<td>Analytik<\/td>\n<td>Das _ga-Cookie, das von Google Analytics installiert wird, berechnet Besucher-, Sitzungs- und Kampagnendaten und verfolgt auch die Nutzung der Website f\u00fcr den Analysebericht der Website. Das Cookie speichert Informationen anonym und weist eine zuf\u00e4llig generierte Nummer zu, um eindeutige Besucher zu erkennen.<\/td>\n<td><span style=\"font-weight: 400;\">2 Tage<\/span><\/td>\n<\/tr>\n<tr>\n<td><span style=\"font-weight: 400;\">_gid<\/span><\/td>\n<td><span style=\"font-weight: 400;\">.credimex.ch<\/span><\/td>\n<td>Analytik<\/td>\n<td>Das von Google Analytics installierte _gid-Cookie speichert Informationen dar\u00fcber, wie Besucher eine Website nutzen, und erstellt einen Analysebericht \u00fcber die Leistung der Website. Zu den gesammelten Daten geh\u00f6ren die Anzahl der Besucher, ihre Quelle und die Seiten, die sie anonym besuchen.<\/td>\n<td><span style=\"font-weight: 400;\">1 Tag<\/span><\/td>\n<\/tr>\n<tr>\n<td><span style=\"font-weight: 400;\">_gat_UA-76405524-1<\/span><\/td>\n<td><span style=\"font-weight: 400;\">.credimex.ch<\/span><\/td>\n<td>Analytik<\/td>\n<td>Eine Variante des _gat-Cookies, das von Google Analytics und Google Tag Manager gesetzt wird, um Website-Besitzern zu erm\u00f6glichen, das Besucherverhalten zu verfolgen und die Leistung der Website zu messen. Das Musterelement im Namen enth\u00e4lt die eindeutige Identit\u00e4tsnummer des Kontos oder der Website, auf die es sich bezieht.<\/td>\n<td><span style=\"font-weight: 400;\">1 Minute<\/span><\/td>\n<\/tr>\n<tr>\n<td><span style=\"font-weight: 400;\">_hjid<\/span><\/td>\n<td><span style=\"font-weight: 400;\">.credimex.ch<\/span><\/td>\n<td>Analytik<\/td>\n<td><span style=\"font-weight: 400;\">Dies ist ein Hotjar-Cookie, das gesetzt wird, wenn der Kunde zum ersten Mal auf einer Seite landet, die das Hotjar-Skript verwendet.<\/span><\/td>\n<td><span style=\"font-weight: 400;\">1 Jahr<\/span><\/td>\n<\/tr>\n<tr>\n<td><span style=\"font-weight: 400;\">_hjFirstSeen<\/span><\/td>\n<td><span style=\"font-weight: 400;\">.credimex.ch<\/span><\/td>\n<td>Analytik<\/td>\n<td><span style=\"font-weight: 400;\">Hotjar setzt dieses Cookie, um die erste Sitzung eines neuen Benutzers zu identifizieren. Es speichert einen true\/false-Wert, der angibt, ob Hotjar diesen Benutzer zum ersten Mal gesehen hat..<\/span><\/td>\n<td><span style=\"font-weight: 400;\">30 Minuten<\/span><\/td>\n<\/tr>\n<tr>\n<td><span style=\"font-weight: 400;\">_hjIncludedInPageviewSample<\/span><\/td>\n<td><span style=\"font-weight: 400;\">www.credimex.ch<\/span><\/td>\n<td>Analytik<\/td>\n<td><span style=\"font-weight: 400;\">Hotjar setzt dieses Cookie, um zu wissen, ob ein Benutzer in die Datenstichprobe einbezogen wird, die durch das Seitenaufruflimit der Website definiert ist..<\/span><\/td>\n<td><span style=\"font-weight: 400;\">2 Minuten<\/span><\/td>\n<\/tr>\n<tr>\n<td><span style=\"font-weight: 400;\">_hjAbsoluteSessionInProgress<\/span><\/td>\n<td><span style=\"font-weight: 400;\">.credimex.ch<\/span><\/td>\n<td>Analytik<\/td>\n<td>Hotjar setzt dieses Cookie, um den ersten Seitenaufruf eines Benutzers zu erkennen. Dies ist ein True\/False-Flag, das vom Cookie gesetzt wird.<\/td>\n<td><span style=\"font-weight: 400;\">30 Minuten<\/span><\/td>\n<\/tr>\n<tr>\n<td><span style=\"font-weight: 400;\">elementor<\/span><\/td>\n<td><span style=\"font-weight: 400;\">credimex.ch<\/span><\/td>\n<td>Erforderlich<\/td>\n<td>Dieses Cookie wird vom WordPress-Theme der Website verwendet. Es erm\u00f6glicht dem Eigent\u00fcmer der Website, den Inhalt der Website in Echtzeit zu implementieren oder zu \u00e4ndern.<\/td>\n<td>niemals<\/td>\n<\/tr>\n<\/tbody>\n<\/table>\n<h2><span style=\"font-weight: 400;\">Links zu anderen Websites<\/span><\/h2>\n<p><span style=\"font-weight: 400;\">Unsere Website enth\u00e4lt Links zu anderen Websites, die m\u00f6glicherweise personenbezogene Daten \u00fcber Sie sammeln. Die Informationspraktiken dieser mit www.credimex.ch verlinkten Websites werden von dieser Datenschutzrichtlinie nicht abgedeckt. Wir haben keine Kontrolle \u00fcber und \u00fcbernehmen keine Verantwortung f\u00fcr den Inhalt, die Datenschutzrichtlinien oder die Praktiken dieser Websites oder Dienste von Dritten. Wir empfehlen Ihnen dringend, die Datenschutzrichtlinien jeder Website, die Sie besuchen, zu \u00fcberpr\u00fcfen.<\/span><\/p>\n<h2><span style=\"font-weight: 400;\">Kontakt<\/span><\/h2>\n<p>Wenn Sie Fragen zu dieser Datenschutzrichtlinie haben oder glauben, dass Ihre pers\u00f6nlichen Daten nicht korrekt sind, senden Sie bitte eine E-Mail an info@credimex.ch.<\/p>\n<p>Diese Richtlinie unterliegt den Gesetzen der Schweiz und ist entsprechend auszulegen, ungeachtet der Bestimmungen des Kollisionsrechts.<\/p>\n","protected":false},"excerpt":{"rendered":"<p>Was sind Cookies und wie verwenden wir sie? Unsere Website und unsere mobile Website verwenden Cookies, um Informationen \u00fcber Ihren Besuch und Ihre Nutzung unserer Website zu sammeln. Dies hilft uns, den Datenverkehr auf unserer Website zu analysieren und die Website f\u00fcr Sie zu verbessern. Ein Cookie ist eine kleine Datei, die von einem Webserver [&hellip;]<\/p>\n","protected":false},"author":8,"featured_media":0,"parent":0,"menu_order":0,"comment_status":"closed","ping_status":"open","template":"","meta":{"_acf_changed":false,"footnotes":""},"class_list":["post-7394","page","type-page","status-publish","hentry"],"acf":[],"_yoast_wpseo_focuskw":"Datenschutzbestimmungen","_yoast_wpseo_metadesc":"Credimex verpflichtet sich, alle Informationen zu sch\u00fctzen, die Sie bei der Nutzung unserer Website, mobilen Website oder Dienstleistungen angeben.","yoast_head":"<!-- This site is optimized with the Yoast SEO Premium plugin v21.6 (Yoast SEO v27.4) - https:\/\/yoast.com\/product\/yoast-seo-premium-wordpress\/ -->\n<title>Cookies-Politik - CREDIMEX<\/title>\n<meta name=\"description\" content=\"Credimex verpflichtet sich, alle Informationen zu sch\u00fctzen, die Sie bei der Nutzung unserer Website, mobilen Website oder Dienstleistungen angeben.\" \/>\n<meta name=\"robots\" content=\"index, follow, max-snippet:-1, max-image-preview:large, max-video-preview:-1\" \/>\n<link rel=\"canonical\" href=\"https:\/\/www.credimex.ch\/de\/cookies-politik\/\" \/>\n<meta property=\"og:locale\" content=\"de_DE\" \/>\n<meta property=\"og:type\" content=\"article\" \/>\n<meta property=\"og:title\" content=\"Cookies-Politik\" \/>\n<meta property=\"og:description\" content=\"Credimex verpflichtet sich, alle Informationen zu sch\u00fctzen, die Sie bei der Nutzung unserer Website, mobilen Website oder Dienstleistungen angeben.\" \/>\n<meta property=\"og:url\" content=\"https:\/\/www.credimex.ch\/de\/cookies-politik\/\" \/>\n<meta property=\"og:site_name\" content=\"CREDIMEX\" \/>\n<meta property=\"article:publisher\" content=\"https:\/\/www.facebook.com\/credimex.alpnach\/\" \/>\n<meta property=\"article:modified_time\" content=\"2023-05-25T08:10:36+00:00\" \/>\n<meta property=\"og:image\" content=\"https:\/\/www.credimex.ch\/wp-content\/uploads\/2023\/02\/credimex.jpg\" \/>\n\t<meta property=\"og:image:width\" content=\"1331\" \/>\n\t<meta property=\"og:image:height\" content=\"886\" \/>\n\t<meta property=\"og:image:type\" content=\"image\/jpeg\" \/>\n<meta name=\"twitter:card\" content=\"summary_large_image\" \/>\n<meta name=\"twitter:label1\" content=\"Gesch\u00e4tzte Lesezeit\" \/>\n\t<meta name=\"twitter:data1\" content=\"4\u00a0Minuten\" \/>\n<script type=\"application\/ld+json\" class=\"yoast-schema-graph\">{\"@context\":\"https:\\\/\\\/schema.org\",\"@graph\":[{\"@type\":\"WebPage\",\"@id\":\"https:\\\/\\\/www.credimex.ch\\\/de\\\/cookies-politik\\\/\",\"url\":\"https:\\\/\\\/www.credimex.ch\\\/de\\\/cookies-politik\\\/\",\"name\":\"Cookies-Politik - CREDIMEX\",\"isPartOf\":{\"@id\":\"https:\\\/\\\/www.credimex.ch\\\/de\\\/#website\"},\"datePublished\":\"2023-05-25T07:43:49+00:00\",\"dateModified\":\"2023-05-25T08:10:36+00:00\",\"description\":\"Credimex verpflichtet sich, alle Informationen zu sch\u00fctzen, die Sie bei der Nutzung unserer Website, mobilen Website oder Dienstleistungen angeben.\",\"breadcrumb\":{\"@id\":\"https:\\\/\\\/www.credimex.ch\\\/de\\\/cookies-politik\\\/#breadcrumb\"},\"inLanguage\":\"de\",\"potentialAction\":[{\"@type\":\"ReadAction\",\"target\":[\"https:\\\/\\\/www.credimex.ch\\\/de\\\/cookies-politik\\\/\"]}]},{\"@type\":\"BreadcrumbList\",\"@id\":\"https:\\\/\\\/www.credimex.ch\\\/de\\\/cookies-politik\\\/#breadcrumb\",\"itemListElement\":[{\"@type\":\"ListItem\",\"position\":1,\"name\":\"Home\",\"item\":\"https:\\\/\\\/www.credimex.ch\\\/de\\\/\"},{\"@type\":\"ListItem\",\"position\":2,\"name\":\"Cookies-Politik\"}]},{\"@type\":\"WebSite\",\"@id\":\"https:\\\/\\\/www.credimex.ch\\\/de\\\/#website\",\"url\":\"https:\\\/\\\/www.credimex.ch\\\/de\\\/\",\"name\":\"CREDIMEX\",\"description\":\"Partner of Swiss Industrial Market\",\"publisher\":{\"@id\":\"https:\\\/\\\/www.credimex.ch\\\/de\\\/#organization\"},\"potentialAction\":[{\"@type\":\"SearchAction\",\"target\":{\"@type\":\"EntryPoint\",\"urlTemplate\":\"https:\\\/\\\/www.credimex.ch\\\/de\\\/?s={search_term_string}\"},\"query-input\":{\"@type\":\"PropertyValueSpecification\",\"valueRequired\":true,\"valueName\":\"search_term_string\"}}],\"inLanguage\":\"de\"},{\"@type\":\"Organization\",\"@id\":\"https:\\\/\\\/www.credimex.ch\\\/de\\\/#organization\",\"name\":\"credimex\",\"url\":\"https:\\\/\\\/www.credimex.ch\\\/de\\\/\",\"logo\":{\"@type\":\"ImageObject\",\"inLanguage\":\"de\",\"@id\":\"https:\\\/\\\/www.credimex.ch\\\/de\\\/#\\\/schema\\\/logo\\\/image\\\/\",\"url\":\"https:\\\/\\\/www.credimex.ch\\\/wp-content\\\/uploads\\\/2022\\\/03\\\/cropped-logo-credimex.png\",\"contentUrl\":\"https:\\\/\\\/www.credimex.ch\\\/wp-content\\\/uploads\\\/2022\\\/03\\\/cropped-logo-credimex.png\",\"width\":512,\"height\":512,\"caption\":\"credimex\"},\"image\":{\"@id\":\"https:\\\/\\\/www.credimex.ch\\\/de\\\/#\\\/schema\\\/logo\\\/image\\\/\"},\"sameAs\":[\"https:\\\/\\\/www.facebook.com\\\/credimex.alpnach\\\/\",\"https:\\\/\\\/www.linkedin.com\\\/company\\\/credimex\\\/\",\"https:\\\/\\\/www.youtube.com\\\/@CREDIMEX?sub_confirmation=1\"]}]}<\/script>\n<!-- \/ Yoast SEO Premium plugin. -->","yoast_head_json":{"title":"Cookies-Politik - CREDIMEX","description":"Credimex verpflichtet sich, alle Informationen zu sch\u00fctzen, die Sie bei der Nutzung unserer Website, mobilen Website oder Dienstleistungen angeben.","robots":{"index":"index","follow":"follow","max-snippet":"max-snippet:-1","max-image-preview":"max-image-preview:large","max-video-preview":"max-video-preview:-1"},"canonical":"https:\/\/www.credimex.ch\/de\/cookies-politik\/","og_locale":"de_DE","og_type":"article","og_title":"Cookies-Politik","og_description":"Credimex verpflichtet sich, alle Informationen zu sch\u00fctzen, die Sie bei der Nutzung unserer Website, mobilen Website oder Dienstleistungen angeben.","og_url":"https:\/\/www.credimex.ch\/de\/cookies-politik\/","og_site_name":"CREDIMEX","article_publisher":"https:\/\/www.facebook.com\/credimex.alpnach\/","article_modified_time":"2023-05-25T08:10:36+00:00","og_image":[{"width":1331,"height":886,"url":"https:\/\/www.credimex.ch\/wp-content\/uploads\/2023\/02\/credimex.jpg","type":"image\/jpeg"}],"twitter_card":"summary_large_image","twitter_misc":{"Gesch\u00e4tzte Lesezeit":"4\u00a0Minuten"},"schema":{"@context":"https:\/\/schema.org","@graph":[{"@type":"WebPage","@id":"https:\/\/www.credimex.ch\/de\/cookies-politik\/","url":"https:\/\/www.credimex.ch\/de\/cookies-politik\/","name":"Cookies-Politik - CREDIMEX","isPartOf":{"@id":"https:\/\/www.credimex.ch\/de\/#website"},"datePublished":"2023-05-25T07:43:49+00:00","dateModified":"2023-05-25T08:10:36+00:00","description":"Credimex verpflichtet sich, alle Informationen zu sch\u00fctzen, die Sie bei der Nutzung unserer Website, mobilen Website oder Dienstleistungen angeben.","breadcrumb":{"@id":"https:\/\/www.credimex.ch\/de\/cookies-politik\/#breadcrumb"},"inLanguage":"de","potentialAction":[{"@type":"ReadAction","target":["https:\/\/www.credimex.ch\/de\/cookies-politik\/"]}]},{"@type":"BreadcrumbList","@id":"https:\/\/www.credimex.ch\/de\/cookies-politik\/#breadcrumb","itemListElement":[{"@type":"ListItem","position":1,"name":"Home","item":"https:\/\/www.credimex.ch\/de\/"},{"@type":"ListItem","position":2,"name":"Cookies-Politik"}]},{"@type":"WebSite","@id":"https:\/\/www.credimex.ch\/de\/#website","url":"https:\/\/www.credimex.ch\/de\/","name":"CREDIMEX","description":"Partner of Swiss Industrial Market","publisher":{"@id":"https:\/\/www.credimex.ch\/de\/#organization"},"potentialAction":[{"@type":"SearchAction","target":{"@type":"EntryPoint","urlTemplate":"https:\/\/www.credimex.ch\/de\/?s={search_term_string}"},"query-input":{"@type":"PropertyValueSpecification","valueRequired":true,"valueName":"search_term_string"}}],"inLanguage":"de"},{"@type":"Organization","@id":"https:\/\/www.credimex.ch\/de\/#organization","name":"credimex","url":"https:\/\/www.credimex.ch\/de\/","logo":{"@type":"ImageObject","inLanguage":"de","@id":"https:\/\/www.credimex.ch\/de\/#\/schema\/logo\/image\/","url":"https:\/\/www.credimex.ch\/wp-content\/uploads\/2022\/03\/cropped-logo-credimex.png","contentUrl":"https:\/\/www.credimex.ch\/wp-content\/uploads\/2022\/03\/cropped-logo-credimex.png","width":512,"height":512,"caption":"credimex"},"image":{"@id":"https:\/\/www.credimex.ch\/de\/#\/schema\/logo\/image\/"},"sameAs":["https:\/\/www.facebook.com\/credimex.alpnach\/","https:\/\/www.linkedin.com\/company\/credimex\/","https:\/\/www.youtube.com\/@CREDIMEX?sub_confirmation=1"]}]}},"_links":{"self":[{"href":"https:\/\/www.credimex.ch\/de\/wp-json\/wp\/v2\/pages\/7394","targetHints":{"allow":["GET"]}}],"collection":[{"href":"https:\/\/www.credimex.ch\/de\/wp-json\/wp\/v2\/pages"}],"about":[{"href":"https:\/\/www.credimex.ch\/de\/wp-json\/wp\/v2\/types\/page"}],"author":[{"embeddable":true,"href":"https:\/\/www.credimex.ch\/de\/wp-json\/wp\/v2\/users\/8"}],"replies":[{"embeddable":true,"href":"https:\/\/www.credimex.ch\/de\/wp-json\/wp\/v2\/comments?post=7394"}],"version-history":[{"count":3,"href":"https:\/\/www.credimex.ch\/de\/wp-json\/wp\/v2\/pages\/7394\/revisions"}],"predecessor-version":[{"id":7397,"href":"https:\/\/www.credimex.ch\/de\/wp-json\/wp\/v2\/pages\/7394\/revisions\/7397"}],"wp:attachment":[{"href":"https:\/\/www.credimex.ch\/de\/wp-json\/wp\/v2\/media?parent=7394"}],"curies":[{"name":"wp","href":"https:\/\/api.w.org\/{rel}","templated":true}]}}