{"id":3827,"date":"2022-09-09T16:25:33","date_gmt":"2022-09-09T14:25:33","guid":{"rendered":"https:\/\/www.credimex.ch.mialias.net\/product\/molykote-hp-300-schmierfett\/"},"modified":"2026-02-03T11:59:12","modified_gmt":"2026-02-03T10:59:12","slug":"molykote-hp-300-schmiermittel-schmierfett","status":"publish","type":"product","link":"https:\/\/www.credimex.ch\/de\/produkt\/molykote-hp-300-schmiermittel-schmierfett\/","title":{"rendered":"Molykote HP-300-Schmierfett"},"content":{"rendered":"<h3><span style=\"vertical-align: inherit;\">Zusammensetzung Molykote HP-300<\/span><\/h3>\n<ul>\n<li><span style=\"vertical-align: inherit;\">Perfluorpolyether<\/span><\/li>\n<li><span style=\"vertical-align: inherit;\">Fluoriertes Polymer<\/span><\/li>\n<\/ul>\n<h3><span style=\"vertical-align: inherit;\">Eigenschaften Molykote HP-300<\/span><\/h3>\n<ul>\n<li><span style=\"vertical-align: inherit;\">Gute chemische Best\u00e4ndigkeit<\/span><\/li>\n<li><span style=\"vertical-align: inherit;\">Gute oxidative Stabilit\u00e4t<\/span><\/li>\n<li><span style=\"vertical-align: inherit;\">Gute Vertr\u00e4glichkeit von Kunststoff und Gummi<\/span><\/li>\n<li><span style=\"vertical-align: inherit;\">Leistung bei niedrigen Temperaturen<\/span><\/li>\n<li><span style=\"vertical-align: inherit;\">Leistung bei hohen Temperaturen<\/span><\/li>\n<li><span style=\"vertical-align: inherit;\">Breiter Temperaturbereich<\/span><\/li>\n<\/ul>\n<h3><span style=\"vertical-align: inherit;\">Molykote HP-300 Anwendungen<\/span><\/h3>\n<ul>\n<li><span style=\"vertical-align: inherit;\">Es wird h\u00e4ufig unter rauen Bedingungen eingesetzt, z. B. bei niedrigen oder hohen Temperaturen, \u00e4tzenden Stoffen, L\u00f6sungsmitteln, verfl\u00fcssigten Gasen usw.<\/span><\/li>\n<li><span style=\"vertical-align: inherit;\">Anlagen zur Herstellung von Halbleitern, bei denen eine Verfl\u00fcchtigung des Schmierstoffs unerw\u00fcnscht ist.<\/span><\/li>\n<\/ul>\n<p>&nbsp;<\/p>\n","protected":false},"excerpt":{"rendered":"<p><strong><br \/>\n  <span style=\"vertical-align: inherit;\">Molykote HP-300 <\/span><br \/>\n<\/strong><span style=\"vertical-align: inherit;\"> voll fluoridiertes Schmierfett bietet hervorragende Leistung unter extremen Bedingungen.<\/span><\/p>\n","protected":false},"featured_media":3763,"comment_status":"open","ping_status":"closed","template":"","meta":{"_acf_changed":false},"product_brand":[],"product_cat":[369,371,353,370,372,368],"product_tag":[],"class_list":{"0":"post-3827","1":"product","2":"type-product","3":"status-publish","4":"has-post-thumbnail","6":"product_cat-allgemeine-industrie","7":"product_cat-fette","8":"product_cat-industrie-schmierstoffe","9":"product_cat-lebensmittelindustrie","10":"product_cat-lebensmitteltechnische-schmierstoffe","11":"product_cat-molykote","12":"pa_brands-molykote-de","14":"first","15":"instock","16":"shipping-taxable","17":"product-type-simple"},"acf":[],"_yoast_wpseo_focuskw":"Molykote HP-300-Schmierfett","_yoast_wpseo_metadesc":"Molykote HP-300 Schmierfett f\u00fcr industrielle Anwendungen. Erweiterte Schmierung der Komponenten. Kontaktieren Sie uns f\u00fcr ein Angebot und technische Unterst\u00fctzung.","yoast_head":"<!-- This site is optimized with the Yoast SEO Premium plugin v21.6 (Yoast SEO v27.4) - https:\/\/yoast.com\/product\/yoast-seo-premium-wordpress\/ -->\n<title>Molykote HP-300-Schmierfett - CREDIMEX<\/title>\n<meta name=\"description\" content=\"Molykote HP-300 Schmierfett f\u00fcr industrielle Anwendungen. Erweiterte Schmierung der Komponenten. Kontaktieren Sie uns f\u00fcr ein Angebot und technische Unterst\u00fctzung.\" \/>\n<meta name=\"robots\" content=\"index, follow, max-snippet:-1, max-image-preview:large, max-video-preview:-1\" \/>\n<link rel=\"canonical\" href=\"https:\/\/www.credimex.ch\/de\/produkt\/molykote-hp-300-schmiermittel-schmierfett\/\" \/>\n<meta property=\"og:locale\" content=\"de_DE\" \/>\n<meta property=\"og:type\" content=\"article\" \/>\n<meta property=\"og:title\" content=\"Molykote HP-300-Schmierfett\" \/>\n<meta property=\"og:description\" content=\"Molykote HP-300 Schmierfett f\u00fcr industrielle Anwendungen. Erweiterte Schmierung der Komponenten. Kontaktieren Sie uns f\u00fcr ein Angebot und technische Unterst\u00fctzung.\" \/>\n<meta property=\"og:url\" content=\"https:\/\/www.credimex.ch\/de\/produkt\/molykote-hp-300-schmiermittel-schmierfett\/\" \/>\n<meta property=\"og:site_name\" content=\"CREDIMEX\" \/>\n<meta property=\"article:publisher\" content=\"https:\/\/www.facebook.com\/credimex.alpnach\/\" \/>\n<meta property=\"article:modified_time\" content=\"2026-02-03T10:59:12+00:00\" \/>\n<meta property=\"og:image\" content=\"https:\/\/www.credimex.ch\/wp-content\/uploads\/2022\/09\/MOLYKOTE\u2122-HP-300.jpg\" \/>\n\t<meta property=\"og:image:width\" content=\"400\" \/>\n\t<meta property=\"og:image:height\" content=\"400\" \/>\n\t<meta property=\"og:image:type\" content=\"image\/jpeg\" \/>\n<meta name=\"twitter:card\" content=\"summary_large_image\" \/>\n<meta name=\"twitter:label1\" content=\"Gesch\u00e4tzte Lesezeit\" \/>\n\t<meta name=\"twitter:data1\" content=\"1\u00a0Minute\" \/>\n<script type=\"application\/ld+json\" class=\"yoast-schema-graph\">{\"@context\":\"https:\\\/\\\/schema.org\",\"@graph\":[{\"@type\":\"WebPage\",\"@id\":\"https:\\\/\\\/www.credimex.ch\\\/de\\\/produkt\\\/molykote-hp-300-schmiermittel-schmierfett\\\/\",\"url\":\"https:\\\/\\\/www.credimex.ch\\\/de\\\/produkt\\\/molykote-hp-300-schmiermittel-schmierfett\\\/\",\"name\":\"Molykote HP-300-Schmierfett - CREDIMEX\",\"isPartOf\":{\"@id\":\"https:\\\/\\\/www.credimex.ch\\\/de\\\/#website\"},\"primaryImageOfPage\":{\"@id\":\"https:\\\/\\\/www.credimex.ch\\\/de\\\/produkt\\\/molykote-hp-300-schmiermittel-schmierfett\\\/#primaryimage\"},\"image\":{\"@id\":\"https:\\\/\\\/www.credimex.ch\\\/de\\\/produkt\\\/molykote-hp-300-schmiermittel-schmierfett\\\/#primaryimage\"},\"thumbnailUrl\":\"https:\\\/\\\/www.credimex.ch\\\/wp-content\\\/uploads\\\/2022\\\/09\\\/MOLYKOTE\u2122-HP-300.jpg\",\"datePublished\":\"2022-09-09T14:25:33+00:00\",\"dateModified\":\"2026-02-03T10:59:12+00:00\",\"description\":\"Molykote HP-300 Schmierfett f\u00fcr industrielle Anwendungen. Erweiterte Schmierung der Komponenten. Kontaktieren Sie uns f\u00fcr ein Angebot und technische Unterst\u00fctzung.\",\"breadcrumb\":{\"@id\":\"https:\\\/\\\/www.credimex.ch\\\/de\\\/produkt\\\/molykote-hp-300-schmiermittel-schmierfett\\\/#breadcrumb\"},\"inLanguage\":\"de\",\"potentialAction\":[{\"@type\":\"ReadAction\",\"target\":[\"https:\\\/\\\/www.credimex.ch\\\/de\\\/produkt\\\/molykote-hp-300-schmiermittel-schmierfett\\\/\"]}]},{\"@type\":\"ImageObject\",\"inLanguage\":\"de\",\"@id\":\"https:\\\/\\\/www.credimex.ch\\\/de\\\/produkt\\\/molykote-hp-300-schmiermittel-schmierfett\\\/#primaryimage\",\"url\":\"https:\\\/\\\/www.credimex.ch\\\/wp-content\\\/uploads\\\/2022\\\/09\\\/MOLYKOTE\u2122-HP-300.jpg\",\"contentUrl\":\"https:\\\/\\\/www.credimex.ch\\\/wp-content\\\/uploads\\\/2022\\\/09\\\/MOLYKOTE\u2122-HP-300.jpg\",\"width\":400,\"height\":400},{\"@type\":\"BreadcrumbList\",\"@id\":\"https:\\\/\\\/www.credimex.ch\\\/de\\\/produkt\\\/molykote-hp-300-schmiermittel-schmierfett\\\/#breadcrumb\",\"itemListElement\":[{\"@type\":\"ListItem\",\"position\":1,\"name\":\"Home\",\"item\":\"https:\\\/\\\/www.credimex.ch\\\/de\\\/\"},{\"@type\":\"ListItem\",\"position\":2,\"name\":\"Produkte\",\"item\":\"https:\\\/\\\/www.credimex.ch\\\/de\\\/produkte\\\/\"},{\"@type\":\"ListItem\",\"position\":3,\"name\":\"Molykote HP-300-Schmierfett\"}]},{\"@type\":\"WebSite\",\"@id\":\"https:\\\/\\\/www.credimex.ch\\\/de\\\/#website\",\"url\":\"https:\\\/\\\/www.credimex.ch\\\/de\\\/\",\"name\":\"CREDIMEX\",\"description\":\"Partner of Swiss Industrial Market\",\"publisher\":{\"@id\":\"https:\\\/\\\/www.credimex.ch\\\/de\\\/#organization\"},\"potentialAction\":[{\"@type\":\"SearchAction\",\"target\":{\"@type\":\"EntryPoint\",\"urlTemplate\":\"https:\\\/\\\/www.credimex.ch\\\/de\\\/?s={search_term_string}\"},\"query-input\":{\"@type\":\"PropertyValueSpecification\",\"valueRequired\":true,\"valueName\":\"search_term_string\"}}],\"inLanguage\":\"de\"},{\"@type\":\"Organization\",\"@id\":\"https:\\\/\\\/www.credimex.ch\\\/de\\\/#organization\",\"name\":\"credimex\",\"url\":\"https:\\\/\\\/www.credimex.ch\\\/de\\\/\",\"logo\":{\"@type\":\"ImageObject\",\"inLanguage\":\"de\",\"@id\":\"https:\\\/\\\/www.credimex.ch\\\/de\\\/#\\\/schema\\\/logo\\\/image\\\/\",\"url\":\"https:\\\/\\\/www.credimex.ch\\\/wp-content\\\/uploads\\\/2022\\\/03\\\/cropped-logo-credimex.png\",\"contentUrl\":\"https:\\\/\\\/www.credimex.ch\\\/wp-content\\\/uploads\\\/2022\\\/03\\\/cropped-logo-credimex.png\",\"width\":512,\"height\":512,\"caption\":\"credimex\"},\"image\":{\"@id\":\"https:\\\/\\\/www.credimex.ch\\\/de\\\/#\\\/schema\\\/logo\\\/image\\\/\"},\"sameAs\":[\"https:\\\/\\\/www.facebook.com\\\/credimex.alpnach\\\/\",\"https:\\\/\\\/www.linkedin.com\\\/company\\\/credimex\\\/\",\"https:\\\/\\\/www.youtube.com\\\/@CREDIMEX?sub_confirmation=1\"]}]}<\/script>\n<!-- \/ Yoast SEO Premium plugin. -->","yoast_head_json":{"title":"Molykote HP-300-Schmierfett - CREDIMEX","description":"Molykote HP-300 Schmierfett f\u00fcr industrielle Anwendungen. Erweiterte Schmierung der Komponenten. Kontaktieren Sie uns f\u00fcr ein Angebot und technische Unterst\u00fctzung.","robots":{"index":"index","follow":"follow","max-snippet":"max-snippet:-1","max-image-preview":"max-image-preview:large","max-video-preview":"max-video-preview:-1"},"canonical":"https:\/\/www.credimex.ch\/de\/produkt\/molykote-hp-300-schmiermittel-schmierfett\/","og_locale":"de_DE","og_type":"article","og_title":"Molykote HP-300-Schmierfett","og_description":"Molykote HP-300 Schmierfett f\u00fcr industrielle Anwendungen. Erweiterte Schmierung der Komponenten. Kontaktieren Sie uns f\u00fcr ein Angebot und technische Unterst\u00fctzung.","og_url":"https:\/\/www.credimex.ch\/de\/produkt\/molykote-hp-300-schmiermittel-schmierfett\/","og_site_name":"CREDIMEX","article_publisher":"https:\/\/www.facebook.com\/credimex.alpnach\/","article_modified_time":"2026-02-03T10:59:12+00:00","og_image":[{"width":400,"height":400,"url":"https:\/\/www.credimex.ch\/wp-content\/uploads\/2022\/09\/MOLYKOTE\u2122-HP-300.jpg","type":"image\/jpeg"}],"twitter_card":"summary_large_image","twitter_misc":{"Gesch\u00e4tzte Lesezeit":"1\u00a0Minute"},"schema":{"@context":"https:\/\/schema.org","@graph":[{"@type":"WebPage","@id":"https:\/\/www.credimex.ch\/de\/produkt\/molykote-hp-300-schmiermittel-schmierfett\/","url":"https:\/\/www.credimex.ch\/de\/produkt\/molykote-hp-300-schmiermittel-schmierfett\/","name":"Molykote HP-300-Schmierfett - CREDIMEX","isPartOf":{"@id":"https:\/\/www.credimex.ch\/de\/#website"},"primaryImageOfPage":{"@id":"https:\/\/www.credimex.ch\/de\/produkt\/molykote-hp-300-schmiermittel-schmierfett\/#primaryimage"},"image":{"@id":"https:\/\/www.credimex.ch\/de\/produkt\/molykote-hp-300-schmiermittel-schmierfett\/#primaryimage"},"thumbnailUrl":"https:\/\/www.credimex.ch\/wp-content\/uploads\/2022\/09\/MOLYKOTE\u2122-HP-300.jpg","datePublished":"2022-09-09T14:25:33+00:00","dateModified":"2026-02-03T10:59:12+00:00","description":"Molykote HP-300 Schmierfett f\u00fcr industrielle Anwendungen. Erweiterte Schmierung der Komponenten. Kontaktieren Sie uns f\u00fcr ein Angebot und technische Unterst\u00fctzung.","breadcrumb":{"@id":"https:\/\/www.credimex.ch\/de\/produkt\/molykote-hp-300-schmiermittel-schmierfett\/#breadcrumb"},"inLanguage":"de","potentialAction":[{"@type":"ReadAction","target":["https:\/\/www.credimex.ch\/de\/produkt\/molykote-hp-300-schmiermittel-schmierfett\/"]}]},{"@type":"ImageObject","inLanguage":"de","@id":"https:\/\/www.credimex.ch\/de\/produkt\/molykote-hp-300-schmiermittel-schmierfett\/#primaryimage","url":"https:\/\/www.credimex.ch\/wp-content\/uploads\/2022\/09\/MOLYKOTE\u2122-HP-300.jpg","contentUrl":"https:\/\/www.credimex.ch\/wp-content\/uploads\/2022\/09\/MOLYKOTE\u2122-HP-300.jpg","width":400,"height":400},{"@type":"BreadcrumbList","@id":"https:\/\/www.credimex.ch\/de\/produkt\/molykote-hp-300-schmiermittel-schmierfett\/#breadcrumb","itemListElement":[{"@type":"ListItem","position":1,"name":"Home","item":"https:\/\/www.credimex.ch\/de\/"},{"@type":"ListItem","position":2,"name":"Produkte","item":"https:\/\/www.credimex.ch\/de\/produkte\/"},{"@type":"ListItem","position":3,"name":"Molykote HP-300-Schmierfett"}]},{"@type":"WebSite","@id":"https:\/\/www.credimex.ch\/de\/#website","url":"https:\/\/www.credimex.ch\/de\/","name":"CREDIMEX","description":"Partner of Swiss Industrial Market","publisher":{"@id":"https:\/\/www.credimex.ch\/de\/#organization"},"potentialAction":[{"@type":"SearchAction","target":{"@type":"EntryPoint","urlTemplate":"https:\/\/www.credimex.ch\/de\/?s={search_term_string}"},"query-input":{"@type":"PropertyValueSpecification","valueRequired":true,"valueName":"search_term_string"}}],"inLanguage":"de"},{"@type":"Organization","@id":"https:\/\/www.credimex.ch\/de\/#organization","name":"credimex","url":"https:\/\/www.credimex.ch\/de\/","logo":{"@type":"ImageObject","inLanguage":"de","@id":"https:\/\/www.credimex.ch\/de\/#\/schema\/logo\/image\/","url":"https:\/\/www.credimex.ch\/wp-content\/uploads\/2022\/03\/cropped-logo-credimex.png","contentUrl":"https:\/\/www.credimex.ch\/wp-content\/uploads\/2022\/03\/cropped-logo-credimex.png","width":512,"height":512,"caption":"credimex"},"image":{"@id":"https:\/\/www.credimex.ch\/de\/#\/schema\/logo\/image\/"},"sameAs":["https:\/\/www.facebook.com\/credimex.alpnach\/","https:\/\/www.linkedin.com\/company\/credimex\/","https:\/\/www.youtube.com\/@CREDIMEX?sub_confirmation=1"]}]}},"_links":{"self":[{"href":"https:\/\/www.credimex.ch\/de\/wp-json\/wp\/v2\/product\/3827","targetHints":{"allow":["GET"]}}],"collection":[{"href":"https:\/\/www.credimex.ch\/de\/wp-json\/wp\/v2\/product"}],"about":[{"href":"https:\/\/www.credimex.ch\/de\/wp-json\/wp\/v2\/types\/product"}],"replies":[{"embeddable":true,"href":"https:\/\/www.credimex.ch\/de\/wp-json\/wp\/v2\/comments?post=3827"}],"wp:featuredmedia":[{"embeddable":true,"href":"https:\/\/www.credimex.ch\/de\/wp-json\/wp\/v2\/media\/3763"}],"wp:attachment":[{"href":"https:\/\/www.credimex.ch\/de\/wp-json\/wp\/v2\/media?parent=3827"}],"wp:term":[{"taxonomy":"product_brand","embeddable":true,"href":"https:\/\/www.credimex.ch\/de\/wp-json\/wp\/v2\/product_brand?post=3827"},{"taxonomy":"product_cat","embeddable":true,"href":"https:\/\/www.credimex.ch\/de\/wp-json\/wp\/v2\/product_cat?post=3827"},{"taxonomy":"product_tag","embeddable":true,"href":"https:\/\/www.credimex.ch\/de\/wp-json\/wp\/v2\/product_tag?post=3827"}],"curies":[{"name":"wp","href":"https:\/\/api.w.org\/{rel}","templated":true}]}}