{"id":3831,"date":"2022-09-09T16:18:06","date_gmt":"2022-09-09T14:18:06","guid":{"rendered":"https:\/\/www.credimex.ch.mialias.net\/product\/molykote-multilub\/"},"modified":"2022-12-28T11:19:35","modified_gmt":"2022-12-28T10:19:35","slug":"molykote-multilub","status":"publish","type":"product","link":"https:\/\/www.credimex.ch\/de\/produkt\/molykote-multilub\/","title":{"rendered":"Molykote Multilub"},"content":{"rendered":"<p><span style=\"vertical-align: inherit;\">Molykote Multilub ist ein Fett, das f\u00fcr alle Arten von Hebevorrichtungen, Gleitf\u00fchrungen und -rollen, Lagern usw. auch in Gegenwart von Feuchtigkeit verwendet wird.<\/span><\/p>\n<h3><span style=\"vertical-align: inherit;\">Zusammensetzung Molykote Multilub<\/span><\/h3>\n<ul>\n<li><span style=\"vertical-align: inherit;\">Mineral\u00f6l<\/span><\/li>\n<li><span style=\"vertical-align: inherit;\">Lithiumseife<\/span><\/li>\n<li><span style=\"vertical-align: inherit;\">EP-Zusatzstoff<\/span><\/li>\n<li><span style=\"vertical-align: inherit;\">Korrosionsschutzmittel<\/span><\/li>\n<\/ul>\n<h3><span style=\"vertical-align: inherit;\">Eigenschaften Molykote Multilub<\/span><\/h3>\n<ul>\n<li><span style=\"vertical-align: inherit;\">Gute Tragf\u00e4higkeit<\/span><\/li>\n<li><span style=\"vertical-align: inherit;\">Geeignet f\u00fcr Langzeitschmierung durch geringe \u00d6lverdunstung<\/span><\/li>\n<li><span style=\"vertical-align: inherit;\">Gute Best\u00e4ndigkeit beim Waschen mit Wasser<\/span><\/li>\n<li><span style=\"vertical-align: inherit;\">Guter Korrosionsschutz (Korrosionsgrad 0-1 im SKF-Emcor-Test)<\/span><\/li>\n<li><span style=\"vertical-align: inherit;\">Gute Oxidationsbest\u00e4ndigkeit<\/span><\/li>\n<li><span style=\"vertical-align: inherit;\">Verringerung von Verschleiss und Streifenbildung<\/span><\/li>\n<\/ul>\n<h3><span style=\"vertical-align: inherit;\">Molykote Multilub Anwendungen<\/span><\/h3>\n<ul>\n<li><span style=\"vertical-align: inherit;\">Schmierkontakte mit leichten bis mittleren Lasten und niedrigen bis hohen Geschwindigkeiten, auch bei Feuchtigkeit und Spritzwasser.<\/span><\/li>\n<li><span style=\"vertical-align: inherit;\">Es wird in Rollenlagern, Gleitlagern, Gleitf\u00fchrungen, Rollenf\u00fchrungen, Kugelgelenken, Keilwellen und Gewindespindeln verwendet.<\/span><\/li>\n<li><span style=\"vertical-align: inherit;\">Es wird f\u00fcr die Schmierung des Fahrgestells von Kr\u00e4nen, Gabelstaplern und Hebevorrichtungen verwendet.<\/span><\/li>\n<\/ul>\n","protected":false},"excerpt":{"rendered":"<p><strong><br \/>\n  <span style=\"vertical-align: inherit;\">Molykote Multilub<\/span><br \/>\n<\/strong><span style=\"vertical-align: inherit;\"> ist ein Hochleistungsfett f\u00fcr Metall\/Metall-Kombinationen mit langsamen bis schnellen Bewegungen und mittleren bis hohen Belastungen. <\/span><span style=\"vertical-align: inherit;\">Molykote<\/span><span style=\"vertical-align: inherit;\"> ist seit mehr als 60 Jahren f\u00fchrend auf dem Gebiet der Industrieschmierstoffe.<\/span><\/p>\n","protected":false},"featured_media":3761,"comment_status":"open","ping_status":"closed","template":"","meta":{"_acf_changed":false},"product_brand":[],"product_cat":[369,380,390,368,392,391],"product_tag":[],"class_list":{"0":"post-3831","1":"product","2":"type-product","3":"status-publish","4":"has-post-thumbnail","6":"product_cat-allgemeine-industrie","7":"product_cat-e-mobilitat","8":"product_cat-energie","9":"product_cat-molykote","10":"product_cat-solarenergie","11":"product_cat-wasserkraftwerk","12":"pa_brands-molykote-de","14":"first","15":"instock","16":"shipping-taxable","17":"product-type-simple"},"acf":[],"_yoast_wpseo_focuskw":"Molykote Multilub","_yoast_wpseo_metadesc":"Molykote Multilub Industrie-Schmierfett f\u00fcr eine verl\u00e4ngerte Lebensdauer von Bauteilen. Kontaktieren Sie uns f\u00fcr ein Angebot und technische Unterst\u00fctzung.","yoast_head":"<!-- This site is optimized with the Yoast SEO Premium plugin v21.6 (Yoast SEO v27.4) - https:\/\/yoast.com\/product\/yoast-seo-premium-wordpress\/ -->\n<title>Molykote Multilub - CREDIMEX<\/title>\n<meta name=\"description\" content=\"Molykote Multilub Industrie-Schmierfett f\u00fcr eine verl\u00e4ngerte Lebensdauer von Bauteilen. Kontaktieren Sie uns f\u00fcr ein Angebot und technische Unterst\u00fctzung.\" \/>\n<meta name=\"robots\" content=\"index, follow, max-snippet:-1, max-image-preview:large, max-video-preview:-1\" \/>\n<link rel=\"canonical\" href=\"https:\/\/www.credimex.ch\/de\/produkt\/molykote-multilub\/\" \/>\n<meta property=\"og:locale\" content=\"de_DE\" \/>\n<meta property=\"og:type\" content=\"article\" \/>\n<meta property=\"og:title\" content=\"Molykote Multilub\" \/>\n<meta property=\"og:description\" content=\"Molykote Multilub Industrie-Schmierfett f\u00fcr eine verl\u00e4ngerte Lebensdauer von Bauteilen. Kontaktieren Sie uns f\u00fcr ein Angebot und technische Unterst\u00fctzung.\" \/>\n<meta property=\"og:url\" content=\"https:\/\/www.credimex.ch\/de\/produkt\/molykote-multilub\/\" \/>\n<meta property=\"og:site_name\" content=\"CREDIMEX\" \/>\n<meta property=\"article:publisher\" content=\"https:\/\/www.facebook.com\/credimex.alpnach\/\" \/>\n<meta property=\"article:modified_time\" content=\"2022-12-28T10:19:35+00:00\" \/>\n<meta property=\"og:image\" content=\"https:\/\/www.credimex.ch\/wp-content\/uploads\/2022\/09\/Molykote_Generic_1_Can.png\" \/>\n\t<meta property=\"og:image:width\" content=\"400\" \/>\n\t<meta property=\"og:image:height\" content=\"400\" \/>\n\t<meta property=\"og:image:type\" content=\"image\/png\" \/>\n<meta name=\"twitter:card\" content=\"summary_large_image\" \/>\n<meta name=\"twitter:label1\" content=\"Gesch\u00e4tzte Lesezeit\" \/>\n\t<meta name=\"twitter:data1\" content=\"1\u00a0Minute\" \/>\n<script type=\"application\/ld+json\" class=\"yoast-schema-graph\">{\"@context\":\"https:\\\/\\\/schema.org\",\"@graph\":[{\"@type\":\"WebPage\",\"@id\":\"https:\\\/\\\/www.credimex.ch\\\/de\\\/produkt\\\/molykote-multilub\\\/\",\"url\":\"https:\\\/\\\/www.credimex.ch\\\/de\\\/produkt\\\/molykote-multilub\\\/\",\"name\":\"Molykote Multilub - CREDIMEX\",\"isPartOf\":{\"@id\":\"https:\\\/\\\/www.credimex.ch\\\/de\\\/#website\"},\"primaryImageOfPage\":{\"@id\":\"https:\\\/\\\/www.credimex.ch\\\/de\\\/produkt\\\/molykote-multilub\\\/#primaryimage\"},\"image\":{\"@id\":\"https:\\\/\\\/www.credimex.ch\\\/de\\\/produkt\\\/molykote-multilub\\\/#primaryimage\"},\"thumbnailUrl\":\"https:\\\/\\\/www.credimex.ch\\\/wp-content\\\/uploads\\\/2022\\\/09\\\/Molykote_Generic_1_Can.png\",\"datePublished\":\"2022-09-09T14:18:06+00:00\",\"dateModified\":\"2022-12-28T10:19:35+00:00\",\"description\":\"Molykote Multilub Industrie-Schmierfett f\u00fcr eine verl\u00e4ngerte Lebensdauer von Bauteilen. Kontaktieren Sie uns f\u00fcr ein Angebot und technische Unterst\u00fctzung.\",\"breadcrumb\":{\"@id\":\"https:\\\/\\\/www.credimex.ch\\\/de\\\/produkt\\\/molykote-multilub\\\/#breadcrumb\"},\"inLanguage\":\"de\",\"potentialAction\":[{\"@type\":\"ReadAction\",\"target\":[\"https:\\\/\\\/www.credimex.ch\\\/de\\\/produkt\\\/molykote-multilub\\\/\"]}]},{\"@type\":\"ImageObject\",\"inLanguage\":\"de\",\"@id\":\"https:\\\/\\\/www.credimex.ch\\\/de\\\/produkt\\\/molykote-multilub\\\/#primaryimage\",\"url\":\"https:\\\/\\\/www.credimex.ch\\\/wp-content\\\/uploads\\\/2022\\\/09\\\/Molykote_Generic_1_Can.png\",\"contentUrl\":\"https:\\\/\\\/www.credimex.ch\\\/wp-content\\\/uploads\\\/2022\\\/09\\\/Molykote_Generic_1_Can.png\",\"width\":400,\"height\":400},{\"@type\":\"BreadcrumbList\",\"@id\":\"https:\\\/\\\/www.credimex.ch\\\/de\\\/produkt\\\/molykote-multilub\\\/#breadcrumb\",\"itemListElement\":[{\"@type\":\"ListItem\",\"position\":1,\"name\":\"Home\",\"item\":\"https:\\\/\\\/www.credimex.ch\\\/de\\\/\"},{\"@type\":\"ListItem\",\"position\":2,\"name\":\"Produkte\",\"item\":\"https:\\\/\\\/www.credimex.ch\\\/de\\\/produkte\\\/\"},{\"@type\":\"ListItem\",\"position\":3,\"name\":\"Molykote Multilub\"}]},{\"@type\":\"WebSite\",\"@id\":\"https:\\\/\\\/www.credimex.ch\\\/de\\\/#website\",\"url\":\"https:\\\/\\\/www.credimex.ch\\\/de\\\/\",\"name\":\"CREDIMEX\",\"description\":\"Partner of Swiss Industrial Market\",\"publisher\":{\"@id\":\"https:\\\/\\\/www.credimex.ch\\\/de\\\/#organization\"},\"potentialAction\":[{\"@type\":\"SearchAction\",\"target\":{\"@type\":\"EntryPoint\",\"urlTemplate\":\"https:\\\/\\\/www.credimex.ch\\\/de\\\/?s={search_term_string}\"},\"query-input\":{\"@type\":\"PropertyValueSpecification\",\"valueRequired\":true,\"valueName\":\"search_term_string\"}}],\"inLanguage\":\"de\"},{\"@type\":\"Organization\",\"@id\":\"https:\\\/\\\/www.credimex.ch\\\/de\\\/#organization\",\"name\":\"credimex\",\"url\":\"https:\\\/\\\/www.credimex.ch\\\/de\\\/\",\"logo\":{\"@type\":\"ImageObject\",\"inLanguage\":\"de\",\"@id\":\"https:\\\/\\\/www.credimex.ch\\\/de\\\/#\\\/schema\\\/logo\\\/image\\\/\",\"url\":\"https:\\\/\\\/www.credimex.ch\\\/wp-content\\\/uploads\\\/2022\\\/03\\\/cropped-logo-credimex.png\",\"contentUrl\":\"https:\\\/\\\/www.credimex.ch\\\/wp-content\\\/uploads\\\/2022\\\/03\\\/cropped-logo-credimex.png\",\"width\":512,\"height\":512,\"caption\":\"credimex\"},\"image\":{\"@id\":\"https:\\\/\\\/www.credimex.ch\\\/de\\\/#\\\/schema\\\/logo\\\/image\\\/\"},\"sameAs\":[\"https:\\\/\\\/www.facebook.com\\\/credimex.alpnach\\\/\",\"https:\\\/\\\/www.linkedin.com\\\/company\\\/credimex\\\/\",\"https:\\\/\\\/www.youtube.com\\\/@CREDIMEX?sub_confirmation=1\"]}]}<\/script>\n<!-- \/ Yoast SEO Premium plugin. -->","yoast_head_json":{"title":"Molykote Multilub - CREDIMEX","description":"Molykote Multilub Industrie-Schmierfett f\u00fcr eine verl\u00e4ngerte Lebensdauer von Bauteilen. Kontaktieren Sie uns f\u00fcr ein Angebot und technische Unterst\u00fctzung.","robots":{"index":"index","follow":"follow","max-snippet":"max-snippet:-1","max-image-preview":"max-image-preview:large","max-video-preview":"max-video-preview:-1"},"canonical":"https:\/\/www.credimex.ch\/de\/produkt\/molykote-multilub\/","og_locale":"de_DE","og_type":"article","og_title":"Molykote Multilub","og_description":"Molykote Multilub Industrie-Schmierfett f\u00fcr eine verl\u00e4ngerte Lebensdauer von Bauteilen. Kontaktieren Sie uns f\u00fcr ein Angebot und technische Unterst\u00fctzung.","og_url":"https:\/\/www.credimex.ch\/de\/produkt\/molykote-multilub\/","og_site_name":"CREDIMEX","article_publisher":"https:\/\/www.facebook.com\/credimex.alpnach\/","article_modified_time":"2022-12-28T10:19:35+00:00","og_image":[{"width":400,"height":400,"url":"https:\/\/www.credimex.ch\/wp-content\/uploads\/2022\/09\/Molykote_Generic_1_Can.png","type":"image\/png"}],"twitter_card":"summary_large_image","twitter_misc":{"Gesch\u00e4tzte Lesezeit":"1\u00a0Minute"},"schema":{"@context":"https:\/\/schema.org","@graph":[{"@type":"WebPage","@id":"https:\/\/www.credimex.ch\/de\/produkt\/molykote-multilub\/","url":"https:\/\/www.credimex.ch\/de\/produkt\/molykote-multilub\/","name":"Molykote Multilub - CREDIMEX","isPartOf":{"@id":"https:\/\/www.credimex.ch\/de\/#website"},"primaryImageOfPage":{"@id":"https:\/\/www.credimex.ch\/de\/produkt\/molykote-multilub\/#primaryimage"},"image":{"@id":"https:\/\/www.credimex.ch\/de\/produkt\/molykote-multilub\/#primaryimage"},"thumbnailUrl":"https:\/\/www.credimex.ch\/wp-content\/uploads\/2022\/09\/Molykote_Generic_1_Can.png","datePublished":"2022-09-09T14:18:06+00:00","dateModified":"2022-12-28T10:19:35+00:00","description":"Molykote Multilub Industrie-Schmierfett f\u00fcr eine verl\u00e4ngerte Lebensdauer von Bauteilen. Kontaktieren Sie uns f\u00fcr ein Angebot und technische Unterst\u00fctzung.","breadcrumb":{"@id":"https:\/\/www.credimex.ch\/de\/produkt\/molykote-multilub\/#breadcrumb"},"inLanguage":"de","potentialAction":[{"@type":"ReadAction","target":["https:\/\/www.credimex.ch\/de\/produkt\/molykote-multilub\/"]}]},{"@type":"ImageObject","inLanguage":"de","@id":"https:\/\/www.credimex.ch\/de\/produkt\/molykote-multilub\/#primaryimage","url":"https:\/\/www.credimex.ch\/wp-content\/uploads\/2022\/09\/Molykote_Generic_1_Can.png","contentUrl":"https:\/\/www.credimex.ch\/wp-content\/uploads\/2022\/09\/Molykote_Generic_1_Can.png","width":400,"height":400},{"@type":"BreadcrumbList","@id":"https:\/\/www.credimex.ch\/de\/produkt\/molykote-multilub\/#breadcrumb","itemListElement":[{"@type":"ListItem","position":1,"name":"Home","item":"https:\/\/www.credimex.ch\/de\/"},{"@type":"ListItem","position":2,"name":"Produkte","item":"https:\/\/www.credimex.ch\/de\/produkte\/"},{"@type":"ListItem","position":3,"name":"Molykote Multilub"}]},{"@type":"WebSite","@id":"https:\/\/www.credimex.ch\/de\/#website","url":"https:\/\/www.credimex.ch\/de\/","name":"CREDIMEX","description":"Partner of Swiss Industrial Market","publisher":{"@id":"https:\/\/www.credimex.ch\/de\/#organization"},"potentialAction":[{"@type":"SearchAction","target":{"@type":"EntryPoint","urlTemplate":"https:\/\/www.credimex.ch\/de\/?s={search_term_string}"},"query-input":{"@type":"PropertyValueSpecification","valueRequired":true,"valueName":"search_term_string"}}],"inLanguage":"de"},{"@type":"Organization","@id":"https:\/\/www.credimex.ch\/de\/#organization","name":"credimex","url":"https:\/\/www.credimex.ch\/de\/","logo":{"@type":"ImageObject","inLanguage":"de","@id":"https:\/\/www.credimex.ch\/de\/#\/schema\/logo\/image\/","url":"https:\/\/www.credimex.ch\/wp-content\/uploads\/2022\/03\/cropped-logo-credimex.png","contentUrl":"https:\/\/www.credimex.ch\/wp-content\/uploads\/2022\/03\/cropped-logo-credimex.png","width":512,"height":512,"caption":"credimex"},"image":{"@id":"https:\/\/www.credimex.ch\/de\/#\/schema\/logo\/image\/"},"sameAs":["https:\/\/www.facebook.com\/credimex.alpnach\/","https:\/\/www.linkedin.com\/company\/credimex\/","https:\/\/www.youtube.com\/@CREDIMEX?sub_confirmation=1"]}]}},"_links":{"self":[{"href":"https:\/\/www.credimex.ch\/de\/wp-json\/wp\/v2\/product\/3831","targetHints":{"allow":["GET"]}}],"collection":[{"href":"https:\/\/www.credimex.ch\/de\/wp-json\/wp\/v2\/product"}],"about":[{"href":"https:\/\/www.credimex.ch\/de\/wp-json\/wp\/v2\/types\/product"}],"replies":[{"embeddable":true,"href":"https:\/\/www.credimex.ch\/de\/wp-json\/wp\/v2\/comments?post=3831"}],"wp:featuredmedia":[{"embeddable":true,"href":"https:\/\/www.credimex.ch\/de\/wp-json\/wp\/v2\/media\/3761"}],"wp:attachment":[{"href":"https:\/\/www.credimex.ch\/de\/wp-json\/wp\/v2\/media?parent=3831"}],"wp:term":[{"taxonomy":"product_brand","embeddable":true,"href":"https:\/\/www.credimex.ch\/de\/wp-json\/wp\/v2\/product_brand?post=3831"},{"taxonomy":"product_cat","embeddable":true,"href":"https:\/\/www.credimex.ch\/de\/wp-json\/wp\/v2\/product_cat?post=3831"},{"taxonomy":"product_tag","embeddable":true,"href":"https:\/\/www.credimex.ch\/de\/wp-json\/wp\/v2\/product_tag?post=3831"}],"curies":[{"name":"wp","href":"https:\/\/api.w.org\/{rel}","templated":true}]}}