{"id":3843,"date":"2022-09-09T15:56:32","date_gmt":"2022-09-09T13:56:32","guid":{"rendered":"https:\/\/www.credimex.ch.mialias.net\/product\/molykote-4-elektrische-isoliermasse\/"},"modified":"2023-04-04T07:51:48","modified_gmt":"2023-04-04T05:51:48","slug":"molykote-4-elektrische-isolierende-verbindung","status":"publish","type":"product","link":"https:\/\/www.credimex.ch\/de\/produkt\/molykote-4-elektrische-isolierende-verbindung\/","title":{"rendered":"MOLYKOTE\u00ae 4 Elektrisch isolierender Compound"},"content":{"rendered":"<h3>Eigenschaften von MOLYKOTE\u00ae 4 Elektrisch isolierender Compound<\/h3>\n<ul>\n<li>Hohe Durchschlagsfestigkeit<\/li>\n<li>Geringe Volatilit\u00e4t<\/li>\n<li>Feuchtigkeitsresistent<\/li>\n<li>Gute thermische Oxidation und chemische Stabilit\u00e4t<\/li>\n<li>Erf\u00fcllt die Anforderungen von SAE AS 8660<\/li>\n<li>Zertifizierung nach NSF 51 und 61<\/li>\n<li>Erf\u00fcllt die Anforderungen von FDA 21 CFR 175.300<\/li>\n<li>Beh\u00e4lt seine fettartige Konsistenz von -40\u00b0C (-40\u00b0F) bis +200\u00b0C (392\u00b0F)<\/li>\n<li>Geruchlos<\/li>\n<li>Hochgradig wasserabweisend<\/li>\n<li>Haftet leicht auf trockenen Metallen, Keramik, Gummi, Kunststoffen und Isolierharzen<\/li>\n<\/ul>\n<h3>Anwendungen<\/h3>\n<p>Eine feuchtigkeitsdichte Dichtung f\u00fcr Flugzeug-, Automobil- und Schiffsz\u00fcndsysteme und Z\u00fcndkerzenanschl\u00fcsse, Trennstellen in elektrischen Verdrahtungssystemen sowie in elektrischen Baugruppen und Terminals.<\/p>\n<p>Wird als Dichtungs- und Schmiermittel f\u00fcr Kabelanschl\u00fcsse, Batterieklemmen, T\u00fcrdichtungen aus Gummi, Schalter und O-Ringe aus Gummi und Kunststoff sowie als Montage-Schmiermittel f\u00fcr verschiedene Metall-Kunststoff- und Metall-Gummi-Kombinationen verwendet.<\/p>\n","protected":false},"excerpt":{"rendered":"<div class=\"elementor-element elementor-element-8d5cd24 elementor-widget elementor-widget-woocommerce-product-short-description\" data-id=\"8d5cd24\" data-element_type=\"widget\" data-widget_type=\"woocommerce-product-short-description.default\">\n<div class=\"elementor-widget-container\">\n<div class=\"woocommerce-product-details__short-description\">\n<p>MOLYKOTE\u00ae 4 Elektrisch isolierender Compound ist ein fettartiges Material, das einen inerten Silica-F\u00fcllstoff in Kombination mit ausgew\u00e4hlten Polydimethylsilikonfl\u00fcssigkeiten enth\u00e4lt.<\/p>\n<\/div>\n<\/div>\n<\/div>\n<div class=\"elementor-element elementor-element-2612888b elementor-align-justify elementor-widget elementor-widget-button\" data-id=\"2612888b\" data-element_type=\"widget\" data-widget_type=\"button.default\">\n<div class=\"elementor-widget-container\">\n<div class=\"elementor-button-wrapper\"><\/div>\n<\/div>\n<\/div>\n","protected":false},"featured_media":3751,"comment_status":"open","ping_status":"closed","template":"","meta":{"_acf_changed":false},"product_brand":[],"product_cat":[369,351,380,368],"product_tag":[],"class_list":{"0":"post-3843","1":"product","2":"type-product","3":"status-publish","4":"has-post-thumbnail","6":"product_cat-allgemeine-industrie","7":"product_cat-automobilindustrie","8":"product_cat-e-mobilitat","9":"product_cat-molykote","10":"pa_brands-molykote-de","12":"first","13":"instock","14":"shipping-taxable","15":"product-type-simple"},"acf":[],"_yoast_wpseo_focuskw":"MOLYKOTE\u00ae 4 Elektrische Isoliermasse","_yoast_wpseo_metadesc":"MOLYKOTE\u00ae 4 Electrical Insulating Compound ist ein fettartiges Material, das einen inerten Silica-F\u00fcllstoff in Kombination mit ausgew\u00e4hlten Polydimethylsilikonfl\u00fcssigkeiten enth\u00e4lt.","yoast_head":"<!-- This site is optimized with the Yoast SEO Premium plugin v21.6 (Yoast SEO v27.4) - https:\/\/yoast.com\/product\/yoast-seo-premium-wordpress\/ -->\n<title>MOLYKOTE\u00ae 4 Elektrisch isolierender Compound - CREDIMEX<\/title>\n<meta name=\"description\" content=\"MOLYKOTE\u00ae 4 Electrical Insulating Compound ist ein fettartiges Material, das einen inerten Silica-F\u00fcllstoff in Kombination mit ausgew\u00e4hlten Polydimethylsilikonfl\u00fcssigkeiten enth\u00e4lt.\" \/>\n<meta name=\"robots\" content=\"index, follow, max-snippet:-1, max-image-preview:large, max-video-preview:-1\" \/>\n<link rel=\"canonical\" href=\"https:\/\/www.credimex.ch\/de\/produkt\/molykote-4-elektrische-isolierende-verbindung\/\" \/>\n<meta property=\"og:locale\" content=\"de_DE\" \/>\n<meta property=\"og:type\" content=\"article\" \/>\n<meta property=\"og:title\" content=\"MOLYKOTE\u00ae 4 Elektrisch isolierender Compound\" \/>\n<meta property=\"og:description\" content=\"MOLYKOTE\u00ae 4 Electrical Insulating Compound ist ein fettartiges Material, das einen inerten Silica-F\u00fcllstoff in Kombination mit ausgew\u00e4hlten Polydimethylsilikonfl\u00fcssigkeiten enth\u00e4lt.\" \/>\n<meta property=\"og:url\" content=\"https:\/\/www.credimex.ch\/de\/produkt\/molykote-4-elektrische-isolierende-verbindung\/\" \/>\n<meta property=\"og:site_name\" content=\"CREDIMEX\" \/>\n<meta property=\"article:publisher\" content=\"https:\/\/www.facebook.com\/credimex.alpnach\/\" \/>\n<meta property=\"article:modified_time\" content=\"2023-04-04T05:51:48+00:00\" \/>\n<meta property=\"og:image\" content=\"https:\/\/www.credimex.ch\/wp-content\/uploads\/2022\/09\/dupont-molykote-4-white-3-6kg_431x431.webp\" \/>\n\t<meta property=\"og:image:width\" content=\"431\" \/>\n\t<meta property=\"og:image:height\" content=\"431\" \/>\n\t<meta property=\"og:image:type\" content=\"image\/webp\" \/>\n<meta name=\"twitter:card\" content=\"summary_large_image\" \/>\n<meta name=\"twitter:label1\" content=\"Gesch\u00e4tzte Lesezeit\" \/>\n\t<meta name=\"twitter:data1\" content=\"1\u00a0Minute\" \/>\n<script type=\"application\/ld+json\" class=\"yoast-schema-graph\">{\"@context\":\"https:\\\/\\\/schema.org\",\"@graph\":[{\"@type\":\"WebPage\",\"@id\":\"https:\\\/\\\/www.credimex.ch\\\/de\\\/produkt\\\/molykote-4-elektrische-isolierende-verbindung\\\/\",\"url\":\"https:\\\/\\\/www.credimex.ch\\\/de\\\/produkt\\\/molykote-4-elektrische-isolierende-verbindung\\\/\",\"name\":\"MOLYKOTE\u00ae 4 Elektrisch isolierender Compound - CREDIMEX\",\"isPartOf\":{\"@id\":\"https:\\\/\\\/www.credimex.ch\\\/de\\\/#website\"},\"primaryImageOfPage\":{\"@id\":\"https:\\\/\\\/www.credimex.ch\\\/de\\\/produkt\\\/molykote-4-elektrische-isolierende-verbindung\\\/#primaryimage\"},\"image\":{\"@id\":\"https:\\\/\\\/www.credimex.ch\\\/de\\\/produkt\\\/molykote-4-elektrische-isolierende-verbindung\\\/#primaryimage\"},\"thumbnailUrl\":\"https:\\\/\\\/www.credimex.ch\\\/wp-content\\\/uploads\\\/2022\\\/09\\\/dupont-molykote-4-white-3-6kg_431x431.webp\",\"datePublished\":\"2022-09-09T13:56:32+00:00\",\"dateModified\":\"2023-04-04T05:51:48+00:00\",\"description\":\"MOLYKOTE\u00ae 4 Electrical Insulating Compound ist ein fettartiges Material, das einen inerten Silica-F\u00fcllstoff in Kombination mit ausgew\u00e4hlten Polydimethylsilikonfl\u00fcssigkeiten enth\u00e4lt.\",\"breadcrumb\":{\"@id\":\"https:\\\/\\\/www.credimex.ch\\\/de\\\/produkt\\\/molykote-4-elektrische-isolierende-verbindung\\\/#breadcrumb\"},\"inLanguage\":\"de\",\"potentialAction\":[{\"@type\":\"ReadAction\",\"target\":[\"https:\\\/\\\/www.credimex.ch\\\/de\\\/produkt\\\/molykote-4-elektrische-isolierende-verbindung\\\/\"]}]},{\"@type\":\"ImageObject\",\"inLanguage\":\"de\",\"@id\":\"https:\\\/\\\/www.credimex.ch\\\/de\\\/produkt\\\/molykote-4-elektrische-isolierende-verbindung\\\/#primaryimage\",\"url\":\"https:\\\/\\\/www.credimex.ch\\\/wp-content\\\/uploads\\\/2022\\\/09\\\/dupont-molykote-4-white-3-6kg_431x431.webp\",\"contentUrl\":\"https:\\\/\\\/www.credimex.ch\\\/wp-content\\\/uploads\\\/2022\\\/09\\\/dupont-molykote-4-white-3-6kg_431x431.webp\",\"width\":431,\"height\":431},{\"@type\":\"BreadcrumbList\",\"@id\":\"https:\\\/\\\/www.credimex.ch\\\/de\\\/produkt\\\/molykote-4-elektrische-isolierende-verbindung\\\/#breadcrumb\",\"itemListElement\":[{\"@type\":\"ListItem\",\"position\":1,\"name\":\"Home\",\"item\":\"https:\\\/\\\/www.credimex.ch\\\/de\\\/\"},{\"@type\":\"ListItem\",\"position\":2,\"name\":\"Produkte\",\"item\":\"https:\\\/\\\/www.credimex.ch\\\/de\\\/produkte\\\/\"},{\"@type\":\"ListItem\",\"position\":3,\"name\":\"MOLYKOTE\u00ae 4 Elektrisch isolierender Compound\"}]},{\"@type\":\"WebSite\",\"@id\":\"https:\\\/\\\/www.credimex.ch\\\/de\\\/#website\",\"url\":\"https:\\\/\\\/www.credimex.ch\\\/de\\\/\",\"name\":\"CREDIMEX\",\"description\":\"Partner of Swiss Industrial Market\",\"publisher\":{\"@id\":\"https:\\\/\\\/www.credimex.ch\\\/de\\\/#organization\"},\"potentialAction\":[{\"@type\":\"SearchAction\",\"target\":{\"@type\":\"EntryPoint\",\"urlTemplate\":\"https:\\\/\\\/www.credimex.ch\\\/de\\\/?s={search_term_string}\"},\"query-input\":{\"@type\":\"PropertyValueSpecification\",\"valueRequired\":true,\"valueName\":\"search_term_string\"}}],\"inLanguage\":\"de\"},{\"@type\":\"Organization\",\"@id\":\"https:\\\/\\\/www.credimex.ch\\\/de\\\/#organization\",\"name\":\"credimex\",\"url\":\"https:\\\/\\\/www.credimex.ch\\\/de\\\/\",\"logo\":{\"@type\":\"ImageObject\",\"inLanguage\":\"de\",\"@id\":\"https:\\\/\\\/www.credimex.ch\\\/de\\\/#\\\/schema\\\/logo\\\/image\\\/\",\"url\":\"https:\\\/\\\/www.credimex.ch\\\/wp-content\\\/uploads\\\/2022\\\/03\\\/cropped-logo-credimex.png\",\"contentUrl\":\"https:\\\/\\\/www.credimex.ch\\\/wp-content\\\/uploads\\\/2022\\\/03\\\/cropped-logo-credimex.png\",\"width\":512,\"height\":512,\"caption\":\"credimex\"},\"image\":{\"@id\":\"https:\\\/\\\/www.credimex.ch\\\/de\\\/#\\\/schema\\\/logo\\\/image\\\/\"},\"sameAs\":[\"https:\\\/\\\/www.facebook.com\\\/credimex.alpnach\\\/\",\"https:\\\/\\\/www.linkedin.com\\\/company\\\/credimex\\\/\",\"https:\\\/\\\/www.youtube.com\\\/@CREDIMEX?sub_confirmation=1\"]}]}<\/script>\n<!-- \/ Yoast SEO Premium plugin. -->","yoast_head_json":{"title":"MOLYKOTE\u00ae 4 Elektrisch isolierender Compound - CREDIMEX","description":"MOLYKOTE\u00ae 4 Electrical Insulating Compound ist ein fettartiges Material, das einen inerten Silica-F\u00fcllstoff in Kombination mit ausgew\u00e4hlten Polydimethylsilikonfl\u00fcssigkeiten enth\u00e4lt.","robots":{"index":"index","follow":"follow","max-snippet":"max-snippet:-1","max-image-preview":"max-image-preview:large","max-video-preview":"max-video-preview:-1"},"canonical":"https:\/\/www.credimex.ch\/de\/produkt\/molykote-4-elektrische-isolierende-verbindung\/","og_locale":"de_DE","og_type":"article","og_title":"MOLYKOTE\u00ae 4 Elektrisch isolierender Compound","og_description":"MOLYKOTE\u00ae 4 Electrical Insulating Compound ist ein fettartiges Material, das einen inerten Silica-F\u00fcllstoff in Kombination mit ausgew\u00e4hlten Polydimethylsilikonfl\u00fcssigkeiten enth\u00e4lt.","og_url":"https:\/\/www.credimex.ch\/de\/produkt\/molykote-4-elektrische-isolierende-verbindung\/","og_site_name":"CREDIMEX","article_publisher":"https:\/\/www.facebook.com\/credimex.alpnach\/","article_modified_time":"2023-04-04T05:51:48+00:00","og_image":[{"width":431,"height":431,"url":"https:\/\/www.credimex.ch\/wp-content\/uploads\/2022\/09\/dupont-molykote-4-white-3-6kg_431x431.webp","type":"image\/webp"}],"twitter_card":"summary_large_image","twitter_misc":{"Gesch\u00e4tzte Lesezeit":"1\u00a0Minute"},"schema":{"@context":"https:\/\/schema.org","@graph":[{"@type":"WebPage","@id":"https:\/\/www.credimex.ch\/de\/produkt\/molykote-4-elektrische-isolierende-verbindung\/","url":"https:\/\/www.credimex.ch\/de\/produkt\/molykote-4-elektrische-isolierende-verbindung\/","name":"MOLYKOTE\u00ae 4 Elektrisch isolierender Compound - CREDIMEX","isPartOf":{"@id":"https:\/\/www.credimex.ch\/de\/#website"},"primaryImageOfPage":{"@id":"https:\/\/www.credimex.ch\/de\/produkt\/molykote-4-elektrische-isolierende-verbindung\/#primaryimage"},"image":{"@id":"https:\/\/www.credimex.ch\/de\/produkt\/molykote-4-elektrische-isolierende-verbindung\/#primaryimage"},"thumbnailUrl":"https:\/\/www.credimex.ch\/wp-content\/uploads\/2022\/09\/dupont-molykote-4-white-3-6kg_431x431.webp","datePublished":"2022-09-09T13:56:32+00:00","dateModified":"2023-04-04T05:51:48+00:00","description":"MOLYKOTE\u00ae 4 Electrical Insulating Compound ist ein fettartiges Material, das einen inerten Silica-F\u00fcllstoff in Kombination mit ausgew\u00e4hlten Polydimethylsilikonfl\u00fcssigkeiten enth\u00e4lt.","breadcrumb":{"@id":"https:\/\/www.credimex.ch\/de\/produkt\/molykote-4-elektrische-isolierende-verbindung\/#breadcrumb"},"inLanguage":"de","potentialAction":[{"@type":"ReadAction","target":["https:\/\/www.credimex.ch\/de\/produkt\/molykote-4-elektrische-isolierende-verbindung\/"]}]},{"@type":"ImageObject","inLanguage":"de","@id":"https:\/\/www.credimex.ch\/de\/produkt\/molykote-4-elektrische-isolierende-verbindung\/#primaryimage","url":"https:\/\/www.credimex.ch\/wp-content\/uploads\/2022\/09\/dupont-molykote-4-white-3-6kg_431x431.webp","contentUrl":"https:\/\/www.credimex.ch\/wp-content\/uploads\/2022\/09\/dupont-molykote-4-white-3-6kg_431x431.webp","width":431,"height":431},{"@type":"BreadcrumbList","@id":"https:\/\/www.credimex.ch\/de\/produkt\/molykote-4-elektrische-isolierende-verbindung\/#breadcrumb","itemListElement":[{"@type":"ListItem","position":1,"name":"Home","item":"https:\/\/www.credimex.ch\/de\/"},{"@type":"ListItem","position":2,"name":"Produkte","item":"https:\/\/www.credimex.ch\/de\/produkte\/"},{"@type":"ListItem","position":3,"name":"MOLYKOTE\u00ae 4 Elektrisch isolierender Compound"}]},{"@type":"WebSite","@id":"https:\/\/www.credimex.ch\/de\/#website","url":"https:\/\/www.credimex.ch\/de\/","name":"CREDIMEX","description":"Partner of Swiss Industrial Market","publisher":{"@id":"https:\/\/www.credimex.ch\/de\/#organization"},"potentialAction":[{"@type":"SearchAction","target":{"@type":"EntryPoint","urlTemplate":"https:\/\/www.credimex.ch\/de\/?s={search_term_string}"},"query-input":{"@type":"PropertyValueSpecification","valueRequired":true,"valueName":"search_term_string"}}],"inLanguage":"de"},{"@type":"Organization","@id":"https:\/\/www.credimex.ch\/de\/#organization","name":"credimex","url":"https:\/\/www.credimex.ch\/de\/","logo":{"@type":"ImageObject","inLanguage":"de","@id":"https:\/\/www.credimex.ch\/de\/#\/schema\/logo\/image\/","url":"https:\/\/www.credimex.ch\/wp-content\/uploads\/2022\/03\/cropped-logo-credimex.png","contentUrl":"https:\/\/www.credimex.ch\/wp-content\/uploads\/2022\/03\/cropped-logo-credimex.png","width":512,"height":512,"caption":"credimex"},"image":{"@id":"https:\/\/www.credimex.ch\/de\/#\/schema\/logo\/image\/"},"sameAs":["https:\/\/www.facebook.com\/credimex.alpnach\/","https:\/\/www.linkedin.com\/company\/credimex\/","https:\/\/www.youtube.com\/@CREDIMEX?sub_confirmation=1"]}]}},"_links":{"self":[{"href":"https:\/\/www.credimex.ch\/de\/wp-json\/wp\/v2\/product\/3843","targetHints":{"allow":["GET"]}}],"collection":[{"href":"https:\/\/www.credimex.ch\/de\/wp-json\/wp\/v2\/product"}],"about":[{"href":"https:\/\/www.credimex.ch\/de\/wp-json\/wp\/v2\/types\/product"}],"replies":[{"embeddable":true,"href":"https:\/\/www.credimex.ch\/de\/wp-json\/wp\/v2\/comments?post=3843"}],"wp:featuredmedia":[{"embeddable":true,"href":"https:\/\/www.credimex.ch\/de\/wp-json\/wp\/v2\/media\/3751"}],"wp:attachment":[{"href":"https:\/\/www.credimex.ch\/de\/wp-json\/wp\/v2\/media?parent=3843"}],"wp:term":[{"taxonomy":"product_brand","embeddable":true,"href":"https:\/\/www.credimex.ch\/de\/wp-json\/wp\/v2\/product_brand?post=3843"},{"taxonomy":"product_cat","embeddable":true,"href":"https:\/\/www.credimex.ch\/de\/wp-json\/wp\/v2\/product_cat?post=3843"},{"taxonomy":"product_tag","embeddable":true,"href":"https:\/\/www.credimex.ch\/de\/wp-json\/wp\/v2\/product_tag?post=3843"}],"curies":[{"name":"wp","href":"https:\/\/api.w.org\/{rel}","templated":true}]}}