{"id":3855,"date":"2022-09-07T12:39:23","date_gmt":"2022-09-07T10:39:23","guid":{"rendered":"https:\/\/www.credimex.ch.mialias.net\/product\/hobbo-dos\/"},"modified":"2022-12-28T11:38:53","modified_gmt":"2022-12-28T10:38:53","slug":"hobbo-dos-2","status":"publish","type":"product","link":"https:\/\/www.credimex.ch\/de\/produkt\/hobbo-dos-2\/","title":{"rendered":"Hobbo DOS"},"content":{"rendered":"<div class=\"vc_row wpb_row vc_inner vc_row-fluid\">\n<div class=\"wpb_column vc_column_container vc_col-sm-6\">\n<div class=\"vc_column-inner\">\n<div class=\"wpb_wrapper\">\n<div class=\"wpb_text_column wpb_content_element vc_custom_1637742515920\">\n<div class=\"wpb_wrapper\">\n<p>HOBBO-DOS ist eine Zusatzeinrichtung f\u00fcr das Misch- und Dosierger\u00e4t 2-K-DOS T, mit der eine oder zwei Komponenten aus den auf dem Boden stehenden Beh\u00e4ltern &#8211; HOBBOCK &#8211; direkt in die 2-K-DOS T oder in deren Beh\u00e4lter gef\u00f6rdert werden.<\/p>\n<h2><\/h2>\n<h2>Ausr\u00fcstung und Immobilien<\/h2>\n<p>Alle HOBBO-DOS-Baugruppen sind auf einer runden Platte aufgebaut, die auf einem beweglichen Rahmen angeordnet ist, so dass sie pneumatisch angehoben und abgesenkt werden kann. Er enth\u00e4lt eine pneumatische Membranpumpe zur F\u00f6rderung der Komponente mit einem Saugrohr mit R\u00fcckschlagventil am Eingang, das ein Leerlaufen des Saugrohrs beim Wechsel des HOBBOCKs verhindert.<\/p>\n<\/div>\n<\/div>\n<\/div>\n<\/div>\n<\/div>\n<\/div>\n<div class=\"vc_row wpb_row vc_inner vc_row-fluid\">\n<div class=\"wpb_column vc_column_container vc_col-sm-6\">\n<div class=\"vc_column-inner\">\n<div class=\"wpb_wrapper\">\n<div class=\"wpb_text_column wpb_content_element vc_custom_1637742523326\">\n<div class=\"wpb_wrapper\">\n<p><span>Hinzu kommen ein Ultraschallsensor zur Messung des F\u00fcllstandes im Hobbock, eine Steuerelektronik mit Display und Eingabem\u00f6glichkeiten zur Steuerung der Funktionen und mit Schnittstellen zur 2-K DOS T und beliebigen anderen Ger\u00e4ten. Einstellungen und Werte wie z.B. der F\u00fcllstand werden angezeigt.<\/span><\/p>\n<p>&nbsp;<\/p>\n<\/div>\n<\/div>\n<h2>Anwendung<\/h2>\n<\/div>\n<\/div>\n<\/div>\n<div class=\"wpb_column vc_column_container vc_col-sm-6\">\n<div class=\"vc_column-inner\">\n<div class=\"wpb_wrapper\">\n<div class=\"wpb_text_column wpb_content_element vc_custom_1587537092574\">\n<div class=\"wpb_wrapper\">\n<p><span>Zum Betrieb wird das Ger\u00e4t \u00fcber den HOBBOK gefahren und die Platte mit den Aggregaten pneumatisch abgesenkt. Zum Wechseln des Hobbocks wird die Platte angehoben. Nach einer kurzen Wartezeit zum Entleeren kann der leere Hobbock gegen den vollen ausgetauscht und die Platte wieder zum Betrieb abgesenkt werden.<\/span><\/p>\n<\/div>\n<\/div>\n<\/div>\n<\/div>\n<\/div>\n<\/div>\n","protected":false},"excerpt":{"rendered":"<p>2-Komponenten-Dosiersystem<\/p>\n","protected":false},"featured_media":3715,"comment_status":"open","ping_status":"closed","template":"","meta":{"_acf_changed":false},"product_brand":[],"product_cat":[369,351,419,380,417,390,448],"product_tag":[],"class_list":{"0":"post-3855","1":"product","2":"type-product","3":"status-publish","4":"has-post-thumbnail","6":"product_cat-allgemeine-industrie","7":"product_cat-automobilindustrie","8":"product_cat-batterien","9":"product_cat-e-mobilitat","10":"product_cat-elektronik","11":"product_cat-energie","12":"product_cat-giebler","13":"pa_brands-fritz-giebler-de","15":"first","16":"instock","17":"shipping-taxable","18":"product-type-simple"},"acf":[],"_yoast_wpseo_focuskw":"Hobbo DOS","_yoast_wpseo_metadesc":"HOBBO-DOS -2-Komponenten-Dosiersystem- ist ein Ger\u00e4t, mit dem die beiden Komponenten A und B aus den beiden Beh\u00e4ltern auf dem Boden HOBBOK.","yoast_head":"<!-- This site is optimized with the Yoast SEO Premium plugin v21.6 (Yoast SEO v27.4) - https:\/\/yoast.com\/product\/yoast-seo-premium-wordpress\/ -->\n<title>Hobbo DOS - CREDIMEX<\/title>\n<meta name=\"description\" content=\"HOBBO-DOS -2-Komponenten-Dosiersystem- ist ein Ger\u00e4t, mit dem die beiden Komponenten A und B aus den beiden Beh\u00e4ltern auf dem Boden HOBBOK.\" \/>\n<meta name=\"robots\" content=\"index, follow, max-snippet:-1, max-image-preview:large, max-video-preview:-1\" \/>\n<link rel=\"canonical\" href=\"https:\/\/www.credimex.ch\/de\/produkt\/hobbo-dos-2\/\" \/>\n<meta property=\"og:locale\" content=\"de_DE\" \/>\n<meta property=\"og:type\" content=\"article\" \/>\n<meta property=\"og:title\" content=\"Hobbo DOS\" \/>\n<meta property=\"og:description\" content=\"HOBBO-DOS -2-Komponenten-Dosiersystem- ist ein Ger\u00e4t, mit dem die beiden Komponenten A und B aus den beiden Beh\u00e4ltern auf dem Boden HOBBOK.\" \/>\n<meta property=\"og:url\" content=\"https:\/\/www.credimex.ch\/de\/produkt\/hobbo-dos-2\/\" \/>\n<meta property=\"og:site_name\" content=\"CREDIMEX\" \/>\n<meta property=\"article:publisher\" content=\"https:\/\/www.facebook.com\/credimex.alpnach\/\" \/>\n<meta property=\"article:modified_time\" content=\"2022-12-28T10:38:53+00:00\" \/>\n<meta property=\"og:image\" content=\"https:\/\/www.credimex.ch\/wp-content\/uploads\/2022\/09\/Hobbo-DOS.jpeg\" \/>\n\t<meta property=\"og:image:width\" content=\"726\" \/>\n\t<meta property=\"og:image:height\" content=\"587\" \/>\n\t<meta property=\"og:image:type\" content=\"image\/jpeg\" \/>\n<meta name=\"twitter:card\" content=\"summary_large_image\" \/>\n<meta name=\"twitter:label1\" content=\"Gesch\u00e4tzte Lesezeit\" \/>\n\t<meta name=\"twitter:data1\" content=\"1\u00a0Minute\" \/>\n<script type=\"application\/ld+json\" class=\"yoast-schema-graph\">{\"@context\":\"https:\\\/\\\/schema.org\",\"@graph\":[{\"@type\":\"WebPage\",\"@id\":\"https:\\\/\\\/www.credimex.ch\\\/de\\\/produkt\\\/hobbo-dos-2\\\/\",\"url\":\"https:\\\/\\\/www.credimex.ch\\\/de\\\/produkt\\\/hobbo-dos-2\\\/\",\"name\":\"Hobbo DOS - CREDIMEX\",\"isPartOf\":{\"@id\":\"https:\\\/\\\/www.credimex.ch\\\/de\\\/#website\"},\"primaryImageOfPage\":{\"@id\":\"https:\\\/\\\/www.credimex.ch\\\/de\\\/produkt\\\/hobbo-dos-2\\\/#primaryimage\"},\"image\":{\"@id\":\"https:\\\/\\\/www.credimex.ch\\\/de\\\/produkt\\\/hobbo-dos-2\\\/#primaryimage\"},\"thumbnailUrl\":\"https:\\\/\\\/www.credimex.ch\\\/wp-content\\\/uploads\\\/2022\\\/09\\\/Hobbo-DOS.jpeg\",\"datePublished\":\"2022-09-07T10:39:23+00:00\",\"dateModified\":\"2022-12-28T10:38:53+00:00\",\"description\":\"HOBBO-DOS -2-Komponenten-Dosiersystem- ist ein Ger\u00e4t, mit dem die beiden Komponenten A und B aus den beiden Beh\u00e4ltern auf dem Boden HOBBOK.\",\"breadcrumb\":{\"@id\":\"https:\\\/\\\/www.credimex.ch\\\/de\\\/produkt\\\/hobbo-dos-2\\\/#breadcrumb\"},\"inLanguage\":\"de\",\"potentialAction\":[{\"@type\":\"ReadAction\",\"target\":[\"https:\\\/\\\/www.credimex.ch\\\/de\\\/produkt\\\/hobbo-dos-2\\\/\"]}]},{\"@type\":\"ImageObject\",\"inLanguage\":\"de\",\"@id\":\"https:\\\/\\\/www.credimex.ch\\\/de\\\/produkt\\\/hobbo-dos-2\\\/#primaryimage\",\"url\":\"https:\\\/\\\/www.credimex.ch\\\/wp-content\\\/uploads\\\/2022\\\/09\\\/Hobbo-DOS.jpeg\",\"contentUrl\":\"https:\\\/\\\/www.credimex.ch\\\/wp-content\\\/uploads\\\/2022\\\/09\\\/Hobbo-DOS.jpeg\",\"width\":726,\"height\":587},{\"@type\":\"BreadcrumbList\",\"@id\":\"https:\\\/\\\/www.credimex.ch\\\/de\\\/produkt\\\/hobbo-dos-2\\\/#breadcrumb\",\"itemListElement\":[{\"@type\":\"ListItem\",\"position\":1,\"name\":\"Home\",\"item\":\"https:\\\/\\\/www.credimex.ch\\\/de\\\/\"},{\"@type\":\"ListItem\",\"position\":2,\"name\":\"Produkte\",\"item\":\"https:\\\/\\\/www.credimex.ch\\\/de\\\/produkte\\\/\"},{\"@type\":\"ListItem\",\"position\":3,\"name\":\"Hobbo DOS\"}]},{\"@type\":\"WebSite\",\"@id\":\"https:\\\/\\\/www.credimex.ch\\\/de\\\/#website\",\"url\":\"https:\\\/\\\/www.credimex.ch\\\/de\\\/\",\"name\":\"CREDIMEX\",\"description\":\"Partner of Swiss Industrial Market\",\"publisher\":{\"@id\":\"https:\\\/\\\/www.credimex.ch\\\/de\\\/#organization\"},\"potentialAction\":[{\"@type\":\"SearchAction\",\"target\":{\"@type\":\"EntryPoint\",\"urlTemplate\":\"https:\\\/\\\/www.credimex.ch\\\/de\\\/?s={search_term_string}\"},\"query-input\":{\"@type\":\"PropertyValueSpecification\",\"valueRequired\":true,\"valueName\":\"search_term_string\"}}],\"inLanguage\":\"de\"},{\"@type\":\"Organization\",\"@id\":\"https:\\\/\\\/www.credimex.ch\\\/de\\\/#organization\",\"name\":\"credimex\",\"url\":\"https:\\\/\\\/www.credimex.ch\\\/de\\\/\",\"logo\":{\"@type\":\"ImageObject\",\"inLanguage\":\"de\",\"@id\":\"https:\\\/\\\/www.credimex.ch\\\/de\\\/#\\\/schema\\\/logo\\\/image\\\/\",\"url\":\"https:\\\/\\\/www.credimex.ch\\\/wp-content\\\/uploads\\\/2022\\\/03\\\/cropped-logo-credimex.png\",\"contentUrl\":\"https:\\\/\\\/www.credimex.ch\\\/wp-content\\\/uploads\\\/2022\\\/03\\\/cropped-logo-credimex.png\",\"width\":512,\"height\":512,\"caption\":\"credimex\"},\"image\":{\"@id\":\"https:\\\/\\\/www.credimex.ch\\\/de\\\/#\\\/schema\\\/logo\\\/image\\\/\"},\"sameAs\":[\"https:\\\/\\\/www.facebook.com\\\/credimex.alpnach\\\/\",\"https:\\\/\\\/www.linkedin.com\\\/company\\\/credimex\\\/\",\"https:\\\/\\\/www.youtube.com\\\/@CREDIMEX?sub_confirmation=1\"]}]}<\/script>\n<!-- \/ Yoast SEO Premium plugin. -->","yoast_head_json":{"title":"Hobbo DOS - CREDIMEX","description":"HOBBO-DOS -2-Komponenten-Dosiersystem- ist ein Ger\u00e4t, mit dem die beiden Komponenten A und B aus den beiden Beh\u00e4ltern auf dem Boden HOBBOK.","robots":{"index":"index","follow":"follow","max-snippet":"max-snippet:-1","max-image-preview":"max-image-preview:large","max-video-preview":"max-video-preview:-1"},"canonical":"https:\/\/www.credimex.ch\/de\/produkt\/hobbo-dos-2\/","og_locale":"de_DE","og_type":"article","og_title":"Hobbo DOS","og_description":"HOBBO-DOS -2-Komponenten-Dosiersystem- ist ein Ger\u00e4t, mit dem die beiden Komponenten A und B aus den beiden Beh\u00e4ltern auf dem Boden HOBBOK.","og_url":"https:\/\/www.credimex.ch\/de\/produkt\/hobbo-dos-2\/","og_site_name":"CREDIMEX","article_publisher":"https:\/\/www.facebook.com\/credimex.alpnach\/","article_modified_time":"2022-12-28T10:38:53+00:00","og_image":[{"width":726,"height":587,"url":"https:\/\/www.credimex.ch\/wp-content\/uploads\/2022\/09\/Hobbo-DOS.jpeg","type":"image\/jpeg"}],"twitter_card":"summary_large_image","twitter_misc":{"Gesch\u00e4tzte Lesezeit":"1\u00a0Minute"},"schema":{"@context":"https:\/\/schema.org","@graph":[{"@type":"WebPage","@id":"https:\/\/www.credimex.ch\/de\/produkt\/hobbo-dos-2\/","url":"https:\/\/www.credimex.ch\/de\/produkt\/hobbo-dos-2\/","name":"Hobbo DOS - CREDIMEX","isPartOf":{"@id":"https:\/\/www.credimex.ch\/de\/#website"},"primaryImageOfPage":{"@id":"https:\/\/www.credimex.ch\/de\/produkt\/hobbo-dos-2\/#primaryimage"},"image":{"@id":"https:\/\/www.credimex.ch\/de\/produkt\/hobbo-dos-2\/#primaryimage"},"thumbnailUrl":"https:\/\/www.credimex.ch\/wp-content\/uploads\/2022\/09\/Hobbo-DOS.jpeg","datePublished":"2022-09-07T10:39:23+00:00","dateModified":"2022-12-28T10:38:53+00:00","description":"HOBBO-DOS -2-Komponenten-Dosiersystem- ist ein Ger\u00e4t, mit dem die beiden Komponenten A und B aus den beiden Beh\u00e4ltern auf dem Boden HOBBOK.","breadcrumb":{"@id":"https:\/\/www.credimex.ch\/de\/produkt\/hobbo-dos-2\/#breadcrumb"},"inLanguage":"de","potentialAction":[{"@type":"ReadAction","target":["https:\/\/www.credimex.ch\/de\/produkt\/hobbo-dos-2\/"]}]},{"@type":"ImageObject","inLanguage":"de","@id":"https:\/\/www.credimex.ch\/de\/produkt\/hobbo-dos-2\/#primaryimage","url":"https:\/\/www.credimex.ch\/wp-content\/uploads\/2022\/09\/Hobbo-DOS.jpeg","contentUrl":"https:\/\/www.credimex.ch\/wp-content\/uploads\/2022\/09\/Hobbo-DOS.jpeg","width":726,"height":587},{"@type":"BreadcrumbList","@id":"https:\/\/www.credimex.ch\/de\/produkt\/hobbo-dos-2\/#breadcrumb","itemListElement":[{"@type":"ListItem","position":1,"name":"Home","item":"https:\/\/www.credimex.ch\/de\/"},{"@type":"ListItem","position":2,"name":"Produkte","item":"https:\/\/www.credimex.ch\/de\/produkte\/"},{"@type":"ListItem","position":3,"name":"Hobbo DOS"}]},{"@type":"WebSite","@id":"https:\/\/www.credimex.ch\/de\/#website","url":"https:\/\/www.credimex.ch\/de\/","name":"CREDIMEX","description":"Partner of Swiss Industrial Market","publisher":{"@id":"https:\/\/www.credimex.ch\/de\/#organization"},"potentialAction":[{"@type":"SearchAction","target":{"@type":"EntryPoint","urlTemplate":"https:\/\/www.credimex.ch\/de\/?s={search_term_string}"},"query-input":{"@type":"PropertyValueSpecification","valueRequired":true,"valueName":"search_term_string"}}],"inLanguage":"de"},{"@type":"Organization","@id":"https:\/\/www.credimex.ch\/de\/#organization","name":"credimex","url":"https:\/\/www.credimex.ch\/de\/","logo":{"@type":"ImageObject","inLanguage":"de","@id":"https:\/\/www.credimex.ch\/de\/#\/schema\/logo\/image\/","url":"https:\/\/www.credimex.ch\/wp-content\/uploads\/2022\/03\/cropped-logo-credimex.png","contentUrl":"https:\/\/www.credimex.ch\/wp-content\/uploads\/2022\/03\/cropped-logo-credimex.png","width":512,"height":512,"caption":"credimex"},"image":{"@id":"https:\/\/www.credimex.ch\/de\/#\/schema\/logo\/image\/"},"sameAs":["https:\/\/www.facebook.com\/credimex.alpnach\/","https:\/\/www.linkedin.com\/company\/credimex\/","https:\/\/www.youtube.com\/@CREDIMEX?sub_confirmation=1"]}]}},"_links":{"self":[{"href":"https:\/\/www.credimex.ch\/de\/wp-json\/wp\/v2\/product\/3855","targetHints":{"allow":["GET"]}}],"collection":[{"href":"https:\/\/www.credimex.ch\/de\/wp-json\/wp\/v2\/product"}],"about":[{"href":"https:\/\/www.credimex.ch\/de\/wp-json\/wp\/v2\/types\/product"}],"replies":[{"embeddable":true,"href":"https:\/\/www.credimex.ch\/de\/wp-json\/wp\/v2\/comments?post=3855"}],"wp:featuredmedia":[{"embeddable":true,"href":"https:\/\/www.credimex.ch\/de\/wp-json\/wp\/v2\/media\/3715"}],"wp:attachment":[{"href":"https:\/\/www.credimex.ch\/de\/wp-json\/wp\/v2\/media?parent=3855"}],"wp:term":[{"taxonomy":"product_brand","embeddable":true,"href":"https:\/\/www.credimex.ch\/de\/wp-json\/wp\/v2\/product_brand?post=3855"},{"taxonomy":"product_cat","embeddable":true,"href":"https:\/\/www.credimex.ch\/de\/wp-json\/wp\/v2\/product_cat?post=3855"},{"taxonomy":"product_tag","embeddable":true,"href":"https:\/\/www.credimex.ch\/de\/wp-json\/wp\/v2\/product_tag?post=3855"}],"curies":[{"name":"wp","href":"https:\/\/api.w.org\/{rel}","templated":true}]}}