{"id":3857,"date":"2022-09-07T12:10:27","date_gmt":"2022-09-07T10:10:27","guid":{"rendered":"https:\/\/www.credimex.ch.mialias.net\/product\/ml-5250\/"},"modified":"2022-12-28T11:41:08","modified_gmt":"2022-12-28T10:41:08","slug":"ml-5250","status":"publish","type":"product","link":"https:\/\/www.credimex.ch\/de\/produkt\/ml-5250\/","title":{"rendered":"ML 5250"},"content":{"rendered":"<p>L\u00f6semittelfrei | mittelfest, ungef\u00fcllt<\/p>\n<p>&nbsp;<\/p>\n<h2>Besondere Merkmale des Produkts<\/h2>\n<ul>\n<li>Entspricht der RoHS-Richtlinie 2015\/863\/EU<\/li>\n<li>Standardprodukt zum Dichten von Metallverschraubungen mit DIN-EN-DVGW-Zulassung; DINEN-DVGW-Registriernummer: NG-5146BL0234<\/li>\n<\/ul>\n<p>&nbsp;<\/p>\n<h2>Typischer Einsatzbereich<\/h2>\n<ul>\n<li>-60 &#8211; 150 \u00b0C<\/li>\n<li>Metallverklebungen<\/li>\n<li>Schraubensicherung und Gewindedichtung<\/li>\n<\/ul>\n","protected":false},"excerpt":{"rendered":"<p>1C | anaerob-h\u00e4rtend<\/p>\n","protected":false},"featured_media":3713,"comment_status":"open","ping_status":"closed","template":"","meta":{"_acf_changed":false},"product_brand":[],"product_cat":[369,460,351,456,380,417,390,457,442],"product_tag":[],"class_list":{"0":"post-3857","1":"product","2":"type-product","3":"status-publish","4":"has-post-thumbnail","6":"product_cat-allgemeine-industrie","7":"product_cat-anaerobe-klebstoffe","8":"product_cat-automobilindustrie","9":"product_cat-delo","10":"product_cat-e-mobilitat","11":"product_cat-elektronik","12":"product_cat-energie","13":"product_cat-klebstoffe-und-dichtungsmittel","14":"product_cat-marktsegmente","15":"pa_brands-delo-de","17":"first","18":"instock","19":"shipping-taxable","20":"product-type-simple"},"acf":[],"_yoast_wpseo_focuskw":"ML 5250","_yoast_wpseo_metadesc":"PRODUKTNAME: DELO\u00ae-ML 5250. Frei von L\u00f6sungsmitteln | mittelfest, ungef\u00fcllt. 1C | anaerob-h\u00e4rtend. Besondere Merkmale:Entspricht der RoHS-Richtlinie 2015\/863\/EU","yoast_head":"<!-- This site is optimized with the Yoast SEO Premium plugin v21.6 (Yoast SEO v27.4) - https:\/\/yoast.com\/product\/yoast-seo-premium-wordpress\/ -->\n<title>ML 5250 - CREDIMEX<\/title>\n<meta name=\"description\" content=\"PRODUKTNAME: DELO\u00ae-ML 5250. Frei von L\u00f6sungsmitteln | mittelfest, ungef\u00fcllt. 1C | anaerob-h\u00e4rtend. Besondere Merkmale:Entspricht der RoHS-Richtlinie 2015\/863\/EU\" \/>\n<meta name=\"robots\" content=\"index, follow, max-snippet:-1, max-image-preview:large, max-video-preview:-1\" \/>\n<link rel=\"canonical\" href=\"https:\/\/www.credimex.ch\/de\/produkt\/ml-5250\/\" \/>\n<meta property=\"og:locale\" content=\"de_DE\" \/>\n<meta property=\"og:type\" content=\"article\" \/>\n<meta property=\"og:title\" content=\"ML 5250\" \/>\n<meta property=\"og:description\" content=\"PRODUKTNAME: DELO\u00ae-ML 5250. Frei von L\u00f6sungsmitteln | mittelfest, ungef\u00fcllt. 1C | anaerob-h\u00e4rtend. Besondere Merkmale:Entspricht der RoHS-Richtlinie 2015\/863\/EU\" \/>\n<meta property=\"og:url\" content=\"https:\/\/www.credimex.ch\/de\/produkt\/ml-5250\/\" \/>\n<meta property=\"og:site_name\" content=\"CREDIMEX\" \/>\n<meta property=\"article:publisher\" content=\"https:\/\/www.facebook.com\/credimex.alpnach\/\" \/>\n<meta property=\"article:modified_time\" content=\"2022-12-28T10:41:08+00:00\" \/>\n<meta property=\"og:image\" content=\"https:\/\/www.credimex.ch\/wp-content\/uploads\/2022\/09\/ML-5250-delo.jpeg\" \/>\n\t<meta property=\"og:image:width\" content=\"600\" \/>\n\t<meta property=\"og:image:height\" content=\"600\" \/>\n\t<meta property=\"og:image:type\" content=\"image\/jpeg\" \/>\n<meta name=\"twitter:card\" content=\"summary_large_image\" \/>\n<script type=\"application\/ld+json\" class=\"yoast-schema-graph\">{\"@context\":\"https:\\\/\\\/schema.org\",\"@graph\":[{\"@type\":\"WebPage\",\"@id\":\"https:\\\/\\\/www.credimex.ch\\\/de\\\/produkt\\\/ml-5250\\\/\",\"url\":\"https:\\\/\\\/www.credimex.ch\\\/de\\\/produkt\\\/ml-5250\\\/\",\"name\":\"ML 5250 - CREDIMEX\",\"isPartOf\":{\"@id\":\"https:\\\/\\\/www.credimex.ch\\\/de\\\/#website\"},\"primaryImageOfPage\":{\"@id\":\"https:\\\/\\\/www.credimex.ch\\\/de\\\/produkt\\\/ml-5250\\\/#primaryimage\"},\"image\":{\"@id\":\"https:\\\/\\\/www.credimex.ch\\\/de\\\/produkt\\\/ml-5250\\\/#primaryimage\"},\"thumbnailUrl\":\"https:\\\/\\\/www.credimex.ch\\\/wp-content\\\/uploads\\\/2022\\\/09\\\/ML-5250-delo.jpeg\",\"datePublished\":\"2022-09-07T10:10:27+00:00\",\"dateModified\":\"2022-12-28T10:41:08+00:00\",\"description\":\"PRODUKTNAME: DELO\u00ae-ML 5250. Frei von L\u00f6sungsmitteln | mittelfest, ungef\u00fcllt. 1C | anaerob-h\u00e4rtend. Besondere Merkmale:Entspricht der RoHS-Richtlinie 2015\\\/863\\\/EU\",\"breadcrumb\":{\"@id\":\"https:\\\/\\\/www.credimex.ch\\\/de\\\/produkt\\\/ml-5250\\\/#breadcrumb\"},\"inLanguage\":\"de\",\"potentialAction\":[{\"@type\":\"ReadAction\",\"target\":[\"https:\\\/\\\/www.credimex.ch\\\/de\\\/produkt\\\/ml-5250\\\/\"]}]},{\"@type\":\"ImageObject\",\"inLanguage\":\"de\",\"@id\":\"https:\\\/\\\/www.credimex.ch\\\/de\\\/produkt\\\/ml-5250\\\/#primaryimage\",\"url\":\"https:\\\/\\\/www.credimex.ch\\\/wp-content\\\/uploads\\\/2022\\\/09\\\/ML-5250-delo.jpeg\",\"contentUrl\":\"https:\\\/\\\/www.credimex.ch\\\/wp-content\\\/uploads\\\/2022\\\/09\\\/ML-5250-delo.jpeg\",\"width\":600,\"height\":600},{\"@type\":\"BreadcrumbList\",\"@id\":\"https:\\\/\\\/www.credimex.ch\\\/de\\\/produkt\\\/ml-5250\\\/#breadcrumb\",\"itemListElement\":[{\"@type\":\"ListItem\",\"position\":1,\"name\":\"Home\",\"item\":\"https:\\\/\\\/www.credimex.ch\\\/de\\\/\"},{\"@type\":\"ListItem\",\"position\":2,\"name\":\"Produkte\",\"item\":\"https:\\\/\\\/www.credimex.ch\\\/de\\\/produkte\\\/\"},{\"@type\":\"ListItem\",\"position\":3,\"name\":\"ML 5250\"}]},{\"@type\":\"WebSite\",\"@id\":\"https:\\\/\\\/www.credimex.ch\\\/de\\\/#website\",\"url\":\"https:\\\/\\\/www.credimex.ch\\\/de\\\/\",\"name\":\"CREDIMEX\",\"description\":\"Partner of Swiss Industrial Market\",\"publisher\":{\"@id\":\"https:\\\/\\\/www.credimex.ch\\\/de\\\/#organization\"},\"potentialAction\":[{\"@type\":\"SearchAction\",\"target\":{\"@type\":\"EntryPoint\",\"urlTemplate\":\"https:\\\/\\\/www.credimex.ch\\\/de\\\/?s={search_term_string}\"},\"query-input\":{\"@type\":\"PropertyValueSpecification\",\"valueRequired\":true,\"valueName\":\"search_term_string\"}}],\"inLanguage\":\"de\"},{\"@type\":\"Organization\",\"@id\":\"https:\\\/\\\/www.credimex.ch\\\/de\\\/#organization\",\"name\":\"credimex\",\"url\":\"https:\\\/\\\/www.credimex.ch\\\/de\\\/\",\"logo\":{\"@type\":\"ImageObject\",\"inLanguage\":\"de\",\"@id\":\"https:\\\/\\\/www.credimex.ch\\\/de\\\/#\\\/schema\\\/logo\\\/image\\\/\",\"url\":\"https:\\\/\\\/www.credimex.ch\\\/wp-content\\\/uploads\\\/2022\\\/03\\\/cropped-logo-credimex.png\",\"contentUrl\":\"https:\\\/\\\/www.credimex.ch\\\/wp-content\\\/uploads\\\/2022\\\/03\\\/cropped-logo-credimex.png\",\"width\":512,\"height\":512,\"caption\":\"credimex\"},\"image\":{\"@id\":\"https:\\\/\\\/www.credimex.ch\\\/de\\\/#\\\/schema\\\/logo\\\/image\\\/\"},\"sameAs\":[\"https:\\\/\\\/www.facebook.com\\\/credimex.alpnach\\\/\",\"https:\\\/\\\/www.linkedin.com\\\/company\\\/credimex\\\/\",\"https:\\\/\\\/www.youtube.com\\\/@CREDIMEX?sub_confirmation=1\"]}]}<\/script>\n<!-- \/ Yoast SEO Premium plugin. -->","yoast_head_json":{"title":"ML 5250 - CREDIMEX","description":"PRODUKTNAME: DELO\u00ae-ML 5250. Frei von L\u00f6sungsmitteln | mittelfest, ungef\u00fcllt. 1C | anaerob-h\u00e4rtend. Besondere Merkmale:Entspricht der RoHS-Richtlinie 2015\/863\/EU","robots":{"index":"index","follow":"follow","max-snippet":"max-snippet:-1","max-image-preview":"max-image-preview:large","max-video-preview":"max-video-preview:-1"},"canonical":"https:\/\/www.credimex.ch\/de\/produkt\/ml-5250\/","og_locale":"de_DE","og_type":"article","og_title":"ML 5250","og_description":"PRODUKTNAME: DELO\u00ae-ML 5250. Frei von L\u00f6sungsmitteln | mittelfest, ungef\u00fcllt. 1C | anaerob-h\u00e4rtend. Besondere Merkmale:Entspricht der RoHS-Richtlinie 2015\/863\/EU","og_url":"https:\/\/www.credimex.ch\/de\/produkt\/ml-5250\/","og_site_name":"CREDIMEX","article_publisher":"https:\/\/www.facebook.com\/credimex.alpnach\/","article_modified_time":"2022-12-28T10:41:08+00:00","og_image":[{"width":600,"height":600,"url":"https:\/\/www.credimex.ch\/wp-content\/uploads\/2022\/09\/ML-5250-delo.jpeg","type":"image\/jpeg"}],"twitter_card":"summary_large_image","schema":{"@context":"https:\/\/schema.org","@graph":[{"@type":"WebPage","@id":"https:\/\/www.credimex.ch\/de\/produkt\/ml-5250\/","url":"https:\/\/www.credimex.ch\/de\/produkt\/ml-5250\/","name":"ML 5250 - CREDIMEX","isPartOf":{"@id":"https:\/\/www.credimex.ch\/de\/#website"},"primaryImageOfPage":{"@id":"https:\/\/www.credimex.ch\/de\/produkt\/ml-5250\/#primaryimage"},"image":{"@id":"https:\/\/www.credimex.ch\/de\/produkt\/ml-5250\/#primaryimage"},"thumbnailUrl":"https:\/\/www.credimex.ch\/wp-content\/uploads\/2022\/09\/ML-5250-delo.jpeg","datePublished":"2022-09-07T10:10:27+00:00","dateModified":"2022-12-28T10:41:08+00:00","description":"PRODUKTNAME: DELO\u00ae-ML 5250. Frei von L\u00f6sungsmitteln | mittelfest, ungef\u00fcllt. 1C | anaerob-h\u00e4rtend. Besondere Merkmale:Entspricht der RoHS-Richtlinie 2015\/863\/EU","breadcrumb":{"@id":"https:\/\/www.credimex.ch\/de\/produkt\/ml-5250\/#breadcrumb"},"inLanguage":"de","potentialAction":[{"@type":"ReadAction","target":["https:\/\/www.credimex.ch\/de\/produkt\/ml-5250\/"]}]},{"@type":"ImageObject","inLanguage":"de","@id":"https:\/\/www.credimex.ch\/de\/produkt\/ml-5250\/#primaryimage","url":"https:\/\/www.credimex.ch\/wp-content\/uploads\/2022\/09\/ML-5250-delo.jpeg","contentUrl":"https:\/\/www.credimex.ch\/wp-content\/uploads\/2022\/09\/ML-5250-delo.jpeg","width":600,"height":600},{"@type":"BreadcrumbList","@id":"https:\/\/www.credimex.ch\/de\/produkt\/ml-5250\/#breadcrumb","itemListElement":[{"@type":"ListItem","position":1,"name":"Home","item":"https:\/\/www.credimex.ch\/de\/"},{"@type":"ListItem","position":2,"name":"Produkte","item":"https:\/\/www.credimex.ch\/de\/produkte\/"},{"@type":"ListItem","position":3,"name":"ML 5250"}]},{"@type":"WebSite","@id":"https:\/\/www.credimex.ch\/de\/#website","url":"https:\/\/www.credimex.ch\/de\/","name":"CREDIMEX","description":"Partner of Swiss Industrial Market","publisher":{"@id":"https:\/\/www.credimex.ch\/de\/#organization"},"potentialAction":[{"@type":"SearchAction","target":{"@type":"EntryPoint","urlTemplate":"https:\/\/www.credimex.ch\/de\/?s={search_term_string}"},"query-input":{"@type":"PropertyValueSpecification","valueRequired":true,"valueName":"search_term_string"}}],"inLanguage":"de"},{"@type":"Organization","@id":"https:\/\/www.credimex.ch\/de\/#organization","name":"credimex","url":"https:\/\/www.credimex.ch\/de\/","logo":{"@type":"ImageObject","inLanguage":"de","@id":"https:\/\/www.credimex.ch\/de\/#\/schema\/logo\/image\/","url":"https:\/\/www.credimex.ch\/wp-content\/uploads\/2022\/03\/cropped-logo-credimex.png","contentUrl":"https:\/\/www.credimex.ch\/wp-content\/uploads\/2022\/03\/cropped-logo-credimex.png","width":512,"height":512,"caption":"credimex"},"image":{"@id":"https:\/\/www.credimex.ch\/de\/#\/schema\/logo\/image\/"},"sameAs":["https:\/\/www.facebook.com\/credimex.alpnach\/","https:\/\/www.linkedin.com\/company\/credimex\/","https:\/\/www.youtube.com\/@CREDIMEX?sub_confirmation=1"]}]}},"_links":{"self":[{"href":"https:\/\/www.credimex.ch\/de\/wp-json\/wp\/v2\/product\/3857","targetHints":{"allow":["GET"]}}],"collection":[{"href":"https:\/\/www.credimex.ch\/de\/wp-json\/wp\/v2\/product"}],"about":[{"href":"https:\/\/www.credimex.ch\/de\/wp-json\/wp\/v2\/types\/product"}],"replies":[{"embeddable":true,"href":"https:\/\/www.credimex.ch\/de\/wp-json\/wp\/v2\/comments?post=3857"}],"wp:featuredmedia":[{"embeddable":true,"href":"https:\/\/www.credimex.ch\/de\/wp-json\/wp\/v2\/media\/3713"}],"wp:attachment":[{"href":"https:\/\/www.credimex.ch\/de\/wp-json\/wp\/v2\/media?parent=3857"}],"wp:term":[{"taxonomy":"product_brand","embeddable":true,"href":"https:\/\/www.credimex.ch\/de\/wp-json\/wp\/v2\/product_brand?post=3857"},{"taxonomy":"product_cat","embeddable":true,"href":"https:\/\/www.credimex.ch\/de\/wp-json\/wp\/v2\/product_cat?post=3857"},{"taxonomy":"product_tag","embeddable":true,"href":"https:\/\/www.credimex.ch\/de\/wp-json\/wp\/v2\/product_tag?post=3857"}],"curies":[{"name":"wp","href":"https:\/\/api.w.org\/{rel}","templated":true}]}}