{"id":3859,"date":"2022-09-07T11:24:57","date_gmt":"2022-09-07T09:24:57","guid":{"rendered":"https:\/\/www.credimex.ch.mialias.net\/product\/ml-5327\/"},"modified":"2022-12-28T11:41:52","modified_gmt":"2022-12-28T10:41:52","slug":"ml-5327","status":"publish","type":"product","link":"https:\/\/www.credimex.ch\/de\/produkt\/ml-5327\/","title":{"rendered":"ML 5327"},"content":{"rendered":"<p>L\u00f6semittelfrei | ungef\u00fcllt, hochfest<\/p>\n<p>&nbsp;<\/p>\n<h2>Besondere Merkmale des Produkts<\/h2>\n<ul>\n<li>Entspricht der RoHS-Richtlinie 2015\/863\/EU<\/li>\n<li>Erf\u00fcllt die Grenzwerte f\u00fcr den VOC-Gehalt in Klebstoffen gem. nach GB33372-2020<\/li>\n<\/ul>\n<p>&nbsp;<\/p>\n<h2>Typischer Einsatzbereich<\/h2>\n<ul>\n<li>  -60 &#8211; 200 \u00b0C<\/li>\n<li>Schraubensicherung und Gewindedichtung<\/li>\n<\/ul>\n","protected":false},"excerpt":{"rendered":"<p>Modifiziertes Acrylat | 1C | anaerob h\u00e4rtend<\/p>\n","protected":false},"featured_media":3711,"comment_status":"open","ping_status":"closed","template":"","meta":{"_acf_changed":false},"product_brand":[],"product_cat":[369,460,351,456,380,417,390,457],"product_tag":[],"class_list":{"0":"post-3859","1":"product","2":"type-product","3":"status-publish","4":"has-post-thumbnail","6":"product_cat-allgemeine-industrie","7":"product_cat-anaerobe-klebstoffe","8":"product_cat-automobilindustrie","9":"product_cat-delo","10":"product_cat-e-mobilitat","11":"product_cat-elektronik","12":"product_cat-energie","13":"product_cat-klebstoffe-und-dichtungsmittel","14":"pa_brands-delo-de","16":"first","17":"instock","18":"shipping-taxable","19":"product-type-simple"},"acf":[],"_yoast_wpseo_focuskw":"ML 5327","_yoast_wpseo_metadesc":"PRODUKTBEZEICHNUNG: DELO\u00ae -ML 5327 ist ein modifiziertes Acrylat | 1K | anaerob h\u00e4rtend, l\u00f6sungsmittelfrei | ungef\u00fcllt, hochfest...","yoast_head":"<!-- This site is optimized with the Yoast SEO Premium plugin v21.6 (Yoast SEO v27.4) - https:\/\/yoast.com\/product\/yoast-seo-premium-wordpress\/ -->\n<title>ML 5327 - CREDIMEX<\/title>\n<meta name=\"description\" content=\"PRODUKTBEZEICHNUNG: DELO\u00ae -ML 5327 ist ein modifiziertes Acrylat | 1K | anaerob h\u00e4rtend, l\u00f6sungsmittelfrei | ungef\u00fcllt, hochfest...\" \/>\n<meta name=\"robots\" content=\"index, follow, max-snippet:-1, max-image-preview:large, max-video-preview:-1\" \/>\n<link rel=\"canonical\" href=\"https:\/\/www.credimex.ch\/de\/produkt\/ml-5327\/\" \/>\n<meta property=\"og:locale\" content=\"de_DE\" \/>\n<meta property=\"og:type\" content=\"article\" \/>\n<meta property=\"og:title\" content=\"ML 5327\" \/>\n<meta property=\"og:description\" content=\"PRODUKTBEZEICHNUNG: DELO\u00ae -ML 5327 ist ein modifiziertes Acrylat | 1K | anaerob h\u00e4rtend, l\u00f6sungsmittelfrei | ungef\u00fcllt, hochfest...\" \/>\n<meta property=\"og:url\" content=\"https:\/\/www.credimex.ch\/de\/produkt\/ml-5327\/\" \/>\n<meta property=\"og:site_name\" content=\"CREDIMEX\" \/>\n<meta property=\"article:publisher\" content=\"https:\/\/www.facebook.com\/credimex.alpnach\/\" \/>\n<meta property=\"article:modified_time\" content=\"2022-12-28T10:41:52+00:00\" \/>\n<meta property=\"og:image\" content=\"https:\/\/www.credimex.ch\/wp-content\/uploads\/2022\/09\/ML-5327-e1662542405391.jpeg\" \/>\n\t<meta property=\"og:image:width\" content=\"602\" \/>\n\t<meta property=\"og:image:height\" content=\"828\" \/>\n\t<meta property=\"og:image:type\" content=\"image\/jpeg\" \/>\n<meta name=\"twitter:card\" content=\"summary_large_image\" \/>\n<script type=\"application\/ld+json\" class=\"yoast-schema-graph\">{\"@context\":\"https:\\\/\\\/schema.org\",\"@graph\":[{\"@type\":\"WebPage\",\"@id\":\"https:\\\/\\\/www.credimex.ch\\\/de\\\/produkt\\\/ml-5327\\\/\",\"url\":\"https:\\\/\\\/www.credimex.ch\\\/de\\\/produkt\\\/ml-5327\\\/\",\"name\":\"ML 5327 - CREDIMEX\",\"isPartOf\":{\"@id\":\"https:\\\/\\\/www.credimex.ch\\\/de\\\/#website\"},\"primaryImageOfPage\":{\"@id\":\"https:\\\/\\\/www.credimex.ch\\\/de\\\/produkt\\\/ml-5327\\\/#primaryimage\"},\"image\":{\"@id\":\"https:\\\/\\\/www.credimex.ch\\\/de\\\/produkt\\\/ml-5327\\\/#primaryimage\"},\"thumbnailUrl\":\"https:\\\/\\\/www.credimex.ch\\\/wp-content\\\/uploads\\\/2022\\\/09\\\/ML-5327-e1662542405391.jpeg\",\"datePublished\":\"2022-09-07T09:24:57+00:00\",\"dateModified\":\"2022-12-28T10:41:52+00:00\",\"description\":\"PRODUKTBEZEICHNUNG: DELO\u00ae -ML 5327 ist ein modifiziertes Acrylat | 1K | anaerob h\u00e4rtend, l\u00f6sungsmittelfrei | ungef\u00fcllt, hochfest...\",\"breadcrumb\":{\"@id\":\"https:\\\/\\\/www.credimex.ch\\\/de\\\/produkt\\\/ml-5327\\\/#breadcrumb\"},\"inLanguage\":\"de\",\"potentialAction\":[{\"@type\":\"ReadAction\",\"target\":[\"https:\\\/\\\/www.credimex.ch\\\/de\\\/produkt\\\/ml-5327\\\/\"]}]},{\"@type\":\"ImageObject\",\"inLanguage\":\"de\",\"@id\":\"https:\\\/\\\/www.credimex.ch\\\/de\\\/produkt\\\/ml-5327\\\/#primaryimage\",\"url\":\"https:\\\/\\\/www.credimex.ch\\\/wp-content\\\/uploads\\\/2022\\\/09\\\/ML-5327-e1662542405391.jpeg\",\"contentUrl\":\"https:\\\/\\\/www.credimex.ch\\\/wp-content\\\/uploads\\\/2022\\\/09\\\/ML-5327-e1662542405391.jpeg\",\"width\":602,\"height\":828},{\"@type\":\"BreadcrumbList\",\"@id\":\"https:\\\/\\\/www.credimex.ch\\\/de\\\/produkt\\\/ml-5327\\\/#breadcrumb\",\"itemListElement\":[{\"@type\":\"ListItem\",\"position\":1,\"name\":\"Home\",\"item\":\"https:\\\/\\\/www.credimex.ch\\\/de\\\/\"},{\"@type\":\"ListItem\",\"position\":2,\"name\":\"Produkte\",\"item\":\"https:\\\/\\\/www.credimex.ch\\\/de\\\/produkte\\\/\"},{\"@type\":\"ListItem\",\"position\":3,\"name\":\"ML 5327\"}]},{\"@type\":\"WebSite\",\"@id\":\"https:\\\/\\\/www.credimex.ch\\\/de\\\/#website\",\"url\":\"https:\\\/\\\/www.credimex.ch\\\/de\\\/\",\"name\":\"CREDIMEX\",\"description\":\"Partner of Swiss Industrial Market\",\"publisher\":{\"@id\":\"https:\\\/\\\/www.credimex.ch\\\/de\\\/#organization\"},\"potentialAction\":[{\"@type\":\"SearchAction\",\"target\":{\"@type\":\"EntryPoint\",\"urlTemplate\":\"https:\\\/\\\/www.credimex.ch\\\/de\\\/?s={search_term_string}\"},\"query-input\":{\"@type\":\"PropertyValueSpecification\",\"valueRequired\":true,\"valueName\":\"search_term_string\"}}],\"inLanguage\":\"de\"},{\"@type\":\"Organization\",\"@id\":\"https:\\\/\\\/www.credimex.ch\\\/de\\\/#organization\",\"name\":\"credimex\",\"url\":\"https:\\\/\\\/www.credimex.ch\\\/de\\\/\",\"logo\":{\"@type\":\"ImageObject\",\"inLanguage\":\"de\",\"@id\":\"https:\\\/\\\/www.credimex.ch\\\/de\\\/#\\\/schema\\\/logo\\\/image\\\/\",\"url\":\"https:\\\/\\\/www.credimex.ch\\\/wp-content\\\/uploads\\\/2022\\\/03\\\/cropped-logo-credimex.png\",\"contentUrl\":\"https:\\\/\\\/www.credimex.ch\\\/wp-content\\\/uploads\\\/2022\\\/03\\\/cropped-logo-credimex.png\",\"width\":512,\"height\":512,\"caption\":\"credimex\"},\"image\":{\"@id\":\"https:\\\/\\\/www.credimex.ch\\\/de\\\/#\\\/schema\\\/logo\\\/image\\\/\"},\"sameAs\":[\"https:\\\/\\\/www.facebook.com\\\/credimex.alpnach\\\/\",\"https:\\\/\\\/www.linkedin.com\\\/company\\\/credimex\\\/\",\"https:\\\/\\\/www.youtube.com\\\/@CREDIMEX?sub_confirmation=1\"]}]}<\/script>\n<!-- \/ Yoast SEO Premium plugin. -->","yoast_head_json":{"title":"ML 5327 - CREDIMEX","description":"PRODUKTBEZEICHNUNG: DELO\u00ae -ML 5327 ist ein modifiziertes Acrylat | 1K | anaerob h\u00e4rtend, l\u00f6sungsmittelfrei | ungef\u00fcllt, hochfest...","robots":{"index":"index","follow":"follow","max-snippet":"max-snippet:-1","max-image-preview":"max-image-preview:large","max-video-preview":"max-video-preview:-1"},"canonical":"https:\/\/www.credimex.ch\/de\/produkt\/ml-5327\/","og_locale":"de_DE","og_type":"article","og_title":"ML 5327","og_description":"PRODUKTBEZEICHNUNG: DELO\u00ae -ML 5327 ist ein modifiziertes Acrylat | 1K | anaerob h\u00e4rtend, l\u00f6sungsmittelfrei | ungef\u00fcllt, hochfest...","og_url":"https:\/\/www.credimex.ch\/de\/produkt\/ml-5327\/","og_site_name":"CREDIMEX","article_publisher":"https:\/\/www.facebook.com\/credimex.alpnach\/","article_modified_time":"2022-12-28T10:41:52+00:00","og_image":[{"width":602,"height":828,"url":"https:\/\/www.credimex.ch\/wp-content\/uploads\/2022\/09\/ML-5327-e1662542405391.jpeg","type":"image\/jpeg"}],"twitter_card":"summary_large_image","schema":{"@context":"https:\/\/schema.org","@graph":[{"@type":"WebPage","@id":"https:\/\/www.credimex.ch\/de\/produkt\/ml-5327\/","url":"https:\/\/www.credimex.ch\/de\/produkt\/ml-5327\/","name":"ML 5327 - CREDIMEX","isPartOf":{"@id":"https:\/\/www.credimex.ch\/de\/#website"},"primaryImageOfPage":{"@id":"https:\/\/www.credimex.ch\/de\/produkt\/ml-5327\/#primaryimage"},"image":{"@id":"https:\/\/www.credimex.ch\/de\/produkt\/ml-5327\/#primaryimage"},"thumbnailUrl":"https:\/\/www.credimex.ch\/wp-content\/uploads\/2022\/09\/ML-5327-e1662542405391.jpeg","datePublished":"2022-09-07T09:24:57+00:00","dateModified":"2022-12-28T10:41:52+00:00","description":"PRODUKTBEZEICHNUNG: DELO\u00ae -ML 5327 ist ein modifiziertes Acrylat | 1K | anaerob h\u00e4rtend, l\u00f6sungsmittelfrei | ungef\u00fcllt, hochfest...","breadcrumb":{"@id":"https:\/\/www.credimex.ch\/de\/produkt\/ml-5327\/#breadcrumb"},"inLanguage":"de","potentialAction":[{"@type":"ReadAction","target":["https:\/\/www.credimex.ch\/de\/produkt\/ml-5327\/"]}]},{"@type":"ImageObject","inLanguage":"de","@id":"https:\/\/www.credimex.ch\/de\/produkt\/ml-5327\/#primaryimage","url":"https:\/\/www.credimex.ch\/wp-content\/uploads\/2022\/09\/ML-5327-e1662542405391.jpeg","contentUrl":"https:\/\/www.credimex.ch\/wp-content\/uploads\/2022\/09\/ML-5327-e1662542405391.jpeg","width":602,"height":828},{"@type":"BreadcrumbList","@id":"https:\/\/www.credimex.ch\/de\/produkt\/ml-5327\/#breadcrumb","itemListElement":[{"@type":"ListItem","position":1,"name":"Home","item":"https:\/\/www.credimex.ch\/de\/"},{"@type":"ListItem","position":2,"name":"Produkte","item":"https:\/\/www.credimex.ch\/de\/produkte\/"},{"@type":"ListItem","position":3,"name":"ML 5327"}]},{"@type":"WebSite","@id":"https:\/\/www.credimex.ch\/de\/#website","url":"https:\/\/www.credimex.ch\/de\/","name":"CREDIMEX","description":"Partner of Swiss Industrial Market","publisher":{"@id":"https:\/\/www.credimex.ch\/de\/#organization"},"potentialAction":[{"@type":"SearchAction","target":{"@type":"EntryPoint","urlTemplate":"https:\/\/www.credimex.ch\/de\/?s={search_term_string}"},"query-input":{"@type":"PropertyValueSpecification","valueRequired":true,"valueName":"search_term_string"}}],"inLanguage":"de"},{"@type":"Organization","@id":"https:\/\/www.credimex.ch\/de\/#organization","name":"credimex","url":"https:\/\/www.credimex.ch\/de\/","logo":{"@type":"ImageObject","inLanguage":"de","@id":"https:\/\/www.credimex.ch\/de\/#\/schema\/logo\/image\/","url":"https:\/\/www.credimex.ch\/wp-content\/uploads\/2022\/03\/cropped-logo-credimex.png","contentUrl":"https:\/\/www.credimex.ch\/wp-content\/uploads\/2022\/03\/cropped-logo-credimex.png","width":512,"height":512,"caption":"credimex"},"image":{"@id":"https:\/\/www.credimex.ch\/de\/#\/schema\/logo\/image\/"},"sameAs":["https:\/\/www.facebook.com\/credimex.alpnach\/","https:\/\/www.linkedin.com\/company\/credimex\/","https:\/\/www.youtube.com\/@CREDIMEX?sub_confirmation=1"]}]}},"_links":{"self":[{"href":"https:\/\/www.credimex.ch\/de\/wp-json\/wp\/v2\/product\/3859","targetHints":{"allow":["GET"]}}],"collection":[{"href":"https:\/\/www.credimex.ch\/de\/wp-json\/wp\/v2\/product"}],"about":[{"href":"https:\/\/www.credimex.ch\/de\/wp-json\/wp\/v2\/types\/product"}],"replies":[{"embeddable":true,"href":"https:\/\/www.credimex.ch\/de\/wp-json\/wp\/v2\/comments?post=3859"}],"wp:featuredmedia":[{"embeddable":true,"href":"https:\/\/www.credimex.ch\/de\/wp-json\/wp\/v2\/media\/3711"}],"wp:attachment":[{"href":"https:\/\/www.credimex.ch\/de\/wp-json\/wp\/v2\/media?parent=3859"}],"wp:term":[{"taxonomy":"product_brand","embeddable":true,"href":"https:\/\/www.credimex.ch\/de\/wp-json\/wp\/v2\/product_brand?post=3859"},{"taxonomy":"product_cat","embeddable":true,"href":"https:\/\/www.credimex.ch\/de\/wp-json\/wp\/v2\/product_cat?post=3859"},{"taxonomy":"product_tag","embeddable":true,"href":"https:\/\/www.credimex.ch\/de\/wp-json\/wp\/v2\/product_tag?post=3859"}],"curies":[{"name":"wp","href":"https:\/\/api.w.org\/{rel}","templated":true}]}}