{"id":3869,"date":"2022-09-07T10:55:25","date_gmt":"2022-09-07T08:55:25","guid":{"rendered":"https:\/\/www.credimex.ch.mialias.net\/product\/pur-9691\/"},"modified":"2022-12-28T12:06:05","modified_gmt":"2022-12-28T11:06:05","slug":"pur-9691","status":"publish","type":"product","link":"https:\/\/www.credimex.ch\/de\/produkt\/pur-9691\/","title":{"rendered":"PUR 9691"},"content":{"rendered":"<p>Polyurethan-Klebstoff\/Verguss | 2C | Raumtemperatur-h\u00e4rtend<br \/>\nGef\u00fcllt, fliessf\u00e4hig, geeignet f\u00fcr Side-by-Side-Patronen, sehr gute Medienbest\u00e4ndigkeit.<\/p>\n<h2>\nBesondere Merkmale des Produkts<\/h2>\n<ul>\n<li>konform mit der RoHS-Richtlinie 2015\/863\/EU<\/li>\n<li>auf Biokompatibilit\u00e4t getestet und erf\u00fcllt die Anforderungen nach DIN EN ISO 10993-5: Test auf Zytotoxizit\u00e4t<\/li>\n<li>Besteht ANSI\/UL 94 HB Flammtest<\/li>\n<li>Bauteil B ist feuchtigkeitsempfindlich<\/li>\n<\/ul>\n<h2>Typischer Einsatzbereich<\/h2>\n<ul>\n<li>-40 &#8211; 125 \u00b0C<\/li>\n<li>Metallverbindungen<\/li>\n<li>Mischbindungen mit Kunststoffen<\/li>\n<\/ul>\n","protected":false},"excerpt":{"rendered":"<p>Polyurethan | 2C | Raumtemperatur-h\u00e4rtend<\/p>\n","protected":false},"featured_media":3701,"comment_status":"open","ping_status":"closed","template":"","meta":{"_acf_changed":false},"product_brand":[],"product_cat":[369,351,456,380,417,390,457,468,435],"product_tag":[],"class_list":{"0":"post-3869","1":"product","2":"type-product","3":"status-publish","4":"has-post-thumbnail","6":"product_cat-allgemeine-industrie","7":"product_cat-automobilindustrie","8":"product_cat-delo","9":"product_cat-e-mobilitat","10":"product_cat-elektronik","11":"product_cat-energie","12":"product_cat-klebstoffe-und-dichtungsmittel","13":"product_cat-polyurethan-klebstoffe","14":"product_cat-vergussmassen","15":"pa_brands-delo-de","17":"first","18":"instock","19":"shipping-taxable","20":"product-type-simple"},"acf":[],"_yoast_wpseo_focuskw":"PUR 9691","_yoast_wpseo_metadesc":"DELO PUR 9691 ist ein Polyurethan-Klebstoff und Vergussmasse 2K. Bei Raumtemperatur aush\u00e4rtend, gef\u00fcllt und fliessf\u00e4hig. Er ist f\u00fcr Side-by-Side-Patronen geeignet.","yoast_head":"<!-- This site is optimized with the Yoast SEO Premium plugin v21.6 (Yoast SEO v27.4) - https:\/\/yoast.com\/product\/yoast-seo-premium-wordpress\/ -->\n<title>PUR 9691 - CREDIMEX<\/title>\n<meta name=\"description\" content=\"DELO PUR 9691 ist ein Polyurethan-Klebstoff und Vergussmasse 2K. Bei Raumtemperatur aush\u00e4rtend, gef\u00fcllt und fliessf\u00e4hig. Er ist f\u00fcr Side-by-Side-Patronen geeignet.\" \/>\n<meta name=\"robots\" content=\"index, follow, max-snippet:-1, max-image-preview:large, max-video-preview:-1\" \/>\n<link rel=\"canonical\" href=\"https:\/\/www.credimex.ch\/de\/produkt\/pur-9691\/\" \/>\n<meta property=\"og:locale\" content=\"de_DE\" \/>\n<meta property=\"og:type\" content=\"article\" \/>\n<meta property=\"og:title\" content=\"PUR 9691\" \/>\n<meta property=\"og:description\" content=\"DELO PUR 9691 ist ein Polyurethan-Klebstoff und Vergussmasse 2K. Bei Raumtemperatur aush\u00e4rtend, gef\u00fcllt und fliessf\u00e4hig. Er ist f\u00fcr Side-by-Side-Patronen geeignet.\" \/>\n<meta property=\"og:url\" content=\"https:\/\/www.credimex.ch\/de\/produkt\/pur-9691\/\" \/>\n<meta property=\"og:site_name\" content=\"CREDIMEX\" \/>\n<meta property=\"article:publisher\" content=\"https:\/\/www.facebook.com\/credimex.alpnach\/\" \/>\n<meta property=\"article:modified_time\" content=\"2022-12-28T11:06:05+00:00\" \/>\n<meta property=\"og:image\" content=\"https:\/\/www.credimex.ch\/wp-content\/uploads\/2022\/09\/delo_pur_9691_50_ml_doppelkartusche_web.jpg\" \/>\n\t<meta property=\"og:image:width\" content=\"800\" \/>\n\t<meta property=\"og:image:height\" content=\"800\" \/>\n\t<meta property=\"og:image:type\" content=\"image\/jpeg\" \/>\n<meta name=\"twitter:card\" content=\"summary_large_image\" \/>\n<script type=\"application\/ld+json\" class=\"yoast-schema-graph\">{\"@context\":\"https:\\\/\\\/schema.org\",\"@graph\":[{\"@type\":\"WebPage\",\"@id\":\"https:\\\/\\\/www.credimex.ch\\\/de\\\/produkt\\\/pur-9691\\\/\",\"url\":\"https:\\\/\\\/www.credimex.ch\\\/de\\\/produkt\\\/pur-9691\\\/\",\"name\":\"PUR 9691 - CREDIMEX\",\"isPartOf\":{\"@id\":\"https:\\\/\\\/www.credimex.ch\\\/de\\\/#website\"},\"primaryImageOfPage\":{\"@id\":\"https:\\\/\\\/www.credimex.ch\\\/de\\\/produkt\\\/pur-9691\\\/#primaryimage\"},\"image\":{\"@id\":\"https:\\\/\\\/www.credimex.ch\\\/de\\\/produkt\\\/pur-9691\\\/#primaryimage\"},\"thumbnailUrl\":\"https:\\\/\\\/www.credimex.ch\\\/wp-content\\\/uploads\\\/2022\\\/09\\\/delo_pur_9691_50_ml_doppelkartusche_web.jpg\",\"datePublished\":\"2022-09-07T08:55:25+00:00\",\"dateModified\":\"2022-12-28T11:06:05+00:00\",\"description\":\"DELO PUR 9691 ist ein Polyurethan-Klebstoff und Vergussmasse 2K. Bei Raumtemperatur aush\u00e4rtend, gef\u00fcllt und fliessf\u00e4hig. Er ist f\u00fcr Side-by-Side-Patronen geeignet.\",\"breadcrumb\":{\"@id\":\"https:\\\/\\\/www.credimex.ch\\\/de\\\/produkt\\\/pur-9691\\\/#breadcrumb\"},\"inLanguage\":\"de\",\"potentialAction\":[{\"@type\":\"ReadAction\",\"target\":[\"https:\\\/\\\/www.credimex.ch\\\/de\\\/produkt\\\/pur-9691\\\/\"]}]},{\"@type\":\"ImageObject\",\"inLanguage\":\"de\",\"@id\":\"https:\\\/\\\/www.credimex.ch\\\/de\\\/produkt\\\/pur-9691\\\/#primaryimage\",\"url\":\"https:\\\/\\\/www.credimex.ch\\\/wp-content\\\/uploads\\\/2022\\\/09\\\/delo_pur_9691_50_ml_doppelkartusche_web.jpg\",\"contentUrl\":\"https:\\\/\\\/www.credimex.ch\\\/wp-content\\\/uploads\\\/2022\\\/09\\\/delo_pur_9691_50_ml_doppelkartusche_web.jpg\",\"width\":800,\"height\":800},{\"@type\":\"BreadcrumbList\",\"@id\":\"https:\\\/\\\/www.credimex.ch\\\/de\\\/produkt\\\/pur-9691\\\/#breadcrumb\",\"itemListElement\":[{\"@type\":\"ListItem\",\"position\":1,\"name\":\"Home\",\"item\":\"https:\\\/\\\/www.credimex.ch\\\/de\\\/\"},{\"@type\":\"ListItem\",\"position\":2,\"name\":\"Produkte\",\"item\":\"https:\\\/\\\/www.credimex.ch\\\/de\\\/produkte\\\/\"},{\"@type\":\"ListItem\",\"position\":3,\"name\":\"PUR 9691\"}]},{\"@type\":\"WebSite\",\"@id\":\"https:\\\/\\\/www.credimex.ch\\\/de\\\/#website\",\"url\":\"https:\\\/\\\/www.credimex.ch\\\/de\\\/\",\"name\":\"CREDIMEX\",\"description\":\"Partner of Swiss Industrial Market\",\"publisher\":{\"@id\":\"https:\\\/\\\/www.credimex.ch\\\/de\\\/#organization\"},\"potentialAction\":[{\"@type\":\"SearchAction\",\"target\":{\"@type\":\"EntryPoint\",\"urlTemplate\":\"https:\\\/\\\/www.credimex.ch\\\/de\\\/?s={search_term_string}\"},\"query-input\":{\"@type\":\"PropertyValueSpecification\",\"valueRequired\":true,\"valueName\":\"search_term_string\"}}],\"inLanguage\":\"de\"},{\"@type\":\"Organization\",\"@id\":\"https:\\\/\\\/www.credimex.ch\\\/de\\\/#organization\",\"name\":\"credimex\",\"url\":\"https:\\\/\\\/www.credimex.ch\\\/de\\\/\",\"logo\":{\"@type\":\"ImageObject\",\"inLanguage\":\"de\",\"@id\":\"https:\\\/\\\/www.credimex.ch\\\/de\\\/#\\\/schema\\\/logo\\\/image\\\/\",\"url\":\"https:\\\/\\\/www.credimex.ch\\\/wp-content\\\/uploads\\\/2022\\\/03\\\/cropped-logo-credimex.png\",\"contentUrl\":\"https:\\\/\\\/www.credimex.ch\\\/wp-content\\\/uploads\\\/2022\\\/03\\\/cropped-logo-credimex.png\",\"width\":512,\"height\":512,\"caption\":\"credimex\"},\"image\":{\"@id\":\"https:\\\/\\\/www.credimex.ch\\\/de\\\/#\\\/schema\\\/logo\\\/image\\\/\"},\"sameAs\":[\"https:\\\/\\\/www.facebook.com\\\/credimex.alpnach\\\/\",\"https:\\\/\\\/www.linkedin.com\\\/company\\\/credimex\\\/\",\"https:\\\/\\\/www.youtube.com\\\/@CREDIMEX?sub_confirmation=1\"]}]}<\/script>\n<!-- \/ Yoast SEO Premium plugin. -->","yoast_head_json":{"title":"PUR 9691 - CREDIMEX","description":"DELO PUR 9691 ist ein Polyurethan-Klebstoff und Vergussmasse 2K. Bei Raumtemperatur aush\u00e4rtend, gef\u00fcllt und fliessf\u00e4hig. Er ist f\u00fcr Side-by-Side-Patronen geeignet.","robots":{"index":"index","follow":"follow","max-snippet":"max-snippet:-1","max-image-preview":"max-image-preview:large","max-video-preview":"max-video-preview:-1"},"canonical":"https:\/\/www.credimex.ch\/de\/produkt\/pur-9691\/","og_locale":"de_DE","og_type":"article","og_title":"PUR 9691","og_description":"DELO PUR 9691 ist ein Polyurethan-Klebstoff und Vergussmasse 2K. Bei Raumtemperatur aush\u00e4rtend, gef\u00fcllt und fliessf\u00e4hig. Er ist f\u00fcr Side-by-Side-Patronen geeignet.","og_url":"https:\/\/www.credimex.ch\/de\/produkt\/pur-9691\/","og_site_name":"CREDIMEX","article_publisher":"https:\/\/www.facebook.com\/credimex.alpnach\/","article_modified_time":"2022-12-28T11:06:05+00:00","og_image":[{"width":800,"height":800,"url":"https:\/\/www.credimex.ch\/wp-content\/uploads\/2022\/09\/delo_pur_9691_50_ml_doppelkartusche_web.jpg","type":"image\/jpeg"}],"twitter_card":"summary_large_image","schema":{"@context":"https:\/\/schema.org","@graph":[{"@type":"WebPage","@id":"https:\/\/www.credimex.ch\/de\/produkt\/pur-9691\/","url":"https:\/\/www.credimex.ch\/de\/produkt\/pur-9691\/","name":"PUR 9691 - CREDIMEX","isPartOf":{"@id":"https:\/\/www.credimex.ch\/de\/#website"},"primaryImageOfPage":{"@id":"https:\/\/www.credimex.ch\/de\/produkt\/pur-9691\/#primaryimage"},"image":{"@id":"https:\/\/www.credimex.ch\/de\/produkt\/pur-9691\/#primaryimage"},"thumbnailUrl":"https:\/\/www.credimex.ch\/wp-content\/uploads\/2022\/09\/delo_pur_9691_50_ml_doppelkartusche_web.jpg","datePublished":"2022-09-07T08:55:25+00:00","dateModified":"2022-12-28T11:06:05+00:00","description":"DELO PUR 9691 ist ein Polyurethan-Klebstoff und Vergussmasse 2K. Bei Raumtemperatur aush\u00e4rtend, gef\u00fcllt und fliessf\u00e4hig. Er ist f\u00fcr Side-by-Side-Patronen geeignet.","breadcrumb":{"@id":"https:\/\/www.credimex.ch\/de\/produkt\/pur-9691\/#breadcrumb"},"inLanguage":"de","potentialAction":[{"@type":"ReadAction","target":["https:\/\/www.credimex.ch\/de\/produkt\/pur-9691\/"]}]},{"@type":"ImageObject","inLanguage":"de","@id":"https:\/\/www.credimex.ch\/de\/produkt\/pur-9691\/#primaryimage","url":"https:\/\/www.credimex.ch\/wp-content\/uploads\/2022\/09\/delo_pur_9691_50_ml_doppelkartusche_web.jpg","contentUrl":"https:\/\/www.credimex.ch\/wp-content\/uploads\/2022\/09\/delo_pur_9691_50_ml_doppelkartusche_web.jpg","width":800,"height":800},{"@type":"BreadcrumbList","@id":"https:\/\/www.credimex.ch\/de\/produkt\/pur-9691\/#breadcrumb","itemListElement":[{"@type":"ListItem","position":1,"name":"Home","item":"https:\/\/www.credimex.ch\/de\/"},{"@type":"ListItem","position":2,"name":"Produkte","item":"https:\/\/www.credimex.ch\/de\/produkte\/"},{"@type":"ListItem","position":3,"name":"PUR 9691"}]},{"@type":"WebSite","@id":"https:\/\/www.credimex.ch\/de\/#website","url":"https:\/\/www.credimex.ch\/de\/","name":"CREDIMEX","description":"Partner of Swiss Industrial Market","publisher":{"@id":"https:\/\/www.credimex.ch\/de\/#organization"},"potentialAction":[{"@type":"SearchAction","target":{"@type":"EntryPoint","urlTemplate":"https:\/\/www.credimex.ch\/de\/?s={search_term_string}"},"query-input":{"@type":"PropertyValueSpecification","valueRequired":true,"valueName":"search_term_string"}}],"inLanguage":"de"},{"@type":"Organization","@id":"https:\/\/www.credimex.ch\/de\/#organization","name":"credimex","url":"https:\/\/www.credimex.ch\/de\/","logo":{"@type":"ImageObject","inLanguage":"de","@id":"https:\/\/www.credimex.ch\/de\/#\/schema\/logo\/image\/","url":"https:\/\/www.credimex.ch\/wp-content\/uploads\/2022\/03\/cropped-logo-credimex.png","contentUrl":"https:\/\/www.credimex.ch\/wp-content\/uploads\/2022\/03\/cropped-logo-credimex.png","width":512,"height":512,"caption":"credimex"},"image":{"@id":"https:\/\/www.credimex.ch\/de\/#\/schema\/logo\/image\/"},"sameAs":["https:\/\/www.facebook.com\/credimex.alpnach\/","https:\/\/www.linkedin.com\/company\/credimex\/","https:\/\/www.youtube.com\/@CREDIMEX?sub_confirmation=1"]}]}},"_links":{"self":[{"href":"https:\/\/www.credimex.ch\/de\/wp-json\/wp\/v2\/product\/3869","targetHints":{"allow":["GET"]}}],"collection":[{"href":"https:\/\/www.credimex.ch\/de\/wp-json\/wp\/v2\/product"}],"about":[{"href":"https:\/\/www.credimex.ch\/de\/wp-json\/wp\/v2\/types\/product"}],"replies":[{"embeddable":true,"href":"https:\/\/www.credimex.ch\/de\/wp-json\/wp\/v2\/comments?post=3869"}],"wp:featuredmedia":[{"embeddable":true,"href":"https:\/\/www.credimex.ch\/de\/wp-json\/wp\/v2\/media\/3701"}],"wp:attachment":[{"href":"https:\/\/www.credimex.ch\/de\/wp-json\/wp\/v2\/media?parent=3869"}],"wp:term":[{"taxonomy":"product_brand","embeddable":true,"href":"https:\/\/www.credimex.ch\/de\/wp-json\/wp\/v2\/product_brand?post=3869"},{"taxonomy":"product_cat","embeddable":true,"href":"https:\/\/www.credimex.ch\/de\/wp-json\/wp\/v2\/product_cat?post=3869"},{"taxonomy":"product_tag","embeddable":true,"href":"https:\/\/www.credimex.ch\/de\/wp-json\/wp\/v2\/product_tag?post=3869"}],"curies":[{"name":"wp","href":"https:\/\/api.w.org\/{rel}","templated":true}]}}