{"id":3891,"date":"2022-09-06T12:45:32","date_gmt":"2022-09-06T10:45:32","guid":{"rendered":"https:\/\/www.credimex.ch.mialias.net\/product\/dl4\/"},"modified":"2023-01-04T09:55:04","modified_gmt":"2023-01-04T08:55:04","slug":"dl4","status":"publish","type":"product","link":"https:\/\/www.credimex.ch\/de\/produkt\/dl4\/","title":{"rendered":"DL4"},"content":{"rendered":"<p><span>Die Dosiermaschinen der DL-Serie f\u00fcr den LED-Verguss sind das Ergebnis der langj\u00e4hrigen Erfahrung von Demak in der Vakuumbehandlung von Harzen.  <\/span><span>Sie liefert blasenfreie Endprodukte dank des innovativen Systems der kontinuierlichen Vakuumentgasungspumpen.  <\/span><span>Die DL4 ist die erste Maschine der Welt, bei der Sie per Knopfdruck vier verschiedene LED-Harzsysteme ausw\u00e4hlen k\u00f6nnen.  <\/span><\/p>\n<p>&nbsp;<\/p>\n<h2><span>Vorteile<\/span><\/h2>\n<ul>\n<li><span>Durch die automatische Einstellung des Mischungsverh\u00e4ltnisses k\u00f6nnen Sie 2 bis 3 Komponenten gleichzeitig ausw\u00e4hlen und 4 verschiedene Endergebnisse erzielen: weich-transparent, weich-transluzent, hart-transparent, hart-transluzent.<\/span><\/li>\n<li>Automatisch, kontinuierlich, programmierbar, Vakuum<\/li>\n<\/ul>\n<p>&nbsp;<\/p>\n<h2>Anwendungen<\/h2>\n<ul>\n<li>F\u00fcr die Elektronikindustrie<\/li>\n<\/ul>\n","protected":false},"excerpt":{"rendered":"<p>Vakuum-Dosiersystem<\/p>\n","protected":false},"featured_media":3679,"comment_status":"open","ping_status":"closed","template":"","meta":{"_acf_changed":false},"product_brand":[],"product_cat":[369,492,351,419,434,380,379,417,390,352,420,418],"product_tag":[],"class_list":{"0":"post-3891","1":"product","2":"type-product","3":"status-publish","4":"has-post-thumbnail","6":"product_cat-allgemeine-industrie","7":"product_cat-ausrustung","8":"product_cat-automobilindustrie","9":"product_cat-batterien","10":"product_cat-demak","11":"product_cat-e-mobilitat","12":"product_cat-eisenbahn","13":"product_cat-elektronik","14":"product_cat-energie","15":"product_cat-luft-und-raumfahrtindustrie","16":"product_cat-medizinal-industrie","17":"product_cat-seilbahnen","18":"pa_brands-demax-de","20":"first","21":"instock","22":"shipping-taxable","23":"product-type-simple"},"acf":[],"_yoast_wpseo_focuskw":"DL4","_yoast_wpseo_metadesc":"Die Dosiermaschinen der DL-Serie f\u00fcr den LED-Verguss sind das Ergebnis der langj\u00e4hrigen Erfahrung von Demak in der Vakuumbehandlung von Harzen.","yoast_head":"<!-- This site is optimized with the Yoast SEO Premium plugin v21.6 (Yoast SEO v27.4) - https:\/\/yoast.com\/product\/yoast-seo-premium-wordpress\/ -->\n<title>DL4 - CREDIMEX<\/title>\n<meta name=\"description\" content=\"Die Dosiermaschinen der DL-Serie f\u00fcr den LED-Verguss sind das Ergebnis der langj\u00e4hrigen Erfahrung von Demak in der Vakuumbehandlung von Harzen.\" \/>\n<meta name=\"robots\" content=\"index, follow, max-snippet:-1, max-image-preview:large, max-video-preview:-1\" \/>\n<link rel=\"canonical\" href=\"https:\/\/www.credimex.ch\/de\/produkt\/dl4\/\" \/>\n<meta property=\"og:locale\" content=\"de_DE\" \/>\n<meta property=\"og:type\" content=\"article\" \/>\n<meta property=\"og:title\" content=\"DL4\" \/>\n<meta property=\"og:description\" content=\"Die Dosiermaschinen der DL-Serie f\u00fcr den LED-Verguss sind das Ergebnis der langj\u00e4hrigen Erfahrung von Demak in der Vakuumbehandlung von Harzen.\" \/>\n<meta property=\"og:url\" content=\"https:\/\/www.credimex.ch\/de\/produkt\/dl4\/\" \/>\n<meta property=\"og:site_name\" content=\"CREDIMEX\" \/>\n<meta property=\"article:publisher\" content=\"https:\/\/www.facebook.com\/credimex.alpnach\/\" \/>\n<meta property=\"article:modified_time\" content=\"2023-01-04T08:55:04+00:00\" \/>\n<meta property=\"og:image\" content=\"https:\/\/www.credimex.ch\/wp-content\/uploads\/2022\/09\/DL4-vacuum-dosing-system.jpeg\" \/>\n\t<meta property=\"og:image:width\" content=\"572\" \/>\n\t<meta property=\"og:image:height\" content=\"572\" \/>\n\t<meta property=\"og:image:type\" content=\"image\/jpeg\" \/>\n<meta name=\"twitter:card\" content=\"summary_large_image\" \/>\n<script type=\"application\/ld+json\" class=\"yoast-schema-graph\">{\"@context\":\"https:\\\/\\\/schema.org\",\"@graph\":[{\"@type\":\"WebPage\",\"@id\":\"https:\\\/\\\/www.credimex.ch\\\/de\\\/produkt\\\/dl4\\\/\",\"url\":\"https:\\\/\\\/www.credimex.ch\\\/de\\\/produkt\\\/dl4\\\/\",\"name\":\"DL4 - CREDIMEX\",\"isPartOf\":{\"@id\":\"https:\\\/\\\/www.credimex.ch\\\/de\\\/#website\"},\"primaryImageOfPage\":{\"@id\":\"https:\\\/\\\/www.credimex.ch\\\/de\\\/produkt\\\/dl4\\\/#primaryimage\"},\"image\":{\"@id\":\"https:\\\/\\\/www.credimex.ch\\\/de\\\/produkt\\\/dl4\\\/#primaryimage\"},\"thumbnailUrl\":\"https:\\\/\\\/www.credimex.ch\\\/wp-content\\\/uploads\\\/2022\\\/09\\\/DL4-vacuum-dosing-system.jpeg\",\"datePublished\":\"2022-09-06T10:45:32+00:00\",\"dateModified\":\"2023-01-04T08:55:04+00:00\",\"description\":\"Die Dosiermaschinen der DL-Serie f\u00fcr den LED-Verguss sind das Ergebnis der langj\u00e4hrigen Erfahrung von Demak in der Vakuumbehandlung von Harzen.\",\"breadcrumb\":{\"@id\":\"https:\\\/\\\/www.credimex.ch\\\/de\\\/produkt\\\/dl4\\\/#breadcrumb\"},\"inLanguage\":\"de\",\"potentialAction\":[{\"@type\":\"ReadAction\",\"target\":[\"https:\\\/\\\/www.credimex.ch\\\/de\\\/produkt\\\/dl4\\\/\"]}]},{\"@type\":\"ImageObject\",\"inLanguage\":\"de\",\"@id\":\"https:\\\/\\\/www.credimex.ch\\\/de\\\/produkt\\\/dl4\\\/#primaryimage\",\"url\":\"https:\\\/\\\/www.credimex.ch\\\/wp-content\\\/uploads\\\/2022\\\/09\\\/DL4-vacuum-dosing-system.jpeg\",\"contentUrl\":\"https:\\\/\\\/www.credimex.ch\\\/wp-content\\\/uploads\\\/2022\\\/09\\\/DL4-vacuum-dosing-system.jpeg\",\"width\":572,\"height\":572},{\"@type\":\"BreadcrumbList\",\"@id\":\"https:\\\/\\\/www.credimex.ch\\\/de\\\/produkt\\\/dl4\\\/#breadcrumb\",\"itemListElement\":[{\"@type\":\"ListItem\",\"position\":1,\"name\":\"Home\",\"item\":\"https:\\\/\\\/www.credimex.ch\\\/de\\\/\"},{\"@type\":\"ListItem\",\"position\":2,\"name\":\"Produkte\",\"item\":\"https:\\\/\\\/www.credimex.ch\\\/de\\\/produkte\\\/\"},{\"@type\":\"ListItem\",\"position\":3,\"name\":\"DL4\"}]},{\"@type\":\"WebSite\",\"@id\":\"https:\\\/\\\/www.credimex.ch\\\/de\\\/#website\",\"url\":\"https:\\\/\\\/www.credimex.ch\\\/de\\\/\",\"name\":\"CREDIMEX\",\"description\":\"Partner of Swiss Industrial Market\",\"publisher\":{\"@id\":\"https:\\\/\\\/www.credimex.ch\\\/de\\\/#organization\"},\"potentialAction\":[{\"@type\":\"SearchAction\",\"target\":{\"@type\":\"EntryPoint\",\"urlTemplate\":\"https:\\\/\\\/www.credimex.ch\\\/de\\\/?s={search_term_string}\"},\"query-input\":{\"@type\":\"PropertyValueSpecification\",\"valueRequired\":true,\"valueName\":\"search_term_string\"}}],\"inLanguage\":\"de\"},{\"@type\":\"Organization\",\"@id\":\"https:\\\/\\\/www.credimex.ch\\\/de\\\/#organization\",\"name\":\"credimex\",\"url\":\"https:\\\/\\\/www.credimex.ch\\\/de\\\/\",\"logo\":{\"@type\":\"ImageObject\",\"inLanguage\":\"de\",\"@id\":\"https:\\\/\\\/www.credimex.ch\\\/de\\\/#\\\/schema\\\/logo\\\/image\\\/\",\"url\":\"https:\\\/\\\/www.credimex.ch\\\/wp-content\\\/uploads\\\/2022\\\/03\\\/cropped-logo-credimex.png\",\"contentUrl\":\"https:\\\/\\\/www.credimex.ch\\\/wp-content\\\/uploads\\\/2022\\\/03\\\/cropped-logo-credimex.png\",\"width\":512,\"height\":512,\"caption\":\"credimex\"},\"image\":{\"@id\":\"https:\\\/\\\/www.credimex.ch\\\/de\\\/#\\\/schema\\\/logo\\\/image\\\/\"},\"sameAs\":[\"https:\\\/\\\/www.facebook.com\\\/credimex.alpnach\\\/\",\"https:\\\/\\\/www.linkedin.com\\\/company\\\/credimex\\\/\",\"https:\\\/\\\/www.youtube.com\\\/@CREDIMEX?sub_confirmation=1\"]}]}<\/script>\n<!-- \/ Yoast SEO Premium plugin. -->","yoast_head_json":{"title":"DL4 - CREDIMEX","description":"Die Dosiermaschinen der DL-Serie f\u00fcr den LED-Verguss sind das Ergebnis der langj\u00e4hrigen Erfahrung von Demak in der Vakuumbehandlung von Harzen.","robots":{"index":"index","follow":"follow","max-snippet":"max-snippet:-1","max-image-preview":"max-image-preview:large","max-video-preview":"max-video-preview:-1"},"canonical":"https:\/\/www.credimex.ch\/de\/produkt\/dl4\/","og_locale":"de_DE","og_type":"article","og_title":"DL4","og_description":"Die Dosiermaschinen der DL-Serie f\u00fcr den LED-Verguss sind das Ergebnis der langj\u00e4hrigen Erfahrung von Demak in der Vakuumbehandlung von Harzen.","og_url":"https:\/\/www.credimex.ch\/de\/produkt\/dl4\/","og_site_name":"CREDIMEX","article_publisher":"https:\/\/www.facebook.com\/credimex.alpnach\/","article_modified_time":"2023-01-04T08:55:04+00:00","og_image":[{"width":572,"height":572,"url":"https:\/\/www.credimex.ch\/wp-content\/uploads\/2022\/09\/DL4-vacuum-dosing-system.jpeg","type":"image\/jpeg"}],"twitter_card":"summary_large_image","schema":{"@context":"https:\/\/schema.org","@graph":[{"@type":"WebPage","@id":"https:\/\/www.credimex.ch\/de\/produkt\/dl4\/","url":"https:\/\/www.credimex.ch\/de\/produkt\/dl4\/","name":"DL4 - CREDIMEX","isPartOf":{"@id":"https:\/\/www.credimex.ch\/de\/#website"},"primaryImageOfPage":{"@id":"https:\/\/www.credimex.ch\/de\/produkt\/dl4\/#primaryimage"},"image":{"@id":"https:\/\/www.credimex.ch\/de\/produkt\/dl4\/#primaryimage"},"thumbnailUrl":"https:\/\/www.credimex.ch\/wp-content\/uploads\/2022\/09\/DL4-vacuum-dosing-system.jpeg","datePublished":"2022-09-06T10:45:32+00:00","dateModified":"2023-01-04T08:55:04+00:00","description":"Die Dosiermaschinen der DL-Serie f\u00fcr den LED-Verguss sind das Ergebnis der langj\u00e4hrigen Erfahrung von Demak in der Vakuumbehandlung von Harzen.","breadcrumb":{"@id":"https:\/\/www.credimex.ch\/de\/produkt\/dl4\/#breadcrumb"},"inLanguage":"de","potentialAction":[{"@type":"ReadAction","target":["https:\/\/www.credimex.ch\/de\/produkt\/dl4\/"]}]},{"@type":"ImageObject","inLanguage":"de","@id":"https:\/\/www.credimex.ch\/de\/produkt\/dl4\/#primaryimage","url":"https:\/\/www.credimex.ch\/wp-content\/uploads\/2022\/09\/DL4-vacuum-dosing-system.jpeg","contentUrl":"https:\/\/www.credimex.ch\/wp-content\/uploads\/2022\/09\/DL4-vacuum-dosing-system.jpeg","width":572,"height":572},{"@type":"BreadcrumbList","@id":"https:\/\/www.credimex.ch\/de\/produkt\/dl4\/#breadcrumb","itemListElement":[{"@type":"ListItem","position":1,"name":"Home","item":"https:\/\/www.credimex.ch\/de\/"},{"@type":"ListItem","position":2,"name":"Produkte","item":"https:\/\/www.credimex.ch\/de\/produkte\/"},{"@type":"ListItem","position":3,"name":"DL4"}]},{"@type":"WebSite","@id":"https:\/\/www.credimex.ch\/de\/#website","url":"https:\/\/www.credimex.ch\/de\/","name":"CREDIMEX","description":"Partner of Swiss Industrial Market","publisher":{"@id":"https:\/\/www.credimex.ch\/de\/#organization"},"potentialAction":[{"@type":"SearchAction","target":{"@type":"EntryPoint","urlTemplate":"https:\/\/www.credimex.ch\/de\/?s={search_term_string}"},"query-input":{"@type":"PropertyValueSpecification","valueRequired":true,"valueName":"search_term_string"}}],"inLanguage":"de"},{"@type":"Organization","@id":"https:\/\/www.credimex.ch\/de\/#organization","name":"credimex","url":"https:\/\/www.credimex.ch\/de\/","logo":{"@type":"ImageObject","inLanguage":"de","@id":"https:\/\/www.credimex.ch\/de\/#\/schema\/logo\/image\/","url":"https:\/\/www.credimex.ch\/wp-content\/uploads\/2022\/03\/cropped-logo-credimex.png","contentUrl":"https:\/\/www.credimex.ch\/wp-content\/uploads\/2022\/03\/cropped-logo-credimex.png","width":512,"height":512,"caption":"credimex"},"image":{"@id":"https:\/\/www.credimex.ch\/de\/#\/schema\/logo\/image\/"},"sameAs":["https:\/\/www.facebook.com\/credimex.alpnach\/","https:\/\/www.linkedin.com\/company\/credimex\/","https:\/\/www.youtube.com\/@CREDIMEX?sub_confirmation=1"]}]}},"_links":{"self":[{"href":"https:\/\/www.credimex.ch\/de\/wp-json\/wp\/v2\/product\/3891","targetHints":{"allow":["GET"]}}],"collection":[{"href":"https:\/\/www.credimex.ch\/de\/wp-json\/wp\/v2\/product"}],"about":[{"href":"https:\/\/www.credimex.ch\/de\/wp-json\/wp\/v2\/types\/product"}],"replies":[{"embeddable":true,"href":"https:\/\/www.credimex.ch\/de\/wp-json\/wp\/v2\/comments?post=3891"}],"wp:featuredmedia":[{"embeddable":true,"href":"https:\/\/www.credimex.ch\/de\/wp-json\/wp\/v2\/media\/3679"}],"wp:attachment":[{"href":"https:\/\/www.credimex.ch\/de\/wp-json\/wp\/v2\/media?parent=3891"}],"wp:term":[{"taxonomy":"product_brand","embeddable":true,"href":"https:\/\/www.credimex.ch\/de\/wp-json\/wp\/v2\/product_brand?post=3891"},{"taxonomy":"product_cat","embeddable":true,"href":"https:\/\/www.credimex.ch\/de\/wp-json\/wp\/v2\/product_cat?post=3891"},{"taxonomy":"product_tag","embeddable":true,"href":"https:\/\/www.credimex.ch\/de\/wp-json\/wp\/v2\/product_tag?post=3891"}],"curies":[{"name":"wp","href":"https:\/\/api.w.org\/{rel}","templated":true}]}}