{"id":3899,"date":"2022-09-06T11:31:37","date_gmt":"2022-09-06T09:31:37","guid":{"rendered":"https:\/\/www.credimex.ch.mialias.net\/product\/delo-dot-pn5\/"},"modified":"2023-01-04T09:55:07","modified_gmt":"2023-01-04T08:55:07","slug":"delo-dot-pn5","status":"publish","type":"product","link":"https:\/\/www.credimex.ch\/de\/produkt\/delo-dot-pn5\/","title":{"rendered":"DELO-DOT PN5"},"content":{"rendered":"<p>Das pneumatische Strahlventil DELO-DOT PN5 ist optimal f\u00fcr komplexe Mikrodosierungen. Dank sehr kurzer Zykluszeiten und reproduzierbarer Prozesse ist dieses Ventil ideal f\u00fcr die industrielle Serienfertigung. Mit einer Dosierfrequenz von bis zu 300 Hz und h\u00f6chsten St\u00f6sselgeschwindigkeiten bietet das Ventil maximale Leistung. Selbst hochviskose Materialien k\u00f6nnen in kleinsten Durchmessern von &lt;250 \u00b5m v\u00f6llig ber\u00fchrungslos appliziert werden.<\/p>\n<p>&nbsp;<\/p>\n<h2>Vorteile<\/h2>\n<p>DELO-DOT PN5 ist anwenderfreundlich konzipiert. Der modulare Aufbau macht sowohl die Wartung als auch die Reinigung unkompliziert. Dank seiner platzsparenden Bauweise l\u00e4sst sich das Jet-Ventil ideal in jede Produktionslinie integrieren. Der Kassettenhalter, der in einem 90\u00b0-Winkel angebracht werden kann, erm\u00f6glicht je nach System die Zuf\u00fchrung der Medien von allen vier Seiten des Ger\u00e4ts.<\/p>\n<ul>\n<li>Zuverl\u00e4ssige und pr\u00e4zise Dosierung, auch von hochviskosen, komplexen Materialien<\/li>\n<li>Reproduzierbare Ergebnisse bei unterschiedlichen Tropfengr\u00f6ssen durch individuelle Leistungseinstellung und austauschbare D\u00fcsen<\/li>\n<li>Werkzeugloser Wechsel von D\u00fcsen und Fluidikkolben dank Bajonettverschluss<\/li>\n<li>Kompakte Abmessungen des Ventils und des Schaltkastens zur platzsparenden Integration in Anlagen<\/li>\n<\/ul>\n","protected":false},"excerpt":{"rendered":"<p><span data-sheets-value=\"{\"1\":2,\"2\":\"DELO-DOT PN5\"}\" data-sheets-userformat=\"{\"2\":2625,\"3\":{\"1\":0},\"9\":0,\"12\":0,\"14\":{\"1\":2,\"2\":4884200}}\">Mikrodosierventil.  <\/span><\/p>\n","protected":false},"featured_media":3671,"comment_status":"open","ping_status":"closed","template":"","meta":{"_acf_changed":false},"product_brand":[],"product_cat":[369,492,351,419,456,501,380,417,390],"product_tag":[],"class_list":{"0":"post-3899","1":"product","2":"type-product","3":"status-publish","4":"has-post-thumbnail","6":"product_cat-allgemeine-industrie","7":"product_cat-ausrustung","8":"product_cat-automobilindustrie","9":"product_cat-batterien","10":"product_cat-delo","11":"product_cat-dosieren-von-klebstoffen-und-vergussmassen","12":"product_cat-e-mobilitat","13":"product_cat-elektronik","14":"product_cat-energie","16":"first","17":"instock","18":"shipping-taxable","19":"product-type-simple"},"acf":[],"_yoast_wpseo_focuskw":"DELO-DOT PN5","_yoast_wpseo_metadesc":"Das pneumatische Strahlventil ist optimal f\u00fcr die Mikrodosierung. Dank kurzer Taktzeiten und reproduzierbarer Prozesse ist sie ideal f\u00fcr die industrielle Serienfertigung.","yoast_head":"<!-- This site is optimized with the Yoast SEO Premium plugin v21.6 (Yoast SEO v27.4) - https:\/\/yoast.com\/product\/yoast-seo-premium-wordpress\/ -->\n<title>DELO-DOT PN5 - CREDIMEX<\/title>\n<meta name=\"description\" content=\"Das pneumatische Strahlventil ist optimal f\u00fcr die Mikrodosierung. Dank kurzer Taktzeiten und reproduzierbarer Prozesse ist sie ideal f\u00fcr die industrielle Serienfertigung.\" \/>\n<meta name=\"robots\" content=\"index, follow, max-snippet:-1, max-image-preview:large, max-video-preview:-1\" \/>\n<link rel=\"canonical\" href=\"https:\/\/www.credimex.ch\/de\/produkt\/delo-dot-pn5\/\" \/>\n<meta property=\"og:locale\" content=\"de_DE\" \/>\n<meta property=\"og:type\" content=\"article\" \/>\n<meta property=\"og:title\" content=\"DELO-DOT PN5\" \/>\n<meta property=\"og:description\" content=\"Das pneumatische Strahlventil ist optimal f\u00fcr die Mikrodosierung. Dank kurzer Taktzeiten und reproduzierbarer Prozesse ist sie ideal f\u00fcr die industrielle Serienfertigung.\" \/>\n<meta property=\"og:url\" content=\"https:\/\/www.credimex.ch\/de\/produkt\/delo-dot-pn5\/\" \/>\n<meta property=\"og:site_name\" content=\"CREDIMEX\" \/>\n<meta property=\"article:publisher\" content=\"https:\/\/www.facebook.com\/credimex.alpnach\/\" \/>\n<meta property=\"article:modified_time\" content=\"2023-01-04T08:55:07+00:00\" \/>\n<meta property=\"og:image\" content=\"https:\/\/www.credimex.ch\/wp-content\/uploads\/2022\/09\/DELO-DOT-PN5.jpeg\" \/>\n\t<meta property=\"og:image:width\" content=\"1250\" \/>\n\t<meta property=\"og:image:height\" content=\"1250\" \/>\n\t<meta property=\"og:image:type\" content=\"image\/jpeg\" \/>\n<meta name=\"twitter:card\" content=\"summary_large_image\" \/>\n<meta name=\"twitter:label1\" content=\"Gesch\u00e4tzte Lesezeit\" \/>\n\t<meta name=\"twitter:data1\" content=\"1\u00a0Minute\" \/>\n<script type=\"application\/ld+json\" class=\"yoast-schema-graph\">{\"@context\":\"https:\\\/\\\/schema.org\",\"@graph\":[{\"@type\":\"WebPage\",\"@id\":\"https:\\\/\\\/www.credimex.ch\\\/de\\\/produkt\\\/delo-dot-pn5\\\/\",\"url\":\"https:\\\/\\\/www.credimex.ch\\\/de\\\/produkt\\\/delo-dot-pn5\\\/\",\"name\":\"DELO-DOT PN5 - CREDIMEX\",\"isPartOf\":{\"@id\":\"https:\\\/\\\/www.credimex.ch\\\/de\\\/#website\"},\"primaryImageOfPage\":{\"@id\":\"https:\\\/\\\/www.credimex.ch\\\/de\\\/produkt\\\/delo-dot-pn5\\\/#primaryimage\"},\"image\":{\"@id\":\"https:\\\/\\\/www.credimex.ch\\\/de\\\/produkt\\\/delo-dot-pn5\\\/#primaryimage\"},\"thumbnailUrl\":\"https:\\\/\\\/www.credimex.ch\\\/wp-content\\\/uploads\\\/2022\\\/09\\\/DELO-DOT-PN5.jpeg\",\"datePublished\":\"2022-09-06T09:31:37+00:00\",\"dateModified\":\"2023-01-04T08:55:07+00:00\",\"description\":\"Das pneumatische Strahlventil ist optimal f\u00fcr die Mikrodosierung. Dank kurzer Taktzeiten und reproduzierbarer Prozesse ist sie ideal f\u00fcr die industrielle Serienfertigung.\",\"breadcrumb\":{\"@id\":\"https:\\\/\\\/www.credimex.ch\\\/de\\\/produkt\\\/delo-dot-pn5\\\/#breadcrumb\"},\"inLanguage\":\"de\",\"potentialAction\":[{\"@type\":\"ReadAction\",\"target\":[\"https:\\\/\\\/www.credimex.ch\\\/de\\\/produkt\\\/delo-dot-pn5\\\/\"]}]},{\"@type\":\"ImageObject\",\"inLanguage\":\"de\",\"@id\":\"https:\\\/\\\/www.credimex.ch\\\/de\\\/produkt\\\/delo-dot-pn5\\\/#primaryimage\",\"url\":\"https:\\\/\\\/www.credimex.ch\\\/wp-content\\\/uploads\\\/2022\\\/09\\\/DELO-DOT-PN5.jpeg\",\"contentUrl\":\"https:\\\/\\\/www.credimex.ch\\\/wp-content\\\/uploads\\\/2022\\\/09\\\/DELO-DOT-PN5.jpeg\",\"width\":1250,\"height\":1250},{\"@type\":\"BreadcrumbList\",\"@id\":\"https:\\\/\\\/www.credimex.ch\\\/de\\\/produkt\\\/delo-dot-pn5\\\/#breadcrumb\",\"itemListElement\":[{\"@type\":\"ListItem\",\"position\":1,\"name\":\"Home\",\"item\":\"https:\\\/\\\/www.credimex.ch\\\/de\\\/\"},{\"@type\":\"ListItem\",\"position\":2,\"name\":\"Produkte\",\"item\":\"https:\\\/\\\/www.credimex.ch\\\/de\\\/produkte\\\/\"},{\"@type\":\"ListItem\",\"position\":3,\"name\":\"DELO-DOT PN5\"}]},{\"@type\":\"WebSite\",\"@id\":\"https:\\\/\\\/www.credimex.ch\\\/de\\\/#website\",\"url\":\"https:\\\/\\\/www.credimex.ch\\\/de\\\/\",\"name\":\"CREDIMEX\",\"description\":\"Partner of Swiss Industrial Market\",\"publisher\":{\"@id\":\"https:\\\/\\\/www.credimex.ch\\\/de\\\/#organization\"},\"potentialAction\":[{\"@type\":\"SearchAction\",\"target\":{\"@type\":\"EntryPoint\",\"urlTemplate\":\"https:\\\/\\\/www.credimex.ch\\\/de\\\/?s={search_term_string}\"},\"query-input\":{\"@type\":\"PropertyValueSpecification\",\"valueRequired\":true,\"valueName\":\"search_term_string\"}}],\"inLanguage\":\"de\"},{\"@type\":\"Organization\",\"@id\":\"https:\\\/\\\/www.credimex.ch\\\/de\\\/#organization\",\"name\":\"credimex\",\"url\":\"https:\\\/\\\/www.credimex.ch\\\/de\\\/\",\"logo\":{\"@type\":\"ImageObject\",\"inLanguage\":\"de\",\"@id\":\"https:\\\/\\\/www.credimex.ch\\\/de\\\/#\\\/schema\\\/logo\\\/image\\\/\",\"url\":\"https:\\\/\\\/www.credimex.ch\\\/wp-content\\\/uploads\\\/2022\\\/03\\\/cropped-logo-credimex.png\",\"contentUrl\":\"https:\\\/\\\/www.credimex.ch\\\/wp-content\\\/uploads\\\/2022\\\/03\\\/cropped-logo-credimex.png\",\"width\":512,\"height\":512,\"caption\":\"credimex\"},\"image\":{\"@id\":\"https:\\\/\\\/www.credimex.ch\\\/de\\\/#\\\/schema\\\/logo\\\/image\\\/\"},\"sameAs\":[\"https:\\\/\\\/www.facebook.com\\\/credimex.alpnach\\\/\",\"https:\\\/\\\/www.linkedin.com\\\/company\\\/credimex\\\/\",\"https:\\\/\\\/www.youtube.com\\\/@CREDIMEX?sub_confirmation=1\"]}]}<\/script>\n<!-- \/ Yoast SEO Premium plugin. -->","yoast_head_json":{"title":"DELO-DOT PN5 - CREDIMEX","description":"Das pneumatische Strahlventil ist optimal f\u00fcr die Mikrodosierung. Dank kurzer Taktzeiten und reproduzierbarer Prozesse ist sie ideal f\u00fcr die industrielle Serienfertigung.","robots":{"index":"index","follow":"follow","max-snippet":"max-snippet:-1","max-image-preview":"max-image-preview:large","max-video-preview":"max-video-preview:-1"},"canonical":"https:\/\/www.credimex.ch\/de\/produkt\/delo-dot-pn5\/","og_locale":"de_DE","og_type":"article","og_title":"DELO-DOT PN5","og_description":"Das pneumatische Strahlventil ist optimal f\u00fcr die Mikrodosierung. Dank kurzer Taktzeiten und reproduzierbarer Prozesse ist sie ideal f\u00fcr die industrielle Serienfertigung.","og_url":"https:\/\/www.credimex.ch\/de\/produkt\/delo-dot-pn5\/","og_site_name":"CREDIMEX","article_publisher":"https:\/\/www.facebook.com\/credimex.alpnach\/","article_modified_time":"2023-01-04T08:55:07+00:00","og_image":[{"width":1250,"height":1250,"url":"https:\/\/www.credimex.ch\/wp-content\/uploads\/2022\/09\/DELO-DOT-PN5.jpeg","type":"image\/jpeg"}],"twitter_card":"summary_large_image","twitter_misc":{"Gesch\u00e4tzte Lesezeit":"1\u00a0Minute"},"schema":{"@context":"https:\/\/schema.org","@graph":[{"@type":"WebPage","@id":"https:\/\/www.credimex.ch\/de\/produkt\/delo-dot-pn5\/","url":"https:\/\/www.credimex.ch\/de\/produkt\/delo-dot-pn5\/","name":"DELO-DOT PN5 - CREDIMEX","isPartOf":{"@id":"https:\/\/www.credimex.ch\/de\/#website"},"primaryImageOfPage":{"@id":"https:\/\/www.credimex.ch\/de\/produkt\/delo-dot-pn5\/#primaryimage"},"image":{"@id":"https:\/\/www.credimex.ch\/de\/produkt\/delo-dot-pn5\/#primaryimage"},"thumbnailUrl":"https:\/\/www.credimex.ch\/wp-content\/uploads\/2022\/09\/DELO-DOT-PN5.jpeg","datePublished":"2022-09-06T09:31:37+00:00","dateModified":"2023-01-04T08:55:07+00:00","description":"Das pneumatische Strahlventil ist optimal f\u00fcr die Mikrodosierung. Dank kurzer Taktzeiten und reproduzierbarer Prozesse ist sie ideal f\u00fcr die industrielle Serienfertigung.","breadcrumb":{"@id":"https:\/\/www.credimex.ch\/de\/produkt\/delo-dot-pn5\/#breadcrumb"},"inLanguage":"de","potentialAction":[{"@type":"ReadAction","target":["https:\/\/www.credimex.ch\/de\/produkt\/delo-dot-pn5\/"]}]},{"@type":"ImageObject","inLanguage":"de","@id":"https:\/\/www.credimex.ch\/de\/produkt\/delo-dot-pn5\/#primaryimage","url":"https:\/\/www.credimex.ch\/wp-content\/uploads\/2022\/09\/DELO-DOT-PN5.jpeg","contentUrl":"https:\/\/www.credimex.ch\/wp-content\/uploads\/2022\/09\/DELO-DOT-PN5.jpeg","width":1250,"height":1250},{"@type":"BreadcrumbList","@id":"https:\/\/www.credimex.ch\/de\/produkt\/delo-dot-pn5\/#breadcrumb","itemListElement":[{"@type":"ListItem","position":1,"name":"Home","item":"https:\/\/www.credimex.ch\/de\/"},{"@type":"ListItem","position":2,"name":"Produkte","item":"https:\/\/www.credimex.ch\/de\/produkte\/"},{"@type":"ListItem","position":3,"name":"DELO-DOT PN5"}]},{"@type":"WebSite","@id":"https:\/\/www.credimex.ch\/de\/#website","url":"https:\/\/www.credimex.ch\/de\/","name":"CREDIMEX","description":"Partner of Swiss Industrial Market","publisher":{"@id":"https:\/\/www.credimex.ch\/de\/#organization"},"potentialAction":[{"@type":"SearchAction","target":{"@type":"EntryPoint","urlTemplate":"https:\/\/www.credimex.ch\/de\/?s={search_term_string}"},"query-input":{"@type":"PropertyValueSpecification","valueRequired":true,"valueName":"search_term_string"}}],"inLanguage":"de"},{"@type":"Organization","@id":"https:\/\/www.credimex.ch\/de\/#organization","name":"credimex","url":"https:\/\/www.credimex.ch\/de\/","logo":{"@type":"ImageObject","inLanguage":"de","@id":"https:\/\/www.credimex.ch\/de\/#\/schema\/logo\/image\/","url":"https:\/\/www.credimex.ch\/wp-content\/uploads\/2022\/03\/cropped-logo-credimex.png","contentUrl":"https:\/\/www.credimex.ch\/wp-content\/uploads\/2022\/03\/cropped-logo-credimex.png","width":512,"height":512,"caption":"credimex"},"image":{"@id":"https:\/\/www.credimex.ch\/de\/#\/schema\/logo\/image\/"},"sameAs":["https:\/\/www.facebook.com\/credimex.alpnach\/","https:\/\/www.linkedin.com\/company\/credimex\/","https:\/\/www.youtube.com\/@CREDIMEX?sub_confirmation=1"]}]}},"_links":{"self":[{"href":"https:\/\/www.credimex.ch\/de\/wp-json\/wp\/v2\/product\/3899","targetHints":{"allow":["GET"]}}],"collection":[{"href":"https:\/\/www.credimex.ch\/de\/wp-json\/wp\/v2\/product"}],"about":[{"href":"https:\/\/www.credimex.ch\/de\/wp-json\/wp\/v2\/types\/product"}],"replies":[{"embeddable":true,"href":"https:\/\/www.credimex.ch\/de\/wp-json\/wp\/v2\/comments?post=3899"}],"wp:featuredmedia":[{"embeddable":true,"href":"https:\/\/www.credimex.ch\/de\/wp-json\/wp\/v2\/media\/3671"}],"wp:attachment":[{"href":"https:\/\/www.credimex.ch\/de\/wp-json\/wp\/v2\/media?parent=3899"}],"wp:term":[{"taxonomy":"product_brand","embeddable":true,"href":"https:\/\/www.credimex.ch\/de\/wp-json\/wp\/v2\/product_brand?post=3899"},{"taxonomy":"product_cat","embeddable":true,"href":"https:\/\/www.credimex.ch\/de\/wp-json\/wp\/v2\/product_cat?post=3899"},{"taxonomy":"product_tag","embeddable":true,"href":"https:\/\/www.credimex.ch\/de\/wp-json\/wp\/v2\/product_tag?post=3899"}],"curies":[{"name":"wp","href":"https:\/\/api.w.org\/{rel}","templated":true}]}}