{"id":3901,"date":"2022-09-06T11:22:59","date_gmt":"2022-09-06T09:22:59","guid":{"rendered":"https:\/\/www.credimex.ch.mialias.net\/product\/delo-xpress-902\/"},"modified":"2023-01-04T09:54:52","modified_gmt":"2023-01-04T08:54:52","slug":"delo-express-902","status":"publish","type":"product","link":"https:\/\/www.credimex.ch\/de\/produkt\/delo-express-902\/","title":{"rendered":"DELO-Xpress 902"},"content":{"rendered":"<div class=\"product_description\">\n<div class=\"well\">\n<ul>\n<li>Manuelle Dosierpistole zur Dosierung der 50ml Doppelkammerkartuschen mit einem Mischungsverh\u00e4ltnis von 1:1 und 2:1<\/li>\n<li>Mixpac DMA 50, PLA 050-01<\/li>\n<\/ul>\n<\/div>\n<\/div>\n<div><\/div>\n<div><\/div>\n<h2>Anwendung<\/h2>\n<ul>\n<li>Auslieferung<\/li>\n<\/ul>\n<p>&nbsp;<\/p>\n<h2>Vorteile<\/h2>\n<ul>\n<li>Pneumatische F\u00f6rderung von niedrigviskosen bis past\u00f6sen, einkomponentigen Medien<\/li>\n<li>Schnelle und einfache Handhabung<\/li>\n<li>Einfache Steuerung durch DELOMAT-Dosierger\u00e4te<\/li>\n<\/ul>\n","protected":false},"excerpt":{"rendered":"<p>Manuelle Dosierpistole f\u00fcr 50ml Doppelkartuschen.<\/p>\n","protected":false},"featured_media":3667,"comment_status":"open","ping_status":"closed","template":"","meta":{"_acf_changed":false},"product_brand":[],"product_cat":[369,492,351,419,456,501,380,417,390],"product_tag":[],"class_list":{"0":"post-3901","1":"product","2":"type-product","3":"status-publish","4":"has-post-thumbnail","6":"product_cat-allgemeine-industrie","7":"product_cat-ausrustung","8":"product_cat-automobilindustrie","9":"product_cat-batterien","10":"product_cat-delo","11":"product_cat-dosieren-von-klebstoffen-und-vergussmassen","12":"product_cat-e-mobilitat","13":"product_cat-elektronik","14":"product_cat-energie","15":"pa_brands-delo-de","17":"first","18":"instock","19":"shipping-taxable","20":"product-type-simple"},"acf":[],"_yoast_wpseo_focuskw":"DELO-Xpress 902","_yoast_wpseo_metadesc":"Manuelle Dosierpistole. Pneumatische F\u00f6rderung von d\u00fcnnfl\u00fcssigen bis past\u00f6sen, einkomponentigen Medien, schnelle und einfache Handhabung, einfache Steuerung durch DELOMAT-Dosierger\u00e4te.","yoast_head":"<!-- This site is optimized with the Yoast SEO Premium plugin v21.6 (Yoast SEO v27.4) - https:\/\/yoast.com\/product\/yoast-seo-premium-wordpress\/ -->\n<title>DELO-Xpress 902 - CREDIMEX<\/title>\n<meta name=\"description\" content=\"Manuelle Dosierpistole. Pneumatische F\u00f6rderung von d\u00fcnnfl\u00fcssigen bis past\u00f6sen, einkomponentigen Medien, schnelle und einfache Handhabung, einfache Steuerung durch DELOMAT-Dosierger\u00e4te.\" \/>\n<meta name=\"robots\" content=\"index, follow, max-snippet:-1, max-image-preview:large, max-video-preview:-1\" \/>\n<link rel=\"canonical\" href=\"https:\/\/www.credimex.ch\/de\/produkt\/delo-express-902\/\" \/>\n<meta property=\"og:locale\" content=\"de_DE\" \/>\n<meta property=\"og:type\" content=\"article\" \/>\n<meta property=\"og:title\" content=\"DELO-Xpress 902\" \/>\n<meta property=\"og:description\" content=\"Manuelle Dosierpistole. Pneumatische F\u00f6rderung von d\u00fcnnfl\u00fcssigen bis past\u00f6sen, einkomponentigen Medien, schnelle und einfache Handhabung, einfache Steuerung durch DELOMAT-Dosierger\u00e4te.\" \/>\n<meta property=\"og:url\" content=\"https:\/\/www.credimex.ch\/de\/produkt\/delo-express-902\/\" \/>\n<meta property=\"og:site_name\" content=\"CREDIMEX\" \/>\n<meta property=\"article:publisher\" content=\"https:\/\/www.facebook.com\/credimex.alpnach\/\" \/>\n<meta property=\"article:modified_time\" content=\"2023-01-04T08:54:52+00:00\" \/>\n<meta property=\"og:image\" content=\"https:\/\/www.credimex.ch\/wp-content\/uploads\/2022\/09\/DELO-Xpress-902--e1662456102154.jpeg\" \/>\n\t<meta property=\"og:image:width\" content=\"999\" \/>\n\t<meta property=\"og:image:height\" content=\"999\" \/>\n\t<meta property=\"og:image:type\" content=\"image\/jpeg\" \/>\n<meta name=\"twitter:card\" content=\"summary_large_image\" \/>\n<script type=\"application\/ld+json\" class=\"yoast-schema-graph\">{\"@context\":\"https:\\\/\\\/schema.org\",\"@graph\":[{\"@type\":\"WebPage\",\"@id\":\"https:\\\/\\\/www.credimex.ch\\\/de\\\/produkt\\\/delo-express-902\\\/\",\"url\":\"https:\\\/\\\/www.credimex.ch\\\/de\\\/produkt\\\/delo-express-902\\\/\",\"name\":\"DELO-Xpress 902 - CREDIMEX\",\"isPartOf\":{\"@id\":\"https:\\\/\\\/www.credimex.ch\\\/de\\\/#website\"},\"primaryImageOfPage\":{\"@id\":\"https:\\\/\\\/www.credimex.ch\\\/de\\\/produkt\\\/delo-express-902\\\/#primaryimage\"},\"image\":{\"@id\":\"https:\\\/\\\/www.credimex.ch\\\/de\\\/produkt\\\/delo-express-902\\\/#primaryimage\"},\"thumbnailUrl\":\"https:\\\/\\\/www.credimex.ch\\\/wp-content\\\/uploads\\\/2022\\\/09\\\/DELO-Xpress-902--e1662456102154.jpeg\",\"datePublished\":\"2022-09-06T09:22:59+00:00\",\"dateModified\":\"2023-01-04T08:54:52+00:00\",\"description\":\"Manuelle Dosierpistole. Pneumatische F\u00f6rderung von d\u00fcnnfl\u00fcssigen bis past\u00f6sen, einkomponentigen Medien, schnelle und einfache Handhabung, einfache Steuerung durch DELOMAT-Dosierger\u00e4te.\",\"breadcrumb\":{\"@id\":\"https:\\\/\\\/www.credimex.ch\\\/de\\\/produkt\\\/delo-express-902\\\/#breadcrumb\"},\"inLanguage\":\"de\",\"potentialAction\":[{\"@type\":\"ReadAction\",\"target\":[\"https:\\\/\\\/www.credimex.ch\\\/de\\\/produkt\\\/delo-express-902\\\/\"]}]},{\"@type\":\"ImageObject\",\"inLanguage\":\"de\",\"@id\":\"https:\\\/\\\/www.credimex.ch\\\/de\\\/produkt\\\/delo-express-902\\\/#primaryimage\",\"url\":\"https:\\\/\\\/www.credimex.ch\\\/wp-content\\\/uploads\\\/2022\\\/09\\\/DELO-Xpress-902--e1662456102154.jpeg\",\"contentUrl\":\"https:\\\/\\\/www.credimex.ch\\\/wp-content\\\/uploads\\\/2022\\\/09\\\/DELO-Xpress-902--e1662456102154.jpeg\",\"width\":999,\"height\":999},{\"@type\":\"BreadcrumbList\",\"@id\":\"https:\\\/\\\/www.credimex.ch\\\/de\\\/produkt\\\/delo-express-902\\\/#breadcrumb\",\"itemListElement\":[{\"@type\":\"ListItem\",\"position\":1,\"name\":\"Home\",\"item\":\"https:\\\/\\\/www.credimex.ch\\\/de\\\/\"},{\"@type\":\"ListItem\",\"position\":2,\"name\":\"Produkte\",\"item\":\"https:\\\/\\\/www.credimex.ch\\\/de\\\/produkte\\\/\"},{\"@type\":\"ListItem\",\"position\":3,\"name\":\"DELO-Xpress 902\"}]},{\"@type\":\"WebSite\",\"@id\":\"https:\\\/\\\/www.credimex.ch\\\/de\\\/#website\",\"url\":\"https:\\\/\\\/www.credimex.ch\\\/de\\\/\",\"name\":\"CREDIMEX\",\"description\":\"Partner of Swiss Industrial Market\",\"publisher\":{\"@id\":\"https:\\\/\\\/www.credimex.ch\\\/de\\\/#organization\"},\"potentialAction\":[{\"@type\":\"SearchAction\",\"target\":{\"@type\":\"EntryPoint\",\"urlTemplate\":\"https:\\\/\\\/www.credimex.ch\\\/de\\\/?s={search_term_string}\"},\"query-input\":{\"@type\":\"PropertyValueSpecification\",\"valueRequired\":true,\"valueName\":\"search_term_string\"}}],\"inLanguage\":\"de\"},{\"@type\":\"Organization\",\"@id\":\"https:\\\/\\\/www.credimex.ch\\\/de\\\/#organization\",\"name\":\"credimex\",\"url\":\"https:\\\/\\\/www.credimex.ch\\\/de\\\/\",\"logo\":{\"@type\":\"ImageObject\",\"inLanguage\":\"de\",\"@id\":\"https:\\\/\\\/www.credimex.ch\\\/de\\\/#\\\/schema\\\/logo\\\/image\\\/\",\"url\":\"https:\\\/\\\/www.credimex.ch\\\/wp-content\\\/uploads\\\/2022\\\/03\\\/cropped-logo-credimex.png\",\"contentUrl\":\"https:\\\/\\\/www.credimex.ch\\\/wp-content\\\/uploads\\\/2022\\\/03\\\/cropped-logo-credimex.png\",\"width\":512,\"height\":512,\"caption\":\"credimex\"},\"image\":{\"@id\":\"https:\\\/\\\/www.credimex.ch\\\/de\\\/#\\\/schema\\\/logo\\\/image\\\/\"},\"sameAs\":[\"https:\\\/\\\/www.facebook.com\\\/credimex.alpnach\\\/\",\"https:\\\/\\\/www.linkedin.com\\\/company\\\/credimex\\\/\",\"https:\\\/\\\/www.youtube.com\\\/@CREDIMEX?sub_confirmation=1\"]}]}<\/script>\n<!-- \/ Yoast SEO Premium plugin. -->","yoast_head_json":{"title":"DELO-Xpress 902 - CREDIMEX","description":"Manuelle Dosierpistole. Pneumatische F\u00f6rderung von d\u00fcnnfl\u00fcssigen bis past\u00f6sen, einkomponentigen Medien, schnelle und einfache Handhabung, einfache Steuerung durch DELOMAT-Dosierger\u00e4te.","robots":{"index":"index","follow":"follow","max-snippet":"max-snippet:-1","max-image-preview":"max-image-preview:large","max-video-preview":"max-video-preview:-1"},"canonical":"https:\/\/www.credimex.ch\/de\/produkt\/delo-express-902\/","og_locale":"de_DE","og_type":"article","og_title":"DELO-Xpress 902","og_description":"Manuelle Dosierpistole. Pneumatische F\u00f6rderung von d\u00fcnnfl\u00fcssigen bis past\u00f6sen, einkomponentigen Medien, schnelle und einfache Handhabung, einfache Steuerung durch DELOMAT-Dosierger\u00e4te.","og_url":"https:\/\/www.credimex.ch\/de\/produkt\/delo-express-902\/","og_site_name":"CREDIMEX","article_publisher":"https:\/\/www.facebook.com\/credimex.alpnach\/","article_modified_time":"2023-01-04T08:54:52+00:00","og_image":[{"width":999,"height":999,"url":"https:\/\/www.credimex.ch\/wp-content\/uploads\/2022\/09\/DELO-Xpress-902--e1662456102154.jpeg","type":"image\/jpeg"}],"twitter_card":"summary_large_image","schema":{"@context":"https:\/\/schema.org","@graph":[{"@type":"WebPage","@id":"https:\/\/www.credimex.ch\/de\/produkt\/delo-express-902\/","url":"https:\/\/www.credimex.ch\/de\/produkt\/delo-express-902\/","name":"DELO-Xpress 902 - CREDIMEX","isPartOf":{"@id":"https:\/\/www.credimex.ch\/de\/#website"},"primaryImageOfPage":{"@id":"https:\/\/www.credimex.ch\/de\/produkt\/delo-express-902\/#primaryimage"},"image":{"@id":"https:\/\/www.credimex.ch\/de\/produkt\/delo-express-902\/#primaryimage"},"thumbnailUrl":"https:\/\/www.credimex.ch\/wp-content\/uploads\/2022\/09\/DELO-Xpress-902--e1662456102154.jpeg","datePublished":"2022-09-06T09:22:59+00:00","dateModified":"2023-01-04T08:54:52+00:00","description":"Manuelle Dosierpistole. Pneumatische F\u00f6rderung von d\u00fcnnfl\u00fcssigen bis past\u00f6sen, einkomponentigen Medien, schnelle und einfache Handhabung, einfache Steuerung durch DELOMAT-Dosierger\u00e4te.","breadcrumb":{"@id":"https:\/\/www.credimex.ch\/de\/produkt\/delo-express-902\/#breadcrumb"},"inLanguage":"de","potentialAction":[{"@type":"ReadAction","target":["https:\/\/www.credimex.ch\/de\/produkt\/delo-express-902\/"]}]},{"@type":"ImageObject","inLanguage":"de","@id":"https:\/\/www.credimex.ch\/de\/produkt\/delo-express-902\/#primaryimage","url":"https:\/\/www.credimex.ch\/wp-content\/uploads\/2022\/09\/DELO-Xpress-902--e1662456102154.jpeg","contentUrl":"https:\/\/www.credimex.ch\/wp-content\/uploads\/2022\/09\/DELO-Xpress-902--e1662456102154.jpeg","width":999,"height":999},{"@type":"BreadcrumbList","@id":"https:\/\/www.credimex.ch\/de\/produkt\/delo-express-902\/#breadcrumb","itemListElement":[{"@type":"ListItem","position":1,"name":"Home","item":"https:\/\/www.credimex.ch\/de\/"},{"@type":"ListItem","position":2,"name":"Produkte","item":"https:\/\/www.credimex.ch\/de\/produkte\/"},{"@type":"ListItem","position":3,"name":"DELO-Xpress 902"}]},{"@type":"WebSite","@id":"https:\/\/www.credimex.ch\/de\/#website","url":"https:\/\/www.credimex.ch\/de\/","name":"CREDIMEX","description":"Partner of Swiss Industrial Market","publisher":{"@id":"https:\/\/www.credimex.ch\/de\/#organization"},"potentialAction":[{"@type":"SearchAction","target":{"@type":"EntryPoint","urlTemplate":"https:\/\/www.credimex.ch\/de\/?s={search_term_string}"},"query-input":{"@type":"PropertyValueSpecification","valueRequired":true,"valueName":"search_term_string"}}],"inLanguage":"de"},{"@type":"Organization","@id":"https:\/\/www.credimex.ch\/de\/#organization","name":"credimex","url":"https:\/\/www.credimex.ch\/de\/","logo":{"@type":"ImageObject","inLanguage":"de","@id":"https:\/\/www.credimex.ch\/de\/#\/schema\/logo\/image\/","url":"https:\/\/www.credimex.ch\/wp-content\/uploads\/2022\/03\/cropped-logo-credimex.png","contentUrl":"https:\/\/www.credimex.ch\/wp-content\/uploads\/2022\/03\/cropped-logo-credimex.png","width":512,"height":512,"caption":"credimex"},"image":{"@id":"https:\/\/www.credimex.ch\/de\/#\/schema\/logo\/image\/"},"sameAs":["https:\/\/www.facebook.com\/credimex.alpnach\/","https:\/\/www.linkedin.com\/company\/credimex\/","https:\/\/www.youtube.com\/@CREDIMEX?sub_confirmation=1"]}]}},"_links":{"self":[{"href":"https:\/\/www.credimex.ch\/de\/wp-json\/wp\/v2\/product\/3901","targetHints":{"allow":["GET"]}}],"collection":[{"href":"https:\/\/www.credimex.ch\/de\/wp-json\/wp\/v2\/product"}],"about":[{"href":"https:\/\/www.credimex.ch\/de\/wp-json\/wp\/v2\/types\/product"}],"replies":[{"embeddable":true,"href":"https:\/\/www.credimex.ch\/de\/wp-json\/wp\/v2\/comments?post=3901"}],"wp:featuredmedia":[{"embeddable":true,"href":"https:\/\/www.credimex.ch\/de\/wp-json\/wp\/v2\/media\/3667"}],"wp:attachment":[{"href":"https:\/\/www.credimex.ch\/de\/wp-json\/wp\/v2\/media?parent=3901"}],"wp:term":[{"taxonomy":"product_brand","embeddable":true,"href":"https:\/\/www.credimex.ch\/de\/wp-json\/wp\/v2\/product_brand?post=3901"},{"taxonomy":"product_cat","embeddable":true,"href":"https:\/\/www.credimex.ch\/de\/wp-json\/wp\/v2\/product_cat?post=3901"},{"taxonomy":"product_tag","embeddable":true,"href":"https:\/\/www.credimex.ch\/de\/wp-json\/wp\/v2\/product_tag?post=3901"}],"curies":[{"name":"wp","href":"https:\/\/api.w.org\/{rel}","templated":true}]}}