{"id":3921,"date":"2022-09-06T10:23:38","date_gmt":"2022-09-06T08:23:38","guid":{"rendered":"https:\/\/www.credimex.ch.mialias.net\/product\/dowsil-ei-2888\/"},"modified":"2023-06-19T17:13:18","modified_gmt":"2023-06-19T15:13:18","slug":"dowsil-ei-2888","status":"publish","type":"product","link":"https:\/\/www.credimex.ch\/de\/produkt\/dowsil-ei-2888\/","title":{"rendered":"DOWSIL\u2122 EI-2888"},"content":{"rendered":"<p>Grundierungsfreies Silicon-Vergussmittel.<\/p>\n<p>&nbsp;<\/p>\n<h2>Merkmale und Vorteile<\/h2>\n<ul>\n<li>Aush\u00e4rtung bei Raumtemperatur mit optionaler W\u00e4rmebeschleunigung<\/li>\n<li>Niedrige Viskosit\u00e4t &#8211; einfache Verarbeitung<\/li>\n<li>Selbstgrundierend &#8211; keine Grundierung erforderlich<\/li>\n<li>Zuverl\u00e4ssige optische Leistung unter rauen Bedingungen<\/li>\n<li>UL 94 anerkannt<\/li>\n<li>UL 746C f1 anerkannt &#8211; geeignet f\u00fcr den Ausseneinsatz (UV-Belastung und Eintauchen in Wasser)<\/li>\n<\/ul>\n<h2><\/h2>\n<h2>Anwendungen<\/h2>\n<ul>\n<li>DOWSIL\u2122 EI-2888 Primerless Silicone Encapsulant eignet sich besonders f\u00fcr den Verguss von starren und flexiblen Leiterplatten f\u00fcr LED-Beleuchtungen im Innen- und Aussenbereich, explosionsgesch\u00fctzte und hochgradig schutzgepr\u00fcfte Leuchten sowie f\u00fcr Aussenanzeigen.<\/li>\n<\/ul>\n","protected":false},"excerpt":{"rendered":"<p>Optisch klares, zweiteiliges 1:1-Mischungsverh\u00e4ltnis, niedrige Viskosit\u00e4t, selbstansaugendes Silikon-Vergussmittel<\/p>\n","protected":false},"featured_media":7625,"comment_status":"open","ping_status":"closed","template":"","meta":{"_acf_changed":false},"product_brand":[],"product_cat":[369,351,419,512,380,379,417,390,418,436,435],"product_tag":[],"class_list":{"0":"post-3921","1":"product","2":"type-product","3":"status-publish","4":"has-post-thumbnail","6":"product_cat-allgemeine-industrie","7":"product_cat-automobilindustrie","8":"product_cat-batterien","9":"product_cat-dowsil","10":"product_cat-e-mobilitat","11":"product_cat-eisenbahn","12":"product_cat-elektronik","13":"product_cat-energie","14":"product_cat-seilbahnen","15":"product_cat-silikon-verguss","16":"product_cat-vergussmassen","17":"pa_brands-dowsil-de","19":"first","20":"instock","21":"shipping-taxable","22":"product-type-simple"},"acf":[],"_yoast_wpseo_focuskw":"EI-2888","_yoast_wpseo_metadesc":"DOWSIL\u2122 EI-2888 Primerless Silicone Encapsulant wird als zweiteilige Fl\u00fcssigkomponente geliefert. Wenn die fl\u00fcssigen Bestandteile gr\u00fcndlich [...]","yoast_head":"<!-- This site is optimized with the Yoast SEO Premium plugin v21.6 (Yoast SEO v27.4) - https:\/\/yoast.com\/product\/yoast-seo-premium-wordpress\/ -->\n<title>DOWSIL\u2122 EI-2888 - CREDIMEX<\/title>\n<meta name=\"description\" content=\"DOWSIL\u2122 EI-2888 Primerless Silicone Encapsulant wird als zweiteilige Fl\u00fcssigkomponente geliefert. Wenn die fl\u00fcssigen Bestandteile gr\u00fcndlich [...]\" \/>\n<meta name=\"robots\" content=\"index, follow, max-snippet:-1, max-image-preview:large, max-video-preview:-1\" \/>\n<link rel=\"canonical\" href=\"https:\/\/www.credimex.ch\/de\/produkt\/dowsil-ei-2888\/\" \/>\n<meta property=\"og:locale\" content=\"de_DE\" \/>\n<meta property=\"og:type\" content=\"article\" \/>\n<meta property=\"og:title\" content=\"DOWSIL\u2122 EI-2888\" \/>\n<meta property=\"og:description\" content=\"DOWSIL\u2122 EI-2888 Primerless Silicone Encapsulant wird als zweiteilige Fl\u00fcssigkomponente geliefert. Wenn die fl\u00fcssigen Bestandteile gr\u00fcndlich [...]\" \/>\n<meta property=\"og:url\" content=\"https:\/\/www.credimex.ch\/de\/produkt\/dowsil-ei-2888\/\" \/>\n<meta property=\"og:site_name\" content=\"CREDIMEX\" \/>\n<meta property=\"article:publisher\" content=\"https:\/\/www.facebook.com\/credimex.alpnach\/\" \/>\n<meta property=\"article:modified_time\" content=\"2023-06-19T15:13:18+00:00\" \/>\n<meta property=\"og:image\" content=\"https:\/\/www.credimex.ch\/wp-content\/uploads\/2022\/09\/DOWSIL-El-2888-1.webp\" \/>\n\t<meta property=\"og:image:width\" content=\"1190\" \/>\n\t<meta property=\"og:image:height\" content=\"1080\" \/>\n\t<meta property=\"og:image:type\" content=\"image\/webp\" \/>\n<meta name=\"twitter:card\" content=\"summary_large_image\" \/>\n<script type=\"application\/ld+json\" class=\"yoast-schema-graph\">{\"@context\":\"https:\\\/\\\/schema.org\",\"@graph\":[{\"@type\":\"WebPage\",\"@id\":\"https:\\\/\\\/www.credimex.ch\\\/de\\\/produkt\\\/dowsil-ei-2888\\\/\",\"url\":\"https:\\\/\\\/www.credimex.ch\\\/de\\\/produkt\\\/dowsil-ei-2888\\\/\",\"name\":\"DOWSIL\u2122 EI-2888 - CREDIMEX\",\"isPartOf\":{\"@id\":\"https:\\\/\\\/www.credimex.ch\\\/de\\\/#website\"},\"primaryImageOfPage\":{\"@id\":\"https:\\\/\\\/www.credimex.ch\\\/de\\\/produkt\\\/dowsil-ei-2888\\\/#primaryimage\"},\"image\":{\"@id\":\"https:\\\/\\\/www.credimex.ch\\\/de\\\/produkt\\\/dowsil-ei-2888\\\/#primaryimage\"},\"thumbnailUrl\":\"https:\\\/\\\/www.credimex.ch\\\/wp-content\\\/uploads\\\/2022\\\/09\\\/DOWSIL-El-2888-1.webp\",\"datePublished\":\"2022-09-06T08:23:38+00:00\",\"dateModified\":\"2023-06-19T15:13:18+00:00\",\"description\":\"DOWSIL\u2122 EI-2888 Primerless Silicone Encapsulant wird als zweiteilige Fl\u00fcssigkomponente geliefert. Wenn die fl\u00fcssigen Bestandteile gr\u00fcndlich [...]\",\"breadcrumb\":{\"@id\":\"https:\\\/\\\/www.credimex.ch\\\/de\\\/produkt\\\/dowsil-ei-2888\\\/#breadcrumb\"},\"inLanguage\":\"de\",\"potentialAction\":[{\"@type\":\"ReadAction\",\"target\":[\"https:\\\/\\\/www.credimex.ch\\\/de\\\/produkt\\\/dowsil-ei-2888\\\/\"]}]},{\"@type\":\"ImageObject\",\"inLanguage\":\"de\",\"@id\":\"https:\\\/\\\/www.credimex.ch\\\/de\\\/produkt\\\/dowsil-ei-2888\\\/#primaryimage\",\"url\":\"https:\\\/\\\/www.credimex.ch\\\/wp-content\\\/uploads\\\/2022\\\/09\\\/DOWSIL-El-2888-1.webp\",\"contentUrl\":\"https:\\\/\\\/www.credimex.ch\\\/wp-content\\\/uploads\\\/2022\\\/09\\\/DOWSIL-El-2888-1.webp\",\"width\":1190,\"height\":1080,\"caption\":\"DOWSIL-El-2888-1\"},{\"@type\":\"BreadcrumbList\",\"@id\":\"https:\\\/\\\/www.credimex.ch\\\/de\\\/produkt\\\/dowsil-ei-2888\\\/#breadcrumb\",\"itemListElement\":[{\"@type\":\"ListItem\",\"position\":1,\"name\":\"Home\",\"item\":\"https:\\\/\\\/www.credimex.ch\\\/de\\\/\"},{\"@type\":\"ListItem\",\"position\":2,\"name\":\"Produkte\",\"item\":\"https:\\\/\\\/www.credimex.ch\\\/de\\\/produkte\\\/\"},{\"@type\":\"ListItem\",\"position\":3,\"name\":\"DOWSIL\u2122 EI-2888\"}]},{\"@type\":\"WebSite\",\"@id\":\"https:\\\/\\\/www.credimex.ch\\\/de\\\/#website\",\"url\":\"https:\\\/\\\/www.credimex.ch\\\/de\\\/\",\"name\":\"CREDIMEX\",\"description\":\"Partner of Swiss Industrial Market\",\"publisher\":{\"@id\":\"https:\\\/\\\/www.credimex.ch\\\/de\\\/#organization\"},\"potentialAction\":[{\"@type\":\"SearchAction\",\"target\":{\"@type\":\"EntryPoint\",\"urlTemplate\":\"https:\\\/\\\/www.credimex.ch\\\/de\\\/?s={search_term_string}\"},\"query-input\":{\"@type\":\"PropertyValueSpecification\",\"valueRequired\":true,\"valueName\":\"search_term_string\"}}],\"inLanguage\":\"de\"},{\"@type\":\"Organization\",\"@id\":\"https:\\\/\\\/www.credimex.ch\\\/de\\\/#organization\",\"name\":\"credimex\",\"url\":\"https:\\\/\\\/www.credimex.ch\\\/de\\\/\",\"logo\":{\"@type\":\"ImageObject\",\"inLanguage\":\"de\",\"@id\":\"https:\\\/\\\/www.credimex.ch\\\/de\\\/#\\\/schema\\\/logo\\\/image\\\/\",\"url\":\"https:\\\/\\\/www.credimex.ch\\\/wp-content\\\/uploads\\\/2022\\\/03\\\/cropped-logo-credimex.png\",\"contentUrl\":\"https:\\\/\\\/www.credimex.ch\\\/wp-content\\\/uploads\\\/2022\\\/03\\\/cropped-logo-credimex.png\",\"width\":512,\"height\":512,\"caption\":\"credimex\"},\"image\":{\"@id\":\"https:\\\/\\\/www.credimex.ch\\\/de\\\/#\\\/schema\\\/logo\\\/image\\\/\"},\"sameAs\":[\"https:\\\/\\\/www.facebook.com\\\/credimex.alpnach\\\/\",\"https:\\\/\\\/www.linkedin.com\\\/company\\\/credimex\\\/\",\"https:\\\/\\\/www.youtube.com\\\/@CREDIMEX?sub_confirmation=1\"]}]}<\/script>\n<!-- \/ Yoast SEO Premium plugin. -->","yoast_head_json":{"title":"DOWSIL\u2122 EI-2888 - CREDIMEX","description":"DOWSIL\u2122 EI-2888 Primerless Silicone Encapsulant wird als zweiteilige Fl\u00fcssigkomponente geliefert. Wenn die fl\u00fcssigen Bestandteile gr\u00fcndlich [...]","robots":{"index":"index","follow":"follow","max-snippet":"max-snippet:-1","max-image-preview":"max-image-preview:large","max-video-preview":"max-video-preview:-1"},"canonical":"https:\/\/www.credimex.ch\/de\/produkt\/dowsil-ei-2888\/","og_locale":"de_DE","og_type":"article","og_title":"DOWSIL\u2122 EI-2888","og_description":"DOWSIL\u2122 EI-2888 Primerless Silicone Encapsulant wird als zweiteilige Fl\u00fcssigkomponente geliefert. Wenn die fl\u00fcssigen Bestandteile gr\u00fcndlich [...]","og_url":"https:\/\/www.credimex.ch\/de\/produkt\/dowsil-ei-2888\/","og_site_name":"CREDIMEX","article_publisher":"https:\/\/www.facebook.com\/credimex.alpnach\/","article_modified_time":"2023-06-19T15:13:18+00:00","og_image":[{"width":1190,"height":1080,"url":"https:\/\/www.credimex.ch\/wp-content\/uploads\/2022\/09\/DOWSIL-El-2888-1.webp","type":"image\/webp"}],"twitter_card":"summary_large_image","schema":{"@context":"https:\/\/schema.org","@graph":[{"@type":"WebPage","@id":"https:\/\/www.credimex.ch\/de\/produkt\/dowsil-ei-2888\/","url":"https:\/\/www.credimex.ch\/de\/produkt\/dowsil-ei-2888\/","name":"DOWSIL\u2122 EI-2888 - CREDIMEX","isPartOf":{"@id":"https:\/\/www.credimex.ch\/de\/#website"},"primaryImageOfPage":{"@id":"https:\/\/www.credimex.ch\/de\/produkt\/dowsil-ei-2888\/#primaryimage"},"image":{"@id":"https:\/\/www.credimex.ch\/de\/produkt\/dowsil-ei-2888\/#primaryimage"},"thumbnailUrl":"https:\/\/www.credimex.ch\/wp-content\/uploads\/2022\/09\/DOWSIL-El-2888-1.webp","datePublished":"2022-09-06T08:23:38+00:00","dateModified":"2023-06-19T15:13:18+00:00","description":"DOWSIL\u2122 EI-2888 Primerless Silicone Encapsulant wird als zweiteilige Fl\u00fcssigkomponente geliefert. Wenn die fl\u00fcssigen Bestandteile gr\u00fcndlich [...]","breadcrumb":{"@id":"https:\/\/www.credimex.ch\/de\/produkt\/dowsil-ei-2888\/#breadcrumb"},"inLanguage":"de","potentialAction":[{"@type":"ReadAction","target":["https:\/\/www.credimex.ch\/de\/produkt\/dowsil-ei-2888\/"]}]},{"@type":"ImageObject","inLanguage":"de","@id":"https:\/\/www.credimex.ch\/de\/produkt\/dowsil-ei-2888\/#primaryimage","url":"https:\/\/www.credimex.ch\/wp-content\/uploads\/2022\/09\/DOWSIL-El-2888-1.webp","contentUrl":"https:\/\/www.credimex.ch\/wp-content\/uploads\/2022\/09\/DOWSIL-El-2888-1.webp","width":1190,"height":1080,"caption":"DOWSIL-El-2888-1"},{"@type":"BreadcrumbList","@id":"https:\/\/www.credimex.ch\/de\/produkt\/dowsil-ei-2888\/#breadcrumb","itemListElement":[{"@type":"ListItem","position":1,"name":"Home","item":"https:\/\/www.credimex.ch\/de\/"},{"@type":"ListItem","position":2,"name":"Produkte","item":"https:\/\/www.credimex.ch\/de\/produkte\/"},{"@type":"ListItem","position":3,"name":"DOWSIL\u2122 EI-2888"}]},{"@type":"WebSite","@id":"https:\/\/www.credimex.ch\/de\/#website","url":"https:\/\/www.credimex.ch\/de\/","name":"CREDIMEX","description":"Partner of Swiss Industrial Market","publisher":{"@id":"https:\/\/www.credimex.ch\/de\/#organization"},"potentialAction":[{"@type":"SearchAction","target":{"@type":"EntryPoint","urlTemplate":"https:\/\/www.credimex.ch\/de\/?s={search_term_string}"},"query-input":{"@type":"PropertyValueSpecification","valueRequired":true,"valueName":"search_term_string"}}],"inLanguage":"de"},{"@type":"Organization","@id":"https:\/\/www.credimex.ch\/de\/#organization","name":"credimex","url":"https:\/\/www.credimex.ch\/de\/","logo":{"@type":"ImageObject","inLanguage":"de","@id":"https:\/\/www.credimex.ch\/de\/#\/schema\/logo\/image\/","url":"https:\/\/www.credimex.ch\/wp-content\/uploads\/2022\/03\/cropped-logo-credimex.png","contentUrl":"https:\/\/www.credimex.ch\/wp-content\/uploads\/2022\/03\/cropped-logo-credimex.png","width":512,"height":512,"caption":"credimex"},"image":{"@id":"https:\/\/www.credimex.ch\/de\/#\/schema\/logo\/image\/"},"sameAs":["https:\/\/www.facebook.com\/credimex.alpnach\/","https:\/\/www.linkedin.com\/company\/credimex\/","https:\/\/www.youtube.com\/@CREDIMEX?sub_confirmation=1"]}]}},"_links":{"self":[{"href":"https:\/\/www.credimex.ch\/de\/wp-json\/wp\/v2\/product\/3921","targetHints":{"allow":["GET"]}}],"collection":[{"href":"https:\/\/www.credimex.ch\/de\/wp-json\/wp\/v2\/product"}],"about":[{"href":"https:\/\/www.credimex.ch\/de\/wp-json\/wp\/v2\/types\/product"}],"replies":[{"embeddable":true,"href":"https:\/\/www.credimex.ch\/de\/wp-json\/wp\/v2\/comments?post=3921"}],"wp:featuredmedia":[{"embeddable":true,"href":"https:\/\/www.credimex.ch\/de\/wp-json\/wp\/v2\/media\/7625"}],"wp:attachment":[{"href":"https:\/\/www.credimex.ch\/de\/wp-json\/wp\/v2\/media?parent=3921"}],"wp:term":[{"taxonomy":"product_brand","embeddable":true,"href":"https:\/\/www.credimex.ch\/de\/wp-json\/wp\/v2\/product_brand?post=3921"},{"taxonomy":"product_cat","embeddable":true,"href":"https:\/\/www.credimex.ch\/de\/wp-json\/wp\/v2\/product_cat?post=3921"},{"taxonomy":"product_tag","embeddable":true,"href":"https:\/\/www.credimex.ch\/de\/wp-json\/wp\/v2\/product_tag?post=3921"}],"curies":[{"name":"wp","href":"https:\/\/api.w.org\/{rel}","templated":true}]}}