{"id":3926,"date":"2022-09-06T10:08:16","date_gmt":"2022-09-06T08:08:16","guid":{"rendered":"https:\/\/www.credimex.ch.mialias.net\/product\/2-k-dos\/"},"modified":"2023-06-19T17:21:36","modified_gmt":"2023-06-19T15:21:36","slug":"2-k-dos","status":"publish","type":"product","link":"https:\/\/www.credimex.ch\/de\/produkt\/2-k-dos\/","title":{"rendered":"2-K-DOS"},"content":{"rendered":"<p>Das Misch- und Dosiersystem 2-K-DOS mischt und dosiert schnell und exakt 2-Komponenten-Vergussmassen und Klebstoffe auf Polyurethan-, Epoxid- oder Silikonbasis. Dank seines modularen Aufbaus kann das Ger\u00e4t an eine Vielzahl von Anwendungen angepasst werden.<\/p>\n<p>Das 2-K-DOS-Ger\u00e4t mischt und dosiert schnell und exakt eine Vielzahl von 2-Komponenten-Vergussmassen und Klebstoffen. Mischungsverh\u00e4ltnis, Dosierrate und Dosiermenge sind hochaufl\u00f6send w\u00e4hlbar und garantieren somit jederzeit ein pr\u00e4zises Mischen und Dosieren. Das Ger\u00e4t mischt das Gemisch stets exakt und liefert ein luftblasenfreies Gemisch.<\/p>\n<p>Ein computergesteuerter Prozess f\u00fchrt die beiden Komponenten, die in im Ger\u00e4t integrierten Materialbeh\u00e4ltern gelagert werden, durch einen flexiblen Schlauch zum Dosierkopf, wo sie von einem leicht austauschbaren Statikmischer vermischt werden.<\/p>\n<p>Dank der verschiedenen Konfigurationen, die durch den modularen Aufbau, die verschiedenen Zusatzger\u00e4te und das Zubeh\u00f6r m\u00f6glich sind, kann das Ger\u00e4t zur L\u00f6sung der unterschiedlichsten Versiegelungsaufgaben beitragen.<\/p>\n<p>&nbsp;<\/p>\n<h2>Besondere Funktionen<\/h2>\n<ul>\n<li>Bedienung \u00fcber Tastatur und Display, men\u00fcgesteuert und passwortgesch\u00fctzt<\/li>\n<li>F\u00fcllstands\u00fcberwachungssystem<\/li>\n<li>Lebensdaueralarm mit automatischer Sp\u00fclung der Mischd\u00fcse<\/li>\n<li>Speicherung von bis zu 99 verschiedenen Misch- und Dosierprogrammen<\/li>\n<\/ul>\n<p>&nbsp;<\/p>\n<h2>Anwendungsbereiche<\/h2>\n<ul>\n<li>Versiegeln von elektronischen Baugruppen und Komponenten<\/li>\n<li>Abdichtung von Trennfugen<\/li>\n<li>Auftragen von Dicht- und Kleberaupen und Beschichtungen<\/li>\n<\/ul>\n<p>&nbsp;<\/p>\n","protected":false},"excerpt":{"rendered":"<p>Misch- und Dosiersystem.<\/p>\n","protected":false},"featured_media":3645,"comment_status":"open","ping_status":"closed","template":"","meta":{"_acf_changed":false},"product_brand":[],"product_cat":[369,492,351,419,501,380,379,417,390,448],"product_tag":[],"class_list":{"0":"post-3926","1":"product","2":"type-product","3":"status-publish","4":"has-post-thumbnail","6":"product_cat-allgemeine-industrie","7":"product_cat-ausrustung","8":"product_cat-automobilindustrie","9":"product_cat-batterien","10":"product_cat-dosieren-von-klebstoffen-und-vergussmassen","11":"product_cat-e-mobilitat","12":"product_cat-eisenbahn","13":"product_cat-elektronik","14":"product_cat-energie","15":"product_cat-giebler","16":"pa_brands-fritz-giebler-de","18":"first","19":"instock","20":"shipping-taxable","21":"product-type-simple"},"acf":[],"_yoast_wpseo_focuskw":"2-K-DOS","_yoast_wpseo_metadesc":"Misch- und Dosiersystem zum schnellen und exakten Mischen und Dosieren von 2-Komponenten-Vergussmassen und Klebstoffen auf Polyurethan-, Epoxid- oder Silikonbasis.","yoast_head":"<!-- This site is optimized with the Yoast SEO Premium plugin v21.6 (Yoast SEO v27.4) - https:\/\/yoast.com\/product\/yoast-seo-premium-wordpress\/ -->\n<title>2-K-DOS - CREDIMEX<\/title>\n<meta name=\"description\" content=\"Misch- und Dosiersystem zum schnellen und exakten Mischen und Dosieren von 2-Komponenten-Vergussmassen und Klebstoffen auf Polyurethan-, Epoxid- oder Silikonbasis.\" \/>\n<meta name=\"robots\" content=\"index, follow, max-snippet:-1, max-image-preview:large, max-video-preview:-1\" \/>\n<link rel=\"canonical\" href=\"https:\/\/www.credimex.ch\/de\/produkt\/2-k-dos\/\" \/>\n<meta property=\"og:locale\" content=\"de_DE\" \/>\n<meta property=\"og:type\" content=\"article\" \/>\n<meta property=\"og:title\" content=\"2-K-DOS\" \/>\n<meta property=\"og:description\" content=\"Misch- und Dosiersystem zum schnellen und exakten Mischen und Dosieren von 2-Komponenten-Vergussmassen und Klebstoffen auf Polyurethan-, Epoxid- oder Silikonbasis.\" \/>\n<meta property=\"og:url\" content=\"https:\/\/www.credimex.ch\/de\/produkt\/2-k-dos\/\" \/>\n<meta property=\"og:site_name\" content=\"CREDIMEX\" \/>\n<meta property=\"article:publisher\" content=\"https:\/\/www.facebook.com\/credimex.alpnach\/\" \/>\n<meta property=\"article:modified_time\" content=\"2023-06-19T15:21:36+00:00\" \/>\n<meta property=\"og:image\" content=\"https:\/\/www.credimex.ch\/wp-content\/uploads\/2022\/09\/2-K-DOS-e1662451685532.jpeg\" \/>\n\t<meta property=\"og:image:width\" content=\"586\" \/>\n\t<meta property=\"og:image:height\" content=\"586\" \/>\n\t<meta property=\"og:image:type\" content=\"image\/jpeg\" \/>\n<meta name=\"twitter:card\" content=\"summary_large_image\" \/>\n<meta name=\"twitter:label1\" content=\"Gesch\u00e4tzte Lesezeit\" \/>\n\t<meta name=\"twitter:data1\" content=\"1\u00a0Minute\" \/>\n<script type=\"application\/ld+json\" class=\"yoast-schema-graph\">{\"@context\":\"https:\\\/\\\/schema.org\",\"@graph\":[{\"@type\":\"WebPage\",\"@id\":\"https:\\\/\\\/www.credimex.ch\\\/de\\\/produkt\\\/2-k-dos\\\/\",\"url\":\"https:\\\/\\\/www.credimex.ch\\\/de\\\/produkt\\\/2-k-dos\\\/\",\"name\":\"2-K-DOS - CREDIMEX\",\"isPartOf\":{\"@id\":\"https:\\\/\\\/www.credimex.ch\\\/de\\\/#website\"},\"primaryImageOfPage\":{\"@id\":\"https:\\\/\\\/www.credimex.ch\\\/de\\\/produkt\\\/2-k-dos\\\/#primaryimage\"},\"image\":{\"@id\":\"https:\\\/\\\/www.credimex.ch\\\/de\\\/produkt\\\/2-k-dos\\\/#primaryimage\"},\"thumbnailUrl\":\"https:\\\/\\\/www.credimex.ch\\\/wp-content\\\/uploads\\\/2022\\\/09\\\/2-K-DOS-e1662451685532.jpeg\",\"datePublished\":\"2022-09-06T08:08:16+00:00\",\"dateModified\":\"2023-06-19T15:21:36+00:00\",\"description\":\"Misch- und Dosiersystem zum schnellen und exakten Mischen und Dosieren von 2-Komponenten-Vergussmassen und Klebstoffen auf Polyurethan-, Epoxid- oder Silikonbasis.\",\"breadcrumb\":{\"@id\":\"https:\\\/\\\/www.credimex.ch\\\/de\\\/produkt\\\/2-k-dos\\\/#breadcrumb\"},\"inLanguage\":\"de\",\"potentialAction\":[{\"@type\":\"ReadAction\",\"target\":[\"https:\\\/\\\/www.credimex.ch\\\/de\\\/produkt\\\/2-k-dos\\\/\"]}]},{\"@type\":\"ImageObject\",\"inLanguage\":\"de\",\"@id\":\"https:\\\/\\\/www.credimex.ch\\\/de\\\/produkt\\\/2-k-dos\\\/#primaryimage\",\"url\":\"https:\\\/\\\/www.credimex.ch\\\/wp-content\\\/uploads\\\/2022\\\/09\\\/2-K-DOS-e1662451685532.jpeg\",\"contentUrl\":\"https:\\\/\\\/www.credimex.ch\\\/wp-content\\\/uploads\\\/2022\\\/09\\\/2-K-DOS-e1662451685532.jpeg\",\"width\":586,\"height\":586},{\"@type\":\"BreadcrumbList\",\"@id\":\"https:\\\/\\\/www.credimex.ch\\\/de\\\/produkt\\\/2-k-dos\\\/#breadcrumb\",\"itemListElement\":[{\"@type\":\"ListItem\",\"position\":1,\"name\":\"Home\",\"item\":\"https:\\\/\\\/www.credimex.ch\\\/de\\\/\"},{\"@type\":\"ListItem\",\"position\":2,\"name\":\"Produkte\",\"item\":\"https:\\\/\\\/www.credimex.ch\\\/de\\\/produkte\\\/\"},{\"@type\":\"ListItem\",\"position\":3,\"name\":\"2-K-DOS\"}]},{\"@type\":\"WebSite\",\"@id\":\"https:\\\/\\\/www.credimex.ch\\\/de\\\/#website\",\"url\":\"https:\\\/\\\/www.credimex.ch\\\/de\\\/\",\"name\":\"CREDIMEX\",\"description\":\"Partner of Swiss Industrial Market\",\"publisher\":{\"@id\":\"https:\\\/\\\/www.credimex.ch\\\/de\\\/#organization\"},\"potentialAction\":[{\"@type\":\"SearchAction\",\"target\":{\"@type\":\"EntryPoint\",\"urlTemplate\":\"https:\\\/\\\/www.credimex.ch\\\/de\\\/?s={search_term_string}\"},\"query-input\":{\"@type\":\"PropertyValueSpecification\",\"valueRequired\":true,\"valueName\":\"search_term_string\"}}],\"inLanguage\":\"de\"},{\"@type\":\"Organization\",\"@id\":\"https:\\\/\\\/www.credimex.ch\\\/de\\\/#organization\",\"name\":\"credimex\",\"url\":\"https:\\\/\\\/www.credimex.ch\\\/de\\\/\",\"logo\":{\"@type\":\"ImageObject\",\"inLanguage\":\"de\",\"@id\":\"https:\\\/\\\/www.credimex.ch\\\/de\\\/#\\\/schema\\\/logo\\\/image\\\/\",\"url\":\"https:\\\/\\\/www.credimex.ch\\\/wp-content\\\/uploads\\\/2022\\\/03\\\/cropped-logo-credimex.png\",\"contentUrl\":\"https:\\\/\\\/www.credimex.ch\\\/wp-content\\\/uploads\\\/2022\\\/03\\\/cropped-logo-credimex.png\",\"width\":512,\"height\":512,\"caption\":\"credimex\"},\"image\":{\"@id\":\"https:\\\/\\\/www.credimex.ch\\\/de\\\/#\\\/schema\\\/logo\\\/image\\\/\"},\"sameAs\":[\"https:\\\/\\\/www.facebook.com\\\/credimex.alpnach\\\/\",\"https:\\\/\\\/www.linkedin.com\\\/company\\\/credimex\\\/\",\"https:\\\/\\\/www.youtube.com\\\/@CREDIMEX?sub_confirmation=1\"]}]}<\/script>\n<!-- \/ Yoast SEO Premium plugin. -->","yoast_head_json":{"title":"2-K-DOS - CREDIMEX","description":"Misch- und Dosiersystem zum schnellen und exakten Mischen und Dosieren von 2-Komponenten-Vergussmassen und Klebstoffen auf Polyurethan-, Epoxid- oder Silikonbasis.","robots":{"index":"index","follow":"follow","max-snippet":"max-snippet:-1","max-image-preview":"max-image-preview:large","max-video-preview":"max-video-preview:-1"},"canonical":"https:\/\/www.credimex.ch\/de\/produkt\/2-k-dos\/","og_locale":"de_DE","og_type":"article","og_title":"2-K-DOS","og_description":"Misch- und Dosiersystem zum schnellen und exakten Mischen und Dosieren von 2-Komponenten-Vergussmassen und Klebstoffen auf Polyurethan-, Epoxid- oder Silikonbasis.","og_url":"https:\/\/www.credimex.ch\/de\/produkt\/2-k-dos\/","og_site_name":"CREDIMEX","article_publisher":"https:\/\/www.facebook.com\/credimex.alpnach\/","article_modified_time":"2023-06-19T15:21:36+00:00","og_image":[{"width":586,"height":586,"url":"https:\/\/www.credimex.ch\/wp-content\/uploads\/2022\/09\/2-K-DOS-e1662451685532.jpeg","type":"image\/jpeg"}],"twitter_card":"summary_large_image","twitter_misc":{"Gesch\u00e4tzte Lesezeit":"1\u00a0Minute"},"schema":{"@context":"https:\/\/schema.org","@graph":[{"@type":"WebPage","@id":"https:\/\/www.credimex.ch\/de\/produkt\/2-k-dos\/","url":"https:\/\/www.credimex.ch\/de\/produkt\/2-k-dos\/","name":"2-K-DOS - CREDIMEX","isPartOf":{"@id":"https:\/\/www.credimex.ch\/de\/#website"},"primaryImageOfPage":{"@id":"https:\/\/www.credimex.ch\/de\/produkt\/2-k-dos\/#primaryimage"},"image":{"@id":"https:\/\/www.credimex.ch\/de\/produkt\/2-k-dos\/#primaryimage"},"thumbnailUrl":"https:\/\/www.credimex.ch\/wp-content\/uploads\/2022\/09\/2-K-DOS-e1662451685532.jpeg","datePublished":"2022-09-06T08:08:16+00:00","dateModified":"2023-06-19T15:21:36+00:00","description":"Misch- und Dosiersystem zum schnellen und exakten Mischen und Dosieren von 2-Komponenten-Vergussmassen und Klebstoffen auf Polyurethan-, Epoxid- oder Silikonbasis.","breadcrumb":{"@id":"https:\/\/www.credimex.ch\/de\/produkt\/2-k-dos\/#breadcrumb"},"inLanguage":"de","potentialAction":[{"@type":"ReadAction","target":["https:\/\/www.credimex.ch\/de\/produkt\/2-k-dos\/"]}]},{"@type":"ImageObject","inLanguage":"de","@id":"https:\/\/www.credimex.ch\/de\/produkt\/2-k-dos\/#primaryimage","url":"https:\/\/www.credimex.ch\/wp-content\/uploads\/2022\/09\/2-K-DOS-e1662451685532.jpeg","contentUrl":"https:\/\/www.credimex.ch\/wp-content\/uploads\/2022\/09\/2-K-DOS-e1662451685532.jpeg","width":586,"height":586},{"@type":"BreadcrumbList","@id":"https:\/\/www.credimex.ch\/de\/produkt\/2-k-dos\/#breadcrumb","itemListElement":[{"@type":"ListItem","position":1,"name":"Home","item":"https:\/\/www.credimex.ch\/de\/"},{"@type":"ListItem","position":2,"name":"Produkte","item":"https:\/\/www.credimex.ch\/de\/produkte\/"},{"@type":"ListItem","position":3,"name":"2-K-DOS"}]},{"@type":"WebSite","@id":"https:\/\/www.credimex.ch\/de\/#website","url":"https:\/\/www.credimex.ch\/de\/","name":"CREDIMEX","description":"Partner of Swiss Industrial Market","publisher":{"@id":"https:\/\/www.credimex.ch\/de\/#organization"},"potentialAction":[{"@type":"SearchAction","target":{"@type":"EntryPoint","urlTemplate":"https:\/\/www.credimex.ch\/de\/?s={search_term_string}"},"query-input":{"@type":"PropertyValueSpecification","valueRequired":true,"valueName":"search_term_string"}}],"inLanguage":"de"},{"@type":"Organization","@id":"https:\/\/www.credimex.ch\/de\/#organization","name":"credimex","url":"https:\/\/www.credimex.ch\/de\/","logo":{"@type":"ImageObject","inLanguage":"de","@id":"https:\/\/www.credimex.ch\/de\/#\/schema\/logo\/image\/","url":"https:\/\/www.credimex.ch\/wp-content\/uploads\/2022\/03\/cropped-logo-credimex.png","contentUrl":"https:\/\/www.credimex.ch\/wp-content\/uploads\/2022\/03\/cropped-logo-credimex.png","width":512,"height":512,"caption":"credimex"},"image":{"@id":"https:\/\/www.credimex.ch\/de\/#\/schema\/logo\/image\/"},"sameAs":["https:\/\/www.facebook.com\/credimex.alpnach\/","https:\/\/www.linkedin.com\/company\/credimex\/","https:\/\/www.youtube.com\/@CREDIMEX?sub_confirmation=1"]}]}},"_links":{"self":[{"href":"https:\/\/www.credimex.ch\/de\/wp-json\/wp\/v2\/product\/3926","targetHints":{"allow":["GET"]}}],"collection":[{"href":"https:\/\/www.credimex.ch\/de\/wp-json\/wp\/v2\/product"}],"about":[{"href":"https:\/\/www.credimex.ch\/de\/wp-json\/wp\/v2\/types\/product"}],"replies":[{"embeddable":true,"href":"https:\/\/www.credimex.ch\/de\/wp-json\/wp\/v2\/comments?post=3926"}],"wp:featuredmedia":[{"embeddable":true,"href":"https:\/\/www.credimex.ch\/de\/wp-json\/wp\/v2\/media\/3645"}],"wp:attachment":[{"href":"https:\/\/www.credimex.ch\/de\/wp-json\/wp\/v2\/media?parent=3926"}],"wp:term":[{"taxonomy":"product_brand","embeddable":true,"href":"https:\/\/www.credimex.ch\/de\/wp-json\/wp\/v2\/product_brand?post=3926"},{"taxonomy":"product_cat","embeddable":true,"href":"https:\/\/www.credimex.ch\/de\/wp-json\/wp\/v2\/product_cat?post=3926"},{"taxonomy":"product_tag","embeddable":true,"href":"https:\/\/www.credimex.ch\/de\/wp-json\/wp\/v2\/product_tag?post=3926"}],"curies":[{"name":"wp","href":"https:\/\/api.w.org\/{rel}","templated":true}]}}