{"id":3928,"date":"2022-09-06T10:07:28","date_gmt":"2022-09-06T08:07:28","guid":{"rendered":"https:\/\/www.credimex.ch.mialias.net\/product\/duopox-cr-8014\/"},"modified":"2022-12-28T12:30:37","modified_gmt":"2022-12-28T11:30:37","slug":"duopox-cr-8014","status":"publish","type":"product","link":"https:\/\/www.credimex.ch\/de\/produkt\/duopox-cr-8014\/","title":{"rendered":"DUOPOX CR 8014"},"content":{"rendered":"<p>Modifiziertes Epoxidharz | 2C | raumtemperaturh\u00e4rtend<br \/>\nUngef\u00fcllt | fliessf\u00e4hig<\/p>\n<h2>Besondere Merkmale des Produkts<\/h2>\n<ul>\n<li>konform mit der RoHS-Richtlinie 2015\/863\/EU<\/li>\n<li>Langzeitgl\u00fchen der Komponenten A und B bis zu max. +40 \u00b0C<\/li>\n<li>Eine eventuelle Blasenbildung w\u00e4hrend des Homogenisierens oder Mischens kann durch den Einsatz eines Prozesssystems mit Vakuumeinheit deutlich minimiert werden<\/li>\n<\/ul>\n<h2>Funktion<\/h2>\n<ul>\n<li>elektronischer Klebstoff<\/li>\n<\/ul>\n<h2>Typischer Einsatzbereich<\/h2>\n<ul>\n<li>-40 &#8211; 140 \u00b0C<\/li>\n<\/ul>\n","protected":false},"excerpt":{"rendered":"<p>Modifiziertes Epoxidharz | 2C | Raumtemperaturh\u00e4rtend<\/p>\n","protected":false},"featured_media":3643,"comment_status":"open","ping_status":"closed","template":"","meta":{"_acf_changed":false},"product_brand":[],"product_cat":[369,351,456,380,417,390,438,435],"product_tag":[],"class_list":{"0":"post-3928","1":"product","2":"type-product","3":"status-publish","4":"has-post-thumbnail","6":"product_cat-allgemeine-industrie","7":"product_cat-automobilindustrie","8":"product_cat-delo","9":"product_cat-e-mobilitat","10":"product_cat-elektronik","11":"product_cat-energie","12":"product_cat-epoxidharze","13":"product_cat-vergussmassen","14":"pa_brands-delo-de","16":"first","17":"instock","18":"shipping-taxable","19":"product-type-simple"},"acf":[],"_yoast_wpseo_focuskw":"DUOPOX CR 8014","_yoast_wpseo_metadesc":"DUOPOX CR 8014 ist ein modifiziertes Epoxidharz, 2K. Es ist bei Raumtemperatur aush\u00e4rtend, ungef\u00fcllt und fliessf\u00e4hig. Und seine Funktion ist elektronischer Klebstoff.","yoast_head":"<!-- This site is optimized with the Yoast SEO Premium plugin v21.6 (Yoast SEO v27.4) - https:\/\/yoast.com\/product\/yoast-seo-premium-wordpress\/ -->\n<title>DUOPOX CR 8014 - CREDIMEX<\/title>\n<meta name=\"description\" content=\"DUOPOX CR 8014 ist ein modifiziertes Epoxidharz, 2K. Es ist bei Raumtemperatur aush\u00e4rtend, ungef\u00fcllt und fliessf\u00e4hig. Und seine Funktion ist elektronischer Klebstoff.\" \/>\n<meta name=\"robots\" content=\"index, follow, max-snippet:-1, max-image-preview:large, max-video-preview:-1\" \/>\n<link rel=\"canonical\" href=\"https:\/\/www.credimex.ch\/de\/produkt\/duopox-cr-8014\/\" \/>\n<meta property=\"og:locale\" content=\"de_DE\" \/>\n<meta property=\"og:type\" content=\"article\" \/>\n<meta property=\"og:title\" content=\"DUOPOX CR 8014\" \/>\n<meta property=\"og:description\" content=\"DUOPOX CR 8014 ist ein modifiziertes Epoxidharz, 2K. Es ist bei Raumtemperatur aush\u00e4rtend, ungef\u00fcllt und fliessf\u00e4hig. Und seine Funktion ist elektronischer Klebstoff.\" \/>\n<meta property=\"og:url\" content=\"https:\/\/www.credimex.ch\/de\/produkt\/duopox-cr-8014\/\" \/>\n<meta property=\"og:site_name\" content=\"CREDIMEX\" \/>\n<meta property=\"article:publisher\" content=\"https:\/\/www.facebook.com\/credimex.alpnach\/\" \/>\n<meta property=\"article:modified_time\" content=\"2022-12-28T11:30:37+00:00\" \/>\n<meta property=\"og:image\" content=\"https:\/\/www.credimex.ch\/wp-content\/uploads\/2022\/09\/DUOPOX-CR-8014.jpg\" \/>\n\t<meta property=\"og:image:width\" content=\"600\" \/>\n\t<meta property=\"og:image:height\" content=\"600\" \/>\n\t<meta property=\"og:image:type\" content=\"image\/jpeg\" \/>\n<meta name=\"twitter:card\" content=\"summary_large_image\" \/>\n<script type=\"application\/ld+json\" class=\"yoast-schema-graph\">{\"@context\":\"https:\\\/\\\/schema.org\",\"@graph\":[{\"@type\":\"WebPage\",\"@id\":\"https:\\\/\\\/www.credimex.ch\\\/de\\\/produkt\\\/duopox-cr-8014\\\/\",\"url\":\"https:\\\/\\\/www.credimex.ch\\\/de\\\/produkt\\\/duopox-cr-8014\\\/\",\"name\":\"DUOPOX CR 8014 - CREDIMEX\",\"isPartOf\":{\"@id\":\"https:\\\/\\\/www.credimex.ch\\\/de\\\/#website\"},\"primaryImageOfPage\":{\"@id\":\"https:\\\/\\\/www.credimex.ch\\\/de\\\/produkt\\\/duopox-cr-8014\\\/#primaryimage\"},\"image\":{\"@id\":\"https:\\\/\\\/www.credimex.ch\\\/de\\\/produkt\\\/duopox-cr-8014\\\/#primaryimage\"},\"thumbnailUrl\":\"https:\\\/\\\/www.credimex.ch\\\/wp-content\\\/uploads\\\/2022\\\/09\\\/DUOPOX-CR-8014.jpg\",\"datePublished\":\"2022-09-06T08:07:28+00:00\",\"dateModified\":\"2022-12-28T11:30:37+00:00\",\"description\":\"DUOPOX CR 8014 ist ein modifiziertes Epoxidharz, 2K. Es ist bei Raumtemperatur aush\u00e4rtend, ungef\u00fcllt und fliessf\u00e4hig. Und seine Funktion ist elektronischer Klebstoff.\",\"breadcrumb\":{\"@id\":\"https:\\\/\\\/www.credimex.ch\\\/de\\\/produkt\\\/duopox-cr-8014\\\/#breadcrumb\"},\"inLanguage\":\"de\",\"potentialAction\":[{\"@type\":\"ReadAction\",\"target\":[\"https:\\\/\\\/www.credimex.ch\\\/de\\\/produkt\\\/duopox-cr-8014\\\/\"]}]},{\"@type\":\"ImageObject\",\"inLanguage\":\"de\",\"@id\":\"https:\\\/\\\/www.credimex.ch\\\/de\\\/produkt\\\/duopox-cr-8014\\\/#primaryimage\",\"url\":\"https:\\\/\\\/www.credimex.ch\\\/wp-content\\\/uploads\\\/2022\\\/09\\\/DUOPOX-CR-8014.jpg\",\"contentUrl\":\"https:\\\/\\\/www.credimex.ch\\\/wp-content\\\/uploads\\\/2022\\\/09\\\/DUOPOX-CR-8014.jpg\",\"width\":600,\"height\":600},{\"@type\":\"BreadcrumbList\",\"@id\":\"https:\\\/\\\/www.credimex.ch\\\/de\\\/produkt\\\/duopox-cr-8014\\\/#breadcrumb\",\"itemListElement\":[{\"@type\":\"ListItem\",\"position\":1,\"name\":\"Home\",\"item\":\"https:\\\/\\\/www.credimex.ch\\\/de\\\/\"},{\"@type\":\"ListItem\",\"position\":2,\"name\":\"Produkte\",\"item\":\"https:\\\/\\\/www.credimex.ch\\\/de\\\/produkte\\\/\"},{\"@type\":\"ListItem\",\"position\":3,\"name\":\"DUOPOX CR 8014\"}]},{\"@type\":\"WebSite\",\"@id\":\"https:\\\/\\\/www.credimex.ch\\\/de\\\/#website\",\"url\":\"https:\\\/\\\/www.credimex.ch\\\/de\\\/\",\"name\":\"CREDIMEX\",\"description\":\"Partner of Swiss Industrial Market\",\"publisher\":{\"@id\":\"https:\\\/\\\/www.credimex.ch\\\/de\\\/#organization\"},\"potentialAction\":[{\"@type\":\"SearchAction\",\"target\":{\"@type\":\"EntryPoint\",\"urlTemplate\":\"https:\\\/\\\/www.credimex.ch\\\/de\\\/?s={search_term_string}\"},\"query-input\":{\"@type\":\"PropertyValueSpecification\",\"valueRequired\":true,\"valueName\":\"search_term_string\"}}],\"inLanguage\":\"de\"},{\"@type\":\"Organization\",\"@id\":\"https:\\\/\\\/www.credimex.ch\\\/de\\\/#organization\",\"name\":\"credimex\",\"url\":\"https:\\\/\\\/www.credimex.ch\\\/de\\\/\",\"logo\":{\"@type\":\"ImageObject\",\"inLanguage\":\"de\",\"@id\":\"https:\\\/\\\/www.credimex.ch\\\/de\\\/#\\\/schema\\\/logo\\\/image\\\/\",\"url\":\"https:\\\/\\\/www.credimex.ch\\\/wp-content\\\/uploads\\\/2022\\\/03\\\/cropped-logo-credimex.png\",\"contentUrl\":\"https:\\\/\\\/www.credimex.ch\\\/wp-content\\\/uploads\\\/2022\\\/03\\\/cropped-logo-credimex.png\",\"width\":512,\"height\":512,\"caption\":\"credimex\"},\"image\":{\"@id\":\"https:\\\/\\\/www.credimex.ch\\\/de\\\/#\\\/schema\\\/logo\\\/image\\\/\"},\"sameAs\":[\"https:\\\/\\\/www.facebook.com\\\/credimex.alpnach\\\/\",\"https:\\\/\\\/www.linkedin.com\\\/company\\\/credimex\\\/\",\"https:\\\/\\\/www.youtube.com\\\/@CREDIMEX?sub_confirmation=1\"]}]}<\/script>\n<!-- \/ Yoast SEO Premium plugin. -->","yoast_head_json":{"title":"DUOPOX CR 8014 - CREDIMEX","description":"DUOPOX CR 8014 ist ein modifiziertes Epoxidharz, 2K. Es ist bei Raumtemperatur aush\u00e4rtend, ungef\u00fcllt und fliessf\u00e4hig. Und seine Funktion ist elektronischer Klebstoff.","robots":{"index":"index","follow":"follow","max-snippet":"max-snippet:-1","max-image-preview":"max-image-preview:large","max-video-preview":"max-video-preview:-1"},"canonical":"https:\/\/www.credimex.ch\/de\/produkt\/duopox-cr-8014\/","og_locale":"de_DE","og_type":"article","og_title":"DUOPOX CR 8014","og_description":"DUOPOX CR 8014 ist ein modifiziertes Epoxidharz, 2K. Es ist bei Raumtemperatur aush\u00e4rtend, ungef\u00fcllt und fliessf\u00e4hig. Und seine Funktion ist elektronischer Klebstoff.","og_url":"https:\/\/www.credimex.ch\/de\/produkt\/duopox-cr-8014\/","og_site_name":"CREDIMEX","article_publisher":"https:\/\/www.facebook.com\/credimex.alpnach\/","article_modified_time":"2022-12-28T11:30:37+00:00","og_image":[{"width":600,"height":600,"url":"https:\/\/www.credimex.ch\/wp-content\/uploads\/2022\/09\/DUOPOX-CR-8014.jpg","type":"image\/jpeg"}],"twitter_card":"summary_large_image","schema":{"@context":"https:\/\/schema.org","@graph":[{"@type":"WebPage","@id":"https:\/\/www.credimex.ch\/de\/produkt\/duopox-cr-8014\/","url":"https:\/\/www.credimex.ch\/de\/produkt\/duopox-cr-8014\/","name":"DUOPOX CR 8014 - CREDIMEX","isPartOf":{"@id":"https:\/\/www.credimex.ch\/de\/#website"},"primaryImageOfPage":{"@id":"https:\/\/www.credimex.ch\/de\/produkt\/duopox-cr-8014\/#primaryimage"},"image":{"@id":"https:\/\/www.credimex.ch\/de\/produkt\/duopox-cr-8014\/#primaryimage"},"thumbnailUrl":"https:\/\/www.credimex.ch\/wp-content\/uploads\/2022\/09\/DUOPOX-CR-8014.jpg","datePublished":"2022-09-06T08:07:28+00:00","dateModified":"2022-12-28T11:30:37+00:00","description":"DUOPOX CR 8014 ist ein modifiziertes Epoxidharz, 2K. Es ist bei Raumtemperatur aush\u00e4rtend, ungef\u00fcllt und fliessf\u00e4hig. Und seine Funktion ist elektronischer Klebstoff.","breadcrumb":{"@id":"https:\/\/www.credimex.ch\/de\/produkt\/duopox-cr-8014\/#breadcrumb"},"inLanguage":"de","potentialAction":[{"@type":"ReadAction","target":["https:\/\/www.credimex.ch\/de\/produkt\/duopox-cr-8014\/"]}]},{"@type":"ImageObject","inLanguage":"de","@id":"https:\/\/www.credimex.ch\/de\/produkt\/duopox-cr-8014\/#primaryimage","url":"https:\/\/www.credimex.ch\/wp-content\/uploads\/2022\/09\/DUOPOX-CR-8014.jpg","contentUrl":"https:\/\/www.credimex.ch\/wp-content\/uploads\/2022\/09\/DUOPOX-CR-8014.jpg","width":600,"height":600},{"@type":"BreadcrumbList","@id":"https:\/\/www.credimex.ch\/de\/produkt\/duopox-cr-8014\/#breadcrumb","itemListElement":[{"@type":"ListItem","position":1,"name":"Home","item":"https:\/\/www.credimex.ch\/de\/"},{"@type":"ListItem","position":2,"name":"Produkte","item":"https:\/\/www.credimex.ch\/de\/produkte\/"},{"@type":"ListItem","position":3,"name":"DUOPOX CR 8014"}]},{"@type":"WebSite","@id":"https:\/\/www.credimex.ch\/de\/#website","url":"https:\/\/www.credimex.ch\/de\/","name":"CREDIMEX","description":"Partner of Swiss Industrial Market","publisher":{"@id":"https:\/\/www.credimex.ch\/de\/#organization"},"potentialAction":[{"@type":"SearchAction","target":{"@type":"EntryPoint","urlTemplate":"https:\/\/www.credimex.ch\/de\/?s={search_term_string}"},"query-input":{"@type":"PropertyValueSpecification","valueRequired":true,"valueName":"search_term_string"}}],"inLanguage":"de"},{"@type":"Organization","@id":"https:\/\/www.credimex.ch\/de\/#organization","name":"credimex","url":"https:\/\/www.credimex.ch\/de\/","logo":{"@type":"ImageObject","inLanguage":"de","@id":"https:\/\/www.credimex.ch\/de\/#\/schema\/logo\/image\/","url":"https:\/\/www.credimex.ch\/wp-content\/uploads\/2022\/03\/cropped-logo-credimex.png","contentUrl":"https:\/\/www.credimex.ch\/wp-content\/uploads\/2022\/03\/cropped-logo-credimex.png","width":512,"height":512,"caption":"credimex"},"image":{"@id":"https:\/\/www.credimex.ch\/de\/#\/schema\/logo\/image\/"},"sameAs":["https:\/\/www.facebook.com\/credimex.alpnach\/","https:\/\/www.linkedin.com\/company\/credimex\/","https:\/\/www.youtube.com\/@CREDIMEX?sub_confirmation=1"]}]}},"_links":{"self":[{"href":"https:\/\/www.credimex.ch\/de\/wp-json\/wp\/v2\/product\/3928","targetHints":{"allow":["GET"]}}],"collection":[{"href":"https:\/\/www.credimex.ch\/de\/wp-json\/wp\/v2\/product"}],"about":[{"href":"https:\/\/www.credimex.ch\/de\/wp-json\/wp\/v2\/types\/product"}],"replies":[{"embeddable":true,"href":"https:\/\/www.credimex.ch\/de\/wp-json\/wp\/v2\/comments?post=3928"}],"wp:featuredmedia":[{"embeddable":true,"href":"https:\/\/www.credimex.ch\/de\/wp-json\/wp\/v2\/media\/3643"}],"wp:attachment":[{"href":"https:\/\/www.credimex.ch\/de\/wp-json\/wp\/v2\/media?parent=3928"}],"wp:term":[{"taxonomy":"product_brand","embeddable":true,"href":"https:\/\/www.credimex.ch\/de\/wp-json\/wp\/v2\/product_brand?post=3928"},{"taxonomy":"product_cat","embeddable":true,"href":"https:\/\/www.credimex.ch\/de\/wp-json\/wp\/v2\/product_cat?post=3928"},{"taxonomy":"product_tag","embeddable":true,"href":"https:\/\/www.credimex.ch\/de\/wp-json\/wp\/v2\/product_tag?post=3928"}],"curies":[{"name":"wp","href":"https:\/\/api.w.org\/{rel}","templated":true}]}}