{"id":3934,"date":"2022-09-05T12:17:47","date_gmt":"2022-09-05T10:17:47","guid":{"rendered":"https:\/\/www.credimex.ch.mialias.net\/product\/robo-dos\/"},"modified":"2022-09-05T12:17:47","modified_gmt":"2022-09-05T10:17:47","slug":"robo-dos-2","status":"publish","type":"product","link":"https:\/\/www.credimex.ch\/de\/produkt\/robo-dos-2\/","title":{"rendered":"ROBO-DOS"},"content":{"rendered":"<p>In Kombination mit dem Misch- und Dosiersystem 2-K-DOS bietet der dreiachsige Koordinatentisch ROBO-DOS ein System zum vollautomatischen Versiegeln von Baugruppen und Teilen wie Elektronikbaugruppen, Sensoren, Dichtungsraupen und Beschichtungen.<\/p>\n<p>Die Teile k\u00f6nnen punktf\u00f6rmig oder mit einer Nut versiegelt werden. Sie k\u00f6nnen in Gruppen auf einer Palette angeordnet werden und das Ger\u00e4t kann sie dann automatisch nacheinander verschliessen.<\/p>\n<p>Das Ger\u00e4t wird \u00fcber ein men\u00fcgesteuertes, passwortgesch\u00fctztes Touchpanel bedient. Die Gussnuten f\u00fcr Teile k\u00f6nnen programmiert und gespeichert werden. Es sind Zusatzger\u00e4te zur \u00dcberwachung des Weges und der Schussgr\u00f6sse erh\u00e4ltlich.<\/p>\n<h2><\/h2>\n<h2>Typen<\/h2>\n<ul>\n<li>Verschiedene Gr\u00f6ssen der aktiven Fl\u00e4che, Standard von 40 x 30 bis 100 x 60 und gr\u00f6sser<\/li>\n<li>Tischger\u00e4t f\u00fcr Standardgr\u00f6ssen, Bodenger\u00e4t f\u00fcr gr\u00f6ssere Fl\u00e4chen<\/li>\n<\/ul>\n<p>&nbsp;<\/p>\n<h2>Anwendungen<\/h2>\n<ul>\n<li>Vollautomatische Versiegelung von elektronischen Baugruppen und Sensoren<\/li>\n<li>Aufbringen von Dicht- und Kleberillen und Beschichtungen<\/li>\n<li>Herstellung von Teilen mit Vergussformen<\/li>\n<\/ul>\n<p>&nbsp;<\/p>\n<h2>Zubeh\u00f6r und Sonderfunktionen<\/h2>\n<p>&nbsp;<\/p>\n<ul>\n<li>Halterung und Controller f\u00fcr 1 oder 2 Dosierk\u00f6pfe<\/li>\n<li>Automatisches Wiegen der Sch\u00fcsse zur Kontrolle<\/li>\n<li>\u00dcberwachung der Position<\/li>\n<li>Speicherung von 20 Einsatzgebieten, Backup auf und Laden vom PC<\/li>\n<li>Reisen in drei Koordinaten gleichzeitig<\/li>\n<li>Reisen in Kreisb\u00f6gen<\/li>\n<\/ul>\n<p>&nbsp;<\/p>\n<p>&nbsp;<\/p>\n","protected":false},"excerpt":{"rendered":"<p>Misch- und Dosiersystem<\/p>\n","protected":false},"featured_media":3619,"comment_status":"open","ping_status":"closed","template":"","meta":{"_acf_changed":false},"product_brand":[],"product_cat":[369,351,419,380,379,417,390,448],"product_tag":[],"class_list":{"0":"post-3934","1":"product","2":"type-product","3":"status-publish","4":"has-post-thumbnail","6":"product_cat-allgemeine-industrie","7":"product_cat-automobilindustrie","8":"product_cat-batterien","9":"product_cat-e-mobilitat","10":"product_cat-eisenbahn","11":"product_cat-elektronik","12":"product_cat-energie","13":"product_cat-giebler","14":"pa_brands-fritz-giebler-de","16":"first","17":"instock","18":"shipping-taxable","19":"product-type-simple"},"acf":[],"_yoast_wpseo_focuskw":"ROBO-DOS","_yoast_wpseo_metadesc":"Der Drei-Achs-Koordinatentisch ROBO-DOS bildet in Verbindung mit dem Dosiersystem 2-K-DOS ein Robotersystem zum vollautomatischen Versiegeln von Modulen","yoast_head":"<!-- This site is optimized with the Yoast SEO Premium plugin v21.6 (Yoast SEO v27.4) - https:\/\/yoast.com\/product\/yoast-seo-premium-wordpress\/ -->\n<title>ROBO-DOS - CREDIMEX<\/title>\n<meta name=\"description\" content=\"Der Drei-Achs-Koordinatentisch ROBO-DOS bildet in Verbindung mit dem Dosiersystem 2-K-DOS ein Robotersystem zum vollautomatischen Versiegeln von Modulen\" \/>\n<meta name=\"robots\" content=\"index, follow, max-snippet:-1, max-image-preview:large, max-video-preview:-1\" \/>\n<link rel=\"canonical\" href=\"https:\/\/www.credimex.ch\/de\/produkt\/robo-dos-2\/\" \/>\n<meta property=\"og:locale\" content=\"de_DE\" \/>\n<meta property=\"og:type\" content=\"article\" \/>\n<meta property=\"og:title\" content=\"ROBO-DOS\" \/>\n<meta property=\"og:description\" content=\"Der Drei-Achs-Koordinatentisch ROBO-DOS bildet in Verbindung mit dem Dosiersystem 2-K-DOS ein Robotersystem zum vollautomatischen Versiegeln von Modulen\" \/>\n<meta property=\"og:url\" content=\"https:\/\/www.credimex.ch\/de\/produkt\/robo-dos-2\/\" \/>\n<meta property=\"og:site_name\" content=\"CREDIMEX\" \/>\n<meta property=\"article:publisher\" content=\"https:\/\/www.facebook.com\/credimex.alpnach\/\" \/>\n<meta property=\"og:image\" content=\"https:\/\/www.credimex.ch\/wp-content\/uploads\/2022\/09\/ROBO-DOS-e1662373053186.jpeg\" \/>\n\t<meta property=\"og:image:width\" content=\"586\" \/>\n\t<meta property=\"og:image:height\" content=\"586\" \/>\n\t<meta property=\"og:image:type\" content=\"image\/jpeg\" \/>\n<meta name=\"twitter:card\" content=\"summary_large_image\" \/>\n<meta name=\"twitter:label1\" content=\"Gesch\u00e4tzte Lesezeit\" \/>\n\t<meta name=\"twitter:data1\" content=\"1\u00a0Minute\" \/>\n<script type=\"application\/ld+json\" class=\"yoast-schema-graph\">{\"@context\":\"https:\\\/\\\/schema.org\",\"@graph\":[{\"@type\":\"WebPage\",\"@id\":\"https:\\\/\\\/www.credimex.ch\\\/de\\\/produkt\\\/robo-dos-2\\\/\",\"url\":\"https:\\\/\\\/www.credimex.ch\\\/de\\\/produkt\\\/robo-dos-2\\\/\",\"name\":\"ROBO-DOS - CREDIMEX\",\"isPartOf\":{\"@id\":\"https:\\\/\\\/www.credimex.ch\\\/de\\\/#website\"},\"primaryImageOfPage\":{\"@id\":\"https:\\\/\\\/www.credimex.ch\\\/de\\\/produkt\\\/robo-dos-2\\\/#primaryimage\"},\"image\":{\"@id\":\"https:\\\/\\\/www.credimex.ch\\\/de\\\/produkt\\\/robo-dos-2\\\/#primaryimage\"},\"thumbnailUrl\":\"https:\\\/\\\/www.credimex.ch\\\/wp-content\\\/uploads\\\/2022\\\/09\\\/ROBO-DOS-e1662373053186.jpeg\",\"datePublished\":\"2022-09-05T10:17:47+00:00\",\"description\":\"Der Drei-Achs-Koordinatentisch ROBO-DOS bildet in Verbindung mit dem Dosiersystem 2-K-DOS ein Robotersystem zum vollautomatischen Versiegeln von Modulen\",\"breadcrumb\":{\"@id\":\"https:\\\/\\\/www.credimex.ch\\\/de\\\/produkt\\\/robo-dos-2\\\/#breadcrumb\"},\"inLanguage\":\"de\",\"potentialAction\":[{\"@type\":\"ReadAction\",\"target\":[\"https:\\\/\\\/www.credimex.ch\\\/de\\\/produkt\\\/robo-dos-2\\\/\"]}]},{\"@type\":\"ImageObject\",\"inLanguage\":\"de\",\"@id\":\"https:\\\/\\\/www.credimex.ch\\\/de\\\/produkt\\\/robo-dos-2\\\/#primaryimage\",\"url\":\"https:\\\/\\\/www.credimex.ch\\\/wp-content\\\/uploads\\\/2022\\\/09\\\/ROBO-DOS-e1662373053186.jpeg\",\"contentUrl\":\"https:\\\/\\\/www.credimex.ch\\\/wp-content\\\/uploads\\\/2022\\\/09\\\/ROBO-DOS-e1662373053186.jpeg\",\"width\":586,\"height\":586},{\"@type\":\"BreadcrumbList\",\"@id\":\"https:\\\/\\\/www.credimex.ch\\\/de\\\/produkt\\\/robo-dos-2\\\/#breadcrumb\",\"itemListElement\":[{\"@type\":\"ListItem\",\"position\":1,\"name\":\"Home\",\"item\":\"https:\\\/\\\/www.credimex.ch\\\/de\\\/\"},{\"@type\":\"ListItem\",\"position\":2,\"name\":\"Produkte\",\"item\":\"https:\\\/\\\/www.credimex.ch\\\/de\\\/produkte\\\/\"},{\"@type\":\"ListItem\",\"position\":3,\"name\":\"ROBO-DOS\"}]},{\"@type\":\"WebSite\",\"@id\":\"https:\\\/\\\/www.credimex.ch\\\/de\\\/#website\",\"url\":\"https:\\\/\\\/www.credimex.ch\\\/de\\\/\",\"name\":\"CREDIMEX\",\"description\":\"Partner of Swiss Industrial Market\",\"publisher\":{\"@id\":\"https:\\\/\\\/www.credimex.ch\\\/de\\\/#organization\"},\"potentialAction\":[{\"@type\":\"SearchAction\",\"target\":{\"@type\":\"EntryPoint\",\"urlTemplate\":\"https:\\\/\\\/www.credimex.ch\\\/de\\\/?s={search_term_string}\"},\"query-input\":{\"@type\":\"PropertyValueSpecification\",\"valueRequired\":true,\"valueName\":\"search_term_string\"}}],\"inLanguage\":\"de\"},{\"@type\":\"Organization\",\"@id\":\"https:\\\/\\\/www.credimex.ch\\\/de\\\/#organization\",\"name\":\"credimex\",\"url\":\"https:\\\/\\\/www.credimex.ch\\\/de\\\/\",\"logo\":{\"@type\":\"ImageObject\",\"inLanguage\":\"de\",\"@id\":\"https:\\\/\\\/www.credimex.ch\\\/de\\\/#\\\/schema\\\/logo\\\/image\\\/\",\"url\":\"https:\\\/\\\/www.credimex.ch\\\/wp-content\\\/uploads\\\/2022\\\/03\\\/cropped-logo-credimex.png\",\"contentUrl\":\"https:\\\/\\\/www.credimex.ch\\\/wp-content\\\/uploads\\\/2022\\\/03\\\/cropped-logo-credimex.png\",\"width\":512,\"height\":512,\"caption\":\"credimex\"},\"image\":{\"@id\":\"https:\\\/\\\/www.credimex.ch\\\/de\\\/#\\\/schema\\\/logo\\\/image\\\/\"},\"sameAs\":[\"https:\\\/\\\/www.facebook.com\\\/credimex.alpnach\\\/\",\"https:\\\/\\\/www.linkedin.com\\\/company\\\/credimex\\\/\",\"https:\\\/\\\/www.youtube.com\\\/@CREDIMEX?sub_confirmation=1\"]}]}<\/script>\n<!-- \/ Yoast SEO Premium plugin. -->","yoast_head_json":{"title":"ROBO-DOS - CREDIMEX","description":"Der Drei-Achs-Koordinatentisch ROBO-DOS bildet in Verbindung mit dem Dosiersystem 2-K-DOS ein Robotersystem zum vollautomatischen Versiegeln von Modulen","robots":{"index":"index","follow":"follow","max-snippet":"max-snippet:-1","max-image-preview":"max-image-preview:large","max-video-preview":"max-video-preview:-1"},"canonical":"https:\/\/www.credimex.ch\/de\/produkt\/robo-dos-2\/","og_locale":"de_DE","og_type":"article","og_title":"ROBO-DOS","og_description":"Der Drei-Achs-Koordinatentisch ROBO-DOS bildet in Verbindung mit dem Dosiersystem 2-K-DOS ein Robotersystem zum vollautomatischen Versiegeln von Modulen","og_url":"https:\/\/www.credimex.ch\/de\/produkt\/robo-dos-2\/","og_site_name":"CREDIMEX","article_publisher":"https:\/\/www.facebook.com\/credimex.alpnach\/","og_image":[{"width":586,"height":586,"url":"https:\/\/www.credimex.ch\/wp-content\/uploads\/2022\/09\/ROBO-DOS-e1662373053186.jpeg","type":"image\/jpeg"}],"twitter_card":"summary_large_image","twitter_misc":{"Gesch\u00e4tzte Lesezeit":"1\u00a0Minute"},"schema":{"@context":"https:\/\/schema.org","@graph":[{"@type":"WebPage","@id":"https:\/\/www.credimex.ch\/de\/produkt\/robo-dos-2\/","url":"https:\/\/www.credimex.ch\/de\/produkt\/robo-dos-2\/","name":"ROBO-DOS - CREDIMEX","isPartOf":{"@id":"https:\/\/www.credimex.ch\/de\/#website"},"primaryImageOfPage":{"@id":"https:\/\/www.credimex.ch\/de\/produkt\/robo-dos-2\/#primaryimage"},"image":{"@id":"https:\/\/www.credimex.ch\/de\/produkt\/robo-dos-2\/#primaryimage"},"thumbnailUrl":"https:\/\/www.credimex.ch\/wp-content\/uploads\/2022\/09\/ROBO-DOS-e1662373053186.jpeg","datePublished":"2022-09-05T10:17:47+00:00","description":"Der Drei-Achs-Koordinatentisch ROBO-DOS bildet in Verbindung mit dem Dosiersystem 2-K-DOS ein Robotersystem zum vollautomatischen Versiegeln von Modulen","breadcrumb":{"@id":"https:\/\/www.credimex.ch\/de\/produkt\/robo-dos-2\/#breadcrumb"},"inLanguage":"de","potentialAction":[{"@type":"ReadAction","target":["https:\/\/www.credimex.ch\/de\/produkt\/robo-dos-2\/"]}]},{"@type":"ImageObject","inLanguage":"de","@id":"https:\/\/www.credimex.ch\/de\/produkt\/robo-dos-2\/#primaryimage","url":"https:\/\/www.credimex.ch\/wp-content\/uploads\/2022\/09\/ROBO-DOS-e1662373053186.jpeg","contentUrl":"https:\/\/www.credimex.ch\/wp-content\/uploads\/2022\/09\/ROBO-DOS-e1662373053186.jpeg","width":586,"height":586},{"@type":"BreadcrumbList","@id":"https:\/\/www.credimex.ch\/de\/produkt\/robo-dos-2\/#breadcrumb","itemListElement":[{"@type":"ListItem","position":1,"name":"Home","item":"https:\/\/www.credimex.ch\/de\/"},{"@type":"ListItem","position":2,"name":"Produkte","item":"https:\/\/www.credimex.ch\/de\/produkte\/"},{"@type":"ListItem","position":3,"name":"ROBO-DOS"}]},{"@type":"WebSite","@id":"https:\/\/www.credimex.ch\/de\/#website","url":"https:\/\/www.credimex.ch\/de\/","name":"CREDIMEX","description":"Partner of Swiss Industrial Market","publisher":{"@id":"https:\/\/www.credimex.ch\/de\/#organization"},"potentialAction":[{"@type":"SearchAction","target":{"@type":"EntryPoint","urlTemplate":"https:\/\/www.credimex.ch\/de\/?s={search_term_string}"},"query-input":{"@type":"PropertyValueSpecification","valueRequired":true,"valueName":"search_term_string"}}],"inLanguage":"de"},{"@type":"Organization","@id":"https:\/\/www.credimex.ch\/de\/#organization","name":"credimex","url":"https:\/\/www.credimex.ch\/de\/","logo":{"@type":"ImageObject","inLanguage":"de","@id":"https:\/\/www.credimex.ch\/de\/#\/schema\/logo\/image\/","url":"https:\/\/www.credimex.ch\/wp-content\/uploads\/2022\/03\/cropped-logo-credimex.png","contentUrl":"https:\/\/www.credimex.ch\/wp-content\/uploads\/2022\/03\/cropped-logo-credimex.png","width":512,"height":512,"caption":"credimex"},"image":{"@id":"https:\/\/www.credimex.ch\/de\/#\/schema\/logo\/image\/"},"sameAs":["https:\/\/www.facebook.com\/credimex.alpnach\/","https:\/\/www.linkedin.com\/company\/credimex\/","https:\/\/www.youtube.com\/@CREDIMEX?sub_confirmation=1"]}]}},"_links":{"self":[{"href":"https:\/\/www.credimex.ch\/de\/wp-json\/wp\/v2\/product\/3934","targetHints":{"allow":["GET"]}}],"collection":[{"href":"https:\/\/www.credimex.ch\/de\/wp-json\/wp\/v2\/product"}],"about":[{"href":"https:\/\/www.credimex.ch\/de\/wp-json\/wp\/v2\/types\/product"}],"replies":[{"embeddable":true,"href":"https:\/\/www.credimex.ch\/de\/wp-json\/wp\/v2\/comments?post=3934"}],"wp:featuredmedia":[{"embeddable":true,"href":"https:\/\/www.credimex.ch\/de\/wp-json\/wp\/v2\/media\/3619"}],"wp:attachment":[{"href":"https:\/\/www.credimex.ch\/de\/wp-json\/wp\/v2\/media?parent=3934"}],"wp:term":[{"taxonomy":"product_brand","embeddable":true,"href":"https:\/\/www.credimex.ch\/de\/wp-json\/wp\/v2\/product_brand?post=3934"},{"taxonomy":"product_cat","embeddable":true,"href":"https:\/\/www.credimex.ch\/de\/wp-json\/wp\/v2\/product_cat?post=3934"},{"taxonomy":"product_tag","embeddable":true,"href":"https:\/\/www.credimex.ch\/de\/wp-json\/wp\/v2\/product_tag?post=3934"}],"curies":[{"name":"wp","href":"https:\/\/api.w.org\/{rel}","templated":true}]}}