{"id":3936,"date":"2022-09-05T12:07:58","date_gmt":"2022-09-05T10:07:58","guid":{"rendered":"https:\/\/www.credimex.ch.mialias.net\/product\/merbenit-sk60\/"},"modified":"2025-09-04T11:33:57","modified_gmt":"2025-09-04T09:33:57","slug":"merbenit-2k60-2","status":"publish","type":"product","link":"https:\/\/www.credimex.ch\/de\/produkt\/merbenit-2k60-2\/","title":{"rendered":"Merbenit 2K60"},"content":{"rendered":"<p>Ein schnellh\u00e4rtender 2-Komponenten-Klebdichtstoff, der speziell f\u00fcr den Einsatz in der Automobilindustrie entwickelt wurde.<\/p>\n<p>&nbsp;<\/p>\n<h2>Produktvorteile<\/h2>\n<ul>\n<li>Schneller Kraftaufbau, handhabungsfest nach 30 Minuten<\/li>\n<li>Anstrichvertr\u00e4glich<\/li>\n<li>Einfache Verarbeitung<\/li>\n<li>Korrosionssch\u00fctzend<\/li>\n<li>L\u00f6sungsmittel-, isocyanat-, silikonfrei<\/li>\n<li>Geruchsarm<\/li>\n<li>Nicht korrosiv auf Oberfl\u00e4chen<\/li>\n<li>Schlag- und vibrationsfest (schockabsorbierend)<\/li>\n<li>Sehr breites Haftspektrum<\/li>\n<li>Sehr gute Dichteigenschaften<\/li>\n<\/ul>\n<p>&nbsp;<\/p>\n<h2>Anwendung<\/h2>\n<ul>\n<li>Automobilindustrie<\/li>\n<li>Transporttechnik (Herstellung von G\u00fcterwagen, Containern)<\/li>\n<\/ul>\n","protected":false},"excerpt":{"rendered":"<p><span style=\"font-weight: 400;\">Merbenit 2K60 ist ein schnellh\u00e4rtender 2K-Klebstoff, der dauerelastisch bleibt und \u00fcber sehr gute Hafteigenschaften verf\u00fcgt, insbesondere auf schwer zu verklebenden Kunststoffen.<\/span><\/p>\n","protected":false},"featured_media":9323,"comment_status":"open","ping_status":"closed","template":"","meta":{"_acf_changed":false},"product_brand":[],"product_cat":[369,351,379,417,390,457,521,418,522],"product_tag":[],"class_list":{"0":"post-3936","1":"product","2":"type-product","3":"status-publish","4":"has-post-thumbnail","6":"product_cat-allgemeine-industrie","7":"product_cat-automobilindustrie","8":"product_cat-eisenbahn","9":"product_cat-elektronik","10":"product_cat-energie","11":"product_cat-klebstoffe-und-dichtungsmittel","12":"product_cat-merbenit-de","13":"product_cat-seilbahnen","14":"product_cat-smp-klebstoff","15":"pa_brands-merbenit-de","17":"first","18":"instock","19":"shipping-taxable","20":"product-type-simple"},"acf":[],"_yoast_wpseo_focuskw":"Merbenit 2K60","_yoast_wpseo_metadesc":"Merbenit 2K60: Ein schnell aush\u00e4rtender 2-Komponenten-Klebstoff, der speziell f\u00fcr den Einsatz in der Automobilindustrie entwickelt wurde.","yoast_head":"<!-- This site is optimized with the Yoast SEO Premium plugin v21.6 (Yoast SEO v27.4) - https:\/\/yoast.com\/product\/yoast-seo-premium-wordpress\/ -->\n<title>Merbenit 2K60 - CREDIMEX<\/title>\n<meta name=\"description\" content=\"Merbenit 2K60: Ein schnell aush\u00e4rtender 2-Komponenten-Klebstoff, der speziell f\u00fcr den Einsatz in der Automobilindustrie entwickelt wurde.\" \/>\n<meta name=\"robots\" content=\"index, follow, max-snippet:-1, max-image-preview:large, max-video-preview:-1\" \/>\n<link rel=\"canonical\" href=\"https:\/\/www.credimex.ch\/de\/produkt\/merbenit-2k60-2\/\" \/>\n<meta property=\"og:locale\" content=\"de_DE\" \/>\n<meta property=\"og:type\" content=\"article\" \/>\n<meta property=\"og:title\" content=\"Merbenit 2K60\" \/>\n<meta property=\"og:description\" content=\"Merbenit 2K60: Ein schnell aush\u00e4rtender 2-Komponenten-Klebstoff, der speziell f\u00fcr den Einsatz in der Automobilindustrie entwickelt wurde.\" \/>\n<meta property=\"og:url\" content=\"https:\/\/www.credimex.ch\/de\/produkt\/merbenit-2k60-2\/\" \/>\n<meta property=\"og:site_name\" content=\"CREDIMEX\" \/>\n<meta property=\"article:publisher\" content=\"https:\/\/www.facebook.com\/credimex.alpnach\/\" \/>\n<meta property=\"article:modified_time\" content=\"2025-09-04T09:33:57+00:00\" \/>\n<meta property=\"og:image\" content=\"https:\/\/www.credimex.ch\/wp-content\/uploads\/2022\/09\/Merbenit-2K60-e1662372466802.png\" \/>\n\t<meta property=\"og:image:width\" content=\"464\" \/>\n\t<meta property=\"og:image:height\" content=\"464\" \/>\n\t<meta property=\"og:image:type\" content=\"image\/png\" \/>\n<meta name=\"twitter:card\" content=\"summary_large_image\" \/>\n<meta name=\"twitter:label1\" content=\"Gesch\u00e4tzte Lesezeit\" \/>\n\t<meta name=\"twitter:data1\" content=\"1\u00a0Minute\" \/>\n<script type=\"application\/ld+json\" class=\"yoast-schema-graph\">{\"@context\":\"https:\\\/\\\/schema.org\",\"@graph\":[{\"@type\":\"WebPage\",\"@id\":\"https:\\\/\\\/www.credimex.ch\\\/de\\\/produkt\\\/merbenit-2k60-2\\\/\",\"url\":\"https:\\\/\\\/www.credimex.ch\\\/de\\\/produkt\\\/merbenit-2k60-2\\\/\",\"name\":\"Merbenit 2K60 - CREDIMEX\",\"isPartOf\":{\"@id\":\"https:\\\/\\\/www.credimex.ch\\\/de\\\/#website\"},\"primaryImageOfPage\":{\"@id\":\"https:\\\/\\\/www.credimex.ch\\\/de\\\/produkt\\\/merbenit-2k60-2\\\/#primaryimage\"},\"image\":{\"@id\":\"https:\\\/\\\/www.credimex.ch\\\/de\\\/produkt\\\/merbenit-2k60-2\\\/#primaryimage\"},\"thumbnailUrl\":\"https:\\\/\\\/www.credimex.ch\\\/wp-content\\\/uploads\\\/2022\\\/09\\\/Merbenit-2K-60.webp\",\"datePublished\":\"2022-09-05T10:07:58+00:00\",\"dateModified\":\"2025-09-04T09:33:57+00:00\",\"description\":\"Merbenit 2K60: Ein schnell aush\u00e4rtender 2-Komponenten-Klebstoff, der speziell f\u00fcr den Einsatz in der Automobilindustrie entwickelt wurde.\",\"breadcrumb\":{\"@id\":\"https:\\\/\\\/www.credimex.ch\\\/de\\\/produkt\\\/merbenit-2k60-2\\\/#breadcrumb\"},\"inLanguage\":\"de\",\"potentialAction\":[{\"@type\":\"ReadAction\",\"target\":[\"https:\\\/\\\/www.credimex.ch\\\/de\\\/produkt\\\/merbenit-2k60-2\\\/\"]}]},{\"@type\":\"ImageObject\",\"inLanguage\":\"de\",\"@id\":\"https:\\\/\\\/www.credimex.ch\\\/de\\\/produkt\\\/merbenit-2k60-2\\\/#primaryimage\",\"url\":\"https:\\\/\\\/www.credimex.ch\\\/wp-content\\\/uploads\\\/2022\\\/09\\\/Merbenit-2K-60.webp\",\"contentUrl\":\"https:\\\/\\\/www.credimex.ch\\\/wp-content\\\/uploads\\\/2022\\\/09\\\/Merbenit-2K-60.webp\",\"width\":700,\"height\":700},{\"@type\":\"BreadcrumbList\",\"@id\":\"https:\\\/\\\/www.credimex.ch\\\/de\\\/produkt\\\/merbenit-2k60-2\\\/#breadcrumb\",\"itemListElement\":[{\"@type\":\"ListItem\",\"position\":1,\"name\":\"Home\",\"item\":\"https:\\\/\\\/www.credimex.ch\\\/de\\\/\"},{\"@type\":\"ListItem\",\"position\":2,\"name\":\"Produkte\",\"item\":\"https:\\\/\\\/www.credimex.ch\\\/de\\\/produkte\\\/\"},{\"@type\":\"ListItem\",\"position\":3,\"name\":\"Merbenit 2K60\"}]},{\"@type\":\"WebSite\",\"@id\":\"https:\\\/\\\/www.credimex.ch\\\/de\\\/#website\",\"url\":\"https:\\\/\\\/www.credimex.ch\\\/de\\\/\",\"name\":\"CREDIMEX\",\"description\":\"Partner of Swiss Industrial Market\",\"publisher\":{\"@id\":\"https:\\\/\\\/www.credimex.ch\\\/de\\\/#organization\"},\"potentialAction\":[{\"@type\":\"SearchAction\",\"target\":{\"@type\":\"EntryPoint\",\"urlTemplate\":\"https:\\\/\\\/www.credimex.ch\\\/de\\\/?s={search_term_string}\"},\"query-input\":{\"@type\":\"PropertyValueSpecification\",\"valueRequired\":true,\"valueName\":\"search_term_string\"}}],\"inLanguage\":\"de\"},{\"@type\":\"Organization\",\"@id\":\"https:\\\/\\\/www.credimex.ch\\\/de\\\/#organization\",\"name\":\"credimex\",\"url\":\"https:\\\/\\\/www.credimex.ch\\\/de\\\/\",\"logo\":{\"@type\":\"ImageObject\",\"inLanguage\":\"de\",\"@id\":\"https:\\\/\\\/www.credimex.ch\\\/de\\\/#\\\/schema\\\/logo\\\/image\\\/\",\"url\":\"https:\\\/\\\/www.credimex.ch\\\/wp-content\\\/uploads\\\/2022\\\/03\\\/cropped-logo-credimex.png\",\"contentUrl\":\"https:\\\/\\\/www.credimex.ch\\\/wp-content\\\/uploads\\\/2022\\\/03\\\/cropped-logo-credimex.png\",\"width\":512,\"height\":512,\"caption\":\"credimex\"},\"image\":{\"@id\":\"https:\\\/\\\/www.credimex.ch\\\/de\\\/#\\\/schema\\\/logo\\\/image\\\/\"},\"sameAs\":[\"https:\\\/\\\/www.facebook.com\\\/credimex.alpnach\\\/\",\"https:\\\/\\\/www.linkedin.com\\\/company\\\/credimex\\\/\",\"https:\\\/\\\/www.youtube.com\\\/@CREDIMEX?sub_confirmation=1\"]}]}<\/script>\n<!-- \/ Yoast SEO Premium plugin. -->","yoast_head_json":{"title":"Merbenit 2K60 - CREDIMEX","description":"Merbenit 2K60: Ein schnell aush\u00e4rtender 2-Komponenten-Klebstoff, der speziell f\u00fcr den Einsatz in der Automobilindustrie entwickelt wurde.","robots":{"index":"index","follow":"follow","max-snippet":"max-snippet:-1","max-image-preview":"max-image-preview:large","max-video-preview":"max-video-preview:-1"},"canonical":"https:\/\/www.credimex.ch\/de\/produkt\/merbenit-2k60-2\/","og_locale":"de_DE","og_type":"article","og_title":"Merbenit 2K60","og_description":"Merbenit 2K60: Ein schnell aush\u00e4rtender 2-Komponenten-Klebstoff, der speziell f\u00fcr den Einsatz in der Automobilindustrie entwickelt wurde.","og_url":"https:\/\/www.credimex.ch\/de\/produkt\/merbenit-2k60-2\/","og_site_name":"CREDIMEX","article_publisher":"https:\/\/www.facebook.com\/credimex.alpnach\/","article_modified_time":"2025-09-04T09:33:57+00:00","og_image":[{"width":464,"height":464,"url":"https:\/\/www.credimex.ch\/wp-content\/uploads\/2022\/09\/Merbenit-2K60-e1662372466802.png","type":"image\/png"}],"twitter_card":"summary_large_image","twitter_misc":{"Gesch\u00e4tzte Lesezeit":"1\u00a0Minute"},"schema":{"@context":"https:\/\/schema.org","@graph":[{"@type":"WebPage","@id":"https:\/\/www.credimex.ch\/de\/produkt\/merbenit-2k60-2\/","url":"https:\/\/www.credimex.ch\/de\/produkt\/merbenit-2k60-2\/","name":"Merbenit 2K60 - CREDIMEX","isPartOf":{"@id":"https:\/\/www.credimex.ch\/de\/#website"},"primaryImageOfPage":{"@id":"https:\/\/www.credimex.ch\/de\/produkt\/merbenit-2k60-2\/#primaryimage"},"image":{"@id":"https:\/\/www.credimex.ch\/de\/produkt\/merbenit-2k60-2\/#primaryimage"},"thumbnailUrl":"https:\/\/www.credimex.ch\/wp-content\/uploads\/2022\/09\/Merbenit-2K-60.webp","datePublished":"2022-09-05T10:07:58+00:00","dateModified":"2025-09-04T09:33:57+00:00","description":"Merbenit 2K60: Ein schnell aush\u00e4rtender 2-Komponenten-Klebstoff, der speziell f\u00fcr den Einsatz in der Automobilindustrie entwickelt wurde.","breadcrumb":{"@id":"https:\/\/www.credimex.ch\/de\/produkt\/merbenit-2k60-2\/#breadcrumb"},"inLanguage":"de","potentialAction":[{"@type":"ReadAction","target":["https:\/\/www.credimex.ch\/de\/produkt\/merbenit-2k60-2\/"]}]},{"@type":"ImageObject","inLanguage":"de","@id":"https:\/\/www.credimex.ch\/de\/produkt\/merbenit-2k60-2\/#primaryimage","url":"https:\/\/www.credimex.ch\/wp-content\/uploads\/2022\/09\/Merbenit-2K-60.webp","contentUrl":"https:\/\/www.credimex.ch\/wp-content\/uploads\/2022\/09\/Merbenit-2K-60.webp","width":700,"height":700},{"@type":"BreadcrumbList","@id":"https:\/\/www.credimex.ch\/de\/produkt\/merbenit-2k60-2\/#breadcrumb","itemListElement":[{"@type":"ListItem","position":1,"name":"Home","item":"https:\/\/www.credimex.ch\/de\/"},{"@type":"ListItem","position":2,"name":"Produkte","item":"https:\/\/www.credimex.ch\/de\/produkte\/"},{"@type":"ListItem","position":3,"name":"Merbenit 2K60"}]},{"@type":"WebSite","@id":"https:\/\/www.credimex.ch\/de\/#website","url":"https:\/\/www.credimex.ch\/de\/","name":"CREDIMEX","description":"Partner of Swiss Industrial Market","publisher":{"@id":"https:\/\/www.credimex.ch\/de\/#organization"},"potentialAction":[{"@type":"SearchAction","target":{"@type":"EntryPoint","urlTemplate":"https:\/\/www.credimex.ch\/de\/?s={search_term_string}"},"query-input":{"@type":"PropertyValueSpecification","valueRequired":true,"valueName":"search_term_string"}}],"inLanguage":"de"},{"@type":"Organization","@id":"https:\/\/www.credimex.ch\/de\/#organization","name":"credimex","url":"https:\/\/www.credimex.ch\/de\/","logo":{"@type":"ImageObject","inLanguage":"de","@id":"https:\/\/www.credimex.ch\/de\/#\/schema\/logo\/image\/","url":"https:\/\/www.credimex.ch\/wp-content\/uploads\/2022\/03\/cropped-logo-credimex.png","contentUrl":"https:\/\/www.credimex.ch\/wp-content\/uploads\/2022\/03\/cropped-logo-credimex.png","width":512,"height":512,"caption":"credimex"},"image":{"@id":"https:\/\/www.credimex.ch\/de\/#\/schema\/logo\/image\/"},"sameAs":["https:\/\/www.facebook.com\/credimex.alpnach\/","https:\/\/www.linkedin.com\/company\/credimex\/","https:\/\/www.youtube.com\/@CREDIMEX?sub_confirmation=1"]}]}},"_links":{"self":[{"href":"https:\/\/www.credimex.ch\/de\/wp-json\/wp\/v2\/product\/3936","targetHints":{"allow":["GET"]}}],"collection":[{"href":"https:\/\/www.credimex.ch\/de\/wp-json\/wp\/v2\/product"}],"about":[{"href":"https:\/\/www.credimex.ch\/de\/wp-json\/wp\/v2\/types\/product"}],"replies":[{"embeddable":true,"href":"https:\/\/www.credimex.ch\/de\/wp-json\/wp\/v2\/comments?post=3936"}],"wp:featuredmedia":[{"embeddable":true,"href":"https:\/\/www.credimex.ch\/de\/wp-json\/wp\/v2\/media\/9323"}],"wp:attachment":[{"href":"https:\/\/www.credimex.ch\/de\/wp-json\/wp\/v2\/media?parent=3936"}],"wp:term":[{"taxonomy":"product_brand","embeddable":true,"href":"https:\/\/www.credimex.ch\/de\/wp-json\/wp\/v2\/product_brand?post=3936"},{"taxonomy":"product_cat","embeddable":true,"href":"https:\/\/www.credimex.ch\/de\/wp-json\/wp\/v2\/product_cat?post=3936"},{"taxonomy":"product_tag","embeddable":true,"href":"https:\/\/www.credimex.ch\/de\/wp-json\/wp\/v2\/product_tag?post=3936"}],"curies":[{"name":"wp","href":"https:\/\/api.w.org\/{rel}","templated":true}]}}