{"id":3947,"date":"2022-09-05T11:02:19","date_gmt":"2022-09-05T09:02:19","guid":{"rendered":"https:\/\/www.credimex.ch.mialias.net\/product\/as1740\/"},"modified":"2023-03-24T17:27:27","modified_gmt":"2023-03-24T16:27:27","slug":"as1740","status":"publish","type":"product","link":"https:\/\/www.credimex.ch\/de\/produkt\/as1740\/","title":{"rendered":"CHT AS1740"},"content":{"rendered":"<p>Dieses Produkt ist Teil einer Reihe von hochleistungsf\u00e4higen RTVs. Es ist ein neutral aush\u00e4rtendes Silikondichtmittel, das speziell entwickelt wurde, um die physikalischen, chemischen und temperaturbest\u00e4ndigen Anforderungen von MIL-A-46146B zu erf\u00fcllen. Es zeichnet sich durch aussergew\u00f6hnliche physikalische Eigenschaften aus und ist mit vielen empfindlichen Substraten wie Kupfer, Messing, Stahl, Aluminium und FR4 kompatibel, was es zu einer idealen Option f\u00fcr viele elektronische Anwendungen macht, bei denen es auf hohe Leistung ankommt. Das Alkoxy-H\u00e4rtungssystem ergibt einen Silikondichtstoff mit hervorragender Haftung auf den meisten g\u00e4ngigen Substraten.<\/p>\n<p>&nbsp;<\/p>\n<h2>Wesentliche Merkmale<\/h2>\n<ul>\n<li>MIL 46146B Physikalische\/chemische Anforderungen<\/li>\n<li>UL anerkannt in Datei Nr. E334038<\/li>\n<li>Enth\u00e4lt UV-Tracer f\u00fcr die Sichtpr\u00fcfung<\/li>\n<li>Selbstnivellierende, klebende Fl\u00fcssigkeit<\/li>\n<\/ul>\n<p>&nbsp;<\/p>\n<h2>Anwendung<\/h2>\n<p>Zu den Anwendungen geh\u00f6ren u. a. der Schutz von Kfz-Motorennummern, Glasfaserkabeln, die Abdichtung von Kabeleinf\u00fchrungen in Verteilerk\u00e4sten und die Schutzbeschichtung f\u00fcr Elektronik in Schweissger\u00e4ten.<\/p>\n","protected":false},"excerpt":{"rendered":"<p>Einkomponentiger neutral-vernetzender Silikon-Kleb-\/Dichtstoff mit guten Fliesseigenschaften (Elektronikqualit\u00e4t)<\/p>\n","protected":false},"featured_media":3607,"comment_status":"open","ping_status":"closed","template":"","meta":{"_acf_changed":false},"product_brand":[],"product_cat":[369,351,419,529,380,379,417,390,530],"product_tag":[],"class_list":{"0":"post-3947","1":"product","2":"type-product","3":"status-publish","4":"has-post-thumbnail","6":"product_cat-allgemeine-industrie","7":"product_cat-automobilindustrie","8":"product_cat-batterien","9":"product_cat-cht","10":"product_cat-e-mobilitat","11":"product_cat-eisenbahn","12":"product_cat-elektronik","13":"product_cat-energie","14":"product_cat-silikon-klebstoffe","15":"pa_brands-cht-de","17":"first","18":"instock","19":"shipping-taxable","20":"product-type-simple"},"acf":[],"_yoast_wpseo_focuskw":"AS1740","_yoast_wpseo_metadesc":"1 Teil nicht korrosiver, neutral aush\u00e4rtender Klebstoff Dichtungsmasse, Beschichtung und Vergussmasse. Dieses Produkt ist Teil einer Reihe von hochleistungsf\u00e4higen RTVs.","yoast_head":"<!-- This site is optimized with the Yoast SEO Premium plugin v21.6 (Yoast SEO v27.4) - https:\/\/yoast.com\/product\/yoast-seo-premium-wordpress\/ -->\n<title>CHT AS1740 - CREDIMEX<\/title>\n<meta name=\"description\" content=\"1 Teil nicht korrosiver, neutral aush\u00e4rtender Klebstoff Dichtungsmasse, Beschichtung und Vergussmasse. Dieses Produkt ist Teil einer Reihe von hochleistungsf\u00e4higen RTVs.\" \/>\n<meta name=\"robots\" content=\"index, follow, max-snippet:-1, max-image-preview:large, max-video-preview:-1\" \/>\n<link rel=\"canonical\" href=\"https:\/\/www.credimex.ch\/de\/produkt\/as1740\/\" \/>\n<meta property=\"og:locale\" content=\"de_DE\" \/>\n<meta property=\"og:type\" content=\"article\" \/>\n<meta property=\"og:title\" content=\"CHT AS1740\" \/>\n<meta property=\"og:description\" content=\"1 Teil nicht korrosiver, neutral aush\u00e4rtender Klebstoff Dichtungsmasse, Beschichtung und Vergussmasse. Dieses Produkt ist Teil einer Reihe von hochleistungsf\u00e4higen RTVs.\" \/>\n<meta property=\"og:url\" content=\"https:\/\/www.credimex.ch\/de\/produkt\/as1740\/\" \/>\n<meta property=\"og:site_name\" content=\"CREDIMEX\" \/>\n<meta property=\"article:publisher\" content=\"https:\/\/www.facebook.com\/credimex.alpnach\/\" \/>\n<meta property=\"article:modified_time\" content=\"2023-03-24T16:27:27+00:00\" \/>\n<meta property=\"og:image\" content=\"https:\/\/www.credimex.ch\/wp-content\/uploads\/2022\/09\/AS1740.jpeg\" \/>\n\t<meta property=\"og:image:width\" content=\"400\" \/>\n\t<meta property=\"og:image:height\" content=\"400\" \/>\n\t<meta property=\"og:image:type\" content=\"image\/jpeg\" \/>\n<meta name=\"twitter:card\" content=\"summary_large_image\" \/>\n<meta name=\"twitter:label1\" content=\"Gesch\u00e4tzte Lesezeit\" \/>\n\t<meta name=\"twitter:data1\" content=\"1\u00a0Minute\" \/>\n<script type=\"application\/ld+json\" class=\"yoast-schema-graph\">{\"@context\":\"https:\\\/\\\/schema.org\",\"@graph\":[{\"@type\":\"WebPage\",\"@id\":\"https:\\\/\\\/www.credimex.ch\\\/de\\\/produkt\\\/as1740\\\/\",\"url\":\"https:\\\/\\\/www.credimex.ch\\\/de\\\/produkt\\\/as1740\\\/\",\"name\":\"CHT AS1740 - CREDIMEX\",\"isPartOf\":{\"@id\":\"https:\\\/\\\/www.credimex.ch\\\/de\\\/#website\"},\"primaryImageOfPage\":{\"@id\":\"https:\\\/\\\/www.credimex.ch\\\/de\\\/produkt\\\/as1740\\\/#primaryimage\"},\"image\":{\"@id\":\"https:\\\/\\\/www.credimex.ch\\\/de\\\/produkt\\\/as1740\\\/#primaryimage\"},\"thumbnailUrl\":\"https:\\\/\\\/www.credimex.ch\\\/wp-content\\\/uploads\\\/2022\\\/09\\\/AS1740.jpeg\",\"datePublished\":\"2022-09-05T09:02:19+00:00\",\"dateModified\":\"2023-03-24T16:27:27+00:00\",\"description\":\"1 Teil nicht korrosiver, neutral aush\u00e4rtender Klebstoff Dichtungsmasse, Beschichtung und Vergussmasse. Dieses Produkt ist Teil einer Reihe von hochleistungsf\u00e4higen RTVs.\",\"breadcrumb\":{\"@id\":\"https:\\\/\\\/www.credimex.ch\\\/de\\\/produkt\\\/as1740\\\/#breadcrumb\"},\"inLanguage\":\"de\",\"potentialAction\":[{\"@type\":\"ReadAction\",\"target\":[\"https:\\\/\\\/www.credimex.ch\\\/de\\\/produkt\\\/as1740\\\/\"]}]},{\"@type\":\"ImageObject\",\"inLanguage\":\"de\",\"@id\":\"https:\\\/\\\/www.credimex.ch\\\/de\\\/produkt\\\/as1740\\\/#primaryimage\",\"url\":\"https:\\\/\\\/www.credimex.ch\\\/wp-content\\\/uploads\\\/2022\\\/09\\\/AS1740.jpeg\",\"contentUrl\":\"https:\\\/\\\/www.credimex.ch\\\/wp-content\\\/uploads\\\/2022\\\/09\\\/AS1740.jpeg\",\"width\":400,\"height\":400},{\"@type\":\"BreadcrumbList\",\"@id\":\"https:\\\/\\\/www.credimex.ch\\\/de\\\/produkt\\\/as1740\\\/#breadcrumb\",\"itemListElement\":[{\"@type\":\"ListItem\",\"position\":1,\"name\":\"Home\",\"item\":\"https:\\\/\\\/www.credimex.ch\\\/de\\\/\"},{\"@type\":\"ListItem\",\"position\":2,\"name\":\"Produkte\",\"item\":\"https:\\\/\\\/www.credimex.ch\\\/de\\\/produkte\\\/\"},{\"@type\":\"ListItem\",\"position\":3,\"name\":\"CHT AS1740\"}]},{\"@type\":\"WebSite\",\"@id\":\"https:\\\/\\\/www.credimex.ch\\\/de\\\/#website\",\"url\":\"https:\\\/\\\/www.credimex.ch\\\/de\\\/\",\"name\":\"CREDIMEX\",\"description\":\"Partner of Swiss Industrial Market\",\"publisher\":{\"@id\":\"https:\\\/\\\/www.credimex.ch\\\/de\\\/#organization\"},\"potentialAction\":[{\"@type\":\"SearchAction\",\"target\":{\"@type\":\"EntryPoint\",\"urlTemplate\":\"https:\\\/\\\/www.credimex.ch\\\/de\\\/?s={search_term_string}\"},\"query-input\":{\"@type\":\"PropertyValueSpecification\",\"valueRequired\":true,\"valueName\":\"search_term_string\"}}],\"inLanguage\":\"de\"},{\"@type\":\"Organization\",\"@id\":\"https:\\\/\\\/www.credimex.ch\\\/de\\\/#organization\",\"name\":\"credimex\",\"url\":\"https:\\\/\\\/www.credimex.ch\\\/de\\\/\",\"logo\":{\"@type\":\"ImageObject\",\"inLanguage\":\"de\",\"@id\":\"https:\\\/\\\/www.credimex.ch\\\/de\\\/#\\\/schema\\\/logo\\\/image\\\/\",\"url\":\"https:\\\/\\\/www.credimex.ch\\\/wp-content\\\/uploads\\\/2022\\\/03\\\/cropped-logo-credimex.png\",\"contentUrl\":\"https:\\\/\\\/www.credimex.ch\\\/wp-content\\\/uploads\\\/2022\\\/03\\\/cropped-logo-credimex.png\",\"width\":512,\"height\":512,\"caption\":\"credimex\"},\"image\":{\"@id\":\"https:\\\/\\\/www.credimex.ch\\\/de\\\/#\\\/schema\\\/logo\\\/image\\\/\"},\"sameAs\":[\"https:\\\/\\\/www.facebook.com\\\/credimex.alpnach\\\/\",\"https:\\\/\\\/www.linkedin.com\\\/company\\\/credimex\\\/\",\"https:\\\/\\\/www.youtube.com\\\/@CREDIMEX?sub_confirmation=1\"]}]}<\/script>\n<!-- \/ Yoast SEO Premium plugin. -->","yoast_head_json":{"title":"CHT AS1740 - CREDIMEX","description":"1 Teil nicht korrosiver, neutral aush\u00e4rtender Klebstoff Dichtungsmasse, Beschichtung und Vergussmasse. Dieses Produkt ist Teil einer Reihe von hochleistungsf\u00e4higen RTVs.","robots":{"index":"index","follow":"follow","max-snippet":"max-snippet:-1","max-image-preview":"max-image-preview:large","max-video-preview":"max-video-preview:-1"},"canonical":"https:\/\/www.credimex.ch\/de\/produkt\/as1740\/","og_locale":"de_DE","og_type":"article","og_title":"CHT AS1740","og_description":"1 Teil nicht korrosiver, neutral aush\u00e4rtender Klebstoff Dichtungsmasse, Beschichtung und Vergussmasse. Dieses Produkt ist Teil einer Reihe von hochleistungsf\u00e4higen RTVs.","og_url":"https:\/\/www.credimex.ch\/de\/produkt\/as1740\/","og_site_name":"CREDIMEX","article_publisher":"https:\/\/www.facebook.com\/credimex.alpnach\/","article_modified_time":"2023-03-24T16:27:27+00:00","og_image":[{"width":400,"height":400,"url":"https:\/\/www.credimex.ch\/wp-content\/uploads\/2022\/09\/AS1740.jpeg","type":"image\/jpeg"}],"twitter_card":"summary_large_image","twitter_misc":{"Gesch\u00e4tzte Lesezeit":"1\u00a0Minute"},"schema":{"@context":"https:\/\/schema.org","@graph":[{"@type":"WebPage","@id":"https:\/\/www.credimex.ch\/de\/produkt\/as1740\/","url":"https:\/\/www.credimex.ch\/de\/produkt\/as1740\/","name":"CHT AS1740 - CREDIMEX","isPartOf":{"@id":"https:\/\/www.credimex.ch\/de\/#website"},"primaryImageOfPage":{"@id":"https:\/\/www.credimex.ch\/de\/produkt\/as1740\/#primaryimage"},"image":{"@id":"https:\/\/www.credimex.ch\/de\/produkt\/as1740\/#primaryimage"},"thumbnailUrl":"https:\/\/www.credimex.ch\/wp-content\/uploads\/2022\/09\/AS1740.jpeg","datePublished":"2022-09-05T09:02:19+00:00","dateModified":"2023-03-24T16:27:27+00:00","description":"1 Teil nicht korrosiver, neutral aush\u00e4rtender Klebstoff Dichtungsmasse, Beschichtung und Vergussmasse. Dieses Produkt ist Teil einer Reihe von hochleistungsf\u00e4higen RTVs.","breadcrumb":{"@id":"https:\/\/www.credimex.ch\/de\/produkt\/as1740\/#breadcrumb"},"inLanguage":"de","potentialAction":[{"@type":"ReadAction","target":["https:\/\/www.credimex.ch\/de\/produkt\/as1740\/"]}]},{"@type":"ImageObject","inLanguage":"de","@id":"https:\/\/www.credimex.ch\/de\/produkt\/as1740\/#primaryimage","url":"https:\/\/www.credimex.ch\/wp-content\/uploads\/2022\/09\/AS1740.jpeg","contentUrl":"https:\/\/www.credimex.ch\/wp-content\/uploads\/2022\/09\/AS1740.jpeg","width":400,"height":400},{"@type":"BreadcrumbList","@id":"https:\/\/www.credimex.ch\/de\/produkt\/as1740\/#breadcrumb","itemListElement":[{"@type":"ListItem","position":1,"name":"Home","item":"https:\/\/www.credimex.ch\/de\/"},{"@type":"ListItem","position":2,"name":"Produkte","item":"https:\/\/www.credimex.ch\/de\/produkte\/"},{"@type":"ListItem","position":3,"name":"CHT AS1740"}]},{"@type":"WebSite","@id":"https:\/\/www.credimex.ch\/de\/#website","url":"https:\/\/www.credimex.ch\/de\/","name":"CREDIMEX","description":"Partner of Swiss Industrial Market","publisher":{"@id":"https:\/\/www.credimex.ch\/de\/#organization"},"potentialAction":[{"@type":"SearchAction","target":{"@type":"EntryPoint","urlTemplate":"https:\/\/www.credimex.ch\/de\/?s={search_term_string}"},"query-input":{"@type":"PropertyValueSpecification","valueRequired":true,"valueName":"search_term_string"}}],"inLanguage":"de"},{"@type":"Organization","@id":"https:\/\/www.credimex.ch\/de\/#organization","name":"credimex","url":"https:\/\/www.credimex.ch\/de\/","logo":{"@type":"ImageObject","inLanguage":"de","@id":"https:\/\/www.credimex.ch\/de\/#\/schema\/logo\/image\/","url":"https:\/\/www.credimex.ch\/wp-content\/uploads\/2022\/03\/cropped-logo-credimex.png","contentUrl":"https:\/\/www.credimex.ch\/wp-content\/uploads\/2022\/03\/cropped-logo-credimex.png","width":512,"height":512,"caption":"credimex"},"image":{"@id":"https:\/\/www.credimex.ch\/de\/#\/schema\/logo\/image\/"},"sameAs":["https:\/\/www.facebook.com\/credimex.alpnach\/","https:\/\/www.linkedin.com\/company\/credimex\/","https:\/\/www.youtube.com\/@CREDIMEX?sub_confirmation=1"]}]}},"_links":{"self":[{"href":"https:\/\/www.credimex.ch\/de\/wp-json\/wp\/v2\/product\/3947","targetHints":{"allow":["GET"]}}],"collection":[{"href":"https:\/\/www.credimex.ch\/de\/wp-json\/wp\/v2\/product"}],"about":[{"href":"https:\/\/www.credimex.ch\/de\/wp-json\/wp\/v2\/types\/product"}],"replies":[{"embeddable":true,"href":"https:\/\/www.credimex.ch\/de\/wp-json\/wp\/v2\/comments?post=3947"}],"wp:featuredmedia":[{"embeddable":true,"href":"https:\/\/www.credimex.ch\/de\/wp-json\/wp\/v2\/media\/3607"}],"wp:attachment":[{"href":"https:\/\/www.credimex.ch\/de\/wp-json\/wp\/v2\/media?parent=3947"}],"wp:term":[{"taxonomy":"product_brand","embeddable":true,"href":"https:\/\/www.credimex.ch\/de\/wp-json\/wp\/v2\/product_brand?post=3947"},{"taxonomy":"product_cat","embeddable":true,"href":"https:\/\/www.credimex.ch\/de\/wp-json\/wp\/v2\/product_cat?post=3947"},{"taxonomy":"product_tag","embeddable":true,"href":"https:\/\/www.credimex.ch\/de\/wp-json\/wp\/v2\/product_tag?post=3947"}],"curies":[{"name":"wp","href":"https:\/\/api.w.org\/{rel}","templated":true}]}}