{"id":3951,"date":"2022-09-05T10:45:38","date_gmt":"2022-09-05T08:45:38","guid":{"rendered":"https:\/\/www.credimex.ch.mialias.net\/product\/as1502\/"},"modified":"2023-03-24T17:24:37","modified_gmt":"2023-03-24T16:24:37","slug":"as1502","status":"publish","type":"product","link":"https:\/\/www.credimex.ch\/de\/produkt\/as1502\/","title":{"rendered":"CHT AS1502"},"content":{"rendered":"<p>Es handelt sich um eine 1-komponentige RTV-Silikondichtmasse (Room Temperature Vulcanizing). Es geh\u00f6rt zu einer Reihe von Acetoxy-H\u00e4rtungsprodukten, die l\u00f6sungsmittelfrei sind. W\u00e4hrend der Aush\u00e4rtung wird eine sehr geringe Menge Essigs\u00e4ure freigesetzt, die den bekannten Essiggeruch hervorruft, der nach der Aush\u00e4rtung schnell wieder verschwindet. Es weist eine gute primerlose Haftung auf vielen Substraten auf, einschliesslich, aber nicht beschr\u00e4nkt auf Aluminium, Nichteisenmetalle, Stahl, Glas, emaillierte Oberfl\u00e4chen, Gewebe, Keramik, duroplastische und thermoplastische Kunststoffe und Holz, und h\u00e4rtet bei Raumtemperatur schnell aus, wenn es mit Luftfeuchtigkeit in Ber\u00fchrung kommt. Dieses Produkt ist nicht f\u00fcr die Verwendung mit verzinkten Metallen, Eisenmetallen, Kupfer und seinen Legierungen oder in elektronischen Baugruppen zu empfehlen.<\/p>\n<p>&nbsp;<\/p>\n<h2>Wesentliche Merkmale<\/h2>\n<ul>\n<li>Schnelle Aush\u00e4rtung bei Raumtemperatur<\/li>\n<li>FDA indirekter Lebensmittelkontakt CFR 21 177,2600<\/li>\n<li>EU-Gesamtmigration EG 1935\/2004 Rahmenbedingungen EN1186-1 und<\/li>\n<li>EN1186-3<\/li>\n<li>Farbe: silbergrau<\/li>\n<\/ul>\n<p>&nbsp;<\/p>\n<h2>Anwendung<\/h2>\n<p>Konzipiert f\u00fcr Anwendungen wie z. B. die Beleuchtung von Start- und Landebahnen auf Flugh\u00e4fen, die Versiegelung von Grossk\u00fcchen sowie von Ger\u00e4ten und Oberfl\u00e4chen aus Edelstahl.<\/p>\n<p>Diese Produkte sind hochgradig witterungs- und alterungsbest\u00e4ndig und weitgehend stabil gegen\u00fcber vielen L\u00f6sungsmitteln, \u00d6len, Wasser, Meerwasser, Industrieabgasen, verd\u00fcnnten S\u00e4uren, Salzl\u00f6sungen, Reinigungsmitteln, Treibgasen und Fruchts\u00e4uren.<\/p>\n","protected":false},"excerpt":{"rendered":"<p>Einkomponentiger Industriekleb-\/Dichtstoff<\/p>\n","protected":false},"featured_media":3603,"comment_status":"open","ping_status":"closed","template":"","meta":{"_acf_changed":false},"product_brand":[],"product_cat":[369,351,419,529,380,379,417,390,457,530],"product_tag":[],"class_list":{"0":"post-3951","1":"product","2":"type-product","3":"status-publish","4":"has-post-thumbnail","6":"product_cat-allgemeine-industrie","7":"product_cat-automobilindustrie","8":"product_cat-batterien","9":"product_cat-cht","10":"product_cat-e-mobilitat","11":"product_cat-eisenbahn","12":"product_cat-elektronik","13":"product_cat-energie","14":"product_cat-klebstoffe-und-dichtungsmittel","15":"product_cat-silikon-klebstoffe","16":"pa_brands-cht-de","18":"first","19":"instock","20":"shipping-taxable","21":"product-type-simple"},"acf":[],"_yoast_wpseo_focuskw":"AS1502","_yoast_wpseo_metadesc":"Es handelt sich um eine 1-komponentige RTV (Room Temperature Vulcanizing)-Silikonkleber-Dichtungsmasse. Es geh\u00f6rt zu einer Reihe von Acetoxy-H\u00e4rtungsprodukten, die l\u00f6sungsmittelfrei sind.","yoast_head":"<!-- This site is optimized with the Yoast SEO Premium plugin v21.6 (Yoast SEO v27.4) - https:\/\/yoast.com\/product\/yoast-seo-premium-wordpress\/ -->\n<title>CHT AS1502 - CREDIMEX<\/title>\n<meta name=\"description\" content=\"Es handelt sich um eine 1-komponentige RTV (Room Temperature Vulcanizing)-Silikonkleber-Dichtungsmasse. Es geh\u00f6rt zu einer Reihe von Acetoxy-H\u00e4rtungsprodukten, die l\u00f6sungsmittelfrei sind.\" \/>\n<meta name=\"robots\" content=\"index, follow, max-snippet:-1, max-image-preview:large, max-video-preview:-1\" \/>\n<link rel=\"canonical\" href=\"https:\/\/www.credimex.ch\/de\/produkt\/as1502\/\" \/>\n<meta property=\"og:locale\" content=\"de_DE\" \/>\n<meta property=\"og:type\" content=\"article\" \/>\n<meta property=\"og:title\" content=\"CHT AS1502\" \/>\n<meta property=\"og:description\" content=\"Es handelt sich um eine 1-komponentige RTV (Room Temperature Vulcanizing)-Silikonkleber-Dichtungsmasse. Es geh\u00f6rt zu einer Reihe von Acetoxy-H\u00e4rtungsprodukten, die l\u00f6sungsmittelfrei sind.\" \/>\n<meta property=\"og:url\" content=\"https:\/\/www.credimex.ch\/de\/produkt\/as1502\/\" \/>\n<meta property=\"og:site_name\" content=\"CREDIMEX\" \/>\n<meta property=\"article:publisher\" content=\"https:\/\/www.facebook.com\/credimex.alpnach\/\" \/>\n<meta property=\"article:modified_time\" content=\"2023-03-24T16:24:37+00:00\" \/>\n<meta property=\"og:image\" content=\"https:\/\/www.credimex.ch\/wp-content\/uploads\/2022\/09\/Generic_Generic_Cartrdige_1.jpeg\" \/>\n\t<meta property=\"og:image:width\" content=\"400\" \/>\n\t<meta property=\"og:image:height\" content=\"400\" \/>\n\t<meta property=\"og:image:type\" content=\"image\/jpeg\" \/>\n<meta name=\"twitter:card\" content=\"summary_large_image\" \/>\n<meta name=\"twitter:label1\" content=\"Gesch\u00e4tzte Lesezeit\" \/>\n\t<meta name=\"twitter:data1\" content=\"1\u00a0Minute\" \/>\n<script type=\"application\/ld+json\" class=\"yoast-schema-graph\">{\"@context\":\"https:\\\/\\\/schema.org\",\"@graph\":[{\"@type\":\"WebPage\",\"@id\":\"https:\\\/\\\/www.credimex.ch\\\/de\\\/produkt\\\/as1502\\\/\",\"url\":\"https:\\\/\\\/www.credimex.ch\\\/de\\\/produkt\\\/as1502\\\/\",\"name\":\"CHT AS1502 - CREDIMEX\",\"isPartOf\":{\"@id\":\"https:\\\/\\\/www.credimex.ch\\\/de\\\/#website\"},\"primaryImageOfPage\":{\"@id\":\"https:\\\/\\\/www.credimex.ch\\\/de\\\/produkt\\\/as1502\\\/#primaryimage\"},\"image\":{\"@id\":\"https:\\\/\\\/www.credimex.ch\\\/de\\\/produkt\\\/as1502\\\/#primaryimage\"},\"thumbnailUrl\":\"https:\\\/\\\/www.credimex.ch\\\/wp-content\\\/uploads\\\/2022\\\/09\\\/Generic_Generic_Cartrdige_1.jpeg\",\"datePublished\":\"2022-09-05T08:45:38+00:00\",\"dateModified\":\"2023-03-24T16:24:37+00:00\",\"description\":\"Es handelt sich um eine 1-komponentige RTV (Room Temperature Vulcanizing)-Silikonkleber-Dichtungsmasse. Es geh\u00f6rt zu einer Reihe von Acetoxy-H\u00e4rtungsprodukten, die l\u00f6sungsmittelfrei sind.\",\"breadcrumb\":{\"@id\":\"https:\\\/\\\/www.credimex.ch\\\/de\\\/produkt\\\/as1502\\\/#breadcrumb\"},\"inLanguage\":\"de\",\"potentialAction\":[{\"@type\":\"ReadAction\",\"target\":[\"https:\\\/\\\/www.credimex.ch\\\/de\\\/produkt\\\/as1502\\\/\"]}]},{\"@type\":\"ImageObject\",\"inLanguage\":\"de\",\"@id\":\"https:\\\/\\\/www.credimex.ch\\\/de\\\/produkt\\\/as1502\\\/#primaryimage\",\"url\":\"https:\\\/\\\/www.credimex.ch\\\/wp-content\\\/uploads\\\/2022\\\/09\\\/Generic_Generic_Cartrdige_1.jpeg\",\"contentUrl\":\"https:\\\/\\\/www.credimex.ch\\\/wp-content\\\/uploads\\\/2022\\\/09\\\/Generic_Generic_Cartrdige_1.jpeg\",\"width\":400,\"height\":400},{\"@type\":\"BreadcrumbList\",\"@id\":\"https:\\\/\\\/www.credimex.ch\\\/de\\\/produkt\\\/as1502\\\/#breadcrumb\",\"itemListElement\":[{\"@type\":\"ListItem\",\"position\":1,\"name\":\"Home\",\"item\":\"https:\\\/\\\/www.credimex.ch\\\/de\\\/\"},{\"@type\":\"ListItem\",\"position\":2,\"name\":\"Produkte\",\"item\":\"https:\\\/\\\/www.credimex.ch\\\/de\\\/produkte\\\/\"},{\"@type\":\"ListItem\",\"position\":3,\"name\":\"CHT AS1502\"}]},{\"@type\":\"WebSite\",\"@id\":\"https:\\\/\\\/www.credimex.ch\\\/de\\\/#website\",\"url\":\"https:\\\/\\\/www.credimex.ch\\\/de\\\/\",\"name\":\"CREDIMEX\",\"description\":\"Partner of Swiss Industrial Market\",\"publisher\":{\"@id\":\"https:\\\/\\\/www.credimex.ch\\\/de\\\/#organization\"},\"potentialAction\":[{\"@type\":\"SearchAction\",\"target\":{\"@type\":\"EntryPoint\",\"urlTemplate\":\"https:\\\/\\\/www.credimex.ch\\\/de\\\/?s={search_term_string}\"},\"query-input\":{\"@type\":\"PropertyValueSpecification\",\"valueRequired\":true,\"valueName\":\"search_term_string\"}}],\"inLanguage\":\"de\"},{\"@type\":\"Organization\",\"@id\":\"https:\\\/\\\/www.credimex.ch\\\/de\\\/#organization\",\"name\":\"credimex\",\"url\":\"https:\\\/\\\/www.credimex.ch\\\/de\\\/\",\"logo\":{\"@type\":\"ImageObject\",\"inLanguage\":\"de\",\"@id\":\"https:\\\/\\\/www.credimex.ch\\\/de\\\/#\\\/schema\\\/logo\\\/image\\\/\",\"url\":\"https:\\\/\\\/www.credimex.ch\\\/wp-content\\\/uploads\\\/2022\\\/03\\\/cropped-logo-credimex.png\",\"contentUrl\":\"https:\\\/\\\/www.credimex.ch\\\/wp-content\\\/uploads\\\/2022\\\/03\\\/cropped-logo-credimex.png\",\"width\":512,\"height\":512,\"caption\":\"credimex\"},\"image\":{\"@id\":\"https:\\\/\\\/www.credimex.ch\\\/de\\\/#\\\/schema\\\/logo\\\/image\\\/\"},\"sameAs\":[\"https:\\\/\\\/www.facebook.com\\\/credimex.alpnach\\\/\",\"https:\\\/\\\/www.linkedin.com\\\/company\\\/credimex\\\/\",\"https:\\\/\\\/www.youtube.com\\\/@CREDIMEX?sub_confirmation=1\"]}]}<\/script>\n<!-- \/ Yoast SEO Premium plugin. -->","yoast_head_json":{"title":"CHT AS1502 - CREDIMEX","description":"Es handelt sich um eine 1-komponentige RTV (Room Temperature Vulcanizing)-Silikonkleber-Dichtungsmasse. Es geh\u00f6rt zu einer Reihe von Acetoxy-H\u00e4rtungsprodukten, die l\u00f6sungsmittelfrei sind.","robots":{"index":"index","follow":"follow","max-snippet":"max-snippet:-1","max-image-preview":"max-image-preview:large","max-video-preview":"max-video-preview:-1"},"canonical":"https:\/\/www.credimex.ch\/de\/produkt\/as1502\/","og_locale":"de_DE","og_type":"article","og_title":"CHT AS1502","og_description":"Es handelt sich um eine 1-komponentige RTV (Room Temperature Vulcanizing)-Silikonkleber-Dichtungsmasse. Es geh\u00f6rt zu einer Reihe von Acetoxy-H\u00e4rtungsprodukten, die l\u00f6sungsmittelfrei sind.","og_url":"https:\/\/www.credimex.ch\/de\/produkt\/as1502\/","og_site_name":"CREDIMEX","article_publisher":"https:\/\/www.facebook.com\/credimex.alpnach\/","article_modified_time":"2023-03-24T16:24:37+00:00","og_image":[{"width":400,"height":400,"url":"https:\/\/www.credimex.ch\/wp-content\/uploads\/2022\/09\/Generic_Generic_Cartrdige_1.jpeg","type":"image\/jpeg"}],"twitter_card":"summary_large_image","twitter_misc":{"Gesch\u00e4tzte Lesezeit":"1\u00a0Minute"},"schema":{"@context":"https:\/\/schema.org","@graph":[{"@type":"WebPage","@id":"https:\/\/www.credimex.ch\/de\/produkt\/as1502\/","url":"https:\/\/www.credimex.ch\/de\/produkt\/as1502\/","name":"CHT AS1502 - CREDIMEX","isPartOf":{"@id":"https:\/\/www.credimex.ch\/de\/#website"},"primaryImageOfPage":{"@id":"https:\/\/www.credimex.ch\/de\/produkt\/as1502\/#primaryimage"},"image":{"@id":"https:\/\/www.credimex.ch\/de\/produkt\/as1502\/#primaryimage"},"thumbnailUrl":"https:\/\/www.credimex.ch\/wp-content\/uploads\/2022\/09\/Generic_Generic_Cartrdige_1.jpeg","datePublished":"2022-09-05T08:45:38+00:00","dateModified":"2023-03-24T16:24:37+00:00","description":"Es handelt sich um eine 1-komponentige RTV (Room Temperature Vulcanizing)-Silikonkleber-Dichtungsmasse. Es geh\u00f6rt zu einer Reihe von Acetoxy-H\u00e4rtungsprodukten, die l\u00f6sungsmittelfrei sind.","breadcrumb":{"@id":"https:\/\/www.credimex.ch\/de\/produkt\/as1502\/#breadcrumb"},"inLanguage":"de","potentialAction":[{"@type":"ReadAction","target":["https:\/\/www.credimex.ch\/de\/produkt\/as1502\/"]}]},{"@type":"ImageObject","inLanguage":"de","@id":"https:\/\/www.credimex.ch\/de\/produkt\/as1502\/#primaryimage","url":"https:\/\/www.credimex.ch\/wp-content\/uploads\/2022\/09\/Generic_Generic_Cartrdige_1.jpeg","contentUrl":"https:\/\/www.credimex.ch\/wp-content\/uploads\/2022\/09\/Generic_Generic_Cartrdige_1.jpeg","width":400,"height":400},{"@type":"BreadcrumbList","@id":"https:\/\/www.credimex.ch\/de\/produkt\/as1502\/#breadcrumb","itemListElement":[{"@type":"ListItem","position":1,"name":"Home","item":"https:\/\/www.credimex.ch\/de\/"},{"@type":"ListItem","position":2,"name":"Produkte","item":"https:\/\/www.credimex.ch\/de\/produkte\/"},{"@type":"ListItem","position":3,"name":"CHT AS1502"}]},{"@type":"WebSite","@id":"https:\/\/www.credimex.ch\/de\/#website","url":"https:\/\/www.credimex.ch\/de\/","name":"CREDIMEX","description":"Partner of Swiss Industrial Market","publisher":{"@id":"https:\/\/www.credimex.ch\/de\/#organization"},"potentialAction":[{"@type":"SearchAction","target":{"@type":"EntryPoint","urlTemplate":"https:\/\/www.credimex.ch\/de\/?s={search_term_string}"},"query-input":{"@type":"PropertyValueSpecification","valueRequired":true,"valueName":"search_term_string"}}],"inLanguage":"de"},{"@type":"Organization","@id":"https:\/\/www.credimex.ch\/de\/#organization","name":"credimex","url":"https:\/\/www.credimex.ch\/de\/","logo":{"@type":"ImageObject","inLanguage":"de","@id":"https:\/\/www.credimex.ch\/de\/#\/schema\/logo\/image\/","url":"https:\/\/www.credimex.ch\/wp-content\/uploads\/2022\/03\/cropped-logo-credimex.png","contentUrl":"https:\/\/www.credimex.ch\/wp-content\/uploads\/2022\/03\/cropped-logo-credimex.png","width":512,"height":512,"caption":"credimex"},"image":{"@id":"https:\/\/www.credimex.ch\/de\/#\/schema\/logo\/image\/"},"sameAs":["https:\/\/www.facebook.com\/credimex.alpnach\/","https:\/\/www.linkedin.com\/company\/credimex\/","https:\/\/www.youtube.com\/@CREDIMEX?sub_confirmation=1"]}]}},"_links":{"self":[{"href":"https:\/\/www.credimex.ch\/de\/wp-json\/wp\/v2\/product\/3951","targetHints":{"allow":["GET"]}}],"collection":[{"href":"https:\/\/www.credimex.ch\/de\/wp-json\/wp\/v2\/product"}],"about":[{"href":"https:\/\/www.credimex.ch\/de\/wp-json\/wp\/v2\/types\/product"}],"replies":[{"embeddable":true,"href":"https:\/\/www.credimex.ch\/de\/wp-json\/wp\/v2\/comments?post=3951"}],"wp:featuredmedia":[{"embeddable":true,"href":"https:\/\/www.credimex.ch\/de\/wp-json\/wp\/v2\/media\/3603"}],"wp:attachment":[{"href":"https:\/\/www.credimex.ch\/de\/wp-json\/wp\/v2\/media?parent=3951"}],"wp:term":[{"taxonomy":"product_brand","embeddable":true,"href":"https:\/\/www.credimex.ch\/de\/wp-json\/wp\/v2\/product_brand?post=3951"},{"taxonomy":"product_cat","embeddable":true,"href":"https:\/\/www.credimex.ch\/de\/wp-json\/wp\/v2\/product_cat?post=3951"},{"taxonomy":"product_tag","embeddable":true,"href":"https:\/\/www.credimex.ch\/de\/wp-json\/wp\/v2\/product_tag?post=3951"}],"curies":[{"name":"wp","href":"https:\/\/api.w.org\/{rel}","templated":true}]}}