{"id":3961,"date":"2022-09-02T12:02:50","date_gmt":"2022-09-02T10:02:50","guid":{"rendered":"https:\/\/www.credimex.ch.mialias.net\/product\/acc15-konforme-silikonbeschichtung\/"},"modified":"2023-02-22T09:12:35","modified_gmt":"2023-02-22T08:12:35","slug":"acc15-silikon-konforme-beschichtung","status":"publish","type":"product","link":"https:\/\/www.credimex.ch\/de\/produkt\/acc15-silikon-konforme-beschichtung\/","title":{"rendered":"ACC15 Konforme Silikonbeschichtung"},"content":{"rendered":"<p>ACC15 ist eine niedrigviskose, kondensationsvernetzende 1-Komponenten-Silikonbeschichtung. Das ungeh\u00e4rtete Produkt kann durch Giessen oder Streichen aufgetragen werden und h\u00e4rtet schnell zu einem z\u00e4hen, transparenten Gummi aus. Es kann zur Beschichtung von Leiterplatten verwendet werden, um das Eindringen von Wasser und Umweltverschmutzungen zu verhindern.<\/p>\n<p>&nbsp;<\/p>\n<h2>Wesentliche Merkmale<\/h2>\n<ul>\n<li>UL-gelistet unter der Nummer E493561<\/li>\n<li>Aush\u00e4rtung bei Raumtemperatur oder leichte W\u00e4rmebeschleunigung bei 60\u00baC<\/li>\n<li>Niedrige Viskosit\u00e4t<\/li>\n<li>100% Feststoffe<\/li>\n<li>Fluoreszierendes UV-Hilfsmittel f\u00fcr QS-Kontrollen in der Produktion<\/li>\n<li>Hervorragende Haftung auf vielen Substraten<\/li>\n<li>Geruchsarm<\/li>\n<li>RoHS-konform<\/li>\n<\/ul>\n<p>&nbsp;<\/p>\n<h2>ANWENDUNG<\/h2>\n<p>Das lose Produkt kann auf den Kreislauf gegossen oder gestrichen werden. Durch Giessen oder Streichen wird eine Schichtdicke von 100 bis 1000 Mikron erreicht. Das Produkt enth\u00e4lt eine UV-Spur, die eine \u00dcberpr\u00fcfung der Platte nach der Beschichtung erm\u00f6glicht, um eine vollst\u00e4ndige und gleichm\u00e4ssige Abdeckung zu gew\u00e4hrleisten. Die Platten sollten vor der Beschichtung gr\u00fcndlich gereinigt werden, damit eine optimale Haftung und Leistung gew\u00e4hrleistet wird. Die Beschichtung \u00fcber nicht saubere Flussmittel ist m\u00f6glich, solange keine anderen Oberfl\u00e4chenverunreinigungen vorhanden sind.<\/p>\n<h2>REINIGUNG<\/h2>\n<p>Die Platten sollten vor der Beschichtung gr\u00fcndlich gereinigt werden. Dies ist erforderlich um sicherzustellen, dass eine zufriedenstellende Haftung auf dem Untergrund m\u00f6glich ist. Einige Flussmittelr\u00fcckst\u00e4nde m\u00fcssen entfernt werden, da sie korrosiv werden wenn sie auf der Leiterplatte verbleiben. ACC stellt eine Reihe von 100% ozonfreundlichen Reinigungsprodukten her &#8211; sowohl auf L\u00f6sungsmittel- als auch auf Wasserbasis. Alle sind nach milit\u00e4rischen Standards gereinigt (f\u00fcr weitere Informationen wenden Sie sich bitte an ACC).<\/p>\n<p>&nbsp;<\/p>\n<h2>DIP-BESCHICHTUNG<\/h2>\n<p>Dies wird nicht f\u00fcr die Grossproduktion empfohlen, kleine B\u00e4der von &lt; 5 Litern sind geeignet. Das ACC15 darf hingegen w\u00e4hrend einer Beschichtungskampagne nicht f\u00fcr l\u00e4nger als 10 Minuten der Atmosph\u00e4re ausgesetzt werden und muss in den Originalbeh\u00e4lter zur\u00fcckgebracht und versiegelt werden. Bitte beachten Sie, dass die kontinuierliche Verwendung von ACC15 nach dieser Methode die Lebensdauer des Produkts verk\u00fcrzt und zu einer schlechten Beschichtungsqualit\u00e4t f\u00fchren kann.<\/p>\n<h2><\/h2>\n<h2>BRUSHING<\/h2>\n<p>Stellen Sie sicher, dass die Beschichtung gr\u00fcndlich gesch\u00fcttelt wurde. Die Beschichtung sollte bei Raumtemperatur (\u00fcber 16\u00b0C) mit einem hochwertigen Pinsel aufgetragen werden, um eine gute Beschichtung zu erzielen und die Verdrahtung nicht zu st\u00f6ren. Die Platte sollte bei 16 bis 60\u00b0C und einer relativen Luftfeuchtigkeit von &gt;40% aush\u00e4rten.<\/p>\n<p>&nbsp;<\/p>\n<h2>SPRAYING<\/h2>\n<p>Zu den Ausgabeplattformen geh\u00f6ren:<br \/>\nNordson SL940<br \/>\nApplikator SC300 Monofilament-Spray, 0,71 mm niedriger Hohlraum.<br \/>\n50 bis 90 mm\/Sekunde und 40 psi Druck.<br \/>\nOhne Verd\u00fcnnung kann eine Schichtdicke von 400 &#8211; 500 Mikrometern erreicht werden, die bei 25\u00b0C in 12 Minuten ber\u00fchrungstrocken ist.<br \/>\nund 55% Luftfeuchtigkeit.<br \/>\nMit dem Applikator SC300 Swirlcoat, 0,61 mm niedriger Hohlraum.<br \/>\n80 &#8211; 120 mm\/Sekunde und 25 psi.<br \/>\nBei dem empfohlenen maximalen Verd\u00fcnnungsverh\u00e4ltnis von:<br \/>\n50 Teile ACC15<br \/>\n50 Teile ACC34 oder ACC34UV<br \/>\nkann eine Schichtdicke von 150 &#8211; 200 Mikron erreicht werden, die bei 25\u00b0C und 55% Luftfeuchtigkeit in 16 Minuten ber\u00fchrungstrocken ist.<br \/>\nPVA Delta 6:<br \/>\nApplikator FCS300 ES<br \/>\nOhne Verd\u00fcnnung kann eine Schichtdicke von 400 &#8211; 500 Mikrometern erreicht werden, die bei 25\u00b0C und 55% Luftfeuchtigkeit in 12 Minuten ber\u00fchrungstrocken ist.<br \/>\nBei dem empfohlenen maximalen Verd\u00fcnnungsverh\u00e4ltnis von:<br \/>\n50 Teile ACC15<br \/>\n50 Teile ACC34 oder ACC34UV<br \/>\nkann eine Schichtdicke von 150 &#8211; 200 Mikron erreicht werden, die bei 25\u00b0C und 55% Luftfeuchtigkeit in 16 Minuten ber\u00fchrungstrocken ist.<\/p>\n<p>&nbsp;<\/p>\n<h2>AUSH\u00c4RTUNGSZEITEN \/ -BEDINGUNGEN<\/h2>\n<p>Beim Streichen und manuellen Spr\u00fchen ist der Film nach 12 Minuten bei 23\u00b0C \/ 60% Luftfeuchtigkeit ber\u00fchrungstrocken). Die vollen Eigenschaften der Beschichtung werden nach 24 Stunden bei Raumtemperatur erreicht &#8211; die Aush\u00e4rtung kann durch die Verwendung eines Ofens bei 60\u00b0C beschleunigt werden<\/p>\n<p>&nbsp;<\/p>\n<h2>DOPPELBESCHICHTUNG<\/h2>\n<p>Obwohl dies normalerweise nicht erforderlich sein sollte, kann eine zweite Beschichtung nachdem die erste Beschichtung ausgeh\u00e4rtet ist aufgetragen werden, um sicherzustellen dass die beiden Beschichtungen zusammenhalten.<\/p>\n<p>&nbsp;<\/p>\n<h2>LAGERUNG\/HALTBARKEIT<\/h2>\n<p>Bei Lagerung in verschlossenen Originalbeh\u00e4ltern bei 5 bis 32\u00b0C betr\u00e4gt die voraussichtliche Haltbarkeitsdauer 12<\/p>\n<p>&nbsp;<\/p>\n<h2>GESUNDHEIT UND SICHERHEIT<\/h2>\n<p>Sicherheitsdatenbl\u00e4tter sind unter www.acc-silicones.com oder auf Anfrage beim Verkaufsb\u00fcro von ACC Silicones erh\u00e4ltlich.<\/p>\n<p>&nbsp;<\/p>\n<h2>VERPACKUNG<\/h2>\n<p>ACC15 ist in Einwegverpackungen von 1, 5, 18 und 20 kg erh\u00e4ltlich.<\/p>\n","protected":false},"excerpt":{"rendered":"<p>ACC15 ist eine niedrigviskose, kondensationsvernetzende 1-Komponenten-Silikonbeschichtung. Das ungeh\u00e4rtete Produkt kann durch Giessen oder Streichen aufgetragen werden und h\u00e4rtet schnell zu einem z\u00e4hen, transparenten Gummi aus. Es kann zur Beschichtung von Leiterplatten verwendet werden, um das Eindringen von Wasser und Umweltverschmutzungen zu verhindern.<\/p>\n","protected":false},"featured_media":3593,"comment_status":"open","ping_status":"closed","template":"","meta":{"_acf_changed":false},"product_brand":[],"product_cat":[369,351,419,529,380,379,417,390,436,435],"product_tag":[],"class_list":{"0":"post-3961","1":"product","2":"type-product","3":"status-publish","4":"has-post-thumbnail","6":"product_cat-allgemeine-industrie","7":"product_cat-automobilindustrie","8":"product_cat-batterien","9":"product_cat-cht","10":"product_cat-e-mobilitat","11":"product_cat-eisenbahn","12":"product_cat-elektronik","13":"product_cat-energie","14":"product_cat-silikon-verguss","15":"product_cat-vergussmassen","16":"pa_brands-cht-de","18":"first","19":"instock","20":"shipping-taxable","21":"product-type-simple"},"acf":[],"_yoast_wpseo_focuskw":"ACC15 Konforme Silikonbeschichtung","_yoast_wpseo_metadesc":"ACC15 ist eine niedrigviskose, kondensationsvernetzende 1-Komponenten-Silikonbeschichtung. Das unausgeh\u00e4rtete Produkt kann durch Giessen oder Streichen aufgetragen werden...","yoast_head":"<!-- This site is optimized with the Yoast SEO Premium plugin v21.6 (Yoast SEO v27.4) - https:\/\/yoast.com\/product\/yoast-seo-premium-wordpress\/ -->\n<title>ACC15 Konforme Silikonbeschichtung - CREDIMEX<\/title>\n<meta name=\"description\" content=\"ACC15 ist eine niedrigviskose, kondensationsvernetzende 1-Komponenten-Silikonbeschichtung. Das unausgeh\u00e4rtete Produkt kann durch Giessen oder Streichen aufgetragen werden...\" \/>\n<meta name=\"robots\" content=\"index, follow, max-snippet:-1, max-image-preview:large, max-video-preview:-1\" \/>\n<link rel=\"canonical\" href=\"https:\/\/www.credimex.ch\/de\/produkt\/acc15-silikon-konforme-beschichtung\/\" \/>\n<meta property=\"og:locale\" content=\"de_DE\" \/>\n<meta property=\"og:type\" content=\"article\" \/>\n<meta property=\"og:title\" content=\"ACC15 Konforme Silikonbeschichtung\" \/>\n<meta property=\"og:description\" content=\"ACC15 ist eine niedrigviskose, kondensationsvernetzende 1-Komponenten-Silikonbeschichtung. Das unausgeh\u00e4rtete Produkt kann durch Giessen oder Streichen aufgetragen werden...\" \/>\n<meta property=\"og:url\" content=\"https:\/\/www.credimex.ch\/de\/produkt\/acc15-silikon-konforme-beschichtung\/\" \/>\n<meta property=\"og:site_name\" content=\"CREDIMEX\" \/>\n<meta property=\"article:publisher\" content=\"https:\/\/www.facebook.com\/credimex.alpnach\/\" \/>\n<meta property=\"article:modified_time\" content=\"2023-02-22T08:12:35+00:00\" \/>\n<meta property=\"og:image\" content=\"https:\/\/www.credimex.ch\/wp-content\/uploads\/2022\/09\/CHT_Generic_1kg.png\" \/>\n\t<meta property=\"og:image:width\" content=\"400\" \/>\n\t<meta property=\"og:image:height\" content=\"400\" \/>\n\t<meta property=\"og:image:type\" content=\"image\/png\" \/>\n<meta name=\"twitter:card\" content=\"summary_large_image\" \/>\n<meta name=\"twitter:label1\" content=\"Gesch\u00e4tzte Lesezeit\" \/>\n\t<meta name=\"twitter:data1\" content=\"3\u00a0Minuten\" \/>\n<script type=\"application\/ld+json\" class=\"yoast-schema-graph\">{\"@context\":\"https:\\\/\\\/schema.org\",\"@graph\":[{\"@type\":\"WebPage\",\"@id\":\"https:\\\/\\\/www.credimex.ch\\\/de\\\/produkt\\\/acc15-silikon-konforme-beschichtung\\\/\",\"url\":\"https:\\\/\\\/www.credimex.ch\\\/de\\\/produkt\\\/acc15-silikon-konforme-beschichtung\\\/\",\"name\":\"ACC15 Konforme Silikonbeschichtung - CREDIMEX\",\"isPartOf\":{\"@id\":\"https:\\\/\\\/www.credimex.ch\\\/de\\\/#website\"},\"primaryImageOfPage\":{\"@id\":\"https:\\\/\\\/www.credimex.ch\\\/de\\\/produkt\\\/acc15-silikon-konforme-beschichtung\\\/#primaryimage\"},\"image\":{\"@id\":\"https:\\\/\\\/www.credimex.ch\\\/de\\\/produkt\\\/acc15-silikon-konforme-beschichtung\\\/#primaryimage\"},\"thumbnailUrl\":\"https:\\\/\\\/www.credimex.ch\\\/wp-content\\\/uploads\\\/2022\\\/09\\\/CHT_Generic_1kg.png\",\"datePublished\":\"2022-09-02T10:02:50+00:00\",\"dateModified\":\"2023-02-22T08:12:35+00:00\",\"description\":\"ACC15 ist eine niedrigviskose, kondensationsvernetzende 1-Komponenten-Silikonbeschichtung. Das unausgeh\u00e4rtete Produkt kann durch Giessen oder Streichen aufgetragen werden...\",\"breadcrumb\":{\"@id\":\"https:\\\/\\\/www.credimex.ch\\\/de\\\/produkt\\\/acc15-silikon-konforme-beschichtung\\\/#breadcrumb\"},\"inLanguage\":\"de\",\"potentialAction\":[{\"@type\":\"ReadAction\",\"target\":[\"https:\\\/\\\/www.credimex.ch\\\/de\\\/produkt\\\/acc15-silikon-konforme-beschichtung\\\/\"]}]},{\"@type\":\"ImageObject\",\"inLanguage\":\"de\",\"@id\":\"https:\\\/\\\/www.credimex.ch\\\/de\\\/produkt\\\/acc15-silikon-konforme-beschichtung\\\/#primaryimage\",\"url\":\"https:\\\/\\\/www.credimex.ch\\\/wp-content\\\/uploads\\\/2022\\\/09\\\/CHT_Generic_1kg.png\",\"contentUrl\":\"https:\\\/\\\/www.credimex.ch\\\/wp-content\\\/uploads\\\/2022\\\/09\\\/CHT_Generic_1kg.png\",\"width\":400,\"height\":400},{\"@type\":\"BreadcrumbList\",\"@id\":\"https:\\\/\\\/www.credimex.ch\\\/de\\\/produkt\\\/acc15-silikon-konforme-beschichtung\\\/#breadcrumb\",\"itemListElement\":[{\"@type\":\"ListItem\",\"position\":1,\"name\":\"Home\",\"item\":\"https:\\\/\\\/www.credimex.ch\\\/de\\\/\"},{\"@type\":\"ListItem\",\"position\":2,\"name\":\"Produkte\",\"item\":\"https:\\\/\\\/www.credimex.ch\\\/de\\\/produkte\\\/\"},{\"@type\":\"ListItem\",\"position\":3,\"name\":\"ACC15 Konforme Silikonbeschichtung\"}]},{\"@type\":\"WebSite\",\"@id\":\"https:\\\/\\\/www.credimex.ch\\\/de\\\/#website\",\"url\":\"https:\\\/\\\/www.credimex.ch\\\/de\\\/\",\"name\":\"CREDIMEX\",\"description\":\"Partner of Swiss Industrial Market\",\"publisher\":{\"@id\":\"https:\\\/\\\/www.credimex.ch\\\/de\\\/#organization\"},\"potentialAction\":[{\"@type\":\"SearchAction\",\"target\":{\"@type\":\"EntryPoint\",\"urlTemplate\":\"https:\\\/\\\/www.credimex.ch\\\/de\\\/?s={search_term_string}\"},\"query-input\":{\"@type\":\"PropertyValueSpecification\",\"valueRequired\":true,\"valueName\":\"search_term_string\"}}],\"inLanguage\":\"de\"},{\"@type\":\"Organization\",\"@id\":\"https:\\\/\\\/www.credimex.ch\\\/de\\\/#organization\",\"name\":\"credimex\",\"url\":\"https:\\\/\\\/www.credimex.ch\\\/de\\\/\",\"logo\":{\"@type\":\"ImageObject\",\"inLanguage\":\"de\",\"@id\":\"https:\\\/\\\/www.credimex.ch\\\/de\\\/#\\\/schema\\\/logo\\\/image\\\/\",\"url\":\"https:\\\/\\\/www.credimex.ch\\\/wp-content\\\/uploads\\\/2022\\\/03\\\/cropped-logo-credimex.png\",\"contentUrl\":\"https:\\\/\\\/www.credimex.ch\\\/wp-content\\\/uploads\\\/2022\\\/03\\\/cropped-logo-credimex.png\",\"width\":512,\"height\":512,\"caption\":\"credimex\"},\"image\":{\"@id\":\"https:\\\/\\\/www.credimex.ch\\\/de\\\/#\\\/schema\\\/logo\\\/image\\\/\"},\"sameAs\":[\"https:\\\/\\\/www.facebook.com\\\/credimex.alpnach\\\/\",\"https:\\\/\\\/www.linkedin.com\\\/company\\\/credimex\\\/\",\"https:\\\/\\\/www.youtube.com\\\/@CREDIMEX?sub_confirmation=1\"]}]}<\/script>\n<!-- \/ Yoast SEO Premium plugin. -->","yoast_head_json":{"title":"ACC15 Konforme Silikonbeschichtung - CREDIMEX","description":"ACC15 ist eine niedrigviskose, kondensationsvernetzende 1-Komponenten-Silikonbeschichtung. Das unausgeh\u00e4rtete Produkt kann durch Giessen oder Streichen aufgetragen werden...","robots":{"index":"index","follow":"follow","max-snippet":"max-snippet:-1","max-image-preview":"max-image-preview:large","max-video-preview":"max-video-preview:-1"},"canonical":"https:\/\/www.credimex.ch\/de\/produkt\/acc15-silikon-konforme-beschichtung\/","og_locale":"de_DE","og_type":"article","og_title":"ACC15 Konforme Silikonbeschichtung","og_description":"ACC15 ist eine niedrigviskose, kondensationsvernetzende 1-Komponenten-Silikonbeschichtung. Das unausgeh\u00e4rtete Produkt kann durch Giessen oder Streichen aufgetragen werden...","og_url":"https:\/\/www.credimex.ch\/de\/produkt\/acc15-silikon-konforme-beschichtung\/","og_site_name":"CREDIMEX","article_publisher":"https:\/\/www.facebook.com\/credimex.alpnach\/","article_modified_time":"2023-02-22T08:12:35+00:00","og_image":[{"width":400,"height":400,"url":"https:\/\/www.credimex.ch\/wp-content\/uploads\/2022\/09\/CHT_Generic_1kg.png","type":"image\/png"}],"twitter_card":"summary_large_image","twitter_misc":{"Gesch\u00e4tzte Lesezeit":"3\u00a0Minuten"},"schema":{"@context":"https:\/\/schema.org","@graph":[{"@type":"WebPage","@id":"https:\/\/www.credimex.ch\/de\/produkt\/acc15-silikon-konforme-beschichtung\/","url":"https:\/\/www.credimex.ch\/de\/produkt\/acc15-silikon-konforme-beschichtung\/","name":"ACC15 Konforme Silikonbeschichtung - CREDIMEX","isPartOf":{"@id":"https:\/\/www.credimex.ch\/de\/#website"},"primaryImageOfPage":{"@id":"https:\/\/www.credimex.ch\/de\/produkt\/acc15-silikon-konforme-beschichtung\/#primaryimage"},"image":{"@id":"https:\/\/www.credimex.ch\/de\/produkt\/acc15-silikon-konforme-beschichtung\/#primaryimage"},"thumbnailUrl":"https:\/\/www.credimex.ch\/wp-content\/uploads\/2022\/09\/CHT_Generic_1kg.png","datePublished":"2022-09-02T10:02:50+00:00","dateModified":"2023-02-22T08:12:35+00:00","description":"ACC15 ist eine niedrigviskose, kondensationsvernetzende 1-Komponenten-Silikonbeschichtung. Das unausgeh\u00e4rtete Produkt kann durch Giessen oder Streichen aufgetragen werden...","breadcrumb":{"@id":"https:\/\/www.credimex.ch\/de\/produkt\/acc15-silikon-konforme-beschichtung\/#breadcrumb"},"inLanguage":"de","potentialAction":[{"@type":"ReadAction","target":["https:\/\/www.credimex.ch\/de\/produkt\/acc15-silikon-konforme-beschichtung\/"]}]},{"@type":"ImageObject","inLanguage":"de","@id":"https:\/\/www.credimex.ch\/de\/produkt\/acc15-silikon-konforme-beschichtung\/#primaryimage","url":"https:\/\/www.credimex.ch\/wp-content\/uploads\/2022\/09\/CHT_Generic_1kg.png","contentUrl":"https:\/\/www.credimex.ch\/wp-content\/uploads\/2022\/09\/CHT_Generic_1kg.png","width":400,"height":400},{"@type":"BreadcrumbList","@id":"https:\/\/www.credimex.ch\/de\/produkt\/acc15-silikon-konforme-beschichtung\/#breadcrumb","itemListElement":[{"@type":"ListItem","position":1,"name":"Home","item":"https:\/\/www.credimex.ch\/de\/"},{"@type":"ListItem","position":2,"name":"Produkte","item":"https:\/\/www.credimex.ch\/de\/produkte\/"},{"@type":"ListItem","position":3,"name":"ACC15 Konforme Silikonbeschichtung"}]},{"@type":"WebSite","@id":"https:\/\/www.credimex.ch\/de\/#website","url":"https:\/\/www.credimex.ch\/de\/","name":"CREDIMEX","description":"Partner of Swiss Industrial Market","publisher":{"@id":"https:\/\/www.credimex.ch\/de\/#organization"},"potentialAction":[{"@type":"SearchAction","target":{"@type":"EntryPoint","urlTemplate":"https:\/\/www.credimex.ch\/de\/?s={search_term_string}"},"query-input":{"@type":"PropertyValueSpecification","valueRequired":true,"valueName":"search_term_string"}}],"inLanguage":"de"},{"@type":"Organization","@id":"https:\/\/www.credimex.ch\/de\/#organization","name":"credimex","url":"https:\/\/www.credimex.ch\/de\/","logo":{"@type":"ImageObject","inLanguage":"de","@id":"https:\/\/www.credimex.ch\/de\/#\/schema\/logo\/image\/","url":"https:\/\/www.credimex.ch\/wp-content\/uploads\/2022\/03\/cropped-logo-credimex.png","contentUrl":"https:\/\/www.credimex.ch\/wp-content\/uploads\/2022\/03\/cropped-logo-credimex.png","width":512,"height":512,"caption":"credimex"},"image":{"@id":"https:\/\/www.credimex.ch\/de\/#\/schema\/logo\/image\/"},"sameAs":["https:\/\/www.facebook.com\/credimex.alpnach\/","https:\/\/www.linkedin.com\/company\/credimex\/","https:\/\/www.youtube.com\/@CREDIMEX?sub_confirmation=1"]}]}},"_links":{"self":[{"href":"https:\/\/www.credimex.ch\/de\/wp-json\/wp\/v2\/product\/3961","targetHints":{"allow":["GET"]}}],"collection":[{"href":"https:\/\/www.credimex.ch\/de\/wp-json\/wp\/v2\/product"}],"about":[{"href":"https:\/\/www.credimex.ch\/de\/wp-json\/wp\/v2\/types\/product"}],"replies":[{"embeddable":true,"href":"https:\/\/www.credimex.ch\/de\/wp-json\/wp\/v2\/comments?post=3961"}],"wp:featuredmedia":[{"embeddable":true,"href":"https:\/\/www.credimex.ch\/de\/wp-json\/wp\/v2\/media\/3593"}],"wp:attachment":[{"href":"https:\/\/www.credimex.ch\/de\/wp-json\/wp\/v2\/media?parent=3961"}],"wp:term":[{"taxonomy":"product_brand","embeddable":true,"href":"https:\/\/www.credimex.ch\/de\/wp-json\/wp\/v2\/product_brand?post=3961"},{"taxonomy":"product_cat","embeddable":true,"href":"https:\/\/www.credimex.ch\/de\/wp-json\/wp\/v2\/product_cat?post=3961"},{"taxonomy":"product_tag","embeddable":true,"href":"https:\/\/www.credimex.ch\/de\/wp-json\/wp\/v2\/product_tag?post=3961"}],"curies":[{"name":"wp","href":"https:\/\/api.w.org\/{rel}","templated":true}]}}