{"id":3967,"date":"2022-08-31T16:59:16","date_gmt":"2022-08-31T14:59:16","guid":{"rendered":"https:\/\/www.credimex.ch.mialias.net\/product\/molykote-g-4500-fm-mehrzweck-synthetikfette\/"},"modified":"2026-01-22T10:56:53","modified_gmt":"2026-01-22T09:56:53","slug":"molykote-g-4500-fms","status":"publish","type":"product","link":"https:\/\/www.credimex.ch\/de\/produkt\/molykote-g-4500-fms\/","title":{"rendered":"MOLYKOTE\u00ae G-4500 FMS"},"content":{"rendered":"<h2>Eigenschaften<\/h2>\n<ul>\n<li>Gro\u00dfer Betriebstemperaturbereich<\/li>\n<li>Kompatibel mit vielen Kunststoffen und Elastomeren<\/li>\n<li>Erf\u00fcllen die FDA-Verordnung 21 CFR 178.3570 und die USDA H1-Klassifizierungen f\u00fcr den zuf\u00e4lligen Kontakt mit Lebensmitteln<\/li>\n<li>Vollsynthetisches Basis\u00f6l<\/li>\n<li>Wei\u00dfe Farbe<\/li>\n<li>Erh\u00e4ltlich in den NLGI-Konsistenzklassen 1 und 2<\/li>\n<\/ul>\n<h2>Vorteile<\/h2>\n<ul>\n<li>Im Vergleich zu herk\u00f6mmlichen Schmierstoffen auf Erd\u00f6lbasis bietet es eine h\u00f6here Tragf\u00e4higkeit, eine gr\u00f6\u00dfere Verschlei\u00dffestigkeit und eine l\u00e4ngere Lebensdauer.<\/li>\n<li>Gute Kompatibilit\u00e4t mit den meisten industriellen und technischen Substraten, einschlie\u00dflich vieler Kunststoff- und Gummimaterialien<\/li>\n<li>Ausgezeichnetes Drehmoment bei niedrigen Temperaturen<\/li>\n<li>Da MOLYKOTE\u00ae G-4501 FM ein synthetisches Mehrzweckfett mit niedrigerer Konsistenz ist, kann es in automatischen Dosiersystemen verwendet werden.<\/li>\n<li>MOLYKOTE\u00ae G-4500 FMS ist als Spray erh\u00e4ltlich und kann \u00fcberall dort eingesetzt werden, wo ein Schmierfett in Sprayform gew\u00fcnscht wird<\/li>\n<\/ul>\n<h2>Zusammensetzung<\/h2>\n<ul>\n<li>PAO-Basis\u00f6l<\/li>\n<li>Aluminiumkomplex-Verdicker<\/li>\n<li>Verst\u00e4rkt mit Polytetrafluorethylen (PTFE)<\/li>\n<\/ul>\n<h2>Anwendungen<\/h2>\n<p>Weisse synthetische Allzweckfette mit leichter Konsistenz k\u00f6nnen in W\u00e4lz- und Gleitlagern, Drehzapfen und Nocken verwendet werden.<br \/>\nF\u00fcr F\u00fchrungen, Bahnen, Antriebsschrauben, Zahnr\u00e4der, Verzahnungen und andere Maschinenelemente.<\/p>\n","protected":false},"excerpt":{"rendered":"<p><strong>MOLYKOTE\u00ae G-4500 FMS<\/strong> ist ein Hochleistungsfett, das die Vorteile eines weiten Betriebstemperaturbereichs und einer breiten Kompatibilit\u00e4t mit verschiedenen Materialien vereint Es ist mit einem Aluminiumkomplex verdickt und enth\u00e4lt wei\u00dfe Festschmierstoffe. Es kann zur Schmierung von Lagern, Zahnr\u00e4dern, Ketten und Gleitmechanismen in Lebensmittelverarbeitungsmaschinen verwendet werden.<\/p>\n","protected":false},"featured_media":3761,"comment_status":"open","ping_status":"closed","template":"","meta":{"_acf_changed":false},"product_brand":[],"product_cat":[371,368],"product_tag":[],"class_list":{"0":"post-3967","1":"product","2":"type-product","3":"status-publish","4":"has-post-thumbnail","6":"product_cat-fette","7":"product_cat-molykote","8":"pa_brands-molykote-de","10":"first","11":"instock","12":"shipping-taxable","13":"product-type-simple"},"acf":[],"_yoast_wpseo_focuskw":"MOLYKOTE\u00ae G-4500 FMS","_yoast_wpseo_metadesc":"MOLYKOTE\u00ae G-4500 FMS ist ein Hochleistungsfett, das die Vorteile eines weiten Betriebstemperaturbereichs und einer breiten Kompatibilit\u00e4t mit verschiedenen Materialien vereint","yoast_head":"<!-- This site is optimized with the Yoast SEO Premium plugin v21.6 (Yoast SEO v27.4) - https:\/\/yoast.com\/product\/yoast-seo-premium-wordpress\/ -->\n<title>MOLYKOTE\u00ae G-4500 FMS - CREDIMEX<\/title>\n<meta name=\"description\" content=\"MOLYKOTE\u00ae G-4500 FMS ist ein Hochleistungsfett, das die Vorteile eines weiten Betriebstemperaturbereichs und einer breiten Kompatibilit\u00e4t mit verschiedenen Materialien vereint\" \/>\n<meta name=\"robots\" content=\"index, follow, max-snippet:-1, max-image-preview:large, max-video-preview:-1\" \/>\n<link rel=\"canonical\" href=\"https:\/\/www.credimex.ch\/de\/produkt\/molykote-g-4500-fms\/\" \/>\n<meta property=\"og:locale\" content=\"de_DE\" \/>\n<meta property=\"og:type\" content=\"article\" \/>\n<meta property=\"og:title\" content=\"MOLYKOTE\u00ae G-4500 FMS\" \/>\n<meta property=\"og:description\" content=\"MOLYKOTE\u00ae G-4500 FMS ist ein Hochleistungsfett, das die Vorteile eines weiten Betriebstemperaturbereichs und einer breiten Kompatibilit\u00e4t mit verschiedenen Materialien vereint\" \/>\n<meta property=\"og:url\" content=\"https:\/\/www.credimex.ch\/de\/produkt\/molykote-g-4500-fms\/\" \/>\n<meta property=\"og:site_name\" content=\"CREDIMEX\" \/>\n<meta property=\"article:publisher\" content=\"https:\/\/www.facebook.com\/credimex.alpnach\/\" \/>\n<meta property=\"article:modified_time\" content=\"2026-01-22T09:56:53+00:00\" \/>\n<meta property=\"og:image\" content=\"https:\/\/www.credimex.ch\/wp-content\/uploads\/2022\/09\/Molykote_Generic_1_Can.png\" \/>\n\t<meta property=\"og:image:width\" content=\"400\" \/>\n\t<meta property=\"og:image:height\" content=\"400\" \/>\n\t<meta property=\"og:image:type\" content=\"image\/png\" \/>\n<meta name=\"twitter:card\" content=\"summary_large_image\" \/>\n<meta name=\"twitter:label1\" content=\"Gesch\u00e4tzte Lesezeit\" \/>\n\t<meta name=\"twitter:data1\" content=\"1\u00a0Minute\" \/>\n<script type=\"application\/ld+json\" class=\"yoast-schema-graph\">{\"@context\":\"https:\\\/\\\/schema.org\",\"@graph\":[{\"@type\":\"WebPage\",\"@id\":\"https:\\\/\\\/www.credimex.ch\\\/de\\\/produkt\\\/molykote-g-4500-fms\\\/\",\"url\":\"https:\\\/\\\/www.credimex.ch\\\/de\\\/produkt\\\/molykote-g-4500-fms\\\/\",\"name\":\"MOLYKOTE\u00ae G-4500 FMS - CREDIMEX\",\"isPartOf\":{\"@id\":\"https:\\\/\\\/www.credimex.ch\\\/de\\\/#website\"},\"primaryImageOfPage\":{\"@id\":\"https:\\\/\\\/www.credimex.ch\\\/de\\\/produkt\\\/molykote-g-4500-fms\\\/#primaryimage\"},\"image\":{\"@id\":\"https:\\\/\\\/www.credimex.ch\\\/de\\\/produkt\\\/molykote-g-4500-fms\\\/#primaryimage\"},\"thumbnailUrl\":\"https:\\\/\\\/www.credimex.ch\\\/wp-content\\\/uploads\\\/2022\\\/09\\\/Molykote_Generic_1_Can.png\",\"datePublished\":\"2022-08-31T14:59:16+00:00\",\"dateModified\":\"2026-01-22T09:56:53+00:00\",\"description\":\"MOLYKOTE\u00ae G-4500 FMS ist ein Hochleistungsfett, das die Vorteile eines weiten Betriebstemperaturbereichs und einer breiten Kompatibilit\u00e4t mit verschiedenen Materialien vereint\",\"breadcrumb\":{\"@id\":\"https:\\\/\\\/www.credimex.ch\\\/de\\\/produkt\\\/molykote-g-4500-fms\\\/#breadcrumb\"},\"inLanguage\":\"de\",\"potentialAction\":[{\"@type\":\"ReadAction\",\"target\":[\"https:\\\/\\\/www.credimex.ch\\\/de\\\/produkt\\\/molykote-g-4500-fms\\\/\"]}]},{\"@type\":\"ImageObject\",\"inLanguage\":\"de\",\"@id\":\"https:\\\/\\\/www.credimex.ch\\\/de\\\/produkt\\\/molykote-g-4500-fms\\\/#primaryimage\",\"url\":\"https:\\\/\\\/www.credimex.ch\\\/wp-content\\\/uploads\\\/2022\\\/09\\\/Molykote_Generic_1_Can.png\",\"contentUrl\":\"https:\\\/\\\/www.credimex.ch\\\/wp-content\\\/uploads\\\/2022\\\/09\\\/Molykote_Generic_1_Can.png\",\"width\":400,\"height\":400},{\"@type\":\"BreadcrumbList\",\"@id\":\"https:\\\/\\\/www.credimex.ch\\\/de\\\/produkt\\\/molykote-g-4500-fms\\\/#breadcrumb\",\"itemListElement\":[{\"@type\":\"ListItem\",\"position\":1,\"name\":\"Home\",\"item\":\"https:\\\/\\\/www.credimex.ch\\\/de\\\/\"},{\"@type\":\"ListItem\",\"position\":2,\"name\":\"Produkte\",\"item\":\"https:\\\/\\\/www.credimex.ch\\\/de\\\/produkte\\\/\"},{\"@type\":\"ListItem\",\"position\":3,\"name\":\"MOLYKOTE\u00ae G-4500 FMS\"}]},{\"@type\":\"WebSite\",\"@id\":\"https:\\\/\\\/www.credimex.ch\\\/de\\\/#website\",\"url\":\"https:\\\/\\\/www.credimex.ch\\\/de\\\/\",\"name\":\"CREDIMEX\",\"description\":\"Partner of Swiss Industrial Market\",\"publisher\":{\"@id\":\"https:\\\/\\\/www.credimex.ch\\\/de\\\/#organization\"},\"potentialAction\":[{\"@type\":\"SearchAction\",\"target\":{\"@type\":\"EntryPoint\",\"urlTemplate\":\"https:\\\/\\\/www.credimex.ch\\\/de\\\/?s={search_term_string}\"},\"query-input\":{\"@type\":\"PropertyValueSpecification\",\"valueRequired\":true,\"valueName\":\"search_term_string\"}}],\"inLanguage\":\"de\"},{\"@type\":\"Organization\",\"@id\":\"https:\\\/\\\/www.credimex.ch\\\/de\\\/#organization\",\"name\":\"credimex\",\"url\":\"https:\\\/\\\/www.credimex.ch\\\/de\\\/\",\"logo\":{\"@type\":\"ImageObject\",\"inLanguage\":\"de\",\"@id\":\"https:\\\/\\\/www.credimex.ch\\\/de\\\/#\\\/schema\\\/logo\\\/image\\\/\",\"url\":\"https:\\\/\\\/www.credimex.ch\\\/wp-content\\\/uploads\\\/2022\\\/03\\\/cropped-logo-credimex.png\",\"contentUrl\":\"https:\\\/\\\/www.credimex.ch\\\/wp-content\\\/uploads\\\/2022\\\/03\\\/cropped-logo-credimex.png\",\"width\":512,\"height\":512,\"caption\":\"credimex\"},\"image\":{\"@id\":\"https:\\\/\\\/www.credimex.ch\\\/de\\\/#\\\/schema\\\/logo\\\/image\\\/\"},\"sameAs\":[\"https:\\\/\\\/www.facebook.com\\\/credimex.alpnach\\\/\",\"https:\\\/\\\/www.linkedin.com\\\/company\\\/credimex\\\/\",\"https:\\\/\\\/www.youtube.com\\\/@CREDIMEX?sub_confirmation=1\"]}]}<\/script>\n<!-- \/ Yoast SEO Premium plugin. -->","yoast_head_json":{"title":"MOLYKOTE\u00ae G-4500 FMS - CREDIMEX","description":"MOLYKOTE\u00ae G-4500 FMS ist ein Hochleistungsfett, das die Vorteile eines weiten Betriebstemperaturbereichs und einer breiten Kompatibilit\u00e4t mit verschiedenen Materialien vereint","robots":{"index":"index","follow":"follow","max-snippet":"max-snippet:-1","max-image-preview":"max-image-preview:large","max-video-preview":"max-video-preview:-1"},"canonical":"https:\/\/www.credimex.ch\/de\/produkt\/molykote-g-4500-fms\/","og_locale":"de_DE","og_type":"article","og_title":"MOLYKOTE\u00ae G-4500 FMS","og_description":"MOLYKOTE\u00ae G-4500 FMS ist ein Hochleistungsfett, das die Vorteile eines weiten Betriebstemperaturbereichs und einer breiten Kompatibilit\u00e4t mit verschiedenen Materialien vereint","og_url":"https:\/\/www.credimex.ch\/de\/produkt\/molykote-g-4500-fms\/","og_site_name":"CREDIMEX","article_publisher":"https:\/\/www.facebook.com\/credimex.alpnach\/","article_modified_time":"2026-01-22T09:56:53+00:00","og_image":[{"width":400,"height":400,"url":"https:\/\/www.credimex.ch\/wp-content\/uploads\/2022\/09\/Molykote_Generic_1_Can.png","type":"image\/png"}],"twitter_card":"summary_large_image","twitter_misc":{"Gesch\u00e4tzte Lesezeit":"1\u00a0Minute"},"schema":{"@context":"https:\/\/schema.org","@graph":[{"@type":"WebPage","@id":"https:\/\/www.credimex.ch\/de\/produkt\/molykote-g-4500-fms\/","url":"https:\/\/www.credimex.ch\/de\/produkt\/molykote-g-4500-fms\/","name":"MOLYKOTE\u00ae G-4500 FMS - CREDIMEX","isPartOf":{"@id":"https:\/\/www.credimex.ch\/de\/#website"},"primaryImageOfPage":{"@id":"https:\/\/www.credimex.ch\/de\/produkt\/molykote-g-4500-fms\/#primaryimage"},"image":{"@id":"https:\/\/www.credimex.ch\/de\/produkt\/molykote-g-4500-fms\/#primaryimage"},"thumbnailUrl":"https:\/\/www.credimex.ch\/wp-content\/uploads\/2022\/09\/Molykote_Generic_1_Can.png","datePublished":"2022-08-31T14:59:16+00:00","dateModified":"2026-01-22T09:56:53+00:00","description":"MOLYKOTE\u00ae G-4500 FMS ist ein Hochleistungsfett, das die Vorteile eines weiten Betriebstemperaturbereichs und einer breiten Kompatibilit\u00e4t mit verschiedenen Materialien vereint","breadcrumb":{"@id":"https:\/\/www.credimex.ch\/de\/produkt\/molykote-g-4500-fms\/#breadcrumb"},"inLanguage":"de","potentialAction":[{"@type":"ReadAction","target":["https:\/\/www.credimex.ch\/de\/produkt\/molykote-g-4500-fms\/"]}]},{"@type":"ImageObject","inLanguage":"de","@id":"https:\/\/www.credimex.ch\/de\/produkt\/molykote-g-4500-fms\/#primaryimage","url":"https:\/\/www.credimex.ch\/wp-content\/uploads\/2022\/09\/Molykote_Generic_1_Can.png","contentUrl":"https:\/\/www.credimex.ch\/wp-content\/uploads\/2022\/09\/Molykote_Generic_1_Can.png","width":400,"height":400},{"@type":"BreadcrumbList","@id":"https:\/\/www.credimex.ch\/de\/produkt\/molykote-g-4500-fms\/#breadcrumb","itemListElement":[{"@type":"ListItem","position":1,"name":"Home","item":"https:\/\/www.credimex.ch\/de\/"},{"@type":"ListItem","position":2,"name":"Produkte","item":"https:\/\/www.credimex.ch\/de\/produkte\/"},{"@type":"ListItem","position":3,"name":"MOLYKOTE\u00ae G-4500 FMS"}]},{"@type":"WebSite","@id":"https:\/\/www.credimex.ch\/de\/#website","url":"https:\/\/www.credimex.ch\/de\/","name":"CREDIMEX","description":"Partner of Swiss Industrial Market","publisher":{"@id":"https:\/\/www.credimex.ch\/de\/#organization"},"potentialAction":[{"@type":"SearchAction","target":{"@type":"EntryPoint","urlTemplate":"https:\/\/www.credimex.ch\/de\/?s={search_term_string}"},"query-input":{"@type":"PropertyValueSpecification","valueRequired":true,"valueName":"search_term_string"}}],"inLanguage":"de"},{"@type":"Organization","@id":"https:\/\/www.credimex.ch\/de\/#organization","name":"credimex","url":"https:\/\/www.credimex.ch\/de\/","logo":{"@type":"ImageObject","inLanguage":"de","@id":"https:\/\/www.credimex.ch\/de\/#\/schema\/logo\/image\/","url":"https:\/\/www.credimex.ch\/wp-content\/uploads\/2022\/03\/cropped-logo-credimex.png","contentUrl":"https:\/\/www.credimex.ch\/wp-content\/uploads\/2022\/03\/cropped-logo-credimex.png","width":512,"height":512,"caption":"credimex"},"image":{"@id":"https:\/\/www.credimex.ch\/de\/#\/schema\/logo\/image\/"},"sameAs":["https:\/\/www.facebook.com\/credimex.alpnach\/","https:\/\/www.linkedin.com\/company\/credimex\/","https:\/\/www.youtube.com\/@CREDIMEX?sub_confirmation=1"]}]}},"_links":{"self":[{"href":"https:\/\/www.credimex.ch\/de\/wp-json\/wp\/v2\/product\/3967","targetHints":{"allow":["GET"]}}],"collection":[{"href":"https:\/\/www.credimex.ch\/de\/wp-json\/wp\/v2\/product"}],"about":[{"href":"https:\/\/www.credimex.ch\/de\/wp-json\/wp\/v2\/types\/product"}],"replies":[{"embeddable":true,"href":"https:\/\/www.credimex.ch\/de\/wp-json\/wp\/v2\/comments?post=3967"}],"wp:featuredmedia":[{"embeddable":true,"href":"https:\/\/www.credimex.ch\/de\/wp-json\/wp\/v2\/media\/3761"}],"wp:attachment":[{"href":"https:\/\/www.credimex.ch\/de\/wp-json\/wp\/v2\/media?parent=3967"}],"wp:term":[{"taxonomy":"product_brand","embeddable":true,"href":"https:\/\/www.credimex.ch\/de\/wp-json\/wp\/v2\/product_brand?post=3967"},{"taxonomy":"product_cat","embeddable":true,"href":"https:\/\/www.credimex.ch\/de\/wp-json\/wp\/v2\/product_cat?post=3967"},{"taxonomy":"product_tag","embeddable":true,"href":"https:\/\/www.credimex.ch\/de\/wp-json\/wp\/v2\/product_tag?post=3967"}],"curies":[{"name":"wp","href":"https:\/\/api.w.org\/{rel}","templated":true}]}}