{"id":3973,"date":"2022-08-31T16:41:34","date_gmt":"2022-08-31T14:41:34","guid":{"rendered":"https:\/\/www.credimex.ch.mialias.net\/product\/molykote-1000-paste\/"},"modified":"2023-04-04T07:59:06","modified_gmt":"2023-04-04T05:59:06","slug":"molykote-1000-paste","status":"publish","type":"product","link":"https:\/\/www.credimex.ch\/de\/produkt\/molykote-1000-paste\/","title":{"rendered":"MOLYKOTE 1000 Paste"},"content":{"rendered":"<h2>Merkmale und Vorteile<\/h2>\n<ul>\n<li>Kann in einem breiten Temperaturbereich eingesetzt werden (-30\u00b0C bis +650\u00b0C)<\/li>\n<li>Hohe Tragf\u00e4higkeit<\/li>\n<li>Erm\u00f6glicht zerst\u00f6rungsfreie Demontage, auch nach langem Einsatz bei hohen Temperaturen<\/li>\n<li>Unver\u00e4nderter Reibungskoeffizient im Bereich der ge\u00f6lten Schrauben, auch nach mehrmaligem Nachziehen und L\u00f6sen der Schrauben<\/li>\n<li>Guter Korrosionsschutz<\/li>\n<\/ul>\n<h2>Zusammensetzung<\/h2>\n<ul>\n<li>Festschmierstoffe<\/li>\n<li>Mineral\u00f6l<\/li>\n<li>Verdickungsmittel<\/li>\n<\/ul>\n<h2>Anwendungen<\/h2>\n<ul>\n<li>Geeignet f\u00fcr Schraubverbindungen, die hohen Temperaturen bis zu 650\u00b0C und korrosiven Einfl\u00fcssen ausgesetzt sind &#8211; und die nach der Montage und Inbetriebnahme nachgezogen oder gel\u00f6st werden m\u00fcssen.<\/li>\n<li>Um konstante Vorspannkr\u00e4fte zu gew\u00e4hrleisten, sind gleichm\u00e4ssige und konstante Reibungskoeffizienten des Schmierstoffs<br \/>\nnotwendig.<\/li>\n<li>Erfolgreich eingesetzt f\u00fcr Zylinderkopfschrauben, D\u00fcsenkopfschrauben von Kunststoff-Spritzgiessmaschinen, Verschraubungen in der<br \/>\nchemischen Industrie, aber auch f\u00fcr die Spannringe von Zentrifugen.<\/li>\n<\/ul>\n","protected":false},"excerpt":{"rendered":"<p><strong>MOLYKOTE 1000 Paste<\/strong> ist eine blei- und nickelfreie Anti-Seize-Paste, die zur Reduzierung des Verschleisses und zur Optimierung der Reibung von Gewindeverbindungen oder anderen Metall-Metall-Verbindungen verwendet wird. Sie erm\u00f6glicht eine zerst\u00f6rungsfreie Demontage, selbst nach langer Einwirkung hoher Temperaturen.<\/p>\n","protected":false},"featured_media":3761,"comment_status":"open","ping_status":"closed","template":"","meta":{"_acf_changed":false},"product_brand":[],"product_cat":[353,368,534],"product_tag":[],"class_list":{"0":"post-3973","1":"product","2":"type-product","3":"status-publish","4":"has-post-thumbnail","6":"product_cat-industrie-schmierstoffe","7":"product_cat-molykote","8":"product_cat-pasten","9":"pa_brands-molykote-de","11":"first","12":"instock","13":"shipping-taxable","14":"product-type-simple"},"acf":[],"_yoast_wpseo_focuskw":"MOLYKOTE 1000 Paste","_yoast_wpseo_metadesc":"MOLYKOTE 1000 Paste ist eine blei- und nickelfreie Anti-Seize-Paste zur Reduzierung des Verschleisses und zur Optimierung der Reibung von Metall-Metall-Verbindungen.","yoast_head":"<!-- This site is optimized with the Yoast SEO Premium plugin v21.6 (Yoast SEO v27.4) - https:\/\/yoast.com\/product\/yoast-seo-premium-wordpress\/ -->\n<title>MOLYKOTE 1000 Paste - CREDIMEX<\/title>\n<meta name=\"description\" content=\"MOLYKOTE 1000 Paste ist eine blei- und nickelfreie Anti-Seize-Paste zur Reduzierung des Verschleisses und zur Optimierung der Reibung von Metall-Metall-Verbindungen.\" \/>\n<meta name=\"robots\" content=\"index, follow, max-snippet:-1, max-image-preview:large, max-video-preview:-1\" \/>\n<link rel=\"canonical\" href=\"https:\/\/www.credimex.ch\/de\/produkt\/molykote-1000-paste\/\" \/>\n<meta property=\"og:locale\" content=\"de_DE\" \/>\n<meta property=\"og:type\" content=\"article\" \/>\n<meta property=\"og:title\" content=\"MOLYKOTE 1000 Paste\" \/>\n<meta property=\"og:description\" content=\"MOLYKOTE 1000 Paste ist eine blei- und nickelfreie Anti-Seize-Paste zur Reduzierung des Verschleisses und zur Optimierung der Reibung von Metall-Metall-Verbindungen.\" \/>\n<meta property=\"og:url\" content=\"https:\/\/www.credimex.ch\/de\/produkt\/molykote-1000-paste\/\" \/>\n<meta property=\"og:site_name\" content=\"CREDIMEX\" \/>\n<meta property=\"article:publisher\" content=\"https:\/\/www.facebook.com\/credimex.alpnach\/\" \/>\n<meta property=\"article:modified_time\" content=\"2023-04-04T05:59:06+00:00\" \/>\n<meta property=\"og:image\" content=\"https:\/\/www.credimex.ch\/wp-content\/uploads\/2022\/09\/Molykote_Generic_1_Can.png\" \/>\n\t<meta property=\"og:image:width\" content=\"400\" \/>\n\t<meta property=\"og:image:height\" content=\"400\" \/>\n\t<meta property=\"og:image:type\" content=\"image\/png\" \/>\n<meta name=\"twitter:card\" content=\"summary_large_image\" \/>\n<meta name=\"twitter:label1\" content=\"Gesch\u00e4tzte Lesezeit\" \/>\n\t<meta name=\"twitter:data1\" content=\"1\u00a0Minute\" \/>\n<script type=\"application\/ld+json\" class=\"yoast-schema-graph\">{\"@context\":\"https:\\\/\\\/schema.org\",\"@graph\":[{\"@type\":\"WebPage\",\"@id\":\"https:\\\/\\\/www.credimex.ch\\\/de\\\/produkt\\\/molykote-1000-paste\\\/\",\"url\":\"https:\\\/\\\/www.credimex.ch\\\/de\\\/produkt\\\/molykote-1000-paste\\\/\",\"name\":\"MOLYKOTE 1000 Paste - CREDIMEX\",\"isPartOf\":{\"@id\":\"https:\\\/\\\/www.credimex.ch\\\/de\\\/#website\"},\"primaryImageOfPage\":{\"@id\":\"https:\\\/\\\/www.credimex.ch\\\/de\\\/produkt\\\/molykote-1000-paste\\\/#primaryimage\"},\"image\":{\"@id\":\"https:\\\/\\\/www.credimex.ch\\\/de\\\/produkt\\\/molykote-1000-paste\\\/#primaryimage\"},\"thumbnailUrl\":\"https:\\\/\\\/www.credimex.ch\\\/wp-content\\\/uploads\\\/2022\\\/09\\\/Molykote_Generic_1_Can.png\",\"datePublished\":\"2022-08-31T14:41:34+00:00\",\"dateModified\":\"2023-04-04T05:59:06+00:00\",\"description\":\"MOLYKOTE 1000 Paste ist eine blei- und nickelfreie Anti-Seize-Paste zur Reduzierung des Verschleisses und zur Optimierung der Reibung von Metall-Metall-Verbindungen.\",\"breadcrumb\":{\"@id\":\"https:\\\/\\\/www.credimex.ch\\\/de\\\/produkt\\\/molykote-1000-paste\\\/#breadcrumb\"},\"inLanguage\":\"de\",\"potentialAction\":[{\"@type\":\"ReadAction\",\"target\":[\"https:\\\/\\\/www.credimex.ch\\\/de\\\/produkt\\\/molykote-1000-paste\\\/\"]}]},{\"@type\":\"ImageObject\",\"inLanguage\":\"de\",\"@id\":\"https:\\\/\\\/www.credimex.ch\\\/de\\\/produkt\\\/molykote-1000-paste\\\/#primaryimage\",\"url\":\"https:\\\/\\\/www.credimex.ch\\\/wp-content\\\/uploads\\\/2022\\\/09\\\/Molykote_Generic_1_Can.png\",\"contentUrl\":\"https:\\\/\\\/www.credimex.ch\\\/wp-content\\\/uploads\\\/2022\\\/09\\\/Molykote_Generic_1_Can.png\",\"width\":400,\"height\":400},{\"@type\":\"BreadcrumbList\",\"@id\":\"https:\\\/\\\/www.credimex.ch\\\/de\\\/produkt\\\/molykote-1000-paste\\\/#breadcrumb\",\"itemListElement\":[{\"@type\":\"ListItem\",\"position\":1,\"name\":\"Home\",\"item\":\"https:\\\/\\\/www.credimex.ch\\\/de\\\/\"},{\"@type\":\"ListItem\",\"position\":2,\"name\":\"Produkte\",\"item\":\"https:\\\/\\\/www.credimex.ch\\\/de\\\/produkte\\\/\"},{\"@type\":\"ListItem\",\"position\":3,\"name\":\"MOLYKOTE 1000 Paste\"}]},{\"@type\":\"WebSite\",\"@id\":\"https:\\\/\\\/www.credimex.ch\\\/de\\\/#website\",\"url\":\"https:\\\/\\\/www.credimex.ch\\\/de\\\/\",\"name\":\"CREDIMEX\",\"description\":\"Partner of Swiss Industrial Market\",\"publisher\":{\"@id\":\"https:\\\/\\\/www.credimex.ch\\\/de\\\/#organization\"},\"potentialAction\":[{\"@type\":\"SearchAction\",\"target\":{\"@type\":\"EntryPoint\",\"urlTemplate\":\"https:\\\/\\\/www.credimex.ch\\\/de\\\/?s={search_term_string}\"},\"query-input\":{\"@type\":\"PropertyValueSpecification\",\"valueRequired\":true,\"valueName\":\"search_term_string\"}}],\"inLanguage\":\"de\"},{\"@type\":\"Organization\",\"@id\":\"https:\\\/\\\/www.credimex.ch\\\/de\\\/#organization\",\"name\":\"credimex\",\"url\":\"https:\\\/\\\/www.credimex.ch\\\/de\\\/\",\"logo\":{\"@type\":\"ImageObject\",\"inLanguage\":\"de\",\"@id\":\"https:\\\/\\\/www.credimex.ch\\\/de\\\/#\\\/schema\\\/logo\\\/image\\\/\",\"url\":\"https:\\\/\\\/www.credimex.ch\\\/wp-content\\\/uploads\\\/2022\\\/03\\\/cropped-logo-credimex.png\",\"contentUrl\":\"https:\\\/\\\/www.credimex.ch\\\/wp-content\\\/uploads\\\/2022\\\/03\\\/cropped-logo-credimex.png\",\"width\":512,\"height\":512,\"caption\":\"credimex\"},\"image\":{\"@id\":\"https:\\\/\\\/www.credimex.ch\\\/de\\\/#\\\/schema\\\/logo\\\/image\\\/\"},\"sameAs\":[\"https:\\\/\\\/www.facebook.com\\\/credimex.alpnach\\\/\",\"https:\\\/\\\/www.linkedin.com\\\/company\\\/credimex\\\/\",\"https:\\\/\\\/www.youtube.com\\\/@CREDIMEX?sub_confirmation=1\"]}]}<\/script>\n<!-- \/ Yoast SEO Premium plugin. -->","yoast_head_json":{"title":"MOLYKOTE 1000 Paste - CREDIMEX","description":"MOLYKOTE 1000 Paste ist eine blei- und nickelfreie Anti-Seize-Paste zur Reduzierung des Verschleisses und zur Optimierung der Reibung von Metall-Metall-Verbindungen.","robots":{"index":"index","follow":"follow","max-snippet":"max-snippet:-1","max-image-preview":"max-image-preview:large","max-video-preview":"max-video-preview:-1"},"canonical":"https:\/\/www.credimex.ch\/de\/produkt\/molykote-1000-paste\/","og_locale":"de_DE","og_type":"article","og_title":"MOLYKOTE 1000 Paste","og_description":"MOLYKOTE 1000 Paste ist eine blei- und nickelfreie Anti-Seize-Paste zur Reduzierung des Verschleisses und zur Optimierung der Reibung von Metall-Metall-Verbindungen.","og_url":"https:\/\/www.credimex.ch\/de\/produkt\/molykote-1000-paste\/","og_site_name":"CREDIMEX","article_publisher":"https:\/\/www.facebook.com\/credimex.alpnach\/","article_modified_time":"2023-04-04T05:59:06+00:00","og_image":[{"width":400,"height":400,"url":"https:\/\/www.credimex.ch\/wp-content\/uploads\/2022\/09\/Molykote_Generic_1_Can.png","type":"image\/png"}],"twitter_card":"summary_large_image","twitter_misc":{"Gesch\u00e4tzte Lesezeit":"1\u00a0Minute"},"schema":{"@context":"https:\/\/schema.org","@graph":[{"@type":"WebPage","@id":"https:\/\/www.credimex.ch\/de\/produkt\/molykote-1000-paste\/","url":"https:\/\/www.credimex.ch\/de\/produkt\/molykote-1000-paste\/","name":"MOLYKOTE 1000 Paste - CREDIMEX","isPartOf":{"@id":"https:\/\/www.credimex.ch\/de\/#website"},"primaryImageOfPage":{"@id":"https:\/\/www.credimex.ch\/de\/produkt\/molykote-1000-paste\/#primaryimage"},"image":{"@id":"https:\/\/www.credimex.ch\/de\/produkt\/molykote-1000-paste\/#primaryimage"},"thumbnailUrl":"https:\/\/www.credimex.ch\/wp-content\/uploads\/2022\/09\/Molykote_Generic_1_Can.png","datePublished":"2022-08-31T14:41:34+00:00","dateModified":"2023-04-04T05:59:06+00:00","description":"MOLYKOTE 1000 Paste ist eine blei- und nickelfreie Anti-Seize-Paste zur Reduzierung des Verschleisses und zur Optimierung der Reibung von Metall-Metall-Verbindungen.","breadcrumb":{"@id":"https:\/\/www.credimex.ch\/de\/produkt\/molykote-1000-paste\/#breadcrumb"},"inLanguage":"de","potentialAction":[{"@type":"ReadAction","target":["https:\/\/www.credimex.ch\/de\/produkt\/molykote-1000-paste\/"]}]},{"@type":"ImageObject","inLanguage":"de","@id":"https:\/\/www.credimex.ch\/de\/produkt\/molykote-1000-paste\/#primaryimage","url":"https:\/\/www.credimex.ch\/wp-content\/uploads\/2022\/09\/Molykote_Generic_1_Can.png","contentUrl":"https:\/\/www.credimex.ch\/wp-content\/uploads\/2022\/09\/Molykote_Generic_1_Can.png","width":400,"height":400},{"@type":"BreadcrumbList","@id":"https:\/\/www.credimex.ch\/de\/produkt\/molykote-1000-paste\/#breadcrumb","itemListElement":[{"@type":"ListItem","position":1,"name":"Home","item":"https:\/\/www.credimex.ch\/de\/"},{"@type":"ListItem","position":2,"name":"Produkte","item":"https:\/\/www.credimex.ch\/de\/produkte\/"},{"@type":"ListItem","position":3,"name":"MOLYKOTE 1000 Paste"}]},{"@type":"WebSite","@id":"https:\/\/www.credimex.ch\/de\/#website","url":"https:\/\/www.credimex.ch\/de\/","name":"CREDIMEX","description":"Partner of Swiss Industrial Market","publisher":{"@id":"https:\/\/www.credimex.ch\/de\/#organization"},"potentialAction":[{"@type":"SearchAction","target":{"@type":"EntryPoint","urlTemplate":"https:\/\/www.credimex.ch\/de\/?s={search_term_string}"},"query-input":{"@type":"PropertyValueSpecification","valueRequired":true,"valueName":"search_term_string"}}],"inLanguage":"de"},{"@type":"Organization","@id":"https:\/\/www.credimex.ch\/de\/#organization","name":"credimex","url":"https:\/\/www.credimex.ch\/de\/","logo":{"@type":"ImageObject","inLanguage":"de","@id":"https:\/\/www.credimex.ch\/de\/#\/schema\/logo\/image\/","url":"https:\/\/www.credimex.ch\/wp-content\/uploads\/2022\/03\/cropped-logo-credimex.png","contentUrl":"https:\/\/www.credimex.ch\/wp-content\/uploads\/2022\/03\/cropped-logo-credimex.png","width":512,"height":512,"caption":"credimex"},"image":{"@id":"https:\/\/www.credimex.ch\/de\/#\/schema\/logo\/image\/"},"sameAs":["https:\/\/www.facebook.com\/credimex.alpnach\/","https:\/\/www.linkedin.com\/company\/credimex\/","https:\/\/www.youtube.com\/@CREDIMEX?sub_confirmation=1"]}]}},"_links":{"self":[{"href":"https:\/\/www.credimex.ch\/de\/wp-json\/wp\/v2\/product\/3973","targetHints":{"allow":["GET"]}}],"collection":[{"href":"https:\/\/www.credimex.ch\/de\/wp-json\/wp\/v2\/product"}],"about":[{"href":"https:\/\/www.credimex.ch\/de\/wp-json\/wp\/v2\/types\/product"}],"replies":[{"embeddable":true,"href":"https:\/\/www.credimex.ch\/de\/wp-json\/wp\/v2\/comments?post=3973"}],"wp:featuredmedia":[{"embeddable":true,"href":"https:\/\/www.credimex.ch\/de\/wp-json\/wp\/v2\/media\/3761"}],"wp:attachment":[{"href":"https:\/\/www.credimex.ch\/de\/wp-json\/wp\/v2\/media?parent=3973"}],"wp:term":[{"taxonomy":"product_brand","embeddable":true,"href":"https:\/\/www.credimex.ch\/de\/wp-json\/wp\/v2\/product_brand?post=3973"},{"taxonomy":"product_cat","embeddable":true,"href":"https:\/\/www.credimex.ch\/de\/wp-json\/wp\/v2\/product_cat?post=3973"},{"taxonomy":"product_tag","embeddable":true,"href":"https:\/\/www.credimex.ch\/de\/wp-json\/wp\/v2\/product_tag?post=3973"}],"curies":[{"name":"wp","href":"https:\/\/api.w.org\/{rel}","templated":true}]}}