{"id":3985,"date":"2022-07-14T10:28:55","date_gmt":"2022-07-14T08:28:55","guid":{"rendered":"https:\/\/www.credimex.ch.mialias.net\/product\/airpot-stossfaenger\/"},"modified":"2023-04-06T15:18:12","modified_gmt":"2023-04-06T13:18:12","slug":"airpot-anschlagpuffer","status":"publish","type":"product","link":"https:\/\/www.credimex.ch\/de\/produkt\/airpot-anschlagpuffer\/","title":{"rendered":"Airpot\u00ae Anschlagpuffer"},"content":{"rendered":"<h2>Beschreibung<\/h2>\n<p>Bei Airpot\u00ae-Puffern wird die ged\u00e4mpfte Kraft \u00fcber die Pleuelstange \u00fcbertragen, die den Kolben im Zylinder bewegt. Der Kolben ist aus Kunststoff gefertigt und erm\u00f6glicht einen weichen Aufprall.<\/p>\n<p>D\u00e4mpfendes Medium ist die Umgebungsluft. Die \u00fcbertragene Luftmenge wird durch das Volumen zwischen dem Kolben und dem Zylinder und der D\u00fcse bestimmt. Durch einfaches Einstellen des Luftablasses kann die ben\u00f6tigte D\u00e4mpfung exakt eingestellt werden.<\/p>\n<p>Die Stossd\u00e4mpfer von Airpot\u00ae wurden speziell entwickelt, um durch die Eliminierung der Reibung ihrer Arbeitselemente eine unvergleichliche Genauigkeit bei der Energieableitung zu gew\u00e4hrleisten. Die verwendeten Materialien verf\u00fcgen \u00fcber eine integrierte Schmierf\u00e4higkeit, ein hohes Verh\u00e4ltnis von Festigkeit zu Gewicht, eine ausgezeichnete Stabilit\u00e4t bei extremen Temperatur- und Feuchtigkeitsverh\u00e4ltnissen, einen geringen W\u00e4rmeausdehnungskoeffizienten und eine sich nicht verschlechternde Leistung aufgrund von Alterung oder Nichtgebrauch. Die grundlegenden Teile sind ein graphitierter Kohlenstoffkolben, der auf Millionstel Zoll TIR genau geschliffen ist und sich in einem gegl\u00fchten Borosilikatglaszylinder mit einer pr\u00e4zisen feuerpolierten Bohrung befindet. Airpot\u00ae-Stossd\u00e4mpfer sind in 4 Bohrungsgr\u00f6ssen von 0,627&#8243; bis 1,75&#8243; und Hubl\u00e4ngen von 1,1&#8243; bis 2,3&#8243; erh\u00e4ltlich.<\/p>\n<h2>Produktvorteile<\/h2>\n<ul>\n<li>Nicht verbunden mit der ged\u00e4mpften Masse, mit der sie arbeiten<\/li>\n<li>Verwendet f\u00fcr pr\u00e4zise Endlagen- und Stossd\u00e4mpfungsanwendungen<\/li>\n<li>Hauptfunktion ist die Energieabgabe<\/li>\n<li>Nur in eine Richtung (D\u00e4mpfung in der Kompression)<\/li>\n<li>R\u00fcckstellfeder mit geringer Kraft f\u00fcr selbstt\u00e4tige R\u00fcckstellung<\/li>\n<\/ul>\n<h2>Anwendung<\/h2>\n<p>Die Produktlinie wird in einer Vielzahl von Branchen eingesetzt.<\/p>\n","protected":false},"excerpt":{"rendered":"<p>Bei <strong>Airpot\u00ae-Puffern<\/strong> wird die ged\u00e4mpfte Kraft \u00fcber die Pleuelstange \u00fcbertragen, die den Kolben im Zylinder bewegt.<\/p>\n","protected":false},"featured_media":3543,"comment_status":"open","ping_status":"closed","template":"","meta":{"_acf_changed":false},"product_brand":[],"product_cat":[553,369,351,419,380,379,417,390,554,370,352,420,418,478],"product_tag":[],"class_list":{"0":"post-3985","1":"product","2":"type-product","3":"status-publish","4":"has-post-thumbnail","6":"product_cat-airpot","7":"product_cat-allgemeine-industrie","8":"product_cat-automobilindustrie","9":"product_cat-batterien","10":"product_cat-e-mobilitat","11":"product_cat-eisenbahn","12":"product_cat-elektronik","13":"product_cat-energie","14":"product_cat-energieabsorbierungen","15":"product_cat-lebensmittelindustrie","16":"product_cat-luft-und-raumfahrtindustrie","17":"product_cat-medizinal-industrie","18":"product_cat-seilbahnen","19":"product_cat-uhrenherstellung","20":"pa_brands-airpot-de","22":"first","23":"instock","24":"shipping-taxable","25":"product-type-simple"},"acf":[],"_yoast_wpseo_focuskw":"Airpot\u00ae Anschlagpuffer","_yoast_wpseo_metadesc":"Bei Airpot-Puffern wird die ged\u00e4mpfte Kraft \u00fcber die Pleuelstange \u00fcbertragen, die den Kolben im Zylinder bewegt.","yoast_head":"<!-- This site is optimized with the Yoast SEO Premium plugin v21.6 (Yoast SEO v27.4) - https:\/\/yoast.com\/product\/yoast-seo-premium-wordpress\/ -->\n<title>Airpot\u00ae Anschlagpuffer - CREDIMEX<\/title>\n<meta name=\"description\" content=\"Bei Airpot-Puffern wird die ged\u00e4mpfte Kraft \u00fcber die Pleuelstange \u00fcbertragen, die den Kolben im Zylinder bewegt.\" \/>\n<meta name=\"robots\" content=\"index, follow, max-snippet:-1, max-image-preview:large, max-video-preview:-1\" \/>\n<link rel=\"canonical\" href=\"https:\/\/www.credimex.ch\/de\/produkt\/airpot-anschlagpuffer\/\" \/>\n<meta property=\"og:locale\" content=\"de_DE\" \/>\n<meta property=\"og:type\" content=\"article\" \/>\n<meta property=\"og:title\" content=\"Airpot\u00ae Anschlagpuffer\" \/>\n<meta property=\"og:description\" content=\"Bei Airpot-Puffern wird die ged\u00e4mpfte Kraft \u00fcber die Pleuelstange \u00fcbertragen, die den Kolben im Zylinder bewegt.\" \/>\n<meta property=\"og:url\" content=\"https:\/\/www.credimex.ch\/de\/produkt\/airpot-anschlagpuffer\/\" \/>\n<meta property=\"og:site_name\" content=\"CREDIMEX\" \/>\n<meta property=\"article:publisher\" content=\"https:\/\/www.facebook.com\/credimex.alpnach\/\" \/>\n<meta property=\"article:modified_time\" content=\"2023-04-06T13:18:12+00:00\" \/>\n<meta property=\"og:image\" content=\"https:\/\/www.credimex.ch\/wp-content\/uploads\/2022\/07\/Airpot-bumpers.png\" \/>\n\t<meta property=\"og:image:width\" content=\"800\" \/>\n\t<meta property=\"og:image:height\" content=\"800\" \/>\n\t<meta property=\"og:image:type\" content=\"image\/png\" \/>\n<meta name=\"twitter:card\" content=\"summary_large_image\" \/>\n<meta name=\"twitter:label1\" content=\"Gesch\u00e4tzte Lesezeit\" \/>\n\t<meta name=\"twitter:data1\" content=\"1\u00a0Minute\" \/>\n<script type=\"application\/ld+json\" class=\"yoast-schema-graph\">{\"@context\":\"https:\\\/\\\/schema.org\",\"@graph\":[{\"@type\":\"WebPage\",\"@id\":\"https:\\\/\\\/www.credimex.ch\\\/de\\\/produkt\\\/airpot-anschlagpuffer\\\/\",\"url\":\"https:\\\/\\\/www.credimex.ch\\\/de\\\/produkt\\\/airpot-anschlagpuffer\\\/\",\"name\":\"Airpot\u00ae Anschlagpuffer - CREDIMEX\",\"isPartOf\":{\"@id\":\"https:\\\/\\\/www.credimex.ch\\\/de\\\/#website\"},\"primaryImageOfPage\":{\"@id\":\"https:\\\/\\\/www.credimex.ch\\\/de\\\/produkt\\\/airpot-anschlagpuffer\\\/#primaryimage\"},\"image\":{\"@id\":\"https:\\\/\\\/www.credimex.ch\\\/de\\\/produkt\\\/airpot-anschlagpuffer\\\/#primaryimage\"},\"thumbnailUrl\":\"https:\\\/\\\/www.credimex.ch\\\/wp-content\\\/uploads\\\/2022\\\/07\\\/Airpot-bumpers.png\",\"datePublished\":\"2022-07-14T08:28:55+00:00\",\"dateModified\":\"2023-04-06T13:18:12+00:00\",\"description\":\"Bei Airpot-Puffern wird die ged\u00e4mpfte Kraft \u00fcber die Pleuelstange \u00fcbertragen, die den Kolben im Zylinder bewegt.\",\"breadcrumb\":{\"@id\":\"https:\\\/\\\/www.credimex.ch\\\/de\\\/produkt\\\/airpot-anschlagpuffer\\\/#breadcrumb\"},\"inLanguage\":\"de\",\"potentialAction\":[{\"@type\":\"ReadAction\",\"target\":[\"https:\\\/\\\/www.credimex.ch\\\/de\\\/produkt\\\/airpot-anschlagpuffer\\\/\"]}]},{\"@type\":\"ImageObject\",\"inLanguage\":\"de\",\"@id\":\"https:\\\/\\\/www.credimex.ch\\\/de\\\/produkt\\\/airpot-anschlagpuffer\\\/#primaryimage\",\"url\":\"https:\\\/\\\/www.credimex.ch\\\/wp-content\\\/uploads\\\/2022\\\/07\\\/Airpot-bumpers.png\",\"contentUrl\":\"https:\\\/\\\/www.credimex.ch\\\/wp-content\\\/uploads\\\/2022\\\/07\\\/Airpot-bumpers.png\",\"width\":800,\"height\":800},{\"@type\":\"BreadcrumbList\",\"@id\":\"https:\\\/\\\/www.credimex.ch\\\/de\\\/produkt\\\/airpot-anschlagpuffer\\\/#breadcrumb\",\"itemListElement\":[{\"@type\":\"ListItem\",\"position\":1,\"name\":\"Home\",\"item\":\"https:\\\/\\\/www.credimex.ch\\\/de\\\/\"},{\"@type\":\"ListItem\",\"position\":2,\"name\":\"Produkte\",\"item\":\"https:\\\/\\\/www.credimex.ch\\\/de\\\/produkte\\\/\"},{\"@type\":\"ListItem\",\"position\":3,\"name\":\"Airpot\u00ae Anschlagpuffer\"}]},{\"@type\":\"WebSite\",\"@id\":\"https:\\\/\\\/www.credimex.ch\\\/de\\\/#website\",\"url\":\"https:\\\/\\\/www.credimex.ch\\\/de\\\/\",\"name\":\"CREDIMEX\",\"description\":\"Partner of Swiss Industrial Market\",\"publisher\":{\"@id\":\"https:\\\/\\\/www.credimex.ch\\\/de\\\/#organization\"},\"potentialAction\":[{\"@type\":\"SearchAction\",\"target\":{\"@type\":\"EntryPoint\",\"urlTemplate\":\"https:\\\/\\\/www.credimex.ch\\\/de\\\/?s={search_term_string}\"},\"query-input\":{\"@type\":\"PropertyValueSpecification\",\"valueRequired\":true,\"valueName\":\"search_term_string\"}}],\"inLanguage\":\"de\"},{\"@type\":\"Organization\",\"@id\":\"https:\\\/\\\/www.credimex.ch\\\/de\\\/#organization\",\"name\":\"credimex\",\"url\":\"https:\\\/\\\/www.credimex.ch\\\/de\\\/\",\"logo\":{\"@type\":\"ImageObject\",\"inLanguage\":\"de\",\"@id\":\"https:\\\/\\\/www.credimex.ch\\\/de\\\/#\\\/schema\\\/logo\\\/image\\\/\",\"url\":\"https:\\\/\\\/www.credimex.ch\\\/wp-content\\\/uploads\\\/2022\\\/03\\\/cropped-logo-credimex.png\",\"contentUrl\":\"https:\\\/\\\/www.credimex.ch\\\/wp-content\\\/uploads\\\/2022\\\/03\\\/cropped-logo-credimex.png\",\"width\":512,\"height\":512,\"caption\":\"credimex\"},\"image\":{\"@id\":\"https:\\\/\\\/www.credimex.ch\\\/de\\\/#\\\/schema\\\/logo\\\/image\\\/\"},\"sameAs\":[\"https:\\\/\\\/www.facebook.com\\\/credimex.alpnach\\\/\",\"https:\\\/\\\/www.linkedin.com\\\/company\\\/credimex\\\/\",\"https:\\\/\\\/www.youtube.com\\\/@CREDIMEX?sub_confirmation=1\"]}]}<\/script>\n<!-- \/ Yoast SEO Premium plugin. -->","yoast_head_json":{"title":"Airpot\u00ae Anschlagpuffer - CREDIMEX","description":"Bei Airpot-Puffern wird die ged\u00e4mpfte Kraft \u00fcber die Pleuelstange \u00fcbertragen, die den Kolben im Zylinder bewegt.","robots":{"index":"index","follow":"follow","max-snippet":"max-snippet:-1","max-image-preview":"max-image-preview:large","max-video-preview":"max-video-preview:-1"},"canonical":"https:\/\/www.credimex.ch\/de\/produkt\/airpot-anschlagpuffer\/","og_locale":"de_DE","og_type":"article","og_title":"Airpot\u00ae Anschlagpuffer","og_description":"Bei Airpot-Puffern wird die ged\u00e4mpfte Kraft \u00fcber die Pleuelstange \u00fcbertragen, die den Kolben im Zylinder bewegt.","og_url":"https:\/\/www.credimex.ch\/de\/produkt\/airpot-anschlagpuffer\/","og_site_name":"CREDIMEX","article_publisher":"https:\/\/www.facebook.com\/credimex.alpnach\/","article_modified_time":"2023-04-06T13:18:12+00:00","og_image":[{"width":800,"height":800,"url":"https:\/\/www.credimex.ch\/wp-content\/uploads\/2022\/07\/Airpot-bumpers.png","type":"image\/png"}],"twitter_card":"summary_large_image","twitter_misc":{"Gesch\u00e4tzte Lesezeit":"1\u00a0Minute"},"schema":{"@context":"https:\/\/schema.org","@graph":[{"@type":"WebPage","@id":"https:\/\/www.credimex.ch\/de\/produkt\/airpot-anschlagpuffer\/","url":"https:\/\/www.credimex.ch\/de\/produkt\/airpot-anschlagpuffer\/","name":"Airpot\u00ae Anschlagpuffer - CREDIMEX","isPartOf":{"@id":"https:\/\/www.credimex.ch\/de\/#website"},"primaryImageOfPage":{"@id":"https:\/\/www.credimex.ch\/de\/produkt\/airpot-anschlagpuffer\/#primaryimage"},"image":{"@id":"https:\/\/www.credimex.ch\/de\/produkt\/airpot-anschlagpuffer\/#primaryimage"},"thumbnailUrl":"https:\/\/www.credimex.ch\/wp-content\/uploads\/2022\/07\/Airpot-bumpers.png","datePublished":"2022-07-14T08:28:55+00:00","dateModified":"2023-04-06T13:18:12+00:00","description":"Bei Airpot-Puffern wird die ged\u00e4mpfte Kraft \u00fcber die Pleuelstange \u00fcbertragen, die den Kolben im Zylinder bewegt.","breadcrumb":{"@id":"https:\/\/www.credimex.ch\/de\/produkt\/airpot-anschlagpuffer\/#breadcrumb"},"inLanguage":"de","potentialAction":[{"@type":"ReadAction","target":["https:\/\/www.credimex.ch\/de\/produkt\/airpot-anschlagpuffer\/"]}]},{"@type":"ImageObject","inLanguage":"de","@id":"https:\/\/www.credimex.ch\/de\/produkt\/airpot-anschlagpuffer\/#primaryimage","url":"https:\/\/www.credimex.ch\/wp-content\/uploads\/2022\/07\/Airpot-bumpers.png","contentUrl":"https:\/\/www.credimex.ch\/wp-content\/uploads\/2022\/07\/Airpot-bumpers.png","width":800,"height":800},{"@type":"BreadcrumbList","@id":"https:\/\/www.credimex.ch\/de\/produkt\/airpot-anschlagpuffer\/#breadcrumb","itemListElement":[{"@type":"ListItem","position":1,"name":"Home","item":"https:\/\/www.credimex.ch\/de\/"},{"@type":"ListItem","position":2,"name":"Produkte","item":"https:\/\/www.credimex.ch\/de\/produkte\/"},{"@type":"ListItem","position":3,"name":"Airpot\u00ae Anschlagpuffer"}]},{"@type":"WebSite","@id":"https:\/\/www.credimex.ch\/de\/#website","url":"https:\/\/www.credimex.ch\/de\/","name":"CREDIMEX","description":"Partner of Swiss Industrial Market","publisher":{"@id":"https:\/\/www.credimex.ch\/de\/#organization"},"potentialAction":[{"@type":"SearchAction","target":{"@type":"EntryPoint","urlTemplate":"https:\/\/www.credimex.ch\/de\/?s={search_term_string}"},"query-input":{"@type":"PropertyValueSpecification","valueRequired":true,"valueName":"search_term_string"}}],"inLanguage":"de"},{"@type":"Organization","@id":"https:\/\/www.credimex.ch\/de\/#organization","name":"credimex","url":"https:\/\/www.credimex.ch\/de\/","logo":{"@type":"ImageObject","inLanguage":"de","@id":"https:\/\/www.credimex.ch\/de\/#\/schema\/logo\/image\/","url":"https:\/\/www.credimex.ch\/wp-content\/uploads\/2022\/03\/cropped-logo-credimex.png","contentUrl":"https:\/\/www.credimex.ch\/wp-content\/uploads\/2022\/03\/cropped-logo-credimex.png","width":512,"height":512,"caption":"credimex"},"image":{"@id":"https:\/\/www.credimex.ch\/de\/#\/schema\/logo\/image\/"},"sameAs":["https:\/\/www.facebook.com\/credimex.alpnach\/","https:\/\/www.linkedin.com\/company\/credimex\/","https:\/\/www.youtube.com\/@CREDIMEX?sub_confirmation=1"]}]}},"_links":{"self":[{"href":"https:\/\/www.credimex.ch\/de\/wp-json\/wp\/v2\/product\/3985","targetHints":{"allow":["GET"]}}],"collection":[{"href":"https:\/\/www.credimex.ch\/de\/wp-json\/wp\/v2\/product"}],"about":[{"href":"https:\/\/www.credimex.ch\/de\/wp-json\/wp\/v2\/types\/product"}],"replies":[{"embeddable":true,"href":"https:\/\/www.credimex.ch\/de\/wp-json\/wp\/v2\/comments?post=3985"}],"wp:featuredmedia":[{"embeddable":true,"href":"https:\/\/www.credimex.ch\/de\/wp-json\/wp\/v2\/media\/3543"}],"wp:attachment":[{"href":"https:\/\/www.credimex.ch\/de\/wp-json\/wp\/v2\/media?parent=3985"}],"wp:term":[{"taxonomy":"product_brand","embeddable":true,"href":"https:\/\/www.credimex.ch\/de\/wp-json\/wp\/v2\/product_brand?post=3985"},{"taxonomy":"product_cat","embeddable":true,"href":"https:\/\/www.credimex.ch\/de\/wp-json\/wp\/v2\/product_cat?post=3985"},{"taxonomy":"product_tag","embeddable":true,"href":"https:\/\/www.credimex.ch\/de\/wp-json\/wp\/v2\/product_tag?post=3985"}],"curies":[{"name":"wp","href":"https:\/\/api.w.org\/{rel}","templated":true}]}}