{"id":3993,"date":"2022-07-14T09:37:44","date_gmt":"2022-07-14T07:37:44","guid":{"rendered":"https:\/\/www.credimex.ch.mialias.net\/product\/enidine-os-stossdaempfer\/"},"modified":"2023-07-10T15:22:55","modified_gmt":"2023-07-10T13:22:55","slug":"enidine-os-stossdampfer","status":"publish","type":"product","link":"https:\/\/www.credimex.ch\/de\/produkt\/enidine-os-stossdampfer\/","title":{"rendered":"ENIDINE OS-Stossd\u00e4mpfer"},"content":{"rendered":"<h2>Beschreibung<\/h2>\n<p>Die ENIDINE OS-Stossd\u00e4mpfer (One-Shot-Backup-D\u00e4mpfer) sorgen f\u00fcr Energieabsorption bei kritischen Non-Stop-Anwendungen. Der leichte innere Metallkern ist von einem korrosionsbest\u00e4ndigen, hochwertigen Polymermaterial umgeben. Dies erm\u00f6glicht eine hohe D\u00e4mpfung von schweren Lasten unter extremen Betriebsbedingungen. OS-D\u00e4mpfer werden beim Aufprall verformt und sind im Gegensatz zu herk\u00f6mmlichen hydraulischen D\u00e4mpfern nicht wiederverwendbar. Nach dem Aufprall kann das Produkt leicht ersetzt werden. Dies stellt eine kosteng\u00fcnstige Alternative zu herk\u00f6mmlichen Stossd\u00e4mpfern dar.<\/p>\n<h2>Produktvorteile<\/h2>\n<ul>\n<li>Erheblicher Kostenvorteil gegen\u00fcber vergleichbaren Technologien<\/li>\n<li>Lebensdauer von mindestens 10 Jahren<\/li>\n<li>Kompakte Bauweise<\/li>\n<li>Einsatz in einem breiten Temperaturbereich von -25\u00b0C bis +50\u00b0C<\/li>\n<li>Einfache Installation und leichter Austausch<\/li>\n<li>Korrosionsbest\u00e4ndig und wartungsfrei<\/li>\n<li>95% Energieabsorption ohne R\u00fcckprall<\/li>\n<li>Bis zu 1800 Nm Energieaufnahme<\/li>\n<\/ul>\n<h2>Anwendung<\/h2>\n<p>Die Produktlinie ist f\u00fcr eine Vielzahl von industriellen Anwendungen konzipiert.<\/p>\n","protected":false},"excerpt":{"rendered":"<p><strong>Die ENIDINE OS-Stossd\u00e4mpfer<\/strong> (One-Shot-Backup-D\u00e4mpfer) sorgen f\u00fcr Energieabsorption bei kritischen Non-Stop-Anwendungen.<\/p>\n","protected":false},"featured_media":3535,"comment_status":"open","ping_status":"closed","template":"","meta":{"_acf_changed":false},"product_brand":[],"product_cat":[369,351,419,380,379,417,390,554,558,370,352,420,418,560,478],"product_tag":[],"class_list":{"0":"post-3993","1":"product","2":"type-product","3":"status-publish","4":"has-post-thumbnail","6":"product_cat-allgemeine-industrie","7":"product_cat-automobilindustrie","8":"product_cat-batterien","9":"product_cat-e-mobilitat","10":"product_cat-eisenbahn","11":"product_cat-elektronik","12":"product_cat-energie","13":"product_cat-energieabsorbierungen","14":"product_cat-enidine","15":"product_cat-lebensmittelindustrie","16":"product_cat-luft-und-raumfahrtindustrie","17":"product_cat-medizinal-industrie","18":"product_cat-seilbahnen","19":"product_cat-stossdampfer","20":"product_cat-uhrenherstellung","21":"pa_brands-enidin","23":"first","24":"instock","25":"shipping-taxable","26":"product-type-simple"},"acf":[],"_yoast_wpseo_focuskw":"ENIDINE OS Stossd\u00e4mpfer","_yoast_wpseo_metadesc":"Die ENIDINE OS-Stossd\u00e4mpfer (One-Shot-Backup-D\u00e4mpfer) sorgen f\u00fcr Energieabsorption bei kritischen Non-Stop-Anwendungen.","yoast_head":"<!-- This site is optimized with the Yoast SEO Premium plugin v21.6 (Yoast SEO v27.4) - https:\/\/yoast.com\/product\/yoast-seo-premium-wordpress\/ -->\n<title>ENIDINE OS-Stossd\u00e4mpfer - CREDIMEX<\/title>\n<meta name=\"description\" content=\"Die ENIDINE OS-Stossd\u00e4mpfer (One-Shot-Backup-D\u00e4mpfer) sorgen f\u00fcr Energieabsorption bei kritischen Non-Stop-Anwendungen.\" \/>\n<meta name=\"robots\" content=\"index, follow, max-snippet:-1, max-image-preview:large, max-video-preview:-1\" \/>\n<link rel=\"canonical\" href=\"https:\/\/www.credimex.ch\/de\/produkt\/enidine-os-stossdampfer\/\" \/>\n<meta property=\"og:locale\" content=\"de_DE\" \/>\n<meta property=\"og:type\" content=\"article\" \/>\n<meta property=\"og:title\" content=\"ENIDINE OS-Stossd\u00e4mpfer\" \/>\n<meta property=\"og:description\" content=\"Die ENIDINE OS-Stossd\u00e4mpfer (One-Shot-Backup-D\u00e4mpfer) sorgen f\u00fcr Energieabsorption bei kritischen Non-Stop-Anwendungen.\" \/>\n<meta property=\"og:url\" content=\"https:\/\/www.credimex.ch\/de\/produkt\/enidine-os-stossdampfer\/\" \/>\n<meta property=\"og:site_name\" content=\"CREDIMEX\" \/>\n<meta property=\"article:publisher\" content=\"https:\/\/www.facebook.com\/credimex.alpnach\/\" \/>\n<meta property=\"article:modified_time\" content=\"2023-07-10T13:22:55+00:00\" \/>\n<meta property=\"og:image\" content=\"https:\/\/www.credimex.ch\/wp-content\/uploads\/2022\/07\/Enidine-shock-absorbers.png\" \/>\n\t<meta property=\"og:image:width\" content=\"800\" \/>\n\t<meta property=\"og:image:height\" content=\"800\" \/>\n\t<meta property=\"og:image:type\" content=\"image\/png\" \/>\n<meta name=\"twitter:card\" content=\"summary_large_image\" \/>\n<meta name=\"twitter:label1\" content=\"Gesch\u00e4tzte Lesezeit\" \/>\n\t<meta name=\"twitter:data1\" content=\"1\u00a0Minute\" \/>\n<script type=\"application\/ld+json\" class=\"yoast-schema-graph\">{\"@context\":\"https:\\\/\\\/schema.org\",\"@graph\":[{\"@type\":\"WebPage\",\"@id\":\"https:\\\/\\\/www.credimex.ch\\\/de\\\/produkt\\\/enidine-os-stossdampfer\\\/\",\"url\":\"https:\\\/\\\/www.credimex.ch\\\/de\\\/produkt\\\/enidine-os-stossdampfer\\\/\",\"name\":\"ENIDINE OS-Stossd\u00e4mpfer - CREDIMEX\",\"isPartOf\":{\"@id\":\"https:\\\/\\\/www.credimex.ch\\\/de\\\/#website\"},\"primaryImageOfPage\":{\"@id\":\"https:\\\/\\\/www.credimex.ch\\\/de\\\/produkt\\\/enidine-os-stossdampfer\\\/#primaryimage\"},\"image\":{\"@id\":\"https:\\\/\\\/www.credimex.ch\\\/de\\\/produkt\\\/enidine-os-stossdampfer\\\/#primaryimage\"},\"thumbnailUrl\":\"https:\\\/\\\/www.credimex.ch\\\/wp-content\\\/uploads\\\/2022\\\/07\\\/Enidine-shock-absorbers.png\",\"datePublished\":\"2022-07-14T07:37:44+00:00\",\"dateModified\":\"2023-07-10T13:22:55+00:00\",\"description\":\"Die ENIDINE OS-Stossd\u00e4mpfer (One-Shot-Backup-D\u00e4mpfer) sorgen f\u00fcr Energieabsorption bei kritischen Non-Stop-Anwendungen.\",\"breadcrumb\":{\"@id\":\"https:\\\/\\\/www.credimex.ch\\\/de\\\/produkt\\\/enidine-os-stossdampfer\\\/#breadcrumb\"},\"inLanguage\":\"de\",\"potentialAction\":[{\"@type\":\"ReadAction\",\"target\":[\"https:\\\/\\\/www.credimex.ch\\\/de\\\/produkt\\\/enidine-os-stossdampfer\\\/\"]}]},{\"@type\":\"ImageObject\",\"inLanguage\":\"de\",\"@id\":\"https:\\\/\\\/www.credimex.ch\\\/de\\\/produkt\\\/enidine-os-stossdampfer\\\/#primaryimage\",\"url\":\"https:\\\/\\\/www.credimex.ch\\\/wp-content\\\/uploads\\\/2022\\\/07\\\/Enidine-shock-absorbers.png\",\"contentUrl\":\"https:\\\/\\\/www.credimex.ch\\\/wp-content\\\/uploads\\\/2022\\\/07\\\/Enidine-shock-absorbers.png\",\"width\":800,\"height\":800},{\"@type\":\"BreadcrumbList\",\"@id\":\"https:\\\/\\\/www.credimex.ch\\\/de\\\/produkt\\\/enidine-os-stossdampfer\\\/#breadcrumb\",\"itemListElement\":[{\"@type\":\"ListItem\",\"position\":1,\"name\":\"Home\",\"item\":\"https:\\\/\\\/www.credimex.ch\\\/de\\\/\"},{\"@type\":\"ListItem\",\"position\":2,\"name\":\"Produkte\",\"item\":\"https:\\\/\\\/www.credimex.ch\\\/de\\\/produkte\\\/\"},{\"@type\":\"ListItem\",\"position\":3,\"name\":\"ENIDINE OS-Stossd\u00e4mpfer\"}]},{\"@type\":\"WebSite\",\"@id\":\"https:\\\/\\\/www.credimex.ch\\\/de\\\/#website\",\"url\":\"https:\\\/\\\/www.credimex.ch\\\/de\\\/\",\"name\":\"CREDIMEX\",\"description\":\"Partner of Swiss Industrial Market\",\"publisher\":{\"@id\":\"https:\\\/\\\/www.credimex.ch\\\/de\\\/#organization\"},\"potentialAction\":[{\"@type\":\"SearchAction\",\"target\":{\"@type\":\"EntryPoint\",\"urlTemplate\":\"https:\\\/\\\/www.credimex.ch\\\/de\\\/?s={search_term_string}\"},\"query-input\":{\"@type\":\"PropertyValueSpecification\",\"valueRequired\":true,\"valueName\":\"search_term_string\"}}],\"inLanguage\":\"de\"},{\"@type\":\"Organization\",\"@id\":\"https:\\\/\\\/www.credimex.ch\\\/de\\\/#organization\",\"name\":\"credimex\",\"url\":\"https:\\\/\\\/www.credimex.ch\\\/de\\\/\",\"logo\":{\"@type\":\"ImageObject\",\"inLanguage\":\"de\",\"@id\":\"https:\\\/\\\/www.credimex.ch\\\/de\\\/#\\\/schema\\\/logo\\\/image\\\/\",\"url\":\"https:\\\/\\\/www.credimex.ch\\\/wp-content\\\/uploads\\\/2022\\\/03\\\/cropped-logo-credimex.png\",\"contentUrl\":\"https:\\\/\\\/www.credimex.ch\\\/wp-content\\\/uploads\\\/2022\\\/03\\\/cropped-logo-credimex.png\",\"width\":512,\"height\":512,\"caption\":\"credimex\"},\"image\":{\"@id\":\"https:\\\/\\\/www.credimex.ch\\\/de\\\/#\\\/schema\\\/logo\\\/image\\\/\"},\"sameAs\":[\"https:\\\/\\\/www.facebook.com\\\/credimex.alpnach\\\/\",\"https:\\\/\\\/www.linkedin.com\\\/company\\\/credimex\\\/\",\"https:\\\/\\\/www.youtube.com\\\/@CREDIMEX?sub_confirmation=1\"]}]}<\/script>\n<!-- \/ Yoast SEO Premium plugin. -->","yoast_head_json":{"title":"ENIDINE OS-Stossd\u00e4mpfer - CREDIMEX","description":"Die ENIDINE OS-Stossd\u00e4mpfer (One-Shot-Backup-D\u00e4mpfer) sorgen f\u00fcr Energieabsorption bei kritischen Non-Stop-Anwendungen.","robots":{"index":"index","follow":"follow","max-snippet":"max-snippet:-1","max-image-preview":"max-image-preview:large","max-video-preview":"max-video-preview:-1"},"canonical":"https:\/\/www.credimex.ch\/de\/produkt\/enidine-os-stossdampfer\/","og_locale":"de_DE","og_type":"article","og_title":"ENIDINE OS-Stossd\u00e4mpfer","og_description":"Die ENIDINE OS-Stossd\u00e4mpfer (One-Shot-Backup-D\u00e4mpfer) sorgen f\u00fcr Energieabsorption bei kritischen Non-Stop-Anwendungen.","og_url":"https:\/\/www.credimex.ch\/de\/produkt\/enidine-os-stossdampfer\/","og_site_name":"CREDIMEX","article_publisher":"https:\/\/www.facebook.com\/credimex.alpnach\/","article_modified_time":"2023-07-10T13:22:55+00:00","og_image":[{"width":800,"height":800,"url":"https:\/\/www.credimex.ch\/wp-content\/uploads\/2022\/07\/Enidine-shock-absorbers.png","type":"image\/png"}],"twitter_card":"summary_large_image","twitter_misc":{"Gesch\u00e4tzte Lesezeit":"1\u00a0Minute"},"schema":{"@context":"https:\/\/schema.org","@graph":[{"@type":"WebPage","@id":"https:\/\/www.credimex.ch\/de\/produkt\/enidine-os-stossdampfer\/","url":"https:\/\/www.credimex.ch\/de\/produkt\/enidine-os-stossdampfer\/","name":"ENIDINE OS-Stossd\u00e4mpfer - CREDIMEX","isPartOf":{"@id":"https:\/\/www.credimex.ch\/de\/#website"},"primaryImageOfPage":{"@id":"https:\/\/www.credimex.ch\/de\/produkt\/enidine-os-stossdampfer\/#primaryimage"},"image":{"@id":"https:\/\/www.credimex.ch\/de\/produkt\/enidine-os-stossdampfer\/#primaryimage"},"thumbnailUrl":"https:\/\/www.credimex.ch\/wp-content\/uploads\/2022\/07\/Enidine-shock-absorbers.png","datePublished":"2022-07-14T07:37:44+00:00","dateModified":"2023-07-10T13:22:55+00:00","description":"Die ENIDINE OS-Stossd\u00e4mpfer (One-Shot-Backup-D\u00e4mpfer) sorgen f\u00fcr Energieabsorption bei kritischen Non-Stop-Anwendungen.","breadcrumb":{"@id":"https:\/\/www.credimex.ch\/de\/produkt\/enidine-os-stossdampfer\/#breadcrumb"},"inLanguage":"de","potentialAction":[{"@type":"ReadAction","target":["https:\/\/www.credimex.ch\/de\/produkt\/enidine-os-stossdampfer\/"]}]},{"@type":"ImageObject","inLanguage":"de","@id":"https:\/\/www.credimex.ch\/de\/produkt\/enidine-os-stossdampfer\/#primaryimage","url":"https:\/\/www.credimex.ch\/wp-content\/uploads\/2022\/07\/Enidine-shock-absorbers.png","contentUrl":"https:\/\/www.credimex.ch\/wp-content\/uploads\/2022\/07\/Enidine-shock-absorbers.png","width":800,"height":800},{"@type":"BreadcrumbList","@id":"https:\/\/www.credimex.ch\/de\/produkt\/enidine-os-stossdampfer\/#breadcrumb","itemListElement":[{"@type":"ListItem","position":1,"name":"Home","item":"https:\/\/www.credimex.ch\/de\/"},{"@type":"ListItem","position":2,"name":"Produkte","item":"https:\/\/www.credimex.ch\/de\/produkte\/"},{"@type":"ListItem","position":3,"name":"ENIDINE OS-Stossd\u00e4mpfer"}]},{"@type":"WebSite","@id":"https:\/\/www.credimex.ch\/de\/#website","url":"https:\/\/www.credimex.ch\/de\/","name":"CREDIMEX","description":"Partner of Swiss Industrial Market","publisher":{"@id":"https:\/\/www.credimex.ch\/de\/#organization"},"potentialAction":[{"@type":"SearchAction","target":{"@type":"EntryPoint","urlTemplate":"https:\/\/www.credimex.ch\/de\/?s={search_term_string}"},"query-input":{"@type":"PropertyValueSpecification","valueRequired":true,"valueName":"search_term_string"}}],"inLanguage":"de"},{"@type":"Organization","@id":"https:\/\/www.credimex.ch\/de\/#organization","name":"credimex","url":"https:\/\/www.credimex.ch\/de\/","logo":{"@type":"ImageObject","inLanguage":"de","@id":"https:\/\/www.credimex.ch\/de\/#\/schema\/logo\/image\/","url":"https:\/\/www.credimex.ch\/wp-content\/uploads\/2022\/03\/cropped-logo-credimex.png","contentUrl":"https:\/\/www.credimex.ch\/wp-content\/uploads\/2022\/03\/cropped-logo-credimex.png","width":512,"height":512,"caption":"credimex"},"image":{"@id":"https:\/\/www.credimex.ch\/de\/#\/schema\/logo\/image\/"},"sameAs":["https:\/\/www.facebook.com\/credimex.alpnach\/","https:\/\/www.linkedin.com\/company\/credimex\/","https:\/\/www.youtube.com\/@CREDIMEX?sub_confirmation=1"]}]}},"_links":{"self":[{"href":"https:\/\/www.credimex.ch\/de\/wp-json\/wp\/v2\/product\/3993","targetHints":{"allow":["GET"]}}],"collection":[{"href":"https:\/\/www.credimex.ch\/de\/wp-json\/wp\/v2\/product"}],"about":[{"href":"https:\/\/www.credimex.ch\/de\/wp-json\/wp\/v2\/types\/product"}],"replies":[{"embeddable":true,"href":"https:\/\/www.credimex.ch\/de\/wp-json\/wp\/v2\/comments?post=3993"}],"wp:featuredmedia":[{"embeddable":true,"href":"https:\/\/www.credimex.ch\/de\/wp-json\/wp\/v2\/media\/3535"}],"wp:attachment":[{"href":"https:\/\/www.credimex.ch\/de\/wp-json\/wp\/v2\/media?parent=3993"}],"wp:term":[{"taxonomy":"product_brand","embeddable":true,"href":"https:\/\/www.credimex.ch\/de\/wp-json\/wp\/v2\/product_brand?post=3993"},{"taxonomy":"product_cat","embeddable":true,"href":"https:\/\/www.credimex.ch\/de\/wp-json\/wp\/v2\/product_cat?post=3993"},{"taxonomy":"product_tag","embeddable":true,"href":"https:\/\/www.credimex.ch\/de\/wp-json\/wp\/v2\/product_tag?post=3993"}],"curies":[{"name":"wp","href":"https:\/\/api.w.org\/{rel}","templated":true}]}}