{"id":3995,"date":"2022-07-12T10:00:19","date_gmt":"2022-07-12T08:00:19","guid":{"rendered":"https:\/\/www.credimex.ch.mialias.net\/product\/credimex-fuehrungsschaefte\/"},"modified":"2023-06-26T16:42:51","modified_gmt":"2023-06-26T14:42:51","slug":"credimex-guide-shafts","status":"publish","type":"product","link":"https:\/\/www.credimex.ch\/de\/produkt\/credimex-guide-shafts\/","title":{"rendered":"Credimex-F\u00fchrungssch\u00e4fte"},"content":{"rendered":"<h2>Beschreibung<\/h2>\n<p>Credimex Guide Shafts bietet verschiedene Produktserien an:<\/p>\n<p><strong>WV<\/strong><\/p>\n<ul>\n<li>Sehr hohe Oberfl\u00e4chenh\u00e4rte<\/li>\n<li>Keine Korrosionsbest\u00e4ndigkeit<\/li>\n<\/ul>\n<p><strong>WV1<\/strong><\/p>\n<ul>\n<li>Aussendurchmesser geh\u00e4rtet und 5-10\u03bc hartverchromt<\/li>\n<li>Korrosionsbest\u00e4ndig<\/li>\n<\/ul>\n<p><strong>WRS 1<\/strong><\/p>\n<ul>\n<li>Hohe Oberfl\u00e4chenh\u00e4rte<\/li>\n<li>Korrosionsbest\u00e4ndig<\/li>\n<\/ul>\n<p><strong>WRS 2<\/strong><\/p>\n<ul>\n<li>Hohe Oberfl\u00e4chenh\u00e4rte<\/li>\n<li>Korrosions- und s\u00e4urebest\u00e4ndig<\/li>\n<\/ul>\n<p><strong>WH<\/strong><\/p>\n<ul>\n<li>Sehr hohe Oberfl\u00e4chenh\u00e4rte<\/li>\n<li>Geringes Gewicht<\/li>\n<li>Kabel- und Medienf\u00fchrung m\u00f6glich<\/li>\n<li>Keine Korrosionsbest\u00e4ndigkeit<\/li>\n<\/ul>\n<h2>Produktvorteile<\/h2>\n<p>Pr\u00e4zisions-Credimex-F\u00fchrungswellen in verschiedenen Materialien und Ausf\u00fchrungen bilden zusammen mit Linearkugellagern, Wellenbl\u00f6cken, Wellentr\u00e4gern und Lineargeh\u00e4usen ein bew\u00e4hrtes und wirtschaftliches Linearf\u00fchrungssystem. Die Pr\u00e4zisionsf\u00fchrungswellen sind induktionsgeh\u00e4rtet. Diese Behandlung gew\u00e4hrleistet eine gleichm\u00e4ssige H\u00e4rte in radialer und axialer Richtung auf der Oberfl\u00e4che \/ Lauffl\u00e4che. Durch dieses H\u00e4rteverfahren wird ein effektiver H\u00e4rtebereich der Aussenfl\u00e4che erreicht und eine problemlose Bearbeitung im weichen Kern der Welle erm\u00f6glicht. Pr\u00e4zisionsf\u00fchrungswellen werden spitzenlos geschliffen und unterliegen einer strengen Pr\u00fcfung auf Rundheit, Zylinderform, Geradheit und Rauheit der Oberfl\u00e4che. W\u00e4hlen Sie die passende Pr\u00e4zisionsf\u00fchrungswelle entsprechend Ihren Anforderungen.<\/p>\n<h2>Anwendung<\/h2>\n<p>Die Produktlinie ist f\u00fcr eine Vielzahl von industriellen Anwendungen konzipiert.<\/p>\n","protected":false},"excerpt":{"rendered":"<p><strong> Credimex-F\u00fchrungswellen<\/strong> in verschiedenen Materialien und Ausf\u00fchrungen bieten ein bew\u00e4hrtes und wirtschaftliches Linearf\u00fchrungssystem.<\/p>\n","protected":false},"featured_media":3531,"comment_status":"open","ping_status":"closed","template":"","meta":{"_acf_changed":false},"product_brand":[],"product_cat":[369,351,419,568,380,379,417,390,567,370,566,352,420,418,478],"product_tag":[],"class_list":{"0":"post-3995","1":"product","2":"type-product","3":"status-publish","4":"has-post-thumbnail","6":"product_cat-allgemeine-industrie","7":"product_cat-automobilindustrie","8":"product_cat-batterien","9":"product_cat-credimex-de","10":"product_cat-e-mobilitat","11":"product_cat-eisenbahn","12":"product_cat-elektronik","13":"product_cat-energie","14":"product_cat-fuehrungswellen","15":"product_cat-lebensmittelindustrie","16":"product_cat-linearfuhrungstechnik","17":"product_cat-luft-und-raumfahrtindustrie","18":"product_cat-medizinal-industrie","19":"product_cat-seilbahnen","20":"product_cat-uhrenherstellung","21":"pa_brands-credimex-de","23":"first","24":"instock","25":"shipping-taxable","26":"product-type-simple"},"acf":[],"_yoast_wpseo_focuskw":"Credimex-F\u00fchrungssch\u00e4fte","_yoast_wpseo_metadesc":"Credimex-F\u00fchrungswellen in verschiedenen Materialien und Ausf\u00fchrungen bieten ein bew\u00e4hrtes und wirtschaftliches Linearf\u00fchrungssystem.","yoast_head":"<!-- This site is optimized with the Yoast SEO Premium plugin v21.6 (Yoast SEO v27.4) - https:\/\/yoast.com\/product\/yoast-seo-premium-wordpress\/ -->\n<title>Credimex-F\u00fchrungssch\u00e4fte - CREDIMEX<\/title>\n<meta name=\"description\" content=\"Credimex-F\u00fchrungswellen in verschiedenen Materialien und Ausf\u00fchrungen bieten ein bew\u00e4hrtes und wirtschaftliches Linearf\u00fchrungssystem.\" \/>\n<meta name=\"robots\" content=\"index, follow, max-snippet:-1, max-image-preview:large, max-video-preview:-1\" \/>\n<link rel=\"canonical\" href=\"https:\/\/www.credimex.ch\/de\/produkt\/credimex-guide-shafts\/\" \/>\n<meta property=\"og:locale\" content=\"de_DE\" \/>\n<meta property=\"og:type\" content=\"article\" \/>\n<meta property=\"og:title\" content=\"Credimex-F\u00fchrungssch\u00e4fte\" \/>\n<meta property=\"og:description\" content=\"Credimex-F\u00fchrungswellen in verschiedenen Materialien und Ausf\u00fchrungen bieten ein bew\u00e4hrtes und wirtschaftliches Linearf\u00fchrungssystem.\" \/>\n<meta property=\"og:url\" content=\"https:\/\/www.credimex.ch\/de\/produkt\/credimex-guide-shafts\/\" \/>\n<meta property=\"og:site_name\" content=\"CREDIMEX\" \/>\n<meta property=\"article:publisher\" content=\"https:\/\/www.facebook.com\/credimex.alpnach\/\" \/>\n<meta property=\"article:modified_time\" content=\"2023-06-26T14:42:51+00:00\" \/>\n<meta property=\"og:image\" content=\"https:\/\/www.credimex.ch\/wp-content\/uploads\/2022\/07\/CPC-2-1.png\" \/>\n\t<meta property=\"og:image:width\" content=\"800\" \/>\n\t<meta property=\"og:image:height\" content=\"800\" \/>\n\t<meta property=\"og:image:type\" content=\"image\/png\" \/>\n<meta name=\"twitter:card\" content=\"summary_large_image\" \/>\n<meta name=\"twitter:label1\" content=\"Gesch\u00e4tzte Lesezeit\" \/>\n\t<meta name=\"twitter:data1\" content=\"1\u00a0Minute\" \/>\n<script type=\"application\/ld+json\" class=\"yoast-schema-graph\">{\"@context\":\"https:\\\/\\\/schema.org\",\"@graph\":[{\"@type\":\"WebPage\",\"@id\":\"https:\\\/\\\/www.credimex.ch\\\/de\\\/produkt\\\/credimex-guide-shafts\\\/\",\"url\":\"https:\\\/\\\/www.credimex.ch\\\/de\\\/produkt\\\/credimex-guide-shafts\\\/\",\"name\":\"Credimex-F\u00fchrungssch\u00e4fte - CREDIMEX\",\"isPartOf\":{\"@id\":\"https:\\\/\\\/www.credimex.ch\\\/de\\\/#website\"},\"primaryImageOfPage\":{\"@id\":\"https:\\\/\\\/www.credimex.ch\\\/de\\\/produkt\\\/credimex-guide-shafts\\\/#primaryimage\"},\"image\":{\"@id\":\"https:\\\/\\\/www.credimex.ch\\\/de\\\/produkt\\\/credimex-guide-shafts\\\/#primaryimage\"},\"thumbnailUrl\":\"https:\\\/\\\/www.credimex.ch\\\/wp-content\\\/uploads\\\/2022\\\/07\\\/CPC-2-1.png\",\"datePublished\":\"2022-07-12T08:00:19+00:00\",\"dateModified\":\"2023-06-26T14:42:51+00:00\",\"description\":\"Credimex-F\u00fchrungswellen in verschiedenen Materialien und Ausf\u00fchrungen bieten ein bew\u00e4hrtes und wirtschaftliches Linearf\u00fchrungssystem.\",\"breadcrumb\":{\"@id\":\"https:\\\/\\\/www.credimex.ch\\\/de\\\/produkt\\\/credimex-guide-shafts\\\/#breadcrumb\"},\"inLanguage\":\"de\",\"potentialAction\":[{\"@type\":\"ReadAction\",\"target\":[\"https:\\\/\\\/www.credimex.ch\\\/de\\\/produkt\\\/credimex-guide-shafts\\\/\"]}]},{\"@type\":\"ImageObject\",\"inLanguage\":\"de\",\"@id\":\"https:\\\/\\\/www.credimex.ch\\\/de\\\/produkt\\\/credimex-guide-shafts\\\/#primaryimage\",\"url\":\"https:\\\/\\\/www.credimex.ch\\\/wp-content\\\/uploads\\\/2022\\\/07\\\/CPC-2-1.png\",\"contentUrl\":\"https:\\\/\\\/www.credimex.ch\\\/wp-content\\\/uploads\\\/2022\\\/07\\\/CPC-2-1.png\",\"width\":800,\"height\":800},{\"@type\":\"BreadcrumbList\",\"@id\":\"https:\\\/\\\/www.credimex.ch\\\/de\\\/produkt\\\/credimex-guide-shafts\\\/#breadcrumb\",\"itemListElement\":[{\"@type\":\"ListItem\",\"position\":1,\"name\":\"Home\",\"item\":\"https:\\\/\\\/www.credimex.ch\\\/de\\\/\"},{\"@type\":\"ListItem\",\"position\":2,\"name\":\"Produkte\",\"item\":\"https:\\\/\\\/www.credimex.ch\\\/de\\\/produkte\\\/\"},{\"@type\":\"ListItem\",\"position\":3,\"name\":\"Credimex-F\u00fchrungssch\u00e4fte\"}]},{\"@type\":\"WebSite\",\"@id\":\"https:\\\/\\\/www.credimex.ch\\\/de\\\/#website\",\"url\":\"https:\\\/\\\/www.credimex.ch\\\/de\\\/\",\"name\":\"CREDIMEX\",\"description\":\"Partner of Swiss Industrial Market\",\"publisher\":{\"@id\":\"https:\\\/\\\/www.credimex.ch\\\/de\\\/#organization\"},\"potentialAction\":[{\"@type\":\"SearchAction\",\"target\":{\"@type\":\"EntryPoint\",\"urlTemplate\":\"https:\\\/\\\/www.credimex.ch\\\/de\\\/?s={search_term_string}\"},\"query-input\":{\"@type\":\"PropertyValueSpecification\",\"valueRequired\":true,\"valueName\":\"search_term_string\"}}],\"inLanguage\":\"de\"},{\"@type\":\"Organization\",\"@id\":\"https:\\\/\\\/www.credimex.ch\\\/de\\\/#organization\",\"name\":\"credimex\",\"url\":\"https:\\\/\\\/www.credimex.ch\\\/de\\\/\",\"logo\":{\"@type\":\"ImageObject\",\"inLanguage\":\"de\",\"@id\":\"https:\\\/\\\/www.credimex.ch\\\/de\\\/#\\\/schema\\\/logo\\\/image\\\/\",\"url\":\"https:\\\/\\\/www.credimex.ch\\\/wp-content\\\/uploads\\\/2022\\\/03\\\/cropped-logo-credimex.png\",\"contentUrl\":\"https:\\\/\\\/www.credimex.ch\\\/wp-content\\\/uploads\\\/2022\\\/03\\\/cropped-logo-credimex.png\",\"width\":512,\"height\":512,\"caption\":\"credimex\"},\"image\":{\"@id\":\"https:\\\/\\\/www.credimex.ch\\\/de\\\/#\\\/schema\\\/logo\\\/image\\\/\"},\"sameAs\":[\"https:\\\/\\\/www.facebook.com\\\/credimex.alpnach\\\/\",\"https:\\\/\\\/www.linkedin.com\\\/company\\\/credimex\\\/\",\"https:\\\/\\\/www.youtube.com\\\/@CREDIMEX?sub_confirmation=1\"]}]}<\/script>\n<!-- \/ Yoast SEO Premium plugin. -->","yoast_head_json":{"title":"Credimex-F\u00fchrungssch\u00e4fte - CREDIMEX","description":"Credimex-F\u00fchrungswellen in verschiedenen Materialien und Ausf\u00fchrungen bieten ein bew\u00e4hrtes und wirtschaftliches Linearf\u00fchrungssystem.","robots":{"index":"index","follow":"follow","max-snippet":"max-snippet:-1","max-image-preview":"max-image-preview:large","max-video-preview":"max-video-preview:-1"},"canonical":"https:\/\/www.credimex.ch\/de\/produkt\/credimex-guide-shafts\/","og_locale":"de_DE","og_type":"article","og_title":"Credimex-F\u00fchrungssch\u00e4fte","og_description":"Credimex-F\u00fchrungswellen in verschiedenen Materialien und Ausf\u00fchrungen bieten ein bew\u00e4hrtes und wirtschaftliches Linearf\u00fchrungssystem.","og_url":"https:\/\/www.credimex.ch\/de\/produkt\/credimex-guide-shafts\/","og_site_name":"CREDIMEX","article_publisher":"https:\/\/www.facebook.com\/credimex.alpnach\/","article_modified_time":"2023-06-26T14:42:51+00:00","og_image":[{"width":800,"height":800,"url":"https:\/\/www.credimex.ch\/wp-content\/uploads\/2022\/07\/CPC-2-1.png","type":"image\/png"}],"twitter_card":"summary_large_image","twitter_misc":{"Gesch\u00e4tzte Lesezeit":"1\u00a0Minute"},"schema":{"@context":"https:\/\/schema.org","@graph":[{"@type":"WebPage","@id":"https:\/\/www.credimex.ch\/de\/produkt\/credimex-guide-shafts\/","url":"https:\/\/www.credimex.ch\/de\/produkt\/credimex-guide-shafts\/","name":"Credimex-F\u00fchrungssch\u00e4fte - CREDIMEX","isPartOf":{"@id":"https:\/\/www.credimex.ch\/de\/#website"},"primaryImageOfPage":{"@id":"https:\/\/www.credimex.ch\/de\/produkt\/credimex-guide-shafts\/#primaryimage"},"image":{"@id":"https:\/\/www.credimex.ch\/de\/produkt\/credimex-guide-shafts\/#primaryimage"},"thumbnailUrl":"https:\/\/www.credimex.ch\/wp-content\/uploads\/2022\/07\/CPC-2-1.png","datePublished":"2022-07-12T08:00:19+00:00","dateModified":"2023-06-26T14:42:51+00:00","description":"Credimex-F\u00fchrungswellen in verschiedenen Materialien und Ausf\u00fchrungen bieten ein bew\u00e4hrtes und wirtschaftliches Linearf\u00fchrungssystem.","breadcrumb":{"@id":"https:\/\/www.credimex.ch\/de\/produkt\/credimex-guide-shafts\/#breadcrumb"},"inLanguage":"de","potentialAction":[{"@type":"ReadAction","target":["https:\/\/www.credimex.ch\/de\/produkt\/credimex-guide-shafts\/"]}]},{"@type":"ImageObject","inLanguage":"de","@id":"https:\/\/www.credimex.ch\/de\/produkt\/credimex-guide-shafts\/#primaryimage","url":"https:\/\/www.credimex.ch\/wp-content\/uploads\/2022\/07\/CPC-2-1.png","contentUrl":"https:\/\/www.credimex.ch\/wp-content\/uploads\/2022\/07\/CPC-2-1.png","width":800,"height":800},{"@type":"BreadcrumbList","@id":"https:\/\/www.credimex.ch\/de\/produkt\/credimex-guide-shafts\/#breadcrumb","itemListElement":[{"@type":"ListItem","position":1,"name":"Home","item":"https:\/\/www.credimex.ch\/de\/"},{"@type":"ListItem","position":2,"name":"Produkte","item":"https:\/\/www.credimex.ch\/de\/produkte\/"},{"@type":"ListItem","position":3,"name":"Credimex-F\u00fchrungssch\u00e4fte"}]},{"@type":"WebSite","@id":"https:\/\/www.credimex.ch\/de\/#website","url":"https:\/\/www.credimex.ch\/de\/","name":"CREDIMEX","description":"Partner of Swiss Industrial Market","publisher":{"@id":"https:\/\/www.credimex.ch\/de\/#organization"},"potentialAction":[{"@type":"SearchAction","target":{"@type":"EntryPoint","urlTemplate":"https:\/\/www.credimex.ch\/de\/?s={search_term_string}"},"query-input":{"@type":"PropertyValueSpecification","valueRequired":true,"valueName":"search_term_string"}}],"inLanguage":"de"},{"@type":"Organization","@id":"https:\/\/www.credimex.ch\/de\/#organization","name":"credimex","url":"https:\/\/www.credimex.ch\/de\/","logo":{"@type":"ImageObject","inLanguage":"de","@id":"https:\/\/www.credimex.ch\/de\/#\/schema\/logo\/image\/","url":"https:\/\/www.credimex.ch\/wp-content\/uploads\/2022\/03\/cropped-logo-credimex.png","contentUrl":"https:\/\/www.credimex.ch\/wp-content\/uploads\/2022\/03\/cropped-logo-credimex.png","width":512,"height":512,"caption":"credimex"},"image":{"@id":"https:\/\/www.credimex.ch\/de\/#\/schema\/logo\/image\/"},"sameAs":["https:\/\/www.facebook.com\/credimex.alpnach\/","https:\/\/www.linkedin.com\/company\/credimex\/","https:\/\/www.youtube.com\/@CREDIMEX?sub_confirmation=1"]}]}},"_links":{"self":[{"href":"https:\/\/www.credimex.ch\/de\/wp-json\/wp\/v2\/product\/3995","targetHints":{"allow":["GET"]}}],"collection":[{"href":"https:\/\/www.credimex.ch\/de\/wp-json\/wp\/v2\/product"}],"about":[{"href":"https:\/\/www.credimex.ch\/de\/wp-json\/wp\/v2\/types\/product"}],"replies":[{"embeddable":true,"href":"https:\/\/www.credimex.ch\/de\/wp-json\/wp\/v2\/comments?post=3995"}],"wp:featuredmedia":[{"embeddable":true,"href":"https:\/\/www.credimex.ch\/de\/wp-json\/wp\/v2\/media\/3531"}],"wp:attachment":[{"href":"https:\/\/www.credimex.ch\/de\/wp-json\/wp\/v2\/media?parent=3995"}],"wp:term":[{"taxonomy":"product_brand","embeddable":true,"href":"https:\/\/www.credimex.ch\/de\/wp-json\/wp\/v2\/product_brand?post=3995"},{"taxonomy":"product_cat","embeddable":true,"href":"https:\/\/www.credimex.ch\/de\/wp-json\/wp\/v2\/product_cat?post=3995"},{"taxonomy":"product_tag","embeddable":true,"href":"https:\/\/www.credimex.ch\/de\/wp-json\/wp\/v2\/product_tag?post=3995"}],"curies":[{"name":"wp","href":"https:\/\/api.w.org\/{rel}","templated":true}]}}