{"id":4015,"date":"2022-07-08T11:30:47","date_gmt":"2022-07-08T09:30:47","guid":{"rendered":"https:\/\/www.credimex.ch.mialias.net\/product\/sbc-robotertraeger\/"},"modified":"2022-12-30T10:28:14","modified_gmt":"2022-12-30T09:28:14","slug":"sbc-robot-carrier","status":"publish","type":"product","link":"https:\/\/www.credimex.ch\/de\/produkt\/sbc-robot-carrier\/","title":{"rendered":"SBC Robotertr\u00e4ger"},"content":{"rendered":"<h2>Beschreibung<\/h2>\n<p>Das SBC-Robotertr\u00e4gerprogramm umfasst die folgenden Produktreihen:<\/p>\n<ul>\n<li>Wagen 3 Rollen<\/li>\n<li>Wagen 5 Rollen<\/li>\n<li>Schlitten Option: Rollenlager, Ritzel, Abstreifer und Schmierungseinheit<\/li>\n<li>Flache Schiene: F308, F312<\/li>\n<li>Regalschiene: R308, R312<\/li>\n<\/ul>\n<h2>Produktvorteile<\/h2>\n<p>Das F\u00fchrungssystem des Robotertr\u00e4gers besteht aus Zahnstangen, Flachschienen und Ritzelr\u00e4dern. Es handelt sich um ein F\u00fchrungssystem, das eine hohe Belastung, eine hohe Steifigkeit und eine hohe Fahrgeschwindigkeit mit Hilfe eines speziellen Rollenschlittens erm\u00f6glicht.<\/p>\n<p>Der Wagen besteht aus 3 oder 5 Rollen. Eine Rolle ist konzentrisch (fest) und zwei\/vier Rollen sind exzentrische Rollen (einstellbar). Eine korrekte Einstellung erm\u00f6glicht hohe Geschwindigkeiten bei hohen Lasten.<\/p>\n<h2>Anwendung<\/h2>\n<p>Die Produkte sind f\u00fcr eine Vielzahl von industriellen Anwendungen konzipiert.<\/p>\n","protected":false},"excerpt":{"rendered":"<p>Der <strong>SBC-Robotertr\u00e4ger<\/strong> ist ein F\u00fchrungssystem, das eine hohe Belastung, eine hohe Steifigkeit und eine hohe Fahrgeschwindigkeit durch einen speziellen Rollenschlitten erm\u00f6glicht.<\/p>\n","protected":false},"featured_media":3491,"comment_status":"open","ping_status":"closed","template":"","meta":{"_acf_changed":false},"product_brand":[],"product_cat":[369,351,419,380,379,417,390,370,566,352,420,576,418,478],"product_tag":[],"class_list":{"0":"post-4015","1":"product","2":"type-product","3":"status-publish","4":"has-post-thumbnail","6":"product_cat-allgemeine-industrie","7":"product_cat-automobilindustrie","8":"product_cat-batterien","9":"product_cat-e-mobilitat","10":"product_cat-eisenbahn","11":"product_cat-elektronik","12":"product_cat-energie","13":"product_cat-lebensmittelindustrie","14":"product_cat-linearfuhrungstechnik","15":"product_cat-luft-und-raumfahrtindustrie","16":"product_cat-medizinal-industrie","17":"product_cat-sbc","18":"product_cat-seilbahnen","19":"product_cat-uhrenherstellung","20":"pa_brands-sbc-de","22":"first","23":"instock","24":"shipping-taxable","25":"product-type-simple"},"acf":[],"_yoast_wpseo_focuskw":"SBC Robotertr\u00e4ger","_yoast_wpseo_metadesc":"Der SBC-Robotertr\u00e4ger ist ein F\u00fchrungssystem, das eine hohe Belastung, eine hohe Steifigkeit und eine hohe Fahrgeschwindigkeit durch einen speziellen Rollenschlitten erm\u00f6glicht.","yoast_head":"<!-- This site is optimized with the Yoast SEO Premium plugin v21.6 (Yoast SEO v27.4) - https:\/\/yoast.com\/product\/yoast-seo-premium-wordpress\/ -->\n<title>SBC Robotertr\u00e4ger - CREDIMEX<\/title>\n<meta name=\"description\" content=\"Der SBC-Robotertr\u00e4ger ist ein F\u00fchrungssystem, das eine hohe Belastung, eine hohe Steifigkeit und eine hohe Fahrgeschwindigkeit durch einen speziellen Rollenschlitten erm\u00f6glicht.\" \/>\n<meta name=\"robots\" content=\"index, follow, max-snippet:-1, max-image-preview:large, max-video-preview:-1\" \/>\n<link rel=\"canonical\" href=\"https:\/\/www.credimex.ch\/de\/produkt\/sbc-robot-carrier\/\" \/>\n<meta property=\"og:locale\" content=\"de_DE\" \/>\n<meta property=\"og:type\" content=\"article\" \/>\n<meta property=\"og:title\" content=\"SBC Robotertr\u00e4ger\" \/>\n<meta property=\"og:description\" content=\"Der SBC-Robotertr\u00e4ger ist ein F\u00fchrungssystem, das eine hohe Belastung, eine hohe Steifigkeit und eine hohe Fahrgeschwindigkeit durch einen speziellen Rollenschlitten erm\u00f6glicht.\" \/>\n<meta property=\"og:url\" content=\"https:\/\/www.credimex.ch\/de\/produkt\/sbc-robot-carrier\/\" \/>\n<meta property=\"og:site_name\" content=\"CREDIMEX\" \/>\n<meta property=\"article:publisher\" content=\"https:\/\/www.facebook.com\/credimex.alpnach\/\" \/>\n<meta property=\"article:modified_time\" content=\"2022-12-30T09:28:14+00:00\" \/>\n<meta property=\"og:image\" content=\"https:\/\/www.credimex.ch\/wp-content\/uploads\/2022\/07\/carrige3.jpeg\" \/>\n\t<meta property=\"og:image:width\" content=\"1500\" \/>\n\t<meta property=\"og:image:height\" content=\"1500\" \/>\n\t<meta property=\"og:image:type\" content=\"image\/jpeg\" \/>\n<meta name=\"twitter:card\" content=\"summary_large_image\" \/>\n<meta name=\"twitter:label1\" content=\"Gesch\u00e4tzte Lesezeit\" \/>\n\t<meta name=\"twitter:data1\" content=\"1\u00a0Minute\" \/>\n<script type=\"application\/ld+json\" class=\"yoast-schema-graph\">{\"@context\":\"https:\\\/\\\/schema.org\",\"@graph\":[{\"@type\":\"WebPage\",\"@id\":\"https:\\\/\\\/www.credimex.ch\\\/de\\\/produkt\\\/sbc-robot-carrier\\\/\",\"url\":\"https:\\\/\\\/www.credimex.ch\\\/de\\\/produkt\\\/sbc-robot-carrier\\\/\",\"name\":\"SBC Robotertr\u00e4ger - CREDIMEX\",\"isPartOf\":{\"@id\":\"https:\\\/\\\/www.credimex.ch\\\/de\\\/#website\"},\"primaryImageOfPage\":{\"@id\":\"https:\\\/\\\/www.credimex.ch\\\/de\\\/produkt\\\/sbc-robot-carrier\\\/#primaryimage\"},\"image\":{\"@id\":\"https:\\\/\\\/www.credimex.ch\\\/de\\\/produkt\\\/sbc-robot-carrier\\\/#primaryimage\"},\"thumbnailUrl\":\"https:\\\/\\\/www.credimex.ch\\\/wp-content\\\/uploads\\\/2022\\\/07\\\/carrige3.jpeg\",\"datePublished\":\"2022-07-08T09:30:47+00:00\",\"dateModified\":\"2022-12-30T09:28:14+00:00\",\"description\":\"Der SBC-Robotertr\u00e4ger ist ein F\u00fchrungssystem, das eine hohe Belastung, eine hohe Steifigkeit und eine hohe Fahrgeschwindigkeit durch einen speziellen Rollenschlitten erm\u00f6glicht.\",\"breadcrumb\":{\"@id\":\"https:\\\/\\\/www.credimex.ch\\\/de\\\/produkt\\\/sbc-robot-carrier\\\/#breadcrumb\"},\"inLanguage\":\"de\",\"potentialAction\":[{\"@type\":\"ReadAction\",\"target\":[\"https:\\\/\\\/www.credimex.ch\\\/de\\\/produkt\\\/sbc-robot-carrier\\\/\"]}]},{\"@type\":\"ImageObject\",\"inLanguage\":\"de\",\"@id\":\"https:\\\/\\\/www.credimex.ch\\\/de\\\/produkt\\\/sbc-robot-carrier\\\/#primaryimage\",\"url\":\"https:\\\/\\\/www.credimex.ch\\\/wp-content\\\/uploads\\\/2022\\\/07\\\/carrige3.jpeg\",\"contentUrl\":\"https:\\\/\\\/www.credimex.ch\\\/wp-content\\\/uploads\\\/2022\\\/07\\\/carrige3.jpeg\",\"width\":1500,\"height\":1500},{\"@type\":\"BreadcrumbList\",\"@id\":\"https:\\\/\\\/www.credimex.ch\\\/de\\\/produkt\\\/sbc-robot-carrier\\\/#breadcrumb\",\"itemListElement\":[{\"@type\":\"ListItem\",\"position\":1,\"name\":\"Home\",\"item\":\"https:\\\/\\\/www.credimex.ch\\\/de\\\/\"},{\"@type\":\"ListItem\",\"position\":2,\"name\":\"Produkte\",\"item\":\"https:\\\/\\\/www.credimex.ch\\\/de\\\/produkte\\\/\"},{\"@type\":\"ListItem\",\"position\":3,\"name\":\"SBC Robotertr\u00e4ger\"}]},{\"@type\":\"WebSite\",\"@id\":\"https:\\\/\\\/www.credimex.ch\\\/de\\\/#website\",\"url\":\"https:\\\/\\\/www.credimex.ch\\\/de\\\/\",\"name\":\"CREDIMEX\",\"description\":\"Partner of Swiss Industrial Market\",\"publisher\":{\"@id\":\"https:\\\/\\\/www.credimex.ch\\\/de\\\/#organization\"},\"potentialAction\":[{\"@type\":\"SearchAction\",\"target\":{\"@type\":\"EntryPoint\",\"urlTemplate\":\"https:\\\/\\\/www.credimex.ch\\\/de\\\/?s={search_term_string}\"},\"query-input\":{\"@type\":\"PropertyValueSpecification\",\"valueRequired\":true,\"valueName\":\"search_term_string\"}}],\"inLanguage\":\"de\"},{\"@type\":\"Organization\",\"@id\":\"https:\\\/\\\/www.credimex.ch\\\/de\\\/#organization\",\"name\":\"credimex\",\"url\":\"https:\\\/\\\/www.credimex.ch\\\/de\\\/\",\"logo\":{\"@type\":\"ImageObject\",\"inLanguage\":\"de\",\"@id\":\"https:\\\/\\\/www.credimex.ch\\\/de\\\/#\\\/schema\\\/logo\\\/image\\\/\",\"url\":\"https:\\\/\\\/www.credimex.ch\\\/wp-content\\\/uploads\\\/2022\\\/03\\\/cropped-logo-credimex.png\",\"contentUrl\":\"https:\\\/\\\/www.credimex.ch\\\/wp-content\\\/uploads\\\/2022\\\/03\\\/cropped-logo-credimex.png\",\"width\":512,\"height\":512,\"caption\":\"credimex\"},\"image\":{\"@id\":\"https:\\\/\\\/www.credimex.ch\\\/de\\\/#\\\/schema\\\/logo\\\/image\\\/\"},\"sameAs\":[\"https:\\\/\\\/www.facebook.com\\\/credimex.alpnach\\\/\",\"https:\\\/\\\/www.linkedin.com\\\/company\\\/credimex\\\/\",\"https:\\\/\\\/www.youtube.com\\\/@CREDIMEX?sub_confirmation=1\"]}]}<\/script>\n<!-- \/ Yoast SEO Premium plugin. -->","yoast_head_json":{"title":"SBC Robotertr\u00e4ger - CREDIMEX","description":"Der SBC-Robotertr\u00e4ger ist ein F\u00fchrungssystem, das eine hohe Belastung, eine hohe Steifigkeit und eine hohe Fahrgeschwindigkeit durch einen speziellen Rollenschlitten erm\u00f6glicht.","robots":{"index":"index","follow":"follow","max-snippet":"max-snippet:-1","max-image-preview":"max-image-preview:large","max-video-preview":"max-video-preview:-1"},"canonical":"https:\/\/www.credimex.ch\/de\/produkt\/sbc-robot-carrier\/","og_locale":"de_DE","og_type":"article","og_title":"SBC Robotertr\u00e4ger","og_description":"Der SBC-Robotertr\u00e4ger ist ein F\u00fchrungssystem, das eine hohe Belastung, eine hohe Steifigkeit und eine hohe Fahrgeschwindigkeit durch einen speziellen Rollenschlitten erm\u00f6glicht.","og_url":"https:\/\/www.credimex.ch\/de\/produkt\/sbc-robot-carrier\/","og_site_name":"CREDIMEX","article_publisher":"https:\/\/www.facebook.com\/credimex.alpnach\/","article_modified_time":"2022-12-30T09:28:14+00:00","og_image":[{"width":1500,"height":1500,"url":"https:\/\/www.credimex.ch\/wp-content\/uploads\/2022\/07\/carrige3.jpeg","type":"image\/jpeg"}],"twitter_card":"summary_large_image","twitter_misc":{"Gesch\u00e4tzte Lesezeit":"1\u00a0Minute"},"schema":{"@context":"https:\/\/schema.org","@graph":[{"@type":"WebPage","@id":"https:\/\/www.credimex.ch\/de\/produkt\/sbc-robot-carrier\/","url":"https:\/\/www.credimex.ch\/de\/produkt\/sbc-robot-carrier\/","name":"SBC Robotertr\u00e4ger - CREDIMEX","isPartOf":{"@id":"https:\/\/www.credimex.ch\/de\/#website"},"primaryImageOfPage":{"@id":"https:\/\/www.credimex.ch\/de\/produkt\/sbc-robot-carrier\/#primaryimage"},"image":{"@id":"https:\/\/www.credimex.ch\/de\/produkt\/sbc-robot-carrier\/#primaryimage"},"thumbnailUrl":"https:\/\/www.credimex.ch\/wp-content\/uploads\/2022\/07\/carrige3.jpeg","datePublished":"2022-07-08T09:30:47+00:00","dateModified":"2022-12-30T09:28:14+00:00","description":"Der SBC-Robotertr\u00e4ger ist ein F\u00fchrungssystem, das eine hohe Belastung, eine hohe Steifigkeit und eine hohe Fahrgeschwindigkeit durch einen speziellen Rollenschlitten erm\u00f6glicht.","breadcrumb":{"@id":"https:\/\/www.credimex.ch\/de\/produkt\/sbc-robot-carrier\/#breadcrumb"},"inLanguage":"de","potentialAction":[{"@type":"ReadAction","target":["https:\/\/www.credimex.ch\/de\/produkt\/sbc-robot-carrier\/"]}]},{"@type":"ImageObject","inLanguage":"de","@id":"https:\/\/www.credimex.ch\/de\/produkt\/sbc-robot-carrier\/#primaryimage","url":"https:\/\/www.credimex.ch\/wp-content\/uploads\/2022\/07\/carrige3.jpeg","contentUrl":"https:\/\/www.credimex.ch\/wp-content\/uploads\/2022\/07\/carrige3.jpeg","width":1500,"height":1500},{"@type":"BreadcrumbList","@id":"https:\/\/www.credimex.ch\/de\/produkt\/sbc-robot-carrier\/#breadcrumb","itemListElement":[{"@type":"ListItem","position":1,"name":"Home","item":"https:\/\/www.credimex.ch\/de\/"},{"@type":"ListItem","position":2,"name":"Produkte","item":"https:\/\/www.credimex.ch\/de\/produkte\/"},{"@type":"ListItem","position":3,"name":"SBC Robotertr\u00e4ger"}]},{"@type":"WebSite","@id":"https:\/\/www.credimex.ch\/de\/#website","url":"https:\/\/www.credimex.ch\/de\/","name":"CREDIMEX","description":"Partner of Swiss Industrial Market","publisher":{"@id":"https:\/\/www.credimex.ch\/de\/#organization"},"potentialAction":[{"@type":"SearchAction","target":{"@type":"EntryPoint","urlTemplate":"https:\/\/www.credimex.ch\/de\/?s={search_term_string}"},"query-input":{"@type":"PropertyValueSpecification","valueRequired":true,"valueName":"search_term_string"}}],"inLanguage":"de"},{"@type":"Organization","@id":"https:\/\/www.credimex.ch\/de\/#organization","name":"credimex","url":"https:\/\/www.credimex.ch\/de\/","logo":{"@type":"ImageObject","inLanguage":"de","@id":"https:\/\/www.credimex.ch\/de\/#\/schema\/logo\/image\/","url":"https:\/\/www.credimex.ch\/wp-content\/uploads\/2022\/03\/cropped-logo-credimex.png","contentUrl":"https:\/\/www.credimex.ch\/wp-content\/uploads\/2022\/03\/cropped-logo-credimex.png","width":512,"height":512,"caption":"credimex"},"image":{"@id":"https:\/\/www.credimex.ch\/de\/#\/schema\/logo\/image\/"},"sameAs":["https:\/\/www.facebook.com\/credimex.alpnach\/","https:\/\/www.linkedin.com\/company\/credimex\/","https:\/\/www.youtube.com\/@CREDIMEX?sub_confirmation=1"]}]}},"_links":{"self":[{"href":"https:\/\/www.credimex.ch\/de\/wp-json\/wp\/v2\/product\/4015","targetHints":{"allow":["GET"]}}],"collection":[{"href":"https:\/\/www.credimex.ch\/de\/wp-json\/wp\/v2\/product"}],"about":[{"href":"https:\/\/www.credimex.ch\/de\/wp-json\/wp\/v2\/types\/product"}],"replies":[{"embeddable":true,"href":"https:\/\/www.credimex.ch\/de\/wp-json\/wp\/v2\/comments?post=4015"}],"wp:featuredmedia":[{"embeddable":true,"href":"https:\/\/www.credimex.ch\/de\/wp-json\/wp\/v2\/media\/3491"}],"wp:attachment":[{"href":"https:\/\/www.credimex.ch\/de\/wp-json\/wp\/v2\/media?parent=4015"}],"wp:term":[{"taxonomy":"product_brand","embeddable":true,"href":"https:\/\/www.credimex.ch\/de\/wp-json\/wp\/v2\/product_brand?post=4015"},{"taxonomy":"product_cat","embeddable":true,"href":"https:\/\/www.credimex.ch\/de\/wp-json\/wp\/v2\/product_cat?post=4015"},{"taxonomy":"product_tag","embeddable":true,"href":"https:\/\/www.credimex.ch\/de\/wp-json\/wp\/v2\/product_tag?post=4015"}],"curies":[{"name":"wp","href":"https:\/\/api.w.org\/{rel}","templated":true}]}}