{"id":4025,"date":"2022-07-08T10:08:57","date_gmt":"2022-07-08T08:08:57","guid":{"rendered":"https:\/\/www.credimex.ch.mialias.net\/product\/sbv-sbi-ballfuehrer\/"},"modified":"2023-01-04T09:59:08","modified_gmt":"2023-01-04T08:59:08","slug":"sbc-sbi-ball-guide","status":"publish","type":"product","link":"https:\/\/www.credimex.ch\/de\/produkt\/sbc-sbi-ball-guide\/","title":{"rendered":"SBV SBI-Ballf\u00fchrer"},"content":{"rendered":"<h2>Beschreibung<\/h2>\n<p>SBC SBI Ball Guide umfasst die folgenden Produktserien:<\/p>\n<ul>\n<li>Schwerlastflansch Typ SBI-FLS\/FL\/FLL<\/li>\n<li>Schlanker Schwerlasttyp SBI-SLS\/SL\/SLL<\/li>\n<li>Flaches Profil Typ SBI-HLS\/HL\/HLL<\/li>\n<li>Kompakter schlanker Typ SBI-CLS\/CL\/CLL<\/li>\n<li>Kurzer Flansch Typ SBI-FV<\/li>\n<li>Kurzer schlanker Typ SBI-SV<\/li>\n<\/ul>\n<h2>Produktvorteile<\/h2>\n<ul>\n<li>Sanfte Bewegung mit grosser zul\u00e4ssiger Last und hohe Steifigkeit in allen Richtungen sind die Hauptmerkmale der SBI-Serie.<\/li>\n<li>Die Kreisbogen-Laufbahnstruktur sorgt f\u00fcr hohe Steifigkeit und grosse zul\u00e4ssige Belastung.<\/li>\n<li>Die vierreihige Kreisbogennut mit 2 Kontaktpunkten erzeugt die gleiche Belastung in alle Richtungen.<\/li>\n<li>Die DF-Struktur sorgt f\u00fcr geringe instrumentelle Fehler.<\/li>\n<li>Der niedrige Reibungskoeffizient sorgt f\u00fcr eine hohe Energieeffizienz.<\/li>\n<li>Einfache Wartung.<\/li>\n<li>Verbessern Sie die Produktivit\u00e4t der Maschine.<\/li>\n<li>Verschiedene Optionen, einfaches Maschinendesign und l\u00e4ngere Lebensdauer.<\/li>\n<\/ul>\n<h2>Anwendung<\/h2>\n<p>Die Produkte sind f\u00fcr eine Vielzahl von industriellen Anwendungen konzipiert.<\/p>\n","protected":false},"excerpt":{"rendered":"<p>Leichtg\u00e4ngige Bewegung mit grosser zul\u00e4ssiger Belastung und hohe Steifigkeit in allen Richtungen sind die Hauptmerkmale der<strong> SBC SBI Kugelf\u00fchrungen.<\/strong><\/p>\n","protected":false},"featured_media":3481,"comment_status":"open","ping_status":"closed","template":"","meta":{"_acf_changed":false},"product_brand":[],"product_cat":[369,351,419,380,379,417,390,370,566,352,420,576,418,478],"product_tag":[],"class_list":{"0":"post-4025","1":"product","2":"type-product","3":"status-publish","4":"has-post-thumbnail","6":"product_cat-allgemeine-industrie","7":"product_cat-automobilindustrie","8":"product_cat-batterien","9":"product_cat-e-mobilitat","10":"product_cat-eisenbahn","11":"product_cat-elektronik","12":"product_cat-energie","13":"product_cat-lebensmittelindustrie","14":"product_cat-linearfuhrungstechnik","15":"product_cat-luft-und-raumfahrtindustrie","16":"product_cat-medizinal-industrie","17":"product_cat-sbc","18":"product_cat-seilbahnen","19":"product_cat-uhrenherstellung","20":"pa_brands-sbc-de","22":"first","23":"instock","24":"shipping-taxable","25":"product-type-simple"},"acf":[],"_yoast_wpseo_focuskw":"SBV SBI-Ballf\u00fchrer","_yoast_wpseo_metadesc":"Leichtg\u00e4ngige Bewegung mit grosser zul\u00e4ssiger Belastung und hohe Steifigkeit in allen Richtungen sind die Hauptmerkmale der SBC SBI Kugelf\u00fchrungen.","yoast_head":"<!-- This site is optimized with the Yoast SEO Premium plugin v21.6 (Yoast SEO v27.4) - https:\/\/yoast.com\/product\/yoast-seo-premium-wordpress\/ -->\n<title>SBV SBI-Ballf\u00fchrer - CREDIMEX<\/title>\n<meta name=\"description\" content=\"Leichtg\u00e4ngige Bewegung mit grosser zul\u00e4ssiger Belastung und hohe Steifigkeit in allen Richtungen sind die Hauptmerkmale der SBC SBI Kugelf\u00fchrungen.\" \/>\n<meta name=\"robots\" content=\"index, follow, max-snippet:-1, max-image-preview:large, max-video-preview:-1\" \/>\n<link rel=\"canonical\" href=\"https:\/\/www.credimex.ch\/de\/produkt\/sbc-sbi-ball-guide\/\" \/>\n<meta property=\"og:locale\" content=\"de_DE\" \/>\n<meta property=\"og:type\" content=\"article\" \/>\n<meta property=\"og:title\" content=\"SBV SBI-Ballf\u00fchrer\" \/>\n<meta property=\"og:description\" content=\"Leichtg\u00e4ngige Bewegung mit grosser zul\u00e4ssiger Belastung und hohe Steifigkeit in allen Richtungen sind die Hauptmerkmale der SBC SBI Kugelf\u00fchrungen.\" \/>\n<meta property=\"og:url\" content=\"https:\/\/www.credimex.ch\/de\/produkt\/sbc-sbi-ball-guide\/\" \/>\n<meta property=\"og:site_name\" content=\"CREDIMEX\" \/>\n<meta property=\"article:publisher\" content=\"https:\/\/www.facebook.com\/credimex.alpnach\/\" \/>\n<meta property=\"article:modified_time\" content=\"2023-01-04T08:59:08+00:00\" \/>\n<meta property=\"og:image\" content=\"https:\/\/www.credimex.ch\/wp-content\/uploads\/2022\/07\/DSC_3117.jpeg\" \/>\n\t<meta property=\"og:image:width\" content=\"1500\" \/>\n\t<meta property=\"og:image:height\" content=\"1500\" \/>\n\t<meta property=\"og:image:type\" content=\"image\/jpeg\" \/>\n<meta name=\"twitter:card\" content=\"summary_large_image\" \/>\n<meta name=\"twitter:label1\" content=\"Gesch\u00e4tzte Lesezeit\" \/>\n\t<meta name=\"twitter:data1\" content=\"1\u00a0Minute\" \/>\n<script type=\"application\/ld+json\" class=\"yoast-schema-graph\">{\"@context\":\"https:\\\/\\\/schema.org\",\"@graph\":[{\"@type\":\"WebPage\",\"@id\":\"https:\\\/\\\/www.credimex.ch\\\/de\\\/produkt\\\/sbc-sbi-ball-guide\\\/\",\"url\":\"https:\\\/\\\/www.credimex.ch\\\/de\\\/produkt\\\/sbc-sbi-ball-guide\\\/\",\"name\":\"SBV SBI-Ballf\u00fchrer - CREDIMEX\",\"isPartOf\":{\"@id\":\"https:\\\/\\\/www.credimex.ch\\\/de\\\/#website\"},\"primaryImageOfPage\":{\"@id\":\"https:\\\/\\\/www.credimex.ch\\\/de\\\/produkt\\\/sbc-sbi-ball-guide\\\/#primaryimage\"},\"image\":{\"@id\":\"https:\\\/\\\/www.credimex.ch\\\/de\\\/produkt\\\/sbc-sbi-ball-guide\\\/#primaryimage\"},\"thumbnailUrl\":\"https:\\\/\\\/www.credimex.ch\\\/wp-content\\\/uploads\\\/2022\\\/07\\\/DSC_3117.jpeg\",\"datePublished\":\"2022-07-08T08:08:57+00:00\",\"dateModified\":\"2023-01-04T08:59:08+00:00\",\"description\":\"Leichtg\u00e4ngige Bewegung mit grosser zul\u00e4ssiger Belastung und hohe Steifigkeit in allen Richtungen sind die Hauptmerkmale der SBC SBI Kugelf\u00fchrungen.\",\"breadcrumb\":{\"@id\":\"https:\\\/\\\/www.credimex.ch\\\/de\\\/produkt\\\/sbc-sbi-ball-guide\\\/#breadcrumb\"},\"inLanguage\":\"de\",\"potentialAction\":[{\"@type\":\"ReadAction\",\"target\":[\"https:\\\/\\\/www.credimex.ch\\\/de\\\/produkt\\\/sbc-sbi-ball-guide\\\/\"]}]},{\"@type\":\"ImageObject\",\"inLanguage\":\"de\",\"@id\":\"https:\\\/\\\/www.credimex.ch\\\/de\\\/produkt\\\/sbc-sbi-ball-guide\\\/#primaryimage\",\"url\":\"https:\\\/\\\/www.credimex.ch\\\/wp-content\\\/uploads\\\/2022\\\/07\\\/DSC_3117.jpeg\",\"contentUrl\":\"https:\\\/\\\/www.credimex.ch\\\/wp-content\\\/uploads\\\/2022\\\/07\\\/DSC_3117.jpeg\",\"width\":1500,\"height\":1500},{\"@type\":\"BreadcrumbList\",\"@id\":\"https:\\\/\\\/www.credimex.ch\\\/de\\\/produkt\\\/sbc-sbi-ball-guide\\\/#breadcrumb\",\"itemListElement\":[{\"@type\":\"ListItem\",\"position\":1,\"name\":\"Home\",\"item\":\"https:\\\/\\\/www.credimex.ch\\\/de\\\/\"},{\"@type\":\"ListItem\",\"position\":2,\"name\":\"Produkte\",\"item\":\"https:\\\/\\\/www.credimex.ch\\\/de\\\/produkte\\\/\"},{\"@type\":\"ListItem\",\"position\":3,\"name\":\"SBV SBI-Ballf\u00fchrer\"}]},{\"@type\":\"WebSite\",\"@id\":\"https:\\\/\\\/www.credimex.ch\\\/de\\\/#website\",\"url\":\"https:\\\/\\\/www.credimex.ch\\\/de\\\/\",\"name\":\"CREDIMEX\",\"description\":\"Partner of Swiss Industrial Market\",\"publisher\":{\"@id\":\"https:\\\/\\\/www.credimex.ch\\\/de\\\/#organization\"},\"potentialAction\":[{\"@type\":\"SearchAction\",\"target\":{\"@type\":\"EntryPoint\",\"urlTemplate\":\"https:\\\/\\\/www.credimex.ch\\\/de\\\/?s={search_term_string}\"},\"query-input\":{\"@type\":\"PropertyValueSpecification\",\"valueRequired\":true,\"valueName\":\"search_term_string\"}}],\"inLanguage\":\"de\"},{\"@type\":\"Organization\",\"@id\":\"https:\\\/\\\/www.credimex.ch\\\/de\\\/#organization\",\"name\":\"credimex\",\"url\":\"https:\\\/\\\/www.credimex.ch\\\/de\\\/\",\"logo\":{\"@type\":\"ImageObject\",\"inLanguage\":\"de\",\"@id\":\"https:\\\/\\\/www.credimex.ch\\\/de\\\/#\\\/schema\\\/logo\\\/image\\\/\",\"url\":\"https:\\\/\\\/www.credimex.ch\\\/wp-content\\\/uploads\\\/2022\\\/03\\\/cropped-logo-credimex.png\",\"contentUrl\":\"https:\\\/\\\/www.credimex.ch\\\/wp-content\\\/uploads\\\/2022\\\/03\\\/cropped-logo-credimex.png\",\"width\":512,\"height\":512,\"caption\":\"credimex\"},\"image\":{\"@id\":\"https:\\\/\\\/www.credimex.ch\\\/de\\\/#\\\/schema\\\/logo\\\/image\\\/\"},\"sameAs\":[\"https:\\\/\\\/www.facebook.com\\\/credimex.alpnach\\\/\",\"https:\\\/\\\/www.linkedin.com\\\/company\\\/credimex\\\/\",\"https:\\\/\\\/www.youtube.com\\\/@CREDIMEX?sub_confirmation=1\"]}]}<\/script>\n<!-- \/ Yoast SEO Premium plugin. -->","yoast_head_json":{"title":"SBV SBI-Ballf\u00fchrer - CREDIMEX","description":"Leichtg\u00e4ngige Bewegung mit grosser zul\u00e4ssiger Belastung und hohe Steifigkeit in allen Richtungen sind die Hauptmerkmale der SBC SBI Kugelf\u00fchrungen.","robots":{"index":"index","follow":"follow","max-snippet":"max-snippet:-1","max-image-preview":"max-image-preview:large","max-video-preview":"max-video-preview:-1"},"canonical":"https:\/\/www.credimex.ch\/de\/produkt\/sbc-sbi-ball-guide\/","og_locale":"de_DE","og_type":"article","og_title":"SBV SBI-Ballf\u00fchrer","og_description":"Leichtg\u00e4ngige Bewegung mit grosser zul\u00e4ssiger Belastung und hohe Steifigkeit in allen Richtungen sind die Hauptmerkmale der SBC SBI Kugelf\u00fchrungen.","og_url":"https:\/\/www.credimex.ch\/de\/produkt\/sbc-sbi-ball-guide\/","og_site_name":"CREDIMEX","article_publisher":"https:\/\/www.facebook.com\/credimex.alpnach\/","article_modified_time":"2023-01-04T08:59:08+00:00","og_image":[{"width":1500,"height":1500,"url":"https:\/\/www.credimex.ch\/wp-content\/uploads\/2022\/07\/DSC_3117.jpeg","type":"image\/jpeg"}],"twitter_card":"summary_large_image","twitter_misc":{"Gesch\u00e4tzte Lesezeit":"1\u00a0Minute"},"schema":{"@context":"https:\/\/schema.org","@graph":[{"@type":"WebPage","@id":"https:\/\/www.credimex.ch\/de\/produkt\/sbc-sbi-ball-guide\/","url":"https:\/\/www.credimex.ch\/de\/produkt\/sbc-sbi-ball-guide\/","name":"SBV SBI-Ballf\u00fchrer - CREDIMEX","isPartOf":{"@id":"https:\/\/www.credimex.ch\/de\/#website"},"primaryImageOfPage":{"@id":"https:\/\/www.credimex.ch\/de\/produkt\/sbc-sbi-ball-guide\/#primaryimage"},"image":{"@id":"https:\/\/www.credimex.ch\/de\/produkt\/sbc-sbi-ball-guide\/#primaryimage"},"thumbnailUrl":"https:\/\/www.credimex.ch\/wp-content\/uploads\/2022\/07\/DSC_3117.jpeg","datePublished":"2022-07-08T08:08:57+00:00","dateModified":"2023-01-04T08:59:08+00:00","description":"Leichtg\u00e4ngige Bewegung mit grosser zul\u00e4ssiger Belastung und hohe Steifigkeit in allen Richtungen sind die Hauptmerkmale der SBC SBI Kugelf\u00fchrungen.","breadcrumb":{"@id":"https:\/\/www.credimex.ch\/de\/produkt\/sbc-sbi-ball-guide\/#breadcrumb"},"inLanguage":"de","potentialAction":[{"@type":"ReadAction","target":["https:\/\/www.credimex.ch\/de\/produkt\/sbc-sbi-ball-guide\/"]}]},{"@type":"ImageObject","inLanguage":"de","@id":"https:\/\/www.credimex.ch\/de\/produkt\/sbc-sbi-ball-guide\/#primaryimage","url":"https:\/\/www.credimex.ch\/wp-content\/uploads\/2022\/07\/DSC_3117.jpeg","contentUrl":"https:\/\/www.credimex.ch\/wp-content\/uploads\/2022\/07\/DSC_3117.jpeg","width":1500,"height":1500},{"@type":"BreadcrumbList","@id":"https:\/\/www.credimex.ch\/de\/produkt\/sbc-sbi-ball-guide\/#breadcrumb","itemListElement":[{"@type":"ListItem","position":1,"name":"Home","item":"https:\/\/www.credimex.ch\/de\/"},{"@type":"ListItem","position":2,"name":"Produkte","item":"https:\/\/www.credimex.ch\/de\/produkte\/"},{"@type":"ListItem","position":3,"name":"SBV SBI-Ballf\u00fchrer"}]},{"@type":"WebSite","@id":"https:\/\/www.credimex.ch\/de\/#website","url":"https:\/\/www.credimex.ch\/de\/","name":"CREDIMEX","description":"Partner of Swiss Industrial Market","publisher":{"@id":"https:\/\/www.credimex.ch\/de\/#organization"},"potentialAction":[{"@type":"SearchAction","target":{"@type":"EntryPoint","urlTemplate":"https:\/\/www.credimex.ch\/de\/?s={search_term_string}"},"query-input":{"@type":"PropertyValueSpecification","valueRequired":true,"valueName":"search_term_string"}}],"inLanguage":"de"},{"@type":"Organization","@id":"https:\/\/www.credimex.ch\/de\/#organization","name":"credimex","url":"https:\/\/www.credimex.ch\/de\/","logo":{"@type":"ImageObject","inLanguage":"de","@id":"https:\/\/www.credimex.ch\/de\/#\/schema\/logo\/image\/","url":"https:\/\/www.credimex.ch\/wp-content\/uploads\/2022\/03\/cropped-logo-credimex.png","contentUrl":"https:\/\/www.credimex.ch\/wp-content\/uploads\/2022\/03\/cropped-logo-credimex.png","width":512,"height":512,"caption":"credimex"},"image":{"@id":"https:\/\/www.credimex.ch\/de\/#\/schema\/logo\/image\/"},"sameAs":["https:\/\/www.facebook.com\/credimex.alpnach\/","https:\/\/www.linkedin.com\/company\/credimex\/","https:\/\/www.youtube.com\/@CREDIMEX?sub_confirmation=1"]}]}},"_links":{"self":[{"href":"https:\/\/www.credimex.ch\/de\/wp-json\/wp\/v2\/product\/4025","targetHints":{"allow":["GET"]}}],"collection":[{"href":"https:\/\/www.credimex.ch\/de\/wp-json\/wp\/v2\/product"}],"about":[{"href":"https:\/\/www.credimex.ch\/de\/wp-json\/wp\/v2\/types\/product"}],"replies":[{"embeddable":true,"href":"https:\/\/www.credimex.ch\/de\/wp-json\/wp\/v2\/comments?post=4025"}],"wp:featuredmedia":[{"embeddable":true,"href":"https:\/\/www.credimex.ch\/de\/wp-json\/wp\/v2\/media\/3481"}],"wp:attachment":[{"href":"https:\/\/www.credimex.ch\/de\/wp-json\/wp\/v2\/media?parent=4025"}],"wp:term":[{"taxonomy":"product_brand","embeddable":true,"href":"https:\/\/www.credimex.ch\/de\/wp-json\/wp\/v2\/product_brand?post=4025"},{"taxonomy":"product_cat","embeddable":true,"href":"https:\/\/www.credimex.ch\/de\/wp-json\/wp\/v2\/product_cat?post=4025"},{"taxonomy":"product_tag","embeddable":true,"href":"https:\/\/www.credimex.ch\/de\/wp-json\/wp\/v2\/product_tag?post=4025"}],"curies":[{"name":"wp","href":"https:\/\/api.w.org\/{rel}","templated":true}]}}