{"id":4027,"date":"2022-07-08T09:57:46","date_gmt":"2022-07-08T07:57:46","guid":{"rendered":"https:\/\/www.credimex.ch.mialias.net\/product\/pbc-redi-schiene\/"},"modified":"2023-06-26T16:49:40","modified_gmt":"2023-06-26T14:49:40","slug":"pbc-redi-rail","status":"publish","type":"product","link":"https:\/\/www.credimex.ch\/de\/produkt\/pbc-redi-rail\/","title":{"rendered":"PBC-Redi-Rail"},"content":{"rendered":"<h2>Beschreibung<\/h2>\n<p>PBC Redi-Rail verwendet speziell entwickelte Nockenrollenschieber mit unserer patentierten, seitlich einstellbaren Vorspannungsoption f\u00fcr eine schnelle Feinabstimmung und optimale Anpassung an die Anwendung.<\/p>\n<p>Die pr\u00e4zisionsgefertigten Schienen aus einer Aluminiumlegierung sind mit geh\u00e4rteten Stahll\u00e4ufen versehen, um die Festigkeit bei geringem Gewicht zu gew\u00e4hrleisten.<\/p>\n<p>Metrische Redi-Rail\u00ae-Schienen werden f\u00fcr optimale Genauigkeit und Parallelit\u00e4t pr\u00e4zisionsgefertigt. Eine Aluminiumschiene mit integrierten Laufringen aus geh\u00e4rtetem Stahl sorgt f\u00fcr ein geringes Gewicht ohne Einbussen bei der Festigkeit. Die metrischen Redi-Rail-Schienen sind mit versenkten Befestigungsl\u00f6chern f\u00fcr eine schnelle Montage in verschiedenen Richtungen ausgestattet.<\/p>\n<p>Die metrischen F\u00fchrungswagen von Redi-Rail sind eine wirtschaftliche L\u00f6sung f\u00fcr die pr\u00e4zise Linearf\u00fchrung. Die Redi-Rail-Produktlinie wurde erweitert und umfasst nun neben dem traditionellen 3-Rollen-Wagen auch eine 4- und 5-Rollen-Wagen-Option. Dies bietet den Kunden das Potenzial f\u00fcr mehr Designflexibilit\u00e4t, h\u00f6here Tragzahlen und erhebliche Kosteneinsparungen.<\/p>\n<h2>Produktvorteile<\/h2>\n<p>Die Vorteile von PBC Redi-Rails:<\/p>\n<ul>\n<li>Erh\u00e4ltlich in L\u00e4ngen bis zu 6m (19ft)<\/li>\n<li>Erh\u00e4ltlich in 3-, 4- und 5-Rollen-Wagenoptionen<\/li>\n<li>Hochgeschwindigkeits\u00fcbertragung 8 m\/s (315 in\/s) Maximum<\/li>\n<li>Maximale Belastung bis zu 5950 N (1340 lbs)<\/li>\n<li>H\u00e4lt Temperaturen von bis zu 80\u00b0C (176\u00b0F) stand<\/li>\n<li>Geh\u00e4rtete Stahl- oder 440er-Edelstahl-Bogenrollen und Wellenlaufbahnen f\u00fcr hohe Laufgenauigkeit<\/li>\n<li>Pr\u00e4zisionsgefertigte Schiene f\u00fcr hohe Parallelit\u00e4t &#8211; Wellenlaufbahnen innerhalb von 0,050 mm parallel<\/li>\n<li>Schienengeradheit +\/-0,50 mm\/300 mm (+\/-0,002 in\/foot)<\/li>\n<li>Endverbindbar f\u00fcr Anwendungen mit grosser L\u00e4nge<\/li>\n<li>R\u00e4der mit integrierten Dichtungen zum Schutz in kontaminierten Umgebungen<\/li>\n<li>Patentierte einstellbare Schlittenvorspannung Standard<\/li>\n<li>Standard-Gleitringdichtungen mit \u00d6limpr\u00e4gnierung zur Selbstschmierung der Wellenlaufbahnen auf der Schiene<\/li>\n<li>Rollen lebenslang geschmiert<\/li>\n<li>Korrosionsbest\u00e4ndige Version verf\u00fcgbar<\/li>\n<\/ul>\n<h2>Anwendung<\/h2>\n<ul>\n<li>Industrielle Linearf\u00fchrung<\/li>\n<li>Grossformatige T\u00fcr-Rahmen<\/li>\n<li>Materialhandhabung<\/li>\n<li>Robotische Dosierung<\/li>\n<li>Automatisierte Verkaufsautomaten<\/li>\n<\/ul>\n","protected":false},"excerpt":{"rendered":"<p><strong>PBC Redi-Rail<\/strong> verwendet speziell entwickelte Nockenrollenschieber mit unserer patentierten, seitlich einstellbaren Vorspannungsoption f\u00fcr eine schnelle Feinabstimmung und optimale Anpassung an die Anwendung.<\/p>\n","protected":false},"featured_media":3479,"comment_status":"open","ping_status":"closed","template":"","meta":{"_acf_changed":false},"product_brand":[],"product_cat":[369,351,419,380,379,417,390,370,580,566,352,420,584,418,478],"product_tag":[],"class_list":{"0":"post-4027","1":"product","2":"type-product","3":"status-publish","4":"has-post-thumbnail","6":"product_cat-allgemeine-industrie","7":"product_cat-automobilindustrie","8":"product_cat-batterien","9":"product_cat-e-mobilitat","10":"product_cat-eisenbahn","11":"product_cat-elektronik","12":"product_cat-energie","13":"product_cat-lebensmittelindustrie","14":"product_cat-linearfuehrungen","15":"product_cat-linearfuhrungstechnik","16":"product_cat-luft-und-raumfahrtindustrie","17":"product_cat-medizinal-industrie","18":"product_cat-pbc","19":"product_cat-seilbahnen","20":"product_cat-uhrenherstellung","21":"pa_brands-pbc-de","23":"first","24":"instock","25":"shipping-taxable","26":"product-type-simple"},"acf":[],"_yoast_wpseo_focuskw":"PBC-Redi-Rail","_yoast_wpseo_metadesc":"PBC Redi-Rail verwendet speziell entwickelte Nockenrollenschieber mit unserer patentierten, seitlich einstellbaren Vorspannungsoption f\u00fcr eine schnelle Feinabstimmung und optimale Anpassung an die Anwendung.","yoast_head":"<!-- This site is optimized with the Yoast SEO Premium plugin v21.6 (Yoast SEO v27.4) - https:\/\/yoast.com\/product\/yoast-seo-premium-wordpress\/ -->\n<title>PBC-Redi-Rail - CREDIMEX<\/title>\n<meta name=\"description\" content=\"PBC Redi-Rail verwendet speziell entwickelte Nockenrollenschieber mit unserer patentierten, seitlich einstellbaren Vorspannungsoption f\u00fcr eine schnelle Feinabstimmung und optimale Anpassung an die Anwendung.\" \/>\n<meta name=\"robots\" content=\"index, follow, max-snippet:-1, max-image-preview:large, max-video-preview:-1\" \/>\n<link rel=\"canonical\" href=\"https:\/\/www.credimex.ch\/de\/produkt\/pbc-redi-rail\/\" \/>\n<meta property=\"og:locale\" content=\"de_DE\" \/>\n<meta property=\"og:type\" content=\"article\" \/>\n<meta property=\"og:title\" content=\"PBC-Redi-Rail\" \/>\n<meta property=\"og:description\" content=\"PBC Redi-Rail verwendet speziell entwickelte Nockenrollenschieber mit unserer patentierten, seitlich einstellbaren Vorspannungsoption f\u00fcr eine schnelle Feinabstimmung und optimale Anpassung an die Anwendung.\" \/>\n<meta property=\"og:url\" content=\"https:\/\/www.credimex.ch\/de\/produkt\/pbc-redi-rail\/\" \/>\n<meta property=\"og:site_name\" content=\"CREDIMEX\" \/>\n<meta property=\"article:publisher\" content=\"https:\/\/www.facebook.com\/credimex.alpnach\/\" \/>\n<meta property=\"article:modified_time\" content=\"2023-06-26T14:49:40+00:00\" \/>\n<meta property=\"og:image\" content=\"https:\/\/www.credimex.ch\/wp-content\/uploads\/2022\/07\/RR-RollerRail-Metric.jpeg\" \/>\n\t<meta property=\"og:image:width\" content=\"800\" \/>\n\t<meta property=\"og:image:height\" content=\"425\" \/>\n\t<meta property=\"og:image:type\" content=\"image\/jpeg\" \/>\n<meta name=\"twitter:card\" content=\"summary_large_image\" \/>\n<meta name=\"twitter:label1\" content=\"Gesch\u00e4tzte Lesezeit\" \/>\n\t<meta name=\"twitter:data1\" content=\"2\u00a0Minuten\" \/>\n<script type=\"application\/ld+json\" class=\"yoast-schema-graph\">{\"@context\":\"https:\\\/\\\/schema.org\",\"@graph\":[{\"@type\":\"WebPage\",\"@id\":\"https:\\\/\\\/www.credimex.ch\\\/de\\\/produkt\\\/pbc-redi-rail\\\/\",\"url\":\"https:\\\/\\\/www.credimex.ch\\\/de\\\/produkt\\\/pbc-redi-rail\\\/\",\"name\":\"PBC-Redi-Rail - CREDIMEX\",\"isPartOf\":{\"@id\":\"https:\\\/\\\/www.credimex.ch\\\/de\\\/#website\"},\"primaryImageOfPage\":{\"@id\":\"https:\\\/\\\/www.credimex.ch\\\/de\\\/produkt\\\/pbc-redi-rail\\\/#primaryimage\"},\"image\":{\"@id\":\"https:\\\/\\\/www.credimex.ch\\\/de\\\/produkt\\\/pbc-redi-rail\\\/#primaryimage\"},\"thumbnailUrl\":\"https:\\\/\\\/www.credimex.ch\\\/wp-content\\\/uploads\\\/2022\\\/07\\\/RR-RollerRail-Metric.jpeg\",\"datePublished\":\"2022-07-08T07:57:46+00:00\",\"dateModified\":\"2023-06-26T14:49:40+00:00\",\"description\":\"PBC Redi-Rail verwendet speziell entwickelte Nockenrollenschieber mit unserer patentierten, seitlich einstellbaren Vorspannungsoption f\u00fcr eine schnelle Feinabstimmung und optimale Anpassung an die Anwendung.\",\"breadcrumb\":{\"@id\":\"https:\\\/\\\/www.credimex.ch\\\/de\\\/produkt\\\/pbc-redi-rail\\\/#breadcrumb\"},\"inLanguage\":\"de\",\"potentialAction\":[{\"@type\":\"ReadAction\",\"target\":[\"https:\\\/\\\/www.credimex.ch\\\/de\\\/produkt\\\/pbc-redi-rail\\\/\"]}]},{\"@type\":\"ImageObject\",\"inLanguage\":\"de\",\"@id\":\"https:\\\/\\\/www.credimex.ch\\\/de\\\/produkt\\\/pbc-redi-rail\\\/#primaryimage\",\"url\":\"https:\\\/\\\/www.credimex.ch\\\/wp-content\\\/uploads\\\/2022\\\/07\\\/RR-RollerRail-Metric.jpeg\",\"contentUrl\":\"https:\\\/\\\/www.credimex.ch\\\/wp-content\\\/uploads\\\/2022\\\/07\\\/RR-RollerRail-Metric.jpeg\",\"width\":800,\"height\":425},{\"@type\":\"BreadcrumbList\",\"@id\":\"https:\\\/\\\/www.credimex.ch\\\/de\\\/produkt\\\/pbc-redi-rail\\\/#breadcrumb\",\"itemListElement\":[{\"@type\":\"ListItem\",\"position\":1,\"name\":\"Home\",\"item\":\"https:\\\/\\\/www.credimex.ch\\\/de\\\/\"},{\"@type\":\"ListItem\",\"position\":2,\"name\":\"Produkte\",\"item\":\"https:\\\/\\\/www.credimex.ch\\\/de\\\/produkte\\\/\"},{\"@type\":\"ListItem\",\"position\":3,\"name\":\"PBC-Redi-Rail\"}]},{\"@type\":\"WebSite\",\"@id\":\"https:\\\/\\\/www.credimex.ch\\\/de\\\/#website\",\"url\":\"https:\\\/\\\/www.credimex.ch\\\/de\\\/\",\"name\":\"CREDIMEX\",\"description\":\"Partner of Swiss Industrial Market\",\"publisher\":{\"@id\":\"https:\\\/\\\/www.credimex.ch\\\/de\\\/#organization\"},\"potentialAction\":[{\"@type\":\"SearchAction\",\"target\":{\"@type\":\"EntryPoint\",\"urlTemplate\":\"https:\\\/\\\/www.credimex.ch\\\/de\\\/?s={search_term_string}\"},\"query-input\":{\"@type\":\"PropertyValueSpecification\",\"valueRequired\":true,\"valueName\":\"search_term_string\"}}],\"inLanguage\":\"de\"},{\"@type\":\"Organization\",\"@id\":\"https:\\\/\\\/www.credimex.ch\\\/de\\\/#organization\",\"name\":\"credimex\",\"url\":\"https:\\\/\\\/www.credimex.ch\\\/de\\\/\",\"logo\":{\"@type\":\"ImageObject\",\"inLanguage\":\"de\",\"@id\":\"https:\\\/\\\/www.credimex.ch\\\/de\\\/#\\\/schema\\\/logo\\\/image\\\/\",\"url\":\"https:\\\/\\\/www.credimex.ch\\\/wp-content\\\/uploads\\\/2022\\\/03\\\/cropped-logo-credimex.png\",\"contentUrl\":\"https:\\\/\\\/www.credimex.ch\\\/wp-content\\\/uploads\\\/2022\\\/03\\\/cropped-logo-credimex.png\",\"width\":512,\"height\":512,\"caption\":\"credimex\"},\"image\":{\"@id\":\"https:\\\/\\\/www.credimex.ch\\\/de\\\/#\\\/schema\\\/logo\\\/image\\\/\"},\"sameAs\":[\"https:\\\/\\\/www.facebook.com\\\/credimex.alpnach\\\/\",\"https:\\\/\\\/www.linkedin.com\\\/company\\\/credimex\\\/\",\"https:\\\/\\\/www.youtube.com\\\/@CREDIMEX?sub_confirmation=1\"]}]}<\/script>\n<!-- \/ Yoast SEO Premium plugin. -->","yoast_head_json":{"title":"PBC-Redi-Rail - CREDIMEX","description":"PBC Redi-Rail verwendet speziell entwickelte Nockenrollenschieber mit unserer patentierten, seitlich einstellbaren Vorspannungsoption f\u00fcr eine schnelle Feinabstimmung und optimale Anpassung an die Anwendung.","robots":{"index":"index","follow":"follow","max-snippet":"max-snippet:-1","max-image-preview":"max-image-preview:large","max-video-preview":"max-video-preview:-1"},"canonical":"https:\/\/www.credimex.ch\/de\/produkt\/pbc-redi-rail\/","og_locale":"de_DE","og_type":"article","og_title":"PBC-Redi-Rail","og_description":"PBC Redi-Rail verwendet speziell entwickelte Nockenrollenschieber mit unserer patentierten, seitlich einstellbaren Vorspannungsoption f\u00fcr eine schnelle Feinabstimmung und optimale Anpassung an die Anwendung.","og_url":"https:\/\/www.credimex.ch\/de\/produkt\/pbc-redi-rail\/","og_site_name":"CREDIMEX","article_publisher":"https:\/\/www.facebook.com\/credimex.alpnach\/","article_modified_time":"2023-06-26T14:49:40+00:00","og_image":[{"width":800,"height":425,"url":"https:\/\/www.credimex.ch\/wp-content\/uploads\/2022\/07\/RR-RollerRail-Metric.jpeg","type":"image\/jpeg"}],"twitter_card":"summary_large_image","twitter_misc":{"Gesch\u00e4tzte Lesezeit":"2\u00a0Minuten"},"schema":{"@context":"https:\/\/schema.org","@graph":[{"@type":"WebPage","@id":"https:\/\/www.credimex.ch\/de\/produkt\/pbc-redi-rail\/","url":"https:\/\/www.credimex.ch\/de\/produkt\/pbc-redi-rail\/","name":"PBC-Redi-Rail - CREDIMEX","isPartOf":{"@id":"https:\/\/www.credimex.ch\/de\/#website"},"primaryImageOfPage":{"@id":"https:\/\/www.credimex.ch\/de\/produkt\/pbc-redi-rail\/#primaryimage"},"image":{"@id":"https:\/\/www.credimex.ch\/de\/produkt\/pbc-redi-rail\/#primaryimage"},"thumbnailUrl":"https:\/\/www.credimex.ch\/wp-content\/uploads\/2022\/07\/RR-RollerRail-Metric.jpeg","datePublished":"2022-07-08T07:57:46+00:00","dateModified":"2023-06-26T14:49:40+00:00","description":"PBC Redi-Rail verwendet speziell entwickelte Nockenrollenschieber mit unserer patentierten, seitlich einstellbaren Vorspannungsoption f\u00fcr eine schnelle Feinabstimmung und optimale Anpassung an die Anwendung.","breadcrumb":{"@id":"https:\/\/www.credimex.ch\/de\/produkt\/pbc-redi-rail\/#breadcrumb"},"inLanguage":"de","potentialAction":[{"@type":"ReadAction","target":["https:\/\/www.credimex.ch\/de\/produkt\/pbc-redi-rail\/"]}]},{"@type":"ImageObject","inLanguage":"de","@id":"https:\/\/www.credimex.ch\/de\/produkt\/pbc-redi-rail\/#primaryimage","url":"https:\/\/www.credimex.ch\/wp-content\/uploads\/2022\/07\/RR-RollerRail-Metric.jpeg","contentUrl":"https:\/\/www.credimex.ch\/wp-content\/uploads\/2022\/07\/RR-RollerRail-Metric.jpeg","width":800,"height":425},{"@type":"BreadcrumbList","@id":"https:\/\/www.credimex.ch\/de\/produkt\/pbc-redi-rail\/#breadcrumb","itemListElement":[{"@type":"ListItem","position":1,"name":"Home","item":"https:\/\/www.credimex.ch\/de\/"},{"@type":"ListItem","position":2,"name":"Produkte","item":"https:\/\/www.credimex.ch\/de\/produkte\/"},{"@type":"ListItem","position":3,"name":"PBC-Redi-Rail"}]},{"@type":"WebSite","@id":"https:\/\/www.credimex.ch\/de\/#website","url":"https:\/\/www.credimex.ch\/de\/","name":"CREDIMEX","description":"Partner of Swiss Industrial Market","publisher":{"@id":"https:\/\/www.credimex.ch\/de\/#organization"},"potentialAction":[{"@type":"SearchAction","target":{"@type":"EntryPoint","urlTemplate":"https:\/\/www.credimex.ch\/de\/?s={search_term_string}"},"query-input":{"@type":"PropertyValueSpecification","valueRequired":true,"valueName":"search_term_string"}}],"inLanguage":"de"},{"@type":"Organization","@id":"https:\/\/www.credimex.ch\/de\/#organization","name":"credimex","url":"https:\/\/www.credimex.ch\/de\/","logo":{"@type":"ImageObject","inLanguage":"de","@id":"https:\/\/www.credimex.ch\/de\/#\/schema\/logo\/image\/","url":"https:\/\/www.credimex.ch\/wp-content\/uploads\/2022\/03\/cropped-logo-credimex.png","contentUrl":"https:\/\/www.credimex.ch\/wp-content\/uploads\/2022\/03\/cropped-logo-credimex.png","width":512,"height":512,"caption":"credimex"},"image":{"@id":"https:\/\/www.credimex.ch\/de\/#\/schema\/logo\/image\/"},"sameAs":["https:\/\/www.facebook.com\/credimex.alpnach\/","https:\/\/www.linkedin.com\/company\/credimex\/","https:\/\/www.youtube.com\/@CREDIMEX?sub_confirmation=1"]}]}},"_links":{"self":[{"href":"https:\/\/www.credimex.ch\/de\/wp-json\/wp\/v2\/product\/4027","targetHints":{"allow":["GET"]}}],"collection":[{"href":"https:\/\/www.credimex.ch\/de\/wp-json\/wp\/v2\/product"}],"about":[{"href":"https:\/\/www.credimex.ch\/de\/wp-json\/wp\/v2\/types\/product"}],"replies":[{"embeddable":true,"href":"https:\/\/www.credimex.ch\/de\/wp-json\/wp\/v2\/comments?post=4027"}],"wp:featuredmedia":[{"embeddable":true,"href":"https:\/\/www.credimex.ch\/de\/wp-json\/wp\/v2\/media\/3479"}],"wp:attachment":[{"href":"https:\/\/www.credimex.ch\/de\/wp-json\/wp\/v2\/media?parent=4027"}],"wp:term":[{"taxonomy":"product_brand","embeddable":true,"href":"https:\/\/www.credimex.ch\/de\/wp-json\/wp\/v2\/product_brand?post=4027"},{"taxonomy":"product_cat","embeddable":true,"href":"https:\/\/www.credimex.ch\/de\/wp-json\/wp\/v2\/product_cat?post=4027"},{"taxonomy":"product_tag","embeddable":true,"href":"https:\/\/www.credimex.ch\/de\/wp-json\/wp\/v2\/product_tag?post=4027"}],"curies":[{"name":"wp","href":"https:\/\/api.w.org\/{rel}","templated":true}]}}