{"id":4033,"date":"2022-07-08T09:26:25","date_gmt":"2022-07-08T07:26:25","guid":{"rendered":"https:\/\/www.credimex.ch.mialias.net\/product\/pbc-simplicity-lineargleitlager\/"},"modified":"2023-06-26T16:54:19","modified_gmt":"2023-06-26T14:54:19","slug":"pbc-einfache-lineare-flache-lagerungen","status":"publish","type":"product","link":"https:\/\/www.credimex.ch\/de\/produkt\/pbc-einfache-lineare-flache-lagerungen\/","title":{"rendered":"PBC Simplicity Lineargleitlager"},"content":{"rendered":"<h2>Beschreibung<\/h2>\n<p>PBC Simplicity Lineargleitlager hat Frelon-Material mit Pr\u00e4zisionslagertechnologie kombiniert, um SIMPLICITY\u00ae Lineargleitlager zu schaffen. SIMPLICITY\u00ae selbstschmierende Gleitlager k\u00f6nnen lineare, oszillierende, rotierende oder eine beliebige Kombination von Bewegungen mit Geschwindigkeiten von mehr als 4 m\/s (165 in\/s) ausf\u00fchren. Sie sind f\u00fcr eine 20-mal h\u00f6here Belastung als Linearkugellager ausgelegt und werden nicht katastrophal ausfallen.<\/p>\n<p>Die rot eloxierte Aluminiumschale kennzeichnet die z\u00f6llige Serie, die blaue die metrische ISO-Serie und die gr\u00fcne die metrische JIS-Serie, die in Standardgr\u00f6ssen erh\u00e4ltlich und mit Linearkugellagern und einigen Bronzebuchsen austauschbar ist.<\/p>\n<h2>Produktvorteile<\/h2>\n<p>Die Vorteile von PBC Simplicity Lineargleitlagern:<\/p>\n<ul>\n<li>Der Frelon\u00ae Einlauf- und \u00dcbertragungsprozess arbeitet mit Simplicity 60 Plus Wellen mit maximaler Effizienz, was zu einer echten Selbstschmierung und der l\u00e4ngstm\u00f6glichen Lebensdauer f\u00fchrt.<\/li>\n<li>Selbstschmierend &#8211; wartungsfrei, zus\u00e4tzliche Schmierung optional<\/li>\n<li>Grosse Temperaturbereiche &#8211; (-400\u00b0F\/+400\u00b0F), (-240\u00b0C\/+204\u00b0C)<\/li>\n<li>Schwingungsd\u00e4mpfung &#8211; verhindert Passungsrost<\/li>\n<\/ul>\n<h2>Anwendung<\/h2>\n<p>Die Produkte sind f\u00fcr eine Vielzahl von industriellen Anwendungen konzipiert.<\/p>\n<p>Geschlossene Lineargleitlager sind ideal f\u00fcr die Handhabung von Lasten in allen Richtungen und bieten eine Reihe von Befestigungsm\u00f6glichkeiten. Offene Version des geschlossenen Lagers, die \u00d6ffnung ist so konzipiert, dass sie den Einsatz auf vollst\u00e4ndig gelagerten Wellen erm\u00f6glicht, um die Steifigkeit des Systems zu erh\u00f6hen.<\/p>\n","protected":false},"excerpt":{"rendered":"<p><strong>PBC Simplicity Lineargleitlager<\/strong> haben Frelon-Material mit Pr\u00e4zisionslagertechnologie kombiniert, um SIMPLICITY\u00ae Lineargleitlager zu schaffen.<\/p>\n","protected":false},"featured_media":3473,"comment_status":"open","ping_status":"closed","template":"","meta":{"_acf_changed":false},"product_brand":[],"product_cat":[369,351,419,380,379,417,390,370,580,566,352,420,584,418,478],"product_tag":[],"class_list":{"0":"post-4033","1":"product","2":"type-product","3":"status-publish","4":"has-post-thumbnail","6":"product_cat-allgemeine-industrie","7":"product_cat-automobilindustrie","8":"product_cat-batterien","9":"product_cat-e-mobilitat","10":"product_cat-eisenbahn","11":"product_cat-elektronik","12":"product_cat-energie","13":"product_cat-lebensmittelindustrie","14":"product_cat-linearfuehrungen","15":"product_cat-linearfuhrungstechnik","16":"product_cat-luft-und-raumfahrtindustrie","17":"product_cat-medizinal-industrie","18":"product_cat-pbc","19":"product_cat-seilbahnen","20":"product_cat-uhrenherstellung","21":"pa_brands-pbc-de","23":"first","24":"instock","25":"shipping-taxable","26":"product-type-simple"},"acf":[],"_yoast_wpseo_focuskw":"PBC Simplicity Lineargleitlager","_yoast_wpseo_metadesc":"PBC Simplicity-Lineargleitlager haben Frelon-Material mit Pr\u00e4zisionslagertechnologie kombiniert, um SIMPLICITY\u00ae-Lineargleitlager zu schaffen.","yoast_head":"<!-- This site is optimized with the Yoast SEO Premium plugin v21.6 (Yoast SEO v27.4) - https:\/\/yoast.com\/product\/yoast-seo-premium-wordpress\/ -->\n<title>PBC Simplicity Lineargleitlager - CREDIMEX<\/title>\n<meta name=\"description\" content=\"PBC Simplicity-Lineargleitlager haben Frelon-Material mit Pr\u00e4zisionslagertechnologie kombiniert, um SIMPLICITY\u00ae-Lineargleitlager zu schaffen.\" \/>\n<meta name=\"robots\" content=\"index, follow, max-snippet:-1, max-image-preview:large, max-video-preview:-1\" \/>\n<link rel=\"canonical\" href=\"https:\/\/www.credimex.ch\/de\/produkt\/pbc-einfache-lineare-flache-lagerungen\/\" \/>\n<meta property=\"og:locale\" content=\"de_DE\" \/>\n<meta property=\"og:type\" content=\"article\" \/>\n<meta property=\"og:title\" content=\"PBC Simplicity Lineargleitlager\" \/>\n<meta property=\"og:description\" content=\"PBC Simplicity-Lineargleitlager haben Frelon-Material mit Pr\u00e4zisionslagertechnologie kombiniert, um SIMPLICITY\u00ae-Lineargleitlager zu schaffen.\" \/>\n<meta property=\"og:url\" content=\"https:\/\/www.credimex.ch\/de\/produkt\/pbc-einfache-lineare-flache-lagerungen\/\" \/>\n<meta property=\"og:site_name\" content=\"CREDIMEX\" \/>\n<meta property=\"article:publisher\" content=\"https:\/\/www.facebook.com\/credimex.alpnach\/\" \/>\n<meta property=\"article:modified_time\" content=\"2023-06-26T14:54:19+00:00\" \/>\n<meta property=\"og:image\" content=\"https:\/\/www.credimex.ch\/wp-content\/uploads\/2022\/07\/pbc.png\" \/>\n\t<meta property=\"og:image:width\" content=\"800\" \/>\n\t<meta property=\"og:image:height\" content=\"800\" \/>\n\t<meta property=\"og:image:type\" content=\"image\/png\" \/>\n<meta name=\"twitter:card\" content=\"summary_large_image\" \/>\n<meta name=\"twitter:label1\" content=\"Gesch\u00e4tzte Lesezeit\" \/>\n\t<meta name=\"twitter:data1\" content=\"1\u00a0Minute\" \/>\n<script type=\"application\/ld+json\" class=\"yoast-schema-graph\">{\"@context\":\"https:\\\/\\\/schema.org\",\"@graph\":[{\"@type\":\"WebPage\",\"@id\":\"https:\\\/\\\/www.credimex.ch\\\/de\\\/produkt\\\/pbc-einfache-lineare-flache-lagerungen\\\/\",\"url\":\"https:\\\/\\\/www.credimex.ch\\\/de\\\/produkt\\\/pbc-einfache-lineare-flache-lagerungen\\\/\",\"name\":\"PBC Simplicity Lineargleitlager - CREDIMEX\",\"isPartOf\":{\"@id\":\"https:\\\/\\\/www.credimex.ch\\\/de\\\/#website\"},\"primaryImageOfPage\":{\"@id\":\"https:\\\/\\\/www.credimex.ch\\\/de\\\/produkt\\\/pbc-einfache-lineare-flache-lagerungen\\\/#primaryimage\"},\"image\":{\"@id\":\"https:\\\/\\\/www.credimex.ch\\\/de\\\/produkt\\\/pbc-einfache-lineare-flache-lagerungen\\\/#primaryimage\"},\"thumbnailUrl\":\"https:\\\/\\\/www.credimex.ch\\\/wp-content\\\/uploads\\\/2022\\\/07\\\/pbc.png\",\"datePublished\":\"2022-07-08T07:26:25+00:00\",\"dateModified\":\"2023-06-26T14:54:19+00:00\",\"description\":\"PBC Simplicity-Lineargleitlager haben Frelon-Material mit Pr\u00e4zisionslagertechnologie kombiniert, um SIMPLICITY\u00ae-Lineargleitlager zu schaffen.\",\"breadcrumb\":{\"@id\":\"https:\\\/\\\/www.credimex.ch\\\/de\\\/produkt\\\/pbc-einfache-lineare-flache-lagerungen\\\/#breadcrumb\"},\"inLanguage\":\"de\",\"potentialAction\":[{\"@type\":\"ReadAction\",\"target\":[\"https:\\\/\\\/www.credimex.ch\\\/de\\\/produkt\\\/pbc-einfache-lineare-flache-lagerungen\\\/\"]}]},{\"@type\":\"ImageObject\",\"inLanguage\":\"de\",\"@id\":\"https:\\\/\\\/www.credimex.ch\\\/de\\\/produkt\\\/pbc-einfache-lineare-flache-lagerungen\\\/#primaryimage\",\"url\":\"https:\\\/\\\/www.credimex.ch\\\/wp-content\\\/uploads\\\/2022\\\/07\\\/pbc.png\",\"contentUrl\":\"https:\\\/\\\/www.credimex.ch\\\/wp-content\\\/uploads\\\/2022\\\/07\\\/pbc.png\",\"width\":800,\"height\":800},{\"@type\":\"BreadcrumbList\",\"@id\":\"https:\\\/\\\/www.credimex.ch\\\/de\\\/produkt\\\/pbc-einfache-lineare-flache-lagerungen\\\/#breadcrumb\",\"itemListElement\":[{\"@type\":\"ListItem\",\"position\":1,\"name\":\"Home\",\"item\":\"https:\\\/\\\/www.credimex.ch\\\/de\\\/\"},{\"@type\":\"ListItem\",\"position\":2,\"name\":\"Produkte\",\"item\":\"https:\\\/\\\/www.credimex.ch\\\/de\\\/produkte\\\/\"},{\"@type\":\"ListItem\",\"position\":3,\"name\":\"PBC Simplicity Lineargleitlager\"}]},{\"@type\":\"WebSite\",\"@id\":\"https:\\\/\\\/www.credimex.ch\\\/de\\\/#website\",\"url\":\"https:\\\/\\\/www.credimex.ch\\\/de\\\/\",\"name\":\"CREDIMEX\",\"description\":\"Partner of Swiss Industrial Market\",\"publisher\":{\"@id\":\"https:\\\/\\\/www.credimex.ch\\\/de\\\/#organization\"},\"potentialAction\":[{\"@type\":\"SearchAction\",\"target\":{\"@type\":\"EntryPoint\",\"urlTemplate\":\"https:\\\/\\\/www.credimex.ch\\\/de\\\/?s={search_term_string}\"},\"query-input\":{\"@type\":\"PropertyValueSpecification\",\"valueRequired\":true,\"valueName\":\"search_term_string\"}}],\"inLanguage\":\"de\"},{\"@type\":\"Organization\",\"@id\":\"https:\\\/\\\/www.credimex.ch\\\/de\\\/#organization\",\"name\":\"credimex\",\"url\":\"https:\\\/\\\/www.credimex.ch\\\/de\\\/\",\"logo\":{\"@type\":\"ImageObject\",\"inLanguage\":\"de\",\"@id\":\"https:\\\/\\\/www.credimex.ch\\\/de\\\/#\\\/schema\\\/logo\\\/image\\\/\",\"url\":\"https:\\\/\\\/www.credimex.ch\\\/wp-content\\\/uploads\\\/2022\\\/03\\\/cropped-logo-credimex.png\",\"contentUrl\":\"https:\\\/\\\/www.credimex.ch\\\/wp-content\\\/uploads\\\/2022\\\/03\\\/cropped-logo-credimex.png\",\"width\":512,\"height\":512,\"caption\":\"credimex\"},\"image\":{\"@id\":\"https:\\\/\\\/www.credimex.ch\\\/de\\\/#\\\/schema\\\/logo\\\/image\\\/\"},\"sameAs\":[\"https:\\\/\\\/www.facebook.com\\\/credimex.alpnach\\\/\",\"https:\\\/\\\/www.linkedin.com\\\/company\\\/credimex\\\/\",\"https:\\\/\\\/www.youtube.com\\\/@CREDIMEX?sub_confirmation=1\"]}]}<\/script>\n<!-- \/ Yoast SEO Premium plugin. -->","yoast_head_json":{"title":"PBC Simplicity Lineargleitlager - CREDIMEX","description":"PBC Simplicity-Lineargleitlager haben Frelon-Material mit Pr\u00e4zisionslagertechnologie kombiniert, um SIMPLICITY\u00ae-Lineargleitlager zu schaffen.","robots":{"index":"index","follow":"follow","max-snippet":"max-snippet:-1","max-image-preview":"max-image-preview:large","max-video-preview":"max-video-preview:-1"},"canonical":"https:\/\/www.credimex.ch\/de\/produkt\/pbc-einfache-lineare-flache-lagerungen\/","og_locale":"de_DE","og_type":"article","og_title":"PBC Simplicity Lineargleitlager","og_description":"PBC Simplicity-Lineargleitlager haben Frelon-Material mit Pr\u00e4zisionslagertechnologie kombiniert, um SIMPLICITY\u00ae-Lineargleitlager zu schaffen.","og_url":"https:\/\/www.credimex.ch\/de\/produkt\/pbc-einfache-lineare-flache-lagerungen\/","og_site_name":"CREDIMEX","article_publisher":"https:\/\/www.facebook.com\/credimex.alpnach\/","article_modified_time":"2023-06-26T14:54:19+00:00","og_image":[{"width":800,"height":800,"url":"https:\/\/www.credimex.ch\/wp-content\/uploads\/2022\/07\/pbc.png","type":"image\/png"}],"twitter_card":"summary_large_image","twitter_misc":{"Gesch\u00e4tzte Lesezeit":"1\u00a0Minute"},"schema":{"@context":"https:\/\/schema.org","@graph":[{"@type":"WebPage","@id":"https:\/\/www.credimex.ch\/de\/produkt\/pbc-einfache-lineare-flache-lagerungen\/","url":"https:\/\/www.credimex.ch\/de\/produkt\/pbc-einfache-lineare-flache-lagerungen\/","name":"PBC Simplicity Lineargleitlager - CREDIMEX","isPartOf":{"@id":"https:\/\/www.credimex.ch\/de\/#website"},"primaryImageOfPage":{"@id":"https:\/\/www.credimex.ch\/de\/produkt\/pbc-einfache-lineare-flache-lagerungen\/#primaryimage"},"image":{"@id":"https:\/\/www.credimex.ch\/de\/produkt\/pbc-einfache-lineare-flache-lagerungen\/#primaryimage"},"thumbnailUrl":"https:\/\/www.credimex.ch\/wp-content\/uploads\/2022\/07\/pbc.png","datePublished":"2022-07-08T07:26:25+00:00","dateModified":"2023-06-26T14:54:19+00:00","description":"PBC Simplicity-Lineargleitlager haben Frelon-Material mit Pr\u00e4zisionslagertechnologie kombiniert, um SIMPLICITY\u00ae-Lineargleitlager zu schaffen.","breadcrumb":{"@id":"https:\/\/www.credimex.ch\/de\/produkt\/pbc-einfache-lineare-flache-lagerungen\/#breadcrumb"},"inLanguage":"de","potentialAction":[{"@type":"ReadAction","target":["https:\/\/www.credimex.ch\/de\/produkt\/pbc-einfache-lineare-flache-lagerungen\/"]}]},{"@type":"ImageObject","inLanguage":"de","@id":"https:\/\/www.credimex.ch\/de\/produkt\/pbc-einfache-lineare-flache-lagerungen\/#primaryimage","url":"https:\/\/www.credimex.ch\/wp-content\/uploads\/2022\/07\/pbc.png","contentUrl":"https:\/\/www.credimex.ch\/wp-content\/uploads\/2022\/07\/pbc.png","width":800,"height":800},{"@type":"BreadcrumbList","@id":"https:\/\/www.credimex.ch\/de\/produkt\/pbc-einfache-lineare-flache-lagerungen\/#breadcrumb","itemListElement":[{"@type":"ListItem","position":1,"name":"Home","item":"https:\/\/www.credimex.ch\/de\/"},{"@type":"ListItem","position":2,"name":"Produkte","item":"https:\/\/www.credimex.ch\/de\/produkte\/"},{"@type":"ListItem","position":3,"name":"PBC Simplicity Lineargleitlager"}]},{"@type":"WebSite","@id":"https:\/\/www.credimex.ch\/de\/#website","url":"https:\/\/www.credimex.ch\/de\/","name":"CREDIMEX","description":"Partner of Swiss Industrial Market","publisher":{"@id":"https:\/\/www.credimex.ch\/de\/#organization"},"potentialAction":[{"@type":"SearchAction","target":{"@type":"EntryPoint","urlTemplate":"https:\/\/www.credimex.ch\/de\/?s={search_term_string}"},"query-input":{"@type":"PropertyValueSpecification","valueRequired":true,"valueName":"search_term_string"}}],"inLanguage":"de"},{"@type":"Organization","@id":"https:\/\/www.credimex.ch\/de\/#organization","name":"credimex","url":"https:\/\/www.credimex.ch\/de\/","logo":{"@type":"ImageObject","inLanguage":"de","@id":"https:\/\/www.credimex.ch\/de\/#\/schema\/logo\/image\/","url":"https:\/\/www.credimex.ch\/wp-content\/uploads\/2022\/03\/cropped-logo-credimex.png","contentUrl":"https:\/\/www.credimex.ch\/wp-content\/uploads\/2022\/03\/cropped-logo-credimex.png","width":512,"height":512,"caption":"credimex"},"image":{"@id":"https:\/\/www.credimex.ch\/de\/#\/schema\/logo\/image\/"},"sameAs":["https:\/\/www.facebook.com\/credimex.alpnach\/","https:\/\/www.linkedin.com\/company\/credimex\/","https:\/\/www.youtube.com\/@CREDIMEX?sub_confirmation=1"]}]}},"_links":{"self":[{"href":"https:\/\/www.credimex.ch\/de\/wp-json\/wp\/v2\/product\/4033","targetHints":{"allow":["GET"]}}],"collection":[{"href":"https:\/\/www.credimex.ch\/de\/wp-json\/wp\/v2\/product"}],"about":[{"href":"https:\/\/www.credimex.ch\/de\/wp-json\/wp\/v2\/types\/product"}],"replies":[{"embeddable":true,"href":"https:\/\/www.credimex.ch\/de\/wp-json\/wp\/v2\/comments?post=4033"}],"wp:featuredmedia":[{"embeddable":true,"href":"https:\/\/www.credimex.ch\/de\/wp-json\/wp\/v2\/media\/3473"}],"wp:attachment":[{"href":"https:\/\/www.credimex.ch\/de\/wp-json\/wp\/v2\/media?parent=4033"}],"wp:term":[{"taxonomy":"product_brand","embeddable":true,"href":"https:\/\/www.credimex.ch\/de\/wp-json\/wp\/v2\/product_brand?post=4033"},{"taxonomy":"product_cat","embeddable":true,"href":"https:\/\/www.credimex.ch\/de\/wp-json\/wp\/v2\/product_cat?post=4033"},{"taxonomy":"product_tag","embeddable":true,"href":"https:\/\/www.credimex.ch\/de\/wp-json\/wp\/v2\/product_tag?post=4033"}],"curies":[{"name":"wp","href":"https:\/\/api.w.org\/{rel}","templated":true}]}}