{"id":4039,"date":"2022-07-07T12:58:24","date_gmt":"2022-07-07T10:58:24","guid":{"rendered":"https:\/\/www.credimex.ch.mialias.net\/product\/compact-automation-kundenspezifische-produkte\/"},"modified":"2023-01-04T09:58:23","modified_gmt":"2023-01-04T08:58:23","slug":"kompakt-automation-sonderanfertigungen","status":"publish","type":"product","link":"https:\/\/www.credimex.ch\/de\/produkt\/kompakt-automation-sonderanfertigungen\/","title":{"rendered":"Compact Automation Kundenspezifische Produkte"},"content":{"rendered":"<h2>Beschreibung<\/h2>\n<p>Compact Automation Custom Products umfasst die folgenden Produktserien:<\/p>\n<ul>\n<li>Klammer- und Pressenanwendungen<\/li>\n<li>Kundenspezifische Pneumatik-Zylinder<\/li>\n<li>Kundenspezifisch gef\u00fchrter Zylinder<\/li>\n<li>Benutzerdefinierte Folien<\/li>\n<li>Kundenspezifische Aktuatoren<\/li>\n<li>Reibungsarmes Material<\/li>\n<li>Niederdruck-Hydraulik-Service<\/li>\n<li>\u00dcberdimensionierte Stangen und Spezialbuchsen<\/li>\n<li>Kunststoffgeh\u00e4use Zylinder<\/li>\n<\/ul>\n<h2>Produktvorteile<\/h2>\n<p>Compact\u00ae ist ein marktf\u00fchrender Hersteller von Produkten f\u00fcr die Bewegungssteuerung und Pr\u00e4zisionsautomatisierung, der massgeschneiderte Zylinderl\u00f6sungen f\u00fcr verschiedene Branchen liefert.<\/p>\n<h2>Anwendung<\/h2>\n<p>Die Produkte sind f\u00fcr eine Vielzahl von industriellen Anwendungen konzipiert.<\/p>\n","protected":false},"excerpt":{"rendered":"<p>Compact\u00ae ist ein marktf\u00fchrender Hersteller von Produkten zur Bewegungssteuerung und Pr\u00e4zisionsautomatisierung, der <strong>kundenspezifische Zylinderl\u00f6sungen<\/strong> anbietet <strong>.<\/strong><\/p>\n","protected":false},"featured_media":3467,"comment_status":"open","ping_status":"closed","template":"","meta":{"_acf_changed":false},"product_brand":[],"product_cat":[369,351,419,596,380,379,417,390,370,352,420,592,418,478],"product_tag":[],"class_list":{"0":"post-4039","1":"product","2":"type-product","3":"status-publish","4":"has-post-thumbnail","6":"product_cat-allgemeine-industrie","7":"product_cat-automobilindustrie","8":"product_cat-batterien","9":"product_cat-compact","10":"product_cat-e-mobilitat","11":"product_cat-eisenbahn","12":"product_cat-elektronik","13":"product_cat-energie","14":"product_cat-lebensmittelindustrie","15":"product_cat-luft-und-raumfahrtindustrie","16":"product_cat-medizinal-industrie","17":"product_cat-pneumatik","18":"product_cat-seilbahnen","19":"product_cat-uhrenherstellung","20":"pa_brands-kompakt","22":"first","23":"instock","24":"shipping-taxable","25":"product-type-simple"},"acf":[],"_yoast_wpseo_focuskw":"Compact Automation Kundenspezifische Produkte","_yoast_wpseo_metadesc":"Compact\u00ae ist ein marktf\u00fchrender Hersteller von Produkten zur Bewegungssteuerung und Pr\u00e4zisionsautomatisierung, der kundenspezifische Zylinderl\u00f6sungen anbietet.","yoast_head":"<!-- This site is optimized with the Yoast SEO Premium plugin v21.6 (Yoast SEO v27.4) - https:\/\/yoast.com\/product\/yoast-seo-premium-wordpress\/ -->\n<title>Compact Automation Kundenspezifische Produkte - CREDIMEX<\/title>\n<meta name=\"description\" content=\"Compact\u00ae ist ein marktf\u00fchrender Hersteller von Produkten zur Bewegungssteuerung und Pr\u00e4zisionsautomatisierung, der kundenspezifische Zylinderl\u00f6sungen anbietet.\" \/>\n<meta name=\"robots\" content=\"index, follow, max-snippet:-1, max-image-preview:large, max-video-preview:-1\" \/>\n<link rel=\"canonical\" href=\"https:\/\/www.credimex.ch\/de\/produkt\/kompakt-automation-sonderanfertigungen\/\" \/>\n<meta property=\"og:locale\" content=\"de_DE\" \/>\n<meta property=\"og:type\" content=\"article\" \/>\n<meta property=\"og:title\" content=\"Compact Automation Kundenspezifische Produkte\" \/>\n<meta property=\"og:description\" content=\"Compact\u00ae ist ein marktf\u00fchrender Hersteller von Produkten zur Bewegungssteuerung und Pr\u00e4zisionsautomatisierung, der kundenspezifische Zylinderl\u00f6sungen anbietet.\" \/>\n<meta property=\"og:url\" content=\"https:\/\/www.credimex.ch\/de\/produkt\/kompakt-automation-sonderanfertigungen\/\" \/>\n<meta property=\"og:site_name\" content=\"CREDIMEX\" \/>\n<meta property=\"article:publisher\" content=\"https:\/\/www.facebook.com\/credimex.alpnach\/\" \/>\n<meta property=\"article:modified_time\" content=\"2023-01-04T08:58:23+00:00\" \/>\n<meta property=\"og:image\" content=\"https:\/\/www.credimex.ch\/wp-content\/uploads\/2022\/07\/compact-1.png\" \/>\n\t<meta property=\"og:image:width\" content=\"800\" \/>\n\t<meta property=\"og:image:height\" content=\"800\" \/>\n\t<meta property=\"og:image:type\" content=\"image\/png\" \/>\n<meta name=\"twitter:card\" content=\"summary_large_image\" \/>\n<script type=\"application\/ld+json\" class=\"yoast-schema-graph\">{\"@context\":\"https:\\\/\\\/schema.org\",\"@graph\":[{\"@type\":\"WebPage\",\"@id\":\"https:\\\/\\\/www.credimex.ch\\\/de\\\/produkt\\\/kompakt-automation-sonderanfertigungen\\\/\",\"url\":\"https:\\\/\\\/www.credimex.ch\\\/de\\\/produkt\\\/kompakt-automation-sonderanfertigungen\\\/\",\"name\":\"Compact Automation Kundenspezifische Produkte - CREDIMEX\",\"isPartOf\":{\"@id\":\"https:\\\/\\\/www.credimex.ch\\\/de\\\/#website\"},\"primaryImageOfPage\":{\"@id\":\"https:\\\/\\\/www.credimex.ch\\\/de\\\/produkt\\\/kompakt-automation-sonderanfertigungen\\\/#primaryimage\"},\"image\":{\"@id\":\"https:\\\/\\\/www.credimex.ch\\\/de\\\/produkt\\\/kompakt-automation-sonderanfertigungen\\\/#primaryimage\"},\"thumbnailUrl\":\"https:\\\/\\\/www.credimex.ch\\\/wp-content\\\/uploads\\\/2022\\\/07\\\/compact-1.png\",\"datePublished\":\"2022-07-07T10:58:24+00:00\",\"dateModified\":\"2023-01-04T08:58:23+00:00\",\"description\":\"Compact\u00ae ist ein marktf\u00fchrender Hersteller von Produkten zur Bewegungssteuerung und Pr\u00e4zisionsautomatisierung, der kundenspezifische Zylinderl\u00f6sungen anbietet.\",\"breadcrumb\":{\"@id\":\"https:\\\/\\\/www.credimex.ch\\\/de\\\/produkt\\\/kompakt-automation-sonderanfertigungen\\\/#breadcrumb\"},\"inLanguage\":\"de\",\"potentialAction\":[{\"@type\":\"ReadAction\",\"target\":[\"https:\\\/\\\/www.credimex.ch\\\/de\\\/produkt\\\/kompakt-automation-sonderanfertigungen\\\/\"]}]},{\"@type\":\"ImageObject\",\"inLanguage\":\"de\",\"@id\":\"https:\\\/\\\/www.credimex.ch\\\/de\\\/produkt\\\/kompakt-automation-sonderanfertigungen\\\/#primaryimage\",\"url\":\"https:\\\/\\\/www.credimex.ch\\\/wp-content\\\/uploads\\\/2022\\\/07\\\/compact-1.png\",\"contentUrl\":\"https:\\\/\\\/www.credimex.ch\\\/wp-content\\\/uploads\\\/2022\\\/07\\\/compact-1.png\",\"width\":800,\"height\":800},{\"@type\":\"BreadcrumbList\",\"@id\":\"https:\\\/\\\/www.credimex.ch\\\/de\\\/produkt\\\/kompakt-automation-sonderanfertigungen\\\/#breadcrumb\",\"itemListElement\":[{\"@type\":\"ListItem\",\"position\":1,\"name\":\"Home\",\"item\":\"https:\\\/\\\/www.credimex.ch\\\/de\\\/\"},{\"@type\":\"ListItem\",\"position\":2,\"name\":\"Produkte\",\"item\":\"https:\\\/\\\/www.credimex.ch\\\/de\\\/produkte\\\/\"},{\"@type\":\"ListItem\",\"position\":3,\"name\":\"Compact Automation Kundenspezifische Produkte\"}]},{\"@type\":\"WebSite\",\"@id\":\"https:\\\/\\\/www.credimex.ch\\\/de\\\/#website\",\"url\":\"https:\\\/\\\/www.credimex.ch\\\/de\\\/\",\"name\":\"CREDIMEX\",\"description\":\"Partner of Swiss Industrial Market\",\"publisher\":{\"@id\":\"https:\\\/\\\/www.credimex.ch\\\/de\\\/#organization\"},\"potentialAction\":[{\"@type\":\"SearchAction\",\"target\":{\"@type\":\"EntryPoint\",\"urlTemplate\":\"https:\\\/\\\/www.credimex.ch\\\/de\\\/?s={search_term_string}\"},\"query-input\":{\"@type\":\"PropertyValueSpecification\",\"valueRequired\":true,\"valueName\":\"search_term_string\"}}],\"inLanguage\":\"de\"},{\"@type\":\"Organization\",\"@id\":\"https:\\\/\\\/www.credimex.ch\\\/de\\\/#organization\",\"name\":\"credimex\",\"url\":\"https:\\\/\\\/www.credimex.ch\\\/de\\\/\",\"logo\":{\"@type\":\"ImageObject\",\"inLanguage\":\"de\",\"@id\":\"https:\\\/\\\/www.credimex.ch\\\/de\\\/#\\\/schema\\\/logo\\\/image\\\/\",\"url\":\"https:\\\/\\\/www.credimex.ch\\\/wp-content\\\/uploads\\\/2022\\\/03\\\/cropped-logo-credimex.png\",\"contentUrl\":\"https:\\\/\\\/www.credimex.ch\\\/wp-content\\\/uploads\\\/2022\\\/03\\\/cropped-logo-credimex.png\",\"width\":512,\"height\":512,\"caption\":\"credimex\"},\"image\":{\"@id\":\"https:\\\/\\\/www.credimex.ch\\\/de\\\/#\\\/schema\\\/logo\\\/image\\\/\"},\"sameAs\":[\"https:\\\/\\\/www.facebook.com\\\/credimex.alpnach\\\/\",\"https:\\\/\\\/www.linkedin.com\\\/company\\\/credimex\\\/\",\"https:\\\/\\\/www.youtube.com\\\/@CREDIMEX?sub_confirmation=1\"]}]}<\/script>\n<!-- \/ Yoast SEO Premium plugin. -->","yoast_head_json":{"title":"Compact Automation Kundenspezifische Produkte - CREDIMEX","description":"Compact\u00ae ist ein marktf\u00fchrender Hersteller von Produkten zur Bewegungssteuerung und Pr\u00e4zisionsautomatisierung, der kundenspezifische Zylinderl\u00f6sungen anbietet.","robots":{"index":"index","follow":"follow","max-snippet":"max-snippet:-1","max-image-preview":"max-image-preview:large","max-video-preview":"max-video-preview:-1"},"canonical":"https:\/\/www.credimex.ch\/de\/produkt\/kompakt-automation-sonderanfertigungen\/","og_locale":"de_DE","og_type":"article","og_title":"Compact Automation Kundenspezifische Produkte","og_description":"Compact\u00ae ist ein marktf\u00fchrender Hersteller von Produkten zur Bewegungssteuerung und Pr\u00e4zisionsautomatisierung, der kundenspezifische Zylinderl\u00f6sungen anbietet.","og_url":"https:\/\/www.credimex.ch\/de\/produkt\/kompakt-automation-sonderanfertigungen\/","og_site_name":"CREDIMEX","article_publisher":"https:\/\/www.facebook.com\/credimex.alpnach\/","article_modified_time":"2023-01-04T08:58:23+00:00","og_image":[{"width":800,"height":800,"url":"https:\/\/www.credimex.ch\/wp-content\/uploads\/2022\/07\/compact-1.png","type":"image\/png"}],"twitter_card":"summary_large_image","schema":{"@context":"https:\/\/schema.org","@graph":[{"@type":"WebPage","@id":"https:\/\/www.credimex.ch\/de\/produkt\/kompakt-automation-sonderanfertigungen\/","url":"https:\/\/www.credimex.ch\/de\/produkt\/kompakt-automation-sonderanfertigungen\/","name":"Compact Automation Kundenspezifische Produkte - CREDIMEX","isPartOf":{"@id":"https:\/\/www.credimex.ch\/de\/#website"},"primaryImageOfPage":{"@id":"https:\/\/www.credimex.ch\/de\/produkt\/kompakt-automation-sonderanfertigungen\/#primaryimage"},"image":{"@id":"https:\/\/www.credimex.ch\/de\/produkt\/kompakt-automation-sonderanfertigungen\/#primaryimage"},"thumbnailUrl":"https:\/\/www.credimex.ch\/wp-content\/uploads\/2022\/07\/compact-1.png","datePublished":"2022-07-07T10:58:24+00:00","dateModified":"2023-01-04T08:58:23+00:00","description":"Compact\u00ae ist ein marktf\u00fchrender Hersteller von Produkten zur Bewegungssteuerung und Pr\u00e4zisionsautomatisierung, der kundenspezifische Zylinderl\u00f6sungen anbietet.","breadcrumb":{"@id":"https:\/\/www.credimex.ch\/de\/produkt\/kompakt-automation-sonderanfertigungen\/#breadcrumb"},"inLanguage":"de","potentialAction":[{"@type":"ReadAction","target":["https:\/\/www.credimex.ch\/de\/produkt\/kompakt-automation-sonderanfertigungen\/"]}]},{"@type":"ImageObject","inLanguage":"de","@id":"https:\/\/www.credimex.ch\/de\/produkt\/kompakt-automation-sonderanfertigungen\/#primaryimage","url":"https:\/\/www.credimex.ch\/wp-content\/uploads\/2022\/07\/compact-1.png","contentUrl":"https:\/\/www.credimex.ch\/wp-content\/uploads\/2022\/07\/compact-1.png","width":800,"height":800},{"@type":"BreadcrumbList","@id":"https:\/\/www.credimex.ch\/de\/produkt\/kompakt-automation-sonderanfertigungen\/#breadcrumb","itemListElement":[{"@type":"ListItem","position":1,"name":"Home","item":"https:\/\/www.credimex.ch\/de\/"},{"@type":"ListItem","position":2,"name":"Produkte","item":"https:\/\/www.credimex.ch\/de\/produkte\/"},{"@type":"ListItem","position":3,"name":"Compact Automation Kundenspezifische Produkte"}]},{"@type":"WebSite","@id":"https:\/\/www.credimex.ch\/de\/#website","url":"https:\/\/www.credimex.ch\/de\/","name":"CREDIMEX","description":"Partner of Swiss Industrial Market","publisher":{"@id":"https:\/\/www.credimex.ch\/de\/#organization"},"potentialAction":[{"@type":"SearchAction","target":{"@type":"EntryPoint","urlTemplate":"https:\/\/www.credimex.ch\/de\/?s={search_term_string}"},"query-input":{"@type":"PropertyValueSpecification","valueRequired":true,"valueName":"search_term_string"}}],"inLanguage":"de"},{"@type":"Organization","@id":"https:\/\/www.credimex.ch\/de\/#organization","name":"credimex","url":"https:\/\/www.credimex.ch\/de\/","logo":{"@type":"ImageObject","inLanguage":"de","@id":"https:\/\/www.credimex.ch\/de\/#\/schema\/logo\/image\/","url":"https:\/\/www.credimex.ch\/wp-content\/uploads\/2022\/03\/cropped-logo-credimex.png","contentUrl":"https:\/\/www.credimex.ch\/wp-content\/uploads\/2022\/03\/cropped-logo-credimex.png","width":512,"height":512,"caption":"credimex"},"image":{"@id":"https:\/\/www.credimex.ch\/de\/#\/schema\/logo\/image\/"},"sameAs":["https:\/\/www.facebook.com\/credimex.alpnach\/","https:\/\/www.linkedin.com\/company\/credimex\/","https:\/\/www.youtube.com\/@CREDIMEX?sub_confirmation=1"]}]}},"_links":{"self":[{"href":"https:\/\/www.credimex.ch\/de\/wp-json\/wp\/v2\/product\/4039","targetHints":{"allow":["GET"]}}],"collection":[{"href":"https:\/\/www.credimex.ch\/de\/wp-json\/wp\/v2\/product"}],"about":[{"href":"https:\/\/www.credimex.ch\/de\/wp-json\/wp\/v2\/types\/product"}],"replies":[{"embeddable":true,"href":"https:\/\/www.credimex.ch\/de\/wp-json\/wp\/v2\/comments?post=4039"}],"wp:featuredmedia":[{"embeddable":true,"href":"https:\/\/www.credimex.ch\/de\/wp-json\/wp\/v2\/media\/3467"}],"wp:attachment":[{"href":"https:\/\/www.credimex.ch\/de\/wp-json\/wp\/v2\/media?parent=4039"}],"wp:term":[{"taxonomy":"product_brand","embeddable":true,"href":"https:\/\/www.credimex.ch\/de\/wp-json\/wp\/v2\/product_brand?post=4039"},{"taxonomy":"product_cat","embeddable":true,"href":"https:\/\/www.credimex.ch\/de\/wp-json\/wp\/v2\/product_cat?post=4039"},{"taxonomy":"product_tag","embeddable":true,"href":"https:\/\/www.credimex.ch\/de\/wp-json\/wp\/v2\/product_tag?post=4039"}],"curies":[{"name":"wp","href":"https:\/\/api.w.org\/{rel}","templated":true}]}}