{"id":4041,"date":"2022-07-07T12:54:11","date_gmt":"2022-07-07T10:54:11","guid":{"rendered":"https:\/\/www.credimex.ch.mialias.net\/product\/kompakte-automatisierungsschlitten\/"},"modified":"2023-01-04T09:58:22","modified_gmt":"2023-01-04T08:58:22","slug":"kompakt-automatisierungs-schieber","status":"publish","type":"product","link":"https:\/\/www.credimex.ch\/de\/produkt\/kompakt-automatisierungs-schieber\/","title":{"rendered":"Kompakte Automatisierungsschlitten"},"content":{"rendered":"<h2>Beschreibung<\/h2>\n<p>Compact Automation Slides umfassen die folgenden Produktserien:<\/p>\n<ul>\n<li>Kugelrutschen<\/li>\n<li>GRC-F\u00fchrungsstangenzylinder<\/li>\n<li>Gef\u00fchrte Dias<\/li>\n<li>Gef\u00fchrte Pneumatik-Zylinder Produkte<\/li>\n<\/ul>\n<h2>Produktvorteile<\/h2>\n<p>Compact\u00ae-Schlitten sind so konzipiert, dass sie die Leistung herk\u00f6mmlicher, nicht rotierender Zylinder \u00fcbertreffen. Unsere Rutschen sind f\u00fcr kurzen und langen Hub ausgelegt. Sie sind ideal f\u00fcr Anwendungen mit begrenztem Platzangebot, bei denen ein Zylinder ben\u00f6tigt wird, der seine eigene Last f\u00fchrt und tr\u00e4gt.<\/p>\n<h2>Anwendung<\/h2>\n<p>Das Compact\u00ae-Design dieser Schlitten macht sie kompatibel mit Halbleiter-, Verpackungs- und Montageanwendungen.<\/p>\n","protected":false},"excerpt":{"rendered":"<p><strong>Kompakte Automatisierungsschlitten<\/strong> sind ideal f\u00fcr Anwendungen mit begrenztem Platzangebot, bei denen ein Zylinder ben\u00f6tigt wird, der seine eigene Last f\u00fchrt und tr\u00e4gt.<\/p>\n","protected":false},"featured_media":3465,"comment_status":"open","ping_status":"closed","template":"","meta":{"_acf_changed":false},"product_brand":[],"product_cat":[369,351,419,596,380,379,417,390,370,352,420,592,418,478],"product_tag":[],"class_list":{"0":"post-4041","1":"product","2":"type-product","3":"status-publish","4":"has-post-thumbnail","6":"product_cat-allgemeine-industrie","7":"product_cat-automobilindustrie","8":"product_cat-batterien","9":"product_cat-compact","10":"product_cat-e-mobilitat","11":"product_cat-eisenbahn","12":"product_cat-elektronik","13":"product_cat-energie","14":"product_cat-lebensmittelindustrie","15":"product_cat-luft-und-raumfahrtindustrie","16":"product_cat-medizinal-industrie","17":"product_cat-pneumatik","18":"product_cat-seilbahnen","19":"product_cat-uhrenherstellung","20":"pa_brands-kompakt","22":"first","23":"instock","24":"shipping-taxable","25":"product-type-simple"},"acf":[],"_yoast_wpseo_focuskw":"Kompakte Automatisierungsschlitten","_yoast_wpseo_metadesc":"Kompakte Automatisierungsschlitten sind ideal f\u00fcr Anwendungen mit begrenztem Platzangebot, bei denen ein Zylinder ben\u00f6tigt wird, der seine eigene Last f\u00fchrt und tr\u00e4gt.","yoast_head":"<!-- This site is optimized with the Yoast SEO Premium plugin v21.6 (Yoast SEO v27.4) - https:\/\/yoast.com\/product\/yoast-seo-premium-wordpress\/ -->\n<title>Kompakte Automatisierungsschlitten - CREDIMEX<\/title>\n<meta name=\"description\" content=\"Kompakte Automatisierungsschlitten sind ideal f\u00fcr Anwendungen mit begrenztem Platzangebot, bei denen ein Zylinder ben\u00f6tigt wird, der seine eigene Last f\u00fchrt und tr\u00e4gt.\" \/>\n<meta name=\"robots\" content=\"index, follow, max-snippet:-1, max-image-preview:large, max-video-preview:-1\" \/>\n<link rel=\"canonical\" href=\"https:\/\/www.credimex.ch\/de\/produkt\/kompakt-automatisierungs-schieber\/\" \/>\n<meta property=\"og:locale\" content=\"de_DE\" \/>\n<meta property=\"og:type\" content=\"article\" \/>\n<meta property=\"og:title\" content=\"Kompakte Automatisierungsschlitten\" \/>\n<meta property=\"og:description\" content=\"Kompakte Automatisierungsschlitten sind ideal f\u00fcr Anwendungen mit begrenztem Platzangebot, bei denen ein Zylinder ben\u00f6tigt wird, der seine eigene Last f\u00fchrt und tr\u00e4gt.\" \/>\n<meta property=\"og:url\" content=\"https:\/\/www.credimex.ch\/de\/produkt\/kompakt-automatisierungs-schieber\/\" \/>\n<meta property=\"og:site_name\" content=\"CREDIMEX\" \/>\n<meta property=\"article:publisher\" content=\"https:\/\/www.facebook.com\/credimex.alpnach\/\" \/>\n<meta property=\"article:modified_time\" content=\"2023-01-04T08:58:22+00:00\" \/>\n<meta property=\"og:image\" content=\"https:\/\/www.credimex.ch\/wp-content\/uploads\/2022\/07\/Compact_GRC_2021.png\" \/>\n\t<meta property=\"og:image:width\" content=\"300\" \/>\n\t<meta property=\"og:image:height\" content=\"452\" \/>\n\t<meta property=\"og:image:type\" content=\"image\/png\" \/>\n<meta name=\"twitter:card\" content=\"summary_large_image\" \/>\n<script type=\"application\/ld+json\" class=\"yoast-schema-graph\">{\"@context\":\"https:\\\/\\\/schema.org\",\"@graph\":[{\"@type\":\"WebPage\",\"@id\":\"https:\\\/\\\/www.credimex.ch\\\/de\\\/produkt\\\/kompakt-automatisierungs-schieber\\\/\",\"url\":\"https:\\\/\\\/www.credimex.ch\\\/de\\\/produkt\\\/kompakt-automatisierungs-schieber\\\/\",\"name\":\"Kompakte Automatisierungsschlitten - CREDIMEX\",\"isPartOf\":{\"@id\":\"https:\\\/\\\/www.credimex.ch\\\/de\\\/#website\"},\"primaryImageOfPage\":{\"@id\":\"https:\\\/\\\/www.credimex.ch\\\/de\\\/produkt\\\/kompakt-automatisierungs-schieber\\\/#primaryimage\"},\"image\":{\"@id\":\"https:\\\/\\\/www.credimex.ch\\\/de\\\/produkt\\\/kompakt-automatisierungs-schieber\\\/#primaryimage\"},\"thumbnailUrl\":\"https:\\\/\\\/www.credimex.ch\\\/wp-content\\\/uploads\\\/2022\\\/07\\\/Compact_GRC_2021.png\",\"datePublished\":\"2022-07-07T10:54:11+00:00\",\"dateModified\":\"2023-01-04T08:58:22+00:00\",\"description\":\"Kompakte Automatisierungsschlitten sind ideal f\u00fcr Anwendungen mit begrenztem Platzangebot, bei denen ein Zylinder ben\u00f6tigt wird, der seine eigene Last f\u00fchrt und tr\u00e4gt.\",\"breadcrumb\":{\"@id\":\"https:\\\/\\\/www.credimex.ch\\\/de\\\/produkt\\\/kompakt-automatisierungs-schieber\\\/#breadcrumb\"},\"inLanguage\":\"de\",\"potentialAction\":[{\"@type\":\"ReadAction\",\"target\":[\"https:\\\/\\\/www.credimex.ch\\\/de\\\/produkt\\\/kompakt-automatisierungs-schieber\\\/\"]}]},{\"@type\":\"ImageObject\",\"inLanguage\":\"de\",\"@id\":\"https:\\\/\\\/www.credimex.ch\\\/de\\\/produkt\\\/kompakt-automatisierungs-schieber\\\/#primaryimage\",\"url\":\"https:\\\/\\\/www.credimex.ch\\\/wp-content\\\/uploads\\\/2022\\\/07\\\/Compact_GRC_2021.png\",\"contentUrl\":\"https:\\\/\\\/www.credimex.ch\\\/wp-content\\\/uploads\\\/2022\\\/07\\\/Compact_GRC_2021.png\",\"width\":300,\"height\":452},{\"@type\":\"BreadcrumbList\",\"@id\":\"https:\\\/\\\/www.credimex.ch\\\/de\\\/produkt\\\/kompakt-automatisierungs-schieber\\\/#breadcrumb\",\"itemListElement\":[{\"@type\":\"ListItem\",\"position\":1,\"name\":\"Home\",\"item\":\"https:\\\/\\\/www.credimex.ch\\\/de\\\/\"},{\"@type\":\"ListItem\",\"position\":2,\"name\":\"Produkte\",\"item\":\"https:\\\/\\\/www.credimex.ch\\\/de\\\/produkte\\\/\"},{\"@type\":\"ListItem\",\"position\":3,\"name\":\"Kompakte Automatisierungsschlitten\"}]},{\"@type\":\"WebSite\",\"@id\":\"https:\\\/\\\/www.credimex.ch\\\/de\\\/#website\",\"url\":\"https:\\\/\\\/www.credimex.ch\\\/de\\\/\",\"name\":\"CREDIMEX\",\"description\":\"Partner of Swiss Industrial Market\",\"publisher\":{\"@id\":\"https:\\\/\\\/www.credimex.ch\\\/de\\\/#organization\"},\"potentialAction\":[{\"@type\":\"SearchAction\",\"target\":{\"@type\":\"EntryPoint\",\"urlTemplate\":\"https:\\\/\\\/www.credimex.ch\\\/de\\\/?s={search_term_string}\"},\"query-input\":{\"@type\":\"PropertyValueSpecification\",\"valueRequired\":true,\"valueName\":\"search_term_string\"}}],\"inLanguage\":\"de\"},{\"@type\":\"Organization\",\"@id\":\"https:\\\/\\\/www.credimex.ch\\\/de\\\/#organization\",\"name\":\"credimex\",\"url\":\"https:\\\/\\\/www.credimex.ch\\\/de\\\/\",\"logo\":{\"@type\":\"ImageObject\",\"inLanguage\":\"de\",\"@id\":\"https:\\\/\\\/www.credimex.ch\\\/de\\\/#\\\/schema\\\/logo\\\/image\\\/\",\"url\":\"https:\\\/\\\/www.credimex.ch\\\/wp-content\\\/uploads\\\/2022\\\/03\\\/cropped-logo-credimex.png\",\"contentUrl\":\"https:\\\/\\\/www.credimex.ch\\\/wp-content\\\/uploads\\\/2022\\\/03\\\/cropped-logo-credimex.png\",\"width\":512,\"height\":512,\"caption\":\"credimex\"},\"image\":{\"@id\":\"https:\\\/\\\/www.credimex.ch\\\/de\\\/#\\\/schema\\\/logo\\\/image\\\/\"},\"sameAs\":[\"https:\\\/\\\/www.facebook.com\\\/credimex.alpnach\\\/\",\"https:\\\/\\\/www.linkedin.com\\\/company\\\/credimex\\\/\",\"https:\\\/\\\/www.youtube.com\\\/@CREDIMEX?sub_confirmation=1\"]}]}<\/script>\n<!-- \/ Yoast SEO Premium plugin. -->","yoast_head_json":{"title":"Kompakte Automatisierungsschlitten - CREDIMEX","description":"Kompakte Automatisierungsschlitten sind ideal f\u00fcr Anwendungen mit begrenztem Platzangebot, bei denen ein Zylinder ben\u00f6tigt wird, der seine eigene Last f\u00fchrt und tr\u00e4gt.","robots":{"index":"index","follow":"follow","max-snippet":"max-snippet:-1","max-image-preview":"max-image-preview:large","max-video-preview":"max-video-preview:-1"},"canonical":"https:\/\/www.credimex.ch\/de\/produkt\/kompakt-automatisierungs-schieber\/","og_locale":"de_DE","og_type":"article","og_title":"Kompakte Automatisierungsschlitten","og_description":"Kompakte Automatisierungsschlitten sind ideal f\u00fcr Anwendungen mit begrenztem Platzangebot, bei denen ein Zylinder ben\u00f6tigt wird, der seine eigene Last f\u00fchrt und tr\u00e4gt.","og_url":"https:\/\/www.credimex.ch\/de\/produkt\/kompakt-automatisierungs-schieber\/","og_site_name":"CREDIMEX","article_publisher":"https:\/\/www.facebook.com\/credimex.alpnach\/","article_modified_time":"2023-01-04T08:58:22+00:00","og_image":[{"width":300,"height":452,"url":"https:\/\/www.credimex.ch\/wp-content\/uploads\/2022\/07\/Compact_GRC_2021.png","type":"image\/png"}],"twitter_card":"summary_large_image","schema":{"@context":"https:\/\/schema.org","@graph":[{"@type":"WebPage","@id":"https:\/\/www.credimex.ch\/de\/produkt\/kompakt-automatisierungs-schieber\/","url":"https:\/\/www.credimex.ch\/de\/produkt\/kompakt-automatisierungs-schieber\/","name":"Kompakte Automatisierungsschlitten - CREDIMEX","isPartOf":{"@id":"https:\/\/www.credimex.ch\/de\/#website"},"primaryImageOfPage":{"@id":"https:\/\/www.credimex.ch\/de\/produkt\/kompakt-automatisierungs-schieber\/#primaryimage"},"image":{"@id":"https:\/\/www.credimex.ch\/de\/produkt\/kompakt-automatisierungs-schieber\/#primaryimage"},"thumbnailUrl":"https:\/\/www.credimex.ch\/wp-content\/uploads\/2022\/07\/Compact_GRC_2021.png","datePublished":"2022-07-07T10:54:11+00:00","dateModified":"2023-01-04T08:58:22+00:00","description":"Kompakte Automatisierungsschlitten sind ideal f\u00fcr Anwendungen mit begrenztem Platzangebot, bei denen ein Zylinder ben\u00f6tigt wird, der seine eigene Last f\u00fchrt und tr\u00e4gt.","breadcrumb":{"@id":"https:\/\/www.credimex.ch\/de\/produkt\/kompakt-automatisierungs-schieber\/#breadcrumb"},"inLanguage":"de","potentialAction":[{"@type":"ReadAction","target":["https:\/\/www.credimex.ch\/de\/produkt\/kompakt-automatisierungs-schieber\/"]}]},{"@type":"ImageObject","inLanguage":"de","@id":"https:\/\/www.credimex.ch\/de\/produkt\/kompakt-automatisierungs-schieber\/#primaryimage","url":"https:\/\/www.credimex.ch\/wp-content\/uploads\/2022\/07\/Compact_GRC_2021.png","contentUrl":"https:\/\/www.credimex.ch\/wp-content\/uploads\/2022\/07\/Compact_GRC_2021.png","width":300,"height":452},{"@type":"BreadcrumbList","@id":"https:\/\/www.credimex.ch\/de\/produkt\/kompakt-automatisierungs-schieber\/#breadcrumb","itemListElement":[{"@type":"ListItem","position":1,"name":"Home","item":"https:\/\/www.credimex.ch\/de\/"},{"@type":"ListItem","position":2,"name":"Produkte","item":"https:\/\/www.credimex.ch\/de\/produkte\/"},{"@type":"ListItem","position":3,"name":"Kompakte Automatisierungsschlitten"}]},{"@type":"WebSite","@id":"https:\/\/www.credimex.ch\/de\/#website","url":"https:\/\/www.credimex.ch\/de\/","name":"CREDIMEX","description":"Partner of Swiss Industrial Market","publisher":{"@id":"https:\/\/www.credimex.ch\/de\/#organization"},"potentialAction":[{"@type":"SearchAction","target":{"@type":"EntryPoint","urlTemplate":"https:\/\/www.credimex.ch\/de\/?s={search_term_string}"},"query-input":{"@type":"PropertyValueSpecification","valueRequired":true,"valueName":"search_term_string"}}],"inLanguage":"de"},{"@type":"Organization","@id":"https:\/\/www.credimex.ch\/de\/#organization","name":"credimex","url":"https:\/\/www.credimex.ch\/de\/","logo":{"@type":"ImageObject","inLanguage":"de","@id":"https:\/\/www.credimex.ch\/de\/#\/schema\/logo\/image\/","url":"https:\/\/www.credimex.ch\/wp-content\/uploads\/2022\/03\/cropped-logo-credimex.png","contentUrl":"https:\/\/www.credimex.ch\/wp-content\/uploads\/2022\/03\/cropped-logo-credimex.png","width":512,"height":512,"caption":"credimex"},"image":{"@id":"https:\/\/www.credimex.ch\/de\/#\/schema\/logo\/image\/"},"sameAs":["https:\/\/www.facebook.com\/credimex.alpnach\/","https:\/\/www.linkedin.com\/company\/credimex\/","https:\/\/www.youtube.com\/@CREDIMEX?sub_confirmation=1"]}]}},"_links":{"self":[{"href":"https:\/\/www.credimex.ch\/de\/wp-json\/wp\/v2\/product\/4041","targetHints":{"allow":["GET"]}}],"collection":[{"href":"https:\/\/www.credimex.ch\/de\/wp-json\/wp\/v2\/product"}],"about":[{"href":"https:\/\/www.credimex.ch\/de\/wp-json\/wp\/v2\/types\/product"}],"replies":[{"embeddable":true,"href":"https:\/\/www.credimex.ch\/de\/wp-json\/wp\/v2\/comments?post=4041"}],"wp:featuredmedia":[{"embeddable":true,"href":"https:\/\/www.credimex.ch\/de\/wp-json\/wp\/v2\/media\/3465"}],"wp:attachment":[{"href":"https:\/\/www.credimex.ch\/de\/wp-json\/wp\/v2\/media?parent=4041"}],"wp:term":[{"taxonomy":"product_brand","embeddable":true,"href":"https:\/\/www.credimex.ch\/de\/wp-json\/wp\/v2\/product_brand?post=4041"},{"taxonomy":"product_cat","embeddable":true,"href":"https:\/\/www.credimex.ch\/de\/wp-json\/wp\/v2\/product_cat?post=4041"},{"taxonomy":"product_tag","embeddable":true,"href":"https:\/\/www.credimex.ch\/de\/wp-json\/wp\/v2\/product_tag?post=4041"}],"curies":[{"name":"wp","href":"https:\/\/api.w.org\/{rel}","templated":true}]}}