{"id":4049,"date":"2022-07-07T12:19:12","date_gmt":"2022-07-07T10:19:12","guid":{"rendered":"https:\/\/www.credimex.ch.mialias.net\/product\/airpel-ab-luftzylinder-niedrigste-reibung\/"},"modified":"2023-04-05T13:12:53","modified_gmt":"2023-04-05T11:12:53","slug":"airpel-ab-luftzylinder-geringste-reibung","status":"publish","type":"product","link":"https:\/\/www.credimex.ch\/de\/produkt\/airpel-ab-luftzylinder-geringste-reibung\/","title":{"rendered":"Airpel AB Luftzylinder"},"content":{"rendered":"<h2>Beschreibung<\/h2>\n<p>Die Airpel AB-Luftzylinder verf\u00fcgen \u00fcber einen speziell geformten Edelstahlkolben, der pr\u00e4zise an einen Borosilikatglaszylinder angepasst ist. Durch die Zufuhr von Druckluft in den Zylinder des Luftlagers wird ein echter Luftlagereffekt um den Kolben herum erzeugt. Bei einem Luftdruck von nur 5 PSI im Zylinder erzeugt dieselbe Luft, die den Kolben antreibt, auch ein steifes, umlaufendes Luftpolster, das den Kolben st\u00fctzt. Dabei wird verhindert, dass er die Zylinderwand ber\u00fchrt. Das Ergebnis ist ein reibungsfreier Luftzylinder, der eine praktisch unbegrenzte Lebensdauer des Kolbens, keine Schmierung und einen extrem sauberen Betrieb bietet. Da die Ausgangskraft dieses reibungsfreien Luftzylinders durch die Bewegung von Kugelgelenken mit extrem geringer Reibung, die zur Verbindung der Stange verwendet werden, nur geringf\u00fcgig reduziert wird, kann die Kraft mit sehr hoher Genauigkeit und Aufl\u00f6sung gesteuert werden.<\/p>\n<h2>Produktvorteile<\/h2>\n<p>Diese einzigartigen, reibungsfreien Druckluftzylinder bieten die ultimative, pr\u00e4zise pneumatische Kraftsteuerung f\u00fcr Anwendungen wie Spannen, Ausgleichen von Lasten, die von Linearantrieben angetrieben werden, und Aufbringen von Quetsch- oder Haltekr\u00e4ften mit einer Aufl\u00f6sung von 0,5 g. Airpel-AB Luftlageraktuatoren sind in metrischen Modellen mit vier Bohrungsdurchmessern und zehn Standardh\u00fcben erh\u00e4ltlich, um pr\u00e4zise wiederholbare Antriebs- oder St\u00fctzkr\u00e4fte von 2 Gramm bis 58 kg zu liefern. Die Betriebstemperaturen reichen von -20 C bis +90 C.<\/p>\n<h2>Anwendung<\/h2>\n<p>Airpel PLUS Druckluftzylinder werden f\u00fcr alle industriellen Anwendungen eingesetzt.<\/p>\n","protected":false},"excerpt":{"rendered":"<p><strong>Airpel AB Druckluftzylinder <\/strong>bieten die ultimative, pr\u00e4zise pneumatische Kraftkontrolle f\u00fcr eine Vielzahl von Anwendungen.<\/p>\n","protected":false},"featured_media":3457,"comment_status":"open","ping_status":"closed","template":"","meta":{"_acf_changed":false},"product_brand":[],"product_cat":[601,602,369,351,419,380,379,417,390,370,352,420,592,418,478],"product_tag":[],"class_list":{"0":"post-4049","1":"product","2":"type-product","3":"status-publish","4":"has-post-thumbnail","6":"product_cat-airpel","7":"product_cat-airpel-zylinder","8":"product_cat-allgemeine-industrie","9":"product_cat-automobilindustrie","10":"product_cat-batterien","11":"product_cat-e-mobilitat","12":"product_cat-eisenbahn","13":"product_cat-elektronik","14":"product_cat-energie","15":"product_cat-lebensmittelindustrie","16":"product_cat-luft-und-raumfahrtindustrie","17":"product_cat-medizinal-industrie","18":"product_cat-pneumatik","19":"product_cat-seilbahnen","20":"product_cat-uhrenherstellung","21":"pa_brands-airpel-de","23":"first","24":"instock","25":"shipping-taxable","26":"product-type-simple"},"acf":[],"_yoast_wpseo_focuskw":"Airpel AB Luftzylinder","_yoast_wpseo_metadesc":"Airpel AB Druckluftzylinder bieten die ultimative, pr\u00e4zise pneumatische Kraftkontrolle f\u00fcr eine Vielzahl von Anwendungen.","yoast_head":"<!-- This site is optimized with the Yoast SEO Premium plugin v21.6 (Yoast SEO v27.4) - https:\/\/yoast.com\/product\/yoast-seo-premium-wordpress\/ -->\n<title>Airpel AB Luftzylinder - CREDIMEX<\/title>\n<meta name=\"description\" content=\"Airpel AB Druckluftzylinder bieten die ultimative, pr\u00e4zise pneumatische Kraftkontrolle f\u00fcr eine Vielzahl von Anwendungen.\" \/>\n<meta name=\"robots\" content=\"index, follow, max-snippet:-1, max-image-preview:large, max-video-preview:-1\" \/>\n<link rel=\"canonical\" href=\"https:\/\/www.credimex.ch\/de\/produkt\/airpel-ab-luftzylinder-geringste-reibung\/\" \/>\n<meta property=\"og:locale\" content=\"de_DE\" \/>\n<meta property=\"og:type\" content=\"article\" \/>\n<meta property=\"og:title\" content=\"Airpel AB Luftzylinder\" \/>\n<meta property=\"og:description\" content=\"Airpel AB Druckluftzylinder bieten die ultimative, pr\u00e4zise pneumatische Kraftkontrolle f\u00fcr eine Vielzahl von Anwendungen.\" \/>\n<meta property=\"og:url\" content=\"https:\/\/www.credimex.ch\/de\/produkt\/airpel-ab-luftzylinder-geringste-reibung\/\" \/>\n<meta property=\"og:site_name\" content=\"CREDIMEX\" \/>\n<meta property=\"article:publisher\" content=\"https:\/\/www.facebook.com\/credimex.alpnach\/\" \/>\n<meta property=\"article:modified_time\" content=\"2023-04-05T11:12:53+00:00\" \/>\n<meta property=\"og:image\" content=\"https:\/\/www.credimex.ch\/wp-content\/uploads\/2022\/07\/30.png\" \/>\n\t<meta property=\"og:image:width\" content=\"800\" \/>\n\t<meta property=\"og:image:height\" content=\"800\" \/>\n\t<meta property=\"og:image:type\" content=\"image\/png\" \/>\n<meta name=\"twitter:card\" content=\"summary_large_image\" \/>\n<meta name=\"twitter:label1\" content=\"Gesch\u00e4tzte Lesezeit\" \/>\n\t<meta name=\"twitter:data1\" content=\"1\u00a0Minute\" \/>\n<script type=\"application\/ld+json\" class=\"yoast-schema-graph\">{\"@context\":\"https:\\\/\\\/schema.org\",\"@graph\":[{\"@type\":\"WebPage\",\"@id\":\"https:\\\/\\\/www.credimex.ch\\\/de\\\/produkt\\\/airpel-ab-luftzylinder-geringste-reibung\\\/\",\"url\":\"https:\\\/\\\/www.credimex.ch\\\/de\\\/produkt\\\/airpel-ab-luftzylinder-geringste-reibung\\\/\",\"name\":\"Airpel AB Luftzylinder - CREDIMEX\",\"isPartOf\":{\"@id\":\"https:\\\/\\\/www.credimex.ch\\\/de\\\/#website\"},\"primaryImageOfPage\":{\"@id\":\"https:\\\/\\\/www.credimex.ch\\\/de\\\/produkt\\\/airpel-ab-luftzylinder-geringste-reibung\\\/#primaryimage\"},\"image\":{\"@id\":\"https:\\\/\\\/www.credimex.ch\\\/de\\\/produkt\\\/airpel-ab-luftzylinder-geringste-reibung\\\/#primaryimage\"},\"thumbnailUrl\":\"https:\\\/\\\/www.credimex.ch\\\/wp-content\\\/uploads\\\/2022\\\/07\\\/30.png\",\"datePublished\":\"2022-07-07T10:19:12+00:00\",\"dateModified\":\"2023-04-05T11:12:53+00:00\",\"description\":\"Airpel AB Druckluftzylinder bieten die ultimative, pr\u00e4zise pneumatische Kraftkontrolle f\u00fcr eine Vielzahl von Anwendungen.\",\"breadcrumb\":{\"@id\":\"https:\\\/\\\/www.credimex.ch\\\/de\\\/produkt\\\/airpel-ab-luftzylinder-geringste-reibung\\\/#breadcrumb\"},\"inLanguage\":\"de\",\"potentialAction\":[{\"@type\":\"ReadAction\",\"target\":[\"https:\\\/\\\/www.credimex.ch\\\/de\\\/produkt\\\/airpel-ab-luftzylinder-geringste-reibung\\\/\"]}]},{\"@type\":\"ImageObject\",\"inLanguage\":\"de\",\"@id\":\"https:\\\/\\\/www.credimex.ch\\\/de\\\/produkt\\\/airpel-ab-luftzylinder-geringste-reibung\\\/#primaryimage\",\"url\":\"https:\\\/\\\/www.credimex.ch\\\/wp-content\\\/uploads\\\/2022\\\/07\\\/30.png\",\"contentUrl\":\"https:\\\/\\\/www.credimex.ch\\\/wp-content\\\/uploads\\\/2022\\\/07\\\/30.png\",\"width\":800,\"height\":800},{\"@type\":\"BreadcrumbList\",\"@id\":\"https:\\\/\\\/www.credimex.ch\\\/de\\\/produkt\\\/airpel-ab-luftzylinder-geringste-reibung\\\/#breadcrumb\",\"itemListElement\":[{\"@type\":\"ListItem\",\"position\":1,\"name\":\"Home\",\"item\":\"https:\\\/\\\/www.credimex.ch\\\/de\\\/\"},{\"@type\":\"ListItem\",\"position\":2,\"name\":\"Produkte\",\"item\":\"https:\\\/\\\/www.credimex.ch\\\/de\\\/produkte\\\/\"},{\"@type\":\"ListItem\",\"position\":3,\"name\":\"Airpel AB Luftzylinder\"}]},{\"@type\":\"WebSite\",\"@id\":\"https:\\\/\\\/www.credimex.ch\\\/de\\\/#website\",\"url\":\"https:\\\/\\\/www.credimex.ch\\\/de\\\/\",\"name\":\"CREDIMEX\",\"description\":\"Partner of Swiss Industrial Market\",\"publisher\":{\"@id\":\"https:\\\/\\\/www.credimex.ch\\\/de\\\/#organization\"},\"potentialAction\":[{\"@type\":\"SearchAction\",\"target\":{\"@type\":\"EntryPoint\",\"urlTemplate\":\"https:\\\/\\\/www.credimex.ch\\\/de\\\/?s={search_term_string}\"},\"query-input\":{\"@type\":\"PropertyValueSpecification\",\"valueRequired\":true,\"valueName\":\"search_term_string\"}}],\"inLanguage\":\"de\"},{\"@type\":\"Organization\",\"@id\":\"https:\\\/\\\/www.credimex.ch\\\/de\\\/#organization\",\"name\":\"credimex\",\"url\":\"https:\\\/\\\/www.credimex.ch\\\/de\\\/\",\"logo\":{\"@type\":\"ImageObject\",\"inLanguage\":\"de\",\"@id\":\"https:\\\/\\\/www.credimex.ch\\\/de\\\/#\\\/schema\\\/logo\\\/image\\\/\",\"url\":\"https:\\\/\\\/www.credimex.ch\\\/wp-content\\\/uploads\\\/2022\\\/03\\\/cropped-logo-credimex.png\",\"contentUrl\":\"https:\\\/\\\/www.credimex.ch\\\/wp-content\\\/uploads\\\/2022\\\/03\\\/cropped-logo-credimex.png\",\"width\":512,\"height\":512,\"caption\":\"credimex\"},\"image\":{\"@id\":\"https:\\\/\\\/www.credimex.ch\\\/de\\\/#\\\/schema\\\/logo\\\/image\\\/\"},\"sameAs\":[\"https:\\\/\\\/www.facebook.com\\\/credimex.alpnach\\\/\",\"https:\\\/\\\/www.linkedin.com\\\/company\\\/credimex\\\/\",\"https:\\\/\\\/www.youtube.com\\\/@CREDIMEX?sub_confirmation=1\"]}]}<\/script>\n<!-- \/ Yoast SEO Premium plugin. -->","yoast_head_json":{"title":"Airpel AB Luftzylinder - CREDIMEX","description":"Airpel AB Druckluftzylinder bieten die ultimative, pr\u00e4zise pneumatische Kraftkontrolle f\u00fcr eine Vielzahl von Anwendungen.","robots":{"index":"index","follow":"follow","max-snippet":"max-snippet:-1","max-image-preview":"max-image-preview:large","max-video-preview":"max-video-preview:-1"},"canonical":"https:\/\/www.credimex.ch\/de\/produkt\/airpel-ab-luftzylinder-geringste-reibung\/","og_locale":"de_DE","og_type":"article","og_title":"Airpel AB Luftzylinder","og_description":"Airpel AB Druckluftzylinder bieten die ultimative, pr\u00e4zise pneumatische Kraftkontrolle f\u00fcr eine Vielzahl von Anwendungen.","og_url":"https:\/\/www.credimex.ch\/de\/produkt\/airpel-ab-luftzylinder-geringste-reibung\/","og_site_name":"CREDIMEX","article_publisher":"https:\/\/www.facebook.com\/credimex.alpnach\/","article_modified_time":"2023-04-05T11:12:53+00:00","og_image":[{"width":800,"height":800,"url":"https:\/\/www.credimex.ch\/wp-content\/uploads\/2022\/07\/30.png","type":"image\/png"}],"twitter_card":"summary_large_image","twitter_misc":{"Gesch\u00e4tzte Lesezeit":"1\u00a0Minute"},"schema":{"@context":"https:\/\/schema.org","@graph":[{"@type":"WebPage","@id":"https:\/\/www.credimex.ch\/de\/produkt\/airpel-ab-luftzylinder-geringste-reibung\/","url":"https:\/\/www.credimex.ch\/de\/produkt\/airpel-ab-luftzylinder-geringste-reibung\/","name":"Airpel AB Luftzylinder - CREDIMEX","isPartOf":{"@id":"https:\/\/www.credimex.ch\/de\/#website"},"primaryImageOfPage":{"@id":"https:\/\/www.credimex.ch\/de\/produkt\/airpel-ab-luftzylinder-geringste-reibung\/#primaryimage"},"image":{"@id":"https:\/\/www.credimex.ch\/de\/produkt\/airpel-ab-luftzylinder-geringste-reibung\/#primaryimage"},"thumbnailUrl":"https:\/\/www.credimex.ch\/wp-content\/uploads\/2022\/07\/30.png","datePublished":"2022-07-07T10:19:12+00:00","dateModified":"2023-04-05T11:12:53+00:00","description":"Airpel AB Druckluftzylinder bieten die ultimative, pr\u00e4zise pneumatische Kraftkontrolle f\u00fcr eine Vielzahl von Anwendungen.","breadcrumb":{"@id":"https:\/\/www.credimex.ch\/de\/produkt\/airpel-ab-luftzylinder-geringste-reibung\/#breadcrumb"},"inLanguage":"de","potentialAction":[{"@type":"ReadAction","target":["https:\/\/www.credimex.ch\/de\/produkt\/airpel-ab-luftzylinder-geringste-reibung\/"]}]},{"@type":"ImageObject","inLanguage":"de","@id":"https:\/\/www.credimex.ch\/de\/produkt\/airpel-ab-luftzylinder-geringste-reibung\/#primaryimage","url":"https:\/\/www.credimex.ch\/wp-content\/uploads\/2022\/07\/30.png","contentUrl":"https:\/\/www.credimex.ch\/wp-content\/uploads\/2022\/07\/30.png","width":800,"height":800},{"@type":"BreadcrumbList","@id":"https:\/\/www.credimex.ch\/de\/produkt\/airpel-ab-luftzylinder-geringste-reibung\/#breadcrumb","itemListElement":[{"@type":"ListItem","position":1,"name":"Home","item":"https:\/\/www.credimex.ch\/de\/"},{"@type":"ListItem","position":2,"name":"Produkte","item":"https:\/\/www.credimex.ch\/de\/produkte\/"},{"@type":"ListItem","position":3,"name":"Airpel AB Luftzylinder"}]},{"@type":"WebSite","@id":"https:\/\/www.credimex.ch\/de\/#website","url":"https:\/\/www.credimex.ch\/de\/","name":"CREDIMEX","description":"Partner of Swiss Industrial Market","publisher":{"@id":"https:\/\/www.credimex.ch\/de\/#organization"},"potentialAction":[{"@type":"SearchAction","target":{"@type":"EntryPoint","urlTemplate":"https:\/\/www.credimex.ch\/de\/?s={search_term_string}"},"query-input":{"@type":"PropertyValueSpecification","valueRequired":true,"valueName":"search_term_string"}}],"inLanguage":"de"},{"@type":"Organization","@id":"https:\/\/www.credimex.ch\/de\/#organization","name":"credimex","url":"https:\/\/www.credimex.ch\/de\/","logo":{"@type":"ImageObject","inLanguage":"de","@id":"https:\/\/www.credimex.ch\/de\/#\/schema\/logo\/image\/","url":"https:\/\/www.credimex.ch\/wp-content\/uploads\/2022\/03\/cropped-logo-credimex.png","contentUrl":"https:\/\/www.credimex.ch\/wp-content\/uploads\/2022\/03\/cropped-logo-credimex.png","width":512,"height":512,"caption":"credimex"},"image":{"@id":"https:\/\/www.credimex.ch\/de\/#\/schema\/logo\/image\/"},"sameAs":["https:\/\/www.facebook.com\/credimex.alpnach\/","https:\/\/www.linkedin.com\/company\/credimex\/","https:\/\/www.youtube.com\/@CREDIMEX?sub_confirmation=1"]}]}},"_links":{"self":[{"href":"https:\/\/www.credimex.ch\/de\/wp-json\/wp\/v2\/product\/4049","targetHints":{"allow":["GET"]}}],"collection":[{"href":"https:\/\/www.credimex.ch\/de\/wp-json\/wp\/v2\/product"}],"about":[{"href":"https:\/\/www.credimex.ch\/de\/wp-json\/wp\/v2\/types\/product"}],"replies":[{"embeddable":true,"href":"https:\/\/www.credimex.ch\/de\/wp-json\/wp\/v2\/comments?post=4049"}],"wp:featuredmedia":[{"embeddable":true,"href":"https:\/\/www.credimex.ch\/de\/wp-json\/wp\/v2\/media\/3457"}],"wp:attachment":[{"href":"https:\/\/www.credimex.ch\/de\/wp-json\/wp\/v2\/media?parent=4049"}],"wp:term":[{"taxonomy":"product_brand","embeddable":true,"href":"https:\/\/www.credimex.ch\/de\/wp-json\/wp\/v2\/product_brand?post=4049"},{"taxonomy":"product_cat","embeddable":true,"href":"https:\/\/www.credimex.ch\/de\/wp-json\/wp\/v2\/product_cat?post=4049"},{"taxonomy":"product_tag","embeddable":true,"href":"https:\/\/www.credimex.ch\/de\/wp-json\/wp\/v2\/product_tag?post=4049"}],"curies":[{"name":"wp","href":"https:\/\/api.w.org\/{rel}","templated":true}]}}