{"id":4053,"date":"2022-07-07T11:47:24","date_gmt":"2022-07-07T09:47:24","guid":{"rendered":"https:\/\/www.credimex.ch.mialias.net\/product\/airpel-low-friction-luftzylinder\/"},"modified":"2023-06-26T16:56:18","modified_gmt":"2023-06-26T14:56:18","slug":"airpel-low-friction-air-cylinders","status":"publish","type":"product","link":"https:\/\/www.credimex.ch\/de\/produkt\/airpel-low-friction-air-cylinders\/","title":{"rendered":"Airpel Low Friction Luftzylinder"},"content":{"rendered":"<h2>Beschreibung<\/h2>\n<p>Die Airpel Low Friction Air Cylinders unterscheiden sich von den Airpot Self-Aligning Actuators dadurch, dass die Airpel-Zylinder in doppelt wirkenden Konfigurationen erh\u00e4ltlich sind, die von beiden Enden aus bet\u00e4tigt werden k\u00f6nnen, ein Aussengeh\u00e4use aus Edelstahl haben, in Doppelstangenausf\u00fchrung erh\u00e4ltlich sind und der Zylinder schwenkbar ist.<\/p>\n<p>Die Airpel-Linie umfasst Ger\u00e4te und Funktionen, die weit \u00fcber ihre einfache Beschreibung als reibungsarme Luftzylinder hinausgehen. Man muss ihre Geschmeidigkeit sp\u00fcren, um ihre F\u00e4higkeit zur Kraftkontrolle sch\u00e4tzen zu k\u00f6nnen.<\/p>\n<h2>Produktvorteile<\/h2>\n<p>Der Airpel Low Friction Air Cylinders hat eine erstaunliche neue Klasse von pneumatischen Aktuatoren geschaffen, die speziell f\u00fcr eine hochpr\u00e4zise Kraftkontrolle entwickelt wurden. Sie werden mit einer Graphitkolben\/Borosilikatglas-Zylinder-Kombination gebaut, bei der jeder Kolben selektiv auf den Zylinder mit extrem geringem Spiel abgestimmt ist. Sie haben eine unvergleichlich niedrige Reibung und reagieren auf Kr\u00e4fte von nur wenigen Gramm und Dr\u00fccke von weniger als 0,2 psi. Anfahr- und Laufreibung sind nahezu identisch, was ruckartige, unkontrollierte Starts verhindert und eine gleichm\u00e4ssige Laufruhe \u00fcber den gesamten Hub des Ger\u00e4ts gew\u00e4hrleistet. Airpel-Luftzylinder mit geringer Reibung sind unempfindlich gegen\u00fcber extremen Temperaturschwankungen, laufen sauber und verschmutzen die umliegenden Komponenten nicht. Es sind keine Interferenzdichtungen erforderlich, und es k\u00f6nnen keine Schmiermittel oder andere Fl\u00fcssigkeiten austreten. Die verwendeten Werkstoffe sind sauber und selbstschmierend und k\u00f6nnen sehr hohe Taktraten erreichen. Sie erw\u00e4rmen sich nicht und ver\u00e4ndern sich nicht unter den Bedingungen schneller und\/oder kontinuierlicher Zyklen. Zudem haben sie eine Lebensdauer von mehreren Millionen Zyklen.<\/p>\n<h2>Anwendung<\/h2>\n<p>Airpel Low Friction Druckluftzylinder werden f\u00fcr alle industriellen Anwendungen eingesetzt.<\/p>\n","protected":false},"excerpt":{"rendered":"<p><strong>Airpel Low Friction Air Cylinders<\/strong> haben eine erstaunliche neue Klasse von pneumatischen Aktuatoren geschaffen, die speziell f\u00fcr eine hochpr\u00e4zise Kraftkontrolle entwickelt wurden.<\/p>\n","protected":false},"featured_media":3455,"comment_status":"open","ping_status":"closed","template":"","meta":{"_acf_changed":false},"product_brand":[],"product_cat":[601,602,369,351,419,380,379,417,390,370,352,420,592,418,478],"product_tag":[],"class_list":{"0":"post-4053","1":"product","2":"type-product","3":"status-publish","4":"has-post-thumbnail","6":"product_cat-airpel","7":"product_cat-airpel-zylinder","8":"product_cat-allgemeine-industrie","9":"product_cat-automobilindustrie","10":"product_cat-batterien","11":"product_cat-e-mobilitat","12":"product_cat-eisenbahn","13":"product_cat-elektronik","14":"product_cat-energie","15":"product_cat-lebensmittelindustrie","16":"product_cat-luft-und-raumfahrtindustrie","17":"product_cat-medizinal-industrie","18":"product_cat-pneumatik","19":"product_cat-seilbahnen","20":"product_cat-uhrenherstellung","21":"pa_brands-airpel-de","23":"first","24":"instock","25":"shipping-taxable","26":"product-type-simple"},"acf":[],"_yoast_wpseo_focuskw":"Airpel Low Friction Luftzylinder","_yoast_wpseo_metadesc":"Airpel Low Friction Air Cylinders hat eine erstaunliche neue Klasse von pneumatischen Aktuatoren geschaffen, die speziell f\u00fcr eine hochpr\u00e4zise Kraftkontrolle entwickelt wurden.","yoast_head":"<!-- This site is optimized with the Yoast SEO Premium plugin v21.6 (Yoast SEO v27.4) - https:\/\/yoast.com\/product\/yoast-seo-premium-wordpress\/ -->\n<title>Airpel Low Friction Luftzylinder - CREDIMEX<\/title>\n<meta name=\"description\" content=\"Airpel Low Friction Air Cylinders hat eine erstaunliche neue Klasse von pneumatischen Aktuatoren geschaffen, die speziell f\u00fcr eine hochpr\u00e4zise Kraftkontrolle entwickelt wurden.\" \/>\n<meta name=\"robots\" content=\"index, follow, max-snippet:-1, max-image-preview:large, max-video-preview:-1\" \/>\n<link rel=\"canonical\" href=\"https:\/\/www.credimex.ch\/de\/produkt\/airpel-low-friction-air-cylinders\/\" \/>\n<meta property=\"og:locale\" content=\"de_DE\" \/>\n<meta property=\"og:type\" content=\"article\" \/>\n<meta property=\"og:title\" content=\"Airpel Low Friction Luftzylinder\" \/>\n<meta property=\"og:description\" content=\"Airpel Low Friction Air Cylinders hat eine erstaunliche neue Klasse von pneumatischen Aktuatoren geschaffen, die speziell f\u00fcr eine hochpr\u00e4zise Kraftkontrolle entwickelt wurden.\" \/>\n<meta property=\"og:url\" content=\"https:\/\/www.credimex.ch\/de\/produkt\/airpel-low-friction-air-cylinders\/\" \/>\n<meta property=\"og:site_name\" content=\"CREDIMEX\" \/>\n<meta property=\"article:publisher\" content=\"https:\/\/www.facebook.com\/credimex.alpnach\/\" \/>\n<meta property=\"article:modified_time\" content=\"2023-06-26T14:56:18+00:00\" \/>\n<meta property=\"og:image\" content=\"https:\/\/www.credimex.ch\/wp-content\/uploads\/2022\/07\/29.png\" \/>\n\t<meta property=\"og:image:width\" content=\"800\" \/>\n\t<meta property=\"og:image:height\" content=\"800\" \/>\n\t<meta property=\"og:image:type\" content=\"image\/png\" \/>\n<meta name=\"twitter:card\" content=\"summary_large_image\" \/>\n<meta name=\"twitter:label1\" content=\"Gesch\u00e4tzte Lesezeit\" \/>\n\t<meta name=\"twitter:data1\" content=\"2\u00a0Minuten\" \/>\n<script type=\"application\/ld+json\" class=\"yoast-schema-graph\">{\"@context\":\"https:\\\/\\\/schema.org\",\"@graph\":[{\"@type\":\"WebPage\",\"@id\":\"https:\\\/\\\/www.credimex.ch\\\/de\\\/produkt\\\/airpel-low-friction-air-cylinders\\\/\",\"url\":\"https:\\\/\\\/www.credimex.ch\\\/de\\\/produkt\\\/airpel-low-friction-air-cylinders\\\/\",\"name\":\"Airpel Low Friction Luftzylinder - CREDIMEX\",\"isPartOf\":{\"@id\":\"https:\\\/\\\/www.credimex.ch\\\/de\\\/#website\"},\"primaryImageOfPage\":{\"@id\":\"https:\\\/\\\/www.credimex.ch\\\/de\\\/produkt\\\/airpel-low-friction-air-cylinders\\\/#primaryimage\"},\"image\":{\"@id\":\"https:\\\/\\\/www.credimex.ch\\\/de\\\/produkt\\\/airpel-low-friction-air-cylinders\\\/#primaryimage\"},\"thumbnailUrl\":\"https:\\\/\\\/www.credimex.ch\\\/wp-content\\\/uploads\\\/2022\\\/07\\\/29.png\",\"datePublished\":\"2022-07-07T09:47:24+00:00\",\"dateModified\":\"2023-06-26T14:56:18+00:00\",\"description\":\"Airpel Low Friction Air Cylinders hat eine erstaunliche neue Klasse von pneumatischen Aktuatoren geschaffen, die speziell f\u00fcr eine hochpr\u00e4zise Kraftkontrolle entwickelt wurden.\",\"breadcrumb\":{\"@id\":\"https:\\\/\\\/www.credimex.ch\\\/de\\\/produkt\\\/airpel-low-friction-air-cylinders\\\/#breadcrumb\"},\"inLanguage\":\"de\",\"potentialAction\":[{\"@type\":\"ReadAction\",\"target\":[\"https:\\\/\\\/www.credimex.ch\\\/de\\\/produkt\\\/airpel-low-friction-air-cylinders\\\/\"]}]},{\"@type\":\"ImageObject\",\"inLanguage\":\"de\",\"@id\":\"https:\\\/\\\/www.credimex.ch\\\/de\\\/produkt\\\/airpel-low-friction-air-cylinders\\\/#primaryimage\",\"url\":\"https:\\\/\\\/www.credimex.ch\\\/wp-content\\\/uploads\\\/2022\\\/07\\\/29.png\",\"contentUrl\":\"https:\\\/\\\/www.credimex.ch\\\/wp-content\\\/uploads\\\/2022\\\/07\\\/29.png\",\"width\":800,\"height\":800},{\"@type\":\"BreadcrumbList\",\"@id\":\"https:\\\/\\\/www.credimex.ch\\\/de\\\/produkt\\\/airpel-low-friction-air-cylinders\\\/#breadcrumb\",\"itemListElement\":[{\"@type\":\"ListItem\",\"position\":1,\"name\":\"Home\",\"item\":\"https:\\\/\\\/www.credimex.ch\\\/de\\\/\"},{\"@type\":\"ListItem\",\"position\":2,\"name\":\"Produkte\",\"item\":\"https:\\\/\\\/www.credimex.ch\\\/de\\\/produkte\\\/\"},{\"@type\":\"ListItem\",\"position\":3,\"name\":\"Airpel Low Friction Luftzylinder\"}]},{\"@type\":\"WebSite\",\"@id\":\"https:\\\/\\\/www.credimex.ch\\\/de\\\/#website\",\"url\":\"https:\\\/\\\/www.credimex.ch\\\/de\\\/\",\"name\":\"CREDIMEX\",\"description\":\"Partner of Swiss Industrial Market\",\"publisher\":{\"@id\":\"https:\\\/\\\/www.credimex.ch\\\/de\\\/#organization\"},\"potentialAction\":[{\"@type\":\"SearchAction\",\"target\":{\"@type\":\"EntryPoint\",\"urlTemplate\":\"https:\\\/\\\/www.credimex.ch\\\/de\\\/?s={search_term_string}\"},\"query-input\":{\"@type\":\"PropertyValueSpecification\",\"valueRequired\":true,\"valueName\":\"search_term_string\"}}],\"inLanguage\":\"de\"},{\"@type\":\"Organization\",\"@id\":\"https:\\\/\\\/www.credimex.ch\\\/de\\\/#organization\",\"name\":\"credimex\",\"url\":\"https:\\\/\\\/www.credimex.ch\\\/de\\\/\",\"logo\":{\"@type\":\"ImageObject\",\"inLanguage\":\"de\",\"@id\":\"https:\\\/\\\/www.credimex.ch\\\/de\\\/#\\\/schema\\\/logo\\\/image\\\/\",\"url\":\"https:\\\/\\\/www.credimex.ch\\\/wp-content\\\/uploads\\\/2022\\\/03\\\/cropped-logo-credimex.png\",\"contentUrl\":\"https:\\\/\\\/www.credimex.ch\\\/wp-content\\\/uploads\\\/2022\\\/03\\\/cropped-logo-credimex.png\",\"width\":512,\"height\":512,\"caption\":\"credimex\"},\"image\":{\"@id\":\"https:\\\/\\\/www.credimex.ch\\\/de\\\/#\\\/schema\\\/logo\\\/image\\\/\"},\"sameAs\":[\"https:\\\/\\\/www.facebook.com\\\/credimex.alpnach\\\/\",\"https:\\\/\\\/www.linkedin.com\\\/company\\\/credimex\\\/\",\"https:\\\/\\\/www.youtube.com\\\/@CREDIMEX?sub_confirmation=1\"]}]}<\/script>\n<!-- \/ Yoast SEO Premium plugin. -->","yoast_head_json":{"title":"Airpel Low Friction Luftzylinder - CREDIMEX","description":"Airpel Low Friction Air Cylinders hat eine erstaunliche neue Klasse von pneumatischen Aktuatoren geschaffen, die speziell f\u00fcr eine hochpr\u00e4zise Kraftkontrolle entwickelt wurden.","robots":{"index":"index","follow":"follow","max-snippet":"max-snippet:-1","max-image-preview":"max-image-preview:large","max-video-preview":"max-video-preview:-1"},"canonical":"https:\/\/www.credimex.ch\/de\/produkt\/airpel-low-friction-air-cylinders\/","og_locale":"de_DE","og_type":"article","og_title":"Airpel Low Friction Luftzylinder","og_description":"Airpel Low Friction Air Cylinders hat eine erstaunliche neue Klasse von pneumatischen Aktuatoren geschaffen, die speziell f\u00fcr eine hochpr\u00e4zise Kraftkontrolle entwickelt wurden.","og_url":"https:\/\/www.credimex.ch\/de\/produkt\/airpel-low-friction-air-cylinders\/","og_site_name":"CREDIMEX","article_publisher":"https:\/\/www.facebook.com\/credimex.alpnach\/","article_modified_time":"2023-06-26T14:56:18+00:00","og_image":[{"width":800,"height":800,"url":"https:\/\/www.credimex.ch\/wp-content\/uploads\/2022\/07\/29.png","type":"image\/png"}],"twitter_card":"summary_large_image","twitter_misc":{"Gesch\u00e4tzte Lesezeit":"2\u00a0Minuten"},"schema":{"@context":"https:\/\/schema.org","@graph":[{"@type":"WebPage","@id":"https:\/\/www.credimex.ch\/de\/produkt\/airpel-low-friction-air-cylinders\/","url":"https:\/\/www.credimex.ch\/de\/produkt\/airpel-low-friction-air-cylinders\/","name":"Airpel Low Friction Luftzylinder - CREDIMEX","isPartOf":{"@id":"https:\/\/www.credimex.ch\/de\/#website"},"primaryImageOfPage":{"@id":"https:\/\/www.credimex.ch\/de\/produkt\/airpel-low-friction-air-cylinders\/#primaryimage"},"image":{"@id":"https:\/\/www.credimex.ch\/de\/produkt\/airpel-low-friction-air-cylinders\/#primaryimage"},"thumbnailUrl":"https:\/\/www.credimex.ch\/wp-content\/uploads\/2022\/07\/29.png","datePublished":"2022-07-07T09:47:24+00:00","dateModified":"2023-06-26T14:56:18+00:00","description":"Airpel Low Friction Air Cylinders hat eine erstaunliche neue Klasse von pneumatischen Aktuatoren geschaffen, die speziell f\u00fcr eine hochpr\u00e4zise Kraftkontrolle entwickelt wurden.","breadcrumb":{"@id":"https:\/\/www.credimex.ch\/de\/produkt\/airpel-low-friction-air-cylinders\/#breadcrumb"},"inLanguage":"de","potentialAction":[{"@type":"ReadAction","target":["https:\/\/www.credimex.ch\/de\/produkt\/airpel-low-friction-air-cylinders\/"]}]},{"@type":"ImageObject","inLanguage":"de","@id":"https:\/\/www.credimex.ch\/de\/produkt\/airpel-low-friction-air-cylinders\/#primaryimage","url":"https:\/\/www.credimex.ch\/wp-content\/uploads\/2022\/07\/29.png","contentUrl":"https:\/\/www.credimex.ch\/wp-content\/uploads\/2022\/07\/29.png","width":800,"height":800},{"@type":"BreadcrumbList","@id":"https:\/\/www.credimex.ch\/de\/produkt\/airpel-low-friction-air-cylinders\/#breadcrumb","itemListElement":[{"@type":"ListItem","position":1,"name":"Home","item":"https:\/\/www.credimex.ch\/de\/"},{"@type":"ListItem","position":2,"name":"Produkte","item":"https:\/\/www.credimex.ch\/de\/produkte\/"},{"@type":"ListItem","position":3,"name":"Airpel Low Friction Luftzylinder"}]},{"@type":"WebSite","@id":"https:\/\/www.credimex.ch\/de\/#website","url":"https:\/\/www.credimex.ch\/de\/","name":"CREDIMEX","description":"Partner of Swiss Industrial Market","publisher":{"@id":"https:\/\/www.credimex.ch\/de\/#organization"},"potentialAction":[{"@type":"SearchAction","target":{"@type":"EntryPoint","urlTemplate":"https:\/\/www.credimex.ch\/de\/?s={search_term_string}"},"query-input":{"@type":"PropertyValueSpecification","valueRequired":true,"valueName":"search_term_string"}}],"inLanguage":"de"},{"@type":"Organization","@id":"https:\/\/www.credimex.ch\/de\/#organization","name":"credimex","url":"https:\/\/www.credimex.ch\/de\/","logo":{"@type":"ImageObject","inLanguage":"de","@id":"https:\/\/www.credimex.ch\/de\/#\/schema\/logo\/image\/","url":"https:\/\/www.credimex.ch\/wp-content\/uploads\/2022\/03\/cropped-logo-credimex.png","contentUrl":"https:\/\/www.credimex.ch\/wp-content\/uploads\/2022\/03\/cropped-logo-credimex.png","width":512,"height":512,"caption":"credimex"},"image":{"@id":"https:\/\/www.credimex.ch\/de\/#\/schema\/logo\/image\/"},"sameAs":["https:\/\/www.facebook.com\/credimex.alpnach\/","https:\/\/www.linkedin.com\/company\/credimex\/","https:\/\/www.youtube.com\/@CREDIMEX?sub_confirmation=1"]}]}},"_links":{"self":[{"href":"https:\/\/www.credimex.ch\/de\/wp-json\/wp\/v2\/product\/4053","targetHints":{"allow":["GET"]}}],"collection":[{"href":"https:\/\/www.credimex.ch\/de\/wp-json\/wp\/v2\/product"}],"about":[{"href":"https:\/\/www.credimex.ch\/de\/wp-json\/wp\/v2\/types\/product"}],"replies":[{"embeddable":true,"href":"https:\/\/www.credimex.ch\/de\/wp-json\/wp\/v2\/comments?post=4053"}],"wp:featuredmedia":[{"embeddable":true,"href":"https:\/\/www.credimex.ch\/de\/wp-json\/wp\/v2\/media\/3455"}],"wp:attachment":[{"href":"https:\/\/www.credimex.ch\/de\/wp-json\/wp\/v2\/media?parent=4053"}],"wp:term":[{"taxonomy":"product_brand","embeddable":true,"href":"https:\/\/www.credimex.ch\/de\/wp-json\/wp\/v2\/product_brand?post=4053"},{"taxonomy":"product_cat","embeddable":true,"href":"https:\/\/www.credimex.ch\/de\/wp-json\/wp\/v2\/product_cat?post=4053"},{"taxonomy":"product_tag","embeddable":true,"href":"https:\/\/www.credimex.ch\/de\/wp-json\/wp\/v2\/product_tag?post=4053"}],"curies":[{"name":"wp","href":"https:\/\/api.w.org\/{rel}","templated":true}]}}