{"id":4055,"date":"2022-07-07T11:31:50","date_gmt":"2022-07-07T09:31:50","guid":{"rendered":"https:\/\/www.credimex.ch.mialias.net\/product\/mannesmann-demag-druckluftmotoren\/"},"modified":"2023-06-26T17:00:45","modified_gmt":"2023-06-26T15:00:45","slug":"mannesmann-demag-druckluftmotoren","status":"publish","type":"product","link":"https:\/\/www.credimex.ch\/de\/produkt\/mannesmann-demag-druckluftmotoren\/","title":{"rendered":"Mannesmann Demag Druckluftmotoren"},"content":{"rendered":"<h2>Beschreibung<\/h2>\n<p>Mannesmann Demag Druckluftmotoren bieten mehr als 2500 verschiedene Motorvarianten f\u00fcr eine Vielzahl von Anwendungen.<\/p>\n<p>Mannesmann bietet die folgenden Produktlinien von Druckluftmotoren an:<\/p>\n<ul>\n<li>Bis zu 1,2 kW<\/li>\n<li>Bis zu 4,4 kW<\/li>\n<\/ul>\n<h2>Produktvorteile<\/h2>\n<p>Es ist eine bew\u00e4hrte L\u00f6sung f\u00fcr viele antriebstechnische Anforderungen. Der Druckluftmotor ist auf einer grossen Drehzahlskala variabel und bietet ein hohes Drehmoment beim Start.<\/p>\n<h2>Anwendung<\/h2>\n<p>Der Druckluftmotor eignet sich f\u00fcr einen robusten und unproblematischen Antrieb f\u00fcr alle industriellen Anwendungen. Edelstahlmotoren werden in der Lebensmittel-, Chemie- und Pharmaindustrie bevorzugt eingesetzt. Sie sind resistent gegen aggressive Reinigungsmittel oder korrosive Luft. Alle \u00e4usseren Teile sind aus hochwertigem Edelstahl gefertigt. Eine eingebaute Spezialdichtung verhindert das Eindringen von Wasser oder Schmutzpartikeln in den Motor.<\/p>\n","protected":false},"excerpt":{"rendered":"<p><strong>Mannesmann Demag Druckluftmotoren<\/strong> sind in einem grossen Drehzahlbereich voll regelbar und bieten ein hohes Drehmoment beim Anfahren.<\/p>\n","protected":false},"featured_media":3451,"comment_status":"open","ping_status":"closed","template":"","meta":{"_acf_changed":false},"product_brand":[],"product_cat":[369,351,419,380,379,417,390,370,352,607,608,420,592,418,478],"product_tag":[],"class_list":{"0":"post-4055","1":"product","2":"type-product","3":"status-publish","4":"has-post-thumbnail","6":"product_cat-allgemeine-industrie","7":"product_cat-automobilindustrie","8":"product_cat-batterien","9":"product_cat-e-mobilitat","10":"product_cat-eisenbahn","11":"product_cat-elektronik","12":"product_cat-energie","13":"product_cat-lebensmittelindustrie","14":"product_cat-luft-und-raumfahrtindustrie","15":"product_cat-mannesmann-demag","16":"product_cat-mannesmann-demag-luftmotoren","17":"product_cat-medizinal-industrie","18":"product_cat-pneumatik","19":"product_cat-seilbahnen","20":"product_cat-uhrenherstellung","21":"pa_brands-mannesmann-de","23":"first","24":"instock","25":"shipping-taxable","26":"product-type-simple"},"acf":[],"_yoast_wpseo_focuskw":"Mannesmann Demag Druckluftmotoren","_yoast_wpseo_metadesc":"Mannesmann Demag Druckluftmotoren sind in einem grossen Drehzahlbereich voll regelbar und bieten ein hohes Drehmoment beim Anfahren.","yoast_head":"<!-- This site is optimized with the Yoast SEO Premium plugin v21.6 (Yoast SEO v27.4) - https:\/\/yoast.com\/product\/yoast-seo-premium-wordpress\/ -->\n<title>Mannesmann Demag Druckluftmotoren - CREDIMEX<\/title>\n<meta name=\"description\" content=\"Mannesmann Demag Druckluftmotoren sind in einem grossen Drehzahlbereich voll regelbar und bieten ein hohes Drehmoment beim Anfahren.\" \/>\n<meta name=\"robots\" content=\"index, follow, max-snippet:-1, max-image-preview:large, max-video-preview:-1\" \/>\n<link rel=\"canonical\" href=\"https:\/\/www.credimex.ch\/de\/produkt\/mannesmann-demag-druckluftmotoren\/\" \/>\n<meta property=\"og:locale\" content=\"de_DE\" \/>\n<meta property=\"og:type\" content=\"article\" \/>\n<meta property=\"og:title\" content=\"Mannesmann Demag Druckluftmotoren\" \/>\n<meta property=\"og:description\" content=\"Mannesmann Demag Druckluftmotoren sind in einem grossen Drehzahlbereich voll regelbar und bieten ein hohes Drehmoment beim Anfahren.\" \/>\n<meta property=\"og:url\" content=\"https:\/\/www.credimex.ch\/de\/produkt\/mannesmann-demag-druckluftmotoren\/\" \/>\n<meta property=\"og:site_name\" content=\"CREDIMEX\" \/>\n<meta property=\"article:publisher\" content=\"https:\/\/www.facebook.com\/credimex.alpnach\/\" \/>\n<meta property=\"article:modified_time\" content=\"2023-06-26T15:00:45+00:00\" \/>\n<meta property=\"og:image\" content=\"https:\/\/www.credimex.ch\/wp-content\/uploads\/2022\/07\/air-motor.png\" \/>\n\t<meta property=\"og:image:width\" content=\"800\" \/>\n\t<meta property=\"og:image:height\" content=\"800\" \/>\n\t<meta property=\"og:image:type\" content=\"image\/png\" \/>\n<meta name=\"twitter:card\" content=\"summary_large_image\" \/>\n<meta name=\"twitter:label1\" content=\"Gesch\u00e4tzte Lesezeit\" \/>\n\t<meta name=\"twitter:data1\" content=\"1\u00a0Minute\" \/>\n<script type=\"application\/ld+json\" class=\"yoast-schema-graph\">{\"@context\":\"https:\\\/\\\/schema.org\",\"@graph\":[{\"@type\":\"WebPage\",\"@id\":\"https:\\\/\\\/www.credimex.ch\\\/de\\\/produkt\\\/mannesmann-demag-druckluftmotoren\\\/\",\"url\":\"https:\\\/\\\/www.credimex.ch\\\/de\\\/produkt\\\/mannesmann-demag-druckluftmotoren\\\/\",\"name\":\"Mannesmann Demag Druckluftmotoren - CREDIMEX\",\"isPartOf\":{\"@id\":\"https:\\\/\\\/www.credimex.ch\\\/de\\\/#website\"},\"primaryImageOfPage\":{\"@id\":\"https:\\\/\\\/www.credimex.ch\\\/de\\\/produkt\\\/mannesmann-demag-druckluftmotoren\\\/#primaryimage\"},\"image\":{\"@id\":\"https:\\\/\\\/www.credimex.ch\\\/de\\\/produkt\\\/mannesmann-demag-druckluftmotoren\\\/#primaryimage\"},\"thumbnailUrl\":\"https:\\\/\\\/www.credimex.ch\\\/wp-content\\\/uploads\\\/2022\\\/07\\\/air-motor.png\",\"datePublished\":\"2022-07-07T09:31:50+00:00\",\"dateModified\":\"2023-06-26T15:00:45+00:00\",\"description\":\"Mannesmann Demag Druckluftmotoren sind in einem grossen Drehzahlbereich voll regelbar und bieten ein hohes Drehmoment beim Anfahren.\",\"breadcrumb\":{\"@id\":\"https:\\\/\\\/www.credimex.ch\\\/de\\\/produkt\\\/mannesmann-demag-druckluftmotoren\\\/#breadcrumb\"},\"inLanguage\":\"de\",\"potentialAction\":[{\"@type\":\"ReadAction\",\"target\":[\"https:\\\/\\\/www.credimex.ch\\\/de\\\/produkt\\\/mannesmann-demag-druckluftmotoren\\\/\"]}]},{\"@type\":\"ImageObject\",\"inLanguage\":\"de\",\"@id\":\"https:\\\/\\\/www.credimex.ch\\\/de\\\/produkt\\\/mannesmann-demag-druckluftmotoren\\\/#primaryimage\",\"url\":\"https:\\\/\\\/www.credimex.ch\\\/wp-content\\\/uploads\\\/2022\\\/07\\\/air-motor.png\",\"contentUrl\":\"https:\\\/\\\/www.credimex.ch\\\/wp-content\\\/uploads\\\/2022\\\/07\\\/air-motor.png\",\"width\":800,\"height\":800},{\"@type\":\"BreadcrumbList\",\"@id\":\"https:\\\/\\\/www.credimex.ch\\\/de\\\/produkt\\\/mannesmann-demag-druckluftmotoren\\\/#breadcrumb\",\"itemListElement\":[{\"@type\":\"ListItem\",\"position\":1,\"name\":\"Home\",\"item\":\"https:\\\/\\\/www.credimex.ch\\\/de\\\/\"},{\"@type\":\"ListItem\",\"position\":2,\"name\":\"Produkte\",\"item\":\"https:\\\/\\\/www.credimex.ch\\\/de\\\/produkte\\\/\"},{\"@type\":\"ListItem\",\"position\":3,\"name\":\"Mannesmann Demag Druckluftmotoren\"}]},{\"@type\":\"WebSite\",\"@id\":\"https:\\\/\\\/www.credimex.ch\\\/de\\\/#website\",\"url\":\"https:\\\/\\\/www.credimex.ch\\\/de\\\/\",\"name\":\"CREDIMEX\",\"description\":\"Partner of Swiss Industrial Market\",\"publisher\":{\"@id\":\"https:\\\/\\\/www.credimex.ch\\\/de\\\/#organization\"},\"potentialAction\":[{\"@type\":\"SearchAction\",\"target\":{\"@type\":\"EntryPoint\",\"urlTemplate\":\"https:\\\/\\\/www.credimex.ch\\\/de\\\/?s={search_term_string}\"},\"query-input\":{\"@type\":\"PropertyValueSpecification\",\"valueRequired\":true,\"valueName\":\"search_term_string\"}}],\"inLanguage\":\"de\"},{\"@type\":\"Organization\",\"@id\":\"https:\\\/\\\/www.credimex.ch\\\/de\\\/#organization\",\"name\":\"credimex\",\"url\":\"https:\\\/\\\/www.credimex.ch\\\/de\\\/\",\"logo\":{\"@type\":\"ImageObject\",\"inLanguage\":\"de\",\"@id\":\"https:\\\/\\\/www.credimex.ch\\\/de\\\/#\\\/schema\\\/logo\\\/image\\\/\",\"url\":\"https:\\\/\\\/www.credimex.ch\\\/wp-content\\\/uploads\\\/2022\\\/03\\\/cropped-logo-credimex.png\",\"contentUrl\":\"https:\\\/\\\/www.credimex.ch\\\/wp-content\\\/uploads\\\/2022\\\/03\\\/cropped-logo-credimex.png\",\"width\":512,\"height\":512,\"caption\":\"credimex\"},\"image\":{\"@id\":\"https:\\\/\\\/www.credimex.ch\\\/de\\\/#\\\/schema\\\/logo\\\/image\\\/\"},\"sameAs\":[\"https:\\\/\\\/www.facebook.com\\\/credimex.alpnach\\\/\",\"https:\\\/\\\/www.linkedin.com\\\/company\\\/credimex\\\/\",\"https:\\\/\\\/www.youtube.com\\\/@CREDIMEX?sub_confirmation=1\"]}]}<\/script>\n<!-- \/ Yoast SEO Premium plugin. -->","yoast_head_json":{"title":"Mannesmann Demag Druckluftmotoren - CREDIMEX","description":"Mannesmann Demag Druckluftmotoren sind in einem grossen Drehzahlbereich voll regelbar und bieten ein hohes Drehmoment beim Anfahren.","robots":{"index":"index","follow":"follow","max-snippet":"max-snippet:-1","max-image-preview":"max-image-preview:large","max-video-preview":"max-video-preview:-1"},"canonical":"https:\/\/www.credimex.ch\/de\/produkt\/mannesmann-demag-druckluftmotoren\/","og_locale":"de_DE","og_type":"article","og_title":"Mannesmann Demag Druckluftmotoren","og_description":"Mannesmann Demag Druckluftmotoren sind in einem grossen Drehzahlbereich voll regelbar und bieten ein hohes Drehmoment beim Anfahren.","og_url":"https:\/\/www.credimex.ch\/de\/produkt\/mannesmann-demag-druckluftmotoren\/","og_site_name":"CREDIMEX","article_publisher":"https:\/\/www.facebook.com\/credimex.alpnach\/","article_modified_time":"2023-06-26T15:00:45+00:00","og_image":[{"width":800,"height":800,"url":"https:\/\/www.credimex.ch\/wp-content\/uploads\/2022\/07\/air-motor.png","type":"image\/png"}],"twitter_card":"summary_large_image","twitter_misc":{"Gesch\u00e4tzte Lesezeit":"1\u00a0Minute"},"schema":{"@context":"https:\/\/schema.org","@graph":[{"@type":"WebPage","@id":"https:\/\/www.credimex.ch\/de\/produkt\/mannesmann-demag-druckluftmotoren\/","url":"https:\/\/www.credimex.ch\/de\/produkt\/mannesmann-demag-druckluftmotoren\/","name":"Mannesmann Demag Druckluftmotoren - CREDIMEX","isPartOf":{"@id":"https:\/\/www.credimex.ch\/de\/#website"},"primaryImageOfPage":{"@id":"https:\/\/www.credimex.ch\/de\/produkt\/mannesmann-demag-druckluftmotoren\/#primaryimage"},"image":{"@id":"https:\/\/www.credimex.ch\/de\/produkt\/mannesmann-demag-druckluftmotoren\/#primaryimage"},"thumbnailUrl":"https:\/\/www.credimex.ch\/wp-content\/uploads\/2022\/07\/air-motor.png","datePublished":"2022-07-07T09:31:50+00:00","dateModified":"2023-06-26T15:00:45+00:00","description":"Mannesmann Demag Druckluftmotoren sind in einem grossen Drehzahlbereich voll regelbar und bieten ein hohes Drehmoment beim Anfahren.","breadcrumb":{"@id":"https:\/\/www.credimex.ch\/de\/produkt\/mannesmann-demag-druckluftmotoren\/#breadcrumb"},"inLanguage":"de","potentialAction":[{"@type":"ReadAction","target":["https:\/\/www.credimex.ch\/de\/produkt\/mannesmann-demag-druckluftmotoren\/"]}]},{"@type":"ImageObject","inLanguage":"de","@id":"https:\/\/www.credimex.ch\/de\/produkt\/mannesmann-demag-druckluftmotoren\/#primaryimage","url":"https:\/\/www.credimex.ch\/wp-content\/uploads\/2022\/07\/air-motor.png","contentUrl":"https:\/\/www.credimex.ch\/wp-content\/uploads\/2022\/07\/air-motor.png","width":800,"height":800},{"@type":"BreadcrumbList","@id":"https:\/\/www.credimex.ch\/de\/produkt\/mannesmann-demag-druckluftmotoren\/#breadcrumb","itemListElement":[{"@type":"ListItem","position":1,"name":"Home","item":"https:\/\/www.credimex.ch\/de\/"},{"@type":"ListItem","position":2,"name":"Produkte","item":"https:\/\/www.credimex.ch\/de\/produkte\/"},{"@type":"ListItem","position":3,"name":"Mannesmann Demag Druckluftmotoren"}]},{"@type":"WebSite","@id":"https:\/\/www.credimex.ch\/de\/#website","url":"https:\/\/www.credimex.ch\/de\/","name":"CREDIMEX","description":"Partner of Swiss Industrial Market","publisher":{"@id":"https:\/\/www.credimex.ch\/de\/#organization"},"potentialAction":[{"@type":"SearchAction","target":{"@type":"EntryPoint","urlTemplate":"https:\/\/www.credimex.ch\/de\/?s={search_term_string}"},"query-input":{"@type":"PropertyValueSpecification","valueRequired":true,"valueName":"search_term_string"}}],"inLanguage":"de"},{"@type":"Organization","@id":"https:\/\/www.credimex.ch\/de\/#organization","name":"credimex","url":"https:\/\/www.credimex.ch\/de\/","logo":{"@type":"ImageObject","inLanguage":"de","@id":"https:\/\/www.credimex.ch\/de\/#\/schema\/logo\/image\/","url":"https:\/\/www.credimex.ch\/wp-content\/uploads\/2022\/03\/cropped-logo-credimex.png","contentUrl":"https:\/\/www.credimex.ch\/wp-content\/uploads\/2022\/03\/cropped-logo-credimex.png","width":512,"height":512,"caption":"credimex"},"image":{"@id":"https:\/\/www.credimex.ch\/de\/#\/schema\/logo\/image\/"},"sameAs":["https:\/\/www.facebook.com\/credimex.alpnach\/","https:\/\/www.linkedin.com\/company\/credimex\/","https:\/\/www.youtube.com\/@CREDIMEX?sub_confirmation=1"]}]}},"_links":{"self":[{"href":"https:\/\/www.credimex.ch\/de\/wp-json\/wp\/v2\/product\/4055","targetHints":{"allow":["GET"]}}],"collection":[{"href":"https:\/\/www.credimex.ch\/de\/wp-json\/wp\/v2\/product"}],"about":[{"href":"https:\/\/www.credimex.ch\/de\/wp-json\/wp\/v2\/types\/product"}],"replies":[{"embeddable":true,"href":"https:\/\/www.credimex.ch\/de\/wp-json\/wp\/v2\/comments?post=4055"}],"wp:featuredmedia":[{"embeddable":true,"href":"https:\/\/www.credimex.ch\/de\/wp-json\/wp\/v2\/media\/3451"}],"wp:attachment":[{"href":"https:\/\/www.credimex.ch\/de\/wp-json\/wp\/v2\/media?parent=4055"}],"wp:term":[{"taxonomy":"product_brand","embeddable":true,"href":"https:\/\/www.credimex.ch\/de\/wp-json\/wp\/v2\/product_brand?post=4055"},{"taxonomy":"product_cat","embeddable":true,"href":"https:\/\/www.credimex.ch\/de\/wp-json\/wp\/v2\/product_cat?post=4055"},{"taxonomy":"product_tag","embeddable":true,"href":"https:\/\/www.credimex.ch\/de\/wp-json\/wp\/v2\/product_tag?post=4055"}],"curies":[{"name":"wp","href":"https:\/\/api.w.org\/{rel}","templated":true}]}}