{"id":4057,"date":"2022-07-07T11:22:02","date_gmt":"2022-07-07T09:22:02","guid":{"rendered":"https:\/\/www.credimex.ch.mialias.net\/product\/phd-automation-elektrische-stellantriebe\/"},"modified":"2023-06-26T17:05:07","modified_gmt":"2023-06-26T15:05:07","slug":"phd-automation-elektrische-stellantriebe","status":"publish","type":"product","link":"https:\/\/www.credimex.ch\/de\/produkt\/phd-automation-elektrische-stellantriebe\/","title":{"rendered":"PHD Automation Elektrische Stellantriebe"},"content":{"rendered":"<h2>Beschreibung<\/h2>\n<p>Die elektrischen Stellantriebe von PHD Automation umfassen die folgenden Serien:<\/p>\n<ul>\n<li>Die <b>elektrischen riemengetriebenen Linearantriebe der Serie ESU<\/b> zeichnen sich durch eine robuste, geschlossene Konstruktion mit einem Hochleistungsschienenlagersystem aus, das eine aussergew\u00f6hnliche Moment- und Belastungsf\u00e4higkeit bietet.<\/li>\n<li>Die <b>elektrischen Kugelgewindetriebe der Serie ESU-RB<\/b> zeichnen sich durch eine robuste, geschlossene Konstruktion mit einem Hochleistungs-Schienenlagersystem aus, das eine aussergew\u00f6hnliche Moment- und Belastungsf\u00e4higkeit bietet.<\/li>\n<li>Die <b>elektrischen Hochleistungs-Parallelgreifer der Serie EGRR<\/b> basieren auf dem bew\u00e4hrten Fahrgestell der Serie GRR. Die elektrische Version bietet viele der gleichen Vorteile wie die pneumatischen Greifer mit dem Design und der Flexibilit\u00e4t von Your Motor, Your Way.<\/li>\n<li>Bei den <b>Elektrozylindern der Serie ECV mit Kugelgewindetrieb und Leitspindel<\/b> handelt es sich um elektrische Stangenantriebe mit ISO- und VDMA-Montageschnittstellen in den Ausf\u00fchrungen mit Kugelgewindetrieb oder Leitspindel.<\/li>\n<li>Die <b>elektrischen IP69K-Zylinder der PHD Plus\u00ae-Serie ECP<\/b> sind entweder als Kugelumlaufspindel oder als Gewindespindel (Polymermutter) erh\u00e4ltlich und bieten eine breite Palette an M\u00f6glichkeiten f\u00fcr hohe Schubkraft oder hohe Geschwindigkeit.<\/li>\n<li>Die <b>elektrischen Schubschlitten der Serie ESK\/ESL<\/b> haben wahlweise einen kurzen oder langen K\u00f6rper und werden von den PHD-Elektrozylindern ECVA mit Kugelumlaufspindel oder Leitspindel angetrieben.<\/li>\n<li>Die <b>ESCV Vertical Thruster Electric Slides<\/b> sind mit PHD ECV-Zylindern und dem bew\u00e4hrten SCV Thruster Slide ausgestattet und bieten hohe Schubkraft und Geschwindigkeit.<\/li>\n<\/ul>\n<p><img fetchpriority=\"high\" decoding=\"async\" class=\"alignnone size-full wp-image-1512\" src=\"https:\/\/www.credimex.ch\/wp-content\/uploads\/2022\/07\/ESCV-main.png\" alt=\"\" width=\"670\" height=\"352\" srcset=\"https:\/\/www.credimex.ch\/wp-content\/uploads\/2022\/07\/ESCV-main.png 670w, https:\/\/www.credimex.ch\/wp-content\/uploads\/2022\/07\/ESCV-main-300x158.png 300w, https:\/\/www.credimex.ch\/wp-content\/uploads\/2022\/07\/ESCV-main-600x315.png 600w\" sizes=\"(max-width: 670px) 100vw, 670px\" \/><\/p>\n<h2>Produktvorteile<\/h2>\n<p>Die Produktlinie der elektrischen Aktuatoren von PHD basiert auf der Grundlage unserer bew\u00e4hrten pneumatischen Produkttechnologie, wird aber jetzt mit elektrischer Energie betrieben. Das &#8222;Your Motor, Your Way&#8220;-Verfahren erm\u00f6glicht es den Nutzern, diese Technologie mit dem Motor und der Steuerung ihrer Wahl zu betreiben. Wenn Sie ein komplettes Paket bevorzugen, kann Ihr \u00f6rtlicher PHD-Vertriebspartner Motoren und Steuerungen f\u00fcr Ihren Anwendungsbedarf liefern. PHD bietet das beste Angebot an elektrischen Stellantrieben mit der Flexibilit\u00e4t, Ihren Motor nach Ihren W\u00fcnschen zu konfigurieren!<\/p>\n<p><img decoding=\"async\" class=\"alignnone size-full wp-image-1515\" src=\"https:\/\/www.credimex.ch\/wp-content\/uploads\/2022\/07\/ESU-RB-Main-image.png\" alt=\"\" width=\"670\" height=\"352\" srcset=\"https:\/\/www.credimex.ch\/wp-content\/uploads\/2022\/07\/ESU-RB-Main-image.png 670w, https:\/\/www.credimex.ch\/wp-content\/uploads\/2022\/07\/ESU-RB-Main-image-300x158.png 300w, https:\/\/www.credimex.ch\/wp-content\/uploads\/2022\/07\/ESU-RB-Main-image-600x315.png 600w\" sizes=\"(max-width: 670px) 100vw, 670px\" \/><\/p>\n<h2>Anwendung<\/h2>\n<p>Die elektrischen Stellantriebe von PHD Automation k\u00f6nnen in einer Vielzahl von Branchen eingesetzt werden, von der Medizin- und Automobilindustrie bis zur Lebensmittel- und Verpackungsindustrie.<\/p>\n","protected":false},"excerpt":{"rendered":"<p>Die <strong>elektrischen Stellantriebe von PHD Automation <\/strong>basieren auf der bew\u00e4hrten pneumatischen Produkttechnologie, werden jedoch mit elektrischer Energie betrieben.<\/p>\n","protected":false},"featured_media":3447,"comment_status":"open","ping_status":"closed","template":"","meta":{"_acf_changed":false},"product_brand":[],"product_cat":[369,351,419,380,379,417,390,370,352,420,613,614,592,418,478],"product_tag":[],"class_list":{"0":"post-4057","1":"product","2":"type-product","3":"status-publish","4":"has-post-thumbnail","6":"product_cat-allgemeine-industrie","7":"product_cat-automobilindustrie","8":"product_cat-batterien","9":"product_cat-e-mobilitat","10":"product_cat-eisenbahn","11":"product_cat-elektronik","12":"product_cat-energie","13":"product_cat-lebensmittelindustrie","14":"product_cat-luft-und-raumfahrtindustrie","15":"product_cat-medizinal-industrie","16":"product_cat-phd-de","17":"product_cat-phd-pneumatische-aktuatoren","18":"product_cat-pneumatik","19":"product_cat-seilbahnen","20":"product_cat-uhrenherstellung","21":"pa_brands-phd-de","23":"first","24":"instock","25":"shipping-taxable","26":"product-type-simple"},"acf":[],"_yoast_wpseo_focuskw":"Elektrische Stellantriebe von PHD Automation","_yoast_wpseo_metadesc":"Die elektrischen Stellantriebe von PHD Automation basieren auf der bew\u00e4hrten pneumatischen Produkttechnologie, werden jedoch mit elektrischer Energie betrieben.","yoast_head":"<!-- This site is optimized with the Yoast SEO Premium plugin v21.6 (Yoast SEO v27.4) - https:\/\/yoast.com\/product\/yoast-seo-premium-wordpress\/ -->\n<title>PHD Automation Elektrische Stellantriebe - CREDIMEX<\/title>\n<meta name=\"description\" content=\"Die elektrischen Stellantriebe von PHD Automation basieren auf der bew\u00e4hrten pneumatischen Produkttechnologie, werden jedoch mit elektrischer Energie betrieben.\" \/>\n<meta name=\"robots\" content=\"index, follow, max-snippet:-1, max-image-preview:large, max-video-preview:-1\" \/>\n<link rel=\"canonical\" href=\"https:\/\/www.credimex.ch\/de\/produkt\/phd-automation-elektrische-stellantriebe\/\" \/>\n<meta property=\"og:locale\" content=\"de_DE\" \/>\n<meta property=\"og:type\" content=\"article\" \/>\n<meta property=\"og:title\" content=\"PHD Automation Elektrische Stellantriebe\" \/>\n<meta property=\"og:description\" content=\"Die elektrischen Stellantriebe von PHD Automation basieren auf der bew\u00e4hrten pneumatischen Produkttechnologie, werden jedoch mit elektrischer Energie betrieben.\" \/>\n<meta property=\"og:url\" content=\"https:\/\/www.credimex.ch\/de\/produkt\/phd-automation-elektrische-stellantriebe\/\" \/>\n<meta property=\"og:site_name\" content=\"CREDIMEX\" \/>\n<meta property=\"article:publisher\" content=\"https:\/\/www.facebook.com\/credimex.alpnach\/\" \/>\n<meta property=\"article:modified_time\" content=\"2023-06-26T15:05:07+00:00\" \/>\n<meta property=\"og:image\" content=\"https:\/\/www.credimex.ch\/wp-content\/uploads\/2022\/07\/EGRR_main_graphic.png\" \/>\n\t<meta property=\"og:image:width\" content=\"670\" \/>\n\t<meta property=\"og:image:height\" content=\"352\" \/>\n\t<meta property=\"og:image:type\" content=\"image\/png\" \/>\n<meta name=\"twitter:card\" content=\"summary_large_image\" \/>\n<meta name=\"twitter:label1\" content=\"Gesch\u00e4tzte Lesezeit\" \/>\n\t<meta name=\"twitter:data1\" content=\"2\u00a0Minuten\" \/>\n<script type=\"application\/ld+json\" class=\"yoast-schema-graph\">{\"@context\":\"https:\\\/\\\/schema.org\",\"@graph\":[{\"@type\":\"WebPage\",\"@id\":\"https:\\\/\\\/www.credimex.ch\\\/de\\\/produkt\\\/phd-automation-elektrische-stellantriebe\\\/\",\"url\":\"https:\\\/\\\/www.credimex.ch\\\/de\\\/produkt\\\/phd-automation-elektrische-stellantriebe\\\/\",\"name\":\"PHD Automation Elektrische Stellantriebe - CREDIMEX\",\"isPartOf\":{\"@id\":\"https:\\\/\\\/www.credimex.ch\\\/de\\\/#website\"},\"primaryImageOfPage\":{\"@id\":\"https:\\\/\\\/www.credimex.ch\\\/de\\\/produkt\\\/phd-automation-elektrische-stellantriebe\\\/#primaryimage\"},\"image\":{\"@id\":\"https:\\\/\\\/www.credimex.ch\\\/de\\\/produkt\\\/phd-automation-elektrische-stellantriebe\\\/#primaryimage\"},\"thumbnailUrl\":\"https:\\\/\\\/www.credimex.ch\\\/wp-content\\\/uploads\\\/2022\\\/07\\\/EGRR_main_graphic.png\",\"datePublished\":\"2022-07-07T09:22:02+00:00\",\"dateModified\":\"2023-06-26T15:05:07+00:00\",\"description\":\"Die elektrischen Stellantriebe von PHD Automation basieren auf der bew\u00e4hrten pneumatischen Produkttechnologie, werden jedoch mit elektrischer Energie betrieben.\",\"breadcrumb\":{\"@id\":\"https:\\\/\\\/www.credimex.ch\\\/de\\\/produkt\\\/phd-automation-elektrische-stellantriebe\\\/#breadcrumb\"},\"inLanguage\":\"de\",\"potentialAction\":[{\"@type\":\"ReadAction\",\"target\":[\"https:\\\/\\\/www.credimex.ch\\\/de\\\/produkt\\\/phd-automation-elektrische-stellantriebe\\\/\"]}]},{\"@type\":\"ImageObject\",\"inLanguage\":\"de\",\"@id\":\"https:\\\/\\\/www.credimex.ch\\\/de\\\/produkt\\\/phd-automation-elektrische-stellantriebe\\\/#primaryimage\",\"url\":\"https:\\\/\\\/www.credimex.ch\\\/wp-content\\\/uploads\\\/2022\\\/07\\\/EGRR_main_graphic.png\",\"contentUrl\":\"https:\\\/\\\/www.credimex.ch\\\/wp-content\\\/uploads\\\/2022\\\/07\\\/EGRR_main_graphic.png\",\"width\":670,\"height\":352},{\"@type\":\"BreadcrumbList\",\"@id\":\"https:\\\/\\\/www.credimex.ch\\\/de\\\/produkt\\\/phd-automation-elektrische-stellantriebe\\\/#breadcrumb\",\"itemListElement\":[{\"@type\":\"ListItem\",\"position\":1,\"name\":\"Home\",\"item\":\"https:\\\/\\\/www.credimex.ch\\\/de\\\/\"},{\"@type\":\"ListItem\",\"position\":2,\"name\":\"Produkte\",\"item\":\"https:\\\/\\\/www.credimex.ch\\\/de\\\/produkte\\\/\"},{\"@type\":\"ListItem\",\"position\":3,\"name\":\"PHD Automation Elektrische Stellantriebe\"}]},{\"@type\":\"WebSite\",\"@id\":\"https:\\\/\\\/www.credimex.ch\\\/de\\\/#website\",\"url\":\"https:\\\/\\\/www.credimex.ch\\\/de\\\/\",\"name\":\"CREDIMEX\",\"description\":\"Partner of Swiss Industrial Market\",\"publisher\":{\"@id\":\"https:\\\/\\\/www.credimex.ch\\\/de\\\/#organization\"},\"potentialAction\":[{\"@type\":\"SearchAction\",\"target\":{\"@type\":\"EntryPoint\",\"urlTemplate\":\"https:\\\/\\\/www.credimex.ch\\\/de\\\/?s={search_term_string}\"},\"query-input\":{\"@type\":\"PropertyValueSpecification\",\"valueRequired\":true,\"valueName\":\"search_term_string\"}}],\"inLanguage\":\"de\"},{\"@type\":\"Organization\",\"@id\":\"https:\\\/\\\/www.credimex.ch\\\/de\\\/#organization\",\"name\":\"credimex\",\"url\":\"https:\\\/\\\/www.credimex.ch\\\/de\\\/\",\"logo\":{\"@type\":\"ImageObject\",\"inLanguage\":\"de\",\"@id\":\"https:\\\/\\\/www.credimex.ch\\\/de\\\/#\\\/schema\\\/logo\\\/image\\\/\",\"url\":\"https:\\\/\\\/www.credimex.ch\\\/wp-content\\\/uploads\\\/2022\\\/03\\\/cropped-logo-credimex.png\",\"contentUrl\":\"https:\\\/\\\/www.credimex.ch\\\/wp-content\\\/uploads\\\/2022\\\/03\\\/cropped-logo-credimex.png\",\"width\":512,\"height\":512,\"caption\":\"credimex\"},\"image\":{\"@id\":\"https:\\\/\\\/www.credimex.ch\\\/de\\\/#\\\/schema\\\/logo\\\/image\\\/\"},\"sameAs\":[\"https:\\\/\\\/www.facebook.com\\\/credimex.alpnach\\\/\",\"https:\\\/\\\/www.linkedin.com\\\/company\\\/credimex\\\/\",\"https:\\\/\\\/www.youtube.com\\\/@CREDIMEX?sub_confirmation=1\"]}]}<\/script>\n<!-- \/ Yoast SEO Premium plugin. -->","yoast_head_json":{"title":"PHD Automation Elektrische Stellantriebe - CREDIMEX","description":"Die elektrischen Stellantriebe von PHD Automation basieren auf der bew\u00e4hrten pneumatischen Produkttechnologie, werden jedoch mit elektrischer Energie betrieben.","robots":{"index":"index","follow":"follow","max-snippet":"max-snippet:-1","max-image-preview":"max-image-preview:large","max-video-preview":"max-video-preview:-1"},"canonical":"https:\/\/www.credimex.ch\/de\/produkt\/phd-automation-elektrische-stellantriebe\/","og_locale":"de_DE","og_type":"article","og_title":"PHD Automation Elektrische Stellantriebe","og_description":"Die elektrischen Stellantriebe von PHD Automation basieren auf der bew\u00e4hrten pneumatischen Produkttechnologie, werden jedoch mit elektrischer Energie betrieben.","og_url":"https:\/\/www.credimex.ch\/de\/produkt\/phd-automation-elektrische-stellantriebe\/","og_site_name":"CREDIMEX","article_publisher":"https:\/\/www.facebook.com\/credimex.alpnach\/","article_modified_time":"2023-06-26T15:05:07+00:00","og_image":[{"width":670,"height":352,"url":"https:\/\/www.credimex.ch\/wp-content\/uploads\/2022\/07\/EGRR_main_graphic.png","type":"image\/png"}],"twitter_card":"summary_large_image","twitter_misc":{"Gesch\u00e4tzte Lesezeit":"2\u00a0Minuten"},"schema":{"@context":"https:\/\/schema.org","@graph":[{"@type":"WebPage","@id":"https:\/\/www.credimex.ch\/de\/produkt\/phd-automation-elektrische-stellantriebe\/","url":"https:\/\/www.credimex.ch\/de\/produkt\/phd-automation-elektrische-stellantriebe\/","name":"PHD Automation Elektrische Stellantriebe - CREDIMEX","isPartOf":{"@id":"https:\/\/www.credimex.ch\/de\/#website"},"primaryImageOfPage":{"@id":"https:\/\/www.credimex.ch\/de\/produkt\/phd-automation-elektrische-stellantriebe\/#primaryimage"},"image":{"@id":"https:\/\/www.credimex.ch\/de\/produkt\/phd-automation-elektrische-stellantriebe\/#primaryimage"},"thumbnailUrl":"https:\/\/www.credimex.ch\/wp-content\/uploads\/2022\/07\/EGRR_main_graphic.png","datePublished":"2022-07-07T09:22:02+00:00","dateModified":"2023-06-26T15:05:07+00:00","description":"Die elektrischen Stellantriebe von PHD Automation basieren auf der bew\u00e4hrten pneumatischen Produkttechnologie, werden jedoch mit elektrischer Energie betrieben.","breadcrumb":{"@id":"https:\/\/www.credimex.ch\/de\/produkt\/phd-automation-elektrische-stellantriebe\/#breadcrumb"},"inLanguage":"de","potentialAction":[{"@type":"ReadAction","target":["https:\/\/www.credimex.ch\/de\/produkt\/phd-automation-elektrische-stellantriebe\/"]}]},{"@type":"ImageObject","inLanguage":"de","@id":"https:\/\/www.credimex.ch\/de\/produkt\/phd-automation-elektrische-stellantriebe\/#primaryimage","url":"https:\/\/www.credimex.ch\/wp-content\/uploads\/2022\/07\/EGRR_main_graphic.png","contentUrl":"https:\/\/www.credimex.ch\/wp-content\/uploads\/2022\/07\/EGRR_main_graphic.png","width":670,"height":352},{"@type":"BreadcrumbList","@id":"https:\/\/www.credimex.ch\/de\/produkt\/phd-automation-elektrische-stellantriebe\/#breadcrumb","itemListElement":[{"@type":"ListItem","position":1,"name":"Home","item":"https:\/\/www.credimex.ch\/de\/"},{"@type":"ListItem","position":2,"name":"Produkte","item":"https:\/\/www.credimex.ch\/de\/produkte\/"},{"@type":"ListItem","position":3,"name":"PHD Automation Elektrische Stellantriebe"}]},{"@type":"WebSite","@id":"https:\/\/www.credimex.ch\/de\/#website","url":"https:\/\/www.credimex.ch\/de\/","name":"CREDIMEX","description":"Partner of Swiss Industrial Market","publisher":{"@id":"https:\/\/www.credimex.ch\/de\/#organization"},"potentialAction":[{"@type":"SearchAction","target":{"@type":"EntryPoint","urlTemplate":"https:\/\/www.credimex.ch\/de\/?s={search_term_string}"},"query-input":{"@type":"PropertyValueSpecification","valueRequired":true,"valueName":"search_term_string"}}],"inLanguage":"de"},{"@type":"Organization","@id":"https:\/\/www.credimex.ch\/de\/#organization","name":"credimex","url":"https:\/\/www.credimex.ch\/de\/","logo":{"@type":"ImageObject","inLanguage":"de","@id":"https:\/\/www.credimex.ch\/de\/#\/schema\/logo\/image\/","url":"https:\/\/www.credimex.ch\/wp-content\/uploads\/2022\/03\/cropped-logo-credimex.png","contentUrl":"https:\/\/www.credimex.ch\/wp-content\/uploads\/2022\/03\/cropped-logo-credimex.png","width":512,"height":512,"caption":"credimex"},"image":{"@id":"https:\/\/www.credimex.ch\/de\/#\/schema\/logo\/image\/"},"sameAs":["https:\/\/www.facebook.com\/credimex.alpnach\/","https:\/\/www.linkedin.com\/company\/credimex\/","https:\/\/www.youtube.com\/@CREDIMEX?sub_confirmation=1"]}]}},"_links":{"self":[{"href":"https:\/\/www.credimex.ch\/de\/wp-json\/wp\/v2\/product\/4057","targetHints":{"allow":["GET"]}}],"collection":[{"href":"https:\/\/www.credimex.ch\/de\/wp-json\/wp\/v2\/product"}],"about":[{"href":"https:\/\/www.credimex.ch\/de\/wp-json\/wp\/v2\/types\/product"}],"replies":[{"embeddable":true,"href":"https:\/\/www.credimex.ch\/de\/wp-json\/wp\/v2\/comments?post=4057"}],"wp:featuredmedia":[{"embeddable":true,"href":"https:\/\/www.credimex.ch\/de\/wp-json\/wp\/v2\/media\/3447"}],"wp:attachment":[{"href":"https:\/\/www.credimex.ch\/de\/wp-json\/wp\/v2\/media?parent=4057"}],"wp:term":[{"taxonomy":"product_brand","embeddable":true,"href":"https:\/\/www.credimex.ch\/de\/wp-json\/wp\/v2\/product_brand?post=4057"},{"taxonomy":"product_cat","embeddable":true,"href":"https:\/\/www.credimex.ch\/de\/wp-json\/wp\/v2\/product_cat?post=4057"},{"taxonomy":"product_tag","embeddable":true,"href":"https:\/\/www.credimex.ch\/de\/wp-json\/wp\/v2\/product_tag?post=4057"}],"curies":[{"name":"wp","href":"https:\/\/api.w.org\/{rel}","templated":true}]}}