{"id":4059,"date":"2022-07-07T11:11:55","date_gmt":"2022-07-07T09:11:55","guid":{"rendered":"https:\/\/www.credimex.ch.mialias.net\/product\/phd-automation-zubehoer\/"},"modified":"2023-06-26T17:07:09","modified_gmt":"2023-06-26T15:07:09","slug":"phd-automation-zubehor","status":"publish","type":"product","link":"https:\/\/www.credimex.ch\/de\/produkt\/phd-automation-zubehor\/","title":{"rendered":"PHD Automation Zubeh\u00f6r"},"content":{"rendered":"<h2>Beschreibung<\/h2>\n<p>Das Zubeh\u00f6r von PHD Automation umfasst N\u00e4herungsschalter und Sensoren aus den folgenden Serien:<\/p>\n<ul>\n<li>Die <b>Hall-Effekt-Schalter der Serie 5360<\/b> sind speziell f\u00fcr die Bereitstellung eines Eingangssignals f\u00fcr verschiedene Arten von programmierbaren Steuerungen oder Logiksystemen konzipiert.<\/li>\n<li>Die <b>Reed-N\u00e4herungsschalter der Serie 5580<\/b> sind f\u00fcr ausgew\u00e4hlte PHD-Produkte erh\u00e4ltlich und erleichtern die Verbindung dieser Aktuatoren mit verschiedenen elektronischen Steuerungen.<\/li>\n<li>Die <b>Hall-Effekt-N\u00e4herungsschalter der Serie 5580<\/b> sind speziell f\u00fcr die Bereitstellung eines Eingangssignals f\u00fcr verschiedene Arten von programmierbaren Steuerungen oder Logiksystemen konzipiert.<\/li>\n<li>Die <b>Halbleiter-N\u00e4herungsschalter der Serie 6250<\/b> sind f\u00fcr die Verwendung mit PHD-ISO-Zylindern und anderen ausgew\u00e4hlten PHD-Aktuatoren erh\u00e4ltlich, die die &#8222;M&#8220;-Magnetoption verwenden.<\/li>\n<li>Die <b>Reed-N\u00e4herungsschalter der Serie 1750<\/b> sind f\u00fcr die meisten PHD-Produkte erh\u00e4ltlich und bieten mit ihrem kompakten, flachen Design vielseitige Montagem\u00f6glichkeiten und sparen Platz.<\/li>\n<li>Die <b>Reed-N\u00e4herungsschalter der Serie 5360<\/b> eignen sich ideal als Eing\u00e4nge f\u00fcr viele Arten von Sequenzern und programmierbaren Steuerungen.<\/li>\n<li>Die <b>Halbleiter-N\u00e4herungsschalter der Serie 5360<\/b> sind speziell f\u00fcr die Bereitstellung eines Eingangssignals f\u00fcr verschiedene Arten von programmierbaren Steuerungen oder Logiksystemen konzipiert.<\/li>\n<li>Mit den <strong>NFPA-Halterungen<\/strong> k\u00f6nnen die Reed- und Hall-Effekt-Schalter der Serie 1750 an NFPA-Zylindern mit 1-1\/2&#8243; [38 .1 mm] bis 8&#8243; [203 .2 mm] Bohrung montiert werden.<\/li>\n<li>Die <b>Halbleiterschalter der Serie 1750<\/b> k\u00f6nnen f\u00fcr die meisten PHD-Produkte verwendet werden und erm\u00f6glichen eine einfache Anbindung an viele Arten von elektrischen Steuerungen.<\/li>\n<li>Die <b>Reed-N\u00e4herungsschalter der Serie 6250<\/b> sind speziell f\u00fcr die Bereitstellung eines Eingangssignals f\u00fcr verschiedene Arten von programmierbaren Steuerungen oder Logiksystemen konzipiert.<\/li>\n<li><b>Induktive Gleichstrom-N\u00e4herungsschalter<\/b> bieten eine hohe Zuverl\u00e4ssigkeit durch die induktive Halbleiter-Sensortechnologie und eignen sich f\u00fcr Anlagenumgebungen, in denen Schmutz und Verunreinigungen f\u00fcr elektromechanische und andere Schaltertypen problematisch sind.<\/li>\n<li>Die <b>Schalter der Serie JC1<\/b> sind als Halbleiter-, Reed- und Teachable-Modelle mit zwei Stellungen erh\u00e4ltlich.<\/li>\n<\/ul>\n<p><img fetchpriority=\"high\" decoding=\"async\" class=\"alignnone size-full wp-image-1509\" src=\"https:\/\/www.credimex.ch\/wp-content\/uploads\/2022\/07\/5580-Hall-Switches.png\" alt=\"\" width=\"670\" height=\"352\" srcset=\"https:\/\/www.credimex.ch\/wp-content\/uploads\/2022\/07\/5580-Hall-Switches.png 670w, https:\/\/www.credimex.ch\/wp-content\/uploads\/2022\/07\/5580-Hall-Switches-300x158.png 300w, https:\/\/www.credimex.ch\/wp-content\/uploads\/2022\/07\/5580-Hall-Switches-600x315.png 600w\" sizes=\"(max-width: 670px) 100vw, 670px\" \/><\/p>\n<h2>Produktvorteile<\/h2>\n<div class=\"row\">\n<div id=\"descrip_container\" class=\"col-md-12\">\n<div id=\"prod_description\">\n<p>PHD bietet eine grosse Auswahl an N\u00e4herungsschaltern und Sensoren an, um eine einfache Schnittstelle zwischen den verschiedenen Steuerungen, Logiksystemen und PHD-Aktoren zu schaffen, die in der Automatisierung und der industriellen Fertigung eingesetzt werden. Es gibt eine grosse Auswahl an Reed-, Halleffekt- und anderen Halbleiterschaltern, die R\u00fcckmeldungen f\u00fcr die vielen Arten von pneumatischen und elektrischen Zylindern, Greifern, Drehantrieben und Schlitten liefern.<\/p>\n<\/div>\n<\/div>\n<\/div>\n<div class=\"row\">\n<div class=\"col-xs-8 col-xs-offset-2\">\n<div class=\"row\">\n<div id=\"assistanceInfo\" class=\"col-sm-4\"><img decoding=\"async\" class=\"alignnone size-full wp-image-1506\" src=\"https:\/\/www.credimex.ch\/wp-content\/uploads\/2022\/07\/DC-Inductive-Switches.png\" alt=\"\" width=\"670\" height=\"352\" srcset=\"https:\/\/www.credimex.ch\/wp-content\/uploads\/2022\/07\/DC-Inductive-Switches.png 670w, https:\/\/www.credimex.ch\/wp-content\/uploads\/2022\/07\/DC-Inductive-Switches-300x158.png 300w, https:\/\/www.credimex.ch\/wp-content\/uploads\/2022\/07\/DC-Inductive-Switches-600x315.png 600w\" sizes=\"(max-width: 670px) 100vw, 670px\" \/><\/div>\n<\/div>\n<\/div>\n<\/div>\n<h2>Anwendung<\/h2>\n<p>Das Automatisierungszubeh\u00f6r von PHD kann in einer Vielzahl von Branchen eingesetzt werden, von der Medizin- und Automobilindustrie bis hin zur Lebensmittel- und Verpackungsindustrie.<\/p>\n","protected":false},"excerpt":{"rendered":"<p>Das <strong>PHD-Automatisierungszubeh\u00f6r<\/strong> umfasst N\u00e4herungsschalter und Sensoren, um eine einfache Schnittstelle zwischen den verschiedenen Steuerungen, Logiksystemen und PHD-Aktoren zu schaffen, die in der Automatisierung und industriellen Fertigung eingesetzt werden.<\/p>\n","protected":false},"featured_media":3439,"comment_status":"open","ping_status":"closed","template":"","meta":{"_acf_changed":false},"product_brand":[],"product_cat":[369,351,419,380,379,417,390,370,352,420,613,614,592,418,478],"product_tag":[],"class_list":{"0":"post-4059","1":"product","2":"type-product","3":"status-publish","4":"has-post-thumbnail","6":"product_cat-allgemeine-industrie","7":"product_cat-automobilindustrie","8":"product_cat-batterien","9":"product_cat-e-mobilitat","10":"product_cat-eisenbahn","11":"product_cat-elektronik","12":"product_cat-energie","13":"product_cat-lebensmittelindustrie","14":"product_cat-luft-und-raumfahrtindustrie","15":"product_cat-medizinal-industrie","16":"product_cat-phd-de","17":"product_cat-phd-pneumatische-aktuatoren","18":"product_cat-pneumatik","19":"product_cat-seilbahnen","20":"product_cat-uhrenherstellung","21":"pa_brands-phd-de","23":"first","24":"instock","25":"shipping-taxable","26":"product-type-simple"},"acf":[],"_yoast_wpseo_focuskw":"PHD Automation Zubeh\u00f6r","_yoast_wpseo_metadesc":"Das PHD-Automatisierungszubeh\u00f6r umfasst N\u00e4herungsschalter und Sensoren, um eine einfache Schnittstelle zwischen verschiedenen Elementen zu schaffen.","yoast_head":"<!-- This site is optimized with the Yoast SEO Premium plugin v21.6 (Yoast SEO v27.4) - https:\/\/yoast.com\/product\/yoast-seo-premium-wordpress\/ -->\n<title>PHD Automation Zubeh\u00f6r - CREDIMEX<\/title>\n<meta name=\"description\" content=\"Das PHD-Automatisierungszubeh\u00f6r umfasst N\u00e4herungsschalter und Sensoren, um eine einfache Schnittstelle zwischen verschiedenen Elementen zu schaffen.\" \/>\n<meta name=\"robots\" content=\"index, follow, max-snippet:-1, max-image-preview:large, max-video-preview:-1\" \/>\n<link rel=\"canonical\" href=\"https:\/\/www.credimex.ch\/de\/produkt\/phd-automation-zubehor\/\" \/>\n<meta property=\"og:locale\" content=\"de_DE\" \/>\n<meta property=\"og:type\" content=\"article\" \/>\n<meta property=\"og:title\" content=\"PHD Automation Zubeh\u00f6r\" \/>\n<meta property=\"og:description\" content=\"Das PHD-Automatisierungszubeh\u00f6r umfasst N\u00e4herungsschalter und Sensoren, um eine einfache Schnittstelle zwischen verschiedenen Elementen zu schaffen.\" \/>\n<meta property=\"og:url\" content=\"https:\/\/www.credimex.ch\/de\/produkt\/phd-automation-zubehor\/\" \/>\n<meta property=\"og:site_name\" content=\"CREDIMEX\" \/>\n<meta property=\"article:publisher\" content=\"https:\/\/www.facebook.com\/credimex.alpnach\/\" \/>\n<meta property=\"article:modified_time\" content=\"2023-06-26T15:07:09+00:00\" \/>\n<meta property=\"og:image\" content=\"https:\/\/www.credimex.ch\/wp-content\/uploads\/2022\/07\/5360-Hall-Effect-Switches.png\" \/>\n\t<meta property=\"og:image:width\" content=\"670\" \/>\n\t<meta property=\"og:image:height\" content=\"352\" \/>\n\t<meta property=\"og:image:type\" content=\"image\/png\" \/>\n<meta name=\"twitter:card\" content=\"summary_large_image\" \/>\n<meta name=\"twitter:label1\" content=\"Gesch\u00e4tzte Lesezeit\" \/>\n\t<meta name=\"twitter:data1\" content=\"2\u00a0Minuten\" \/>\n<script type=\"application\/ld+json\" class=\"yoast-schema-graph\">{\"@context\":\"https:\\\/\\\/schema.org\",\"@graph\":[{\"@type\":\"WebPage\",\"@id\":\"https:\\\/\\\/www.credimex.ch\\\/de\\\/produkt\\\/phd-automation-zubehor\\\/\",\"url\":\"https:\\\/\\\/www.credimex.ch\\\/de\\\/produkt\\\/phd-automation-zubehor\\\/\",\"name\":\"PHD Automation Zubeh\u00f6r - CREDIMEX\",\"isPartOf\":{\"@id\":\"https:\\\/\\\/www.credimex.ch\\\/de\\\/#website\"},\"primaryImageOfPage\":{\"@id\":\"https:\\\/\\\/www.credimex.ch\\\/de\\\/produkt\\\/phd-automation-zubehor\\\/#primaryimage\"},\"image\":{\"@id\":\"https:\\\/\\\/www.credimex.ch\\\/de\\\/produkt\\\/phd-automation-zubehor\\\/#primaryimage\"},\"thumbnailUrl\":\"https:\\\/\\\/www.credimex.ch\\\/wp-content\\\/uploads\\\/2022\\\/07\\\/5360-Hall-Effect-Switches.png\",\"datePublished\":\"2022-07-07T09:11:55+00:00\",\"dateModified\":\"2023-06-26T15:07:09+00:00\",\"description\":\"Das PHD-Automatisierungszubeh\u00f6r umfasst N\u00e4herungsschalter und Sensoren, um eine einfache Schnittstelle zwischen verschiedenen Elementen zu schaffen.\",\"breadcrumb\":{\"@id\":\"https:\\\/\\\/www.credimex.ch\\\/de\\\/produkt\\\/phd-automation-zubehor\\\/#breadcrumb\"},\"inLanguage\":\"de\",\"potentialAction\":[{\"@type\":\"ReadAction\",\"target\":[\"https:\\\/\\\/www.credimex.ch\\\/de\\\/produkt\\\/phd-automation-zubehor\\\/\"]}]},{\"@type\":\"ImageObject\",\"inLanguage\":\"de\",\"@id\":\"https:\\\/\\\/www.credimex.ch\\\/de\\\/produkt\\\/phd-automation-zubehor\\\/#primaryimage\",\"url\":\"https:\\\/\\\/www.credimex.ch\\\/wp-content\\\/uploads\\\/2022\\\/07\\\/5360-Hall-Effect-Switches.png\",\"contentUrl\":\"https:\\\/\\\/www.credimex.ch\\\/wp-content\\\/uploads\\\/2022\\\/07\\\/5360-Hall-Effect-Switches.png\",\"width\":670,\"height\":352,\"caption\":\"Pneumatic Actuators\"},{\"@type\":\"BreadcrumbList\",\"@id\":\"https:\\\/\\\/www.credimex.ch\\\/de\\\/produkt\\\/phd-automation-zubehor\\\/#breadcrumb\",\"itemListElement\":[{\"@type\":\"ListItem\",\"position\":1,\"name\":\"Home\",\"item\":\"https:\\\/\\\/www.credimex.ch\\\/de\\\/\"},{\"@type\":\"ListItem\",\"position\":2,\"name\":\"Produkte\",\"item\":\"https:\\\/\\\/www.credimex.ch\\\/de\\\/produkte\\\/\"},{\"@type\":\"ListItem\",\"position\":3,\"name\":\"PHD Automation Zubeh\u00f6r\"}]},{\"@type\":\"WebSite\",\"@id\":\"https:\\\/\\\/www.credimex.ch\\\/de\\\/#website\",\"url\":\"https:\\\/\\\/www.credimex.ch\\\/de\\\/\",\"name\":\"CREDIMEX\",\"description\":\"Partner of Swiss Industrial Market\",\"publisher\":{\"@id\":\"https:\\\/\\\/www.credimex.ch\\\/de\\\/#organization\"},\"potentialAction\":[{\"@type\":\"SearchAction\",\"target\":{\"@type\":\"EntryPoint\",\"urlTemplate\":\"https:\\\/\\\/www.credimex.ch\\\/de\\\/?s={search_term_string}\"},\"query-input\":{\"@type\":\"PropertyValueSpecification\",\"valueRequired\":true,\"valueName\":\"search_term_string\"}}],\"inLanguage\":\"de\"},{\"@type\":\"Organization\",\"@id\":\"https:\\\/\\\/www.credimex.ch\\\/de\\\/#organization\",\"name\":\"credimex\",\"url\":\"https:\\\/\\\/www.credimex.ch\\\/de\\\/\",\"logo\":{\"@type\":\"ImageObject\",\"inLanguage\":\"de\",\"@id\":\"https:\\\/\\\/www.credimex.ch\\\/de\\\/#\\\/schema\\\/logo\\\/image\\\/\",\"url\":\"https:\\\/\\\/www.credimex.ch\\\/wp-content\\\/uploads\\\/2022\\\/03\\\/cropped-logo-credimex.png\",\"contentUrl\":\"https:\\\/\\\/www.credimex.ch\\\/wp-content\\\/uploads\\\/2022\\\/03\\\/cropped-logo-credimex.png\",\"width\":512,\"height\":512,\"caption\":\"credimex\"},\"image\":{\"@id\":\"https:\\\/\\\/www.credimex.ch\\\/de\\\/#\\\/schema\\\/logo\\\/image\\\/\"},\"sameAs\":[\"https:\\\/\\\/www.facebook.com\\\/credimex.alpnach\\\/\",\"https:\\\/\\\/www.linkedin.com\\\/company\\\/credimex\\\/\",\"https:\\\/\\\/www.youtube.com\\\/@CREDIMEX?sub_confirmation=1\"]}]}<\/script>\n<!-- \/ Yoast SEO Premium plugin. -->","yoast_head_json":{"title":"PHD Automation Zubeh\u00f6r - CREDIMEX","description":"Das PHD-Automatisierungszubeh\u00f6r umfasst N\u00e4herungsschalter und Sensoren, um eine einfache Schnittstelle zwischen verschiedenen Elementen zu schaffen.","robots":{"index":"index","follow":"follow","max-snippet":"max-snippet:-1","max-image-preview":"max-image-preview:large","max-video-preview":"max-video-preview:-1"},"canonical":"https:\/\/www.credimex.ch\/de\/produkt\/phd-automation-zubehor\/","og_locale":"de_DE","og_type":"article","og_title":"PHD Automation Zubeh\u00f6r","og_description":"Das PHD-Automatisierungszubeh\u00f6r umfasst N\u00e4herungsschalter und Sensoren, um eine einfache Schnittstelle zwischen verschiedenen Elementen zu schaffen.","og_url":"https:\/\/www.credimex.ch\/de\/produkt\/phd-automation-zubehor\/","og_site_name":"CREDIMEX","article_publisher":"https:\/\/www.facebook.com\/credimex.alpnach\/","article_modified_time":"2023-06-26T15:07:09+00:00","og_image":[{"width":670,"height":352,"url":"https:\/\/www.credimex.ch\/wp-content\/uploads\/2022\/07\/5360-Hall-Effect-Switches.png","type":"image\/png"}],"twitter_card":"summary_large_image","twitter_misc":{"Gesch\u00e4tzte Lesezeit":"2\u00a0Minuten"},"schema":{"@context":"https:\/\/schema.org","@graph":[{"@type":"WebPage","@id":"https:\/\/www.credimex.ch\/de\/produkt\/phd-automation-zubehor\/","url":"https:\/\/www.credimex.ch\/de\/produkt\/phd-automation-zubehor\/","name":"PHD Automation Zubeh\u00f6r - CREDIMEX","isPartOf":{"@id":"https:\/\/www.credimex.ch\/de\/#website"},"primaryImageOfPage":{"@id":"https:\/\/www.credimex.ch\/de\/produkt\/phd-automation-zubehor\/#primaryimage"},"image":{"@id":"https:\/\/www.credimex.ch\/de\/produkt\/phd-automation-zubehor\/#primaryimage"},"thumbnailUrl":"https:\/\/www.credimex.ch\/wp-content\/uploads\/2022\/07\/5360-Hall-Effect-Switches.png","datePublished":"2022-07-07T09:11:55+00:00","dateModified":"2023-06-26T15:07:09+00:00","description":"Das PHD-Automatisierungszubeh\u00f6r umfasst N\u00e4herungsschalter und Sensoren, um eine einfache Schnittstelle zwischen verschiedenen Elementen zu schaffen.","breadcrumb":{"@id":"https:\/\/www.credimex.ch\/de\/produkt\/phd-automation-zubehor\/#breadcrumb"},"inLanguage":"de","potentialAction":[{"@type":"ReadAction","target":["https:\/\/www.credimex.ch\/de\/produkt\/phd-automation-zubehor\/"]}]},{"@type":"ImageObject","inLanguage":"de","@id":"https:\/\/www.credimex.ch\/de\/produkt\/phd-automation-zubehor\/#primaryimage","url":"https:\/\/www.credimex.ch\/wp-content\/uploads\/2022\/07\/5360-Hall-Effect-Switches.png","contentUrl":"https:\/\/www.credimex.ch\/wp-content\/uploads\/2022\/07\/5360-Hall-Effect-Switches.png","width":670,"height":352,"caption":"Pneumatic Actuators"},{"@type":"BreadcrumbList","@id":"https:\/\/www.credimex.ch\/de\/produkt\/phd-automation-zubehor\/#breadcrumb","itemListElement":[{"@type":"ListItem","position":1,"name":"Home","item":"https:\/\/www.credimex.ch\/de\/"},{"@type":"ListItem","position":2,"name":"Produkte","item":"https:\/\/www.credimex.ch\/de\/produkte\/"},{"@type":"ListItem","position":3,"name":"PHD Automation Zubeh\u00f6r"}]},{"@type":"WebSite","@id":"https:\/\/www.credimex.ch\/de\/#website","url":"https:\/\/www.credimex.ch\/de\/","name":"CREDIMEX","description":"Partner of Swiss Industrial Market","publisher":{"@id":"https:\/\/www.credimex.ch\/de\/#organization"},"potentialAction":[{"@type":"SearchAction","target":{"@type":"EntryPoint","urlTemplate":"https:\/\/www.credimex.ch\/de\/?s={search_term_string}"},"query-input":{"@type":"PropertyValueSpecification","valueRequired":true,"valueName":"search_term_string"}}],"inLanguage":"de"},{"@type":"Organization","@id":"https:\/\/www.credimex.ch\/de\/#organization","name":"credimex","url":"https:\/\/www.credimex.ch\/de\/","logo":{"@type":"ImageObject","inLanguage":"de","@id":"https:\/\/www.credimex.ch\/de\/#\/schema\/logo\/image\/","url":"https:\/\/www.credimex.ch\/wp-content\/uploads\/2022\/03\/cropped-logo-credimex.png","contentUrl":"https:\/\/www.credimex.ch\/wp-content\/uploads\/2022\/03\/cropped-logo-credimex.png","width":512,"height":512,"caption":"credimex"},"image":{"@id":"https:\/\/www.credimex.ch\/de\/#\/schema\/logo\/image\/"},"sameAs":["https:\/\/www.facebook.com\/credimex.alpnach\/","https:\/\/www.linkedin.com\/company\/credimex\/","https:\/\/www.youtube.com\/@CREDIMEX?sub_confirmation=1"]}]}},"_links":{"self":[{"href":"https:\/\/www.credimex.ch\/de\/wp-json\/wp\/v2\/product\/4059","targetHints":{"allow":["GET"]}}],"collection":[{"href":"https:\/\/www.credimex.ch\/de\/wp-json\/wp\/v2\/product"}],"about":[{"href":"https:\/\/www.credimex.ch\/de\/wp-json\/wp\/v2\/types\/product"}],"replies":[{"embeddable":true,"href":"https:\/\/www.credimex.ch\/de\/wp-json\/wp\/v2\/comments?post=4059"}],"wp:featuredmedia":[{"embeddable":true,"href":"https:\/\/www.credimex.ch\/de\/wp-json\/wp\/v2\/media\/3439"}],"wp:attachment":[{"href":"https:\/\/www.credimex.ch\/de\/wp-json\/wp\/v2\/media?parent=4059"}],"wp:term":[{"taxonomy":"product_brand","embeddable":true,"href":"https:\/\/www.credimex.ch\/de\/wp-json\/wp\/v2\/product_brand?post=4059"},{"taxonomy":"product_cat","embeddable":true,"href":"https:\/\/www.credimex.ch\/de\/wp-json\/wp\/v2\/product_cat?post=4059"},{"taxonomy":"product_tag","embeddable":true,"href":"https:\/\/www.credimex.ch\/de\/wp-json\/wp\/v2\/product_tag?post=4059"}],"curies":[{"name":"wp","href":"https:\/\/api.w.org\/{rel}","templated":true}]}}