{"id":4061,"date":"2022-07-07T11:01:41","date_gmt":"2022-07-07T09:01:41","guid":{"rendered":"https:\/\/www.credimex.ch.mialias.net\/product\/phd-automation-blasformen\/"},"modified":"2023-06-26T17:25:18","modified_gmt":"2023-06-26T15:25:18","slug":"phd-automation-blasformtechnik","status":"publish","type":"product","link":"https:\/\/www.credimex.ch\/de\/produkt\/phd-automation-blasformtechnik\/","title":{"rendered":"PHD Automation Blasformen"},"content":{"rendered":"<h2>Beschreibung<\/h2>\n<p>Die Blasformanlagen von PHD Automation umfassen die folgenden Serien:<\/p>\n<ul>\n<li><b>Nadelzylinder der Serie BCT <\/b>sind direkte OEM-Nadelzylinderl\u00f6sungen, die in kontinuierlichen Extrusionsr\u00e4dern eingesetzt werden.<\/li>\n<li>Die <b>Universal-D\u00fcsenzylinder der Serie BCZU<\/b> sind Ersatzkomponenten f\u00fcr Universalmaschinen des Typs &#8218;S&#8216;.<\/li>\n<li>Die <b>Reckzylinder der Serie BCS2<\/b> sind Ersatzkomponenten f\u00fcr Maschinen der Serie 2 des Modells SBO.<\/li>\n<li>Die <b>Streckzylinder der Serie BCS1 f\u00fcr das Flaschenblasen<\/b> sind Ersatzkomponenten f\u00fcr die SBO-Maschinen der Serie 1 in S-Form.<\/li>\n<li>Die <b>Streckzylinder der Serie BCK<\/b> sind ein direkter Ersatz f\u00fcr die Streckblasmaschinen des Typs &#8218;K&#8216;.<\/li>\n<li>Die <b>D\u00fcsenzylinder der Serie BCZ<\/b> sind f\u00fcr S&#8220;-Modelle der SBO-Serie2 CSD und Heat Set-Maschinen bestimmt.<\/li>\n<li>Die <b>Transferarme der Serie BST2 f\u00fcr das Blasformen<\/b> sind f\u00fcr die meisten S&#8220;-Maschinen der Serie 2 ausgelegt, die einen festen Kopf ben\u00f6tigen.<\/li>\n<li>Die <b>Universal-Reckzylinder der Serie BCSU<\/b> sind f\u00fcr S-Universalmaschinen geeignet.<\/li>\n<\/ul>\n<p><img fetchpriority=\"high\" decoding=\"async\" class=\"alignnone size-full wp-image-1497\" src=\"https:\/\/www.credimex.ch\/wp-content\/uploads\/2022\/07\/BCT_Main_image.png\" alt=\"\" width=\"670\" height=\"352\" srcset=\"https:\/\/www.credimex.ch\/wp-content\/uploads\/2022\/07\/BCT_Main_image.png 670w, https:\/\/www.credimex.ch\/wp-content\/uploads\/2022\/07\/BCT_Main_image-300x158.png 300w, https:\/\/www.credimex.ch\/wp-content\/uploads\/2022\/07\/BCT_Main_image-600x315.png 600w\" sizes=\"(max-width: 670px) 100vw, 670px\" \/><\/p>\n<h2>Produktvorteile<\/h2>\n<p>PHD bietet eine Reihe von Blasformmaschinen f\u00fcr die Herstellung von Flaschen und anderen Kunststoffbeh\u00e4ltern an. Bei diesen Produkten handelt es sich um Ersatzteill\u00f6sungen f\u00fcr Streckblasmaschinen der Typen &#8218;S&#8216; und &#8218;K&#8216; sowie f\u00fcr andere Maschinen. Die BCS-Reckzylinder der Standardserie sind als Ersatzkomponenten f\u00fcr die SBO ISMB-Blasformmaschinen der Serien 1 und 2 konzipiert, um eine lange Lebensdauer zu gew\u00e4hrleisten und Wartungs- und Ausfallzeiten zu reduzieren. Zu den weiteren spezialisierten Blasformausr\u00fcstungen geh\u00f6ren D\u00fcsenzylinder, Nadelzylinder, Ausstossschieber, Transferarme und vieles mehr.<\/p>\n<p><img decoding=\"async\" class=\"alignnone size-full wp-image-1495\" src=\"https:\/\/www.credimex.ch\/wp-content\/uploads\/2022\/07\/BCZUx_Nozzle_cylinder.png\" alt=\"\" width=\"670\" height=\"352\" srcset=\"https:\/\/www.credimex.ch\/wp-content\/uploads\/2022\/07\/BCZUx_Nozzle_cylinder.png 670w, https:\/\/www.credimex.ch\/wp-content\/uploads\/2022\/07\/BCZUx_Nozzle_cylinder-300x158.png 300w, https:\/\/www.credimex.ch\/wp-content\/uploads\/2022\/07\/BCZUx_Nozzle_cylinder-600x315.png 600w\" sizes=\"(max-width: 670px) 100vw, 670px\" \/><\/p>\n<h2>Anwendung<\/h2>\n<p>Die automatischen Blasformanlagen von PHD k\u00f6nnen in einer Vielzahl von Branchen eingesetzt werden, von der Medizin- und Automobilindustrie bis hin zur Lebensmittel- und Verpackungsindustrie.<\/p>\n","protected":false},"excerpt":{"rendered":"<p>Die <strong>automatischen Blasformanlagen von PHD<\/strong> sind speziell f\u00fcr die Herstellung von Flaschen und anderen Kunststoffbeh\u00e4ltern konzipiert.<\/p>\n","protected":false},"featured_media":3435,"comment_status":"open","ping_status":"closed","template":"","meta":{"_acf_changed":false},"product_brand":[],"product_cat":[369,351,419,380,379,417,390,370,352,420,613,614,592,418,478],"product_tag":[],"class_list":{"0":"post-4061","1":"product","2":"type-product","3":"status-publish","4":"has-post-thumbnail","6":"product_cat-allgemeine-industrie","7":"product_cat-automobilindustrie","8":"product_cat-batterien","9":"product_cat-e-mobilitat","10":"product_cat-eisenbahn","11":"product_cat-elektronik","12":"product_cat-energie","13":"product_cat-lebensmittelindustrie","14":"product_cat-luft-und-raumfahrtindustrie","15":"product_cat-medizinal-industrie","16":"product_cat-phd-de","17":"product_cat-phd-pneumatische-aktuatoren","18":"product_cat-pneumatik","19":"product_cat-seilbahnen","20":"product_cat-uhrenherstellung","21":"pa_brands-phd-de","23":"first","24":"instock","25":"shipping-taxable","26":"product-type-simple"},"acf":[],"_yoast_wpseo_focuskw":"PHD Automation Blasformtechnik","_yoast_wpseo_metadesc":"Die automatischen Blasformanlagen von PHD sind speziell f\u00fcr die Herstellung von Flaschen und anderen Kunststoffbeh\u00e4ltern konzipiert.","yoast_head":"<!-- This site is optimized with the Yoast SEO Premium plugin v21.6 (Yoast SEO v27.4) - https:\/\/yoast.com\/product\/yoast-seo-premium-wordpress\/ -->\n<title>PHD Automation Blasformen - CREDIMEX<\/title>\n<meta name=\"description\" content=\"Die automatischen Blasformanlagen von PHD sind speziell f\u00fcr die Herstellung von Flaschen und anderen Kunststoffbeh\u00e4ltern konzipiert.\" \/>\n<meta name=\"robots\" content=\"index, follow, max-snippet:-1, max-image-preview:large, max-video-preview:-1\" \/>\n<link rel=\"canonical\" href=\"https:\/\/www.credimex.ch\/de\/produkt\/phd-automation-blasformtechnik\/\" \/>\n<meta property=\"og:locale\" content=\"de_DE\" \/>\n<meta property=\"og:type\" content=\"article\" \/>\n<meta property=\"og:title\" content=\"PHD Automation Blasformen\" \/>\n<meta property=\"og:description\" content=\"Die automatischen Blasformanlagen von PHD sind speziell f\u00fcr die Herstellung von Flaschen und anderen Kunststoffbeh\u00e4ltern konzipiert.\" \/>\n<meta property=\"og:url\" content=\"https:\/\/www.credimex.ch\/de\/produkt\/phd-automation-blasformtechnik\/\" \/>\n<meta property=\"og:site_name\" content=\"CREDIMEX\" \/>\n<meta property=\"article:publisher\" content=\"https:\/\/www.facebook.com\/credimex.alpnach\/\" \/>\n<meta property=\"article:modified_time\" content=\"2023-06-26T15:25:18+00:00\" \/>\n<meta property=\"og:image\" content=\"https:\/\/www.credimex.ch\/wp-content\/uploads\/2022\/07\/bcsu.png\" \/>\n\t<meta property=\"og:image:width\" content=\"670\" \/>\n\t<meta property=\"og:image:height\" content=\"352\" \/>\n\t<meta property=\"og:image:type\" content=\"image\/png\" \/>\n<meta name=\"twitter:card\" content=\"summary_large_image\" \/>\n<meta name=\"twitter:label1\" content=\"Gesch\u00e4tzte Lesezeit\" \/>\n\t<meta name=\"twitter:data1\" content=\"1\u00a0Minute\" \/>\n<script type=\"application\/ld+json\" class=\"yoast-schema-graph\">{\"@context\":\"https:\\\/\\\/schema.org\",\"@graph\":[{\"@type\":\"WebPage\",\"@id\":\"https:\\\/\\\/www.credimex.ch\\\/de\\\/produkt\\\/phd-automation-blasformtechnik\\\/\",\"url\":\"https:\\\/\\\/www.credimex.ch\\\/de\\\/produkt\\\/phd-automation-blasformtechnik\\\/\",\"name\":\"PHD Automation Blasformen - CREDIMEX\",\"isPartOf\":{\"@id\":\"https:\\\/\\\/www.credimex.ch\\\/de\\\/#website\"},\"primaryImageOfPage\":{\"@id\":\"https:\\\/\\\/www.credimex.ch\\\/de\\\/produkt\\\/phd-automation-blasformtechnik\\\/#primaryimage\"},\"image\":{\"@id\":\"https:\\\/\\\/www.credimex.ch\\\/de\\\/produkt\\\/phd-automation-blasformtechnik\\\/#primaryimage\"},\"thumbnailUrl\":\"https:\\\/\\\/www.credimex.ch\\\/wp-content\\\/uploads\\\/2022\\\/07\\\/bcsu.png\",\"datePublished\":\"2022-07-07T09:01:41+00:00\",\"dateModified\":\"2023-06-26T15:25:18+00:00\",\"description\":\"Die automatischen Blasformanlagen von PHD sind speziell f\u00fcr die Herstellung von Flaschen und anderen Kunststoffbeh\u00e4ltern konzipiert.\",\"breadcrumb\":{\"@id\":\"https:\\\/\\\/www.credimex.ch\\\/de\\\/produkt\\\/phd-automation-blasformtechnik\\\/#breadcrumb\"},\"inLanguage\":\"de\",\"potentialAction\":[{\"@type\":\"ReadAction\",\"target\":[\"https:\\\/\\\/www.credimex.ch\\\/de\\\/produkt\\\/phd-automation-blasformtechnik\\\/\"]}]},{\"@type\":\"ImageObject\",\"inLanguage\":\"de\",\"@id\":\"https:\\\/\\\/www.credimex.ch\\\/de\\\/produkt\\\/phd-automation-blasformtechnik\\\/#primaryimage\",\"url\":\"https:\\\/\\\/www.credimex.ch\\\/wp-content\\\/uploads\\\/2022\\\/07\\\/bcsu.png\",\"contentUrl\":\"https:\\\/\\\/www.credimex.ch\\\/wp-content\\\/uploads\\\/2022\\\/07\\\/bcsu.png\",\"width\":670,\"height\":352},{\"@type\":\"BreadcrumbList\",\"@id\":\"https:\\\/\\\/www.credimex.ch\\\/de\\\/produkt\\\/phd-automation-blasformtechnik\\\/#breadcrumb\",\"itemListElement\":[{\"@type\":\"ListItem\",\"position\":1,\"name\":\"Home\",\"item\":\"https:\\\/\\\/www.credimex.ch\\\/de\\\/\"},{\"@type\":\"ListItem\",\"position\":2,\"name\":\"Produkte\",\"item\":\"https:\\\/\\\/www.credimex.ch\\\/de\\\/produkte\\\/\"},{\"@type\":\"ListItem\",\"position\":3,\"name\":\"PHD Automation Blasformen\"}]},{\"@type\":\"WebSite\",\"@id\":\"https:\\\/\\\/www.credimex.ch\\\/de\\\/#website\",\"url\":\"https:\\\/\\\/www.credimex.ch\\\/de\\\/\",\"name\":\"CREDIMEX\",\"description\":\"Partner of Swiss Industrial Market\",\"publisher\":{\"@id\":\"https:\\\/\\\/www.credimex.ch\\\/de\\\/#organization\"},\"potentialAction\":[{\"@type\":\"SearchAction\",\"target\":{\"@type\":\"EntryPoint\",\"urlTemplate\":\"https:\\\/\\\/www.credimex.ch\\\/de\\\/?s={search_term_string}\"},\"query-input\":{\"@type\":\"PropertyValueSpecification\",\"valueRequired\":true,\"valueName\":\"search_term_string\"}}],\"inLanguage\":\"de\"},{\"@type\":\"Organization\",\"@id\":\"https:\\\/\\\/www.credimex.ch\\\/de\\\/#organization\",\"name\":\"credimex\",\"url\":\"https:\\\/\\\/www.credimex.ch\\\/de\\\/\",\"logo\":{\"@type\":\"ImageObject\",\"inLanguage\":\"de\",\"@id\":\"https:\\\/\\\/www.credimex.ch\\\/de\\\/#\\\/schema\\\/logo\\\/image\\\/\",\"url\":\"https:\\\/\\\/www.credimex.ch\\\/wp-content\\\/uploads\\\/2022\\\/03\\\/cropped-logo-credimex.png\",\"contentUrl\":\"https:\\\/\\\/www.credimex.ch\\\/wp-content\\\/uploads\\\/2022\\\/03\\\/cropped-logo-credimex.png\",\"width\":512,\"height\":512,\"caption\":\"credimex\"},\"image\":{\"@id\":\"https:\\\/\\\/www.credimex.ch\\\/de\\\/#\\\/schema\\\/logo\\\/image\\\/\"},\"sameAs\":[\"https:\\\/\\\/www.facebook.com\\\/credimex.alpnach\\\/\",\"https:\\\/\\\/www.linkedin.com\\\/company\\\/credimex\\\/\",\"https:\\\/\\\/www.youtube.com\\\/@CREDIMEX?sub_confirmation=1\"]}]}<\/script>\n<!-- \/ Yoast SEO Premium plugin. -->","yoast_head_json":{"title":"PHD Automation Blasformen - CREDIMEX","description":"Die automatischen Blasformanlagen von PHD sind speziell f\u00fcr die Herstellung von Flaschen und anderen Kunststoffbeh\u00e4ltern konzipiert.","robots":{"index":"index","follow":"follow","max-snippet":"max-snippet:-1","max-image-preview":"max-image-preview:large","max-video-preview":"max-video-preview:-1"},"canonical":"https:\/\/www.credimex.ch\/de\/produkt\/phd-automation-blasformtechnik\/","og_locale":"de_DE","og_type":"article","og_title":"PHD Automation Blasformen","og_description":"Die automatischen Blasformanlagen von PHD sind speziell f\u00fcr die Herstellung von Flaschen und anderen Kunststoffbeh\u00e4ltern konzipiert.","og_url":"https:\/\/www.credimex.ch\/de\/produkt\/phd-automation-blasformtechnik\/","og_site_name":"CREDIMEX","article_publisher":"https:\/\/www.facebook.com\/credimex.alpnach\/","article_modified_time":"2023-06-26T15:25:18+00:00","og_image":[{"width":670,"height":352,"url":"https:\/\/www.credimex.ch\/wp-content\/uploads\/2022\/07\/bcsu.png","type":"image\/png"}],"twitter_card":"summary_large_image","twitter_misc":{"Gesch\u00e4tzte Lesezeit":"1\u00a0Minute"},"schema":{"@context":"https:\/\/schema.org","@graph":[{"@type":"WebPage","@id":"https:\/\/www.credimex.ch\/de\/produkt\/phd-automation-blasformtechnik\/","url":"https:\/\/www.credimex.ch\/de\/produkt\/phd-automation-blasformtechnik\/","name":"PHD Automation Blasformen - CREDIMEX","isPartOf":{"@id":"https:\/\/www.credimex.ch\/de\/#website"},"primaryImageOfPage":{"@id":"https:\/\/www.credimex.ch\/de\/produkt\/phd-automation-blasformtechnik\/#primaryimage"},"image":{"@id":"https:\/\/www.credimex.ch\/de\/produkt\/phd-automation-blasformtechnik\/#primaryimage"},"thumbnailUrl":"https:\/\/www.credimex.ch\/wp-content\/uploads\/2022\/07\/bcsu.png","datePublished":"2022-07-07T09:01:41+00:00","dateModified":"2023-06-26T15:25:18+00:00","description":"Die automatischen Blasformanlagen von PHD sind speziell f\u00fcr die Herstellung von Flaschen und anderen Kunststoffbeh\u00e4ltern konzipiert.","breadcrumb":{"@id":"https:\/\/www.credimex.ch\/de\/produkt\/phd-automation-blasformtechnik\/#breadcrumb"},"inLanguage":"de","potentialAction":[{"@type":"ReadAction","target":["https:\/\/www.credimex.ch\/de\/produkt\/phd-automation-blasformtechnik\/"]}]},{"@type":"ImageObject","inLanguage":"de","@id":"https:\/\/www.credimex.ch\/de\/produkt\/phd-automation-blasformtechnik\/#primaryimage","url":"https:\/\/www.credimex.ch\/wp-content\/uploads\/2022\/07\/bcsu.png","contentUrl":"https:\/\/www.credimex.ch\/wp-content\/uploads\/2022\/07\/bcsu.png","width":670,"height":352},{"@type":"BreadcrumbList","@id":"https:\/\/www.credimex.ch\/de\/produkt\/phd-automation-blasformtechnik\/#breadcrumb","itemListElement":[{"@type":"ListItem","position":1,"name":"Home","item":"https:\/\/www.credimex.ch\/de\/"},{"@type":"ListItem","position":2,"name":"Produkte","item":"https:\/\/www.credimex.ch\/de\/produkte\/"},{"@type":"ListItem","position":3,"name":"PHD Automation Blasformen"}]},{"@type":"WebSite","@id":"https:\/\/www.credimex.ch\/de\/#website","url":"https:\/\/www.credimex.ch\/de\/","name":"CREDIMEX","description":"Partner of Swiss Industrial Market","publisher":{"@id":"https:\/\/www.credimex.ch\/de\/#organization"},"potentialAction":[{"@type":"SearchAction","target":{"@type":"EntryPoint","urlTemplate":"https:\/\/www.credimex.ch\/de\/?s={search_term_string}"},"query-input":{"@type":"PropertyValueSpecification","valueRequired":true,"valueName":"search_term_string"}}],"inLanguage":"de"},{"@type":"Organization","@id":"https:\/\/www.credimex.ch\/de\/#organization","name":"credimex","url":"https:\/\/www.credimex.ch\/de\/","logo":{"@type":"ImageObject","inLanguage":"de","@id":"https:\/\/www.credimex.ch\/de\/#\/schema\/logo\/image\/","url":"https:\/\/www.credimex.ch\/wp-content\/uploads\/2022\/03\/cropped-logo-credimex.png","contentUrl":"https:\/\/www.credimex.ch\/wp-content\/uploads\/2022\/03\/cropped-logo-credimex.png","width":512,"height":512,"caption":"credimex"},"image":{"@id":"https:\/\/www.credimex.ch\/de\/#\/schema\/logo\/image\/"},"sameAs":["https:\/\/www.facebook.com\/credimex.alpnach\/","https:\/\/www.linkedin.com\/company\/credimex\/","https:\/\/www.youtube.com\/@CREDIMEX?sub_confirmation=1"]}]}},"_links":{"self":[{"href":"https:\/\/www.credimex.ch\/de\/wp-json\/wp\/v2\/product\/4061","targetHints":{"allow":["GET"]}}],"collection":[{"href":"https:\/\/www.credimex.ch\/de\/wp-json\/wp\/v2\/product"}],"about":[{"href":"https:\/\/www.credimex.ch\/de\/wp-json\/wp\/v2\/types\/product"}],"replies":[{"embeddable":true,"href":"https:\/\/www.credimex.ch\/de\/wp-json\/wp\/v2\/comments?post=4061"}],"wp:featuredmedia":[{"embeddable":true,"href":"https:\/\/www.credimex.ch\/de\/wp-json\/wp\/v2\/media\/3435"}],"wp:attachment":[{"href":"https:\/\/www.credimex.ch\/de\/wp-json\/wp\/v2\/media?parent=4061"}],"wp:term":[{"taxonomy":"product_brand","embeddable":true,"href":"https:\/\/www.credimex.ch\/de\/wp-json\/wp\/v2\/product_brand?post=4061"},{"taxonomy":"product_cat","embeddable":true,"href":"https:\/\/www.credimex.ch\/de\/wp-json\/wp\/v2\/product_cat?post=4061"},{"taxonomy":"product_tag","embeddable":true,"href":"https:\/\/www.credimex.ch\/de\/wp-json\/wp\/v2\/product_tag?post=4061"}],"curies":[{"name":"wp","href":"https:\/\/api.w.org\/{rel}","templated":true}]}}