{"id":4063,"date":"2022-07-07T10:51:22","date_gmt":"2022-07-07T08:51:22","guid":{"rendered":"https:\/\/www.credimex.ch.mialias.net\/product\/phd-automation-greifer\/"},"modified":"2023-06-26T17:30:30","modified_gmt":"2023-06-26T15:30:30","slug":"phd-automation-greifer","status":"publish","type":"product","link":"https:\/\/www.credimex.ch\/de\/produkt\/phd-automation-greifer\/","title":{"rendered":"PHD Automation Greifer"},"content":{"rendered":"<h2>Beschreibung<\/h2>\n<p>Die Greifer von PHD Automation umfassen die folgenden Serien:<\/p>\n<ul>\n<li><b>PHD FLEXION<\/b> ist eine Innovation in der Greiftechnologie, inspiriert durch den ultimativen Greifer: die menschliche Hand.<\/li>\n<li>Die <b>pneumatischen Hochleistungs-Parallelgreifer der Serie GRR Guardian\u00ae<\/b> bieten eine hohe Greifkraft, f\u00fcnf lange Backenwege und hohe Backenlasten.<\/li>\n<li><b>Die pneumatischen Miniatur-Parallelgreifer der Optimax\u00ae-Serie OGZ von PHD <\/b>verf\u00fcgen \u00fcber eine integrierte Linearf\u00fchrung f\u00fcr hohe Steifigkeit und Pr\u00e4zision.<\/li>\n<li>Die <b>elektrischen Hochleistungs-Parallelgreifer der Serie EGRR<\/b> basieren auf dem bew\u00e4hrten Fahrgestell der Serie GRR. Die elektrische Version bietet viele der gleichen Vorteile wie die pneumatischen Greifer mit dem Design und der Flexibilit\u00e4t von Your Motor, Your Way.<\/li>\n<li>Die <b>parallelen pneumatischen Langhubgreifer der Serie GRH<\/b> sind flach und in vier Gr\u00f6ssen erh\u00e4ltlich, die grosse Momentenkapazit\u00e4ten und grosse Werkzeugl\u00e4ngen unterst\u00fctzen.<\/li>\n<li>Die <b>pneumatischen Dreh-Parallel-Greifer der Serie GRC<\/b> bieten ein hohes Verh\u00e4ltnis zwischen Greifkraft und Gewicht in einem Paket mit geringem Profil.<\/li>\n<li><strong>Der Magnetgreifer<\/strong> ist ideal f\u00fcr den Einsatz dort, wo Endeffektoren und Vakuumsauger typischerweise zum Heben und Bewegen ferromagnetischer Teile wie Stahlbleche, Platinen und Stanzteile verwendet werden.<\/li>\n<li>Die <b>pneumatischen Parallelgreifer der Serie GRW mit breitem K\u00f6rper<\/b> verf\u00fcgen \u00fcber Backenf\u00fchrungen mit grossem Durchmesser f\u00fcr die Stabilit\u00e4t der Backen und eine hohe Momentenkapazit\u00e4t.<\/li>\n<li>Die <b>pneumatischen Flachprofil-Parallelgreifer der Serie GRS<\/b> zeichnen sich durch ein flaches Design und einen abgewinkelten Nockenantriebsmechanismus aus, der h\u00f6here Greifkr\u00e4fte, minimales Backenspiel und eine lange Lebensdauer gew\u00e4hrleistet.<\/li>\n<li>Die <b>pneumatischen MRO-Parallelgreifer der Serie GRF<\/b> sind ein leistungsf\u00e4higerer MRO-Ersatz.<\/li>\n<li>Die <b>pneumatischen 3-Backen-Parallelgreifer der Serie GRT<\/b> bieten eine Selbstzentrierung und maximalen Kontakt zwischen Werkst\u00fcck und Backenwerkzeug.<\/li>\n<li>Die <b>pneumatischen Hochleistungs-Parallelgreifer der Serie GRK<\/b> bieten die h\u00f6chste Greifkraft in ihrer Klasse sowie \u00fcberragende Momentenkapazit\u00e4ten und Pr\u00e4zision in einem flachen Design.<\/li>\n<li>Die <b>pneumatischen Mikro-Parallelgreifer der Serie 190\/191<\/b> bieten eine lange Lebensdauer des Aktuators und eine Federunterst\u00fctzung f\u00fcr eine h\u00f6here Greifkraft und einen besseren Halt der Teile bei Luftdruckverlust.<\/li>\n<li>Die <b>pneumatischen 180\u00b0-Winkelgreifer der Serie GRB<\/b> bieten einen Winkelweg von bis zu 180\u00b0, so dass sich die Backen vollst\u00e4ndig aus dem Arbeitsbereich zur\u00fcckziehen k\u00f6nnen.<\/li>\n<li>Die <b>parallelen pneumatischen Miniaturgreifer der Serie GRD<\/b> zeichnen sich durch ein hohes Verh\u00e4ltnis von Greifkraft zu Gewicht in einem kompakten Geh\u00e4use aus.<\/li>\n<li>Die <b>parallelen pneumatischen Mikrogreifer der Serie GRA<\/b> bieten hohe Pr\u00e4zision, Drehmomentkapazit\u00e4t und Greifkraft in einem kleinen, robusten Geh\u00e4use.<\/li>\n<li>Die <b>winkelf\u00f6rmigen pneumatischen Mikrogreifer der Serie GRV<\/b> bieten hohe Pr\u00e4zision, Drehmomentkapazit\u00e4t und Greifkraft in einem kleinen, robusten Geh\u00e4use.<\/li>\n<li>Die <b>pneumatischen Parallelgreifer der Serie GRL mit schmalem K\u00f6rper<\/b> bieten einen schlanken Antriebsk\u00f6rper und lange Backenwege.<\/li>\n<li>Die <b>mikropneumatischen Winkelgreifer der Serie 8400<\/b> zeichnen sich durch ein robustes Geh\u00e4use und Backendesign in einem kleinen Paket aus.<\/li>\n<li>Die <b>pneumatischen Hochleistungs-Parallelgreifer der Serie 5300<\/b> verf\u00fcgen \u00fcber einen ovalen Kolben, der ein hohes Verh\u00e4ltnis zwischen Greifkraft und Gewicht gew\u00e4hrleistet.<\/li>\n<li>Die <b>pneumatischen Hochleistungs-Winkelgreifer der Serie 5300<\/b> verf\u00fcgen \u00fcber einen ovalen Kolben, der ein hohes Verh\u00e4ltnis zwischen Greifkraft und Gewicht gew\u00e4hrleistet.<\/li>\n<\/ul>\n<p><img fetchpriority=\"high\" decoding=\"async\" class=\"alignnone size-full wp-image-1487\" src=\"https:\/\/www.credimex.ch\/wp-content\/uploads\/2022\/07\/190191_Gripper.png\" alt=\"\" width=\"670\" height=\"352\" srcset=\"https:\/\/www.credimex.ch\/wp-content\/uploads\/2022\/07\/190191_Gripper.png 670w, https:\/\/www.credimex.ch\/wp-content\/uploads\/2022\/07\/190191_Gripper-300x158.png 300w, https:\/\/www.credimex.ch\/wp-content\/uploads\/2022\/07\/190191_Gripper-600x315.png 600w\" sizes=\"(max-width: 670px) 100vw, 670px\" \/><\/p>\n<h2>Produktvorteile<\/h2>\n<p>Eine grosse Auswahl an pneumatischen Greifern von PHD ist f\u00fcr Innen- und Aussengreifer erh\u00e4ltlich und verf\u00fcgt \u00fcber verschiedene Backenformen, um sich an jede Anwendung anzupassen. Sie reichen von hochpr\u00e4zisen Miniaturgr\u00f6ssen bis hin zu Hochleistungsmodellen, die eine Greifkraft von mehr als 1600 Pfund erreichen. PHD bietet Winkelgreifer, die sich in einem Winkel \u00f6ffnen, und Parallelgreifer, die sich direkt auseinander \u00f6ffnen. Pneumatische und elektrische Greifer mit einer grossen Auswahl an Optionen und Zubeh\u00f6r. Die grosse Auswahl an Optionen bietet die Flexibilit\u00e4t, den besten Endeffektor f\u00fcr Pick-and-Place, industrielle Montage und End-of-Arm-Tooling f\u00fcr Roboter-Automatisierungssysteme zu verwenden.<\/p>\n<p><img decoding=\"async\" class=\"alignnone size-full wp-image-1488\" src=\"https:\/\/www.credimex.ch\/wp-content\/uploads\/2022\/07\/GRT_Gripper.png\" alt=\"\" width=\"670\" height=\"352\" srcset=\"https:\/\/www.credimex.ch\/wp-content\/uploads\/2022\/07\/GRT_Gripper.png 670w, https:\/\/www.credimex.ch\/wp-content\/uploads\/2022\/07\/GRT_Gripper-300x158.png 300w, https:\/\/www.credimex.ch\/wp-content\/uploads\/2022\/07\/GRT_Gripper-600x315.png 600w\" sizes=\"(max-width: 670px) 100vw, 670px\" \/><\/p>\n<h2>Anwendung<\/h2>\n<p>Die Greifer von PHD Automation k\u00f6nnen in einer Vielzahl von Branchen eingesetzt werden, von der Medizin- und Automobilindustrie bis hin zur Lebensmittel- und Verpackungsindustrie.<\/p>\n","protected":false},"excerpt":{"rendered":"<p><strong>PHD-Automatisierungsgreifer<\/strong> sind f\u00fcr Innen- und Aussengreifer erh\u00e4ltlich und verf\u00fcgen \u00fcber verschiedene Backenformen, um sich an jede Anwendung anzupassen.<\/p>\n","protected":false},"featured_media":3429,"comment_status":"open","ping_status":"closed","template":"","meta":{"_acf_changed":false},"product_brand":[],"product_cat":[369,351,419,380,379,417,390,370,352,420,613,614,592,418,478],"product_tag":[],"class_list":{"0":"post-4063","1":"product","2":"type-product","3":"status-publish","4":"has-post-thumbnail","6":"product_cat-allgemeine-industrie","7":"product_cat-automobilindustrie","8":"product_cat-batterien","9":"product_cat-e-mobilitat","10":"product_cat-eisenbahn","11":"product_cat-elektronik","12":"product_cat-energie","13":"product_cat-lebensmittelindustrie","14":"product_cat-luft-und-raumfahrtindustrie","15":"product_cat-medizinal-industrie","16":"product_cat-phd-de","17":"product_cat-phd-pneumatische-aktuatoren","18":"product_cat-pneumatik","19":"product_cat-seilbahnen","20":"product_cat-uhrenherstellung","21":"pa_brands-phd-de","23":"first","24":"instock","25":"shipping-taxable","26":"product-type-simple"},"acf":[],"_yoast_wpseo_focuskw":"PHD Automation Greifer","_yoast_wpseo_metadesc":"PHD-Automatisierungsgreifer sind f\u00fcr Innen- und Aussengreifer erh\u00e4ltlich und verf\u00fcgen \u00fcber verschiedene Backenformen, um sich an jede Anwendung anzupassen.","yoast_head":"<!-- This site is optimized with the Yoast SEO Premium plugin v21.6 (Yoast SEO v27.4) - https:\/\/yoast.com\/product\/yoast-seo-premium-wordpress\/ -->\n<title>PHD Automation Greifer - CREDIMEX<\/title>\n<meta name=\"description\" content=\"PHD-Automatisierungsgreifer sind f\u00fcr Innen- und Aussengreifer erh\u00e4ltlich und verf\u00fcgen \u00fcber verschiedene Backenformen, um sich an jede Anwendung anzupassen.\" \/>\n<meta name=\"robots\" content=\"index, follow, max-snippet:-1, max-image-preview:large, max-video-preview:-1\" \/>\n<link rel=\"canonical\" href=\"https:\/\/www.credimex.ch\/de\/produkt\/phd-automation-greifer\/\" \/>\n<meta property=\"og:locale\" content=\"de_DE\" \/>\n<meta property=\"og:type\" content=\"article\" \/>\n<meta property=\"og:title\" content=\"PHD Automation Greifer\" \/>\n<meta property=\"og:description\" content=\"PHD-Automatisierungsgreifer sind f\u00fcr Innen- und Aussengreifer erh\u00e4ltlich und verf\u00fcgen \u00fcber verschiedene Backenformen, um sich an jede Anwendung anzupassen.\" \/>\n<meta property=\"og:url\" content=\"https:\/\/www.credimex.ch\/de\/produkt\/phd-automation-greifer\/\" \/>\n<meta property=\"og:site_name\" content=\"CREDIMEX\" \/>\n<meta property=\"article:publisher\" content=\"https:\/\/www.facebook.com\/credimex.alpnach\/\" \/>\n<meta property=\"article:modified_time\" content=\"2023-06-26T15:30:30+00:00\" \/>\n<meta property=\"og:image\" content=\"https:\/\/www.credimex.ch\/wp-content\/uploads\/2022\/07\/MAGGRIPPER.png\" \/>\n\t<meta property=\"og:image:width\" content=\"670\" \/>\n\t<meta property=\"og:image:height\" content=\"352\" \/>\n\t<meta property=\"og:image:type\" content=\"image\/png\" \/>\n<meta name=\"twitter:card\" content=\"summary_large_image\" \/>\n<meta name=\"twitter:label1\" content=\"Gesch\u00e4tzte Lesezeit\" \/>\n\t<meta name=\"twitter:data1\" content=\"3\u00a0Minuten\" \/>\n<script type=\"application\/ld+json\" class=\"yoast-schema-graph\">{\"@context\":\"https:\\\/\\\/schema.org\",\"@graph\":[{\"@type\":\"WebPage\",\"@id\":\"https:\\\/\\\/www.credimex.ch\\\/de\\\/produkt\\\/phd-automation-greifer\\\/\",\"url\":\"https:\\\/\\\/www.credimex.ch\\\/de\\\/produkt\\\/phd-automation-greifer\\\/\",\"name\":\"PHD Automation Greifer - CREDIMEX\",\"isPartOf\":{\"@id\":\"https:\\\/\\\/www.credimex.ch\\\/de\\\/#website\"},\"primaryImageOfPage\":{\"@id\":\"https:\\\/\\\/www.credimex.ch\\\/de\\\/produkt\\\/phd-automation-greifer\\\/#primaryimage\"},\"image\":{\"@id\":\"https:\\\/\\\/www.credimex.ch\\\/de\\\/produkt\\\/phd-automation-greifer\\\/#primaryimage\"},\"thumbnailUrl\":\"https:\\\/\\\/www.credimex.ch\\\/wp-content\\\/uploads\\\/2022\\\/07\\\/MAGGRIPPER.png\",\"datePublished\":\"2022-07-07T08:51:22+00:00\",\"dateModified\":\"2023-06-26T15:30:30+00:00\",\"description\":\"PHD-Automatisierungsgreifer sind f\u00fcr Innen- und Aussengreifer erh\u00e4ltlich und verf\u00fcgen \u00fcber verschiedene Backenformen, um sich an jede Anwendung anzupassen.\",\"breadcrumb\":{\"@id\":\"https:\\\/\\\/www.credimex.ch\\\/de\\\/produkt\\\/phd-automation-greifer\\\/#breadcrumb\"},\"inLanguage\":\"de\",\"potentialAction\":[{\"@type\":\"ReadAction\",\"target\":[\"https:\\\/\\\/www.credimex.ch\\\/de\\\/produkt\\\/phd-automation-greifer\\\/\"]}]},{\"@type\":\"ImageObject\",\"inLanguage\":\"de\",\"@id\":\"https:\\\/\\\/www.credimex.ch\\\/de\\\/produkt\\\/phd-automation-greifer\\\/#primaryimage\",\"url\":\"https:\\\/\\\/www.credimex.ch\\\/wp-content\\\/uploads\\\/2022\\\/07\\\/MAGGRIPPER.png\",\"contentUrl\":\"https:\\\/\\\/www.credimex.ch\\\/wp-content\\\/uploads\\\/2022\\\/07\\\/MAGGRIPPER.png\",\"width\":670,\"height\":352},{\"@type\":\"BreadcrumbList\",\"@id\":\"https:\\\/\\\/www.credimex.ch\\\/de\\\/produkt\\\/phd-automation-greifer\\\/#breadcrumb\",\"itemListElement\":[{\"@type\":\"ListItem\",\"position\":1,\"name\":\"Home\",\"item\":\"https:\\\/\\\/www.credimex.ch\\\/de\\\/\"},{\"@type\":\"ListItem\",\"position\":2,\"name\":\"Produkte\",\"item\":\"https:\\\/\\\/www.credimex.ch\\\/de\\\/produkte\\\/\"},{\"@type\":\"ListItem\",\"position\":3,\"name\":\"PHD Automation Greifer\"}]},{\"@type\":\"WebSite\",\"@id\":\"https:\\\/\\\/www.credimex.ch\\\/de\\\/#website\",\"url\":\"https:\\\/\\\/www.credimex.ch\\\/de\\\/\",\"name\":\"CREDIMEX\",\"description\":\"Partner of Swiss Industrial Market\",\"publisher\":{\"@id\":\"https:\\\/\\\/www.credimex.ch\\\/de\\\/#organization\"},\"potentialAction\":[{\"@type\":\"SearchAction\",\"target\":{\"@type\":\"EntryPoint\",\"urlTemplate\":\"https:\\\/\\\/www.credimex.ch\\\/de\\\/?s={search_term_string}\"},\"query-input\":{\"@type\":\"PropertyValueSpecification\",\"valueRequired\":true,\"valueName\":\"search_term_string\"}}],\"inLanguage\":\"de\"},{\"@type\":\"Organization\",\"@id\":\"https:\\\/\\\/www.credimex.ch\\\/de\\\/#organization\",\"name\":\"credimex\",\"url\":\"https:\\\/\\\/www.credimex.ch\\\/de\\\/\",\"logo\":{\"@type\":\"ImageObject\",\"inLanguage\":\"de\",\"@id\":\"https:\\\/\\\/www.credimex.ch\\\/de\\\/#\\\/schema\\\/logo\\\/image\\\/\",\"url\":\"https:\\\/\\\/www.credimex.ch\\\/wp-content\\\/uploads\\\/2022\\\/03\\\/cropped-logo-credimex.png\",\"contentUrl\":\"https:\\\/\\\/www.credimex.ch\\\/wp-content\\\/uploads\\\/2022\\\/03\\\/cropped-logo-credimex.png\",\"width\":512,\"height\":512,\"caption\":\"credimex\"},\"image\":{\"@id\":\"https:\\\/\\\/www.credimex.ch\\\/de\\\/#\\\/schema\\\/logo\\\/image\\\/\"},\"sameAs\":[\"https:\\\/\\\/www.facebook.com\\\/credimex.alpnach\\\/\",\"https:\\\/\\\/www.linkedin.com\\\/company\\\/credimex\\\/\",\"https:\\\/\\\/www.youtube.com\\\/@CREDIMEX?sub_confirmation=1\"]}]}<\/script>\n<!-- \/ Yoast SEO Premium plugin. -->","yoast_head_json":{"title":"PHD Automation Greifer - CREDIMEX","description":"PHD-Automatisierungsgreifer sind f\u00fcr Innen- und Aussengreifer erh\u00e4ltlich und verf\u00fcgen \u00fcber verschiedene Backenformen, um sich an jede Anwendung anzupassen.","robots":{"index":"index","follow":"follow","max-snippet":"max-snippet:-1","max-image-preview":"max-image-preview:large","max-video-preview":"max-video-preview:-1"},"canonical":"https:\/\/www.credimex.ch\/de\/produkt\/phd-automation-greifer\/","og_locale":"de_DE","og_type":"article","og_title":"PHD Automation Greifer","og_description":"PHD-Automatisierungsgreifer sind f\u00fcr Innen- und Aussengreifer erh\u00e4ltlich und verf\u00fcgen \u00fcber verschiedene Backenformen, um sich an jede Anwendung anzupassen.","og_url":"https:\/\/www.credimex.ch\/de\/produkt\/phd-automation-greifer\/","og_site_name":"CREDIMEX","article_publisher":"https:\/\/www.facebook.com\/credimex.alpnach\/","article_modified_time":"2023-06-26T15:30:30+00:00","og_image":[{"width":670,"height":352,"url":"https:\/\/www.credimex.ch\/wp-content\/uploads\/2022\/07\/MAGGRIPPER.png","type":"image\/png"}],"twitter_card":"summary_large_image","twitter_misc":{"Gesch\u00e4tzte Lesezeit":"3\u00a0Minuten"},"schema":{"@context":"https:\/\/schema.org","@graph":[{"@type":"WebPage","@id":"https:\/\/www.credimex.ch\/de\/produkt\/phd-automation-greifer\/","url":"https:\/\/www.credimex.ch\/de\/produkt\/phd-automation-greifer\/","name":"PHD Automation Greifer - CREDIMEX","isPartOf":{"@id":"https:\/\/www.credimex.ch\/de\/#website"},"primaryImageOfPage":{"@id":"https:\/\/www.credimex.ch\/de\/produkt\/phd-automation-greifer\/#primaryimage"},"image":{"@id":"https:\/\/www.credimex.ch\/de\/produkt\/phd-automation-greifer\/#primaryimage"},"thumbnailUrl":"https:\/\/www.credimex.ch\/wp-content\/uploads\/2022\/07\/MAGGRIPPER.png","datePublished":"2022-07-07T08:51:22+00:00","dateModified":"2023-06-26T15:30:30+00:00","description":"PHD-Automatisierungsgreifer sind f\u00fcr Innen- und Aussengreifer erh\u00e4ltlich und verf\u00fcgen \u00fcber verschiedene Backenformen, um sich an jede Anwendung anzupassen.","breadcrumb":{"@id":"https:\/\/www.credimex.ch\/de\/produkt\/phd-automation-greifer\/#breadcrumb"},"inLanguage":"de","potentialAction":[{"@type":"ReadAction","target":["https:\/\/www.credimex.ch\/de\/produkt\/phd-automation-greifer\/"]}]},{"@type":"ImageObject","inLanguage":"de","@id":"https:\/\/www.credimex.ch\/de\/produkt\/phd-automation-greifer\/#primaryimage","url":"https:\/\/www.credimex.ch\/wp-content\/uploads\/2022\/07\/MAGGRIPPER.png","contentUrl":"https:\/\/www.credimex.ch\/wp-content\/uploads\/2022\/07\/MAGGRIPPER.png","width":670,"height":352},{"@type":"BreadcrumbList","@id":"https:\/\/www.credimex.ch\/de\/produkt\/phd-automation-greifer\/#breadcrumb","itemListElement":[{"@type":"ListItem","position":1,"name":"Home","item":"https:\/\/www.credimex.ch\/de\/"},{"@type":"ListItem","position":2,"name":"Produkte","item":"https:\/\/www.credimex.ch\/de\/produkte\/"},{"@type":"ListItem","position":3,"name":"PHD Automation Greifer"}]},{"@type":"WebSite","@id":"https:\/\/www.credimex.ch\/de\/#website","url":"https:\/\/www.credimex.ch\/de\/","name":"CREDIMEX","description":"Partner of Swiss Industrial Market","publisher":{"@id":"https:\/\/www.credimex.ch\/de\/#organization"},"potentialAction":[{"@type":"SearchAction","target":{"@type":"EntryPoint","urlTemplate":"https:\/\/www.credimex.ch\/de\/?s={search_term_string}"},"query-input":{"@type":"PropertyValueSpecification","valueRequired":true,"valueName":"search_term_string"}}],"inLanguage":"de"},{"@type":"Organization","@id":"https:\/\/www.credimex.ch\/de\/#organization","name":"credimex","url":"https:\/\/www.credimex.ch\/de\/","logo":{"@type":"ImageObject","inLanguage":"de","@id":"https:\/\/www.credimex.ch\/de\/#\/schema\/logo\/image\/","url":"https:\/\/www.credimex.ch\/wp-content\/uploads\/2022\/03\/cropped-logo-credimex.png","contentUrl":"https:\/\/www.credimex.ch\/wp-content\/uploads\/2022\/03\/cropped-logo-credimex.png","width":512,"height":512,"caption":"credimex"},"image":{"@id":"https:\/\/www.credimex.ch\/de\/#\/schema\/logo\/image\/"},"sameAs":["https:\/\/www.facebook.com\/credimex.alpnach\/","https:\/\/www.linkedin.com\/company\/credimex\/","https:\/\/www.youtube.com\/@CREDIMEX?sub_confirmation=1"]}]}},"_links":{"self":[{"href":"https:\/\/www.credimex.ch\/de\/wp-json\/wp\/v2\/product\/4063","targetHints":{"allow":["GET"]}}],"collection":[{"href":"https:\/\/www.credimex.ch\/de\/wp-json\/wp\/v2\/product"}],"about":[{"href":"https:\/\/www.credimex.ch\/de\/wp-json\/wp\/v2\/types\/product"}],"replies":[{"embeddable":true,"href":"https:\/\/www.credimex.ch\/de\/wp-json\/wp\/v2\/comments?post=4063"}],"wp:featuredmedia":[{"embeddable":true,"href":"https:\/\/www.credimex.ch\/de\/wp-json\/wp\/v2\/media\/3429"}],"wp:attachment":[{"href":"https:\/\/www.credimex.ch\/de\/wp-json\/wp\/v2\/media?parent=4063"}],"wp:term":[{"taxonomy":"product_brand","embeddable":true,"href":"https:\/\/www.credimex.ch\/de\/wp-json\/wp\/v2\/product_brand?post=4063"},{"taxonomy":"product_cat","embeddable":true,"href":"https:\/\/www.credimex.ch\/de\/wp-json\/wp\/v2\/product_cat?post=4063"},{"taxonomy":"product_tag","embeddable":true,"href":"https:\/\/www.credimex.ch\/de\/wp-json\/wp\/v2\/product_tag?post=4063"}],"curies":[{"name":"wp","href":"https:\/\/api.w.org\/{rel}","templated":true}]}}