{"id":4065,"date":"2022-07-07T10:43:04","date_gmt":"2022-07-07T08:43:04","guid":{"rendered":"https:\/\/www.credimex.ch.mialias.net\/product\/phd-automation-klemmen\/"},"modified":"2023-06-26T17:35:24","modified_gmt":"2023-06-26T15:35:24","slug":"phd-automation-klemmen","status":"publish","type":"product","link":"https:\/\/www.credimex.ch\/de\/produkt\/phd-automation-klemmen\/","title":{"rendered":"PHD Automation Klemmen"},"content":{"rendered":"<h2>Beschreibung<\/h2>\n<p>Die Klemmen von PHD Automation umfassen die folgenden Serien:<\/p>\n<ul>\n<li>Die <b>pneumatischen Spannzeuge der Serie GRM, Gr\u00f6sse 0<\/b>, sind kompakt und leicht und bieten die h\u00f6chste Spannkraft f\u00fcr ihre Gr\u00f6sse.<\/li>\n<li>Die <b>pneumatischen Miniatur-Werkzeugspanner der Serie GRM1<\/b> sind leichte Ger\u00e4te mit hoher Spannkraft und zeichnen sich durch ein kosteng\u00fcnstiges Design aus.<\/li>\n<li>Die <b>pneumatischen Spannzeuge der Serie GRM<\/b> sind ideal f\u00fcr das Spannen von Blechen und zeichnen sich durch eine einfache Konstruktion, hohe Spannkraft und Langlebigkeit aus.<\/li>\n<li>Die <b>pneumatischen Spannzeuge der Serie GRM<\/b> sind ideal f\u00fcr das Spannen von Blechen und zeichnen sich durch eine einfache Konstruktion, hohe Spannkraft und Langlebigkeit aus.<\/li>\n<li>Die <b>modularen pneumatischen Stiftklemmen der Serie PLK<\/b> zeichnen sich durch eine hohe Klemmkraft bei geringem Gewicht aus und werden h\u00e4ufig als Endeffektor eines Roboterarms eingesetzt.<\/li>\n<li>Die <b>vielseitig einsetzbaren pneumatischen Stiftklemmen der Serie PLKD<\/b> verf\u00fcgen \u00fcber einen vollst\u00e4ndig geschlossenen Stift, der sich komplett zur\u00fcckziehen l\u00e4sst, um das Entfernen der Platte zu erleichtern.<\/li>\n<li>Die <b>robusten pneumatischen Bolzenklemmen der Serie PLC<\/b> zeichnen sich durch eine hohe Klemmkraft und eine Konstruktion aus, die grosse Teile klemmen kann.<\/li>\n<li>Die <b>pneumatischen Rahmenspanner der Serie PFC<\/b> zeichnen sich durch eine robuste Nockenkonstruktion aus, die eine konstante Spannkraft von bis zu 11.250 Pfund \u00fcber ein breites Leistungsfenster bietet.<\/li>\n<li>Die <b>pneumatischen Power Clamps der Serie PEC<\/b> verf\u00fcgen \u00fcber ein \u00fcberlegenes Nocken-\/Rollenantriebssystem im Vergleich zu den von Wettbewerbern verwendeten Kniehebelmechanismen.<\/li>\n<li>Die <b>pneumatischen Schwenkspanner der Serie PA<\/b> zeichnen sich durch eine einfache Konstruktion, geringe Gr\u00f6sse, hohe Spannkraft und lange Lebensdauer aus.<\/li>\n<li>Die <b>vielseitigen pneumatischen Schwenkspanner der Serie PB<\/b> bieten Optionen f\u00fcr lange oder kurze H\u00fcbe sowie passende Befestigungsmuster als Drop-in-Ersatz.<\/li>\n<li>Die <b>pneumatischen Kennzeichnungsklammern der Serie PNC<\/b>, auch bekannt als Number Cruncher\u00ae Clamp, verf\u00fcgen \u00fcber eine hohe Klemmkraft zum Stempeln von Zeichen in gezogenem Qualit\u00e4tsstahl.<\/li>\n<li>Die <b>pneumatischen St\u00f6sselantriebe der Serie PSP<\/b> zeichnen sich durch eine kurze Baul\u00e4nge, eine hohe St\u00f6sselpaketgenauigkeit und die beste Wiederholgenauigkeit ihrer Klasse aus.<\/li>\n<\/ul>\n<p><img fetchpriority=\"high\" decoding=\"async\" class=\"alignnone size-full wp-image-1483\" src=\"https:\/\/www.credimex.ch\/wp-content\/uploads\/2022\/07\/PLC_Clamp.png\" alt=\"\" width=\"670\" height=\"352\" srcset=\"https:\/\/www.credimex.ch\/wp-content\/uploads\/2022\/07\/PLC_Clamp.png 670w, https:\/\/www.credimex.ch\/wp-content\/uploads\/2022\/07\/PLC_Clamp-300x158.png 300w, https:\/\/www.credimex.ch\/wp-content\/uploads\/2022\/07\/PLC_Clamp-600x315.png 600w\" sizes=\"(max-width: 670px) 100vw, 670px\" \/><\/p>\n<h2>Produktvorteile<\/h2>\n<p>Klemmen von PHD bieten niedrige Betriebskosten, aussergew\u00f6hnliche Flexibilit\u00e4t und un\u00fcbertroffene Robustheit. Die pneumatischen Klemmen von PHD und ihre elektrischen Varianten sind f\u00fcr den Einsatz beim automatisierten Blechstanzen in Transferpressen, beim Schweissen, bei der Metallumformung und bei Montageanwendungen bestimmt. PHD bietet viele Arten, Gr\u00f6ssen und Optionen von pneumatischen Hochleistungsklemmger\u00e4ten, einschliesslich 2-Backen-Klemmen, Kniehebel-, Schwenk- und Bolzenklemmen sowie Werkzeugheber f\u00fcr Blechbearbeitungsger\u00e4te. PHD-Pneumatikspanner sind ideal f\u00fcr alle druckluftbet\u00e4tigten L\u00f6sungen zum Halten von Werkst\u00fccken und zum Transfer von Teilen.<\/p>\n<p><img decoding=\"async\" class=\"alignnone size-full wp-image-1482\" src=\"https:\/\/www.credimex.ch\/wp-content\/uploads\/2022\/07\/PEC_Clamp.png\" alt=\"\" width=\"670\" height=\"352\" srcset=\"https:\/\/www.credimex.ch\/wp-content\/uploads\/2022\/07\/PEC_Clamp.png 670w, https:\/\/www.credimex.ch\/wp-content\/uploads\/2022\/07\/PEC_Clamp-300x158.png 300w, https:\/\/www.credimex.ch\/wp-content\/uploads\/2022\/07\/PEC_Clamp-600x315.png 600w\" sizes=\"(max-width: 670px) 100vw, 670px\" \/><\/p>\n<h2>Anwendung<\/h2>\n<p>PHD-Automatisierungsklemmen k\u00f6nnen in einer Vielzahl von Branchen eingesetzt werden, von der Medizin- und Automobilindustrie bis zur Lebensmittel- und Verpackungsindustrie.<\/p>\n","protected":false},"excerpt":{"rendered":"<p><strong>PHD-Automatisierungsklemmen<\/strong> bieten niedrige Betriebskosten, aussergew\u00f6hnliche Flexibilit\u00e4t und un\u00fcbertroffene Robustheit.<\/p>\n","protected":false},"featured_media":3423,"comment_status":"open","ping_status":"closed","template":"","meta":{"_acf_changed":false},"product_brand":[],"product_cat":[369,351,419,380,379,417,390,370,352,420,613,614,592,418,478],"product_tag":[],"class_list":{"0":"post-4065","1":"product","2":"type-product","3":"status-publish","4":"has-post-thumbnail","6":"product_cat-allgemeine-industrie","7":"product_cat-automobilindustrie","8":"product_cat-batterien","9":"product_cat-e-mobilitat","10":"product_cat-eisenbahn","11":"product_cat-elektronik","12":"product_cat-energie","13":"product_cat-lebensmittelindustrie","14":"product_cat-luft-und-raumfahrtindustrie","15":"product_cat-medizinal-industrie","16":"product_cat-phd-de","17":"product_cat-phd-pneumatische-aktuatoren","18":"product_cat-pneumatik","19":"product_cat-seilbahnen","20":"product_cat-uhrenherstellung","21":"pa_brands-phd-de","23":"first","24":"instock","25":"shipping-taxable","26":"product-type-simple"},"acf":[],"_yoast_wpseo_focuskw":"PHD Automation Klemmen","_yoast_wpseo_metadesc":"PHD-Automatisierungsklemmen bieten niedrige Betriebskosten, aussergew\u00f6hnliche Flexibilit\u00e4t und un\u00fcbertroffene Robustheit.","yoast_head":"<!-- This site is optimized with the Yoast SEO Premium plugin v21.6 (Yoast SEO v27.4) - https:\/\/yoast.com\/product\/yoast-seo-premium-wordpress\/ -->\n<title>PHD Automation Klemmen - CREDIMEX<\/title>\n<meta name=\"description\" content=\"PHD-Automatisierungsklemmen bieten niedrige Betriebskosten, aussergew\u00f6hnliche Flexibilit\u00e4t und un\u00fcbertroffene Robustheit.\" \/>\n<meta name=\"robots\" content=\"index, follow, max-snippet:-1, max-image-preview:large, max-video-preview:-1\" \/>\n<link rel=\"canonical\" href=\"https:\/\/www.credimex.ch\/de\/produkt\/phd-automation-klemmen\/\" \/>\n<meta property=\"og:locale\" content=\"de_DE\" \/>\n<meta property=\"og:type\" content=\"article\" \/>\n<meta property=\"og:title\" content=\"PHD Automation Klemmen\" \/>\n<meta property=\"og:description\" content=\"PHD-Automatisierungsklemmen bieten niedrige Betriebskosten, aussergew\u00f6hnliche Flexibilit\u00e4t und un\u00fcbertroffene Robustheit.\" \/>\n<meta property=\"og:url\" content=\"https:\/\/www.credimex.ch\/de\/produkt\/phd-automation-klemmen\/\" \/>\n<meta property=\"og:site_name\" content=\"CREDIMEX\" \/>\n<meta property=\"article:publisher\" content=\"https:\/\/www.facebook.com\/credimex.alpnach\/\" \/>\n<meta property=\"article:modified_time\" content=\"2023-06-26T15:35:24+00:00\" \/>\n<meta property=\"og:image\" content=\"https:\/\/www.credimex.ch\/wp-content\/uploads\/2022\/07\/GRM1_Clamp.png\" \/>\n\t<meta property=\"og:image:width\" content=\"670\" \/>\n\t<meta property=\"og:image:height\" content=\"352\" \/>\n\t<meta property=\"og:image:type\" content=\"image\/png\" \/>\n<meta name=\"twitter:card\" content=\"summary_large_image\" \/>\n<meta name=\"twitter:label1\" content=\"Gesch\u00e4tzte Lesezeit\" \/>\n\t<meta name=\"twitter:data1\" content=\"2\u00a0Minuten\" \/>\n<script type=\"application\/ld+json\" class=\"yoast-schema-graph\">{\"@context\":\"https:\\\/\\\/schema.org\",\"@graph\":[{\"@type\":\"WebPage\",\"@id\":\"https:\\\/\\\/www.credimex.ch\\\/de\\\/produkt\\\/phd-automation-klemmen\\\/\",\"url\":\"https:\\\/\\\/www.credimex.ch\\\/de\\\/produkt\\\/phd-automation-klemmen\\\/\",\"name\":\"PHD Automation Klemmen - CREDIMEX\",\"isPartOf\":{\"@id\":\"https:\\\/\\\/www.credimex.ch\\\/de\\\/#website\"},\"primaryImageOfPage\":{\"@id\":\"https:\\\/\\\/www.credimex.ch\\\/de\\\/produkt\\\/phd-automation-klemmen\\\/#primaryimage\"},\"image\":{\"@id\":\"https:\\\/\\\/www.credimex.ch\\\/de\\\/produkt\\\/phd-automation-klemmen\\\/#primaryimage\"},\"thumbnailUrl\":\"https:\\\/\\\/www.credimex.ch\\\/wp-content\\\/uploads\\\/2022\\\/07\\\/GRM1_Clamp.png\",\"datePublished\":\"2022-07-07T08:43:04+00:00\",\"dateModified\":\"2023-06-26T15:35:24+00:00\",\"description\":\"PHD-Automatisierungsklemmen bieten niedrige Betriebskosten, aussergew\u00f6hnliche Flexibilit\u00e4t und un\u00fcbertroffene Robustheit.\",\"breadcrumb\":{\"@id\":\"https:\\\/\\\/www.credimex.ch\\\/de\\\/produkt\\\/phd-automation-klemmen\\\/#breadcrumb\"},\"inLanguage\":\"de\",\"potentialAction\":[{\"@type\":\"ReadAction\",\"target\":[\"https:\\\/\\\/www.credimex.ch\\\/de\\\/produkt\\\/phd-automation-klemmen\\\/\"]}]},{\"@type\":\"ImageObject\",\"inLanguage\":\"de\",\"@id\":\"https:\\\/\\\/www.credimex.ch\\\/de\\\/produkt\\\/phd-automation-klemmen\\\/#primaryimage\",\"url\":\"https:\\\/\\\/www.credimex.ch\\\/wp-content\\\/uploads\\\/2022\\\/07\\\/GRM1_Clamp.png\",\"contentUrl\":\"https:\\\/\\\/www.credimex.ch\\\/wp-content\\\/uploads\\\/2022\\\/07\\\/GRM1_Clamp.png\",\"width\":670,\"height\":352},{\"@type\":\"BreadcrumbList\",\"@id\":\"https:\\\/\\\/www.credimex.ch\\\/de\\\/produkt\\\/phd-automation-klemmen\\\/#breadcrumb\",\"itemListElement\":[{\"@type\":\"ListItem\",\"position\":1,\"name\":\"Home\",\"item\":\"https:\\\/\\\/www.credimex.ch\\\/de\\\/\"},{\"@type\":\"ListItem\",\"position\":2,\"name\":\"Produkte\",\"item\":\"https:\\\/\\\/www.credimex.ch\\\/de\\\/produkte\\\/\"},{\"@type\":\"ListItem\",\"position\":3,\"name\":\"PHD Automation Klemmen\"}]},{\"@type\":\"WebSite\",\"@id\":\"https:\\\/\\\/www.credimex.ch\\\/de\\\/#website\",\"url\":\"https:\\\/\\\/www.credimex.ch\\\/de\\\/\",\"name\":\"CREDIMEX\",\"description\":\"Partner of Swiss Industrial Market\",\"publisher\":{\"@id\":\"https:\\\/\\\/www.credimex.ch\\\/de\\\/#organization\"},\"potentialAction\":[{\"@type\":\"SearchAction\",\"target\":{\"@type\":\"EntryPoint\",\"urlTemplate\":\"https:\\\/\\\/www.credimex.ch\\\/de\\\/?s={search_term_string}\"},\"query-input\":{\"@type\":\"PropertyValueSpecification\",\"valueRequired\":true,\"valueName\":\"search_term_string\"}}],\"inLanguage\":\"de\"},{\"@type\":\"Organization\",\"@id\":\"https:\\\/\\\/www.credimex.ch\\\/de\\\/#organization\",\"name\":\"credimex\",\"url\":\"https:\\\/\\\/www.credimex.ch\\\/de\\\/\",\"logo\":{\"@type\":\"ImageObject\",\"inLanguage\":\"de\",\"@id\":\"https:\\\/\\\/www.credimex.ch\\\/de\\\/#\\\/schema\\\/logo\\\/image\\\/\",\"url\":\"https:\\\/\\\/www.credimex.ch\\\/wp-content\\\/uploads\\\/2022\\\/03\\\/cropped-logo-credimex.png\",\"contentUrl\":\"https:\\\/\\\/www.credimex.ch\\\/wp-content\\\/uploads\\\/2022\\\/03\\\/cropped-logo-credimex.png\",\"width\":512,\"height\":512,\"caption\":\"credimex\"},\"image\":{\"@id\":\"https:\\\/\\\/www.credimex.ch\\\/de\\\/#\\\/schema\\\/logo\\\/image\\\/\"},\"sameAs\":[\"https:\\\/\\\/www.facebook.com\\\/credimex.alpnach\\\/\",\"https:\\\/\\\/www.linkedin.com\\\/company\\\/credimex\\\/\",\"https:\\\/\\\/www.youtube.com\\\/@CREDIMEX?sub_confirmation=1\"]}]}<\/script>\n<!-- \/ Yoast SEO Premium plugin. -->","yoast_head_json":{"title":"PHD Automation Klemmen - CREDIMEX","description":"PHD-Automatisierungsklemmen bieten niedrige Betriebskosten, aussergew\u00f6hnliche Flexibilit\u00e4t und un\u00fcbertroffene Robustheit.","robots":{"index":"index","follow":"follow","max-snippet":"max-snippet:-1","max-image-preview":"max-image-preview:large","max-video-preview":"max-video-preview:-1"},"canonical":"https:\/\/www.credimex.ch\/de\/produkt\/phd-automation-klemmen\/","og_locale":"de_DE","og_type":"article","og_title":"PHD Automation Klemmen","og_description":"PHD-Automatisierungsklemmen bieten niedrige Betriebskosten, aussergew\u00f6hnliche Flexibilit\u00e4t und un\u00fcbertroffene Robustheit.","og_url":"https:\/\/www.credimex.ch\/de\/produkt\/phd-automation-klemmen\/","og_site_name":"CREDIMEX","article_publisher":"https:\/\/www.facebook.com\/credimex.alpnach\/","article_modified_time":"2023-06-26T15:35:24+00:00","og_image":[{"width":670,"height":352,"url":"https:\/\/www.credimex.ch\/wp-content\/uploads\/2022\/07\/GRM1_Clamp.png","type":"image\/png"}],"twitter_card":"summary_large_image","twitter_misc":{"Gesch\u00e4tzte Lesezeit":"2\u00a0Minuten"},"schema":{"@context":"https:\/\/schema.org","@graph":[{"@type":"WebPage","@id":"https:\/\/www.credimex.ch\/de\/produkt\/phd-automation-klemmen\/","url":"https:\/\/www.credimex.ch\/de\/produkt\/phd-automation-klemmen\/","name":"PHD Automation Klemmen - CREDIMEX","isPartOf":{"@id":"https:\/\/www.credimex.ch\/de\/#website"},"primaryImageOfPage":{"@id":"https:\/\/www.credimex.ch\/de\/produkt\/phd-automation-klemmen\/#primaryimage"},"image":{"@id":"https:\/\/www.credimex.ch\/de\/produkt\/phd-automation-klemmen\/#primaryimage"},"thumbnailUrl":"https:\/\/www.credimex.ch\/wp-content\/uploads\/2022\/07\/GRM1_Clamp.png","datePublished":"2022-07-07T08:43:04+00:00","dateModified":"2023-06-26T15:35:24+00:00","description":"PHD-Automatisierungsklemmen bieten niedrige Betriebskosten, aussergew\u00f6hnliche Flexibilit\u00e4t und un\u00fcbertroffene Robustheit.","breadcrumb":{"@id":"https:\/\/www.credimex.ch\/de\/produkt\/phd-automation-klemmen\/#breadcrumb"},"inLanguage":"de","potentialAction":[{"@type":"ReadAction","target":["https:\/\/www.credimex.ch\/de\/produkt\/phd-automation-klemmen\/"]}]},{"@type":"ImageObject","inLanguage":"de","@id":"https:\/\/www.credimex.ch\/de\/produkt\/phd-automation-klemmen\/#primaryimage","url":"https:\/\/www.credimex.ch\/wp-content\/uploads\/2022\/07\/GRM1_Clamp.png","contentUrl":"https:\/\/www.credimex.ch\/wp-content\/uploads\/2022\/07\/GRM1_Clamp.png","width":670,"height":352},{"@type":"BreadcrumbList","@id":"https:\/\/www.credimex.ch\/de\/produkt\/phd-automation-klemmen\/#breadcrumb","itemListElement":[{"@type":"ListItem","position":1,"name":"Home","item":"https:\/\/www.credimex.ch\/de\/"},{"@type":"ListItem","position":2,"name":"Produkte","item":"https:\/\/www.credimex.ch\/de\/produkte\/"},{"@type":"ListItem","position":3,"name":"PHD Automation Klemmen"}]},{"@type":"WebSite","@id":"https:\/\/www.credimex.ch\/de\/#website","url":"https:\/\/www.credimex.ch\/de\/","name":"CREDIMEX","description":"Partner of Swiss Industrial Market","publisher":{"@id":"https:\/\/www.credimex.ch\/de\/#organization"},"potentialAction":[{"@type":"SearchAction","target":{"@type":"EntryPoint","urlTemplate":"https:\/\/www.credimex.ch\/de\/?s={search_term_string}"},"query-input":{"@type":"PropertyValueSpecification","valueRequired":true,"valueName":"search_term_string"}}],"inLanguage":"de"},{"@type":"Organization","@id":"https:\/\/www.credimex.ch\/de\/#organization","name":"credimex","url":"https:\/\/www.credimex.ch\/de\/","logo":{"@type":"ImageObject","inLanguage":"de","@id":"https:\/\/www.credimex.ch\/de\/#\/schema\/logo\/image\/","url":"https:\/\/www.credimex.ch\/wp-content\/uploads\/2022\/03\/cropped-logo-credimex.png","contentUrl":"https:\/\/www.credimex.ch\/wp-content\/uploads\/2022\/03\/cropped-logo-credimex.png","width":512,"height":512,"caption":"credimex"},"image":{"@id":"https:\/\/www.credimex.ch\/de\/#\/schema\/logo\/image\/"},"sameAs":["https:\/\/www.facebook.com\/credimex.alpnach\/","https:\/\/www.linkedin.com\/company\/credimex\/","https:\/\/www.youtube.com\/@CREDIMEX?sub_confirmation=1"]}]}},"_links":{"self":[{"href":"https:\/\/www.credimex.ch\/de\/wp-json\/wp\/v2\/product\/4065","targetHints":{"allow":["GET"]}}],"collection":[{"href":"https:\/\/www.credimex.ch\/de\/wp-json\/wp\/v2\/product"}],"about":[{"href":"https:\/\/www.credimex.ch\/de\/wp-json\/wp\/v2\/types\/product"}],"replies":[{"embeddable":true,"href":"https:\/\/www.credimex.ch\/de\/wp-json\/wp\/v2\/comments?post=4065"}],"wp:featuredmedia":[{"embeddable":true,"href":"https:\/\/www.credimex.ch\/de\/wp-json\/wp\/v2\/media\/3423"}],"wp:attachment":[{"href":"https:\/\/www.credimex.ch\/de\/wp-json\/wp\/v2\/media?parent=4065"}],"wp:term":[{"taxonomy":"product_brand","embeddable":true,"href":"https:\/\/www.credimex.ch\/de\/wp-json\/wp\/v2\/product_brand?post=4065"},{"taxonomy":"product_cat","embeddable":true,"href":"https:\/\/www.credimex.ch\/de\/wp-json\/wp\/v2\/product_cat?post=4065"},{"taxonomy":"product_tag","embeddable":true,"href":"https:\/\/www.credimex.ch\/de\/wp-json\/wp\/v2\/product_tag?post=4065"}],"curies":[{"name":"wp","href":"https:\/\/api.w.org\/{rel}","templated":true}]}}