{"id":4069,"date":"2022-07-07T10:16:10","date_gmt":"2022-07-07T08:16:10","guid":{"rendered":"https:\/\/www.credimex.ch.mialias.net\/product\/phd-automation-zylinder\/"},"modified":"2023-06-26T17:39:44","modified_gmt":"2023-06-26T15:39:44","slug":"phd-automation-zylinder","status":"publish","type":"product","link":"https:\/\/www.credimex.ch\/de\/produkt\/phd-automation-zylinder\/","title":{"rendered":"PHD Automation Zylinder"},"content":{"rendered":"<h2>Beschreibung<\/h2>\n<p>Zu den Zylindern von PHD Automation geh\u00f6ren die folgenden Serien:<\/p>\n<ul>\n<li><b>Pneumatische ISO-Zylinder der Serie CV:<\/b> Voll ausgestattete, ISO- und VDMA-genormte Linearantriebe f\u00fcr \u00fcberragende Leistungen.<\/li>\n<li><b>Pneumatische Kompaktzylinder der Serie CRS<\/b>: kompaktes Design f\u00fcr Anwendungen, bei denen die Zylinderl\u00e4nge kritisch ist.<\/li>\n<li><b>Gef\u00fchrte pneumatische Kompaktzylinder der Serie CTS:<\/b> eine nicht drehende Konstruktion mit kurzer Zylinderl\u00e4nge.<\/li>\n<li><b>Der pneumatische Kompaktzylinder der PHD Optimax\u00ae Serie OCQ:<\/b> ein kompaktes Design f\u00fcr Anwendungen, bei denen die Zylinderl\u00e4nge entscheidend ist.<\/li>\n<li><b>Elektrozylinder der Serie ECV mit Kugelgewindetrieb und Leitspindel:<\/b> elektrische Stangenantriebe mit ISO- und VDMA-Befestigungsschnittstellen in den Ausf\u00fchrungen mit Kugelgewindetrieb oder Leitspindel.<\/li>\n<li><b>Die PHD Optimax\u00ae Serie OCV ISO-Luftzylinder:<\/b> extrem vielseitig und wirtschaftlich f\u00fcr den Einsatz in jeder Branche konzipiert.<\/li>\n<li><b>Die PHD Optimax\u00ae Serie OCG mit rundem Geh\u00e4use<\/b> ist ein extrem vielseitiger und wirtschaftlicher <b>Pneumatikzylinder<\/b> f\u00fcr den Einsatz in jeder Branche.<\/li>\n<li><b>Elektrische IP69K-Zylinder der PHD Plus\u00ae-Serie ECP:<\/b> Erh\u00e4ltlich als Kugelumlaufspindel oder Leitspindel (Polymermutter), die eine breite Palette von Funktionen f\u00fcr hohe Schubkraft oder hohe Geschwindigkeit bieten.<\/li>\n<li>Die <b>hydraulischen und pneumatischen NFPA-Zylinder der Serien A, AV und HV mit Zugstange<\/b>, auch bekannt als Tom Thumb\u00ae-Zylinder, sind mit einer Zugstangenkonstruktion ausgestattet und k\u00f6nnen vor Ort repariert werden.<\/li>\n<li>Die <b>hydraulischen und pneumatischen Zugstangenzylinder der Serien AV2, HV2, A2 NFPA<\/b> sind Zylinder der Marke Tom Thumb\u00ae, die im Wesentlichen Back-to-Back-Zylinder sind und gemeinsame Zugstangen verwenden.<\/li>\n<li>Die <b>Hydraulik- und Pneumatikzylinder der Serien A3V, H3V, A3 mit 3 Stellungen<\/b> sind Zylinder der Marke Tom Thumb\u00ae, bei denen zwei Zylinder \u00fcber gemeinsame Zugstangen in Reihe geschaltet sind.<\/li>\n<li>Die <b>Luft-\u00d6l-Tandemzylinder der Serie TD<\/b> sind Zylinder der Marke Tom Thumb\u00ae, die pneumatische und hydraulische Kraft f\u00fcr pr\u00e4zise Geschwindigkeitssteuerung und reibungslosen Betrieb kombinieren.<\/li>\n<\/ul>\n<p><img fetchpriority=\"high\" decoding=\"async\" class=\"alignnone size-full wp-image-1462\" src=\"https:\/\/www.credimex.ch\/wp-content\/uploads\/2022\/07\/OCQ_cylinders.png\" alt=\"\" width=\"670\" height=\"352\" srcset=\"https:\/\/www.credimex.ch\/wp-content\/uploads\/2022\/07\/OCQ_cylinders.png 670w, https:\/\/www.credimex.ch\/wp-content\/uploads\/2022\/07\/OCQ_cylinders-300x158.png 300w, https:\/\/www.credimex.ch\/wp-content\/uploads\/2022\/07\/OCQ_cylinders-600x315.png 600w\" sizes=\"(max-width: 670px) 100vw, 670px\" \/><\/p>\n<h2>Produktvorteile<\/h2>\n<p>Pneumatische, hydraulische und elektrische Zylinder werden in einer Vielzahl von Ausf\u00fchrungen, Gr\u00f6ssen und Optionen f\u00fcr automatisierte Fertigungs-, Verpackungs- und Montageanwendungen und mehr angeboten. Diese Zylinder reichen von Tom Thumb\u00ae Pneumatikzylindern, die f\u00fcr ihre Langlebigkeit und Vielseitigkeit bekannt sind, bis hin zu robusten Kompaktzylindern, wenn der Platzbedarf eine Rolle spielt. PHD bietet auch die branchen\u00fcblichen ISO-Pneumatikzylinder der Serie CV an, die f\u00fcr lange Verfahrwege und eine lange Lebensdauer ausgelegt sind, sowie die Elektrozylinder der Serie ECV mit Kugelumlaufspindeln, die verschiedene Anforderungen der Industrie erf\u00fcllen.<\/p>\n<p><img decoding=\"async\" class=\"alignnone size-full wp-image-1461\" src=\"https:\/\/www.credimex.ch\/wp-content\/uploads\/2022\/07\/A_AV_HV_Cyl.png\" alt=\"\" width=\"670\" height=\"352\" srcset=\"https:\/\/www.credimex.ch\/wp-content\/uploads\/2022\/07\/A_AV_HV_Cyl.png 670w, https:\/\/www.credimex.ch\/wp-content\/uploads\/2022\/07\/A_AV_HV_Cyl-300x158.png 300w, https:\/\/www.credimex.ch\/wp-content\/uploads\/2022\/07\/A_AV_HV_Cyl-600x315.png 600w\" sizes=\"(max-width: 670px) 100vw, 670px\" \/><\/p>\n<h2>Anwendung<\/h2>\n<p>Die Automatisierungszylinder von PHD k\u00f6nnen in einer Vielzahl von Branchen eingesetzt werden, von der Medizin- und Automobilindustrie bis hin zur Lebensmittel- und Verpackungsindustrie.<\/p>\n","protected":false},"excerpt":{"rendered":"<p>Zu den <strong>Automatisierungszylindern von PHD<\/strong> geh\u00f6ren pneumatische, hydraulische und elektrische Zylinder f\u00fcr automatisierte Fertigungs-, Verpackungs- und Montageanwendungen und vieles mehr.<\/p>\n","protected":false},"featured_media":3411,"comment_status":"open","ping_status":"closed","template":"","meta":{"_acf_changed":false},"product_brand":[],"product_cat":[369,351,419,380,379,417,390,370,352,420,613,614,592,418,478],"product_tag":[],"class_list":{"0":"post-4069","1":"product","2":"type-product","3":"status-publish","4":"has-post-thumbnail","6":"product_cat-allgemeine-industrie","7":"product_cat-automobilindustrie","8":"product_cat-batterien","9":"product_cat-e-mobilitat","10":"product_cat-eisenbahn","11":"product_cat-elektronik","12":"product_cat-energie","13":"product_cat-lebensmittelindustrie","14":"product_cat-luft-und-raumfahrtindustrie","15":"product_cat-medizinal-industrie","16":"product_cat-phd-de","17":"product_cat-phd-pneumatische-aktuatoren","18":"product_cat-pneumatik","19":"product_cat-seilbahnen","20":"product_cat-uhrenherstellung","21":"pa_brands-phd-de","23":"first","24":"instock","25":"shipping-taxable","26":"product-type-simple"},"acf":[],"_yoast_wpseo_focuskw":"PHD Automation-Zylinder","_yoast_wpseo_metadesc":"Zu den Automatisierungszylindern von PHD geh\u00f6ren pneumatische, hydraulische und elektrische Zylinder f\u00fcr Fertigungs-, Verpackungs- und Montageanwendungen und vieles mehr.","yoast_head":"<!-- This site is optimized with the Yoast SEO Premium plugin v21.6 (Yoast SEO v27.4) - https:\/\/yoast.com\/product\/yoast-seo-premium-wordpress\/ -->\n<title>PHD Automation Zylinder - CREDIMEX<\/title>\n<meta name=\"description\" content=\"Zu den Automatisierungszylindern von PHD geh\u00f6ren pneumatische, hydraulische und elektrische Zylinder f\u00fcr Fertigungs-, Verpackungs- und Montageanwendungen und vieles mehr.\" \/>\n<meta name=\"robots\" content=\"index, follow, max-snippet:-1, max-image-preview:large, max-video-preview:-1\" \/>\n<link rel=\"canonical\" href=\"https:\/\/www.credimex.ch\/de\/produkt\/phd-automation-zylinder\/\" \/>\n<meta property=\"og:locale\" content=\"de_DE\" \/>\n<meta property=\"og:type\" content=\"article\" \/>\n<meta property=\"og:title\" content=\"PHD Automation Zylinder\" \/>\n<meta property=\"og:description\" content=\"Zu den Automatisierungszylindern von PHD geh\u00f6ren pneumatische, hydraulische und elektrische Zylinder f\u00fcr Fertigungs-, Verpackungs- und Montageanwendungen und vieles mehr.\" \/>\n<meta property=\"og:url\" content=\"https:\/\/www.credimex.ch\/de\/produkt\/phd-automation-zylinder\/\" \/>\n<meta property=\"og:site_name\" content=\"CREDIMEX\" \/>\n<meta property=\"article:publisher\" content=\"https:\/\/www.facebook.com\/credimex.alpnach\/\" \/>\n<meta property=\"article:modified_time\" content=\"2023-06-26T15:39:44+00:00\" \/>\n<meta property=\"og:image\" content=\"https:\/\/www.credimex.ch\/wp-content\/uploads\/2022\/07\/CV_Cyl.png\" \/>\n\t<meta property=\"og:image:width\" content=\"1549\" \/>\n\t<meta property=\"og:image:height\" content=\"814\" \/>\n\t<meta property=\"og:image:type\" content=\"image\/png\" \/>\n<meta name=\"twitter:card\" content=\"summary_large_image\" \/>\n<meta name=\"twitter:label1\" content=\"Gesch\u00e4tzte Lesezeit\" \/>\n\t<meta name=\"twitter:data1\" content=\"2\u00a0Minuten\" \/>\n<script type=\"application\/ld+json\" class=\"yoast-schema-graph\">{\"@context\":\"https:\\\/\\\/schema.org\",\"@graph\":[{\"@type\":\"WebPage\",\"@id\":\"https:\\\/\\\/www.credimex.ch\\\/de\\\/produkt\\\/phd-automation-zylinder\\\/\",\"url\":\"https:\\\/\\\/www.credimex.ch\\\/de\\\/produkt\\\/phd-automation-zylinder\\\/\",\"name\":\"PHD Automation Zylinder - CREDIMEX\",\"isPartOf\":{\"@id\":\"https:\\\/\\\/www.credimex.ch\\\/de\\\/#website\"},\"primaryImageOfPage\":{\"@id\":\"https:\\\/\\\/www.credimex.ch\\\/de\\\/produkt\\\/phd-automation-zylinder\\\/#primaryimage\"},\"image\":{\"@id\":\"https:\\\/\\\/www.credimex.ch\\\/de\\\/produkt\\\/phd-automation-zylinder\\\/#primaryimage\"},\"thumbnailUrl\":\"https:\\\/\\\/www.credimex.ch\\\/wp-content\\\/uploads\\\/2022\\\/07\\\/CV_Cyl.png\",\"datePublished\":\"2022-07-07T08:16:10+00:00\",\"dateModified\":\"2023-06-26T15:39:44+00:00\",\"description\":\"Zu den Automatisierungszylindern von PHD geh\u00f6ren pneumatische, hydraulische und elektrische Zylinder f\u00fcr Fertigungs-, Verpackungs- und Montageanwendungen und vieles mehr.\",\"breadcrumb\":{\"@id\":\"https:\\\/\\\/www.credimex.ch\\\/de\\\/produkt\\\/phd-automation-zylinder\\\/#breadcrumb\"},\"inLanguage\":\"de\",\"potentialAction\":[{\"@type\":\"ReadAction\",\"target\":[\"https:\\\/\\\/www.credimex.ch\\\/de\\\/produkt\\\/phd-automation-zylinder\\\/\"]}]},{\"@type\":\"ImageObject\",\"inLanguage\":\"de\",\"@id\":\"https:\\\/\\\/www.credimex.ch\\\/de\\\/produkt\\\/phd-automation-zylinder\\\/#primaryimage\",\"url\":\"https:\\\/\\\/www.credimex.ch\\\/wp-content\\\/uploads\\\/2022\\\/07\\\/CV_Cyl.png\",\"contentUrl\":\"https:\\\/\\\/www.credimex.ch\\\/wp-content\\\/uploads\\\/2022\\\/07\\\/CV_Cyl.png\",\"width\":1549,\"height\":814},{\"@type\":\"BreadcrumbList\",\"@id\":\"https:\\\/\\\/www.credimex.ch\\\/de\\\/produkt\\\/phd-automation-zylinder\\\/#breadcrumb\",\"itemListElement\":[{\"@type\":\"ListItem\",\"position\":1,\"name\":\"Home\",\"item\":\"https:\\\/\\\/www.credimex.ch\\\/de\\\/\"},{\"@type\":\"ListItem\",\"position\":2,\"name\":\"Produkte\",\"item\":\"https:\\\/\\\/www.credimex.ch\\\/de\\\/produkte\\\/\"},{\"@type\":\"ListItem\",\"position\":3,\"name\":\"PHD Automation Zylinder\"}]},{\"@type\":\"WebSite\",\"@id\":\"https:\\\/\\\/www.credimex.ch\\\/de\\\/#website\",\"url\":\"https:\\\/\\\/www.credimex.ch\\\/de\\\/\",\"name\":\"CREDIMEX\",\"description\":\"Partner of Swiss Industrial Market\",\"publisher\":{\"@id\":\"https:\\\/\\\/www.credimex.ch\\\/de\\\/#organization\"},\"potentialAction\":[{\"@type\":\"SearchAction\",\"target\":{\"@type\":\"EntryPoint\",\"urlTemplate\":\"https:\\\/\\\/www.credimex.ch\\\/de\\\/?s={search_term_string}\"},\"query-input\":{\"@type\":\"PropertyValueSpecification\",\"valueRequired\":true,\"valueName\":\"search_term_string\"}}],\"inLanguage\":\"de\"},{\"@type\":\"Organization\",\"@id\":\"https:\\\/\\\/www.credimex.ch\\\/de\\\/#organization\",\"name\":\"credimex\",\"url\":\"https:\\\/\\\/www.credimex.ch\\\/de\\\/\",\"logo\":{\"@type\":\"ImageObject\",\"inLanguage\":\"de\",\"@id\":\"https:\\\/\\\/www.credimex.ch\\\/de\\\/#\\\/schema\\\/logo\\\/image\\\/\",\"url\":\"https:\\\/\\\/www.credimex.ch\\\/wp-content\\\/uploads\\\/2022\\\/03\\\/cropped-logo-credimex.png\",\"contentUrl\":\"https:\\\/\\\/www.credimex.ch\\\/wp-content\\\/uploads\\\/2022\\\/03\\\/cropped-logo-credimex.png\",\"width\":512,\"height\":512,\"caption\":\"credimex\"},\"image\":{\"@id\":\"https:\\\/\\\/www.credimex.ch\\\/de\\\/#\\\/schema\\\/logo\\\/image\\\/\"},\"sameAs\":[\"https:\\\/\\\/www.facebook.com\\\/credimex.alpnach\\\/\",\"https:\\\/\\\/www.linkedin.com\\\/company\\\/credimex\\\/\",\"https:\\\/\\\/www.youtube.com\\\/@CREDIMEX?sub_confirmation=1\"]}]}<\/script>\n<!-- \/ Yoast SEO Premium plugin. -->","yoast_head_json":{"title":"PHD Automation Zylinder - CREDIMEX","description":"Zu den Automatisierungszylindern von PHD geh\u00f6ren pneumatische, hydraulische und elektrische Zylinder f\u00fcr Fertigungs-, Verpackungs- und Montageanwendungen und vieles mehr.","robots":{"index":"index","follow":"follow","max-snippet":"max-snippet:-1","max-image-preview":"max-image-preview:large","max-video-preview":"max-video-preview:-1"},"canonical":"https:\/\/www.credimex.ch\/de\/produkt\/phd-automation-zylinder\/","og_locale":"de_DE","og_type":"article","og_title":"PHD Automation Zylinder","og_description":"Zu den Automatisierungszylindern von PHD geh\u00f6ren pneumatische, hydraulische und elektrische Zylinder f\u00fcr Fertigungs-, Verpackungs- und Montageanwendungen und vieles mehr.","og_url":"https:\/\/www.credimex.ch\/de\/produkt\/phd-automation-zylinder\/","og_site_name":"CREDIMEX","article_publisher":"https:\/\/www.facebook.com\/credimex.alpnach\/","article_modified_time":"2023-06-26T15:39:44+00:00","og_image":[{"width":1549,"height":814,"url":"https:\/\/www.credimex.ch\/wp-content\/uploads\/2022\/07\/CV_Cyl.png","type":"image\/png"}],"twitter_card":"summary_large_image","twitter_misc":{"Gesch\u00e4tzte Lesezeit":"2\u00a0Minuten"},"schema":{"@context":"https:\/\/schema.org","@graph":[{"@type":"WebPage","@id":"https:\/\/www.credimex.ch\/de\/produkt\/phd-automation-zylinder\/","url":"https:\/\/www.credimex.ch\/de\/produkt\/phd-automation-zylinder\/","name":"PHD Automation Zylinder - CREDIMEX","isPartOf":{"@id":"https:\/\/www.credimex.ch\/de\/#website"},"primaryImageOfPage":{"@id":"https:\/\/www.credimex.ch\/de\/produkt\/phd-automation-zylinder\/#primaryimage"},"image":{"@id":"https:\/\/www.credimex.ch\/de\/produkt\/phd-automation-zylinder\/#primaryimage"},"thumbnailUrl":"https:\/\/www.credimex.ch\/wp-content\/uploads\/2022\/07\/CV_Cyl.png","datePublished":"2022-07-07T08:16:10+00:00","dateModified":"2023-06-26T15:39:44+00:00","description":"Zu den Automatisierungszylindern von PHD geh\u00f6ren pneumatische, hydraulische und elektrische Zylinder f\u00fcr Fertigungs-, Verpackungs- und Montageanwendungen und vieles mehr.","breadcrumb":{"@id":"https:\/\/www.credimex.ch\/de\/produkt\/phd-automation-zylinder\/#breadcrumb"},"inLanguage":"de","potentialAction":[{"@type":"ReadAction","target":["https:\/\/www.credimex.ch\/de\/produkt\/phd-automation-zylinder\/"]}]},{"@type":"ImageObject","inLanguage":"de","@id":"https:\/\/www.credimex.ch\/de\/produkt\/phd-automation-zylinder\/#primaryimage","url":"https:\/\/www.credimex.ch\/wp-content\/uploads\/2022\/07\/CV_Cyl.png","contentUrl":"https:\/\/www.credimex.ch\/wp-content\/uploads\/2022\/07\/CV_Cyl.png","width":1549,"height":814},{"@type":"BreadcrumbList","@id":"https:\/\/www.credimex.ch\/de\/produkt\/phd-automation-zylinder\/#breadcrumb","itemListElement":[{"@type":"ListItem","position":1,"name":"Home","item":"https:\/\/www.credimex.ch\/de\/"},{"@type":"ListItem","position":2,"name":"Produkte","item":"https:\/\/www.credimex.ch\/de\/produkte\/"},{"@type":"ListItem","position":3,"name":"PHD Automation Zylinder"}]},{"@type":"WebSite","@id":"https:\/\/www.credimex.ch\/de\/#website","url":"https:\/\/www.credimex.ch\/de\/","name":"CREDIMEX","description":"Partner of Swiss Industrial Market","publisher":{"@id":"https:\/\/www.credimex.ch\/de\/#organization"},"potentialAction":[{"@type":"SearchAction","target":{"@type":"EntryPoint","urlTemplate":"https:\/\/www.credimex.ch\/de\/?s={search_term_string}"},"query-input":{"@type":"PropertyValueSpecification","valueRequired":true,"valueName":"search_term_string"}}],"inLanguage":"de"},{"@type":"Organization","@id":"https:\/\/www.credimex.ch\/de\/#organization","name":"credimex","url":"https:\/\/www.credimex.ch\/de\/","logo":{"@type":"ImageObject","inLanguage":"de","@id":"https:\/\/www.credimex.ch\/de\/#\/schema\/logo\/image\/","url":"https:\/\/www.credimex.ch\/wp-content\/uploads\/2022\/03\/cropped-logo-credimex.png","contentUrl":"https:\/\/www.credimex.ch\/wp-content\/uploads\/2022\/03\/cropped-logo-credimex.png","width":512,"height":512,"caption":"credimex"},"image":{"@id":"https:\/\/www.credimex.ch\/de\/#\/schema\/logo\/image\/"},"sameAs":["https:\/\/www.facebook.com\/credimex.alpnach\/","https:\/\/www.linkedin.com\/company\/credimex\/","https:\/\/www.youtube.com\/@CREDIMEX?sub_confirmation=1"]}]}},"_links":{"self":[{"href":"https:\/\/www.credimex.ch\/de\/wp-json\/wp\/v2\/product\/4069","targetHints":{"allow":["GET"]}}],"collection":[{"href":"https:\/\/www.credimex.ch\/de\/wp-json\/wp\/v2\/product"}],"about":[{"href":"https:\/\/www.credimex.ch\/de\/wp-json\/wp\/v2\/types\/product"}],"replies":[{"embeddable":true,"href":"https:\/\/www.credimex.ch\/de\/wp-json\/wp\/v2\/comments?post=4069"}],"wp:featuredmedia":[{"embeddable":true,"href":"https:\/\/www.credimex.ch\/de\/wp-json\/wp\/v2\/media\/3411"}],"wp:attachment":[{"href":"https:\/\/www.credimex.ch\/de\/wp-json\/wp\/v2\/media?parent=4069"}],"wp:term":[{"taxonomy":"product_brand","embeddable":true,"href":"https:\/\/www.credimex.ch\/de\/wp-json\/wp\/v2\/product_brand?post=4069"},{"taxonomy":"product_cat","embeddable":true,"href":"https:\/\/www.credimex.ch\/de\/wp-json\/wp\/v2\/product_cat?post=4069"},{"taxonomy":"product_tag","embeddable":true,"href":"https:\/\/www.credimex.ch\/de\/wp-json\/wp\/v2\/product_tag?post=4069"}],"curies":[{"name":"wp","href":"https:\/\/api.w.org\/{rel}","templated":true}]}}