{"id":4071,"date":"2022-07-07T10:03:37","date_gmt":"2022-07-07T08:03:37","guid":{"rendered":"https:\/\/www.credimex.ch.mialias.net\/product\/macvalves-traditionelle-serie\/"},"modified":"2023-06-26T17:42:44","modified_gmt":"2023-06-26T15:42:44","slug":"macvalves-traditional-series","status":"publish","type":"product","link":"https:\/\/www.credimex.ch\/de\/produkt\/macvalves-traditional-series\/","title":{"rendered":"MAC Valves Traditionelle Serie"},"content":{"rendered":"<h2>Beschreibung<\/h2>\n<p>Die Traditonal-Serie von MAC Valves ist darauf ausgerichtet, den Kunden optimale Ventill\u00f6sungen zu bieten, die ihren einzigartigen Anwendungen entsprechen. Unsere Konstruktionserfahrung geht \u00fcber die Bereitstellung von Ventilen, die einfach nur &#8222;funktionieren&#8220;, hinaus und reicht bis zur Bereitstellung von kundenspezifischen Ventilen, die den Anforderungen Ihrer Branche und Anwendung entsprechen. Wenn MAC Valves kein passendes Ventil im Angebot hat, arbeiten wir mit Ihnen zusammen bis wir das optimale Ventil f\u00fcr Ihre Anwendung entwickelt haben. Mit \u00fcber 100 einzigartigen Patenten sind wir f\u00fcr unsere Designinnovationen ebenso bekannt wie f\u00fcr die Zuverl\u00e4ssigkeit und Langlebigkeit unserer Ventill\u00f6sungen.<\/p>\n<p><img fetchpriority=\"high\" decoding=\"async\" class=\"alignnone wp-image-1452 size-large\" src=\"https:\/\/www.credimex.ch\/wp-content\/uploads\/2022\/07\/83-1280x853-1-1024x682.jpeg\" alt=\"\" width=\"800\" height=\"533\" srcset=\"https:\/\/www.credimex.ch\/wp-content\/uploads\/2022\/07\/83-1280x853-1-1024x682.jpeg 1024w, https:\/\/www.credimex.ch\/wp-content\/uploads\/2022\/07\/83-1280x853-1-300x200.jpeg 300w, https:\/\/www.credimex.ch\/wp-content\/uploads\/2022\/07\/83-1280x853-1-768x512.jpeg 768w, https:\/\/www.credimex.ch\/wp-content\/uploads\/2022\/07\/83-1280x853-1-600x400.jpeg 600w, https:\/\/www.credimex.ch\/wp-content\/uploads\/2022\/07\/83-1280x853-1.jpeg 1280w\" sizes=\"(max-width: 800px) 100vw, 800px\" \/><\/p>\n<h2>Produktvorteile<\/h2>\n<p>Die innovativen Produkte von MAC Valves haben sich in der gesamten Branche einen guten Ruf f\u00fcr ihre hohe Zuverl\u00e4ssigkeit und Wiederholgenauigkeit erworben. Das liegt daran, dass wir unsere Ventile mit einem propriet\u00e4ren, ausgewogenen Design entwickeln, das den Verschleissausgleich ber\u00fccksichtigt und die Verschleisspunkte reduziert. MAC-Ventile sind ausserdem so konstruiert, dass sie h\u00f6here Verschiebekr\u00e4fte gew\u00e4hrleisten, um Verunreinigungen problemlos zu bew\u00e4ltigen.<\/p>\n<p><img decoding=\"async\" class=\"alignnone wp-image-1454 size-large\" src=\"https:\/\/www.credimex.ch\/wp-content\/uploads\/2022\/07\/38-clean-1280x927-1-1024x742.jpeg\" alt=\"\" width=\"800\" height=\"580\" srcset=\"https:\/\/www.credimex.ch\/wp-content\/uploads\/2022\/07\/38-clean-1280x927-1-1024x742.jpeg 1024w, https:\/\/www.credimex.ch\/wp-content\/uploads\/2022\/07\/38-clean-1280x927-1-300x217.jpeg 300w, https:\/\/www.credimex.ch\/wp-content\/uploads\/2022\/07\/38-clean-1280x927-1-768x556.jpeg 768w, https:\/\/www.credimex.ch\/wp-content\/uploads\/2022\/07\/38-clean-1280x927-1-600x435.jpeg 600w, https:\/\/www.credimex.ch\/wp-content\/uploads\/2022\/07\/38-clean-1280x927-1.jpeg 1280w\" sizes=\"(max-width: 800px) 100vw, 800px\" \/><\/p>\n<h2>Anwendung<\/h2>\n<p>Jede Branche braucht zuverl\u00e4ssige Ventile, und wir halten unser Zuverl\u00e4ssigkeitsversprechen mit umfangreich getesteten, leistungsstarken Ventill\u00f6sungen, die Probleme in einer Vielzahl von Branchen l\u00f6sen. Ganz gleich, ob Sie nach Dichtungen f\u00fcr einen grossen Temperaturbereich, nach Leistung in rauen oder verschmutzten Umgebungen oder nach internen Komponenten suchen, die f\u00fcr die Herausforderungen Ihrer speziellen Branche entwickelt wurden, Sie k\u00f6nnen sich auf die weitreichende Branchenerfahrung von MAC Valves verlassen, um Ihre Anlagen ohne kostspielige Verz\u00f6gerungen in Betrieb zu halten.<\/p>\n","protected":false},"excerpt":{"rendered":"<p>Die <strong>MAC Valves Traditional Serie<\/strong> bietet innovative Produkte, die sich in der Industrie einen guten Ruf f\u00fcr ihre Zuverl\u00e4ssigkeit und Wiederholbarkeit erworben haben. Wir konzentrieren uns darauf, komplexe Probleme zu l\u00f6sen und die besten L\u00f6sungen f\u00fcr die anspruchsvollen Anwendungen unserer Kunden zu finden.<\/p>\n","protected":false},"featured_media":3403,"comment_status":"open","ping_status":"closed","template":"","meta":{"_acf_changed":false},"product_brand":[],"product_cat":[369,351,419,380,379,417,390,370,352,619,620,420,592,418,478],"product_tag":[],"class_list":{"0":"post-4071","1":"product","2":"type-product","3":"status-publish","4":"has-post-thumbnail","6":"product_cat-allgemeine-industrie","7":"product_cat-automobilindustrie","8":"product_cat-batterien","9":"product_cat-e-mobilitat","10":"product_cat-eisenbahn","11":"product_cat-elektronik","12":"product_cat-energie","13":"product_cat-lebensmittelindustrie","14":"product_cat-luft-und-raumfahrtindustrie","15":"product_cat-macvalves","16":"product_cat-mac-valves-ventiltechnik","17":"product_cat-medizinal-industrie","18":"product_cat-pneumatik","19":"product_cat-seilbahnen","20":"product_cat-uhrenherstellung","21":"pa_brands-macvalves-de","23":"first","24":"instock","25":"shipping-taxable","26":"product-type-simple"},"acf":[],"_yoast_wpseo_focuskw":"MAC Valves Traditionelle Serie","_yoast_wpseo_metadesc":"Die MACValves Traditional Serie bietet innovative Produkte, die sich in der Industrie einen guten Ruf f\u00fcr ihre Zuverl\u00e4ssigkeit und Wiederholbarkeit erworben haben.","yoast_head":"<!-- This site is optimized with the Yoast SEO Premium plugin v21.6 (Yoast SEO v27.4) - https:\/\/yoast.com\/product\/yoast-seo-premium-wordpress\/ -->\n<title>MAC Valves Traditionelle Serie - CREDIMEX<\/title>\n<meta name=\"description\" content=\"Die MACValves Traditional Serie bietet innovative Produkte, die sich in der Industrie einen guten Ruf f\u00fcr ihre Zuverl\u00e4ssigkeit und Wiederholbarkeit erworben haben.\" \/>\n<meta name=\"robots\" content=\"index, follow, max-snippet:-1, max-image-preview:large, max-video-preview:-1\" \/>\n<link rel=\"canonical\" href=\"https:\/\/www.credimex.ch\/de\/produkt\/macvalves-traditional-series\/\" \/>\n<meta property=\"og:locale\" content=\"de_DE\" \/>\n<meta property=\"og:type\" content=\"article\" \/>\n<meta property=\"og:title\" content=\"MAC Valves Traditionelle Serie\" \/>\n<meta property=\"og:description\" content=\"Die MACValves Traditional Serie bietet innovative Produkte, die sich in der Industrie einen guten Ruf f\u00fcr ihre Zuverl\u00e4ssigkeit und Wiederholbarkeit erworben haben.\" \/>\n<meta property=\"og:url\" content=\"https:\/\/www.credimex.ch\/de\/produkt\/macvalves-traditional-series\/\" \/>\n<meta property=\"og:site_name\" content=\"CREDIMEX\" \/>\n<meta property=\"article:publisher\" content=\"https:\/\/www.facebook.com\/credimex.alpnach\/\" \/>\n<meta property=\"article:modified_time\" content=\"2023-06-26T15:42:44+00:00\" \/>\n<meta property=\"og:image\" content=\"https:\/\/www.credimex.ch\/wp-content\/uploads\/2022\/07\/55-1280x1438-1.jpeg\" \/>\n\t<meta property=\"og:image:width\" content=\"1280\" \/>\n\t<meta property=\"og:image:height\" content=\"1438\" \/>\n\t<meta property=\"og:image:type\" content=\"image\/jpeg\" \/>\n<meta name=\"twitter:card\" content=\"summary_large_image\" \/>\n<meta name=\"twitter:label1\" content=\"Gesch\u00e4tzte Lesezeit\" \/>\n\t<meta name=\"twitter:data1\" content=\"2\u00a0Minuten\" \/>\n<script type=\"application\/ld+json\" class=\"yoast-schema-graph\">{\"@context\":\"https:\\\/\\\/schema.org\",\"@graph\":[{\"@type\":\"WebPage\",\"@id\":\"https:\\\/\\\/www.credimex.ch\\\/de\\\/produkt\\\/macvalves-traditional-series\\\/\",\"url\":\"https:\\\/\\\/www.credimex.ch\\\/de\\\/produkt\\\/macvalves-traditional-series\\\/\",\"name\":\"MAC Valves Traditionelle Serie - CREDIMEX\",\"isPartOf\":{\"@id\":\"https:\\\/\\\/www.credimex.ch\\\/de\\\/#website\"},\"primaryImageOfPage\":{\"@id\":\"https:\\\/\\\/www.credimex.ch\\\/de\\\/produkt\\\/macvalves-traditional-series\\\/#primaryimage\"},\"image\":{\"@id\":\"https:\\\/\\\/www.credimex.ch\\\/de\\\/produkt\\\/macvalves-traditional-series\\\/#primaryimage\"},\"thumbnailUrl\":\"https:\\\/\\\/www.credimex.ch\\\/wp-content\\\/uploads\\\/2022\\\/07\\\/55-1280x1438-1.jpeg\",\"datePublished\":\"2022-07-07T08:03:37+00:00\",\"dateModified\":\"2023-06-26T15:42:44+00:00\",\"description\":\"Die MACValves Traditional Serie bietet innovative Produkte, die sich in der Industrie einen guten Ruf f\u00fcr ihre Zuverl\u00e4ssigkeit und Wiederholbarkeit erworben haben.\",\"breadcrumb\":{\"@id\":\"https:\\\/\\\/www.credimex.ch\\\/de\\\/produkt\\\/macvalves-traditional-series\\\/#breadcrumb\"},\"inLanguage\":\"de\",\"potentialAction\":[{\"@type\":\"ReadAction\",\"target\":[\"https:\\\/\\\/www.credimex.ch\\\/de\\\/produkt\\\/macvalves-traditional-series\\\/\"]}]},{\"@type\":\"ImageObject\",\"inLanguage\":\"de\",\"@id\":\"https:\\\/\\\/www.credimex.ch\\\/de\\\/produkt\\\/macvalves-traditional-series\\\/#primaryimage\",\"url\":\"https:\\\/\\\/www.credimex.ch\\\/wp-content\\\/uploads\\\/2022\\\/07\\\/55-1280x1438-1.jpeg\",\"contentUrl\":\"https:\\\/\\\/www.credimex.ch\\\/wp-content\\\/uploads\\\/2022\\\/07\\\/55-1280x1438-1.jpeg\",\"width\":1280,\"height\":1438},{\"@type\":\"BreadcrumbList\",\"@id\":\"https:\\\/\\\/www.credimex.ch\\\/de\\\/produkt\\\/macvalves-traditional-series\\\/#breadcrumb\",\"itemListElement\":[{\"@type\":\"ListItem\",\"position\":1,\"name\":\"Home\",\"item\":\"https:\\\/\\\/www.credimex.ch\\\/de\\\/\"},{\"@type\":\"ListItem\",\"position\":2,\"name\":\"Produkte\",\"item\":\"https:\\\/\\\/www.credimex.ch\\\/de\\\/produkte\\\/\"},{\"@type\":\"ListItem\",\"position\":3,\"name\":\"MAC Valves Traditionelle Serie\"}]},{\"@type\":\"WebSite\",\"@id\":\"https:\\\/\\\/www.credimex.ch\\\/de\\\/#website\",\"url\":\"https:\\\/\\\/www.credimex.ch\\\/de\\\/\",\"name\":\"CREDIMEX\",\"description\":\"Partner of Swiss Industrial Market\",\"publisher\":{\"@id\":\"https:\\\/\\\/www.credimex.ch\\\/de\\\/#organization\"},\"potentialAction\":[{\"@type\":\"SearchAction\",\"target\":{\"@type\":\"EntryPoint\",\"urlTemplate\":\"https:\\\/\\\/www.credimex.ch\\\/de\\\/?s={search_term_string}\"},\"query-input\":{\"@type\":\"PropertyValueSpecification\",\"valueRequired\":true,\"valueName\":\"search_term_string\"}}],\"inLanguage\":\"de\"},{\"@type\":\"Organization\",\"@id\":\"https:\\\/\\\/www.credimex.ch\\\/de\\\/#organization\",\"name\":\"credimex\",\"url\":\"https:\\\/\\\/www.credimex.ch\\\/de\\\/\",\"logo\":{\"@type\":\"ImageObject\",\"inLanguage\":\"de\",\"@id\":\"https:\\\/\\\/www.credimex.ch\\\/de\\\/#\\\/schema\\\/logo\\\/image\\\/\",\"url\":\"https:\\\/\\\/www.credimex.ch\\\/wp-content\\\/uploads\\\/2022\\\/03\\\/cropped-logo-credimex.png\",\"contentUrl\":\"https:\\\/\\\/www.credimex.ch\\\/wp-content\\\/uploads\\\/2022\\\/03\\\/cropped-logo-credimex.png\",\"width\":512,\"height\":512,\"caption\":\"credimex\"},\"image\":{\"@id\":\"https:\\\/\\\/www.credimex.ch\\\/de\\\/#\\\/schema\\\/logo\\\/image\\\/\"},\"sameAs\":[\"https:\\\/\\\/www.facebook.com\\\/credimex.alpnach\\\/\",\"https:\\\/\\\/www.linkedin.com\\\/company\\\/credimex\\\/\",\"https:\\\/\\\/www.youtube.com\\\/@CREDIMEX?sub_confirmation=1\"]}]}<\/script>\n<!-- \/ Yoast SEO Premium plugin. -->","yoast_head_json":{"title":"MAC Valves Traditionelle Serie - CREDIMEX","description":"Die MACValves Traditional Serie bietet innovative Produkte, die sich in der Industrie einen guten Ruf f\u00fcr ihre Zuverl\u00e4ssigkeit und Wiederholbarkeit erworben haben.","robots":{"index":"index","follow":"follow","max-snippet":"max-snippet:-1","max-image-preview":"max-image-preview:large","max-video-preview":"max-video-preview:-1"},"canonical":"https:\/\/www.credimex.ch\/de\/produkt\/macvalves-traditional-series\/","og_locale":"de_DE","og_type":"article","og_title":"MAC Valves Traditionelle Serie","og_description":"Die MACValves Traditional Serie bietet innovative Produkte, die sich in der Industrie einen guten Ruf f\u00fcr ihre Zuverl\u00e4ssigkeit und Wiederholbarkeit erworben haben.","og_url":"https:\/\/www.credimex.ch\/de\/produkt\/macvalves-traditional-series\/","og_site_name":"CREDIMEX","article_publisher":"https:\/\/www.facebook.com\/credimex.alpnach\/","article_modified_time":"2023-06-26T15:42:44+00:00","og_image":[{"width":1280,"height":1438,"url":"https:\/\/www.credimex.ch\/wp-content\/uploads\/2022\/07\/55-1280x1438-1.jpeg","type":"image\/jpeg"}],"twitter_card":"summary_large_image","twitter_misc":{"Gesch\u00e4tzte Lesezeit":"2\u00a0Minuten"},"schema":{"@context":"https:\/\/schema.org","@graph":[{"@type":"WebPage","@id":"https:\/\/www.credimex.ch\/de\/produkt\/macvalves-traditional-series\/","url":"https:\/\/www.credimex.ch\/de\/produkt\/macvalves-traditional-series\/","name":"MAC Valves Traditionelle Serie - CREDIMEX","isPartOf":{"@id":"https:\/\/www.credimex.ch\/de\/#website"},"primaryImageOfPage":{"@id":"https:\/\/www.credimex.ch\/de\/produkt\/macvalves-traditional-series\/#primaryimage"},"image":{"@id":"https:\/\/www.credimex.ch\/de\/produkt\/macvalves-traditional-series\/#primaryimage"},"thumbnailUrl":"https:\/\/www.credimex.ch\/wp-content\/uploads\/2022\/07\/55-1280x1438-1.jpeg","datePublished":"2022-07-07T08:03:37+00:00","dateModified":"2023-06-26T15:42:44+00:00","description":"Die MACValves Traditional Serie bietet innovative Produkte, die sich in der Industrie einen guten Ruf f\u00fcr ihre Zuverl\u00e4ssigkeit und Wiederholbarkeit erworben haben.","breadcrumb":{"@id":"https:\/\/www.credimex.ch\/de\/produkt\/macvalves-traditional-series\/#breadcrumb"},"inLanguage":"de","potentialAction":[{"@type":"ReadAction","target":["https:\/\/www.credimex.ch\/de\/produkt\/macvalves-traditional-series\/"]}]},{"@type":"ImageObject","inLanguage":"de","@id":"https:\/\/www.credimex.ch\/de\/produkt\/macvalves-traditional-series\/#primaryimage","url":"https:\/\/www.credimex.ch\/wp-content\/uploads\/2022\/07\/55-1280x1438-1.jpeg","contentUrl":"https:\/\/www.credimex.ch\/wp-content\/uploads\/2022\/07\/55-1280x1438-1.jpeg","width":1280,"height":1438},{"@type":"BreadcrumbList","@id":"https:\/\/www.credimex.ch\/de\/produkt\/macvalves-traditional-series\/#breadcrumb","itemListElement":[{"@type":"ListItem","position":1,"name":"Home","item":"https:\/\/www.credimex.ch\/de\/"},{"@type":"ListItem","position":2,"name":"Produkte","item":"https:\/\/www.credimex.ch\/de\/produkte\/"},{"@type":"ListItem","position":3,"name":"MAC Valves Traditionelle Serie"}]},{"@type":"WebSite","@id":"https:\/\/www.credimex.ch\/de\/#website","url":"https:\/\/www.credimex.ch\/de\/","name":"CREDIMEX","description":"Partner of Swiss Industrial Market","publisher":{"@id":"https:\/\/www.credimex.ch\/de\/#organization"},"potentialAction":[{"@type":"SearchAction","target":{"@type":"EntryPoint","urlTemplate":"https:\/\/www.credimex.ch\/de\/?s={search_term_string}"},"query-input":{"@type":"PropertyValueSpecification","valueRequired":true,"valueName":"search_term_string"}}],"inLanguage":"de"},{"@type":"Organization","@id":"https:\/\/www.credimex.ch\/de\/#organization","name":"credimex","url":"https:\/\/www.credimex.ch\/de\/","logo":{"@type":"ImageObject","inLanguage":"de","@id":"https:\/\/www.credimex.ch\/de\/#\/schema\/logo\/image\/","url":"https:\/\/www.credimex.ch\/wp-content\/uploads\/2022\/03\/cropped-logo-credimex.png","contentUrl":"https:\/\/www.credimex.ch\/wp-content\/uploads\/2022\/03\/cropped-logo-credimex.png","width":512,"height":512,"caption":"credimex"},"image":{"@id":"https:\/\/www.credimex.ch\/de\/#\/schema\/logo\/image\/"},"sameAs":["https:\/\/www.facebook.com\/credimex.alpnach\/","https:\/\/www.linkedin.com\/company\/credimex\/","https:\/\/www.youtube.com\/@CREDIMEX?sub_confirmation=1"]}]}},"_links":{"self":[{"href":"https:\/\/www.credimex.ch\/de\/wp-json\/wp\/v2\/product\/4071","targetHints":{"allow":["GET"]}}],"collection":[{"href":"https:\/\/www.credimex.ch\/de\/wp-json\/wp\/v2\/product"}],"about":[{"href":"https:\/\/www.credimex.ch\/de\/wp-json\/wp\/v2\/types\/product"}],"replies":[{"embeddable":true,"href":"https:\/\/www.credimex.ch\/de\/wp-json\/wp\/v2\/comments?post=4071"}],"wp:featuredmedia":[{"embeddable":true,"href":"https:\/\/www.credimex.ch\/de\/wp-json\/wp\/v2\/media\/3403"}],"wp:attachment":[{"href":"https:\/\/www.credimex.ch\/de\/wp-json\/wp\/v2\/media?parent=4071"}],"wp:term":[{"taxonomy":"product_brand","embeddable":true,"href":"https:\/\/www.credimex.ch\/de\/wp-json\/wp\/v2\/product_brand?post=4071"},{"taxonomy":"product_cat","embeddable":true,"href":"https:\/\/www.credimex.ch\/de\/wp-json\/wp\/v2\/product_cat?post=4071"},{"taxonomy":"product_tag","embeddable":true,"href":"https:\/\/www.credimex.ch\/de\/wp-json\/wp\/v2\/product_tag?post=4071"}],"curies":[{"name":"wp","href":"https:\/\/api.w.org\/{rel}","templated":true}]}}