{"id":4073,"date":"2022-07-07T09:55:30","date_gmt":"2022-07-07T07:55:30","guid":{"rendered":"https:\/\/www.credimex.ch.mialias.net\/product\/macvalves-fluessigkeitsventil-serie\/"},"modified":"2023-06-27T09:20:52","modified_gmt":"2023-06-27T07:20:52","slug":"macvalves-flussigkeitsventil-reihe","status":"publish","type":"product","link":"https:\/\/www.credimex.ch\/de\/produkt\/macvalves-flussigkeitsventil-reihe\/","title":{"rendered":"MAC Liquid Valve Series"},"content":{"rendered":"<h2>Beschreibung<\/h2>\n<p>Die MAC Advantage\u2122 Merkmale:<\/p>\n<ul>\n<li>2-Wege-, 3-Wege-, variable Durchfluss-, F\u00fcll- und Dosierventile<\/li>\n<li>Genaue und wiederholbare Dosierung<\/li>\n<li>Doppelmembran D-Flex\u2122 Technologie<\/li>\n<li>Zuverl\u00e4ssiger Betrieb in extremen Verh\u00e4ltnissen<\/li>\n<\/ul>\n<p><img fetchpriority=\"high\" decoding=\"async\" class=\"alignnone wp-image-1447 size-large\" src=\"https:\/\/www.credimex.ch\/wp-content\/uploads\/2022\/07\/Liquidcomb-1280x1152-1-1024x922.jpeg\" alt=\"\" width=\"800\" height=\"720\" srcset=\"https:\/\/www.credimex.ch\/wp-content\/uploads\/2022\/07\/Liquidcomb-1280x1152-1-1024x922.jpeg 1024w, https:\/\/www.credimex.ch\/wp-content\/uploads\/2022\/07\/Liquidcomb-1280x1152-1-300x270.jpeg 300w, https:\/\/www.credimex.ch\/wp-content\/uploads\/2022\/07\/Liquidcomb-1280x1152-1-768x691.jpeg 768w, https:\/\/www.credimex.ch\/wp-content\/uploads\/2022\/07\/Liquidcomb-1280x1152-1-600x540.jpeg 600w, https:\/\/www.credimex.ch\/wp-content\/uploads\/2022\/07\/Liquidcomb-1280x1152-1.jpeg 1280w\" sizes=\"(max-width: 800px) 100vw, 800px\" \/><\/p>\n<h2>Produktvorteile<\/h2>\n<p>Die MAC Fl\u00fcssigkeitsventil-Produktlinie profitiert von vielen der innovativen Eigenschaften und den damit verbundenen Vorteilen, die im Laufe der Jahre zu einem Synonym f\u00fcr die Leistungsmerkmale von MAC geworden sind. Schnelle Reaktionszeiten, zuverl\u00e4ssige Schaltkr\u00e4fte und wiederholbare Ergebnisse sind nur einige von vielen Vorteilen, die Sie von unserer Produktlinie f\u00fcr Fl\u00fcssigkeiten erwarten k\u00f6nnen. Proportional-Durchflussregler (PFC), Durchflussventile, Einzel- und Doppelmembranventile (mediengetrennt), medienber\u00fchrte Magnetventile und Dosierpumpen f\u00fcr Fl\u00fcssigkeiten sind nur einige der Produkte aus MACs Produktfamilie der Fl\u00fcssigkeitsventile. Diese Ventile eignen sich auch hervorragend f\u00fcr pneumatische Anwendungen, bei denen es auf Dichtheit ankommt. Mit weniger Verschleisspunkten als bei der herk\u00f6mmlichen Ventiltechnologie sind diese Ventile f\u00fcr eine lange Lebensdauer ausgelegt!<\/p>\n<p><img decoding=\"async\" class=\"alignnone wp-image-1446 size-large\" src=\"https:\/\/www.credimex.ch\/wp-content\/uploads\/2022\/07\/Liq-1280x1140-1-1024x912.jpeg\" alt=\"\" width=\"800\" height=\"713\" srcset=\"https:\/\/www.credimex.ch\/wp-content\/uploads\/2022\/07\/Liq-1280x1140-1-1024x912.jpeg 1024w, https:\/\/www.credimex.ch\/wp-content\/uploads\/2022\/07\/Liq-1280x1140-1-300x267.jpeg 300w, https:\/\/www.credimex.ch\/wp-content\/uploads\/2022\/07\/Liq-1280x1140-1-768x684.jpeg 768w, https:\/\/www.credimex.ch\/wp-content\/uploads\/2022\/07\/Liq-1280x1140-1-600x534.jpeg 600w, https:\/\/www.credimex.ch\/wp-content\/uploads\/2022\/07\/Liq-1280x1140-1.jpeg 1280w\" sizes=\"(max-width: 800px) 100vw, 800px\" \/><\/p>\n<h2>Anwendung<\/h2>\n<p>Die MAC Fl\u00fcssigkeitsventile sind so konstruiert, dass sie auch bei h\u00e4rtesten Eins\u00e4tzen eine lange Lebensdauer und hohe Leistung aufweisen.<\/p>\n","protected":false},"excerpt":{"rendered":"<p><strong>Die MAC Fl\u00fcssigkeitsventil-Produktlinie<\/strong> bietet schnelle Reaktionszeiten, genaue und wiederholbare Dosierergebnisse. Eine hervorragende L\u00f6sung f\u00fcr Ihre Mikrodosier-, Dosier-, Spr\u00fch- und Abf\u00fcllanwendungen. Diese Ventile sind als 2\/2-Wege und 3\/2-Wege erh\u00e4ltlich.<\/p>\n","protected":false},"featured_media":3399,"comment_status":"open","ping_status":"closed","template":"","meta":{"_acf_changed":false},"product_brand":[],"product_cat":[369,351,419,380,379,417,390,370,352,619,620,420,592,418,478],"product_tag":[],"class_list":{"0":"post-4073","1":"product","2":"type-product","3":"status-publish","4":"has-post-thumbnail","6":"product_cat-allgemeine-industrie","7":"product_cat-automobilindustrie","8":"product_cat-batterien","9":"product_cat-e-mobilitat","10":"product_cat-eisenbahn","11":"product_cat-elektronik","12":"product_cat-energie","13":"product_cat-lebensmittelindustrie","14":"product_cat-luft-und-raumfahrtindustrie","15":"product_cat-macvalves","16":"product_cat-mac-valves-ventiltechnik","17":"product_cat-medizinal-industrie","18":"product_cat-pneumatik","19":"product_cat-seilbahnen","20":"product_cat-uhrenherstellung","21":"pa_brands-macvalves-de","23":"first","24":"instock","25":"shipping-taxable","26":"product-type-simple"},"acf":[],"_yoast_wpseo_focuskw":"MAC Liquid Valve Series","_yoast_wpseo_metadesc":"Die MAC Fl\u00fcssigkeitsventile bieten schnelle Reaktionszeiten, zuverl\u00e4ssige Schaltkr\u00e4fte und reproduzierbare Ergebnisse.","yoast_head":"<!-- This site is optimized with the Yoast SEO Premium plugin v21.6 (Yoast SEO v27.4) - https:\/\/yoast.com\/product\/yoast-seo-premium-wordpress\/ -->\n<title>MAC Liquid Valve Series - CREDIMEX<\/title>\n<meta name=\"description\" content=\"Die MAC Fl\u00fcssigkeitsventile bieten schnelle Reaktionszeiten, zuverl\u00e4ssige Schaltkr\u00e4fte und reproduzierbare Ergebnisse.\" \/>\n<meta name=\"robots\" content=\"index, follow, max-snippet:-1, max-image-preview:large, max-video-preview:-1\" \/>\n<link rel=\"canonical\" href=\"https:\/\/www.credimex.ch\/de\/produkt\/macvalves-flussigkeitsventil-reihe\/\" \/>\n<meta property=\"og:locale\" content=\"de_DE\" \/>\n<meta property=\"og:type\" content=\"article\" \/>\n<meta property=\"og:title\" content=\"MAC Liquid Valve Series\" \/>\n<meta property=\"og:description\" content=\"Die MAC Fl\u00fcssigkeitsventile bieten schnelle Reaktionszeiten, zuverl\u00e4ssige Schaltkr\u00e4fte und reproduzierbare Ergebnisse.\" \/>\n<meta property=\"og:url\" content=\"https:\/\/www.credimex.ch\/de\/produkt\/macvalves-flussigkeitsventil-reihe\/\" \/>\n<meta property=\"og:site_name\" content=\"CREDIMEX\" \/>\n<meta property=\"article:publisher\" content=\"https:\/\/www.facebook.com\/credimex.alpnach\/\" \/>\n<meta property=\"article:modified_time\" content=\"2023-06-27T07:20:52+00:00\" \/>\n<meta property=\"og:image\" content=\"https:\/\/www.credimex.ch\/wp-content\/uploads\/2022\/07\/Liquid-02-1280x974-1.jpeg\" \/>\n\t<meta property=\"og:image:width\" content=\"1280\" \/>\n\t<meta property=\"og:image:height\" content=\"974\" \/>\n\t<meta property=\"og:image:type\" content=\"image\/jpeg\" \/>\n<meta name=\"twitter:card\" content=\"summary_large_image\" \/>\n<meta name=\"twitter:label1\" content=\"Gesch\u00e4tzte Lesezeit\" \/>\n\t<meta name=\"twitter:data1\" content=\"2\u00a0Minuten\" \/>\n<script type=\"application\/ld+json\" class=\"yoast-schema-graph\">{\"@context\":\"https:\\\/\\\/schema.org\",\"@graph\":[{\"@type\":\"WebPage\",\"@id\":\"https:\\\/\\\/www.credimex.ch\\\/de\\\/produkt\\\/macvalves-flussigkeitsventil-reihe\\\/\",\"url\":\"https:\\\/\\\/www.credimex.ch\\\/de\\\/produkt\\\/macvalves-flussigkeitsventil-reihe\\\/\",\"name\":\"MAC Liquid Valve Series - CREDIMEX\",\"isPartOf\":{\"@id\":\"https:\\\/\\\/www.credimex.ch\\\/de\\\/#website\"},\"primaryImageOfPage\":{\"@id\":\"https:\\\/\\\/www.credimex.ch\\\/de\\\/produkt\\\/macvalves-flussigkeitsventil-reihe\\\/#primaryimage\"},\"image\":{\"@id\":\"https:\\\/\\\/www.credimex.ch\\\/de\\\/produkt\\\/macvalves-flussigkeitsventil-reihe\\\/#primaryimage\"},\"thumbnailUrl\":\"https:\\\/\\\/www.credimex.ch\\\/wp-content\\\/uploads\\\/2022\\\/07\\\/Liquid-02-1280x974-1.jpeg\",\"datePublished\":\"2022-07-07T07:55:30+00:00\",\"dateModified\":\"2023-06-27T07:20:52+00:00\",\"description\":\"Die MAC Fl\u00fcssigkeitsventile bieten schnelle Reaktionszeiten, zuverl\u00e4ssige Schaltkr\u00e4fte und reproduzierbare Ergebnisse.\",\"breadcrumb\":{\"@id\":\"https:\\\/\\\/www.credimex.ch\\\/de\\\/produkt\\\/macvalves-flussigkeitsventil-reihe\\\/#breadcrumb\"},\"inLanguage\":\"de\",\"potentialAction\":[{\"@type\":\"ReadAction\",\"target\":[\"https:\\\/\\\/www.credimex.ch\\\/de\\\/produkt\\\/macvalves-flussigkeitsventil-reihe\\\/\"]}]},{\"@type\":\"ImageObject\",\"inLanguage\":\"de\",\"@id\":\"https:\\\/\\\/www.credimex.ch\\\/de\\\/produkt\\\/macvalves-flussigkeitsventil-reihe\\\/#primaryimage\",\"url\":\"https:\\\/\\\/www.credimex.ch\\\/wp-content\\\/uploads\\\/2022\\\/07\\\/Liquid-02-1280x974-1.jpeg\",\"contentUrl\":\"https:\\\/\\\/www.credimex.ch\\\/wp-content\\\/uploads\\\/2022\\\/07\\\/Liquid-02-1280x974-1.jpeg\",\"width\":1280,\"height\":974},{\"@type\":\"BreadcrumbList\",\"@id\":\"https:\\\/\\\/www.credimex.ch\\\/de\\\/produkt\\\/macvalves-flussigkeitsventil-reihe\\\/#breadcrumb\",\"itemListElement\":[{\"@type\":\"ListItem\",\"position\":1,\"name\":\"Home\",\"item\":\"https:\\\/\\\/www.credimex.ch\\\/de\\\/\"},{\"@type\":\"ListItem\",\"position\":2,\"name\":\"Produkte\",\"item\":\"https:\\\/\\\/www.credimex.ch\\\/de\\\/produkte\\\/\"},{\"@type\":\"ListItem\",\"position\":3,\"name\":\"MAC Liquid Valve Series\"}]},{\"@type\":\"WebSite\",\"@id\":\"https:\\\/\\\/www.credimex.ch\\\/de\\\/#website\",\"url\":\"https:\\\/\\\/www.credimex.ch\\\/de\\\/\",\"name\":\"CREDIMEX\",\"description\":\"Partner of Swiss Industrial Market\",\"publisher\":{\"@id\":\"https:\\\/\\\/www.credimex.ch\\\/de\\\/#organization\"},\"potentialAction\":[{\"@type\":\"SearchAction\",\"target\":{\"@type\":\"EntryPoint\",\"urlTemplate\":\"https:\\\/\\\/www.credimex.ch\\\/de\\\/?s={search_term_string}\"},\"query-input\":{\"@type\":\"PropertyValueSpecification\",\"valueRequired\":true,\"valueName\":\"search_term_string\"}}],\"inLanguage\":\"de\"},{\"@type\":\"Organization\",\"@id\":\"https:\\\/\\\/www.credimex.ch\\\/de\\\/#organization\",\"name\":\"credimex\",\"url\":\"https:\\\/\\\/www.credimex.ch\\\/de\\\/\",\"logo\":{\"@type\":\"ImageObject\",\"inLanguage\":\"de\",\"@id\":\"https:\\\/\\\/www.credimex.ch\\\/de\\\/#\\\/schema\\\/logo\\\/image\\\/\",\"url\":\"https:\\\/\\\/www.credimex.ch\\\/wp-content\\\/uploads\\\/2022\\\/03\\\/cropped-logo-credimex.png\",\"contentUrl\":\"https:\\\/\\\/www.credimex.ch\\\/wp-content\\\/uploads\\\/2022\\\/03\\\/cropped-logo-credimex.png\",\"width\":512,\"height\":512,\"caption\":\"credimex\"},\"image\":{\"@id\":\"https:\\\/\\\/www.credimex.ch\\\/de\\\/#\\\/schema\\\/logo\\\/image\\\/\"},\"sameAs\":[\"https:\\\/\\\/www.facebook.com\\\/credimex.alpnach\\\/\",\"https:\\\/\\\/www.linkedin.com\\\/company\\\/credimex\\\/\",\"https:\\\/\\\/www.youtube.com\\\/@CREDIMEX?sub_confirmation=1\"]}]}<\/script>\n<!-- \/ Yoast SEO Premium plugin. -->","yoast_head_json":{"title":"MAC Liquid Valve Series - CREDIMEX","description":"Die MAC Fl\u00fcssigkeitsventile bieten schnelle Reaktionszeiten, zuverl\u00e4ssige Schaltkr\u00e4fte und reproduzierbare Ergebnisse.","robots":{"index":"index","follow":"follow","max-snippet":"max-snippet:-1","max-image-preview":"max-image-preview:large","max-video-preview":"max-video-preview:-1"},"canonical":"https:\/\/www.credimex.ch\/de\/produkt\/macvalves-flussigkeitsventil-reihe\/","og_locale":"de_DE","og_type":"article","og_title":"MAC Liquid Valve Series","og_description":"Die MAC Fl\u00fcssigkeitsventile bieten schnelle Reaktionszeiten, zuverl\u00e4ssige Schaltkr\u00e4fte und reproduzierbare Ergebnisse.","og_url":"https:\/\/www.credimex.ch\/de\/produkt\/macvalves-flussigkeitsventil-reihe\/","og_site_name":"CREDIMEX","article_publisher":"https:\/\/www.facebook.com\/credimex.alpnach\/","article_modified_time":"2023-06-27T07:20:52+00:00","og_image":[{"width":1280,"height":974,"url":"https:\/\/www.credimex.ch\/wp-content\/uploads\/2022\/07\/Liquid-02-1280x974-1.jpeg","type":"image\/jpeg"}],"twitter_card":"summary_large_image","twitter_misc":{"Gesch\u00e4tzte Lesezeit":"2\u00a0Minuten"},"schema":{"@context":"https:\/\/schema.org","@graph":[{"@type":"WebPage","@id":"https:\/\/www.credimex.ch\/de\/produkt\/macvalves-flussigkeitsventil-reihe\/","url":"https:\/\/www.credimex.ch\/de\/produkt\/macvalves-flussigkeitsventil-reihe\/","name":"MAC Liquid Valve Series - CREDIMEX","isPartOf":{"@id":"https:\/\/www.credimex.ch\/de\/#website"},"primaryImageOfPage":{"@id":"https:\/\/www.credimex.ch\/de\/produkt\/macvalves-flussigkeitsventil-reihe\/#primaryimage"},"image":{"@id":"https:\/\/www.credimex.ch\/de\/produkt\/macvalves-flussigkeitsventil-reihe\/#primaryimage"},"thumbnailUrl":"https:\/\/www.credimex.ch\/wp-content\/uploads\/2022\/07\/Liquid-02-1280x974-1.jpeg","datePublished":"2022-07-07T07:55:30+00:00","dateModified":"2023-06-27T07:20:52+00:00","description":"Die MAC Fl\u00fcssigkeitsventile bieten schnelle Reaktionszeiten, zuverl\u00e4ssige Schaltkr\u00e4fte und reproduzierbare Ergebnisse.","breadcrumb":{"@id":"https:\/\/www.credimex.ch\/de\/produkt\/macvalves-flussigkeitsventil-reihe\/#breadcrumb"},"inLanguage":"de","potentialAction":[{"@type":"ReadAction","target":["https:\/\/www.credimex.ch\/de\/produkt\/macvalves-flussigkeitsventil-reihe\/"]}]},{"@type":"ImageObject","inLanguage":"de","@id":"https:\/\/www.credimex.ch\/de\/produkt\/macvalves-flussigkeitsventil-reihe\/#primaryimage","url":"https:\/\/www.credimex.ch\/wp-content\/uploads\/2022\/07\/Liquid-02-1280x974-1.jpeg","contentUrl":"https:\/\/www.credimex.ch\/wp-content\/uploads\/2022\/07\/Liquid-02-1280x974-1.jpeg","width":1280,"height":974},{"@type":"BreadcrumbList","@id":"https:\/\/www.credimex.ch\/de\/produkt\/macvalves-flussigkeitsventil-reihe\/#breadcrumb","itemListElement":[{"@type":"ListItem","position":1,"name":"Home","item":"https:\/\/www.credimex.ch\/de\/"},{"@type":"ListItem","position":2,"name":"Produkte","item":"https:\/\/www.credimex.ch\/de\/produkte\/"},{"@type":"ListItem","position":3,"name":"MAC Liquid Valve Series"}]},{"@type":"WebSite","@id":"https:\/\/www.credimex.ch\/de\/#website","url":"https:\/\/www.credimex.ch\/de\/","name":"CREDIMEX","description":"Partner of Swiss Industrial Market","publisher":{"@id":"https:\/\/www.credimex.ch\/de\/#organization"},"potentialAction":[{"@type":"SearchAction","target":{"@type":"EntryPoint","urlTemplate":"https:\/\/www.credimex.ch\/de\/?s={search_term_string}"},"query-input":{"@type":"PropertyValueSpecification","valueRequired":true,"valueName":"search_term_string"}}],"inLanguage":"de"},{"@type":"Organization","@id":"https:\/\/www.credimex.ch\/de\/#organization","name":"credimex","url":"https:\/\/www.credimex.ch\/de\/","logo":{"@type":"ImageObject","inLanguage":"de","@id":"https:\/\/www.credimex.ch\/de\/#\/schema\/logo\/image\/","url":"https:\/\/www.credimex.ch\/wp-content\/uploads\/2022\/03\/cropped-logo-credimex.png","contentUrl":"https:\/\/www.credimex.ch\/wp-content\/uploads\/2022\/03\/cropped-logo-credimex.png","width":512,"height":512,"caption":"credimex"},"image":{"@id":"https:\/\/www.credimex.ch\/de\/#\/schema\/logo\/image\/"},"sameAs":["https:\/\/www.facebook.com\/credimex.alpnach\/","https:\/\/www.linkedin.com\/company\/credimex\/","https:\/\/www.youtube.com\/@CREDIMEX?sub_confirmation=1"]}]}},"_links":{"self":[{"href":"https:\/\/www.credimex.ch\/de\/wp-json\/wp\/v2\/product\/4073","targetHints":{"allow":["GET"]}}],"collection":[{"href":"https:\/\/www.credimex.ch\/de\/wp-json\/wp\/v2\/product"}],"about":[{"href":"https:\/\/www.credimex.ch\/de\/wp-json\/wp\/v2\/types\/product"}],"replies":[{"embeddable":true,"href":"https:\/\/www.credimex.ch\/de\/wp-json\/wp\/v2\/comments?post=4073"}],"wp:featuredmedia":[{"embeddable":true,"href":"https:\/\/www.credimex.ch\/de\/wp-json\/wp\/v2\/media\/3399"}],"wp:attachment":[{"href":"https:\/\/www.credimex.ch\/de\/wp-json\/wp\/v2\/media?parent=4073"}],"wp:term":[{"taxonomy":"product_brand","embeddable":true,"href":"https:\/\/www.credimex.ch\/de\/wp-json\/wp\/v2\/product_brand?post=4073"},{"taxonomy":"product_cat","embeddable":true,"href":"https:\/\/www.credimex.ch\/de\/wp-json\/wp\/v2\/product_cat?post=4073"},{"taxonomy":"product_tag","embeddable":true,"href":"https:\/\/www.credimex.ch\/de\/wp-json\/wp\/v2\/product_tag?post=4073"}],"curies":[{"name":"wp","href":"https:\/\/api.w.org\/{rel}","templated":true}]}}