{"id":4077,"date":"2022-07-07T09:30:11","date_gmt":"2022-07-07T07:30:11","guid":{"rendered":"https:\/\/www.credimex.ch.mialias.net\/product\/macvalves-impulsventil-serie\/"},"modified":"2023-06-27T09:26:14","modified_gmt":"2023-06-27T07:26:14","slug":"macvalves-impuls-ventilserie","status":"publish","type":"product","link":"https:\/\/www.credimex.ch\/de\/produkt\/macvalves-impuls-ventilserie\/","title":{"rendered":"MAC Pulse Valve Series"},"content":{"rendered":"<h2>Beschreibung<\/h2>\n<p>Das patentierte MAC-Pulsventil kann in einer von zwei Pilotkonfigurationen bestellt werden: Die integrierte Magnetventilsteuerung kombiniert schnelle, wiederholbare Impulse mit dem Zusatz einer manuellen Bet\u00e4tigung, w\u00e4hrend unsere Version mit externer Pilotluft die Leistung und Zuverl\u00e4ssigkeit in explosionsgef\u00e4hrdeten Bereichen verbessert. Der Hauptk\u00f6rper des MAC Pulsventils nutzt die Bonded-Spool-Technologie f\u00fcr eine h\u00f6here Zuverl\u00e4ssigkeit als die bisherige Membrantechnologie. Ein gepr\u00fcfter Druckspeicher und ein Hauptkolben mit Memory-Feder sorgen f\u00fcr die R\u00fcckstellung in die Ausgangsposition, wenn die Luftzufuhr nicht ausreichend ist. Ausserdem wurde eine Reihe von Adapterplatten herausgebracht, mit denen vorhandene Membran-Pulsventile durch einen direkten Einbau ersetzt werden k\u00f6nnen, ohne die vorhandenen Rohrleitungen zu ersetzen.<\/p>\n<p><img fetchpriority=\"high\" decoding=\"async\" class=\"alignnone size-full wp-image-1436\" src=\"https:\/\/www.credimex.ch\/wp-content\/uploads\/2022\/07\/PV06-with-400-Pilot-Cross-Section.jpeg\" alt=\"\" width=\"1280\" height=\"905\" srcset=\"https:\/\/www.credimex.ch\/wp-content\/uploads\/2022\/07\/PV06-with-400-Pilot-Cross-Section.jpeg 1280w, https:\/\/www.credimex.ch\/wp-content\/uploads\/2022\/07\/PV06-with-400-Pilot-Cross-Section-300x212.jpeg 300w, https:\/\/www.credimex.ch\/wp-content\/uploads\/2022\/07\/PV06-with-400-Pilot-Cross-Section-1024x724.jpeg 1024w, https:\/\/www.credimex.ch\/wp-content\/uploads\/2022\/07\/PV06-with-400-Pilot-Cross-Section-768x543.jpeg 768w, https:\/\/www.credimex.ch\/wp-content\/uploads\/2022\/07\/PV06-with-400-Pilot-Cross-Section-600x424.jpeg 600w\" sizes=\"(max-width: 1280px) 100vw, 1280px\" \/><\/p>\n<h2>Produktvorteile<\/h2>\n<p>Die MAC Pulse Valve Series wurde entwickelt, um die aktuelle Membrantechnologie zu ersetzen und eine robustere und zuverl\u00e4ssigere Ventill\u00f6sung f\u00fcr industrielle Anwendungen zu schaffen. MAC-Pulsventile eignen sich ideal als Ersatz f\u00fcr die vorhandene Membrantechnologie in Anwendungen wie Staubfilter und Staubabscheidern, Dustkollektoren, pneumatischer F\u00f6rderung und Sch\u00fcttguthandling.<\/p>\n<p><img decoding=\"async\" class=\"alignnone size-full wp-image-1435\" src=\"https:\/\/www.credimex.ch\/wp-content\/uploads\/2022\/07\/Pulse-Valve-01-1280x1394-1.png\" alt=\"\" width=\"1280\" height=\"1394\" srcset=\"https:\/\/www.credimex.ch\/wp-content\/uploads\/2022\/07\/Pulse-Valve-01-1280x1394-1.png 1280w, https:\/\/www.credimex.ch\/wp-content\/uploads\/2022\/07\/Pulse-Valve-01-1280x1394-1-275x300.png 275w, https:\/\/www.credimex.ch\/wp-content\/uploads\/2022\/07\/Pulse-Valve-01-1280x1394-1-940x1024.png 940w, https:\/\/www.credimex.ch\/wp-content\/uploads\/2022\/07\/Pulse-Valve-01-1280x1394-1-768x836.png 768w, https:\/\/www.credimex.ch\/wp-content\/uploads\/2022\/07\/Pulse-Valve-01-1280x1394-1-600x653.png 600w\" sizes=\"(max-width: 1280px) 100vw, 1280px\" \/><\/p>\n<h2>Anwendung<\/h2>\n<p>Er ist derzeit in 3 Gr\u00f6ssen erh\u00e4ltlich: PV03 f\u00fcr \u00be&#8220; und 1&#8243; Anwendungen, PV06 f\u00fcr 1 \u00bd&#8220; Anwendungen und PV09 f\u00fcr 2\u2033 und 2 \u00bd&#8220; Anwendungen.<\/p>\n","protected":false},"excerpt":{"rendered":"<p><strong>Die MAC Pulse Valve Series<\/strong> wurde entwickelt, um die traditionelle Membrantechnologie zu ersetzen und eine robustere und zuverl\u00e4ssigere Ventill\u00f6sung f\u00fcr industrielle Anwendungen zu schaffen. Vor allem, um den Luftverbrauch und damit die CO2-Emissionen zu reduzieren.<\/p>\n","protected":false},"featured_media":3387,"comment_status":"open","ping_status":"closed","template":"","meta":{"_acf_changed":false},"product_brand":[],"product_cat":[369,351,419,380,379,417,390,370,352,619,620,420,592,418,478],"product_tag":[],"class_list":{"0":"post-4077","1":"product","2":"type-product","3":"status-publish","4":"has-post-thumbnail","6":"product_cat-allgemeine-industrie","7":"product_cat-automobilindustrie","8":"product_cat-batterien","9":"product_cat-e-mobilitat","10":"product_cat-eisenbahn","11":"product_cat-elektronik","12":"product_cat-energie","13":"product_cat-lebensmittelindustrie","14":"product_cat-luft-und-raumfahrtindustrie","15":"product_cat-macvalves","16":"product_cat-mac-valves-ventiltechnik","17":"product_cat-medizinal-industrie","18":"product_cat-pneumatik","19":"product_cat-seilbahnen","20":"product_cat-uhrenherstellung","21":"pa_brands-macvalves-de","23":"first","24":"instock","25":"shipping-taxable","26":"product-type-simple"},"acf":[],"_yoast_wpseo_focuskw":"MAC Pulse Valve Series","_yoast_wpseo_metadesc":"Die MacValves-Impulsventilserie ersetzt die derzeitige Membrantechnologie und bietet eine robustere und zuverl\u00e4ssigere Ventill\u00f6sung.","yoast_head":"<!-- This site is optimized with the Yoast SEO Premium plugin v21.6 (Yoast SEO v27.4) - https:\/\/yoast.com\/product\/yoast-seo-premium-wordpress\/ -->\n<title>MAC Pulse Valve Series - CREDIMEX<\/title>\n<meta name=\"description\" content=\"Die MacValves-Impulsventilserie ersetzt die derzeitige Membrantechnologie und bietet eine robustere und zuverl\u00e4ssigere Ventill\u00f6sung.\" \/>\n<meta name=\"robots\" content=\"index, follow, max-snippet:-1, max-image-preview:large, max-video-preview:-1\" \/>\n<link rel=\"canonical\" href=\"https:\/\/www.credimex.ch\/de\/produkt\/macvalves-impuls-ventilserie\/\" \/>\n<meta property=\"og:locale\" content=\"de_DE\" \/>\n<meta property=\"og:type\" content=\"article\" \/>\n<meta property=\"og:title\" content=\"MAC Pulse Valve Series\" \/>\n<meta property=\"og:description\" content=\"Die MacValves-Impulsventilserie ersetzt die derzeitige Membrantechnologie und bietet eine robustere und zuverl\u00e4ssigere Ventill\u00f6sung.\" \/>\n<meta property=\"og:url\" content=\"https:\/\/www.credimex.ch\/de\/produkt\/macvalves-impuls-ventilserie\/\" \/>\n<meta property=\"og:site_name\" content=\"CREDIMEX\" \/>\n<meta property=\"article:publisher\" content=\"https:\/\/www.facebook.com\/credimex.alpnach\/\" \/>\n<meta property=\"article:modified_time\" content=\"2023-06-27T07:26:14+00:00\" \/>\n<meta property=\"og:image\" content=\"https:\/\/www.credimex.ch\/wp-content\/uploads\/2022\/07\/pv06B-1280x1143-1.jpeg\" \/>\n\t<meta property=\"og:image:width\" content=\"1280\" \/>\n\t<meta property=\"og:image:height\" content=\"1143\" \/>\n\t<meta property=\"og:image:type\" content=\"image\/jpeg\" \/>\n<meta name=\"twitter:card\" content=\"summary_large_image\" \/>\n<meta name=\"twitter:label1\" content=\"Gesch\u00e4tzte Lesezeit\" \/>\n\t<meta name=\"twitter:data1\" content=\"2\u00a0Minuten\" \/>\n<script type=\"application\/ld+json\" class=\"yoast-schema-graph\">{\"@context\":\"https:\\\/\\\/schema.org\",\"@graph\":[{\"@type\":\"WebPage\",\"@id\":\"https:\\\/\\\/www.credimex.ch\\\/de\\\/produkt\\\/macvalves-impuls-ventilserie\\\/\",\"url\":\"https:\\\/\\\/www.credimex.ch\\\/de\\\/produkt\\\/macvalves-impuls-ventilserie\\\/\",\"name\":\"MAC Pulse Valve Series - CREDIMEX\",\"isPartOf\":{\"@id\":\"https:\\\/\\\/www.credimex.ch\\\/de\\\/#website\"},\"primaryImageOfPage\":{\"@id\":\"https:\\\/\\\/www.credimex.ch\\\/de\\\/produkt\\\/macvalves-impuls-ventilserie\\\/#primaryimage\"},\"image\":{\"@id\":\"https:\\\/\\\/www.credimex.ch\\\/de\\\/produkt\\\/macvalves-impuls-ventilserie\\\/#primaryimage\"},\"thumbnailUrl\":\"https:\\\/\\\/www.credimex.ch\\\/wp-content\\\/uploads\\\/2022\\\/07\\\/pv06B-1280x1143-1.jpeg\",\"datePublished\":\"2022-07-07T07:30:11+00:00\",\"dateModified\":\"2023-06-27T07:26:14+00:00\",\"description\":\"Die MacValves-Impulsventilserie ersetzt die derzeitige Membrantechnologie und bietet eine robustere und zuverl\u00e4ssigere Ventill\u00f6sung.\",\"breadcrumb\":{\"@id\":\"https:\\\/\\\/www.credimex.ch\\\/de\\\/produkt\\\/macvalves-impuls-ventilserie\\\/#breadcrumb\"},\"inLanguage\":\"de\",\"potentialAction\":[{\"@type\":\"ReadAction\",\"target\":[\"https:\\\/\\\/www.credimex.ch\\\/de\\\/produkt\\\/macvalves-impuls-ventilserie\\\/\"]}]},{\"@type\":\"ImageObject\",\"inLanguage\":\"de\",\"@id\":\"https:\\\/\\\/www.credimex.ch\\\/de\\\/produkt\\\/macvalves-impuls-ventilserie\\\/#primaryimage\",\"url\":\"https:\\\/\\\/www.credimex.ch\\\/wp-content\\\/uploads\\\/2022\\\/07\\\/pv06B-1280x1143-1.jpeg\",\"contentUrl\":\"https:\\\/\\\/www.credimex.ch\\\/wp-content\\\/uploads\\\/2022\\\/07\\\/pv06B-1280x1143-1.jpeg\",\"width\":1280,\"height\":1143},{\"@type\":\"BreadcrumbList\",\"@id\":\"https:\\\/\\\/www.credimex.ch\\\/de\\\/produkt\\\/macvalves-impuls-ventilserie\\\/#breadcrumb\",\"itemListElement\":[{\"@type\":\"ListItem\",\"position\":1,\"name\":\"Home\",\"item\":\"https:\\\/\\\/www.credimex.ch\\\/de\\\/\"},{\"@type\":\"ListItem\",\"position\":2,\"name\":\"Produkte\",\"item\":\"https:\\\/\\\/www.credimex.ch\\\/de\\\/produkte\\\/\"},{\"@type\":\"ListItem\",\"position\":3,\"name\":\"MAC Pulse Valve Series\"}]},{\"@type\":\"WebSite\",\"@id\":\"https:\\\/\\\/www.credimex.ch\\\/de\\\/#website\",\"url\":\"https:\\\/\\\/www.credimex.ch\\\/de\\\/\",\"name\":\"CREDIMEX\",\"description\":\"Partner of Swiss Industrial Market\",\"publisher\":{\"@id\":\"https:\\\/\\\/www.credimex.ch\\\/de\\\/#organization\"},\"potentialAction\":[{\"@type\":\"SearchAction\",\"target\":{\"@type\":\"EntryPoint\",\"urlTemplate\":\"https:\\\/\\\/www.credimex.ch\\\/de\\\/?s={search_term_string}\"},\"query-input\":{\"@type\":\"PropertyValueSpecification\",\"valueRequired\":true,\"valueName\":\"search_term_string\"}}],\"inLanguage\":\"de\"},{\"@type\":\"Organization\",\"@id\":\"https:\\\/\\\/www.credimex.ch\\\/de\\\/#organization\",\"name\":\"credimex\",\"url\":\"https:\\\/\\\/www.credimex.ch\\\/de\\\/\",\"logo\":{\"@type\":\"ImageObject\",\"inLanguage\":\"de\",\"@id\":\"https:\\\/\\\/www.credimex.ch\\\/de\\\/#\\\/schema\\\/logo\\\/image\\\/\",\"url\":\"https:\\\/\\\/www.credimex.ch\\\/wp-content\\\/uploads\\\/2022\\\/03\\\/cropped-logo-credimex.png\",\"contentUrl\":\"https:\\\/\\\/www.credimex.ch\\\/wp-content\\\/uploads\\\/2022\\\/03\\\/cropped-logo-credimex.png\",\"width\":512,\"height\":512,\"caption\":\"credimex\"},\"image\":{\"@id\":\"https:\\\/\\\/www.credimex.ch\\\/de\\\/#\\\/schema\\\/logo\\\/image\\\/\"},\"sameAs\":[\"https:\\\/\\\/www.facebook.com\\\/credimex.alpnach\\\/\",\"https:\\\/\\\/www.linkedin.com\\\/company\\\/credimex\\\/\",\"https:\\\/\\\/www.youtube.com\\\/@CREDIMEX?sub_confirmation=1\"]}]}<\/script>\n<!-- \/ Yoast SEO Premium plugin. -->","yoast_head_json":{"title":"MAC Pulse Valve Series - CREDIMEX","description":"Die MacValves-Impulsventilserie ersetzt die derzeitige Membrantechnologie und bietet eine robustere und zuverl\u00e4ssigere Ventill\u00f6sung.","robots":{"index":"index","follow":"follow","max-snippet":"max-snippet:-1","max-image-preview":"max-image-preview:large","max-video-preview":"max-video-preview:-1"},"canonical":"https:\/\/www.credimex.ch\/de\/produkt\/macvalves-impuls-ventilserie\/","og_locale":"de_DE","og_type":"article","og_title":"MAC Pulse Valve Series","og_description":"Die MacValves-Impulsventilserie ersetzt die derzeitige Membrantechnologie und bietet eine robustere und zuverl\u00e4ssigere Ventill\u00f6sung.","og_url":"https:\/\/www.credimex.ch\/de\/produkt\/macvalves-impuls-ventilserie\/","og_site_name":"CREDIMEX","article_publisher":"https:\/\/www.facebook.com\/credimex.alpnach\/","article_modified_time":"2023-06-27T07:26:14+00:00","og_image":[{"width":1280,"height":1143,"url":"https:\/\/www.credimex.ch\/wp-content\/uploads\/2022\/07\/pv06B-1280x1143-1.jpeg","type":"image\/jpeg"}],"twitter_card":"summary_large_image","twitter_misc":{"Gesch\u00e4tzte Lesezeit":"2\u00a0Minuten"},"schema":{"@context":"https:\/\/schema.org","@graph":[{"@type":"WebPage","@id":"https:\/\/www.credimex.ch\/de\/produkt\/macvalves-impuls-ventilserie\/","url":"https:\/\/www.credimex.ch\/de\/produkt\/macvalves-impuls-ventilserie\/","name":"MAC Pulse Valve Series - CREDIMEX","isPartOf":{"@id":"https:\/\/www.credimex.ch\/de\/#website"},"primaryImageOfPage":{"@id":"https:\/\/www.credimex.ch\/de\/produkt\/macvalves-impuls-ventilserie\/#primaryimage"},"image":{"@id":"https:\/\/www.credimex.ch\/de\/produkt\/macvalves-impuls-ventilserie\/#primaryimage"},"thumbnailUrl":"https:\/\/www.credimex.ch\/wp-content\/uploads\/2022\/07\/pv06B-1280x1143-1.jpeg","datePublished":"2022-07-07T07:30:11+00:00","dateModified":"2023-06-27T07:26:14+00:00","description":"Die MacValves-Impulsventilserie ersetzt die derzeitige Membrantechnologie und bietet eine robustere und zuverl\u00e4ssigere Ventill\u00f6sung.","breadcrumb":{"@id":"https:\/\/www.credimex.ch\/de\/produkt\/macvalves-impuls-ventilserie\/#breadcrumb"},"inLanguage":"de","potentialAction":[{"@type":"ReadAction","target":["https:\/\/www.credimex.ch\/de\/produkt\/macvalves-impuls-ventilserie\/"]}]},{"@type":"ImageObject","inLanguage":"de","@id":"https:\/\/www.credimex.ch\/de\/produkt\/macvalves-impuls-ventilserie\/#primaryimage","url":"https:\/\/www.credimex.ch\/wp-content\/uploads\/2022\/07\/pv06B-1280x1143-1.jpeg","contentUrl":"https:\/\/www.credimex.ch\/wp-content\/uploads\/2022\/07\/pv06B-1280x1143-1.jpeg","width":1280,"height":1143},{"@type":"BreadcrumbList","@id":"https:\/\/www.credimex.ch\/de\/produkt\/macvalves-impuls-ventilserie\/#breadcrumb","itemListElement":[{"@type":"ListItem","position":1,"name":"Home","item":"https:\/\/www.credimex.ch\/de\/"},{"@type":"ListItem","position":2,"name":"Produkte","item":"https:\/\/www.credimex.ch\/de\/produkte\/"},{"@type":"ListItem","position":3,"name":"MAC Pulse Valve Series"}]},{"@type":"WebSite","@id":"https:\/\/www.credimex.ch\/de\/#website","url":"https:\/\/www.credimex.ch\/de\/","name":"CREDIMEX","description":"Partner of Swiss Industrial Market","publisher":{"@id":"https:\/\/www.credimex.ch\/de\/#organization"},"potentialAction":[{"@type":"SearchAction","target":{"@type":"EntryPoint","urlTemplate":"https:\/\/www.credimex.ch\/de\/?s={search_term_string}"},"query-input":{"@type":"PropertyValueSpecification","valueRequired":true,"valueName":"search_term_string"}}],"inLanguage":"de"},{"@type":"Organization","@id":"https:\/\/www.credimex.ch\/de\/#organization","name":"credimex","url":"https:\/\/www.credimex.ch\/de\/","logo":{"@type":"ImageObject","inLanguage":"de","@id":"https:\/\/www.credimex.ch\/de\/#\/schema\/logo\/image\/","url":"https:\/\/www.credimex.ch\/wp-content\/uploads\/2022\/03\/cropped-logo-credimex.png","contentUrl":"https:\/\/www.credimex.ch\/wp-content\/uploads\/2022\/03\/cropped-logo-credimex.png","width":512,"height":512,"caption":"credimex"},"image":{"@id":"https:\/\/www.credimex.ch\/de\/#\/schema\/logo\/image\/"},"sameAs":["https:\/\/www.facebook.com\/credimex.alpnach\/","https:\/\/www.linkedin.com\/company\/credimex\/","https:\/\/www.youtube.com\/@CREDIMEX?sub_confirmation=1"]}]}},"_links":{"self":[{"href":"https:\/\/www.credimex.ch\/de\/wp-json\/wp\/v2\/product\/4077","targetHints":{"allow":["GET"]}}],"collection":[{"href":"https:\/\/www.credimex.ch\/de\/wp-json\/wp\/v2\/product"}],"about":[{"href":"https:\/\/www.credimex.ch\/de\/wp-json\/wp\/v2\/types\/product"}],"replies":[{"embeddable":true,"href":"https:\/\/www.credimex.ch\/de\/wp-json\/wp\/v2\/comments?post=4077"}],"wp:featuredmedia":[{"embeddable":true,"href":"https:\/\/www.credimex.ch\/de\/wp-json\/wp\/v2\/media\/3387"}],"wp:attachment":[{"href":"https:\/\/www.credimex.ch\/de\/wp-json\/wp\/v2\/media?parent=4077"}],"wp:term":[{"taxonomy":"product_brand","embeddable":true,"href":"https:\/\/www.credimex.ch\/de\/wp-json\/wp\/v2\/product_brand?post=4077"},{"taxonomy":"product_cat","embeddable":true,"href":"https:\/\/www.credimex.ch\/de\/wp-json\/wp\/v2\/product_cat?post=4077"},{"taxonomy":"product_tag","embeddable":true,"href":"https:\/\/www.credimex.ch\/de\/wp-json\/wp\/v2\/product_tag?post=4077"}],"curies":[{"name":"wp","href":"https:\/\/api.w.org\/{rel}","templated":true}]}}