{"id":4079,"date":"2022-07-07T09:16:39","date_gmt":"2022-07-07T07:16:39","guid":{"rendered":"https:\/\/www.credimex.ch.mialias.net\/product\/rubloc-isolierungstrenner\/"},"modified":"2023-06-27T09:30:16","modified_gmt":"2023-06-27T07:30:16","slug":"rubloc-isolationstrenner","status":"publish","type":"product","link":"https:\/\/www.credimex.ch\/de\/produkt\/rubloc-isolationstrenner\/","title":{"rendered":"Rubloc Isolierungstrenner"},"content":{"rendered":"<h2>Beschreibung<\/h2>\n<p>RUBLOC Trisolator ist ein Doppelpolstersystem mit einer innenliegenden D\u00e4mpfungsmatte. Die \u00e4usseren Platten sind hart und die innere ist eine weiche Elastomermatte mit kugelf\u00f6rmigen D\u00e4mpfungsprofilen, welche die Schwingungsisolationsf\u00e4higkeit erh\u00f6hen. Die Gesamth\u00f6he des Trisolators betr\u00e4gt 28 mm. Es gibt einen harten, einen weichen und einen ultraweichen Typ.<\/p>\n<h2>Produktvorteile<\/h2>\n<p>Die RUBLOC Trisolatorplatten werden einfach zugeschnitten und unter den Maschinenfuss gelegt. Sie haben die Aufgabe, Schwingungen zu isolieren und die \u00dcbertragung sch\u00e4dlicher Energie zu verhindern (= aktive Isolierung). Dadurch werden auch empfindliche Instrumente vor Umgebungsvibrationen gesch\u00fctzt (= passive Isolierung).<\/p>\n<p>Das dreilagige RUBLOC Trisolatorsystem besteht aus einer oberen und unteren Platte, die mit unterschiedlich hohen, kegelf\u00f6rmigen Noppen versehen sind. Die Isolierung wird in der Mitte durch eine innere Elastomerplatte mit kugelf\u00f6rmigen D\u00e4mpfungsreliefs erg\u00e4nzt.<\/p>\n<p>Die kugelf\u00f6rmigen Profile der Innenplatte sind in elliptische Vertiefungen eingebettet, die die Stabilit\u00e4t der \u00fcbereinander liegenden Schichten gew\u00e4hrleisten. Die Funktion der \u00e4usseren Profile und der inneren Isolierkugeln erg\u00e4nzen sich, sodass eine hohe Schwingungsisolationsf\u00e4higkeit und eine starke Reduzierung der K\u00f6rperschall\u00fcbertragung erreicht wird.<\/p>\n<h2>Anwendung<\/h2>\n<ul>\n<li>Ultraweicher Trisolator f\u00fcr passive Isolierung: Identische Anwendungen wie der Soft-Typ, aber f\u00fcr leichte Ger\u00e4te, bei denen die horizontale Stabilit\u00e4t weniger wichtig ist. Passive Isolierung von Laborinstrumenten, optischen und elektrischen Ger\u00e4ten, Lichtcomputern, Aufzeichnungsger\u00e4ten usw.<\/li>\n<li>Weicher Trisolator f\u00fcr passive Isolierung: Schutz gegen Umgebungsvibrationen von Laborger\u00e4ten, Waagen, Messger\u00e4ten der Uhrenherstellung und der optischen Industrie, elektronischen Kabinen, Instrumenten von Aufnahmestudios, kleinen Computern usw. F\u00fcr aktive Isolierung: Isolierung von Druckern, Lautsprechern, B\u00fcropapierzerkleinerungsmaschinen, leichten Motoren und Pumpen (Klimaanlagen), elektrischen Transformatoren, usw.<\/li>\n<li>Harter Trisolator f\u00fcr aktive Isolierung: Isolierung von Drehmaschinen, Kompressoren, Pumpen, Motoren, Turbinen, Elektrotransformatoren, Klimaanlagen, Aufzugsmotoren, Schleifmaschinen, Sch\u00e4rfmaschinen, Bohr-, Niet-, Schneidemaschinen, Stichs\u00e4gen, Ventilatoren, Blasmaschinen, Kraftwerken, Holzbearbeitungsmaschinen, Hobelmaschinen, Druckanlagen, K\u00fchlanlagen, Kalander, Einspritzmaschinen, Textilwickelmaschinen, schweren Computern, usw.<\/li>\n<\/ul>\n<p>&nbsp;<\/p>\n","protected":false},"excerpt":{"rendered":"<p>Der <strong>Rubloc-Isolationstrisulator<\/strong> hat harte \u00e4ussere Platten und eine weiche innere Elastomermatte, die die Schwingungsisolationsf\u00e4higkeit erh\u00f6ht.<\/p>\n","protected":false},"featured_media":3375,"comment_status":"open","ping_status":"closed","template":"","meta":{"_acf_changed":false},"product_brand":[],"product_cat":[369,351,419,380,379,417,390,370,352,420,628,630,629,418,478],"product_tag":[],"class_list":{"0":"post-4079","1":"product","2":"type-product","3":"status-publish","4":"has-post-thumbnail","6":"product_cat-allgemeine-industrie","7":"product_cat-automobilindustrie","8":"product_cat-batterien","9":"product_cat-e-mobilitat","10":"product_cat-eisenbahn","11":"product_cat-elektronik","12":"product_cat-energie","13":"product_cat-lebensmittelindustrie","14":"product_cat-luft-und-raumfahrtindustrie","15":"product_cat-medizinal-industrie","16":"product_cat-rubloc","17":"product_cat-rubloc-isolationsplatten","18":"product_cat-schwingungsisolierung","19":"product_cat-seilbahnen","20":"product_cat-uhrenherstellung","21":"pa_brands-rubloc-de","23":"first","24":"instock","25":"shipping-taxable","26":"product-type-simple"},"acf":[],"_yoast_wpseo_focuskw":"Rubloc Isolierungstrenner","_yoast_wpseo_metadesc":"Der Rubloc-Isolationstrisulator hat harte \u00e4ussere Platten und eine weiche innere Elastomermatte, die die Schwingungsisolationsf\u00e4higkeit erh\u00f6ht.","yoast_head":"<!-- This site is optimized with the Yoast SEO Premium plugin v21.6 (Yoast SEO v27.4) - https:\/\/yoast.com\/product\/yoast-seo-premium-wordpress\/ -->\n<title>Rubloc Isolierungstrenner - CREDIMEX<\/title>\n<meta name=\"description\" content=\"Der Rubloc-Isolationstrisulator hat harte \u00e4ussere Platten und eine weiche innere Elastomermatte, die die Schwingungsisolationsf\u00e4higkeit erh\u00f6ht.\" \/>\n<meta name=\"robots\" content=\"index, follow, max-snippet:-1, max-image-preview:large, max-video-preview:-1\" \/>\n<link rel=\"canonical\" href=\"https:\/\/www.credimex.ch\/de\/produkt\/rubloc-isolationstrenner\/\" \/>\n<meta property=\"og:locale\" content=\"de_DE\" \/>\n<meta property=\"og:type\" content=\"article\" \/>\n<meta property=\"og:title\" content=\"Rubloc Isolierungstrenner\" \/>\n<meta property=\"og:description\" content=\"Der Rubloc-Isolationstrisulator hat harte \u00e4ussere Platten und eine weiche innere Elastomermatte, die die Schwingungsisolationsf\u00e4higkeit erh\u00f6ht.\" \/>\n<meta property=\"og:url\" content=\"https:\/\/www.credimex.ch\/de\/produkt\/rubloc-isolationstrenner\/\" \/>\n<meta property=\"og:site_name\" content=\"CREDIMEX\" \/>\n<meta property=\"article:publisher\" content=\"https:\/\/www.facebook.com\/credimex.alpnach\/\" \/>\n<meta property=\"article:modified_time\" content=\"2023-06-27T07:30:16+00:00\" \/>\n<meta property=\"og:image\" content=\"https:\/\/www.credimex.ch\/wp-content\/uploads\/2022\/07\/25.png\" \/>\n\t<meta property=\"og:image:width\" content=\"800\" \/>\n\t<meta property=\"og:image:height\" content=\"800\" \/>\n\t<meta property=\"og:image:type\" content=\"image\/png\" \/>\n<meta name=\"twitter:card\" content=\"summary_large_image\" \/>\n<meta name=\"twitter:label1\" content=\"Gesch\u00e4tzte Lesezeit\" \/>\n\t<meta name=\"twitter:data1\" content=\"2\u00a0Minuten\" \/>\n<script type=\"application\/ld+json\" class=\"yoast-schema-graph\">{\"@context\":\"https:\\\/\\\/schema.org\",\"@graph\":[{\"@type\":\"WebPage\",\"@id\":\"https:\\\/\\\/www.credimex.ch\\\/de\\\/produkt\\\/rubloc-isolationstrenner\\\/\",\"url\":\"https:\\\/\\\/www.credimex.ch\\\/de\\\/produkt\\\/rubloc-isolationstrenner\\\/\",\"name\":\"Rubloc Isolierungstrenner - CREDIMEX\",\"isPartOf\":{\"@id\":\"https:\\\/\\\/www.credimex.ch\\\/de\\\/#website\"},\"primaryImageOfPage\":{\"@id\":\"https:\\\/\\\/www.credimex.ch\\\/de\\\/produkt\\\/rubloc-isolationstrenner\\\/#primaryimage\"},\"image\":{\"@id\":\"https:\\\/\\\/www.credimex.ch\\\/de\\\/produkt\\\/rubloc-isolationstrenner\\\/#primaryimage\"},\"thumbnailUrl\":\"https:\\\/\\\/www.credimex.ch\\\/wp-content\\\/uploads\\\/2022\\\/07\\\/25.png\",\"datePublished\":\"2022-07-07T07:16:39+00:00\",\"dateModified\":\"2023-06-27T07:30:16+00:00\",\"description\":\"Der Rubloc-Isolationstrisulator hat harte \u00e4ussere Platten und eine weiche innere Elastomermatte, die die Schwingungsisolationsf\u00e4higkeit erh\u00f6ht.\",\"breadcrumb\":{\"@id\":\"https:\\\/\\\/www.credimex.ch\\\/de\\\/produkt\\\/rubloc-isolationstrenner\\\/#breadcrumb\"},\"inLanguage\":\"de\",\"potentialAction\":[{\"@type\":\"ReadAction\",\"target\":[\"https:\\\/\\\/www.credimex.ch\\\/de\\\/produkt\\\/rubloc-isolationstrenner\\\/\"]}]},{\"@type\":\"ImageObject\",\"inLanguage\":\"de\",\"@id\":\"https:\\\/\\\/www.credimex.ch\\\/de\\\/produkt\\\/rubloc-isolationstrenner\\\/#primaryimage\",\"url\":\"https:\\\/\\\/www.credimex.ch\\\/wp-content\\\/uploads\\\/2022\\\/07\\\/25.png\",\"contentUrl\":\"https:\\\/\\\/www.credimex.ch\\\/wp-content\\\/uploads\\\/2022\\\/07\\\/25.png\",\"width\":800,\"height\":800},{\"@type\":\"BreadcrumbList\",\"@id\":\"https:\\\/\\\/www.credimex.ch\\\/de\\\/produkt\\\/rubloc-isolationstrenner\\\/#breadcrumb\",\"itemListElement\":[{\"@type\":\"ListItem\",\"position\":1,\"name\":\"Home\",\"item\":\"https:\\\/\\\/www.credimex.ch\\\/de\\\/\"},{\"@type\":\"ListItem\",\"position\":2,\"name\":\"Produkte\",\"item\":\"https:\\\/\\\/www.credimex.ch\\\/de\\\/produkte\\\/\"},{\"@type\":\"ListItem\",\"position\":3,\"name\":\"Rubloc Isolierungstrenner\"}]},{\"@type\":\"WebSite\",\"@id\":\"https:\\\/\\\/www.credimex.ch\\\/de\\\/#website\",\"url\":\"https:\\\/\\\/www.credimex.ch\\\/de\\\/\",\"name\":\"CREDIMEX\",\"description\":\"Partner of Swiss Industrial Market\",\"publisher\":{\"@id\":\"https:\\\/\\\/www.credimex.ch\\\/de\\\/#organization\"},\"potentialAction\":[{\"@type\":\"SearchAction\",\"target\":{\"@type\":\"EntryPoint\",\"urlTemplate\":\"https:\\\/\\\/www.credimex.ch\\\/de\\\/?s={search_term_string}\"},\"query-input\":{\"@type\":\"PropertyValueSpecification\",\"valueRequired\":true,\"valueName\":\"search_term_string\"}}],\"inLanguage\":\"de\"},{\"@type\":\"Organization\",\"@id\":\"https:\\\/\\\/www.credimex.ch\\\/de\\\/#organization\",\"name\":\"credimex\",\"url\":\"https:\\\/\\\/www.credimex.ch\\\/de\\\/\",\"logo\":{\"@type\":\"ImageObject\",\"inLanguage\":\"de\",\"@id\":\"https:\\\/\\\/www.credimex.ch\\\/de\\\/#\\\/schema\\\/logo\\\/image\\\/\",\"url\":\"https:\\\/\\\/www.credimex.ch\\\/wp-content\\\/uploads\\\/2022\\\/03\\\/cropped-logo-credimex.png\",\"contentUrl\":\"https:\\\/\\\/www.credimex.ch\\\/wp-content\\\/uploads\\\/2022\\\/03\\\/cropped-logo-credimex.png\",\"width\":512,\"height\":512,\"caption\":\"credimex\"},\"image\":{\"@id\":\"https:\\\/\\\/www.credimex.ch\\\/de\\\/#\\\/schema\\\/logo\\\/image\\\/\"},\"sameAs\":[\"https:\\\/\\\/www.facebook.com\\\/credimex.alpnach\\\/\",\"https:\\\/\\\/www.linkedin.com\\\/company\\\/credimex\\\/\",\"https:\\\/\\\/www.youtube.com\\\/@CREDIMEX?sub_confirmation=1\"]}]}<\/script>\n<!-- \/ Yoast SEO Premium plugin. -->","yoast_head_json":{"title":"Rubloc Isolierungstrenner - CREDIMEX","description":"Der Rubloc-Isolationstrisulator hat harte \u00e4ussere Platten und eine weiche innere Elastomermatte, die die Schwingungsisolationsf\u00e4higkeit erh\u00f6ht.","robots":{"index":"index","follow":"follow","max-snippet":"max-snippet:-1","max-image-preview":"max-image-preview:large","max-video-preview":"max-video-preview:-1"},"canonical":"https:\/\/www.credimex.ch\/de\/produkt\/rubloc-isolationstrenner\/","og_locale":"de_DE","og_type":"article","og_title":"Rubloc Isolierungstrenner","og_description":"Der Rubloc-Isolationstrisulator hat harte \u00e4ussere Platten und eine weiche innere Elastomermatte, die die Schwingungsisolationsf\u00e4higkeit erh\u00f6ht.","og_url":"https:\/\/www.credimex.ch\/de\/produkt\/rubloc-isolationstrenner\/","og_site_name":"CREDIMEX","article_publisher":"https:\/\/www.facebook.com\/credimex.alpnach\/","article_modified_time":"2023-06-27T07:30:16+00:00","og_image":[{"width":800,"height":800,"url":"https:\/\/www.credimex.ch\/wp-content\/uploads\/2022\/07\/25.png","type":"image\/png"}],"twitter_card":"summary_large_image","twitter_misc":{"Gesch\u00e4tzte Lesezeit":"2\u00a0Minuten"},"schema":{"@context":"https:\/\/schema.org","@graph":[{"@type":"WebPage","@id":"https:\/\/www.credimex.ch\/de\/produkt\/rubloc-isolationstrenner\/","url":"https:\/\/www.credimex.ch\/de\/produkt\/rubloc-isolationstrenner\/","name":"Rubloc Isolierungstrenner - CREDIMEX","isPartOf":{"@id":"https:\/\/www.credimex.ch\/de\/#website"},"primaryImageOfPage":{"@id":"https:\/\/www.credimex.ch\/de\/produkt\/rubloc-isolationstrenner\/#primaryimage"},"image":{"@id":"https:\/\/www.credimex.ch\/de\/produkt\/rubloc-isolationstrenner\/#primaryimage"},"thumbnailUrl":"https:\/\/www.credimex.ch\/wp-content\/uploads\/2022\/07\/25.png","datePublished":"2022-07-07T07:16:39+00:00","dateModified":"2023-06-27T07:30:16+00:00","description":"Der Rubloc-Isolationstrisulator hat harte \u00e4ussere Platten und eine weiche innere Elastomermatte, die die Schwingungsisolationsf\u00e4higkeit erh\u00f6ht.","breadcrumb":{"@id":"https:\/\/www.credimex.ch\/de\/produkt\/rubloc-isolationstrenner\/#breadcrumb"},"inLanguage":"de","potentialAction":[{"@type":"ReadAction","target":["https:\/\/www.credimex.ch\/de\/produkt\/rubloc-isolationstrenner\/"]}]},{"@type":"ImageObject","inLanguage":"de","@id":"https:\/\/www.credimex.ch\/de\/produkt\/rubloc-isolationstrenner\/#primaryimage","url":"https:\/\/www.credimex.ch\/wp-content\/uploads\/2022\/07\/25.png","contentUrl":"https:\/\/www.credimex.ch\/wp-content\/uploads\/2022\/07\/25.png","width":800,"height":800},{"@type":"BreadcrumbList","@id":"https:\/\/www.credimex.ch\/de\/produkt\/rubloc-isolationstrenner\/#breadcrumb","itemListElement":[{"@type":"ListItem","position":1,"name":"Home","item":"https:\/\/www.credimex.ch\/de\/"},{"@type":"ListItem","position":2,"name":"Produkte","item":"https:\/\/www.credimex.ch\/de\/produkte\/"},{"@type":"ListItem","position":3,"name":"Rubloc Isolierungstrenner"}]},{"@type":"WebSite","@id":"https:\/\/www.credimex.ch\/de\/#website","url":"https:\/\/www.credimex.ch\/de\/","name":"CREDIMEX","description":"Partner of Swiss Industrial Market","publisher":{"@id":"https:\/\/www.credimex.ch\/de\/#organization"},"potentialAction":[{"@type":"SearchAction","target":{"@type":"EntryPoint","urlTemplate":"https:\/\/www.credimex.ch\/de\/?s={search_term_string}"},"query-input":{"@type":"PropertyValueSpecification","valueRequired":true,"valueName":"search_term_string"}}],"inLanguage":"de"},{"@type":"Organization","@id":"https:\/\/www.credimex.ch\/de\/#organization","name":"credimex","url":"https:\/\/www.credimex.ch\/de\/","logo":{"@type":"ImageObject","inLanguage":"de","@id":"https:\/\/www.credimex.ch\/de\/#\/schema\/logo\/image\/","url":"https:\/\/www.credimex.ch\/wp-content\/uploads\/2022\/03\/cropped-logo-credimex.png","contentUrl":"https:\/\/www.credimex.ch\/wp-content\/uploads\/2022\/03\/cropped-logo-credimex.png","width":512,"height":512,"caption":"credimex"},"image":{"@id":"https:\/\/www.credimex.ch\/de\/#\/schema\/logo\/image\/"},"sameAs":["https:\/\/www.facebook.com\/credimex.alpnach\/","https:\/\/www.linkedin.com\/company\/credimex\/","https:\/\/www.youtube.com\/@CREDIMEX?sub_confirmation=1"]}]}},"_links":{"self":[{"href":"https:\/\/www.credimex.ch\/de\/wp-json\/wp\/v2\/product\/4079","targetHints":{"allow":["GET"]}}],"collection":[{"href":"https:\/\/www.credimex.ch\/de\/wp-json\/wp\/v2\/product"}],"about":[{"href":"https:\/\/www.credimex.ch\/de\/wp-json\/wp\/v2\/types\/product"}],"replies":[{"embeddable":true,"href":"https:\/\/www.credimex.ch\/de\/wp-json\/wp\/v2\/comments?post=4079"}],"wp:featuredmedia":[{"embeddable":true,"href":"https:\/\/www.credimex.ch\/de\/wp-json\/wp\/v2\/media\/3375"}],"wp:attachment":[{"href":"https:\/\/www.credimex.ch\/de\/wp-json\/wp\/v2\/media?parent=4079"}],"wp:term":[{"taxonomy":"product_brand","embeddable":true,"href":"https:\/\/www.credimex.ch\/de\/wp-json\/wp\/v2\/product_brand?post=4079"},{"taxonomy":"product_cat","embeddable":true,"href":"https:\/\/www.credimex.ch\/de\/wp-json\/wp\/v2\/product_cat?post=4079"},{"taxonomy":"product_tag","embeddable":true,"href":"https:\/\/www.credimex.ch\/de\/wp-json\/wp\/v2\/product_tag?post=4079"}],"curies":[{"name":"wp","href":"https:\/\/api.w.org\/{rel}","templated":true}]}}