{"id":4081,"date":"2022-07-07T09:07:39","date_gmt":"2022-07-07T07:07:39","guid":{"rendered":"https:\/\/www.credimex.ch.mialias.net\/product\/rubloc-isolierplatten\/"},"modified":"2023-06-27T09:31:50","modified_gmt":"2023-06-27T07:31:50","slug":"rubloc-isolierplatten","status":"publish","type":"product","link":"https:\/\/www.credimex.ch\/de\/produkt\/rubloc-isolierplatten\/","title":{"rendered":"Rubloc Isolierplatten"},"content":{"rendered":"<h2>Beschreibung<\/h2>\n<p>Wenn die Rubloc-Isolierpads Vibrationen ausgesetzt sind, reagieren sie mit gleichzeitiger Kompression und Biegung Dabei wird die Vibrationsenergie in W\u00e4rme umgewandelt. Die Pads haben eine unregelm\u00e4ssige Form, was die Isolationseigenschaften verbessert, indem eine interne Wellenspannung in das Pad eingebracht wird. Die Pads erf\u00fcllen hohe Anforderungen an chemische Best\u00e4ndigkeit und Erm\u00fcdung. Da der Belag aus einer Gummimischung besteht, tritt ein Alterungseffekt auf, aber er ist dennoch sehr widerstandsf\u00e4hig, sodass die Lebensdauer des Belags je nach Einsatzgebiet zwischen 15 und 20 Jahren liegt.<\/p>\n<h2>Produktvorteile<\/h2>\n<p>Durch den Einsatz der RUBLOC-Isolierpads werden die von der Maschine erzeugten Vibrationen ged\u00e4mpft, was nicht nur empfindliche Ger\u00e4te wie Computer, Mess- und Laborger\u00e4te vor der Zerst\u00f6rung bewahrt, sondern auch eine angenehmere Umgebung f\u00fcr den Menschen schafft, der neben der Maschine arbeitet. Ausserdem wird die Lebensdauer der Maschine erh\u00f6ht.<\/p>\n<h2>Anwendung<\/h2>\n<p>Weiche Pads zur passiven Isolierung bieten Schutz f\u00fcr empfindliche Instrumente und Ger\u00e4te. Weiche Unterlagen f\u00fcr die aktive Isolierung werden f\u00fcr die Isolierung von Kompressoren, Pumpen, die auf kleinen Betonbl\u00f6cken montiert sind, Ventilatoren, Elektrizit\u00e4tswerken, Wechselstromgeneratoren, Gebl\u00e4sen, Generatoren usw. verwendet.<\/p>\n<p>Mittlere Pads f\u00fcr die aktive Isolierung sorgen f\u00fcr die Isolierung von schweren Fundamentbl\u00f6cken oder schwimmenden B\u00f6den (Verwendung von kleinen Pads). Diese werden f\u00fcr die Installation aller Arten von Dreh- und Werkzeugmaschinen, leichten Pressen, schweren Kompressoren, Textilmaschinen, Druckmaschinen, Metall- und Papierscheren, Energieaggregaten, Bohrmaschinen, Gas- und Dampfturbinen, Stanz-, Fr\u00e4s- und S\u00e4gemaschinen, Kunststoffspritzgussmaschinen, Holzbearbeitungsmaschinen, Generatoren, Br\u00fcckenkranisolierungen (Schienen) usw. verwendet.<\/p>\n<p>Harte Pads f\u00fcr die aktive Isolierung haben die gleichen Anwendungsm\u00f6glichkeiten wie der mittlere Typ, jedoch mit einer h\u00f6heren Druckbest\u00e4ndigkeit. Diese sehr widerstandsf\u00e4hige, harte Qualit\u00e4tsplatte hat ein etwas geringeres Isolierverm\u00f6gen. F\u00fcr die Aufstellung von schweren Maschinen wie Pressen mit hohem Schwerpunkt, die horizontale Schwingungen erzeugen k\u00f6nnen. Typische Anwendung ist die Montage von Flachschleifmaschinen, Hobelmaschinen usw., die eine pr\u00e4zise horizontale Stabilit\u00e4t erfordern.<\/p>\n","protected":false},"excerpt":{"rendered":"<p>Die <strong>Rubloc-Isolierpads<\/strong> dr\u00fccken und biegen sich gleichzeitig, wenn sie Vibrationen ausgesetzt sind, und wandeln die Vibrationsenergie in W\u00e4rme um.<\/p>\n","protected":false},"featured_media":3377,"comment_status":"open","ping_status":"closed","template":"","meta":{"_acf_changed":false},"product_brand":[],"product_cat":[369,351,419,380,379,417,390,370,352,420,628,630,629,418,478],"product_tag":[],"class_list":{"0":"post-4081","1":"product","2":"type-product","3":"status-publish","4":"has-post-thumbnail","6":"product_cat-allgemeine-industrie","7":"product_cat-automobilindustrie","8":"product_cat-batterien","9":"product_cat-e-mobilitat","10":"product_cat-eisenbahn","11":"product_cat-elektronik","12":"product_cat-energie","13":"product_cat-lebensmittelindustrie","14":"product_cat-luft-und-raumfahrtindustrie","15":"product_cat-medizinal-industrie","16":"product_cat-rubloc","17":"product_cat-rubloc-isolationsplatten","18":"product_cat-schwingungsisolierung","19":"product_cat-seilbahnen","20":"product_cat-uhrenherstellung","21":"pa_brands-rubloc-de","23":"first","24":"instock","25":"shipping-taxable","26":"product-type-simple"},"acf":[],"_yoast_wpseo_focuskw":"Rubloc Isolierplatten","_yoast_wpseo_metadesc":"Die Rubloc-Isolierpads dr\u00fccken und biegen sich gleichzeitig, wenn sie Vibrationen ausgesetzt sind, und wandeln die Vibrationsenergie in W\u00e4rme um.","yoast_head":"<!-- This site is optimized with the Yoast SEO Premium plugin v21.6 (Yoast SEO v27.4) - https:\/\/yoast.com\/product\/yoast-seo-premium-wordpress\/ -->\n<title>Rubloc Isolierplatten - CREDIMEX<\/title>\n<meta name=\"description\" content=\"Die Rubloc-Isolierpads dr\u00fccken und biegen sich gleichzeitig, wenn sie Vibrationen ausgesetzt sind, und wandeln die Vibrationsenergie in W\u00e4rme um.\" \/>\n<meta name=\"robots\" content=\"index, follow, max-snippet:-1, max-image-preview:large, max-video-preview:-1\" \/>\n<link rel=\"canonical\" href=\"https:\/\/www.credimex.ch\/de\/produkt\/rubloc-isolierplatten\/\" \/>\n<meta property=\"og:locale\" content=\"de_DE\" \/>\n<meta property=\"og:type\" content=\"article\" \/>\n<meta property=\"og:title\" content=\"Rubloc Isolierplatten\" \/>\n<meta property=\"og:description\" content=\"Die Rubloc-Isolierpads dr\u00fccken und biegen sich gleichzeitig, wenn sie Vibrationen ausgesetzt sind, und wandeln die Vibrationsenergie in W\u00e4rme um.\" \/>\n<meta property=\"og:url\" content=\"https:\/\/www.credimex.ch\/de\/produkt\/rubloc-isolierplatten\/\" \/>\n<meta property=\"og:site_name\" content=\"CREDIMEX\" \/>\n<meta property=\"article:publisher\" content=\"https:\/\/www.facebook.com\/credimex.alpnach\/\" \/>\n<meta property=\"article:modified_time\" content=\"2023-06-27T07:31:50+00:00\" \/>\n<meta property=\"og:image\" content=\"https:\/\/www.credimex.ch\/wp-content\/uploads\/2022\/07\/26.png\" \/>\n\t<meta property=\"og:image:width\" content=\"800\" \/>\n\t<meta property=\"og:image:height\" content=\"800\" \/>\n\t<meta property=\"og:image:type\" content=\"image\/png\" \/>\n<meta name=\"twitter:card\" content=\"summary_large_image\" \/>\n<meta name=\"twitter:label1\" content=\"Gesch\u00e4tzte Lesezeit\" \/>\n\t<meta name=\"twitter:data1\" content=\"2\u00a0Minuten\" \/>\n<script type=\"application\/ld+json\" class=\"yoast-schema-graph\">{\"@context\":\"https:\\\/\\\/schema.org\",\"@graph\":[{\"@type\":\"WebPage\",\"@id\":\"https:\\\/\\\/www.credimex.ch\\\/de\\\/produkt\\\/rubloc-isolierplatten\\\/\",\"url\":\"https:\\\/\\\/www.credimex.ch\\\/de\\\/produkt\\\/rubloc-isolierplatten\\\/\",\"name\":\"Rubloc Isolierplatten - CREDIMEX\",\"isPartOf\":{\"@id\":\"https:\\\/\\\/www.credimex.ch\\\/de\\\/#website\"},\"primaryImageOfPage\":{\"@id\":\"https:\\\/\\\/www.credimex.ch\\\/de\\\/produkt\\\/rubloc-isolierplatten\\\/#primaryimage\"},\"image\":{\"@id\":\"https:\\\/\\\/www.credimex.ch\\\/de\\\/produkt\\\/rubloc-isolierplatten\\\/#primaryimage\"},\"thumbnailUrl\":\"https:\\\/\\\/www.credimex.ch\\\/wp-content\\\/uploads\\\/2022\\\/07\\\/26.png\",\"datePublished\":\"2022-07-07T07:07:39+00:00\",\"dateModified\":\"2023-06-27T07:31:50+00:00\",\"description\":\"Die Rubloc-Isolierpads dr\u00fccken und biegen sich gleichzeitig, wenn sie Vibrationen ausgesetzt sind, und wandeln die Vibrationsenergie in W\u00e4rme um.\",\"breadcrumb\":{\"@id\":\"https:\\\/\\\/www.credimex.ch\\\/de\\\/produkt\\\/rubloc-isolierplatten\\\/#breadcrumb\"},\"inLanguage\":\"de\",\"potentialAction\":[{\"@type\":\"ReadAction\",\"target\":[\"https:\\\/\\\/www.credimex.ch\\\/de\\\/produkt\\\/rubloc-isolierplatten\\\/\"]}]},{\"@type\":\"ImageObject\",\"inLanguage\":\"de\",\"@id\":\"https:\\\/\\\/www.credimex.ch\\\/de\\\/produkt\\\/rubloc-isolierplatten\\\/#primaryimage\",\"url\":\"https:\\\/\\\/www.credimex.ch\\\/wp-content\\\/uploads\\\/2022\\\/07\\\/26.png\",\"contentUrl\":\"https:\\\/\\\/www.credimex.ch\\\/wp-content\\\/uploads\\\/2022\\\/07\\\/26.png\",\"width\":800,\"height\":800},{\"@type\":\"BreadcrumbList\",\"@id\":\"https:\\\/\\\/www.credimex.ch\\\/de\\\/produkt\\\/rubloc-isolierplatten\\\/#breadcrumb\",\"itemListElement\":[{\"@type\":\"ListItem\",\"position\":1,\"name\":\"Home\",\"item\":\"https:\\\/\\\/www.credimex.ch\\\/de\\\/\"},{\"@type\":\"ListItem\",\"position\":2,\"name\":\"Produkte\",\"item\":\"https:\\\/\\\/www.credimex.ch\\\/de\\\/produkte\\\/\"},{\"@type\":\"ListItem\",\"position\":3,\"name\":\"Rubloc Isolierplatten\"}]},{\"@type\":\"WebSite\",\"@id\":\"https:\\\/\\\/www.credimex.ch\\\/de\\\/#website\",\"url\":\"https:\\\/\\\/www.credimex.ch\\\/de\\\/\",\"name\":\"CREDIMEX\",\"description\":\"Partner of Swiss Industrial Market\",\"publisher\":{\"@id\":\"https:\\\/\\\/www.credimex.ch\\\/de\\\/#organization\"},\"potentialAction\":[{\"@type\":\"SearchAction\",\"target\":{\"@type\":\"EntryPoint\",\"urlTemplate\":\"https:\\\/\\\/www.credimex.ch\\\/de\\\/?s={search_term_string}\"},\"query-input\":{\"@type\":\"PropertyValueSpecification\",\"valueRequired\":true,\"valueName\":\"search_term_string\"}}],\"inLanguage\":\"de\"},{\"@type\":\"Organization\",\"@id\":\"https:\\\/\\\/www.credimex.ch\\\/de\\\/#organization\",\"name\":\"credimex\",\"url\":\"https:\\\/\\\/www.credimex.ch\\\/de\\\/\",\"logo\":{\"@type\":\"ImageObject\",\"inLanguage\":\"de\",\"@id\":\"https:\\\/\\\/www.credimex.ch\\\/de\\\/#\\\/schema\\\/logo\\\/image\\\/\",\"url\":\"https:\\\/\\\/www.credimex.ch\\\/wp-content\\\/uploads\\\/2022\\\/03\\\/cropped-logo-credimex.png\",\"contentUrl\":\"https:\\\/\\\/www.credimex.ch\\\/wp-content\\\/uploads\\\/2022\\\/03\\\/cropped-logo-credimex.png\",\"width\":512,\"height\":512,\"caption\":\"credimex\"},\"image\":{\"@id\":\"https:\\\/\\\/www.credimex.ch\\\/de\\\/#\\\/schema\\\/logo\\\/image\\\/\"},\"sameAs\":[\"https:\\\/\\\/www.facebook.com\\\/credimex.alpnach\\\/\",\"https:\\\/\\\/www.linkedin.com\\\/company\\\/credimex\\\/\",\"https:\\\/\\\/www.youtube.com\\\/@CREDIMEX?sub_confirmation=1\"]}]}<\/script>\n<!-- \/ Yoast SEO Premium plugin. -->","yoast_head_json":{"title":"Rubloc Isolierplatten - CREDIMEX","description":"Die Rubloc-Isolierpads dr\u00fccken und biegen sich gleichzeitig, wenn sie Vibrationen ausgesetzt sind, und wandeln die Vibrationsenergie in W\u00e4rme um.","robots":{"index":"index","follow":"follow","max-snippet":"max-snippet:-1","max-image-preview":"max-image-preview:large","max-video-preview":"max-video-preview:-1"},"canonical":"https:\/\/www.credimex.ch\/de\/produkt\/rubloc-isolierplatten\/","og_locale":"de_DE","og_type":"article","og_title":"Rubloc Isolierplatten","og_description":"Die Rubloc-Isolierpads dr\u00fccken und biegen sich gleichzeitig, wenn sie Vibrationen ausgesetzt sind, und wandeln die Vibrationsenergie in W\u00e4rme um.","og_url":"https:\/\/www.credimex.ch\/de\/produkt\/rubloc-isolierplatten\/","og_site_name":"CREDIMEX","article_publisher":"https:\/\/www.facebook.com\/credimex.alpnach\/","article_modified_time":"2023-06-27T07:31:50+00:00","og_image":[{"width":800,"height":800,"url":"https:\/\/www.credimex.ch\/wp-content\/uploads\/2022\/07\/26.png","type":"image\/png"}],"twitter_card":"summary_large_image","twitter_misc":{"Gesch\u00e4tzte Lesezeit":"2\u00a0Minuten"},"schema":{"@context":"https:\/\/schema.org","@graph":[{"@type":"WebPage","@id":"https:\/\/www.credimex.ch\/de\/produkt\/rubloc-isolierplatten\/","url":"https:\/\/www.credimex.ch\/de\/produkt\/rubloc-isolierplatten\/","name":"Rubloc Isolierplatten - CREDIMEX","isPartOf":{"@id":"https:\/\/www.credimex.ch\/de\/#website"},"primaryImageOfPage":{"@id":"https:\/\/www.credimex.ch\/de\/produkt\/rubloc-isolierplatten\/#primaryimage"},"image":{"@id":"https:\/\/www.credimex.ch\/de\/produkt\/rubloc-isolierplatten\/#primaryimage"},"thumbnailUrl":"https:\/\/www.credimex.ch\/wp-content\/uploads\/2022\/07\/26.png","datePublished":"2022-07-07T07:07:39+00:00","dateModified":"2023-06-27T07:31:50+00:00","description":"Die Rubloc-Isolierpads dr\u00fccken und biegen sich gleichzeitig, wenn sie Vibrationen ausgesetzt sind, und wandeln die Vibrationsenergie in W\u00e4rme um.","breadcrumb":{"@id":"https:\/\/www.credimex.ch\/de\/produkt\/rubloc-isolierplatten\/#breadcrumb"},"inLanguage":"de","potentialAction":[{"@type":"ReadAction","target":["https:\/\/www.credimex.ch\/de\/produkt\/rubloc-isolierplatten\/"]}]},{"@type":"ImageObject","inLanguage":"de","@id":"https:\/\/www.credimex.ch\/de\/produkt\/rubloc-isolierplatten\/#primaryimage","url":"https:\/\/www.credimex.ch\/wp-content\/uploads\/2022\/07\/26.png","contentUrl":"https:\/\/www.credimex.ch\/wp-content\/uploads\/2022\/07\/26.png","width":800,"height":800},{"@type":"BreadcrumbList","@id":"https:\/\/www.credimex.ch\/de\/produkt\/rubloc-isolierplatten\/#breadcrumb","itemListElement":[{"@type":"ListItem","position":1,"name":"Home","item":"https:\/\/www.credimex.ch\/de\/"},{"@type":"ListItem","position":2,"name":"Produkte","item":"https:\/\/www.credimex.ch\/de\/produkte\/"},{"@type":"ListItem","position":3,"name":"Rubloc Isolierplatten"}]},{"@type":"WebSite","@id":"https:\/\/www.credimex.ch\/de\/#website","url":"https:\/\/www.credimex.ch\/de\/","name":"CREDIMEX","description":"Partner of Swiss Industrial Market","publisher":{"@id":"https:\/\/www.credimex.ch\/de\/#organization"},"potentialAction":[{"@type":"SearchAction","target":{"@type":"EntryPoint","urlTemplate":"https:\/\/www.credimex.ch\/de\/?s={search_term_string}"},"query-input":{"@type":"PropertyValueSpecification","valueRequired":true,"valueName":"search_term_string"}}],"inLanguage":"de"},{"@type":"Organization","@id":"https:\/\/www.credimex.ch\/de\/#organization","name":"credimex","url":"https:\/\/www.credimex.ch\/de\/","logo":{"@type":"ImageObject","inLanguage":"de","@id":"https:\/\/www.credimex.ch\/de\/#\/schema\/logo\/image\/","url":"https:\/\/www.credimex.ch\/wp-content\/uploads\/2022\/03\/cropped-logo-credimex.png","contentUrl":"https:\/\/www.credimex.ch\/wp-content\/uploads\/2022\/03\/cropped-logo-credimex.png","width":512,"height":512,"caption":"credimex"},"image":{"@id":"https:\/\/www.credimex.ch\/de\/#\/schema\/logo\/image\/"},"sameAs":["https:\/\/www.facebook.com\/credimex.alpnach\/","https:\/\/www.linkedin.com\/company\/credimex\/","https:\/\/www.youtube.com\/@CREDIMEX?sub_confirmation=1"]}]}},"_links":{"self":[{"href":"https:\/\/www.credimex.ch\/de\/wp-json\/wp\/v2\/product\/4081","targetHints":{"allow":["GET"]}}],"collection":[{"href":"https:\/\/www.credimex.ch\/de\/wp-json\/wp\/v2\/product"}],"about":[{"href":"https:\/\/www.credimex.ch\/de\/wp-json\/wp\/v2\/types\/product"}],"replies":[{"embeddable":true,"href":"https:\/\/www.credimex.ch\/de\/wp-json\/wp\/v2\/comments?post=4081"}],"wp:featuredmedia":[{"embeddable":true,"href":"https:\/\/www.credimex.ch\/de\/wp-json\/wp\/v2\/media\/3377"}],"wp:attachment":[{"href":"https:\/\/www.credimex.ch\/de\/wp-json\/wp\/v2\/media?parent=4081"}],"wp:term":[{"taxonomy":"product_brand","embeddable":true,"href":"https:\/\/www.credimex.ch\/de\/wp-json\/wp\/v2\/product_brand?post=4081"},{"taxonomy":"product_cat","embeddable":true,"href":"https:\/\/www.credimex.ch\/de\/wp-json\/wp\/v2\/product_cat?post=4081"},{"taxonomy":"product_tag","embeddable":true,"href":"https:\/\/www.credimex.ch\/de\/wp-json\/wp\/v2\/product_tag?post=4081"}],"curies":[{"name":"wp","href":"https:\/\/api.w.org\/{rel}","templated":true}]}}