{"id":4100,"date":"2022-05-17T11:30:34","date_gmt":"2022-05-17T09:30:34","guid":{"rendered":"https:\/\/www.credimex.ch.mialias.net\/product\/jax-pyro-kote-fg-cst-350\/"},"modified":"2023-02-23T15:38:49","modified_gmt":"2023-02-23T14:38:49","slug":"jax-pyro-kote-fg-cst-350","status":"publish","type":"product","link":"https:\/\/www.credimex.ch\/de\/produkt\/jax-pyro-kote-fg-cst-350\/","title":{"rendered":"JAX Pyro-Kote FG CST 350"},"content":{"rendered":"<h2>Beschreibung<\/h2>\n<p>Die synthetischen Hochtemperatur-Schmier\u00f6le der JAX Pyro-Kote\u00ae FG-Reihe entsprechen der Norm 21 CFR 178.3570 als H1-Schmierstoffe f\u00fcr den Lebensmittelkontakt. Die \u00d6le der JAX Pyro-Kote\u00ae FG-Serie basieren auf einer neuartigen Technologie und bieten eine aussergew\u00f6hnliche Verschleissschutzleistung, w\u00e4hrend sie gleichzeitig die hochwertigsten synthetischen Basisfl\u00fcssigkeiten enthalten, um die Nutzungsdauer bei hohen Temperaturen zu maximieren. JAX Pyro-Kote\u00ae \u00d6le der FG-Serie bieten hohe Betriebstemperaturbereiche und eine un\u00fcbertroffene thermische und oxidative Stabilit\u00e4t. Die lebensmitteltaugliche Additivchemie sorgt f\u00fcr hervorragende reibungsmindernde Eigenschaften, w\u00e4hrend exklusive, synthetische Grundstoffe eine unvergleichliche thermische und chemische Stabilit\u00e4t bieten, die die Kohlenstoffbildung in den empfohlenen Temperaturbereichen praktisch ausschliesst.<\/p>\n<p>Typische Probleme anderer Hochtemperaturschmierstoffe wie thermischer Abbau (Bildung von Kohlenstoffablagerungen), schlechte Fl\u00fcchtigkeitseigenschaften (\u00fcberm\u00e4ssiger Rauch und D\u00e4mpfe) und hoher \u00d6lverbrauch (aufgrund von Fl\u00fcchtigkeit oder Verdampfung) werden durch die Verwendung von JAX Pyro-Kote\u00ae \u00d6len der FG-Serie vermieden. Die F\u00e4higkeit der \u00d6le der JAX Pyro-Kote\u00ae FG-Serie, kosteneffiziente und probleml\u00f6sende Leistungen zu erbringen, bedeutet eine erh\u00f6hte Produktionsbetriebszeit, Einsparungen bei den Wartungskosten und einen geringeren Schmierstoffverbrauch.<\/p>\n<h2>Produktvorteile<\/h2>\n<ul>\n<li>Extrem geringe Fl\u00fcchtigkeit &#8211; Die Verdampfungs- und Verfl\u00fcchtigungseigenschaften von Hochtemperatur-Kettenschmierstoffen sind entscheidend f\u00fcr die Aufrechterhaltung eines fl\u00fcssigen Schmierfilms bei hohen Temperaturen. Die Minimierung der Verdunstung und Verfl\u00fcchtigung f\u00fchrt zu einer verbesserten Metallbenetzung, wesentlich l\u00e4ngeren Schmierintervallen, geringerem Schmierstoffverbrauch, weniger Rauch und keiner Geruchsbel\u00e4stigung. Je besser die Benetzungsleistung ist, desto besser gelangt der Schmierstoff zu den Drehpunkten der Kette, um eine ordnungsgem\u00e4sse Schmierung in schwer zug\u00e4nglichen Bereichen zu gew\u00e4hrleisten. Die \u00d6le der JAX Pyro-Kote\u00ae FG-Serie weisen eine extrem niedrige Fl\u00fcchtigkeit auf und maximieren die &#8222;Verweilzeit&#8220;, so dass dem Schmierstoff mehr Zeit zur Verf\u00fcgung steht, um zu den kritischen Reibungspunkten in den Kettenkomponenten zu wandern.<\/li>\n<li>Die thermische und oxidative Stabilit\u00e4t eines Schmierstoffs im Hochtemperaturbetrieb ist entscheidend f\u00fcr den Schutz und die Leistung der Kette oder des F\u00f6rderers, die er schmieren soll. Eine schlechte thermische und oxidative Leistung, die zu harten, abrasiven, kohlenstoffhaltigen Ablagerungen f\u00fchrt, verursacht den Grossteil der Kettenausf\u00e4lle und des Kettenverschleisses. Wenn sich Ablagerungen bilden, werden kritische Schmierstoffwege zu den Drehpunkten blockiert, was zu einem beschleunigten Verschleiss der Kette aufgrund von Schmierstoff<\/li>\n<\/ul>\n<h2>Anwendungen<\/h2>\n<p>JAX Pyro-Kote\u00ae \u00d6le der FG-Serie sind die Hauptempfehlung f\u00fcr Anwendungen wie Backen, Kochen oder \u00fcberall dort, wo ein Schmierstoff mit aussergew\u00f6hnlicher Hochtemperaturleistung und NSF H1-Zertifizierung erforderlich ist. Der empfohlene Betriebstemperaturbereich liegt bei angemessenen Nachschmierintervallen bei bis zu 315\u00b0C (600\u00b0F). Die \u00d6le der JAX Pyro-Kote\u00ae FG-Serie sind mit den meisten Dichtungen, Lacken, Mineral\u00f6len und Metallen, einschliesslich Bronzebauteilen, kompatibel. Die \u00d6le der JAX Pyro Kote\u00ae FG-Serie k\u00f6nnen auch f\u00fcr eine Vielzahl von Anwendungen eingesetzt werden, z. B. f\u00fcr Getriebe und Lager oder \u00fcberall dort, wo ein verschleissfester Hochtemperaturschmierstoff erforderlich ist. JAX Pyro-Kote\u00ae \u00d6le der FG-Serie k\u00f6nnen manuell oder automatisch auf Ketten aufgetragen werden. Bei der Kettenschmierung h\u00e4ngt die Nachschmierung von der Konstruktion und L\u00e4nge der Kette, der Art der Schmierung und den Betriebsbedingungen ab.<\/p>\n<p>[Obwohl diese \u00d6le bei hohen Temperaturen stabil sind, sollten die Nachschmierintervalle \u00fcberwacht und das System regelm\u00e4ssig auf eine ausreichende \u00d6lmenge an den Komponenten bei Temperaturen \u00fcber 180\u00b0C (356\u00b0F) \u00fcberpr\u00fcft werden.]<\/p>\n<p>Durch die Festlegung geeigneter Nachschmierintervalle k\u00f6nnen die Schmierstoffkosten gesenkt werden, da die Kettenschmierung optimiert und der \u00d6lverbrauch reduziert wird. Achten Sie bei der Einstellung der Schmierintervalle und -mengen genau darauf. Beachten Sie die Empfehlungen des Herstellers und passen Sie sie entsprechend an.<\/p>\n","protected":false},"excerpt":{"rendered":"<p><strong>JAX Pyro-Kote FG CST 350<\/strong> ist ein synthetisches Hochtemperatur-Schmier\u00f6l, das eine aussergew\u00f6hnliche Verschleissschutzleistung bietet und gleichzeitig die hochwertigsten synthetischen Basisfl\u00fcssigkeiten enth\u00e4lt, um die Nutzungsdauer bei hohen Temperaturen zu maximieren.<\/p>\n","protected":false},"featured_media":2933,"comment_status":"open","ping_status":"closed","template":"","meta":{"_acf_changed":false},"product_brand":[],"product_cat":[353,640,370,372,354],"product_tag":[],"class_list":{"0":"post-4100","1":"product","2":"type-product","3":"status-publish","4":"has-post-thumbnail","6":"product_cat-industrie-schmierstoffe","7":"product_cat-jax","8":"product_cat-lebensmittelindustrie","9":"product_cat-lebensmitteltechnische-schmierstoffe","10":"product_cat-ol","11":"pa_brands-jax-de","13":"first","14":"instock","15":"shipping-taxable","16":"product-type-simple"},"acf":[],"_yoast_wpseo_focuskw":"JAX Pyro-Kote FG CST 350","_yoast_wpseo_metadesc":"JAX Pyro-Kote FG CST 350 ist ein synthetisches Hochtemperatur-Schmier\u00f6l, das eine aussergew\u00f6hnliche Verschleissschutzleistung bietet und gleichzeitig die hochwertigsten synthetischen Basisfl\u00fcssigkeiten enth\u00e4lt, um die Nutzungsdauer bei hohen Temperaturen zu maximieren.","yoast_head":"<!-- This site is optimized with the Yoast SEO Premium plugin v21.6 (Yoast SEO v27.4) - https:\/\/yoast.com\/product\/yoast-seo-premium-wordpress\/ -->\n<title>JAX Pyro-Kote FG CST 350 - CREDIMEX<\/title>\n<meta name=\"description\" content=\"JAX Pyro-Kote FG CST 350 ist ein synthetisches Hochtemperatur-Schmier\u00f6l, das eine aussergew\u00f6hnliche Verschleissschutzleistung bietet und gleichzeitig die hochwertigsten synthetischen Basisfl\u00fcssigkeiten enth\u00e4lt, um die Nutzungsdauer bei hohen Temperaturen zu maximieren.\" \/>\n<meta name=\"robots\" content=\"index, follow, max-snippet:-1, max-image-preview:large, max-video-preview:-1\" \/>\n<link rel=\"canonical\" href=\"https:\/\/www.credimex.ch\/de\/produkt\/jax-pyro-kote-fg-cst-350\/\" \/>\n<meta property=\"og:locale\" content=\"de_DE\" \/>\n<meta property=\"og:type\" content=\"article\" \/>\n<meta property=\"og:title\" content=\"JAX Pyro-Kote FG CST 350\" \/>\n<meta property=\"og:description\" content=\"JAX Pyro-Kote FG CST 350 ist ein synthetisches Hochtemperatur-Schmier\u00f6l, das eine aussergew\u00f6hnliche Verschleissschutzleistung bietet und gleichzeitig die hochwertigsten synthetischen Basisfl\u00fcssigkeiten enth\u00e4lt, um die Nutzungsdauer bei hohen Temperaturen zu maximieren.\" \/>\n<meta property=\"og:url\" content=\"https:\/\/www.credimex.ch\/de\/produkt\/jax-pyro-kote-fg-cst-350\/\" \/>\n<meta property=\"og:site_name\" content=\"CREDIMEX\" \/>\n<meta property=\"article:publisher\" content=\"https:\/\/www.facebook.com\/credimex.alpnach\/\" \/>\n<meta property=\"article:modified_time\" content=\"2023-02-23T14:38:49+00:00\" \/>\n<meta property=\"og:image\" content=\"https:\/\/www.credimex.ch\/wp-content\/uploads\/2022\/05\/Pyro-Kote-FG-220.jpeg\" \/>\n\t<meta property=\"og:image:width\" content=\"800\" \/>\n\t<meta property=\"og:image:height\" content=\"800\" \/>\n\t<meta property=\"og:image:type\" content=\"image\/jpeg\" \/>\n<meta name=\"twitter:card\" content=\"summary_large_image\" \/>\n<meta name=\"twitter:label1\" content=\"Gesch\u00e4tzte Lesezeit\" \/>\n\t<meta name=\"twitter:data1\" content=\"3\u00a0Minuten\" \/>\n<script type=\"application\/ld+json\" class=\"yoast-schema-graph\">{\"@context\":\"https:\\\/\\\/schema.org\",\"@graph\":[{\"@type\":\"WebPage\",\"@id\":\"https:\\\/\\\/www.credimex.ch\\\/de\\\/produkt\\\/jax-pyro-kote-fg-cst-350\\\/\",\"url\":\"https:\\\/\\\/www.credimex.ch\\\/de\\\/produkt\\\/jax-pyro-kote-fg-cst-350\\\/\",\"name\":\"JAX Pyro-Kote FG CST 350 - CREDIMEX\",\"isPartOf\":{\"@id\":\"https:\\\/\\\/www.credimex.ch\\\/de\\\/#website\"},\"primaryImageOfPage\":{\"@id\":\"https:\\\/\\\/www.credimex.ch\\\/de\\\/produkt\\\/jax-pyro-kote-fg-cst-350\\\/#primaryimage\"},\"image\":{\"@id\":\"https:\\\/\\\/www.credimex.ch\\\/de\\\/produkt\\\/jax-pyro-kote-fg-cst-350\\\/#primaryimage\"},\"thumbnailUrl\":\"https:\\\/\\\/www.credimex.ch\\\/wp-content\\\/uploads\\\/2022\\\/05\\\/Pyro-Kote-FG-220.jpeg\",\"datePublished\":\"2022-05-17T09:30:34+00:00\",\"dateModified\":\"2023-02-23T14:38:49+00:00\",\"description\":\"JAX Pyro-Kote FG CST 350 ist ein synthetisches Hochtemperatur-Schmier\u00f6l, das eine aussergew\u00f6hnliche Verschleissschutzleistung bietet und gleichzeitig die hochwertigsten synthetischen Basisfl\u00fcssigkeiten enth\u00e4lt, um die Nutzungsdauer bei hohen Temperaturen zu maximieren.\",\"breadcrumb\":{\"@id\":\"https:\\\/\\\/www.credimex.ch\\\/de\\\/produkt\\\/jax-pyro-kote-fg-cst-350\\\/#breadcrumb\"},\"inLanguage\":\"de\",\"potentialAction\":[{\"@type\":\"ReadAction\",\"target\":[\"https:\\\/\\\/www.credimex.ch\\\/de\\\/produkt\\\/jax-pyro-kote-fg-cst-350\\\/\"]}]},{\"@type\":\"ImageObject\",\"inLanguage\":\"de\",\"@id\":\"https:\\\/\\\/www.credimex.ch\\\/de\\\/produkt\\\/jax-pyro-kote-fg-cst-350\\\/#primaryimage\",\"url\":\"https:\\\/\\\/www.credimex.ch\\\/wp-content\\\/uploads\\\/2022\\\/05\\\/Pyro-Kote-FG-220.jpeg\",\"contentUrl\":\"https:\\\/\\\/www.credimex.ch\\\/wp-content\\\/uploads\\\/2022\\\/05\\\/Pyro-Kote-FG-220.jpeg\",\"width\":800,\"height\":800},{\"@type\":\"BreadcrumbList\",\"@id\":\"https:\\\/\\\/www.credimex.ch\\\/de\\\/produkt\\\/jax-pyro-kote-fg-cst-350\\\/#breadcrumb\",\"itemListElement\":[{\"@type\":\"ListItem\",\"position\":1,\"name\":\"Home\",\"item\":\"https:\\\/\\\/www.credimex.ch\\\/de\\\/\"},{\"@type\":\"ListItem\",\"position\":2,\"name\":\"Produkte\",\"item\":\"https:\\\/\\\/www.credimex.ch\\\/de\\\/produkte\\\/\"},{\"@type\":\"ListItem\",\"position\":3,\"name\":\"JAX Pyro-Kote FG CST 350\"}]},{\"@type\":\"WebSite\",\"@id\":\"https:\\\/\\\/www.credimex.ch\\\/de\\\/#website\",\"url\":\"https:\\\/\\\/www.credimex.ch\\\/de\\\/\",\"name\":\"CREDIMEX\",\"description\":\"Partner of Swiss Industrial Market\",\"publisher\":{\"@id\":\"https:\\\/\\\/www.credimex.ch\\\/de\\\/#organization\"},\"potentialAction\":[{\"@type\":\"SearchAction\",\"target\":{\"@type\":\"EntryPoint\",\"urlTemplate\":\"https:\\\/\\\/www.credimex.ch\\\/de\\\/?s={search_term_string}\"},\"query-input\":{\"@type\":\"PropertyValueSpecification\",\"valueRequired\":true,\"valueName\":\"search_term_string\"}}],\"inLanguage\":\"de\"},{\"@type\":\"Organization\",\"@id\":\"https:\\\/\\\/www.credimex.ch\\\/de\\\/#organization\",\"name\":\"credimex\",\"url\":\"https:\\\/\\\/www.credimex.ch\\\/de\\\/\",\"logo\":{\"@type\":\"ImageObject\",\"inLanguage\":\"de\",\"@id\":\"https:\\\/\\\/www.credimex.ch\\\/de\\\/#\\\/schema\\\/logo\\\/image\\\/\",\"url\":\"https:\\\/\\\/www.credimex.ch\\\/wp-content\\\/uploads\\\/2022\\\/03\\\/cropped-logo-credimex.png\",\"contentUrl\":\"https:\\\/\\\/www.credimex.ch\\\/wp-content\\\/uploads\\\/2022\\\/03\\\/cropped-logo-credimex.png\",\"width\":512,\"height\":512,\"caption\":\"credimex\"},\"image\":{\"@id\":\"https:\\\/\\\/www.credimex.ch\\\/de\\\/#\\\/schema\\\/logo\\\/image\\\/\"},\"sameAs\":[\"https:\\\/\\\/www.facebook.com\\\/credimex.alpnach\\\/\",\"https:\\\/\\\/www.linkedin.com\\\/company\\\/credimex\\\/\",\"https:\\\/\\\/www.youtube.com\\\/@CREDIMEX?sub_confirmation=1\"]}]}<\/script>\n<!-- \/ Yoast SEO Premium plugin. -->","yoast_head_json":{"title":"JAX Pyro-Kote FG CST 350 - CREDIMEX","description":"JAX Pyro-Kote FG CST 350 ist ein synthetisches Hochtemperatur-Schmier\u00f6l, das eine aussergew\u00f6hnliche Verschleissschutzleistung bietet und gleichzeitig die hochwertigsten synthetischen Basisfl\u00fcssigkeiten enth\u00e4lt, um die Nutzungsdauer bei hohen Temperaturen zu maximieren.","robots":{"index":"index","follow":"follow","max-snippet":"max-snippet:-1","max-image-preview":"max-image-preview:large","max-video-preview":"max-video-preview:-1"},"canonical":"https:\/\/www.credimex.ch\/de\/produkt\/jax-pyro-kote-fg-cst-350\/","og_locale":"de_DE","og_type":"article","og_title":"JAX Pyro-Kote FG CST 350","og_description":"JAX Pyro-Kote FG CST 350 ist ein synthetisches Hochtemperatur-Schmier\u00f6l, das eine aussergew\u00f6hnliche Verschleissschutzleistung bietet und gleichzeitig die hochwertigsten synthetischen Basisfl\u00fcssigkeiten enth\u00e4lt, um die Nutzungsdauer bei hohen Temperaturen zu maximieren.","og_url":"https:\/\/www.credimex.ch\/de\/produkt\/jax-pyro-kote-fg-cst-350\/","og_site_name":"CREDIMEX","article_publisher":"https:\/\/www.facebook.com\/credimex.alpnach\/","article_modified_time":"2023-02-23T14:38:49+00:00","og_image":[{"width":800,"height":800,"url":"https:\/\/www.credimex.ch\/wp-content\/uploads\/2022\/05\/Pyro-Kote-FG-220.jpeg","type":"image\/jpeg"}],"twitter_card":"summary_large_image","twitter_misc":{"Gesch\u00e4tzte Lesezeit":"3\u00a0Minuten"},"schema":{"@context":"https:\/\/schema.org","@graph":[{"@type":"WebPage","@id":"https:\/\/www.credimex.ch\/de\/produkt\/jax-pyro-kote-fg-cst-350\/","url":"https:\/\/www.credimex.ch\/de\/produkt\/jax-pyro-kote-fg-cst-350\/","name":"JAX Pyro-Kote FG CST 350 - CREDIMEX","isPartOf":{"@id":"https:\/\/www.credimex.ch\/de\/#website"},"primaryImageOfPage":{"@id":"https:\/\/www.credimex.ch\/de\/produkt\/jax-pyro-kote-fg-cst-350\/#primaryimage"},"image":{"@id":"https:\/\/www.credimex.ch\/de\/produkt\/jax-pyro-kote-fg-cst-350\/#primaryimage"},"thumbnailUrl":"https:\/\/www.credimex.ch\/wp-content\/uploads\/2022\/05\/Pyro-Kote-FG-220.jpeg","datePublished":"2022-05-17T09:30:34+00:00","dateModified":"2023-02-23T14:38:49+00:00","description":"JAX Pyro-Kote FG CST 350 ist ein synthetisches Hochtemperatur-Schmier\u00f6l, das eine aussergew\u00f6hnliche Verschleissschutzleistung bietet und gleichzeitig die hochwertigsten synthetischen Basisfl\u00fcssigkeiten enth\u00e4lt, um die Nutzungsdauer bei hohen Temperaturen zu maximieren.","breadcrumb":{"@id":"https:\/\/www.credimex.ch\/de\/produkt\/jax-pyro-kote-fg-cst-350\/#breadcrumb"},"inLanguage":"de","potentialAction":[{"@type":"ReadAction","target":["https:\/\/www.credimex.ch\/de\/produkt\/jax-pyro-kote-fg-cst-350\/"]}]},{"@type":"ImageObject","inLanguage":"de","@id":"https:\/\/www.credimex.ch\/de\/produkt\/jax-pyro-kote-fg-cst-350\/#primaryimage","url":"https:\/\/www.credimex.ch\/wp-content\/uploads\/2022\/05\/Pyro-Kote-FG-220.jpeg","contentUrl":"https:\/\/www.credimex.ch\/wp-content\/uploads\/2022\/05\/Pyro-Kote-FG-220.jpeg","width":800,"height":800},{"@type":"BreadcrumbList","@id":"https:\/\/www.credimex.ch\/de\/produkt\/jax-pyro-kote-fg-cst-350\/#breadcrumb","itemListElement":[{"@type":"ListItem","position":1,"name":"Home","item":"https:\/\/www.credimex.ch\/de\/"},{"@type":"ListItem","position":2,"name":"Produkte","item":"https:\/\/www.credimex.ch\/de\/produkte\/"},{"@type":"ListItem","position":3,"name":"JAX Pyro-Kote FG CST 350"}]},{"@type":"WebSite","@id":"https:\/\/www.credimex.ch\/de\/#website","url":"https:\/\/www.credimex.ch\/de\/","name":"CREDIMEX","description":"Partner of Swiss Industrial Market","publisher":{"@id":"https:\/\/www.credimex.ch\/de\/#organization"},"potentialAction":[{"@type":"SearchAction","target":{"@type":"EntryPoint","urlTemplate":"https:\/\/www.credimex.ch\/de\/?s={search_term_string}"},"query-input":{"@type":"PropertyValueSpecification","valueRequired":true,"valueName":"search_term_string"}}],"inLanguage":"de"},{"@type":"Organization","@id":"https:\/\/www.credimex.ch\/de\/#organization","name":"credimex","url":"https:\/\/www.credimex.ch\/de\/","logo":{"@type":"ImageObject","inLanguage":"de","@id":"https:\/\/www.credimex.ch\/de\/#\/schema\/logo\/image\/","url":"https:\/\/www.credimex.ch\/wp-content\/uploads\/2022\/03\/cropped-logo-credimex.png","contentUrl":"https:\/\/www.credimex.ch\/wp-content\/uploads\/2022\/03\/cropped-logo-credimex.png","width":512,"height":512,"caption":"credimex"},"image":{"@id":"https:\/\/www.credimex.ch\/de\/#\/schema\/logo\/image\/"},"sameAs":["https:\/\/www.facebook.com\/credimex.alpnach\/","https:\/\/www.linkedin.com\/company\/credimex\/","https:\/\/www.youtube.com\/@CREDIMEX?sub_confirmation=1"]}]}},"_links":{"self":[{"href":"https:\/\/www.credimex.ch\/de\/wp-json\/wp\/v2\/product\/4100","targetHints":{"allow":["GET"]}}],"collection":[{"href":"https:\/\/www.credimex.ch\/de\/wp-json\/wp\/v2\/product"}],"about":[{"href":"https:\/\/www.credimex.ch\/de\/wp-json\/wp\/v2\/types\/product"}],"replies":[{"embeddable":true,"href":"https:\/\/www.credimex.ch\/de\/wp-json\/wp\/v2\/comments?post=4100"}],"wp:featuredmedia":[{"embeddable":true,"href":"https:\/\/www.credimex.ch\/de\/wp-json\/wp\/v2\/media\/2933"}],"wp:attachment":[{"href":"https:\/\/www.credimex.ch\/de\/wp-json\/wp\/v2\/media?parent=4100"}],"wp:term":[{"taxonomy":"product_brand","embeddable":true,"href":"https:\/\/www.credimex.ch\/de\/wp-json\/wp\/v2\/product_brand?post=4100"},{"taxonomy":"product_cat","embeddable":true,"href":"https:\/\/www.credimex.ch\/de\/wp-json\/wp\/v2\/product_cat?post=4100"},{"taxonomy":"product_tag","embeddable":true,"href":"https:\/\/www.credimex.ch\/de\/wp-json\/wp\/v2\/product_tag?post=4100"}],"curies":[{"name":"wp","href":"https:\/\/api.w.org\/{rel}","templated":true}]}}