{"id":4102,"date":"2022-05-17T10:57:20","date_gmt":"2022-05-17T08:57:20","guid":{"rendered":"https:\/\/www.credimex.ch.mialias.net\/product\/jax-compresyn-545-iso-100\/"},"modified":"2023-01-04T09:43:54","modified_gmt":"2023-01-04T08:43:54","slug":"jax-compresyn-545","status":"publish","type":"product","link":"https:\/\/www.credimex.ch\/de\/produkt\/jax-compresyn-545\/","title":{"rendered":"Jax COMPRESYN\u00ae 545 &#8211; ISO 100"},"content":{"rendered":"<h2>Beschreibung<\/h2>\n<p>COMPRESYN\u00ae 545 Kompressor- und Vakuumpumpenfl\u00fcssigkeiten sind unsere erstklassigen, patentierten Schmiermittel (Patent Nr. US8, 183, 188 B2) f\u00fcr den Einsatz in einer Vielzahl von Luftkompressor- und Vakuumpumpenanlagen und kritischen Anwendungen. Zu den entscheidenden Leistungsmerkmalen geh\u00f6ren eine niedrige Fl\u00fcssigkeitsfl\u00fcchtigkeit, verbesserte Wasserdemulgierbarkeit, \u00fcberragende hydrolytische Stabilit\u00e4t, verbesserte Dichtungswirkung, geringere Reibung, verbesserter Verschleissschutz und \u00fcberragende Fl\u00fcssigkeitsdispergiereigenschaften zur Vermeidung von &#8222;Schlamm&#8220; und Ablagerungsneigung.<\/p>\n<p>Die \u00d6le der COMPRESYN\u00ae 545-Serie f\u00fcr Kompressoren und Vakuumpumpen sind vollst\u00e4ndig konform mit 21 CFR 178.3570 und erf\u00fcllen die Anforderungen von USDA\/NSF H1 (Schmierstoffe mit gelegentlichem Lebensmittelkontakt).<\/p>\n<p>COMPRESYN\u00ae-Schmierstoffe der 545er-Reihe bestehen aus einer Mischung aus 100 % lebensmitteltauglichen synthetischen Grund\u00f6len der n\u00e4chsten Generation und fortschrittlichen Additivtechnologien, die im Vergleich zu Schmier\u00f6len anderer Hersteller eine \u00fcberragende Leistung bieten. Unsere patentierten Formulierungen, die auf umfangreichen Forschungs- und Entwicklungsarbeiten sowie Erfahrungen aus Feldversuchen basieren, bieten COMPRESYN\u00ae 545-Fl\u00fcssigkeiten eine optimierte Kombination aus Verschleissschutzmitteln, Rostschutzmitteln und Antioxidantien, die einen synergetischen Leistungsvorteil gegen\u00fcber herk\u00f6mmlichen Luftkompressor-\/Vakuumpumpen\u00f6len aufweisen.<\/p>\n<h2>Produktvorteile<\/h2>\n<ul>\n<li>Hervorragender Antiverschleissschutz f\u00fcr den Pumpenschutz<\/li>\n<li>Widersteht der Bildung von Schaum, Schlamm, Lacken und \u00e4tzenden S\u00e4uren<\/li>\n<li>Hervorragende Rost- und Oxidationsbest\u00e4ndigkeit f\u00fcr eine lange, st\u00f6rungsfreie Lebensdauer<\/li>\n<li>Hydrolytisch stabil und leicht von Wasser trennbar<\/li>\n<li>Hervorragende Dispergiereigenschaften f\u00fcr verl\u00e4ngerte Ablassintervalle<\/li>\n<\/ul>\n<p>Die in COMPRESYN\u00ae 545 verwendete lebensmitteltaugliche alkylierte synthetische Basisfl\u00fcssigkeit bietet mehrere Vorteile gegen\u00fcber herk\u00f6mmlichen synthetischen Basisfl\u00fcssigkeiten wie Polyalphaolefinen (PAO) und Estern. PAOs sind zwar hitze- und oxidationsbest\u00e4ndiger als Mineral\u00f6le, aber sie sind im Wesentlichen synthetische Paraffin\u00f6le und neigen zu abrasiver Verkohlung und Ablagerungen in Anlagenkomponenten.<\/p>\n<p>Ausserdem bieten sie dem Schmierstoff keine Dispersion oder L\u00f6slichkeit, um eine Agglomeration (Ablagerung) der aufgenommenen Materialien zu verhindern. Ester besitzen zwar L\u00f6sungs- und Dispersionseigenschaften, die f\u00fcr die Anwendung von Vorteil sind, leiden aber unter hydrolytischer Instabilit\u00e4t. Im Schmierstoff enthaltenes Wasser kann zur Hydrolyse des Esters f\u00fchren, wodurch dieser in Bestandteile wie S\u00e4uren und Alkohole aufgespalten wird, die die Bauteile verlacken und zu einem vorzeitigen Ausfall f\u00fchren k\u00f6nnen. Die in COMPRESYN\u00ae 545 verwendeten synthetischen alkylierten Naphthaline bieten \u00e4hnliche L\u00f6sungs- und Dispergiereigenschaften wie Ester, sind aber nicht hydrolytisch instabil. Ausserdem bilden sie keine abrasiven Ablagerungen wie Mineral\u00f6le und PAOs.<\/p>\n<h3>Schutz vor Abnutzung<\/h3>\n<p>Die COMPRESYN\u00ae 545-Serie wurde speziell f\u00fcr einen verbesserten Verschleissschutz entwickelt. Studien haben gezeigt, dass die Additivchemie in der COMPRESYN\u00ae 545-Reihe den Verschleiss im Vergleich zu herk\u00f6mmlichen \u00d6len deutlich reduziert und so die Lebensdauer der Komponenten drastisch erh\u00f6ht.<\/p>\n<p>Thermische und oxidative Stabilit\u00e4t<br \/>\nDie COMPRESYN\u00ae 545-Serie \u00fcbertrifft sowohl synthetische als auch herk\u00f6mmliche Fl\u00fcssigkeiten hinsichtlich ihrer thermischen und oxidativen Stabilit\u00e4t, wie der Oxidationstest f\u00fcr rotierende Druckbeh\u00e4lter (ASTM D 2272) zeigt. Diese verbesserte Leistung f\u00fchrt zu l\u00e4ngeren Ablassintervallen, st\u00f6rungsfreiem Betrieb und erh\u00f6hter Best\u00e4ndigkeit gegen Verlackung.<\/p>\n<h3>Wasserabscheidung und Lufteintrag<\/h3>\n<p>Die COMPRESYN\u00ae 545-Serie trennt sich leicht von Wasser und Luft, wodurch Emulsionen vermieden werden, die die Schmierf\u00e4higkeit des \u00d6ls beeintr\u00e4chtigen, das Potenzial f\u00fcr die Bildung von Ablagerungen verringert und die Effizienz verbessert wird. Die schnelle Wasserabscheidung sorgt f\u00fcr eine einfache Entw\u00e4sserung des Sumpfes und reduziert die Gefahr von Rost und Korrosion an den Systemkomponenten.<\/p>\n<h2>Anwendung<\/h2>\n<p>Die COMPRESYN\u00ae 545-Serie kann bei vielen Kompressoranwendungen 8000-10.000+ Stunden eingesetzt werden, abh\u00e4ngig von den Betriebsbedingungen und Wartungspraktiken. Es wird empfohlen, alle 500 Betriebsstunden eine \u00d6lanalyse durchzuf\u00fchren. [\u00dcbersteigt die Ausblastemperatur 96\u00b0C (205\u00b0F), verringert sich die Lebensdauer des Schmierstoffs.]<\/p>\n","protected":false},"excerpt":{"rendered":"<p><strong>Jax COMPRESYN\u00ae 545<\/strong> ist ein hochwertiges, patentiertes Schmiermittel f\u00fcr den Einsatz in einer Vielzahl von Luftkompressor- und Vakuumpumpenanlagen und kritischen Anwendungen.<\/p>\n","protected":false},"featured_media":2931,"comment_status":"open","ping_status":"closed","template":"","meta":{"_acf_changed":false},"product_brand":[],"product_cat":[353,640,370,372,354],"product_tag":[],"class_list":{"0":"post-4102","1":"product","2":"type-product","3":"status-publish","4":"has-post-thumbnail","6":"product_cat-industrie-schmierstoffe","7":"product_cat-jax","8":"product_cat-lebensmittelindustrie","9":"product_cat-lebensmitteltechnische-schmierstoffe","10":"product_cat-ol","11":"pa_brands-jax-de","13":"first","14":"instock","15":"shipping-taxable","16":"product-type-simple"},"acf":[],"_yoast_wpseo_focuskw":"Jax COMPRESYN\u00ae 545","_yoast_wpseo_metadesc":"Jax COMPRESYN\u00ae 545 ist ein hochwertiges, patentiertes Schmiermittel f\u00fcr den Einsatz in einer Vielzahl von Luftkompressor- und Vakuumpumpenanlagen und kritischen Anwendungen.","yoast_head":"<!-- This site is optimized with the Yoast SEO Premium plugin v21.6 (Yoast SEO v27.4) - https:\/\/yoast.com\/product\/yoast-seo-premium-wordpress\/ -->\n<title>Jax COMPRESYN\u00ae 545 - ISO 100 - CREDIMEX<\/title>\n<meta name=\"description\" content=\"Jax COMPRESYN\u00ae 545 ist ein hochwertiges, patentiertes Schmiermittel f\u00fcr den Einsatz in einer Vielzahl von Luftkompressor- und Vakuumpumpenanlagen und kritischen Anwendungen.\" \/>\n<meta name=\"robots\" content=\"index, follow, max-snippet:-1, max-image-preview:large, max-video-preview:-1\" \/>\n<link rel=\"canonical\" href=\"https:\/\/www.credimex.ch\/de\/produkt\/jax-compresyn-545\/\" \/>\n<meta property=\"og:locale\" content=\"de_DE\" \/>\n<meta property=\"og:type\" content=\"article\" \/>\n<meta property=\"og:title\" content=\"Jax COMPRESYN\u00ae 545 - ISO 100\" \/>\n<meta property=\"og:description\" content=\"Jax COMPRESYN\u00ae 545 ist ein hochwertiges, patentiertes Schmiermittel f\u00fcr den Einsatz in einer Vielzahl von Luftkompressor- und Vakuumpumpenanlagen und kritischen Anwendungen.\" \/>\n<meta property=\"og:url\" content=\"https:\/\/www.credimex.ch\/de\/produkt\/jax-compresyn-545\/\" \/>\n<meta property=\"og:site_name\" content=\"CREDIMEX\" \/>\n<meta property=\"article:publisher\" content=\"https:\/\/www.facebook.com\/credimex.alpnach\/\" \/>\n<meta property=\"article:modified_time\" content=\"2023-01-04T08:43:54+00:00\" \/>\n<meta property=\"og:image\" content=\"https:\/\/www.credimex.ch\/wp-content\/uploads\/2022\/05\/Jax-Compresyn-545-I.jpeg\" \/>\n\t<meta property=\"og:image:width\" content=\"800\" \/>\n\t<meta property=\"og:image:height\" content=\"800\" \/>\n\t<meta property=\"og:image:type\" content=\"image\/jpeg\" \/>\n<meta name=\"twitter:card\" content=\"summary_large_image\" \/>\n<meta name=\"twitter:label1\" content=\"Gesch\u00e4tzte Lesezeit\" \/>\n\t<meta name=\"twitter:data1\" content=\"3\u00a0Minuten\" \/>\n<script type=\"application\/ld+json\" class=\"yoast-schema-graph\">{\"@context\":\"https:\\\/\\\/schema.org\",\"@graph\":[{\"@type\":\"WebPage\",\"@id\":\"https:\\\/\\\/www.credimex.ch\\\/de\\\/produkt\\\/jax-compresyn-545\\\/\",\"url\":\"https:\\\/\\\/www.credimex.ch\\\/de\\\/produkt\\\/jax-compresyn-545\\\/\",\"name\":\"Jax COMPRESYN\u00ae 545 - ISO 100 - CREDIMEX\",\"isPartOf\":{\"@id\":\"https:\\\/\\\/www.credimex.ch\\\/de\\\/#website\"},\"primaryImageOfPage\":{\"@id\":\"https:\\\/\\\/www.credimex.ch\\\/de\\\/produkt\\\/jax-compresyn-545\\\/#primaryimage\"},\"image\":{\"@id\":\"https:\\\/\\\/www.credimex.ch\\\/de\\\/produkt\\\/jax-compresyn-545\\\/#primaryimage\"},\"thumbnailUrl\":\"https:\\\/\\\/www.credimex.ch\\\/wp-content\\\/uploads\\\/2022\\\/05\\\/Jax-Compresyn-545-I.jpeg\",\"datePublished\":\"2022-05-17T08:57:20+00:00\",\"dateModified\":\"2023-01-04T08:43:54+00:00\",\"description\":\"Jax COMPRESYN\u00ae 545 ist ein hochwertiges, patentiertes Schmiermittel f\u00fcr den Einsatz in einer Vielzahl von Luftkompressor- und Vakuumpumpenanlagen und kritischen Anwendungen.\",\"breadcrumb\":{\"@id\":\"https:\\\/\\\/www.credimex.ch\\\/de\\\/produkt\\\/jax-compresyn-545\\\/#breadcrumb\"},\"inLanguage\":\"de\",\"potentialAction\":[{\"@type\":\"ReadAction\",\"target\":[\"https:\\\/\\\/www.credimex.ch\\\/de\\\/produkt\\\/jax-compresyn-545\\\/\"]}]},{\"@type\":\"ImageObject\",\"inLanguage\":\"de\",\"@id\":\"https:\\\/\\\/www.credimex.ch\\\/de\\\/produkt\\\/jax-compresyn-545\\\/#primaryimage\",\"url\":\"https:\\\/\\\/www.credimex.ch\\\/wp-content\\\/uploads\\\/2022\\\/05\\\/Jax-Compresyn-545-I.jpeg\",\"contentUrl\":\"https:\\\/\\\/www.credimex.ch\\\/wp-content\\\/uploads\\\/2022\\\/05\\\/Jax-Compresyn-545-I.jpeg\",\"width\":800,\"height\":800},{\"@type\":\"BreadcrumbList\",\"@id\":\"https:\\\/\\\/www.credimex.ch\\\/de\\\/produkt\\\/jax-compresyn-545\\\/#breadcrumb\",\"itemListElement\":[{\"@type\":\"ListItem\",\"position\":1,\"name\":\"Home\",\"item\":\"https:\\\/\\\/www.credimex.ch\\\/de\\\/\"},{\"@type\":\"ListItem\",\"position\":2,\"name\":\"Produkte\",\"item\":\"https:\\\/\\\/www.credimex.ch\\\/de\\\/produkte\\\/\"},{\"@type\":\"ListItem\",\"position\":3,\"name\":\"Jax COMPRESYN\u00ae 545 &#8211; ISO 100\"}]},{\"@type\":\"WebSite\",\"@id\":\"https:\\\/\\\/www.credimex.ch\\\/de\\\/#website\",\"url\":\"https:\\\/\\\/www.credimex.ch\\\/de\\\/\",\"name\":\"CREDIMEX\",\"description\":\"Partner of Swiss Industrial Market\",\"publisher\":{\"@id\":\"https:\\\/\\\/www.credimex.ch\\\/de\\\/#organization\"},\"potentialAction\":[{\"@type\":\"SearchAction\",\"target\":{\"@type\":\"EntryPoint\",\"urlTemplate\":\"https:\\\/\\\/www.credimex.ch\\\/de\\\/?s={search_term_string}\"},\"query-input\":{\"@type\":\"PropertyValueSpecification\",\"valueRequired\":true,\"valueName\":\"search_term_string\"}}],\"inLanguage\":\"de\"},{\"@type\":\"Organization\",\"@id\":\"https:\\\/\\\/www.credimex.ch\\\/de\\\/#organization\",\"name\":\"credimex\",\"url\":\"https:\\\/\\\/www.credimex.ch\\\/de\\\/\",\"logo\":{\"@type\":\"ImageObject\",\"inLanguage\":\"de\",\"@id\":\"https:\\\/\\\/www.credimex.ch\\\/de\\\/#\\\/schema\\\/logo\\\/image\\\/\",\"url\":\"https:\\\/\\\/www.credimex.ch\\\/wp-content\\\/uploads\\\/2022\\\/03\\\/cropped-logo-credimex.png\",\"contentUrl\":\"https:\\\/\\\/www.credimex.ch\\\/wp-content\\\/uploads\\\/2022\\\/03\\\/cropped-logo-credimex.png\",\"width\":512,\"height\":512,\"caption\":\"credimex\"},\"image\":{\"@id\":\"https:\\\/\\\/www.credimex.ch\\\/de\\\/#\\\/schema\\\/logo\\\/image\\\/\"},\"sameAs\":[\"https:\\\/\\\/www.facebook.com\\\/credimex.alpnach\\\/\",\"https:\\\/\\\/www.linkedin.com\\\/company\\\/credimex\\\/\",\"https:\\\/\\\/www.youtube.com\\\/@CREDIMEX?sub_confirmation=1\"]}]}<\/script>\n<!-- \/ Yoast SEO Premium plugin. -->","yoast_head_json":{"title":"Jax COMPRESYN\u00ae 545 - ISO 100 - CREDIMEX","description":"Jax COMPRESYN\u00ae 545 ist ein hochwertiges, patentiertes Schmiermittel f\u00fcr den Einsatz in einer Vielzahl von Luftkompressor- und Vakuumpumpenanlagen und kritischen Anwendungen.","robots":{"index":"index","follow":"follow","max-snippet":"max-snippet:-1","max-image-preview":"max-image-preview:large","max-video-preview":"max-video-preview:-1"},"canonical":"https:\/\/www.credimex.ch\/de\/produkt\/jax-compresyn-545\/","og_locale":"de_DE","og_type":"article","og_title":"Jax COMPRESYN\u00ae 545 - ISO 100","og_description":"Jax COMPRESYN\u00ae 545 ist ein hochwertiges, patentiertes Schmiermittel f\u00fcr den Einsatz in einer Vielzahl von Luftkompressor- und Vakuumpumpenanlagen und kritischen Anwendungen.","og_url":"https:\/\/www.credimex.ch\/de\/produkt\/jax-compresyn-545\/","og_site_name":"CREDIMEX","article_publisher":"https:\/\/www.facebook.com\/credimex.alpnach\/","article_modified_time":"2023-01-04T08:43:54+00:00","og_image":[{"width":800,"height":800,"url":"https:\/\/www.credimex.ch\/wp-content\/uploads\/2022\/05\/Jax-Compresyn-545-I.jpeg","type":"image\/jpeg"}],"twitter_card":"summary_large_image","twitter_misc":{"Gesch\u00e4tzte Lesezeit":"3\u00a0Minuten"},"schema":{"@context":"https:\/\/schema.org","@graph":[{"@type":"WebPage","@id":"https:\/\/www.credimex.ch\/de\/produkt\/jax-compresyn-545\/","url":"https:\/\/www.credimex.ch\/de\/produkt\/jax-compresyn-545\/","name":"Jax COMPRESYN\u00ae 545 - ISO 100 - CREDIMEX","isPartOf":{"@id":"https:\/\/www.credimex.ch\/de\/#website"},"primaryImageOfPage":{"@id":"https:\/\/www.credimex.ch\/de\/produkt\/jax-compresyn-545\/#primaryimage"},"image":{"@id":"https:\/\/www.credimex.ch\/de\/produkt\/jax-compresyn-545\/#primaryimage"},"thumbnailUrl":"https:\/\/www.credimex.ch\/wp-content\/uploads\/2022\/05\/Jax-Compresyn-545-I.jpeg","datePublished":"2022-05-17T08:57:20+00:00","dateModified":"2023-01-04T08:43:54+00:00","description":"Jax COMPRESYN\u00ae 545 ist ein hochwertiges, patentiertes Schmiermittel f\u00fcr den Einsatz in einer Vielzahl von Luftkompressor- und Vakuumpumpenanlagen und kritischen Anwendungen.","breadcrumb":{"@id":"https:\/\/www.credimex.ch\/de\/produkt\/jax-compresyn-545\/#breadcrumb"},"inLanguage":"de","potentialAction":[{"@type":"ReadAction","target":["https:\/\/www.credimex.ch\/de\/produkt\/jax-compresyn-545\/"]}]},{"@type":"ImageObject","inLanguage":"de","@id":"https:\/\/www.credimex.ch\/de\/produkt\/jax-compresyn-545\/#primaryimage","url":"https:\/\/www.credimex.ch\/wp-content\/uploads\/2022\/05\/Jax-Compresyn-545-I.jpeg","contentUrl":"https:\/\/www.credimex.ch\/wp-content\/uploads\/2022\/05\/Jax-Compresyn-545-I.jpeg","width":800,"height":800},{"@type":"BreadcrumbList","@id":"https:\/\/www.credimex.ch\/de\/produkt\/jax-compresyn-545\/#breadcrumb","itemListElement":[{"@type":"ListItem","position":1,"name":"Home","item":"https:\/\/www.credimex.ch\/de\/"},{"@type":"ListItem","position":2,"name":"Produkte","item":"https:\/\/www.credimex.ch\/de\/produkte\/"},{"@type":"ListItem","position":3,"name":"Jax COMPRESYN\u00ae 545 &#8211; ISO 100"}]},{"@type":"WebSite","@id":"https:\/\/www.credimex.ch\/de\/#website","url":"https:\/\/www.credimex.ch\/de\/","name":"CREDIMEX","description":"Partner of Swiss Industrial Market","publisher":{"@id":"https:\/\/www.credimex.ch\/de\/#organization"},"potentialAction":[{"@type":"SearchAction","target":{"@type":"EntryPoint","urlTemplate":"https:\/\/www.credimex.ch\/de\/?s={search_term_string}"},"query-input":{"@type":"PropertyValueSpecification","valueRequired":true,"valueName":"search_term_string"}}],"inLanguage":"de"},{"@type":"Organization","@id":"https:\/\/www.credimex.ch\/de\/#organization","name":"credimex","url":"https:\/\/www.credimex.ch\/de\/","logo":{"@type":"ImageObject","inLanguage":"de","@id":"https:\/\/www.credimex.ch\/de\/#\/schema\/logo\/image\/","url":"https:\/\/www.credimex.ch\/wp-content\/uploads\/2022\/03\/cropped-logo-credimex.png","contentUrl":"https:\/\/www.credimex.ch\/wp-content\/uploads\/2022\/03\/cropped-logo-credimex.png","width":512,"height":512,"caption":"credimex"},"image":{"@id":"https:\/\/www.credimex.ch\/de\/#\/schema\/logo\/image\/"},"sameAs":["https:\/\/www.facebook.com\/credimex.alpnach\/","https:\/\/www.linkedin.com\/company\/credimex\/","https:\/\/www.youtube.com\/@CREDIMEX?sub_confirmation=1"]}]}},"_links":{"self":[{"href":"https:\/\/www.credimex.ch\/de\/wp-json\/wp\/v2\/product\/4102","targetHints":{"allow":["GET"]}}],"collection":[{"href":"https:\/\/www.credimex.ch\/de\/wp-json\/wp\/v2\/product"}],"about":[{"href":"https:\/\/www.credimex.ch\/de\/wp-json\/wp\/v2\/types\/product"}],"replies":[{"embeddable":true,"href":"https:\/\/www.credimex.ch\/de\/wp-json\/wp\/v2\/comments?post=4102"}],"wp:featuredmedia":[{"embeddable":true,"href":"https:\/\/www.credimex.ch\/de\/wp-json\/wp\/v2\/media\/2931"}],"wp:attachment":[{"href":"https:\/\/www.credimex.ch\/de\/wp-json\/wp\/v2\/media?parent=4102"}],"wp:term":[{"taxonomy":"product_brand","embeddable":true,"href":"https:\/\/www.credimex.ch\/de\/wp-json\/wp\/v2\/product_brand?post=4102"},{"taxonomy":"product_cat","embeddable":true,"href":"https:\/\/www.credimex.ch\/de\/wp-json\/wp\/v2\/product_cat?post=4102"},{"taxonomy":"product_tag","embeddable":true,"href":"https:\/\/www.credimex.ch\/de\/wp-json\/wp\/v2\/product_tag?post=4102"}],"curies":[{"name":"wp","href":"https:\/\/api.w.org\/{rel}","templated":true}]}}