{"id":4104,"date":"2022-05-17T10:45:45","date_gmt":"2022-05-17T08:45:45","guid":{"rendered":"https:\/\/www.credimex.ch.mialias.net\/product\/jax-trolley-glide-fg-3h-iso-22\/"},"modified":"2023-02-23T15:46:00","modified_gmt":"2023-02-23T14:46:00","slug":"jax-wagen-glide-fg-3h","status":"publish","type":"product","link":"https:\/\/www.credimex.ch\/de\/produkt\/jax-wagen-glide-fg-3h\/","title":{"rendered":"Jax Trolley-Glide FG-3H &#8211; ISO 22"},"content":{"rendered":"<h2>Beschreibung<\/h2>\n<p>Jax Trolley-Glide FG-3H ist eine Branchenneuheit bei der Schmierung von Trolleys in Lebensmittelqualit\u00e4t. JAX Trolley-Glide FG-3H wird ausschliesslich aus sorgf\u00e4ltig ausgew\u00e4hlten Grund\u00f6len und Additiven zusammengesetzt, die als allgemein anerkannt unbedenklich und\/oder sicher f\u00fcr den menschlichen Verzehr sind. Es ist ein kompromissloser, hochmoderner Wagenschmierstoff mit direktem Lebensmittelkontakt f\u00fcr lebensmittelverarbeitende Betriebe, die h\u00f6chste Anforderungen an die Leistung und Sauberkeit von F\u00f6rderanlagen stellen. JAX Trolley-Glide FG-3H bietet die Vorteile, die bei der Anwendung in Verpackungsanlagen am meisten gew\u00fcnscht werden, wie z. B. un\u00fcbertroffene Metallbenetzungsf\u00e4higkeit, Rostschutz und Antitropf-Eigenschaften. Dar\u00fcber hinaus reagiert es synergetisch mit Waschmitteln und hilft bei der Entfernung von altem \u00d6l, Schmutz, Tierhaaren und Fetten.<\/p>\n<p>Direct-Contact, NSF 3H-Registered-JAX Trolley-Glide FG-3H ist speziell formuliert unter Verwendung sorgf\u00e4ltig ausgew\u00e4hlter Grund\u00f6le und Additive, die als allgemein anerkannt sicher (GRAS) und\/oder sicher f\u00fcr den menschlichen Verzehr sind.<br \/>\nHervorragende Leistung bei niedrigen Temperaturen &#8211; JAX Trolley &#8211; Glide FG-3H bleibt \u00fcber einen l\u00e4ngeren Zeitraum fl\u00fcssig, wenn es auf den Wagen aufgetragen und den niedrigen Temperaturen ausgesetzt wird, die in Schnellk\u00fchlbetrieben und K\u00fchlern \u00fcblich sind.<br \/>\nHervorragende Additivleistung &#8211; JAX Trolley-Glide FG-3H ist so formuliert, dass es einen hervorragenden Rost- und Korrosionsschutz, hervorragende Metallbenetzungseigenschaften und eine ausgezeichnete Schmierf\u00e4higkeit bietet, um Ausfallzeiten zu minimieren und die Lebensdauer des Wagens zu verl\u00e4ngern.<\/p>\n<h2>Produktvorteile<\/h2>\n<ul>\n<li>Hervorragende Metallbenetzungseigenschaften<\/li>\n<li>FDA-konforme Lebensmittelqualit\u00e4t<\/li>\n<li>Ausgezeichnete &#8222;tropffreie&#8220; Eigenschaften<\/li>\n<li>Verbesserte Reinigungswirkung mit laugenhaltigen Waschsystemen<\/li>\n<li>Hervorragender Rost- und Korrosionsschutz<\/li>\n<li>Leistung bei kalten Temperaturen<\/li>\n<li>Erf\u00fcllt die Leistungsanforderungen<\/li>\n<li>NSF 3H-registriert<\/li>\n<li>Koscher und Pareve zertifiziert<\/li>\n<\/ul>\n<h2>Anmeldung<\/h2>\n<p>JAX Trolley-Glide FG-3H ist in mehreren Viskosit\u00e4tsstufen formuliert und wird f\u00fcr Laufkatzen und H\u00e4ngeketten empfohlen, bei denen ein direkter Kontakt mit Lebensmitteln unvermeidlich sein kann. Das d\u00fcnnfl\u00fcssigere JAX Trolley-Glide FG-3H XLT wurde speziell f\u00fcr den Einsatz in M&amp;M-Schmierger\u00e4ten entwickelt, die h\u00e4ufig in Gefl\u00fcgelverarbeitungsanlagen verwendet werden.<\/p>\n<p>JAX Trolley-Glide FG-3H ist so formuliert, dass es mit den Metallurgien kompatibel ist, die typischerweise in Laufkatzen und H\u00e4ngeketten vorkommen. Dar\u00fcber hinaus reagiert es synergetisch mit Abwaschmitteln, um die Entfernung von Schmutz, Tierhaaren und -fetten sowie von zuvor verwendeten Schmiermitteln zu unterst\u00fctzen.<\/p>\n","protected":false},"excerpt":{"rendered":"<p><strong>Jax Trolley-Glide FG-3H<\/strong> ist eine Branchenneuheit bei der Schmierung von Trolleys in Lebensmittelqualit\u00e4t.<\/p>\n","protected":false},"featured_media":2929,"comment_status":"open","ping_status":"closed","template":"","meta":{"_acf_changed":false},"product_brand":[],"product_cat":[353,640,370,372,354],"product_tag":[],"class_list":{"0":"post-4104","1":"product","2":"type-product","3":"status-publish","4":"has-post-thumbnail","6":"product_cat-industrie-schmierstoffe","7":"product_cat-jax","8":"product_cat-lebensmittelindustrie","9":"product_cat-lebensmitteltechnische-schmierstoffe","10":"product_cat-ol","11":"pa_brands-jax-de","13":"first","14":"instock","15":"shipping-taxable","16":"product-type-simple"},"acf":[],"_yoast_wpseo_focuskw":"JAX Trolley-Glide FG-3H","_yoast_wpseo_metadesc":"Jax Trolley-Glide FG-3H ist eine Branchenneuheit bei der Schmierung von Trolleys in Lebensmittelqualit\u00e4t.","yoast_head":"<!-- This site is optimized with the Yoast SEO Premium plugin v21.6 (Yoast SEO v27.4) - https:\/\/yoast.com\/product\/yoast-seo-premium-wordpress\/ -->\n<title>Jax Trolley-Glide FG-3H - ISO 22 - CREDIMEX<\/title>\n<meta name=\"description\" content=\"Jax Trolley-Glide FG-3H ist eine Branchenneuheit bei der Schmierung von Trolleys in Lebensmittelqualit\u00e4t.\" \/>\n<meta name=\"robots\" content=\"index, follow, max-snippet:-1, max-image-preview:large, max-video-preview:-1\" \/>\n<link rel=\"canonical\" href=\"https:\/\/www.credimex.ch\/de\/produkt\/jax-wagen-glide-fg-3h\/\" \/>\n<meta property=\"og:locale\" content=\"de_DE\" \/>\n<meta property=\"og:type\" content=\"article\" \/>\n<meta property=\"og:title\" content=\"Jax Trolley-Glide FG-3H - ISO 22\" \/>\n<meta property=\"og:description\" content=\"Jax Trolley-Glide FG-3H ist eine Branchenneuheit bei der Schmierung von Trolleys in Lebensmittelqualit\u00e4t.\" \/>\n<meta property=\"og:url\" content=\"https:\/\/www.credimex.ch\/de\/produkt\/jax-wagen-glide-fg-3h\/\" \/>\n<meta property=\"og:site_name\" content=\"CREDIMEX\" \/>\n<meta property=\"article:publisher\" content=\"https:\/\/www.facebook.com\/credimex.alpnach\/\" \/>\n<meta property=\"article:modified_time\" content=\"2023-02-23T14:46:00+00:00\" \/>\n<meta property=\"og:image\" content=\"https:\/\/www.credimex.ch\/wp-content\/uploads\/2022\/05\/JAX-Trolley-Glide-FG-3H.png\" \/>\n\t<meta property=\"og:image:width\" content=\"800\" \/>\n\t<meta property=\"og:image:height\" content=\"800\" \/>\n\t<meta property=\"og:image:type\" content=\"image\/png\" \/>\n<meta name=\"twitter:card\" content=\"summary_large_image\" \/>\n<meta name=\"twitter:label1\" content=\"Gesch\u00e4tzte Lesezeit\" \/>\n\t<meta name=\"twitter:data1\" content=\"2\u00a0Minuten\" \/>\n<script type=\"application\/ld+json\" class=\"yoast-schema-graph\">{\"@context\":\"https:\\\/\\\/schema.org\",\"@graph\":[{\"@type\":\"WebPage\",\"@id\":\"https:\\\/\\\/www.credimex.ch\\\/de\\\/produkt\\\/jax-wagen-glide-fg-3h\\\/\",\"url\":\"https:\\\/\\\/www.credimex.ch\\\/de\\\/produkt\\\/jax-wagen-glide-fg-3h\\\/\",\"name\":\"Jax Trolley-Glide FG-3H - ISO 22 - CREDIMEX\",\"isPartOf\":{\"@id\":\"https:\\\/\\\/www.credimex.ch\\\/de\\\/#website\"},\"primaryImageOfPage\":{\"@id\":\"https:\\\/\\\/www.credimex.ch\\\/de\\\/produkt\\\/jax-wagen-glide-fg-3h\\\/#primaryimage\"},\"image\":{\"@id\":\"https:\\\/\\\/www.credimex.ch\\\/de\\\/produkt\\\/jax-wagen-glide-fg-3h\\\/#primaryimage\"},\"thumbnailUrl\":\"https:\\\/\\\/www.credimex.ch\\\/wp-content\\\/uploads\\\/2022\\\/05\\\/JAX-Trolley-Glide-FG-3H.png\",\"datePublished\":\"2022-05-17T08:45:45+00:00\",\"dateModified\":\"2023-02-23T14:46:00+00:00\",\"description\":\"Jax Trolley-Glide FG-3H ist eine Branchenneuheit bei der Schmierung von Trolleys in Lebensmittelqualit\u00e4t.\",\"breadcrumb\":{\"@id\":\"https:\\\/\\\/www.credimex.ch\\\/de\\\/produkt\\\/jax-wagen-glide-fg-3h\\\/#breadcrumb\"},\"inLanguage\":\"de\",\"potentialAction\":[{\"@type\":\"ReadAction\",\"target\":[\"https:\\\/\\\/www.credimex.ch\\\/de\\\/produkt\\\/jax-wagen-glide-fg-3h\\\/\"]}]},{\"@type\":\"ImageObject\",\"inLanguage\":\"de\",\"@id\":\"https:\\\/\\\/www.credimex.ch\\\/de\\\/produkt\\\/jax-wagen-glide-fg-3h\\\/#primaryimage\",\"url\":\"https:\\\/\\\/www.credimex.ch\\\/wp-content\\\/uploads\\\/2022\\\/05\\\/JAX-Trolley-Glide-FG-3H.png\",\"contentUrl\":\"https:\\\/\\\/www.credimex.ch\\\/wp-content\\\/uploads\\\/2022\\\/05\\\/JAX-Trolley-Glide-FG-3H.png\",\"width\":800,\"height\":800},{\"@type\":\"BreadcrumbList\",\"@id\":\"https:\\\/\\\/www.credimex.ch\\\/de\\\/produkt\\\/jax-wagen-glide-fg-3h\\\/#breadcrumb\",\"itemListElement\":[{\"@type\":\"ListItem\",\"position\":1,\"name\":\"Home\",\"item\":\"https:\\\/\\\/www.credimex.ch\\\/de\\\/\"},{\"@type\":\"ListItem\",\"position\":2,\"name\":\"Produkte\",\"item\":\"https:\\\/\\\/www.credimex.ch\\\/de\\\/produkte\\\/\"},{\"@type\":\"ListItem\",\"position\":3,\"name\":\"Jax Trolley-Glide FG-3H &#8211; ISO 22\"}]},{\"@type\":\"WebSite\",\"@id\":\"https:\\\/\\\/www.credimex.ch\\\/de\\\/#website\",\"url\":\"https:\\\/\\\/www.credimex.ch\\\/de\\\/\",\"name\":\"CREDIMEX\",\"description\":\"Partner of Swiss Industrial Market\",\"publisher\":{\"@id\":\"https:\\\/\\\/www.credimex.ch\\\/de\\\/#organization\"},\"potentialAction\":[{\"@type\":\"SearchAction\",\"target\":{\"@type\":\"EntryPoint\",\"urlTemplate\":\"https:\\\/\\\/www.credimex.ch\\\/de\\\/?s={search_term_string}\"},\"query-input\":{\"@type\":\"PropertyValueSpecification\",\"valueRequired\":true,\"valueName\":\"search_term_string\"}}],\"inLanguage\":\"de\"},{\"@type\":\"Organization\",\"@id\":\"https:\\\/\\\/www.credimex.ch\\\/de\\\/#organization\",\"name\":\"credimex\",\"url\":\"https:\\\/\\\/www.credimex.ch\\\/de\\\/\",\"logo\":{\"@type\":\"ImageObject\",\"inLanguage\":\"de\",\"@id\":\"https:\\\/\\\/www.credimex.ch\\\/de\\\/#\\\/schema\\\/logo\\\/image\\\/\",\"url\":\"https:\\\/\\\/www.credimex.ch\\\/wp-content\\\/uploads\\\/2022\\\/03\\\/cropped-logo-credimex.png\",\"contentUrl\":\"https:\\\/\\\/www.credimex.ch\\\/wp-content\\\/uploads\\\/2022\\\/03\\\/cropped-logo-credimex.png\",\"width\":512,\"height\":512,\"caption\":\"credimex\"},\"image\":{\"@id\":\"https:\\\/\\\/www.credimex.ch\\\/de\\\/#\\\/schema\\\/logo\\\/image\\\/\"},\"sameAs\":[\"https:\\\/\\\/www.facebook.com\\\/credimex.alpnach\\\/\",\"https:\\\/\\\/www.linkedin.com\\\/company\\\/credimex\\\/\",\"https:\\\/\\\/www.youtube.com\\\/@CREDIMEX?sub_confirmation=1\"]}]}<\/script>\n<!-- \/ Yoast SEO Premium plugin. -->","yoast_head_json":{"title":"Jax Trolley-Glide FG-3H - ISO 22 - CREDIMEX","description":"Jax Trolley-Glide FG-3H ist eine Branchenneuheit bei der Schmierung von Trolleys in Lebensmittelqualit\u00e4t.","robots":{"index":"index","follow":"follow","max-snippet":"max-snippet:-1","max-image-preview":"max-image-preview:large","max-video-preview":"max-video-preview:-1"},"canonical":"https:\/\/www.credimex.ch\/de\/produkt\/jax-wagen-glide-fg-3h\/","og_locale":"de_DE","og_type":"article","og_title":"Jax Trolley-Glide FG-3H - ISO 22","og_description":"Jax Trolley-Glide FG-3H ist eine Branchenneuheit bei der Schmierung von Trolleys in Lebensmittelqualit\u00e4t.","og_url":"https:\/\/www.credimex.ch\/de\/produkt\/jax-wagen-glide-fg-3h\/","og_site_name":"CREDIMEX","article_publisher":"https:\/\/www.facebook.com\/credimex.alpnach\/","article_modified_time":"2023-02-23T14:46:00+00:00","og_image":[{"width":800,"height":800,"url":"https:\/\/www.credimex.ch\/wp-content\/uploads\/2022\/05\/JAX-Trolley-Glide-FG-3H.png","type":"image\/png"}],"twitter_card":"summary_large_image","twitter_misc":{"Gesch\u00e4tzte Lesezeit":"2\u00a0Minuten"},"schema":{"@context":"https:\/\/schema.org","@graph":[{"@type":"WebPage","@id":"https:\/\/www.credimex.ch\/de\/produkt\/jax-wagen-glide-fg-3h\/","url":"https:\/\/www.credimex.ch\/de\/produkt\/jax-wagen-glide-fg-3h\/","name":"Jax Trolley-Glide FG-3H - ISO 22 - CREDIMEX","isPartOf":{"@id":"https:\/\/www.credimex.ch\/de\/#website"},"primaryImageOfPage":{"@id":"https:\/\/www.credimex.ch\/de\/produkt\/jax-wagen-glide-fg-3h\/#primaryimage"},"image":{"@id":"https:\/\/www.credimex.ch\/de\/produkt\/jax-wagen-glide-fg-3h\/#primaryimage"},"thumbnailUrl":"https:\/\/www.credimex.ch\/wp-content\/uploads\/2022\/05\/JAX-Trolley-Glide-FG-3H.png","datePublished":"2022-05-17T08:45:45+00:00","dateModified":"2023-02-23T14:46:00+00:00","description":"Jax Trolley-Glide FG-3H ist eine Branchenneuheit bei der Schmierung von Trolleys in Lebensmittelqualit\u00e4t.","breadcrumb":{"@id":"https:\/\/www.credimex.ch\/de\/produkt\/jax-wagen-glide-fg-3h\/#breadcrumb"},"inLanguage":"de","potentialAction":[{"@type":"ReadAction","target":["https:\/\/www.credimex.ch\/de\/produkt\/jax-wagen-glide-fg-3h\/"]}]},{"@type":"ImageObject","inLanguage":"de","@id":"https:\/\/www.credimex.ch\/de\/produkt\/jax-wagen-glide-fg-3h\/#primaryimage","url":"https:\/\/www.credimex.ch\/wp-content\/uploads\/2022\/05\/JAX-Trolley-Glide-FG-3H.png","contentUrl":"https:\/\/www.credimex.ch\/wp-content\/uploads\/2022\/05\/JAX-Trolley-Glide-FG-3H.png","width":800,"height":800},{"@type":"BreadcrumbList","@id":"https:\/\/www.credimex.ch\/de\/produkt\/jax-wagen-glide-fg-3h\/#breadcrumb","itemListElement":[{"@type":"ListItem","position":1,"name":"Home","item":"https:\/\/www.credimex.ch\/de\/"},{"@type":"ListItem","position":2,"name":"Produkte","item":"https:\/\/www.credimex.ch\/de\/produkte\/"},{"@type":"ListItem","position":3,"name":"Jax Trolley-Glide FG-3H &#8211; ISO 22"}]},{"@type":"WebSite","@id":"https:\/\/www.credimex.ch\/de\/#website","url":"https:\/\/www.credimex.ch\/de\/","name":"CREDIMEX","description":"Partner of Swiss Industrial Market","publisher":{"@id":"https:\/\/www.credimex.ch\/de\/#organization"},"potentialAction":[{"@type":"SearchAction","target":{"@type":"EntryPoint","urlTemplate":"https:\/\/www.credimex.ch\/de\/?s={search_term_string}"},"query-input":{"@type":"PropertyValueSpecification","valueRequired":true,"valueName":"search_term_string"}}],"inLanguage":"de"},{"@type":"Organization","@id":"https:\/\/www.credimex.ch\/de\/#organization","name":"credimex","url":"https:\/\/www.credimex.ch\/de\/","logo":{"@type":"ImageObject","inLanguage":"de","@id":"https:\/\/www.credimex.ch\/de\/#\/schema\/logo\/image\/","url":"https:\/\/www.credimex.ch\/wp-content\/uploads\/2022\/03\/cropped-logo-credimex.png","contentUrl":"https:\/\/www.credimex.ch\/wp-content\/uploads\/2022\/03\/cropped-logo-credimex.png","width":512,"height":512,"caption":"credimex"},"image":{"@id":"https:\/\/www.credimex.ch\/de\/#\/schema\/logo\/image\/"},"sameAs":["https:\/\/www.facebook.com\/credimex.alpnach\/","https:\/\/www.linkedin.com\/company\/credimex\/","https:\/\/www.youtube.com\/@CREDIMEX?sub_confirmation=1"]}]}},"_links":{"self":[{"href":"https:\/\/www.credimex.ch\/de\/wp-json\/wp\/v2\/product\/4104","targetHints":{"allow":["GET"]}}],"collection":[{"href":"https:\/\/www.credimex.ch\/de\/wp-json\/wp\/v2\/product"}],"about":[{"href":"https:\/\/www.credimex.ch\/de\/wp-json\/wp\/v2\/types\/product"}],"replies":[{"embeddable":true,"href":"https:\/\/www.credimex.ch\/de\/wp-json\/wp\/v2\/comments?post=4104"}],"wp:featuredmedia":[{"embeddable":true,"href":"https:\/\/www.credimex.ch\/de\/wp-json\/wp\/v2\/media\/2929"}],"wp:attachment":[{"href":"https:\/\/www.credimex.ch\/de\/wp-json\/wp\/v2\/media?parent=4104"}],"wp:term":[{"taxonomy":"product_brand","embeddable":true,"href":"https:\/\/www.credimex.ch\/de\/wp-json\/wp\/v2\/product_brand?post=4104"},{"taxonomy":"product_cat","embeddable":true,"href":"https:\/\/www.credimex.ch\/de\/wp-json\/wp\/v2\/product_cat?post=4104"},{"taxonomy":"product_tag","embeddable":true,"href":"https:\/\/www.credimex.ch\/de\/wp-json\/wp\/v2\/product_tag?post=4104"}],"curies":[{"name":"wp","href":"https:\/\/api.w.org\/{rel}","templated":true}]}}